{"id":15166,"date":"2015-04-08T12:47:43","date_gmt":"2015-04-08T12:47:43","guid":{"rendered":"https:\/\/www.sisinternational.com\/?page_id=15166"},"modified":"2025-09-07T20:59:48","modified_gmt":"2025-09-08T00:59:48","slug":"intelligenza-del-mercato","status":"publish","type":"page","link":"https:\/\/www.sisinternational.com\/it\/soluzioni\/consulenza-strategica\/intelligenza-del-mercato\/","title":{"rendered":"Intelligenza del mercato"},"content":{"rendered":"<h1 class=\"wp-block-heading\">Societ\u00e0 di analisi del mercato<\/h1>\n\n\n\n<figure class=\"gb-block-image gb-block-image-68cf6f57\"><img loading=\"lazy\" decoding=\"async\" width=\"1456\" height=\"816\" class=\"gb-image gb-image-68cf6f57\" src=\"https:\/\/www.sisinternational.com\/wp-content\/uploads\/2025\/08\/Desk-research-1.jpg\" srcset=\"https:\/\/www.sisinternational.com\/wp-content\/uploads\/2025\/08\/Desk-research-1.jpg 1456w, https:\/\/www.sisinternational.com\/wp-content\/uploads\/2025\/08\/Desk-research-1-300x168.jpg 300w, https:\/\/www.sisinternational.com\/wp-content\/uploads\/2025\/08\/Desk-research-1-1024x574.jpg 1024w, https:\/\/www.sisinternational.com\/wp-content\/uploads\/2025\/08\/Desk-research-1-768x430.jpg 768w, https:\/\/www.sisinternational.com\/wp-content\/uploads\/2025\/08\/Desk-research-1-18x10.jpg 18w\" sizes=\"auto, (max-width: 1456px) 100vw, 1456px\" alt=\"Ricerca e strategia di mercato internazionale SIS\"><\/figure>\n\n\n\n<p><\/p>\n\n\n\n<h2 class=\"wp-block-heading\">Cos&#039;\u00e8 l&#039;intelligenza del mercato?<\/h2>\n\n\n\n<p>La Market Intelligence \u00e8 un processo attraverso il quale tutte le informazioni rilevanti per i mercati di un&#039;azienda vengono raccolte e analizzate per supportare e prendere decisioni migliori.<\/p>\n\n\n\n<p>To be successful, a company must know its market inside and out.&nbsp; With this insight, companies are able to rapidly&nbsp;launch products or services, determine profitable customer segments, adjust pricing, evaluate the supply chain and distribution channels, and make many other important decisions.<\/p>\n\n\n\n<p>Sebbene il concetto di Market Intelligence sia intuitivo e diretto, lo sforzo che sta dietro \u00e8 complesso e senza fine.<\/p>\n\n\n\n<h2 class=\"wp-block-heading\">Quando viene utilizzata la Market Intelligence?<\/h2>\n\n\n\n<p>MI is often used when a company is seeking to enter a new market, or <a href=\"https:\/\/www.sisinternational.com\/it\/espandere-la-portata-del-mercato-attraverso-una-strategia-di-marketing-articolata\/\" title=\"Espansione della portata del mercato attraverso una strategia di marketing multiforme\"  data-wpil-monitor-id=\"8542\">expand into an existing market<\/a>.<\/p>\n\n\n\n<p>Una semplice matrice 2\u00d72 offre un utile aiuto visivo:<\/p>\n\n\n\n<figure class=\"wp-block-table\"><table class=\"has-fixed-layout\"><tbody><tr><td>&nbsp;<\/td><td>Mercato ESISTENTE<\/td><td>Nuovo mercato<\/td><\/tr><tr><td>Prodotto ESISTENTE<\/td><td>&nbsp;<\/td><td>&nbsp;<\/td><\/tr><tr><td>Nuovo prodotto<\/td><td>&nbsp;<\/td><td>&nbsp;<\/td><\/tr><\/tbody><\/table><\/figure>\n\n\n\n<p>A seconda di quale delle quattro celle viene controllata, la direzione e i requisiti del processo dovrebbero andare a posto.<\/p>\n\n\n\n<h2 class=\"wp-block-heading\">Come viene condotta la Market Intelligence?<\/h2>\n\n\n\n<p>La MI dovrebbe sempre iniziare con una serie chiara di obiettivi seguiti da una serie di domande le cui risposte guideranno gli utenti a intraprendere le azioni appropriate. Idealmente le domande dovrebbero essere poste solo se si \u00e8 gi\u00e0 considerato attentamente come ciascuna risposta informer\u00e0 una decisione.<\/p>\n\n\n\n<p>Ecco un esempio di obiettivi e domande di esempio.<\/p>\n\n\n\n<ul class=\"wp-block-list\">\n<li><strong>Opportunit\u00e0<\/strong>\n<ul class=\"wp-block-list\">\n<li>Ci sono bisogni non soddisfatti nel mercato?<\/li>\n\n\n\n<li>Esistono prodotti\/servizi alternativi?<\/li>\n\n\n\n<li>Is the <a href=\"https:\/\/www.sisinternational.com\/it\/compagnie-aeree-low-cost-nel-settore-dellaviazione\/\" title=\"Ricerche di mercato sulle compagnie aeree low cost\"  data-wpil-monitor-id=\"8537\">market national or global<\/a> in scope?<\/li>\n\n\n\n<li>What is the current <a href=\"https:\/\/www.sisinternational.com\/it\/soluzioni\/consulenza-strategica\/studi-di-dimensionamento-della-fattibilita-dellingresso-nel-mercato\/\" title=\"Ingresso nel mercato, studi di fattibilit\u00e0 e dimensionamento\"  data-wpil-monitor-id=\"8543\">size of the market<\/a>?<\/li>\n\n\n\n<li>What is the estimated <a href=\"https:\/\/www.sisinternational.com\/it\/soluzioni\/ricerche-di-mercato-sulla-crescita-aziendale-internazionale\/\" title=\"Ricerche di mercato sulla crescita aziendale internazionale\"  data-wpil-monitor-id=\"8540\">growth of the market<\/a>?<\/li>\n\n\n\n<li>Quali opportunit\u00e0 di cross-marketing esistono, se ce ne sono?<\/li>\n<\/ul>\n<\/li>\n\n\n\n<li><strong>Minacce<\/strong>\n<ul class=\"wp-block-list\">\n<li>Cosa pu\u00f2 far deragliare i tuoi obiettivi?<\/li>\n<\/ul>\n<\/li>\n\n\n\n<li><strong>Tendenze<\/strong>\n<ul class=\"wp-block-list\">\n<li>Cosa c\u2019\u00e8 di nuovo che potrebbe avere un impatto sul successo?<\/li>\n<\/ul>\n<\/li>\n\n\n\n<li><strong>Concorrenti attuali e potenziali<\/strong>\n<ul class=\"wp-block-list\">\n<li>Chi sono\/chi potrebbero essere?<\/li>\n<\/ul>\n<\/li>\n\n\n\n<li><strong>Nuovi fornitori o distributori<\/strong>\n<ul class=\"wp-block-list\">\n<li>C\u2019\u00e8 bisogno di fonti alternative?<\/li>\n\n\n\n<li>Chi e dove sono?<\/li>\n<\/ul>\n<\/li>\n\n\n\n<li><strong>Clienti<\/strong>\n<ul class=\"wp-block-list\">\n<li>Saranno gli stessi o includeranno nuove prospettive?<\/li>\n\n\n\n<li>Quali prezzi sono o saranno accettabili?<\/li>\n<\/ul>\n<\/li>\n\n\n\n<li><strong><a href=\"https:\/\/www.sisinternational.com\/it\/strategie-di-ingresso-nel-mercato-b2b\/\" title=\"Strategie di ingresso nel mercato B2B\"  data-wpil-monitor-id=\"8541\">Strategie di ingresso e penetrazione<\/a><\/strong>\n<ul class=\"wp-block-list\">\n<li>Quali saranno e in cosa differiranno da quelli attuali?<\/li>\n<\/ul>\n<\/li>\n<\/ul>\n\n\n\n<h2 class=\"wp-block-heading\">Approcci di market intelligence<\/h2>\n\n\n\n<p>Una volta chiariti e concordati gli obiettivi, \u00e8 possibile delineare un piano per combinare al meglio gli strumenti di raccolta delle informazioni con un metodo per integrare e analizzare i risultati.<\/p>\n\n\n\n<ul class=\"wp-block-list\">\n<li><strong>Ricerca secondaria<\/strong> il coinvolgimento di fonti pubbliche prontamente disponibili come articoli di notizie, comunicati stampa, rendiconti finanziari e persino annunci di lavoro o immobiliari pu\u00f2 fornire un utile punto di partenza con una panoramica del mercato, delle tendenze, delle principali aziende e individui.<\/li>\n\n\n\n<li><strong>Social media e Big Data<\/strong> are gaining popularity as additional sources of information that may be incorporated into an overall <a href=\"https:\/\/www.sisinternational.com\/it\/soluzioni\/soluzioni-di-branding-e-ricerca-clienti\/cose-linfluencer-marketing\/\" title=\"Cos\u2019\u00e8 l\u2019Influencer Marketing? Social media marketing?\"  data-wpil-monitor-id=\"8544\">market<\/a> analysis, although it may be a challenge to determine how to extract meaning from them.<\/li>\n\n\n\n<li><strong>Conferenze e fiere<\/strong> also offer fertile ground for quickly gaining <a href=\"https:\/\/www.sisinternational.com\/it\/how-to-conduct-in-depth-interviews-for-market-insights\/\" title=\"Come condurre interviste approfondite per ottenere informazioni di mercato\"  data-wpil-monitor-id=\"8539\">insights into a market<\/a>, competitors, customer needs and trends.<\/li>\n\n\n\n<li><strong>Business Intelligence (BI), Competitive Intelligence (CI) e ricerche di mercato (MR)<\/strong> spesso si sovrappongono e possono essere utilizzati contemporaneamente al MI per ottenere un quadro pi\u00f9 completo del mercato, dei suoi principali attori\/concorrenza e dei potenziali clienti.\n<ul class=\"wp-block-list\">\n<li>Business intelligence tends to involve internally collected data, e.g. sales, production, budgets, while CI focuses externally, on specific competitors, and MR on <a href=\"https:\/\/www.sisinternational.com\/it\/competenza\/industrie\/voce-delle-bevande-alimentari-della-ricerca-di-mercato-dei-clienti\/\" title=\"La voce del cliente nel settore alimentare e delle bevande. Ricerche di mercato\"  data-wpil-monitor-id=\"8538\">customers and the environment of the market<\/a>.<\/li>\n<\/ul>\n<\/li>\n<\/ul>\n\n\n\n<h2 class=\"wp-block-heading\">&nbsp;<\/h2>\n\n\n\n<h2 class=\"wp-block-heading\">Gestire l&#039;intelligence del mercato<\/h2>\n\n\n\n<p>Tenere traccia di tutte le informazioni incluse nella market intelligence pu\u00f2 diventare dispendioso in termini di tempo e stressante.<\/p>\n\n\n\n<ul class=\"wp-block-list\">\n<li><strong>Avere una serie di priorit\u00e0<\/strong> combinato con regole o filtri pu\u00f2 organizzare e ridurre il sovraccarico di informazioni e renderlo pi\u00f9 gestibile.<\/li>\n\n\n\n<li><strong>Software e strumenti online<\/strong> esistono per aiutarti a raccogliere, analizzare e archiviare le tue informazioni di mercato, spesso vale la pena esternalizzare determinate attivit\u00e0 a un&#039;azienda terza in grado di gestire tutti questi requisiti e fornire feedback imparziali sulle azioni ottimali da intraprendere.\n<ul class=\"wp-block-list\">\n<li>Diverse aziende esterne forniscono e consentono di supervisionare un mix di strumenti MR, BI, CI e MI e quindi possono essere utili nella raccolta e nell&#039;analisi delle informazioni.<\/li>\n\n\n\n<li>Inoltre, aziende cos\u00ec esperte possono supportarti per essere sicuri che tu e i tuoi colleghi abbiate pensato a tutte le aree importanti delle informazioni di cui avete bisogno, nonch\u00e9 a un quadro per integrarle.<\/li>\n<\/ul>\n<\/li>\n\n\n\n<li>Avere un\u2019alta qualit\u00e0 e quantit\u00e0 di informazioni non \u00e8 sufficiente. <strong>Analisi abile<\/strong> \u00e8 importante trasformarlo in intelligenza che costituisca il fondamento di decisioni ottimali.<\/li>\n<\/ul>","protected":false},"excerpt":{"rendered":"<p>Learn more about Market Intelligence and how it can benefit your organization&#8217;s strategy and performance.<\/p>","protected":false},"author":1,"featured_media":62798,"parent":14567,"menu_order":3,"comment_status":"open","ping_status":"open","template":"","meta":{"footnotes":""},"class_list":["post-15166","page","type-page","status-publish","has-post-thumbnail"],"_links":{"self":[{"href":"https:\/\/www.sisinternational.com\/it\/wp-json\/wp\/v2\/pages\/15166","targetHints":{"allow":["GET"]}}],"collection":[{"href":"https:\/\/www.sisinternational.com\/it\/wp-json\/wp\/v2\/pages"}],"about":[{"href":"https:\/\/www.sisinternational.com\/it\/wp-json\/wp\/v2\/types\/page"}],"author":[{"embeddable":true,"href":"https:\/\/www.sisinternational.com\/it\/wp-json\/wp\/v2\/users\/1"}],"replies":[{"embeddable":true,"href":"https:\/\/www.sisinternational.com\/it\/wp-json\/wp\/v2\/comments?post=15166"}],"version-history":[{"count":5,"href":"https:\/\/www.sisinternational.com\/it\/wp-json\/wp\/v2\/pages\/15166\/revisions"}],"predecessor-version":[{"id":81432,"href":"https:\/\/www.sisinternational.com\/it\/wp-json\/wp\/v2\/pages\/15166\/revisions\/81432"}],"up":[{"embeddable":true,"href":"https:\/\/www.sisinternational.com\/it\/wp-json\/wp\/v2\/pages\/14567"}],"wp:featuredmedia":[{"embeddable":true,"href":"https:\/\/www.sisinternational.com\/it\/wp-json\/wp\/v2\/media\/62798"}],"wp:attachment":[{"href":"https:\/\/www.sisinternational.com\/it\/wp-json\/wp\/v2\/media?parent=15166"}],"curies":[{"name":"wp","href":"https:\/\/api.w.org\/{rel}","templated":true}]}}