{"id":14650,"date":"2015-03-15T06:46:09","date_gmt":"2015-03-15T06:46:09","guid":{"rendered":"https:\/\/www.sisinternational.com\/?page_id=14650"},"modified":"2025-09-12T19:20:46","modified_gmt":"2025-09-12T23:20:46","slug":"soluzioni-di-branding-e-ricerca-clienti","status":"publish","type":"page","link":"https:\/\/www.sisinternational.com\/it\/soluzioni\/soluzioni-di-branding-e-ricerca-clienti\/","title":{"rendered":"Soluzioni di branding e ricerca clienti"},"content":{"rendered":"<h1 class=\"wp-block-heading\">Soluzioni di branding e ricerca clienti<\/h1>\n\n\n\n<figure class=\"gb-block-image gb-block-image-eba6e7ca\"><img loading=\"lazy\" decoding=\"async\" width=\"1456\" height=\"816\" class=\"gb-image gb-image-eba6e7ca\" src=\"https:\/\/www.sisinternational.com\/wp-content\/uploads\/2025\/08\/Desk-research-5.jpg\" alt=\"Ricerca e strategia di mercato internazionale SIS\" title=\"Desk research (5)\" srcset=\"https:\/\/www.sisinternational.com\/wp-content\/uploads\/2025\/08\/Desk-research-5.jpg 1456w, https:\/\/www.sisinternational.com\/wp-content\/uploads\/2025\/08\/Desk-research-5-300x168.jpg 300w, https:\/\/www.sisinternational.com\/wp-content\/uploads\/2025\/08\/Desk-research-5-1024x574.jpg 1024w, https:\/\/www.sisinternational.com\/wp-content\/uploads\/2025\/08\/Desk-research-5-768x430.jpg 768w, https:\/\/www.sisinternational.com\/wp-content\/uploads\/2025\/08\/Desk-research-5-18x10.jpg 18w\" sizes=\"auto, (max-width: 1456px) 100vw, 1456px\"><\/figure>\n\n\n\n<p><\/p>\n\n\n\n<hr class=\"wp-block-separator has-alpha-channel-opacity is-style-dots\"\/>\n\n\n\n<p class=\"p1\">\n<!-- Page-list plugin v.5.9 wordpress.org\/plugins\/page-list\/ -->\n<div class=\"page-list page-list-ext page-list-cols-2\">\n<div class=\"page-list-ext-item\"><div class=\"page-list-ext-image\"><a href=\"https:\/\/www.sisinternational.com\/it\/soluzioni\/soluzioni-di-branding-e-ricerca-clienti\/ricerca-sui-clienti-del-marchio\/\" title=\"Marchio e ricerca sui clienti\"><img decoding=\"async\" src=\"https:\/\/www.sisinternational.com\/wp-content\/uploads\/2025\/08\/Customer-shopping-2-150x150.jpg\" width=\"150\" alt=\"Marchio e ricerca sui clienti\" \/><\/a><\/div> <h3 class=\"page-list-ext-title\"><a href=\"https:\/\/www.sisinternational.com\/it\/soluzioni\/soluzioni-di-branding-e-ricerca-clienti\/ricerca-sui-clienti-del-marchio\/\" title=\"Marchio e ricerca sui clienti\">Marchio e ricerca sui clienti<\/a><\/h3><div class=\"page-list-ext-item-content\">La ricerca sul branding e sui clienti scopre nuove intuizioni che possono favorire coinvolgimento e profitto.<\/div><\/div>\n<div class=\"page-list-ext-item\"><h3 class=\"page-list-ext-title\"><a href=\"https:\/\/www.sisinternational.com\/it\/soluzioni\/soluzioni-di-branding-e-ricerca-clienti\/gestione-del-ciclo-di-vita\/\" title=\"Ricerche di mercato sul ciclo di vita\">Ricerche di mercato sul ciclo di vita<\/a><\/h3><div class=\"page-list-ext-item-content\">La gestione del ciclo di vita implica la gestione degli elementi di un prodotto o di un cliente attraverso varie fasi di sviluppo.<\/div><\/div>\n<div class=\"page-list-ext-item\"><div class=\"page-list-ext-image\"><a href=\"https:\/\/www.sisinternational.com\/it\/soluzioni\/soluzioni-di-branding-e-ricerca-clienti\/mappatura-del-percorso-del-cliente\/\" title=\"Mappatura del percorso del cliente\"><img decoding=\"async\" src=\"https:\/\/www.sisinternational.com\/wp-content\/uploads\/2025\/08\/Retail-5-150x150.jpg\" width=\"150\" alt=\"Mappatura del percorso del cliente\" \/><\/a><\/div> <h3 class=\"page-list-ext-title\"><a href=\"https:\/\/www.sisinternational.com\/it\/soluzioni\/soluzioni-di-branding-e-ricerca-clienti\/mappatura-del-percorso-del-cliente\/\" title=\"Mappatura del percorso del cliente\">Mappatura del percorso del cliente<\/a><\/h3><div class=\"page-list-ext-item-content\">La Journey Mapping identifica opportunit\u00e0 di crescita, Customer Satisfaction e Customer Loyalty. Ulteriori informazioni sulla mappatura del percorso del cliente.<\/div><\/div>\n<div class=\"page-list-ext-item\"><div class=\"page-list-ext-image\"><a href=\"https:\/\/www.sisinternational.com\/it\/soluzioni\/soluzioni-di-branding-e-ricerca-clienti\/ricerche-di-mercato-al-dettaglio\/\" title=\"Ricerche di mercato al dettaglio | Ricerche di mercato in negozio\"><img decoding=\"async\" src=\"https:\/\/www.sisinternational.com\/wp-content\/uploads\/2025\/08\/Retail-22-150x150.jpg\" width=\"150\" alt=\"Ricerche di mercato al dettaglio | Ricerche di mercato in negozio\" \/><\/a><\/div> <h3 class=\"page-list-ext-title\"><a href=\"https:\/\/www.sisinternational.com\/it\/soluzioni\/soluzioni-di-branding-e-ricerca-clienti\/ricerche-di-mercato-al-dettaglio\/\" title=\"Ricerche di mercato al dettaglio | Ricerche di mercato in negozio\">Ricerche di mercato al dettaglio | Ricerche di mercato in negozio<\/a><\/h3><div class=\"page-list-ext-item-content\">Effettuiamo audit dei negozi, intercettazioni dei negozi, acquisti e interviste etnografiche.<\/div><\/div>\n<div class=\"page-list-ext-item\"><div class=\"page-list-ext-image\"><a href=\"https:\/\/www.sisinternational.com\/it\/soluzioni\/soluzioni-di-branding-e-ricerca-clienti\/fare-acquisti-lungo-la-ricerca\/\" title=\"Ricerche di mercato di tipo ShopAlong\"><img decoding=\"async\" src=\"https:\/\/www.sisinternational.com\/wp-content\/uploads\/2025\/08\/Supermarket-5-150x150.jpg\" width=\"150\" alt=\"Ricerche di mercato di tipo ShopAlong\" \/><\/a><\/div> <h3 class=\"page-list-ext-title\"><a href=\"https:\/\/www.sisinternational.com\/it\/soluzioni\/soluzioni-di-branding-e-ricerca-clienti\/fare-acquisti-lungo-la-ricerca\/\" title=\"Ricerche di mercato di tipo ShopAlong\">Ricerche di mercato di tipo ShopAlong<\/a><\/h3><div class=\"page-list-ext-item-content\">La ricerca di mercato Shop-Along esamina il comportamento di acquisto effettivo piuttosto che il comportamento ricordato e riportato dopo l&#039;evento.<\/div><\/div>\n<div class=\"page-list-ext-item\"><div class=\"page-list-ext-image\"><a href=\"https:\/\/www.sisinternational.com\/it\/soluzioni\/soluzioni-di-branding-e-ricerca-clienti\/ricerca-del-layout-del-negozio\/\" title=\"Ricerca sul layout del negozio\"><img decoding=\"async\" src=\"https:\/\/www.sisinternational.com\/wp-content\/uploads\/2025\/08\/Retail-26-150x150.jpg\" width=\"150\" alt=\"Ricerca sul layout del negozio\" \/><\/a><\/div> <h3 class=\"page-list-ext-title\"><a href=\"https:\/\/www.sisinternational.com\/it\/soluzioni\/soluzioni-di-branding-e-ricerca-clienti\/ricerca-del-layout-del-negozio\/\" title=\"Ricerca sul layout del negozio\">Ricerca sul layout del negozio<\/a><\/h3><div class=\"page-list-ext-item-content\">Scopri come la mappatura del layout del negozio pu\u00f2 massimizzare i profitti e la soddisfazione del cliente.<\/div><\/div>\n<div class=\"page-list-ext-item\"><div class=\"page-list-ext-image\"><a href=\"https:\/\/www.sisinternational.com\/it\/soluzioni\/soluzioni-di-branding-e-ricerca-clienti\/ricerca-di-mercato-del-marchio\/\" title=\"Ricerche di mercato sui marchi\"><img decoding=\"async\" src=\"https:\/\/www.sisinternational.com\/wp-content\/uploads\/2025\/08\/Retail-26-150x150.jpg\" width=\"150\" alt=\"Ricerche di mercato sui marchi\" \/><\/a><\/div> <h3 class=\"page-list-ext-title\"><a href=\"https:\/\/www.sisinternational.com\/it\/soluzioni\/soluzioni-di-branding-e-ricerca-clienti\/ricerca-di-mercato-del-marchio\/\" title=\"Ricerche di mercato sui marchi\">Ricerche di mercato sui marchi<\/a><\/h3><div class=\"page-list-ext-item-content\">I prodotti si sviluppano e si evolvono, ma un marchio continua a vivere. Scopri come costruire il tuo brand con Ricerca e Strategia. <\/div><\/div>\n<div class=\"page-list-ext-item\"><div class=\"page-list-ext-image\"><a href=\"https:\/\/www.sisinternational.com\/it\/soluzioni\/soluzioni-di-branding-e-ricerca-clienti\/ricerca-videoetnografica\/\" title=\"Ricerca etnografica video\"><img decoding=\"async\" src=\"https:\/\/www.sisinternational.com\/wp-content\/uploads\/2025\/08\/Online-focus-group-11-1-150x150.jpg\" width=\"150\" alt=\"Ricerca etnografica video\" \/><\/a><\/div> <h3 class=\"page-list-ext-title\"><a href=\"https:\/\/www.sisinternational.com\/it\/soluzioni\/soluzioni-di-branding-e-ricerca-clienti\/ricerca-videoetnografica\/\" title=\"Ricerca etnografica video\">Ricerca etnografica video<\/a><\/h3><div class=\"page-list-ext-item-content\">SIS conduce video etnografici con i consumatori di tutto il mondo.  Ci\u00f2 ti consente di ricevere rapidamente interviste video e feedback video in-home in tutto il mondo. <\/div><\/div>\n<div class=\"page-list-ext-item\"><div class=\"page-list-ext-image\"><a href=\"https:\/\/www.sisinternational.com\/it\/soluzioni\/soluzioni-di-branding-e-ricerca-clienti\/rebranding-delle-ricerche-di-mercato\/\" title=\"Ricerche di mercato sul rebranding\"><img decoding=\"async\" src=\"https:\/\/www.sisinternational.com\/wp-content\/uploads\/2025\/08\/Marketing-45-4-150x150.jpg\" width=\"150\" alt=\"Ricerche di mercato sul rebranding\" \/><\/a><\/div> <h3 class=\"page-list-ext-title\"><a href=\"https:\/\/www.sisinternational.com\/it\/soluzioni\/soluzioni-di-branding-e-ricerca-clienti\/rebranding-delle-ricerche-di-mercato\/\" title=\"Ricerche di mercato sul rebranding\">Ricerche di mercato sul rebranding<\/a><\/h3><div class=\"page-list-ext-item-content\">I marchi forti superano i marchi concorrenti. Cosa succede quando il tuo marchio invecchia o diventa obsoleto? Forniamo la ricerca per reinventare i marchi. <\/div><\/div>\n<div class=\"page-list-ext-item\"><div class=\"page-list-ext-image\"><a href=\"https:\/\/www.sisinternational.com\/it\/soluzioni\/soluzioni-di-branding-e-ricerca-clienti\/ricerche-di-mercato-sugli-influencer\/\" title=\"Ricerche di mercato sugli influencer\"><img decoding=\"async\" src=\"https:\/\/www.sisinternational.com\/wp-content\/uploads\/2025\/08\/Social-media-1-150x150.jpg\" width=\"150\" alt=\"Ricerche di mercato sugli influencer\" \/><\/a><\/div> <h3 class=\"page-list-ext-title\"><a href=\"https:\/\/www.sisinternational.com\/it\/soluzioni\/soluzioni-di-branding-e-ricerca-clienti\/ricerche-di-mercato-sugli-influencer\/\" title=\"Ricerche di mercato sugli influencer\">Ricerche di mercato sugli influencer<\/a><\/h3><div class=\"page-list-ext-item-content\">Gli influencer sono leader sociali che costruiscono ampi seguiti e comunit\u00e0.  Scopri di pi\u00f9 su come ti mettiamo in contatto con gli influencer di tutto il mondo.<\/div><\/div>\n<div class=\"page-list-ext-item\"><div class=\"page-list-ext-image\"><a href=\"https:\/\/www.sisinternational.com\/it\/soluzioni\/soluzioni-di-branding-e-ricerca-clienti\/ricerche-di-mercato-omnicanale\/\" title=\"Ricerche di mercato omnicanale\"><img decoding=\"async\" src=\"https:\/\/www.sisinternational.com\/wp-content\/uploads\/2025\/08\/Smarrtphone-5g-11-150x150.jpg\" width=\"150\" alt=\"Ricerche di mercato omnicanale\" \/><\/a><\/div> <h3 class=\"page-list-ext-title\"><a href=\"https:\/\/www.sisinternational.com\/it\/soluzioni\/soluzioni-di-branding-e-ricerca-clienti\/ricerche-di-mercato-omnicanale\/\" title=\"Ricerche di mercato omnicanale\">Ricerche di mercato omnicanale<\/a><\/h3><div class=\"page-list-ext-item-content\">L&#039;ottimizzazione di pi\u00f9 punti di contatto con i clienti offre nuove opportunit\u00e0 di coinvolgimento e redditivit\u00e0 dei clienti.<\/div><\/div>\n<div class=\"page-list-ext-item\"><div class=\"page-list-ext-image\"><a href=\"https:\/\/www.sisinternational.com\/it\/soluzioni\/soluzioni-di-branding-e-ricerca-clienti\/ricerche-di-mercato-per-la-scoperta-dei-clienti\/\" title=\"Ricerche di mercato sulla scoperta dei clienti\"><img decoding=\"async\" src=\"https:\/\/www.sisinternational.com\/wp-content\/uploads\/2025\/08\/Customer-shopping-1-150x150.jpg\" width=\"150\" alt=\"Ricerche di mercato sulla scoperta dei clienti\" \/><\/a><\/div> <h3 class=\"page-list-ext-title\"><a href=\"https:\/\/www.sisinternational.com\/it\/soluzioni\/soluzioni-di-branding-e-ricerca-clienti\/ricerche-di-mercato-per-la-scoperta-dei-clienti\/\" title=\"Ricerche di mercato sulla scoperta dei clienti\">Ricerche di mercato sulla scoperta dei clienti<\/a><\/h3><div class=\"page-list-ext-item-content\">Forniamo ricerche di mercato sulla scoperta dei clienti per aiutarti a trovare nuovi clienti e aumentare le vendite.<\/div><\/div>\n<div class=\"page-list-ext-item\"><div class=\"page-list-ext-image\"><a href=\"https:\/\/www.sisinternational.com\/it\/soluzioni\/soluzioni-di-branding-e-ricerca-clienti\/narrazione-di-ricerche-di-mercato\/\" title=\"Ricerche di mercato sul racconto di storie\"><img decoding=\"async\" src=\"https:\/\/www.sisinternational.com\/wp-content\/uploads\/2025\/08\/Interview-3-150x150.jpg\" width=\"150\" alt=\"Ricerche di mercato sul racconto di storie\" \/><\/a><\/div> <h3 class=\"page-list-ext-title\"><a href=\"https:\/\/www.sisinternational.com\/it\/soluzioni\/soluzioni-di-branding-e-ricerca-clienti\/narrazione-di-ricerche-di-mercato\/\" title=\"Ricerche di mercato sul racconto di storie\">Ricerche di mercato sul racconto di storie<\/a><\/h3><div class=\"page-list-ext-item-content\">Scopri come le ricerche di mercato sullo storytelling possono migliorare le tue prestazioni.<\/div><\/div>\n<div class=\"page-list-ext-item\"><div class=\"page-list-ext-image\"><a href=\"https:\/\/www.sisinternational.com\/it\/soluzioni\/soluzioni-di-branding-e-ricerca-clienti\/ricerche-di-mercato-sulla-centralita-del-cliente\/\" title=\"Ricerche di mercato sulla centralit\u00e0 del cliente\"><img decoding=\"async\" src=\"https:\/\/www.sisinternational.com\/wp-content\/uploads\/2025\/08\/Digital-Customer-Experience-2-150x150.jpg\" width=\"150\" alt=\"Ricerche di mercato sulla centralit\u00e0 del cliente\" \/><\/a><\/div> <h3 class=\"page-list-ext-title\"><a href=\"https:\/\/www.sisinternational.com\/it\/soluzioni\/soluzioni-di-branding-e-ricerca-clienti\/ricerche-di-mercato-sulla-centralita-del-cliente\/\" title=\"Ricerche di mercato sulla centralit\u00e0 del cliente\">Ricerche di mercato sulla centralit\u00e0 del cliente<\/a><\/h3><div class=\"page-list-ext-item-content\">Scopri come la ricerca di mercato Customer Centricity pu\u00f2 trasformare la tua azienda.<\/div><\/div>\n<div class=\"page-list-ext-item\"><div class=\"page-list-ext-image\"><a href=\"https:\/\/www.sisinternational.com\/it\/soluzioni\/soluzioni-di-branding-e-ricerca-clienti\/cose-linfluencer-marketing\/\" title=\"Cos\u2019\u00e8 l\u2019Influencer Marketing? Social media marketing?\"><img decoding=\"async\" src=\"https:\/\/www.sisinternational.com\/wp-content\/uploads\/2025\/08\/Optimizing-Multi-Channel-Marketing-Strategies-3-150x150.jpg\" width=\"150\" alt=\"Cos\u2019\u00e8 l\u2019Influencer Marketing? Social media marketing?\" \/><\/a><\/div> <h3 class=\"page-list-ext-title\"><a href=\"https:\/\/www.sisinternational.com\/it\/soluzioni\/soluzioni-di-branding-e-ricerca-clienti\/cose-linfluencer-marketing\/\" title=\"Cos\u2019\u00e8 l\u2019Influencer Marketing? Social media marketing?\">Cos\u2019\u00e8 l\u2019Influencer Marketing? Social media marketing?<\/a><\/h3><div class=\"page-list-ext-item-content\">Contattaci oggi per dare vita alla tua campagna di Influencer Marketing ed entrare in contatto con il pubblico che apprezza di pi\u00f9 i tuoi prodotti.<\/div><\/div>\n<div class=\"page-list-ext-item\"><div class=\"page-list-ext-image\"><a href=\"https:\/\/www.sisinternational.com\/it\/soluzioni\/soluzioni-di-branding-e-ricerca-clienti\/ricerche-di-mercato-sugli-imballaggi\/\" title=\"Ricerche di mercato sugli imballaggi\"><img decoding=\"async\" src=\"https:\/\/www.sisinternational.com\/wp-content\/uploads\/2025\/08\/Food-packaging-2-150x150.jpg\" width=\"150\" alt=\"Ricerche di mercato sugli imballaggi\" \/><\/a><\/div> <h3 class=\"page-list-ext-title\"><a href=\"https:\/\/www.sisinternational.com\/it\/soluzioni\/soluzioni-di-branding-e-ricerca-clienti\/ricerche-di-mercato-sugli-imballaggi\/\" title=\"Ricerche di mercato sugli imballaggi\">Ricerche di mercato sugli imballaggi<\/a><\/h3><div class=\"page-list-ext-item-content\">\nPackaging Market Research \n\n\n\n \n\n\n\n \n\n\n\n \n\n\n\nPackaging is also known as the packing function. Another way to look at it is as the art of placing and protecting products for storage, sale, delivery, and use. In other words, packaging prepares products...<\/div><\/div>\n<div class=\"page-list-ext-item\"><div class=\"page-list-ext-image\"><a href=\"https:\/\/www.sisinternational.com\/it\/soluzioni\/soluzioni-di-branding-e-ricerca-clienti\/ricerche-di-mercato-sulla-differenziazione-del-marchio\/\" title=\"Ricerche di mercato sulla differenziazione del marchio\"><img decoding=\"async\" src=\"https:\/\/www.sisinternational.com\/wp-content\/uploads\/2025\/08\/Strategy-consulting-10-150x150.jpg\" width=\"150\" alt=\"Ricerche di mercato sulla differenziazione del marchio\" \/><\/a><\/div> <h3 class=\"page-list-ext-title\"><a href=\"https:\/\/www.sisinternational.com\/it\/soluzioni\/soluzioni-di-branding-e-ricerca-clienti\/ricerche-di-mercato-sulla-differenziazione-del-marchio\/\" title=\"Ricerche di mercato sulla differenziazione del marchio\">Ricerche di mercato sulla differenziazione del marchio<\/a><\/h3><div class=\"page-list-ext-item-content\">Il miglior vantaggio offerto dalle ricerche di mercato sulla differenziazione del marchio \u00e8 la percezione del prezzo. I marchi possono desensibilizzare i propri clienti ai prezzi pi\u00f9 alti.<\/div><\/div>\n<div class=\"page-list-ext-item\"><div class=\"page-list-ext-image\"><a href=\"https:\/\/www.sisinternational.com\/it\/soluzioni\/soluzioni-di-branding-e-ricerca-clienti\/ricerca-di-mercato-sul-posizionamento-del-marchio\/\" title=\"Ricerche di mercato sul posizionamento del marchio\"><img decoding=\"async\" src=\"https:\/\/www.sisinternational.com\/wp-content\/uploads\/2025\/08\/Strategy-consulting-11-150x150.jpg\" width=\"150\" alt=\"Ricerche di mercato sul posizionamento del marchio\" \/><\/a><\/div> <h3 class=\"page-list-ext-title\"><a href=\"https:\/\/www.sisinternational.com\/it\/soluzioni\/soluzioni-di-branding-e-ricerca-clienti\/ricerca-di-mercato-sul-posizionamento-del-marchio\/\" title=\"Ricerche di mercato sul posizionamento del marchio\">Ricerche di mercato sul posizionamento del marchio<\/a><\/h3><div class=\"page-list-ext-item-content\">Il posizionamento del marchio si riferisce al valore unico che un marchio presenta ai suoi clienti. Mostra ci\u00f2 che distingue il tuo marchio dalla concorrenza.<\/div><\/div>\n<div class=\"page-list-ext-item\"><div class=\"page-list-ext-image\"><a href=\"https:\/\/www.sisinternational.com\/it\/soluzioni\/soluzioni-di-branding-e-ricerca-clienti\/ricerche-di-mercato-per-il-monitoraggio-del-marchio\/\" title=\"Ricerche di mercato sul monitoraggio del marchio\"><img decoding=\"async\" src=\"https:\/\/www.sisinternational.com\/wp-content\/uploads\/2025\/08\/Marketing-45-3-150x150.jpg\" width=\"150\" alt=\"Ricerche di mercato sul monitoraggio del marchio\" \/><\/a><\/div> <h3 class=\"page-list-ext-title\"><a href=\"https:\/\/www.sisinternational.com\/it\/soluzioni\/soluzioni-di-branding-e-ricerca-clienti\/ricerche-di-mercato-per-il-monitoraggio-del-marchio\/\" title=\"Ricerche di mercato sul monitoraggio del marchio\">Ricerche di mercato sul monitoraggio del marchio<\/a><\/h3><div class=\"page-list-ext-item-content\">Le ricerche di mercato relative al monitoraggio del marchio aiutano i marchi aziendali conducendo sondaggi, interviste e metodi di ricerca qualitativi e quantitativi.<\/div><\/div>\n<div class=\"page-list-ext-item\"><div class=\"page-list-ext-image\"><a href=\"https:\/\/www.sisinternational.com\/it\/soluzioni\/soluzioni-di-branding-e-ricerca-clienti\/ricerche-di-mercato-sullestensione-del-marchio\/\" title=\"Ricerche di mercato sull&#039;estensione del marchio\"><img decoding=\"async\" src=\"https:\/\/www.sisinternational.com\/wp-content\/uploads\/2025\/09\/Branding-4-150x150.jpg\" width=\"150\" alt=\"Ricerche di mercato sull&#039;estensione del marchio\" \/><\/a><\/div> <h3 class=\"page-list-ext-title\"><a href=\"https:\/\/www.sisinternational.com\/it\/soluzioni\/soluzioni-di-branding-e-ricerca-clienti\/ricerche-di-mercato-sullestensione-del-marchio\/\" title=\"Ricerche di mercato sull&#039;estensione del marchio\">Ricerche di mercato sull&#039;estensione del marchio<\/a><\/h3><div class=\"page-list-ext-item-content\">Le aziende possono ottenere informazioni preziose sull&#039;espansione in altre regioni conducendo ricerche di mercato complete sull&#039;estensione del marchio.<\/div><\/div>\n<div class=\"page-list-ext-item\"><div class=\"page-list-ext-image\"><a href=\"https:\/\/www.sisinternational.com\/it\/soluzioni\/soluzioni-di-branding-e-ricerca-clienti\/ricerche-di-mercato-sulla-misurazione-del-marchio\/\" title=\"Ricerche di mercato sulla misurazione del marchio\"><img decoding=\"async\" src=\"https:\/\/www.sisinternational.com\/wp-content\/uploads\/2025\/09\/Branding-2-150x150.jpg\" width=\"150\" alt=\"Ricerche di mercato sulla misurazione del marchio\" \/><\/a><\/div> <h3 class=\"page-list-ext-title\"><a href=\"https:\/\/www.sisinternational.com\/it\/soluzioni\/soluzioni-di-branding-e-ricerca-clienti\/ricerche-di-mercato-sulla-misurazione-del-marchio\/\" title=\"Ricerche di mercato sulla misurazione del marchio\">Ricerche di mercato sulla misurazione del marchio<\/a><\/h3><div class=\"page-list-ext-item-content\">La ricerca di mercato sulla misurazione del marchio \u00e8 fondamentale per migliorare la percezione del marchio e favorire la fedelt\u00e0 dei clienti per favorire la crescita del business.<\/div><\/div>\n<div class=\"page-list-ext-item\"><div class=\"page-list-ext-image\"><a href=\"https:\/\/www.sisinternational.com\/it\/soluzioni\/soluzioni-di-branding-e-ricerca-clienti\/modello-di-brand-equity-basato-sul-cliente-ricerca-di-mercato\/\" title=\"Ricerca di mercato sul modello di valore del marchio basato sul cliente\"><img decoding=\"async\" src=\"https:\/\/www.sisinternational.com\/wp-content\/uploads\/2025\/08\/Retail-18-150x150.jpg\" width=\"150\" alt=\"Ricerca di mercato sul modello di valore del marchio basato sul cliente\" \/><\/a><\/div> <h3 class=\"page-list-ext-title\"><a href=\"https:\/\/www.sisinternational.com\/it\/soluzioni\/soluzioni-di-branding-e-ricerca-clienti\/modello-di-brand-equity-basato-sul-cliente-ricerca-di-mercato\/\" title=\"Ricerca di mercato sul modello di valore del marchio basato sul cliente\">Ricerca di mercato sul modello di valore del marchio basato sul cliente<\/a><\/h3><div class=\"page-list-ext-item-content\">\nRicerca di mercato sul modello di brand equity basato sul cliente In che modo i marchi possono garantire di entrare davvero in sintonia con i propri clienti? Il successo di qualsiasi marchio dipende da quanto bene entra in sintonia con i propri clienti: ricerca di mercato sul modello di brand equity basato sul cliente (CBBE)...<\/div><\/div>\n\n<\/div><\/p>","protected":false},"excerpt":{"rendered":"<p>Stabilire un\u2019identit\u00e0 di marca unica \u00e8 essenziale. Forniamo approfondimenti, strumenti e strategie per costruire il tuo marchio.<\/p>","protected":false},"author":1,"featured_media":62802,"parent":14457,"menu_order":6,"comment_status":"open","ping_status":"open","template":"","meta":{"footnotes":""},"class_list":["post-14650","page","type-page","status-publish","has-post-thumbnail"],"_links":{"self":[{"href":"https:\/\/www.sisinternational.com\/it\/wp-json\/wp\/v2\/pages\/14650","targetHints":{"allow":["GET"]}}],"collection":[{"href":"https:\/\/www.sisinternational.com\/it\/wp-json\/wp\/v2\/pages"}],"about":[{"href":"https:\/\/www.sisinternational.com\/it\/wp-json\/wp\/v2\/types\/page"}],"author":[{"embeddable":true,"href":"https:\/\/www.sisinternational.com\/it\/wp-json\/wp\/v2\/users\/1"}],"replies":[{"embeddable":true,"href":"https:\/\/www.sisinternational.com\/it\/wp-json\/wp\/v2\/comments?post=14650"}],"version-history":[{"count":7,"href":"https:\/\/www.sisinternational.com\/it\/wp-json\/wp\/v2\/pages\/14650\/revisions"}],"predecessor-version":[{"id":63437,"href":"https:\/\/www.sisinternational.com\/it\/wp-json\/wp\/v2\/pages\/14650\/revisions\/63437"}],"up":[{"embeddable":true,"href":"https:\/\/www.sisinternational.com\/it\/wp-json\/wp\/v2\/pages\/14457"}],"wp:featuredmedia":[{"embeddable":true,"href":"https:\/\/www.sisinternational.com\/it\/wp-json\/wp\/v2\/media\/62802"}],"wp:attachment":[{"href":"https:\/\/www.sisinternational.com\/it\/wp-json\/wp\/v2\/media?parent=14650"}],"curies":[{"name":"wp","href":"https:\/\/api.w.org\/{rel}","templated":true}]}}