{"id":14285,"date":"2015-02-13T10:58:33","date_gmt":"2015-02-13T10:58:33","guid":{"rendered":"https:\/\/www.sisinternational.com\/?page_id=14285"},"modified":"2025-09-05T22:14:32","modified_gmt":"2025-09-06T02:14:32","slug":"ricerche-di-mercato-odontoiatriche","status":"publish","type":"page","link":"https:\/\/www.sisinternational.com\/it\/competenza\/ricerche-di-mercato-odontoiatriche\/","title":{"rendered":"Ricerche di mercato dentale"},"content":{"rendered":"<h1 class=\"wp-block-heading\">Ricerche di mercato dentale<\/h1>\n\n\n\n<figure class=\"gb-block-image gb-block-image-2b3124a0\"><img loading=\"lazy\" decoding=\"async\" width=\"1456\" height=\"816\" class=\"gb-image gb-image-2b3124a0\" src=\"https:\/\/www.sisinternational.com\/wp-content\/uploads\/2025\/08\/Pharmaceutical-25.jpg\" alt=\"Ricerca e strategia di mercato internazionale SIS\" title=\"Pharmaceutical (25)\" srcset=\"https:\/\/www.sisinternational.com\/wp-content\/uploads\/2025\/08\/Pharmaceutical-25.jpg 1456w, https:\/\/www.sisinternational.com\/wp-content\/uploads\/2025\/08\/Pharmaceutical-25-300x168.jpg 300w, https:\/\/www.sisinternational.com\/wp-content\/uploads\/2025\/08\/Pharmaceutical-25-1024x574.jpg 1024w, https:\/\/www.sisinternational.com\/wp-content\/uploads\/2025\/08\/Pharmaceutical-25-768x430.jpg 768w, https:\/\/www.sisinternational.com\/wp-content\/uploads\/2025\/08\/Pharmaceutical-25-18x10.jpg 18w\" sizes=\"auto, (max-width: 1456px) 100vw, 1456px\"><\/figure>\n\n\n\n<p><\/p>\n\n\n\n<h2 class=\"wp-block-heading p1\">L\u2019industria dentale globale rappresenta un\u2019industria multimiliardaria.<\/h2>\n\n\n\n<p class=\"p1\">Le economie in molte parti del mondo sono in ripresa, e anche il settore dentale si sta riprendendo, spinto dall\u2019invecchiamento della popolazione globale, dall\u2019accresciuta conoscenza della salute orale e da una crescente domanda di odontoiatria estetica.<\/p>\n\n\n\n<p class=\"p1\">Dato che le persone hanno pi\u00f9 da spendere, \u00e8 naturale che ritornino dai loro dentisti, che a loro volta necessitano di pi\u00f9 forniture, attrezzature e servizi di laboratorio per i loro studi.<\/p>\n\n\n\n<h2 class=\"wp-block-heading p1\">Opportunit\u00e0 nel mercato dentale<\/h2>\n\n\n\n<p class=\"p1\">Dental Supply businesses are focusing on new global markets (Asia-Pacific is of prime interest), innovative products for pain alleviation, and orthodontic applications that increase revenues. New dental materials and computer-assisted manufacturing technologies are also showing profit-generating potential. In dental practices, mobile optimization, heightened social media presence, and citations are increasingly important for appointment booking. In addition, the creation of premium web content and placement in local internet directories are also critical in maintaining a profitable practice in the <a href=\"https:\/\/www.sisinternational.com\/it\/mercato-della-pubblicita-digitale\/\" title=\"Marketing e pubblicit\u00e0 nell&#039;era digitale\"  data-wpil-monitor-id=\"9023\">digital marketing age<\/a>.<\/p>\n\n\n\n<h2 class=\"wp-block-heading\">Metodi di ricerca di mercato<\/h2>\n\n\n\n<p>SIS conducts Dental Market Research, particularly in-person or video ethnographic interviews with consumers worldwide.&nbsp; The benefits are rapid, cost effective <a href=\"https:\/\/www.sisinternational.com\/it\/global-beverage-market\/\" title=\"Global Beverage Market: Market Dynamics, Growth Projections &amp; Consumer Insights\"  data-wpil-monitor-id=\"9030\">insights in High Growth<\/a> Emerging Economies.&nbsp; We <a href=\"https:\/\/www.sisinternational.com\/it\/soluzioni\/ricerche-di-mercato-con-focus-group\/come-condurre-un-focus-group\/\" title=\"Come condurre un focus group\"  data-wpil-monitor-id=\"9026\">conduct Focus Groups<\/a>, Online Communities, Surveys and In-Depth Interviews with Dental professionals.<\/p>\n\n\n\n<p><strong>Conduciamo ricerche con una variet\u00e0 di decisori:<\/strong><\/p>\n\n\n\n<ul class=\"wp-block-list\">\n<li>Pazienti<\/li>\n\n\n\n<li>Dentisti<\/li>\n\n\n\n<li>Igienisti<\/li>\n\n\n\n<li>Tecnici di laboratorio<\/li>\n\n\n\n<li>Assistenti odontoiatrici<\/li>\n\n\n\n<li>Chirurghi orali e maxillo-facciali<\/li>\n\n\n\n<li>Tecnici di laboratorio odontotecnico<\/li>\n\n\n\n<li>Igienisti dentali<\/li>\n\n\n\n<li>Responsabili d&#039;ufficio<\/li>\n\n\n\n<li>Personale dell&#039;ufficio<\/li>\n\n\n\n<li>Ortodontisti<\/li>\n\n\n\n<li>Parodontisti<\/li>\n\n\n\n<li>Produttori<\/li>\n<\/ul>\n\n\n\n<h2 class=\"wp-block-heading\">Informazioni sulle ricerche di mercato nel settore dentale<\/h2>\n\n\n\n<p><a href=\"https:\/\/www.sisinternational.com\/it\/contattaci\/\" title=\"Contattaci\"  data-wpil-monitor-id=\"9018\">Ricerca internazionale SIS<\/a> makes it our business to remain aware of important trends in the global dental industry. We\u2019ve studied dental programs worldwide, interviewing patients, dentists, manufacturers, and insurance interests regarding practices, products, and industry innovations. Our intelligence efforts reveal invaluable information that helps our clients remain <a href=\"https:\/\/www.sisinternational.com\/it\/la-necessita-di-intelligenza-competitiva-in-questa-recessione\/\" title=\"La necessit\u00e0 di intelligence competitiva in una recessione\"  data-wpil-monitor-id=\"9031\">competitive<\/a> and profitable. In addition, we conduct <a href=\"https:\/\/www.sisinternational.com\/it\/soluzioni\/focus-group\/focus-group-a-new-york-per-testare-i-prodotti-della-generazione-z\/\" title=\"Sfruttare i focus group a New York per testare i prodotti della Generazione Z\"  data-wpil-monitor-id=\"9029\">Gruppi di discussione<\/a> and surveys that zero-in on product performance, consumer attitudes, the opinions of professionals, and the mindsets of manufacturers that define the dental industry. Make an appointment to speak with us soon.<\/p>\n\n\n\n<p><\/p>","protected":false},"excerpt":{"rendered":"<p>Nelle ricerche di mercato dentali, il SIS parla con pazienti, dentisti e produttori e studia assicurazioni, prodotti e innovazioni.<\/p>","protected":false},"author":1,"featured_media":62745,"parent":14514,"menu_order":12,"comment_status":"open","ping_status":"closed","template":"","meta":{"footnotes":""},"class_list":["post-14285","page","type-page","status-publish","has-post-thumbnail"],"_links":{"self":[{"href":"https:\/\/www.sisinternational.com\/it\/wp-json\/wp\/v2\/pages\/14285","targetHints":{"allow":["GET"]}}],"collection":[{"href":"https:\/\/www.sisinternational.com\/it\/wp-json\/wp\/v2\/pages"}],"about":[{"href":"https:\/\/www.sisinternational.com\/it\/wp-json\/wp\/v2\/types\/page"}],"author":[{"embeddable":true,"href":"https:\/\/www.sisinternational.com\/it\/wp-json\/wp\/v2\/users\/1"}],"replies":[{"embeddable":true,"href":"https:\/\/www.sisinternational.com\/it\/wp-json\/wp\/v2\/comments?post=14285"}],"version-history":[{"count":6,"href":"https:\/\/www.sisinternational.com\/it\/wp-json\/wp\/v2\/pages\/14285\/revisions"}],"predecessor-version":[{"id":68403,"href":"https:\/\/www.sisinternational.com\/it\/wp-json\/wp\/v2\/pages\/14285\/revisions\/68403"}],"up":[{"embeddable":true,"href":"https:\/\/www.sisinternational.com\/it\/wp-json\/wp\/v2\/pages\/14514"}],"wp:featuredmedia":[{"embeddable":true,"href":"https:\/\/www.sisinternational.com\/it\/wp-json\/wp\/v2\/media\/62745"}],"wp:attachment":[{"href":"https:\/\/www.sisinternational.com\/it\/wp-json\/wp\/v2\/media?parent=14285"}],"curies":[{"name":"wp","href":"https:\/\/api.w.org\/{rel}","templated":true}]}}