{"id":11829,"date":"2014-11-28T18:19:52","date_gmt":"2014-11-28T18:19:52","guid":{"rendered":"https:\/\/www.sisinternational.com\/?page_id=11829"},"modified":"2026-03-12T23:50:03","modified_gmt":"2026-03-13T03:50:03","slug":"ricerca-sulle-opportunita-di-ingresso-nel-mercato","status":"publish","type":"page","link":"https:\/\/www.sisinternational.com\/it\/market-entry-intelligence-page\/ricerca-sulle-opportunita-di-ingresso-nel-mercato\/","title":{"rendered":"Ingresso nel mercato e ricerca di opportunit\u00e0"},"content":{"rendered":"<h1 class=\"wp-block-heading entry-title\">Ingresso nel mercato e ricerca di opportunit\u00e0<\/h1>\n\n\n\n<p><\/p>\n\n\n\n<figure class=\"gb-block-image gb-block-image-c87852c5\"><img loading=\"lazy\" decoding=\"async\" width=\"1456\" height=\"816\" class=\"gb-image gb-image-c87852c5\" src=\"https:\/\/www.sisinternational.com\/wp-content\/uploads\/2025\/09\/Market-Entry-Consulting-in-China-1.jpg\" srcset=\"https:\/\/www.sisinternational.com\/wp-content\/uploads\/2025\/09\/Market-Entry-Consulting-in-China-1.jpg 1456w, https:\/\/www.sisinternational.com\/wp-content\/uploads\/2025\/09\/Market-Entry-Consulting-in-China-1-300x168.jpg 300w, https:\/\/www.sisinternational.com\/wp-content\/uploads\/2025\/09\/Market-Entry-Consulting-in-China-1-1024x574.jpg 1024w, https:\/\/www.sisinternational.com\/wp-content\/uploads\/2025\/09\/Market-Entry-Consulting-in-China-1-768x430.jpg 768w, https:\/\/www.sisinternational.com\/wp-content\/uploads\/2025\/09\/Market-Entry-Consulting-in-China-1-18x10.jpg 18w\" sizes=\"auto, (max-width: 1456px) 100vw, 1456px\" alt=\"Ricerca e strategia di mercato internazionale SIS\"><\/figure>\n\n\n\n<p><\/p>\n\n\n\n<h2 class=\"wp-block-heading p1\">La strategia SIS pu\u00f2 aiutarti a esplorare opportunit\u00e0 in nuove aree geografiche e settori verticali.<\/h2>\n\n\n\n<p class=\"p1\">With Market Entry and Opportunity Research, we start by understanding your objectives, then the context of your business within the local or global trends most impacting your decisions. Through our research arm, SIS can further tap into the \u201cVoice of the Customer,\u201d exploring the impact and appetite towards your product or service. Our Competitive Intelligence services will further help you glean insight into the competitive landscape, including possible market adjustments or even investment\/divestment opportunities.&nbsp;Working closely with our local offices\u2014Shanghai, Manila, Seoul, London, and Frankfurt, to name a few\u2014as well as our extensive database of local <a href=\"https:\/\/www.sisinternational.com\/it\/ricerca-sulle-opportunita-di-ingresso-nel-mercato-cinese\/\" title=\"Ingresso nel mercato e ricerca di opportunit\u00e0 in Cina\"  data-wpil-monitor-id=\"3606\">market entry and Opportunity<\/a> knowledge, we connect you with incisive intelligence to rapidly capture new opportunities in the marketplace.<\/p>\n\n\n\n<p>Dai tuoi obiettivi al contesto di mercato, continuiamo a sviluppare l&#039;intelligence sul campo che conta di pi\u00f9. Questa intelligenza viene quindi utilizzata per generare informazioni e raccomandazioni chiave, insieme alle decisioni Make\/Partner\/Buy e Go\/No-Go che \u00e8 necessario esplorare quando si pensa all&#039;ingresso in nuove linee di prodotti o all&#039;estensione di linee di prodotti esistenti.<\/p>\n\n\n\n<h2 class=\"wp-block-heading\">Opportunit\u00e0 di mercato e argomenti di ingresso<\/h2>\n\n\n\n<ul class=\"wp-block-list\">\n<li>Panorama del mercato: il mercato offre unit\u00e0 e volumi di vendita sufficienti per l\u2019ingresso nel mercato?<\/li>\n\n\n\n<li>Market Size&nbsp;\u2013 units and revenue volume<\/li>\n\n\n\n<li>Panorama competitivo: chi sono i principali concorrenti?<\/li>\n\n\n\n<li>Canali di distribuzione<\/li>\n\n\n\n<li>OEM \u2013 Chi sono i principali OEM e puoi sviluppare un rapporto con loro?<\/li>\n\n\n\n<li>Barriere sociali, politiche e legali all&#039;ingresso<\/li>\n\n\n\n<li>Esigenze nazionali soddisfatte da fornitori locali e internazionali<\/li>\n\n\n\n<li>Esigenze di mercato non soddisfatte<\/li>\n\n\n\n<li>Strategia di prezzo<\/li>\n\n\n\n<li>Strategia promozionale<\/li>\n\n\n\n<li>Aree di opportunit\u00e0 di mercato<\/li>\n\n\n\n<li>Conclusioni\/raccomandazioni<\/li>\n<\/ul>\n\n\n\n<h4 class=\"wp-block-heading\">Through our research arm, SIS can further tap into the \u201cVoice of the Customer\u201d, exploring the impact and appetite towards your product or service.&nbsp; Our Competitive Intelligence services will further help you glean insight into the competitive landscape, including possible market adjustments or even investment\/divestment opportunities.<\/h4>\n\n\n\n<h2 class=\"wp-block-heading\"><\/h2>\n\n\n\n<h2 class=\"wp-block-heading\">Che cos&#039;\u00e8 la ricerca sulle opportunit\u00e0 di mercato?<\/h2>\n\n\n\n<p>Un&#039;opportunit\u00e0 di mercato (MO) \u00e8 un potenziale prodotto o servizio che i consumatori potrebbero desiderare. Infatti, se altre aziende non lo forniscono, l\u00ec sta l&#039;opportunit\u00e0. Pertanto, \u00e8 essenziale ottenere quanti pi\u00f9 dettagli possibili al riguardo in modo da poter beneficiare di un nuovo mercato. \u00c8 qui che entra in gioco la ricerca di mercato. La ricerca di mercato consente a un&#039;azienda di ottenere ulteriori informazioni sulla domanda nei nuovi mercati. Quando svolgi la tua ricerca MO, ci sono alcune aree chiave da notare:<\/p>\n\n\n\n<h3 class=\"wp-block-heading\">1. Ricerca i tuoi clienti e la concorrenza.<\/h3>\n\n\n\n<p>Utilizza le ricerche di mercato per comprendere in modo approfondito i tuoi clienti e i tuoi rivali. Ti aiuter\u00e0 a vedere se la domanda per il prodotto\/servizio \u00e8 genuina e se vale la pena rischiare che la tua azienda si espanda in un nuovo mercato.<\/p>\n\n\n\n<h3 class=\"wp-block-heading\">2. Ottieni una visione di alto livello del mercato.<\/h3>\n\n\n\n<p>Quando si fa ricerca, \u00e8 essenziale avere una visione approfondita del mercato. Ad esempio, devi chiedere:<\/p>\n\n\n\n<ul class=\"wp-block-list\">\n<li>Qual \u00e8 la dimensione del mercato?<\/li>\n\n\n\n<li>Quanto velocemente si sta espandendo o contraendo?<\/li>\n\n\n\n<li>Quanti acquirenti ci sono?<\/li>\n\n\n\n<li>Quanto \u00e8 intensa la competizione?<\/li>\n<\/ul>\n\n\n\n<h3 class=\"wp-block-heading\">3. Esplora altre opportunit\u00e0.<\/h3>\n\n\n\n<p>Ha senso anche considerare altre opzioni. Molte aziende con una comprovata esperienza di successo lo tengono presente. Un altro punto chiave \u00e8 che avere il polso del mercato ti permetter\u00e0 di trovare nuovi modi per espandere il tuo marchio. Ti permetter\u00e0 anche di superare i tuoi rivali.<\/p>\n\n\n\n<h4 class=\"wp-block-heading\">4. Comprendere l&#039;ambiente aziendale.<\/h4>\n\n\n\n<p>Molte cose possono influenzare il modo in cui operano le aziende. Esempi sono lo sviluppo tecnologico, gli indicatori economici e i cambiamenti geopolitici. Ad esempio, la Brexit nel Regno Unito, dove la nazione ha lasciato l\u2019UE, ha causato molti problemi. L\u2019uscita del Regno Unito dall\u2019UE ha aumentato la pressione sulle catene di approvvigionamento in uscita dal paese. Allo stesso modo, far arrivare le merci al resto d\u2019Europa \u00e8 diventato una sfida.<\/p>\n\n\n\n<h2 class=\"wp-block-heading\">Perch\u00e9 la ricerca sulle opportunit\u00e0 di mercato \u00e8 importante?<\/h2>\n\n\n\n<p>Un&#039;opportunit\u00e0 di mercato \u00e8 un&#039;opportunit\u00e0 per qualsiasi azienda in crescita di affermarsi in un nuovo mercato, ad esempio, con molti tipi diversi di smartphone. Agli albori dell\u2019industria telefonica esistevano gli smartphone. Ma nessuno di loro aveva un display touch screen intuitivo. Questo finch\u00e9 Apple non si rese conto che c\u2019era domanda. Pertanto, hanno realizzato un telefono portatile intuitivo con molte funzionalit\u00e0. E in risposta, hanno lanciato l&#039;iPhone nel giugno 2007. L&#039;opportunit\u00e0, unita alla reazione di Apple, ha cambiato per sempre il panorama del mercato.<\/p>\n\n\n\n<h2 class=\"wp-block-heading\">Titoli di lavoro chiave<\/h2>\n\n\n\n<p>There are notable jobs in Market Opportunity <a href=\"https:\/\/www.sisinternational.com\/it\/il-tesoro-di-dati-del-social-network-per-i-ricercatori-di-marketing\/\" title=\"Ricerche di mercato sui social network: opportunit\u00e0 e sfide\"  data-wpil-monitor-id=\"2710\">Ricerca di mercato<\/a>.<\/p>\n\n\n\n<ul class=\"wp-block-list\">\n<li>Analista di ricerche di mercato<\/li>\n\n\n\n<li>Analista di ricerca dati<\/li>\n\n\n\n<li>Marketing Manager<\/li>\n<\/ul>\n\n\n\n<h2 class=\"wp-block-heading\">Perch\u00e9 le aziende hanno bisogno di ricerche sulle opportunit\u00e0 di mercato<\/h2>\n\n\n\n<p>Per sopravvivere e prosperare un\u2019azienda deve sfruttare le opportunit\u00e0 di mercato. E per farlo ha bisogno di informazioni rilevanti sul mercato, che pu\u00f2 ottenere solo da una buona ricerca di mercato. In casi come questi, \u00e8 bene ricordare la frase \u201cSe non lo fai tu, lo far\u00e0 qualcuno\u201d. \u00c8 meglio posizionarsi prima in un nuovo mercato. Meglio questo che avere qualcun altro che si muove prima di te e alza le barriere all&#039;ingresso.<\/p>\n\n\n\n<h2 class=\"wp-block-heading\">Fattori chiave del successo<\/h2>\n\n\n\n<p>For a business is to be successful, it needs to be timely. It needs to be able to work with the most current info. It must also be able to find out the best <a href=\"https:\/\/www.sisinternational.com\/it\/il-mercato-africano-in-continua-evoluzione\/\" title=\"Ricerca sulle opportunit\u00e0 di mercato in Africa\"  data-wpil-monitor-id=\"7247\">opportunities in the market<\/a>. Also, it needs to be thorough. A business that wants to move into a new market or expand must inform itself well. If not, that mistake can allow the competition to take hold of that new market for themselves.<\/p>\n\n\n\n<h2 class=\"wp-block-heading\">Informazioni sulla ricerca sulle opportunit\u00e0 di mercato<\/h2>\n\n\n\n<p>Quando fai le tue ricerche di mercato, utilizza tutti gli strumenti a tua disposizione. Esistono gi\u00e0 molti database online per fornire uno sguardo ampio sullo stato del mercato. Questi avranno una buona presentazione dei risultati quantitativi e qualitativi. Tieni presente che i mercati di nicchia avranno bisogno di dati specifici. Inoltre, \u00e8 facile ottenere informazioni se commissioni un progetto di ricerca di mercato personalizzato. Questi possono utilizzare molte tecniche, inclusi sondaggi, interviste e focus group. Queste sono eccellenti fonti primarie che puoi utilizzare per aumentare la raccolta di dati preziosi.<\/p>\n\n\n\n<p><\/p>\n\n\n\n<p><\/p>\n\n\n\n<p><\/p>","protected":false},"excerpt":{"rendered":"<p>SIS \u00e8 una societ\u00e0 leader a livello mondiale in ricerche di mercato e consulenza strategica, che fornisce strategie complete di opportunit\u00e0 di mercato e di ingresso.<\/p>","protected":false},"author":1,"featured_media":65573,"parent":84510,"menu_order":1,"comment_status":"closed","ping_status":"closed","template":"","meta":{"footnotes":""},"class_list":["post-11829","page","type-page","status-publish","has-post-thumbnail"],"_links":{"self":[{"href":"https:\/\/www.sisinternational.com\/it\/wp-json\/wp\/v2\/pages\/11829","targetHints":{"allow":["GET"]}}],"collection":[{"href":"https:\/\/www.sisinternational.com\/it\/wp-json\/wp\/v2\/pages"}],"about":[{"href":"https:\/\/www.sisinternational.com\/it\/wp-json\/wp\/v2\/types\/page"}],"author":[{"embeddable":true,"href":"https:\/\/www.sisinternational.com\/it\/wp-json\/wp\/v2\/users\/1"}],"replies":[{"embeddable":true,"href":"https:\/\/www.sisinternational.com\/it\/wp-json\/wp\/v2\/comments?post=11829"}],"version-history":[{"count":9,"href":"https:\/\/www.sisinternational.com\/it\/wp-json\/wp\/v2\/pages\/11829\/revisions"}],"predecessor-version":[{"id":80895,"href":"https:\/\/www.sisinternational.com\/it\/wp-json\/wp\/v2\/pages\/11829\/revisions\/80895"}],"up":[{"embeddable":true,"href":"https:\/\/www.sisinternational.com\/it\/wp-json\/wp\/v2\/pages\/84510"}],"wp:featuredmedia":[{"embeddable":true,"href":"https:\/\/www.sisinternational.com\/it\/wp-json\/wp\/v2\/media\/65573"}],"wp:attachment":[{"href":"https:\/\/www.sisinternational.com\/it\/wp-json\/wp\/v2\/media?parent=11829"}],"curies":[{"name":"wp","href":"https:\/\/api.w.org\/{rel}","templated":true}]}}