{"id":11786,"date":"2014-11-28T15:42:16","date_gmt":"2014-11-28T15:42:16","guid":{"rendered":"https:\/\/www.sisinternational.com\/?page_id=11786"},"modified":"2025-09-08T11:47:08","modified_gmt":"2025-09-08T15:47:08","slug":"carriere-presso-sis-international","status":"publish","type":"page","link":"https:\/\/www.sisinternational.com\/it\/sulla-sua-ricerca-internazionale\/carriere-presso-sis-international\/","title":{"rendered":"Carriere presso SIS International"},"content":{"rendered":"<figure class=\"gb-block-image gb-block-image-ceeed9c5\"><img loading=\"lazy\" decoding=\"async\" width=\"1158\" height=\"775\" class=\"gb-image gb-image-ceeed9c5\" src=\"https:\/\/www.sisinternational.com\/wp-content\/uploads\/2018\/12\/SIS-Careers.jpg\" srcset=\"https:\/\/www.sisinternational.com\/wp-content\/uploads\/2018\/12\/SIS-Careers.jpg 1158w, https:\/\/www.sisinternational.com\/wp-content\/uploads\/2018\/12\/SIS-Careers-300x201.jpg 300w, https:\/\/www.sisinternational.com\/wp-content\/uploads\/2018\/12\/SIS-Careers-768x514.jpg 768w, https:\/\/www.sisinternational.com\/wp-content\/uploads\/2018\/12\/SIS-Careers-1024x685.jpg 1024w, https:\/\/www.sisinternational.com\/wp-content\/uploads\/2018\/12\/SIS-Careers-200x134.jpg 200w, https:\/\/www.sisinternational.com\/wp-content\/uploads\/2018\/12\/SIS-Careers-400x268.jpg 400w, https:\/\/www.sisinternational.com\/wp-content\/uploads\/2018\/12\/SIS-Careers-600x402.jpg 600w, https:\/\/www.sisinternational.com\/wp-content\/uploads\/2018\/12\/SIS-Careers-800x535.jpg 800w\" sizes=\"auto, (max-width: 1158px) 100vw, 1158px\" alt=\"Ricerca e strategia di mercato internazionale SIS\"><\/figure>\n\n\n\n<p><\/p>\n\n\n\n<h2 class=\"wp-block-heading\">SIS International Research is a leading global Market Research and Strategy Research&nbsp;company.<\/h2>\n\n\n\n<p>Per 40 anni SIS ha servito molte delle organizzazioni pi\u00f9 influenti del mondo con insight aziendali e soluzioni strategiche aiutandole ad affrontare le loro priorit\u00e0 strategiche.<\/p>\n\n\n\n<p>Our company is headquartered in New York City.&nbsp; We have offices in London and Shanghai.&nbsp; Other significant operations include Los Angeles, San Francisco, Boston, Miami, Chicago and Washington DC.<\/p>\n\n\n\n<p>Since our founding, we have cultivated a dynamic global team that encourages individual and team&nbsp;development. We work together across cultures and timezones in a fast-paced, internationally-focused&nbsp;workplace. We emphasize hands-on learning, teamwork and innovation.<\/p>\n\n\n\n<p>Our core business is providing conducting interviews and surveys, analyzing&nbsp;data and preparing reports. Our core solutions include Brand research, Market Intelligence, Strategy&nbsp;research, Fieldwork, Data Collection and Full-Service Market Research.<\/p>\n\n\n\n<h2 class=\"wp-block-heading p1\">Punti salienti delle carriere presso SIS:<\/h2>\n\n\n\n<p>At SIS we are highly team-oriented. We work as a nimble, cohesive global team with&nbsp;professionals from diverse backgrounds and skills. This environment allows our&nbsp;vibrant team to communicate and collaborate effectively in a fast-paced global economy.<\/p>\n\n\n\n<p>In SIS ci impegniamo a promuovere un ambiente aziendale diversificato e multiculturale in cui i nostri professionisti interagiscono con culture diverse. La nostra prospettiva internazionale ci incoraggia a lavorare insieme in team in modo efficiente attraverso culture diverse.<\/p>\n\n\n\n<p>Qui al SIS si parlano molte lingue, a livello globale e nei nostri uffici. Alcune delle nostre lingue parlate qui includono slovacco, uzbeko e laotiano!<\/p>\n\n\n\n<p>SIS provides \u201cHands-on\u201d experience &nbsp;and training with senior executives, providing a unique team of expert&nbsp;and skilled professionals. Given our global scale, numerous leadership&nbsp;opportunities exist for those who are entrepreneurial and hard-working. Training, mentoring,&nbsp;thought leadership, travel and practical learning are only a few of the ways people grow at SIS.<\/p>\n\n\n\n<p>SIS \u00e8 stata fondata da un imprenditore appassionato negli anni &#039;80 e da allora \u00e8 cresciuta rapidamente grazie al nostro impegno per l&#039;imprenditorialit\u00e0 e l&#039;innovazione. Pertanto, incoraggiamo i membri del nostro team a scoprire ci\u00f2 che li appassiona di pi\u00f9. Abbiamo scoperto che ci\u00f2 incoraggia l&#039;innovazione, la creativit\u00e0 e l&#039;imprenditorialit\u00e0 poich\u00e9 i nostri professionisti stabiliscono un percorso di carriera e raggiungono il loro pieno potenziale.<\/p>\n\n\n\n<p><\/p>","protected":false},"excerpt":{"rendered":"<p>SIS International Research is a leading global market research and strategy consulting firm with offices around the world. Learn more about careers at SIS.<\/p>","protected":false},"author":1,"featured_media":64031,"parent":14777,"menu_order":0,"comment_status":"closed","ping_status":"closed","template":"","meta":{"footnotes":""},"class_list":["post-11786","page","type-page","status-publish","has-post-thumbnail"],"_links":{"self":[{"href":"https:\/\/www.sisinternational.com\/it\/wp-json\/wp\/v2\/pages\/11786","targetHints":{"allow":["GET"]}}],"collection":[{"href":"https:\/\/www.sisinternational.com\/it\/wp-json\/wp\/v2\/pages"}],"about":[{"href":"https:\/\/www.sisinternational.com\/it\/wp-json\/wp\/v2\/types\/page"}],"author":[{"embeddable":true,"href":"https:\/\/www.sisinternational.com\/it\/wp-json\/wp\/v2\/users\/1"}],"replies":[{"embeddable":true,"href":"https:\/\/www.sisinternational.com\/it\/wp-json\/wp\/v2\/comments?post=11786"}],"version-history":[{"count":8,"href":"https:\/\/www.sisinternational.com\/it\/wp-json\/wp\/v2\/pages\/11786\/revisions"}],"predecessor-version":[{"id":67526,"href":"https:\/\/www.sisinternational.com\/it\/wp-json\/wp\/v2\/pages\/11786\/revisions\/67526"}],"up":[{"embeddable":true,"href":"https:\/\/www.sisinternational.com\/it\/wp-json\/wp\/v2\/pages\/14777"}],"wp:featuredmedia":[{"embeddable":true,"href":"https:\/\/www.sisinternational.com\/it\/wp-json\/wp\/v2\/media\/64031"}],"wp:attachment":[{"href":"https:\/\/www.sisinternational.com\/it\/wp-json\/wp\/v2\/media?parent=11786"}],"curies":[{"name":"wp","href":"https:\/\/api.w.org\/{rel}","templated":true}]}}