{"id":11312,"date":"2014-11-05T01:56:14","date_gmt":"2014-11-05T01:56:14","guid":{"rendered":"https:\/\/www.sisinternational.com\/upgrade\/?page_id=11312"},"modified":"2026-01-24T17:20:22","modified_gmt":"2026-01-24T22:20:22","slug":"ricerca-di-mercato-nelleuropa-dellest","status":"publish","type":"page","link":"https:\/\/www.sisinternational.com\/it\/copertura\/europa\/ricerca-di-mercato-nelleuropa-dellest\/","title":{"rendered":"Ricerche di mercato nell&#039;Europa dell&#039;Est"},"content":{"rendered":"<h1 class=\"wp-block-heading\">Ricerche di mercato nell&#039;Europa dell&#039;Est<\/h1>\n\n\n\n<figure class=\"gb-block-image gb-block-image-d67a954e\"><img loading=\"lazy\" decoding=\"async\" width=\"1456\" height=\"816\" class=\"gb-image gb-image-d67a954e\" src=\"https:\/\/www.sisinternational.com\/wp-content\/uploads\/2025\/09\/Eastern-Europe-market-research-3.jpg\" srcset=\"https:\/\/www.sisinternational.com\/wp-content\/uploads\/2025\/09\/Eastern-Europe-market-research-3.jpg 1456w, https:\/\/www.sisinternational.com\/wp-content\/uploads\/2025\/09\/Eastern-Europe-market-research-3-300x168.jpg 300w, https:\/\/www.sisinternational.com\/wp-content\/uploads\/2025\/09\/Eastern-Europe-market-research-3-1024x574.jpg 1024w, https:\/\/www.sisinternational.com\/wp-content\/uploads\/2025\/09\/Eastern-Europe-market-research-3-768x430.jpg 768w, https:\/\/www.sisinternational.com\/wp-content\/uploads\/2025\/09\/Eastern-Europe-market-research-3-18x10.jpg 18w\" sizes=\"auto, (max-width: 1456px) 100vw, 1456px\" alt=\"Ricerca e strategia di mercato internazionale SIS\"><\/figure>\n\n\n\n<p><\/p>\n\n\n\n<hr class=\"wp-block-separator has-alpha-channel-opacity is-style-dots\"\/>\n\n\n\n<p>I paesi dell\u2019Europa centrale e orientale sono molto vicini all\u2019Europa occidentale, ma presentano importanti differenze rispetto agli altri paesi.<\/p>\n\n\n\n<p class=\"p1\">La maggior parte di essi sono di piccole dimensioni, con economie relativamente aperte e dipendenti dalle esportazioni. Hanno lingue diverse e norme culturali diverse.<\/p>\n\n\n\n<p class=\"p1\">The CEE region represents 11 countries.&nbsp; In the Baltic region, the countries include Estonia, Latvia and Lithuania.&nbsp; Central European countries consist of Poland, Czech Republic, Slovakia and Hungary.&nbsp; The Balkan region includes Croatia, Slovenia, Serbia, Montenegro, Bosnia, Herzegovina, Macedonia, Kosovo, Romania and Bulgaria.<\/p>\n\n\n\n<h2 class=\"wp-block-heading p1\">L\u2019Europa orientale \u00e8 un punto luminoso di crescita economica.<\/h2>\n\n\n\n<p class=\"p1\">CEE countries are categorized by\u00a0global investors as\u00a0a\u00a0region with high growth potential and high attractiveness to establish company operations. Major growing economies include Poland, the Czech Republic, and\u00a0Romania.<\/p>\n\n\n\n<p class=\"p1\">The Automotive Industry is strong,\u00a0especially in the Czech Republic (\u0160koda), Slovakia (Kia, Citroen), Hungary (Mercedes-Benz), and Romania (Ford). Simultaneously, high sales growth comes from car distribution, the food industry, and wholesale trade. Other major industries include Biotechnology, Education, and the Consumer Goods sectors.<\/p>\n\n\n\n<p class=\"p1\">Eastern European countries also benefit from their proximity to\u00a0Turkey and Russia, which are becoming new powerhouses in terms of economic growth, new business opportunities, and investments.<\/p>\n\n\n\n<p>Numerous Manufacturing opportunities abound as a result of lower production costs and lower costs of living.&nbsp; Eastern European economies are part of the European Union and can avoid import duties.&nbsp; With the free movement of goods and services in the EU, Eastern Europe has become a manufacturing hub for European countries.<\/p>\n\n\n\n<h2 class=\"wp-block-heading\">Opportunit\u00e0 nella tecnologia<\/h2>\n\n\n\n<p class=\"p1\">IL <a href=\"https:\/\/www.sisinternational.com\/it\/competenza\/industrie\/ricerche-di-mercato-sulla-tecnologia-delle-bevande-alimentari-tecnologia-alimentare\/\" title=\"Ricerche di mercato sulle tecnologie per alimenti e bevande | Tecnologia alimentare\"  data-wpil-monitor-id=\"10809\">markets have opportunities in high technology<\/a> sectors as a result of educated workforces, multilingual staff, competitive cost of living and access to Western Europe.&nbsp; This regional advantage provides the opportunity for businesses to lead <a href=\"https:\/\/www.sisinternational.com\/it\/sis-lancia-nuove-soluzioni-di-ricerca-digitale\/\" title=\"SIS lancia nuove soluzioni di Ricerca Digitale\"  data-wpil-monitor-id=\"10803\">innovation and Digital<\/a> Disruption.<\/p>\n\n\n\n<p class=\"p1\">The increased presence of mobile devices and technology availability may lead to higher demand for certain products and services.&nbsp; <a href=\"https:\/\/www.sisinternational.com\/it\/soluzioni\/ricerca-di-consulenza-strategica-fintech\/ricerca-sulla-tecnologia-di-regolamentazione\/\" title=\"Regulation Technology Market Research\"  data-wpil-monitor-id=\"10811\">Technology adoption in these markets<\/a> can also them to play a creative role in re-inventing consumption patterns.<\/p>\n\n\n\n<p class=\"p1\">Dato che l\u2019Europa \u00e8 composta da molti Stati con la propria cultura e tradizioni, pu\u00f2 essere utile concentrarsi anche su questi <i>variabili psicologiche<\/i>&nbsp;che tendono ad essere pi\u00f9 forti di quelli demografici e cos\u00ec via <i>eredit\u00e0 culturale<\/i> that may induce unique consumers&nbsp;perceptions and reactions.<\/p>\n\n\n\n<h2 class=\"wp-block-heading\">Considerazioni sulla strategia di ingresso nel mercato<\/h2>\n\n\n\n<p class=\"p1\">Before entering a new <a href=\"https:\/\/www.sisinternational.com\/it\/competenza\/curriculum-di-esperienza\/ricerche-di-mercato-sui-prodotti-per-la-cura-personale\/\" title=\"Ricerche di mercato sui prodotti per la cura personale\"  data-wpil-monitor-id=\"10814\">market with a new product<\/a>, technology, or services, it is important to get to know the critical business variables, customer perceptions and economic, political, or cultural differences of a particular country.\u00a0 <a href=\"https:\/\/www.sisinternational.com\/it\/sis-case-study-sugli-approfondimenti-sui-negozi-in-tutto-il-mondo\/\" title=\"In-Store Shopper Insights: caso di studio di ricerche di mercato\"  data-wpil-monitor-id=\"10807\">Market Research uncovers these insights<\/a> and can help you develop a Go To Market strategy.<\/p>\n\n\n\n<h2 class=\"wp-block-heading\">Ricerche di mercato nell&#039;Europa dell&#039;Est<\/h2>\n\n\n\n<p><a href=\"https:\/\/www.sisinternational.com\/it\/competenza\/industrie\/ricerche-di-mercato-sui-dati-di-formazione\/\" title=\"Ricerche di mercato sui dati di formazione\"  data-wpil-monitor-id=\"10805\">Market Research uncovers data<\/a> and insight on customers.&nbsp; Qualitative <a href=\"https:\/\/www.sisinternational.com\/it\/soluzioni\/innovazione\/economia-comportamentale-nelle-ricerche-di-mercato\/\" title=\"Economia comportamentale nelle ricerche di mercato\"  data-wpil-monitor-id=\"10816\">Research uncovers the reasons behind behavior<\/a> and preferences.&nbsp; <a href=\"https:\/\/www.sisinternational.com\/it\/top-5-benefits-of-conducting-quantitative-market-research\/\" title=\"Top 5 Benefits of Conducting Quantitative Market Research\"  data-wpil-monitor-id=\"10802\">Ricerche di mercato quantitative<\/a> measures the extent of phenomena.&nbsp; Strategy <a href=\"https:\/\/www.sisinternational.com\/it\/entrare-nel-mercato-dellest-europa\/\" title=\"Ricerca sull\u2019ingresso nel mercato dell\u2019Europa orientale\"  data-wpil-monitor-id=\"2621\">Research analyzes the Market<\/a> Opportunities, Market Entry considerations and Competitive Dynamics in your industry.<\/p>\n\n\n\n<p>SIS has over 40+ years of experience in conducting <a href=\"https:\/\/www.sisinternational.com\/it\/tendenze-nel-mercato-del-benessere-e-della-salute-in-europa\/\" title=\"Ricerche di mercato nel settore sanitario e benessere in Europa\"  data-wpil-monitor-id=\"1712\">research in Eastern Europe<\/a>.\u00a0 We conduct:<\/p>\n\n\n\n<ul class=\"wp-block-list\">\n<li>Gruppi di discussione<\/li>\n\n\n\n<li>Interviste ai clienti<\/li>\n\n\n\n<li>Sondaggi<\/li>\n\n\n\n<li>Analisi competitiva<\/li>\n\n\n\n<li>Valutazioni di opportunit\u00e0 di mercato, ingresso e dimensionamento<\/li>\n<\/ul>\n\n\n\n<h2 class=\"wp-block-heading\">Le economie in crescita dell\u2019Europa orientale presentano numerose opportunit\u00e0.<\/h2>\n\n\n\n<h2 class=\"wp-block-heading\">&nbsp;<\/h2>","protected":false},"excerpt":{"rendered":"<p>SIS \u00e8 leader nella ricerca di mercato dell&#039;Europa orientale e fornisce soluzioni di ricerca qualitativa e quantitativa per il processo decisionale strategico.<\/p>","protected":false},"author":1,"featured_media":66165,"parent":14510,"menu_order":0,"comment_status":"closed","ping_status":"closed","template":"","meta":{"footnotes":""},"class_list":["post-11312","page","type-page","status-publish","has-post-thumbnail"],"_links":{"self":[{"href":"https:\/\/www.sisinternational.com\/it\/wp-json\/wp\/v2\/pages\/11312","targetHints":{"allow":["GET"]}}],"collection":[{"href":"https:\/\/www.sisinternational.com\/it\/wp-json\/wp\/v2\/pages"}],"about":[{"href":"https:\/\/www.sisinternational.com\/it\/wp-json\/wp\/v2\/types\/page"}],"author":[{"embeddable":true,"href":"https:\/\/www.sisinternational.com\/it\/wp-json\/wp\/v2\/users\/1"}],"replies":[{"embeddable":true,"href":"https:\/\/www.sisinternational.com\/it\/wp-json\/wp\/v2\/comments?post=11312"}],"version-history":[{"count":6,"href":"https:\/\/www.sisinternational.com\/it\/wp-json\/wp\/v2\/pages\/11312\/revisions"}],"predecessor-version":[{"id":81774,"href":"https:\/\/www.sisinternational.com\/it\/wp-json\/wp\/v2\/pages\/11312\/revisions\/81774"}],"up":[{"embeddable":true,"href":"https:\/\/www.sisinternational.com\/it\/wp-json\/wp\/v2\/pages\/14510"}],"wp:featuredmedia":[{"embeddable":true,"href":"https:\/\/www.sisinternational.com\/it\/wp-json\/wp\/v2\/media\/66165"}],"wp:attachment":[{"href":"https:\/\/www.sisinternational.com\/it\/wp-json\/wp\/v2\/media?parent=11312"}],"curies":[{"name":"wp","href":"https:\/\/api.w.org\/{rel}","templated":true}]}}