{"id":11298,"date":"2014-11-05T01:52:20","date_gmt":"2014-11-05T01:52:20","guid":{"rendered":"https:\/\/www.sisinternational.com\/upgrade\/?page_id=11298"},"modified":"2026-01-25T18:00:29","modified_gmt":"2026-01-25T23:00:29","slug":"forum-di-discussione-di-bollettini-online","status":"publish","type":"page","link":"https:\/\/www.sisinternational.com\/it\/soluzioni\/soluzioni-di-ricerca-quantitativa-qualitativa\/forum-di-discussione-di-bollettini-online\/","title":{"rendered":"Ricerche di mercato qualitative online"},"content":{"rendered":"<h1 class=\"gb-headline gb-headline-bf3f1a97 gb-headline-text\">Soluzioni di ricerca qualitativa online<\/h1>\n\n\n\n<figure class=\"gb-block-image gb-block-image-27ef2ac0\"><img loading=\"lazy\" decoding=\"async\" width=\"1456\" height=\"816\" class=\"gb-image gb-image-27ef2ac0\" src=\"https:\/\/www.sisinternational.com\/wp-content\/uploads\/2025\/08\/Online-focus-group-19-1.jpg\" srcset=\"https:\/\/www.sisinternational.com\/wp-content\/uploads\/2025\/08\/Online-focus-group-19-1.jpg 1456w, https:\/\/www.sisinternational.com\/wp-content\/uploads\/2025\/08\/Online-focus-group-19-1-300x168.jpg 300w, https:\/\/www.sisinternational.com\/wp-content\/uploads\/2025\/08\/Online-focus-group-19-1-1024x574.jpg 1024w, https:\/\/www.sisinternational.com\/wp-content\/uploads\/2025\/08\/Online-focus-group-19-1-768x430.jpg 768w, https:\/\/www.sisinternational.com\/wp-content\/uploads\/2025\/08\/Online-focus-group-19-1-18x10.jpg 18w\" sizes=\"auto, (max-width: 1456px) 100vw, 1456px\" alt=\"Ricerca e strategia di mercato internazionale SIS\"><\/figure>\n\n\n\n<p><\/p>\n\n\n\n<hr class=\"wp-block-separator has-alpha-channel-opacity is-style-dots\"\/>\n\n\n\n<h2 class=\"wp-block-heading p1\">I tuoi clienti trascorrono pi\u00f9 tempo online. La ricerca qualitativa online scopre approfondimenti che ti aiutano a migliorare le prestazioni della tua azienda.<\/h2>\n\n\n\n<p><span style=\"font-weight: 400;\">L&#039;avvento delle soluzioni di ricerca qualitativa online segna una transizione significativa rispetto ai metodi tradizionali, offrendo una suite di strumenti che approfondiscono gli aspetti qualitativi della ricerca di mercato. Queste soluzioni sfruttano la tecnologia all\u2019avanguardia per fornire un livello di dettaglio e sfumatura precedentemente irraggiungibile, facilitando una comprensione pi\u00f9 completa del panorama del mercato.<\/span><\/p>\n\n\n\n<h2 class=\"wp-block-heading\"><strong>Importanza di scegliere le giuste soluzioni di ricerca qualitativa online<\/strong><\/h2>\n\n\n\n<p><span style=\"font-weight: 400;\">Le soluzioni di ricerca qualitativa online offrono un punto di vista unico per comprendere le sottigliezze del comportamento dei clienti e le tendenze del mercato. A differenza dei metodi quantitativi che forniscono dati statistici, la ricerca qualitativa approfondisce il \u201cperch\u00e9\u201d dietro le scelte dei consumatori. Questa visione pi\u00f9 approfondita \u00e8 fondamentale per consentire alle aziende di personalizzare in modo efficace i propri prodotti e le proprie strategie di marketing.<\/span><\/p>\n\n\n\n<p><span style=\"font-weight: 400;\">Sfruttando strumenti avanzati come focus group virtuali, interviste approfondite ed etnografia online, le aziende possono raccogliere dati ricchi e ricchi di sfumature che i metodi tradizionali potrebbero non cogliere.<\/span><\/p>\n\n\n\n<h2 class=\"wp-block-heading\">Tipi di ricerca qualitativa online<\/h2>\n\n\n\n<h3 class=\"wp-block-heading\"><strong>Bacheche online<\/strong><\/h3>\n\n\n\n<p class=\"p1\">Le bacheche online in genere coinvolgono tra 10 e 20 intervistati. I clienti possono partecipare e assistere nell&#039;esecuzione della ricerca supervisionando il contenuto generato dagli intervistati. Questo \u00e8 un netto vantaggio per questa metodologia di ricerca dal punto di vista del cliente, poich\u00e9 offre alle parti interessate finali un&#039;opportunit\u00e0 pi\u00f9 diretta di coinvolgere i partecipanti senza influenzare il loro feedback.<\/p>\n\n\n\n<h3 class=\"wp-block-heading p1\"><strong>Videointerviste<\/strong><\/h3>\n\n\n\n<p class=\"p1\">Now, with the emergence of mobile video platforms, researchers are using respondent-generated video content to gain much deeper insights into consumer behavior. Qualitative Research platforms can now analyze voice, behavior, and words spoken.&nbsp; With the ability to capture video and audio generated by respondents, researchers can analyze \u201cdigital body language,\u201d or the nonverbal communication that was once only accessible by conducting in-person studies.<\/p>\n\n\n\n<h3 class=\"wp-block-heading\"><b>Focus group virtuali<\/b><\/h3>\n\n\n\n<p><span style=\"font-weight: 400;\">Questi vengono condotti online, consentendo ai partecipanti provenienti da diverse posizioni geografiche di impegnarsi in discussioni. Gli strumenti per queste sessioni includono spesso piattaforme di videoconferenza con funzionalit\u00e0 per l&#039;interazione in tempo reale e la raccolta di dati.<\/span><\/p>\n\n\n\n<p><span style=\"font-weight: 400;\">Virtual Focus Groups are like traditional focus group discussions but conducted over the Internet using digital platforms. The primary goal is to gather qualitative data by encouraging participant interaction and discussion. These discussions can reveal insights into consumer attitudes, perceptions, and decision-making processes that might not be apparent in quantitative surveys.<\/span><\/p>\n\n\n\n<h3 class=\"wp-block-heading\"><b>Interviste approfondite online (IDI)<\/b><\/h3>\n\n\n\n<p><span style=\"font-weight: 400;\"><a href=\"https:\/\/www.sisinternational.com\/it\/interviste-f2f-e-online-i-pro-e-i-contro\/\" title=\"Interviste F2F e online: pro e contro\"  data-wpil-monitor-id=\"970\">Online in-depth interviews<\/a> involve one-on-one sessions between a researcher and a participant, conducted using online communication tools such as video conferencing software. The aim is to deeply understand the participant\u2019s perspectives, experiences, or behaviors. These interviews allow for the exploration of complex topics, with the flexibility to probe and ask follow-up questions based on the participant&#8217;s responses.<\/span><\/p>\n\n\n\n<h3 class=\"wp-block-heading\"><b>Etnografia mobile<\/b><\/h3>\n\n\n\n<p><span style=\"font-weight: 400;\">Mobile ethnography is an innovative and increasingly popular method within <a href=\"https:\/\/www.sisinternational.com\/it\/soluzioni\/soluzioni-di-ricerca-quantitativa-qualitativa\/ricerche-di-mercato-etnografiche\/\" title=\"Ricerche di mercato etnografiche\"  data-wpil-monitor-id=\"6459\">online qualitative research<\/a> solutions that leverages mobile technology to gather deep, contextual insights into consumer behavior and experiences.&nbsp;<\/span><\/p>\n\n\n\n<p><span style=\"font-weight: 400;\">L&#039;etnografia mobile coinvolge i partecipanti che utilizzano i propri dispositivi mobili per documentare e condividere le loro esperienze quotidiane, interazioni e ambienti in tempo reale. L\u2019obiettivo \u00e8 acquisire una comprensione autentica dei comportamenti, degli stili di vita e dei contesti dei consumatori osservandoli nei loro contesti naturali. Questo metodo fornisce una visione pi\u00f9 autentica e olistica dell\u2019esperienza del consumatore rispetto ai metodi di ricerca tradizionali.<\/span><\/p>\n\n\n\n<h3 class=\"wp-block-heading\"><b>Sondaggi e sondaggi online<\/b><\/h3>\n\n\n\n<p><span style=\"font-weight: 400;\">I sondaggi e i sondaggi online sono questionari o sondaggi digitali progettati per raccogliere informazioni da numerosi intervistati su Internet. Sebbene siano generalmente utilizzati per dati quantitativi, possono anche essere realizzati per raccogliere approfondimenti qualitativi includendo domande aperte che consentono agli intervistati di esprimere i propri pensieri e opinioni in dettaglio.<\/span><\/p>\n\n\n\n<h2 class=\"wp-block-heading p1\">Vantaggi della ricerca qualitativa online<\/h2>\n\n\n\n<figure class=\"gb-block-image gb-block-image-0b88801b\"><img loading=\"lazy\" decoding=\"async\" width=\"1456\" height=\"816\" class=\"gb-image gb-image-0b88801b\" src=\"https:\/\/www.sisinternational.com\/wp-content\/uploads\/2025\/08\/Online-focus-group-6-1.jpg\" srcset=\"https:\/\/www.sisinternational.com\/wp-content\/uploads\/2025\/08\/Online-focus-group-6-1.jpg 1456w, https:\/\/www.sisinternational.com\/wp-content\/uploads\/2025\/08\/Online-focus-group-6-1-300x168.jpg 300w, https:\/\/www.sisinternational.com\/wp-content\/uploads\/2025\/08\/Online-focus-group-6-1-1024x574.jpg 1024w, https:\/\/www.sisinternational.com\/wp-content\/uploads\/2025\/08\/Online-focus-group-6-1-768x430.jpg 768w, https:\/\/www.sisinternational.com\/wp-content\/uploads\/2025\/08\/Online-focus-group-6-1-18x10.jpg 18w\" sizes=\"auto, (max-width: 1456px) 100vw, 1456px\" alt=\"Ricerca e strategia di mercato internazionale SIS\"><\/figure>\n\n\n\n<p><\/p>\n\n\n\n<p><span style=\"font-weight: 400;\">La ricerca qualitativa online offre numerosi vantaggi rispetto ai metodi tradizionali:<\/span><\/p>\n\n\n\n<p><b>\u2022 Portata geografica e diversit\u00e0 pi\u00f9 ampie:<\/b><span style=\"font-weight: 400;\"> La ricerca online rompe le barriere geografiche, consentendo ai ricercatori di interagire con partecipanti provenienti da luoghi diversi. Ci\u00f2 aumenta la variet\u00e0 e la ricchezza dei dati raccolti.<\/span><\/p>\n\n\n\n<p><b>\u2022 Efficacia dei costi:<\/b><span style=\"font-weight: 400;\"> Riduce i costi relativi al viaggio, all&#039;affitto della sede e ai materiali stampati. Gli strumenti online spesso hanno costi inferiori, rendendo la ricerca pi\u00f9 accessibile.<\/span><\/p>\n\n\n\n<p><b>\u2022 Efficienza temporale: <\/b><span style=\"font-weight: 400;\">Pianificare e condurre interviste, focus group o sondaggi online pu\u00f2 essere pi\u00f9 efficiente in termini di tempo. I partecipanti e i ricercatori possono impegnarsi dai loro ambienti, risparmiando tempo dedicato agli spostamenti e alla preparazione.<\/span><\/p>\n\n\n\n<p><b>\u2022 Flessibilit\u00e0 nella raccolta dati: <\/b><span style=\"font-weight: 400;\">Le piattaforme online offrono vari metodi per la raccolta dei dati, come chat, videochiamate o forum. Questa flessibilit\u00e0 pu\u00f2 portare a dati pi\u00f9 approfonditi e variegati.<\/span><\/p>\n\n\n\n<p><b>\u2022 Strumenti innovativi di analisi dei dati:<\/b><span style=\"font-weight: 400;\"> Online research tools often include advanced data analysis features, enabling more sophisticated and quicker qualitative data analysis.<\/span><\/p>\n\n\n\n<p><b>\u2022 Accessibilit\u00e0 per i partecipanti con disabilit\u00e0: <\/b><span style=\"font-weight: 400;\">Online methods can be more accessible for people with physical disabilities or those who cannot travel.<\/span><\/p>\n\n\n\n<p><b>\u2022 Raccolta e analisi dei dati in tempo reale:<\/b><span style=\"font-weight: 400;\"> Gli strumenti online consentono la raccolta e l\u2019analisi immediata dei dati, facilitando un processo di ricerca pi\u00f9 dinamico.<\/span><\/p>\n\n\n\n<p><b>\u2022 Gli studi longitudinali sono diventati pi\u00f9 semplici: <\/b><span style=\"font-weight: 400;\">Le piattaforme online semplificano la conduzione di studi longitudinali, poich\u00e9 i partecipanti possono essere raggiunti per studi di follow-up senza vincoli geografici.<\/span><\/p>\n\n\n\n<h2 class=\"wp-block-heading\"><strong>Opportunit\u00e0 nella ricerca qualitativa online<\/strong><\/h2>\n\n\n\n<p><span style=\"font-weight: 400;\">La ricerca qualitativa online offre numerose opportunit\u00e0 per le imprese, tra cui:<\/span><\/p>\n\n\n\n<p><b>\u2022 Segmentazione del mercato:<\/b><span style=\"font-weight: 400;\"> Gli strumenti online consentono studi di segmentazione efficienti, aiutando le aziende a identificare e comprendere diversi gruppi di clienti e ad adattare di conseguenza le proprie offerte.<\/span><\/p>\n\n\n\n<p><b>\u2022 Sviluppo e innovazione del prodotto: <\/b><span style=\"font-weight: 400;\">Interagire con i clienti online pu\u00f2 fornire feedback preziosi per lo sviluppo del prodotto. Ci\u00f2 pu\u00f2 portare a prodotti o servizi pi\u00f9 innovativi e incentrati sull\u2019utente.<\/span><\/p>\n\n\n\n<p><b>\u2022 Testare le campagne di marketing: <\/b><span style=\"font-weight: 400;\">Prima del lancio completo, le campagne di marketing possono essere testate tramite focus group o sondaggi online per valutare l&#039;efficacia e apportare le modifiche necessarie.<\/span><\/p>\n\n\n\n<p><b>\u2022 Portata globale:<\/b><span style=\"font-weight: 400;\"> Online <a href=\"https:\/\/www.sisinternational.com\/it\/competenza\/industrie\/ricerche-di-mercato-sullabbigliamento-antipioggia\/\" title=\"Ricerche di mercato sull\u2019abbigliamento antipioggia\"  data-wpil-monitor-id=\"4519\">research allows businesses to reach international markets<\/a> and understand global trends, aiding in expansion and global marketing strategies.<\/span><\/p>\n\n\n\n<p><b>\u2022 Feedback e coinvolgimento dei dipendenti: <\/b><span style=\"font-weight: 400;\">Le aziende possono anche utilizzare metodi qualitativi online per raccogliere feedback dai dipendenti, migliorare i processi interni e l\u2019ambiente di lavoro.<\/span><\/p>\n\n\n\n<p><b>\u2022 Approfondimenti sulla gestione delle crisi: <\/b>In times of crisis, online <a href=\"https:\/\/www.sisinternational.com\/it\/competenza\/industrie\/ricerche-di-mercato-sui-costumi-da-bagno\/\" title=\"Ricerche di mercato sui costumi da bagno\"  data-wpil-monitor-id=\"4542\">research can provide rapid insights into market<\/a> reactions and consumer sentiments, enabling quicker and more effective response strategies.<\/span><\/p>\n\n\n\n<p><b>\u2022 Costruzione di relazioni a lungo termine:<\/b><span style=\"font-weight: 400;\"> Engaging customers and stakeholders in ongoing research can help build long-term relationships and <a href=\"https:\/\/www.sisinternational.com\/it\/ricerca-qualitativa-in-cina\/\" title=\"Ricerca qualitativa in Cina\"  data-wpil-monitor-id=\"2197\">brand<\/a> loyalty.<\/span><\/p>\n\n\n\n<h2 class=\"wp-block-heading\"><strong>Sfide nella ricerca qualitativa online<\/strong><\/h2>\n\n\n\n<p><span style=\"font-weight: 400;\">La ricerca qualitativa online, pur offrendo numerosi vantaggi, presenta anche diverse sfide per le imprese:<\/span><\/p>\n\n\n\n<p><b>\u2022 Divario digitale e problemi di accessibilit\u00e0: <\/b><span style=\"font-weight: 400;\">Not all target audiences may have equal access to digital platforms or the Internet. If certain demographics are underrepresented, this can lead to skewed results.<\/span><\/p>\n\n\n\n<p><b>\u2022 Tassi di coinvolgimento e partecipazione:<\/b><span style=\"font-weight: 400;\"> Maintaining participant engagement online can be challenging. There&#8217;s also a risk of higher dropout rates in online studies compared to face-to-face interactions.<\/span><\/p>\n\n\n\n<p><b>\u2022 Segnali non verbali e profondit\u00e0 dei dati: <\/b><span style=\"font-weight: 400;\">Online interactions may lack the richness of non-verbal cues in face-to-face interviews, potentially impacting the depth and quality of data collected.<\/span><\/p>\n\n\n\n<p><b>\u2022 Sfide tecniche e affidabilit\u00e0: <\/b><span style=\"font-weight: 400;\">Problemi tecnici come la scarsa connettivit\u00e0 Internet, problemi software o scarsa familiarit\u00e0 con gli strumenti digitali possono influire sulla qualit\u00e0 e sulla coerenza dei risultati della ricerca.<\/span><\/p>\n\n\n\n<p><b>\u2022 Autenticit\u00e0 e onest\u00e0 del partecipante: <\/b><span style=\"font-weight: 400;\">Ensuring participants&#8217; authenticity and responses is more challenging online, as the lack of physical presence can encourage dishonesty or misrepresentation.<\/span><\/p>\n\n\n\n<p><b>\u2022 Barriere culturali e linguistiche: <\/b><span style=\"font-weight: 400;\">When researching different countries and cultures, linguistic and cultural barriers can be more pronounced, affecting communication and understanding.<\/span><\/p>\n\n\n\n<p><b>\u2022 Costruire un rapporto: <\/b><span style=\"font-weight: 400;\">Stabilire un rapporto e una fiducia con i partecipanti pu\u00f2 essere pi\u00f9 impegnativo online, il che potrebbe incidere sulla qualit\u00e0 delle interazioni e dei dati raccolti.<\/span><\/p>\n\n\n\n<h2 class=\"wp-block-heading\">La nostra sede a New York<\/h2>\n\n\n\n<p>\n\n\n\n<iframe loading=\"lazy\" src=\"https:\/\/www.google.com\/maps\/embed?pb=!1m18!1m12!1m3!1d3022.976188376966!2d-73.99130312499956!3d40.740549471389315!2m3!1f0!2f0!3f0!3m2!1i1024!2i768!4f13.1!3m3!1m2!1s0x89c259a15798c731%3A0xd695d09bdd495f25!2s11%20E%2022nd%20St%20FL%202%2C%20New%20York%2C%20NY%2010010%2C%20USA!5e0!3m2!1sen!2spe!4v1726171763526!5m2!1sen!2spe\" width=\"600\" height=\"450\" allowfullscreen=\"allowfullscreen\" data-mce-fragment=\"1\"><\/iframe>\n\n\n\n<\/p>\n\n\n\n<h3 class=\"wp-block-heading\">11 E 22nd Street, piano 2, New York, NY 10010 T: +1(212) 505-6805<\/h3>\n\n\n\n<p><\/p>\n\n\n\n<h2 class=\"wp-block-heading\"><span style=\"font-weight: 400;\">A proposito di SIS Internazionale<\/span><\/h2>\n\n\n\n<p><a href=\"https:\/\/www.sisinternational.com\/it\/\"><span style=\"font-weight: 400;\">SIS Internazionale<\/span><\/a><span style=\"font-weight: 400;\"> offre ricerca quantitativa, qualitativa e strategica. Forniamo dati, strumenti, strategie, report e approfondimenti per il processo decisionale. Conduciamo anche interviste, sondaggi, focus group e altri metodi e approcci di ricerca di mercato.<\/span><a href=\"https:\/\/www.sisinternational.com\/it\/sulla-sua-ricerca-internazionale\/contact-sis-international-market-research\/\"><span style=\"font-weight: 400;\"> Contattaci<\/span><\/a><span style=\"font-weight: 400;\"> per il tuo prossimo progetto di ricerca di mercato.<\/span><\/p>\n\n\n\n<p><\/p>","protected":false},"excerpt":{"rendered":"<p>I tuoi clienti trascorrono pi\u00f9 tempo online. Scopri nuove informazioni sui clienti per migliorare le prestazioni della tua azienda.<\/p>","protected":false},"author":1,"featured_media":63025,"parent":14660,"menu_order":1,"comment_status":"closed","ping_status":"closed","template":"","meta":{"footnotes":""},"class_list":["post-11298","page","type-page","status-publish","has-post-thumbnail"],"_links":{"self":[{"href":"https:\/\/www.sisinternational.com\/it\/wp-json\/wp\/v2\/pages\/11298","targetHints":{"allow":["GET"]}}],"collection":[{"href":"https:\/\/www.sisinternational.com\/it\/wp-json\/wp\/v2\/pages"}],"about":[{"href":"https:\/\/www.sisinternational.com\/it\/wp-json\/wp\/v2\/types\/page"}],"author":[{"embeddable":true,"href":"https:\/\/www.sisinternational.com\/it\/wp-json\/wp\/v2\/users\/1"}],"replies":[{"embeddable":true,"href":"https:\/\/www.sisinternational.com\/it\/wp-json\/wp\/v2\/comments?post=11298"}],"version-history":[{"count":11,"href":"https:\/\/www.sisinternational.com\/it\/wp-json\/wp\/v2\/pages\/11298\/revisions"}],"predecessor-version":[{"id":80042,"href":"https:\/\/www.sisinternational.com\/it\/wp-json\/wp\/v2\/pages\/11298\/revisions\/80042"}],"up":[{"embeddable":true,"href":"https:\/\/www.sisinternational.com\/it\/wp-json\/wp\/v2\/pages\/14660"}],"wp:featuredmedia":[{"embeddable":true,"href":"https:\/\/www.sisinternational.com\/it\/wp-json\/wp\/v2\/media\/63025"}],"wp:attachment":[{"href":"https:\/\/www.sisinternational.com\/it\/wp-json\/wp\/v2\/media?parent=11298"}],"curies":[{"name":"wp","href":"https:\/\/api.w.org\/{rel}","templated":true}]}}