{"id":11123,"date":"2014-11-01T16:15:59","date_gmt":"2014-11-01T16:15:59","guid":{"rendered":"https:\/\/www.sisinternational.com\/upgrade\/?page_id=11123"},"modified":"2026-01-26T18:12:33","modified_gmt":"2026-01-26T23:12:33","slug":"ricerche-di-mercato-etnografiche","status":"publish","type":"page","link":"https:\/\/www.sisinternational.com\/it\/soluzioni\/soluzioni-di-ricerca-quantitativa-qualitativa\/ricerche-di-mercato-etnografiche\/","title":{"rendered":"Ricerche di mercato etnografiche"},"content":{"rendered":"<h1 class=\"wp-block-heading\"><span class=\"s1\">Ricerche di mercato etnografiche<\/span><\/h1>\n\n\n\n<figure class=\"gb-block-image gb-block-image-63d83034\"><img loading=\"lazy\" decoding=\"async\" width=\"1456\" height=\"816\" class=\"gb-image gb-image-63d83034\" src=\"https:\/\/www.sisinternational.com\/wp-content\/uploads\/2025\/09\/Etnography-market-research-3-1.jpg\" alt=\"Ricerca e strategia di mercato internazionale SIS\" title=\"Etnography market research (3)\" srcset=\"https:\/\/www.sisinternational.com\/wp-content\/uploads\/2025\/09\/Etnography-market-research-3-1.jpg 1456w, https:\/\/www.sisinternational.com\/wp-content\/uploads\/2025\/09\/Etnography-market-research-3-1-300x168.jpg 300w, https:\/\/www.sisinternational.com\/wp-content\/uploads\/2025\/09\/Etnography-market-research-3-1-1024x574.jpg 1024w, https:\/\/www.sisinternational.com\/wp-content\/uploads\/2025\/09\/Etnography-market-research-3-1-768x430.jpg 768w, https:\/\/www.sisinternational.com\/wp-content\/uploads\/2025\/09\/Etnography-market-research-3-1-18x10.jpg 18w\" sizes=\"auto, (max-width: 1456px) 100vw, 1456px\"><\/figure>\n\n\n\n<blockquote class=\"wp-block-quote is-layout-flow wp-block-quote-is-layout-flow\">\n<p>L&#039;etnografia \u00e8 un metodo di ricerca di mercato qualitativo in cui un moderatore e un piccolo gruppo di ricerca intervisteranno un intervistato a casa o in ufficio per ottenere informazioni osservative sul loro stile di vita e comportamento quotidiano.<\/p>\n<\/blockquote>\n\n\n\n<p>L\u2019importanza di comprendere le abitudini dei consumatori per sviluppare strategie di marketing e prodotti creativi di successo sta diventando sempre pi\u00f9 fondamentale \u2013 e la ricerca di mercato etnografica sta diventando una fonte di riferimento.<\/p>\n\n\n\n<p>Questo approccio prevede che i ricercatori si immergano nell&#039;ambiente quotidiano del cliente per esaminare e interpretare il suo comportamento. Avvicinandosi ai clienti, le aziende possono acquisire preziose informazioni sulle influenze culturali e sociali dei propri clienti e perfezionare i propri prodotti e servizi.<\/p>\n\n\n\n<h2 class=\"wp-block-heading\">Cos\u2019\u00e8 la ricerca di mercato etnografica?<\/h2>\n\n\n\n<p>La ricerca di mercato etnografica \u00e8 un metodo arricchente e qualitativo volto a scoprire le sfumature dei consumatori. Utilizzando la ricerca di mercato etnografica, le aziende possono scoprire comportamenti, atteggiamenti, credenze e pratiche culturali che spiegano perch\u00e9 i consumatori acquistano determinati prodotti o servizi. Ci\u00f2 consente alle aziende di acquisire informazioni preziose su come dovrebbero agire<span class=\"Apple-converted-space\">&nbsp; <\/span>personalizzare i messaggi di marketing per gruppi specifici.<\/p>\n\n\n\n<p>Scava anche nella mente dei consumatori, rivelando aspetti nascosti che non possono essere rilevati attraverso sondaggi o tipiche sessioni di focus group.<\/p>\n\n\n\n<p>Per questo motivo, i risultati hanno un valore inestimabile e possono portare alla creazione di prodotti innovativi, a campagne di marketing di successo e a messaggi di marchio ancora pi\u00f9 significativi che arrivano direttamente alla mente dei clienti.<\/p>\n\n\n\n<h3 class=\"wp-block-heading\">Importanza della ricerca di mercato etnografica nella comprensione del comportamento dei consumatori<\/h3>\n\n\n\n<p><a href=\"https:\/\/www.sisinternational.com\/it\/competenza\/curriculum-di-esperienza\/curriculum-dellesperienza-negli-studi-etnografici\/\" title=\"Esperienza in ricerche di mercato etnografiche\"  data-wpil-monitor-id=\"6353\">Ethnography market research<\/a> allows researchers to better understand the cultural and social elements that shape consumers&#8217; choices. It enables researchers to view customers&#8217; behaviors in their natural setting \u2013 offering deeper comprehension of consumer preferences.<\/p>\n\n\n\n<p>Pertanto, le aziende traggono vantaggio dalla ricerca di mercato etnografica e acquisiscono informazioni sui bisogni, desideri, atteggiamenti, convinzioni, abitudini e motivazioni del loro pubblico target.<\/p>\n\n\n\n<p>These insights are critical for creating new products and tailoring marketing campaigns that truly connect with consumers on an emotional level. Additionally, <a href=\"https:\/\/www.sisinternational.com\/it\/soluzioni\/soluzioni-di-branding-e-ricerca-clienti\/ricerca-videoetnografica\/\" title=\"Ricerca etnografica video\"  data-wpil-monitor-id=\"6794\">ricerche di mercato etnografiche<\/a> lets businesses spot unmet consumer needs, especially, in international markets where culture-driven factors affect sales.<\/p>\n\n\n\n<p>Attraverso la ricerca osservativa, i ricercatori sono in grado di ottenere informazioni dettagliate sul comportamento naturale dei partecipanti osservandoli nel loro ambiente. Questo approccio distinto consente una comprensione delle risposte spontanee e autentiche che potrebbero non essere identificate in un ambiente di laboratorio strutturato.<\/p>\n\n\n\n<figure class=\"gb-block-image gb-block-image-f178cd1a\"><img loading=\"lazy\" decoding=\"async\" width=\"1456\" height=\"816\" class=\"gb-image gb-image-f178cd1a\" src=\"https:\/\/www.sisinternational.com\/wp-content\/uploads\/2025\/09\/Etnography-market-research-2.jpg\" alt=\"Ricerca e strategia di mercato internazionale SIS\" title=\"Etnography market research (2)\" srcset=\"https:\/\/www.sisinternational.com\/wp-content\/uploads\/2025\/09\/Etnography-market-research-2.jpg 1456w, https:\/\/www.sisinternational.com\/wp-content\/uploads\/2025\/09\/Etnography-market-research-2-300x168.jpg 300w, https:\/\/www.sisinternational.com\/wp-content\/uploads\/2025\/09\/Etnography-market-research-2-1024x574.jpg 1024w, https:\/\/www.sisinternational.com\/wp-content\/uploads\/2025\/09\/Etnography-market-research-2-768x430.jpg 768w, https:\/\/www.sisinternational.com\/wp-content\/uploads\/2025\/09\/Etnography-market-research-2-18x10.jpg 18w\" sizes=\"auto, (max-width: 1456px) 100vw, 1456px\"><\/figure>\n\n\n\n<p><\/p>\n\n\n\n<h3 class=\"wp-block-heading\">Vantaggi della ricerca di mercato etnografica<\/h3>\n\n\n\n<p>Questa metodologia offre vantaggi chiave rispetto agli approcci pi\u00f9 tradizionali alla ricerca qualitativa come focus group o interviste approfondite che si svolgono presso una struttura di ricerca. Quando un intervistato viene allontanato dall&#039;ambiente in cui normalmente interagisce con l&#039;oggetto della ricerca, \u00e8 costretto a basare le proprie dichiarazioni su esperienze precedenti, esponendo le proprie intuizioni alla fallibilit\u00e0 della memoria umana e alle influenze di altre opinioni nel gruppo, o &quot;pensiero di gruppo&quot;.<\/p>\n\n\n\n<p><span class=\"s2\">Un approccio di ricerca di mercato etnografica interna offre una visione molto pi\u00f9 chiara e olistica di come un prodotto si adatta allo stile di vita di un consumatore. Quando si conduce un&#039;etnografia a domicilio, un ricercatore pu\u00f2 osservare in prima persona come un consumatore interagisce con un prodotto e lo utilizza nel contesto della vita pratica e quotidiana, consentendo una comprensione molto pi\u00f9 sfumata delle potenziali aree di miglioramento del prodotto e un quadro generale pi\u00f9 ampio. apprezzamento per chi sono realmente i consumatori target. Potremmo raccogliere &quot;artefatti&quot; o compiti a casa con il permesso del consumatore per ottenere una comprensione pi\u00f9 approfondita. Questo metodo aiuta i nostri clienti a comprendere il comportamento e le convinzioni dal punto di vista dei clienti.<\/span><\/p>\n\n\n\n<p>Il vero valore nella ricerca etnografica spesso si presenta sotto forma di un&#039;osservazione sottile del comportamento dell&#039;intervistato quando interagisce con il soggetto della ricerca. Cosa li fa \u201cilluminare\u201d quando parlano del prodotto? Cosa li frustra a riguardo? Utilizzano il prodotto per scopi che non erano originariamente previsti o concepiti? La ricerca etnografica pu\u00f2 rivelare le risposte a queste domande e, in definitiva, fornire ai professionisti del marketing e agli sviluppatori di prodotti informazioni preziose sulla loro base di consumatori.<\/p>\n\n\n\n<p>Di conseguenza, con il suo ampio potenziale in vari settori, la ricerca di mercato etnografica offre una serie di vantaggi da considerare, tra cui:<\/p>\n\n\n\n<ul class=\"wp-block-list\">\n<li><b>Conoscenza approfondita del comportamento dei consumatori<\/b>: Attraverso la ricerca di mercato etnografica, le aziende possono acquisire una comprensione pi\u00f9 profonda delle abitudini e delle decisioni dei consumatori. Esaminando attentamente i clienti nei loro ambienti, i ricercatori hanno l&#039;opportunit\u00e0 di identificare le motivazioni alla base della fedelt\u00e0 alla marca o dell&#039;utilizzo del prodotto. Questa forma di raccolta dati aiuta le aziende a determinare cosa guida il comportamento dei clienti e come possono sfruttare queste informazioni per migliorare le attivit\u00e0 di marketing.<\/li>\n\n\n\n<li><b>Progettazione e sviluppo del prodotto<\/b>: Sfruttando la ricerca di mercato etnografica, i progettisti di prodotto possono ottenere preziose informazioni sui bisogni e sui desideri dei consumatori per realizzare prodotti che siano allo stesso tempo facili da usare ed esteticamente unici. Con questa metodologia di ricerca, gli sviluppatori di prodotti hanno una maggiore capacit\u00e0 di creare soluzioni che soddisfino le aspettative dei clienti. Questa pratica consente un processo di progettazione pi\u00f9 snello che si traduce in prodotti intuitivi che completano lo stile di vita degli utenti.<\/li>\n\n\n\n<li><b>Sviluppo della strategia di marketing<\/b>: Le aziende possono creare strategie e campagne di marketing pi\u00f9 mirate utilizzando la ricerca di mercato etnografica. Aiuta le aziende a comprendere i fattori culturali e sociali sottostanti che influenzano il comportamento dei consumatori e i ricercatori possono comprendere come i clienti utilizzano prodotti e servizi, apportando miglioramenti alle campagne di marketing.<\/li>\n<\/ul>\n\n\n\n<h3 class=\"wp-block-heading\">Sfide della ricerca di mercato etnografica<\/h3>\n\n\n\n<p>Though ethnographic market <a href=\"https:\/\/www.sisinternational.com\/it\/competenza\/industrie\/ricerca-di-mercato-sullintenzione-dellacquirente\/\" title=\"Ricerche di mercato sulle intenzioni dell&#039;acquirente\"  data-wpil-monitor-id=\"7154\">ricerca<\/a> offers a wealth of knowledge about buyer activities, there are many drawbacks involved with this approach.<\/p>\n\n\n\n<ul class=\"wp-block-list\">\n<li>La ricerca di mercato etnografica richiede l&#039;osservazione attenta e l&#039;esame di un campione rappresentativo di partecipanti, il che pu\u00f2 limitare l&#039;estrapolazione dei risultati. Pertanto, i ricercatori devono essere consapevoli di non fare affermazioni su una popolazione estesa basate su dimensioni del campione insignificantemente piccole.<\/li>\n\n\n\n<li>Ha bisogno di investimenti intensivi sia in termini di tempo che di risorse. Per comprendere veramente le esperienze dei partecipanti, i ricercatori devono osservarli nel loro ambiente naturale, un processo che pu\u00f2 essere lungo e costoso.<\/li>\n\n\n\n<li>In determinate circostanze, ottenere il consenso dei partecipanti pu\u00f2 essere difficile. Potrebbero non volere che un ricercatore li osservi nel loro ambiente o potrebbero sentirsi a disagio nel rivelare dettagli privati.<\/li>\n\n\n\n<li>La ricerca di mercato etnografica richiede un&#039;attenta considerazione delle prospettive personali del ricercatore e dei potenziali pregiudizi. Dipende molto da come vengono interpretate le informazioni e gli osservatori devono prestare particolare attenzione a non permettere alle proprie opinioni di distorcere i dati raccolti.<\/li>\n\n\n\n<li>Le ricerche di mercato etnografiche possono produrre grandi quantit\u00e0 di dati. Tuttavia, \u00e8 fondamentale analizzare le informazioni con accuratezza e precisione per garantire che i risultati siano accurati.<\/li>\n<\/ul>\n\n\n\n<h4 class=\"wp-block-heading\">Informazioni sulla ricerca di mercato etnografica SIS<\/h4>\n\n\n\n<p>SIS \u00e8 una societ\u00e0 leader nelle ricerche di mercato. Forniamo ricerche di mercato etnografiche in tutto il mondo. Effettuiamo:<\/p>\n\n\n\n<ul class=\"wp-block-list\">\n<li><strong>Etnografia domestica<\/strong><\/li>\n\n\n\n<li><strong>Etnografia in negozio<\/strong><\/li>\n\n\n\n<li><strong>Etnografia in ufficio<\/strong><\/li>\n\n\n\n<li><strong>Etnografia a bordo dei veicoli<\/strong><\/li>\n\n\n\n<li><strong>Etnografia mobile e online<\/strong><\/li>\n<\/ul>\n\n\n\n<p>Abbiamo capacit\u00e0 negli Stati Uniti, in Europa, Cina e Asia. La nostra differenziazione \u00e8 la qualit\u00e0 delle nostre conoscenze, la copertura del mercato globale, le interviste multilingue, il servizio clienti 24 ore su 24 e le nostre estese capacit\u00e0 di analisi qualitativa.<\/p>\n\n\n\n<p>SIS International offre ricerca quantitativa, qualitativa e strategica. Forniamo dati, strumenti, strategie, report e approfondimenti per il processo decisionale. Conduciamo interviste, sondaggi, focus group e molti altri metodi e approcci di ricerca di mercato. Contattaci per il tuo prossimo progetto di ricerca di mercato.<\/p>\n\n\n\n<p><\/p>","protected":false},"excerpt":{"rendered":"<p>La ricerca di mercato etnografica svela informazioni su clienti e comportamenti. Conduciamo etnografia in casa, negozio e ufficio in tutto il mondo. Saperne di pi\u00f9.<\/p>","protected":false},"author":1,"featured_media":67284,"parent":14660,"menu_order":0,"comment_status":"closed","ping_status":"closed","template":"","meta":{"footnotes":""},"class_list":["post-11123","page","type-page","status-publish","has-post-thumbnail"],"_links":{"self":[{"href":"https:\/\/www.sisinternational.com\/it\/wp-json\/wp\/v2\/pages\/11123","targetHints":{"allow":["GET"]}}],"collection":[{"href":"https:\/\/www.sisinternational.com\/it\/wp-json\/wp\/v2\/pages"}],"about":[{"href":"https:\/\/www.sisinternational.com\/it\/wp-json\/wp\/v2\/types\/page"}],"author":[{"embeddable":true,"href":"https:\/\/www.sisinternational.com\/it\/wp-json\/wp\/v2\/users\/1"}],"replies":[{"embeddable":true,"href":"https:\/\/www.sisinternational.com\/it\/wp-json\/wp\/v2\/comments?post=11123"}],"version-history":[{"count":8,"href":"https:\/\/www.sisinternational.com\/it\/wp-json\/wp\/v2\/pages\/11123\/revisions"}],"predecessor-version":[{"id":80716,"href":"https:\/\/www.sisinternational.com\/it\/wp-json\/wp\/v2\/pages\/11123\/revisions\/80716"}],"up":[{"embeddable":true,"href":"https:\/\/www.sisinternational.com\/it\/wp-json\/wp\/v2\/pages\/14660"}],"wp:featuredmedia":[{"embeddable":true,"href":"https:\/\/www.sisinternational.com\/it\/wp-json\/wp\/v2\/media\/67284"}],"wp:attachment":[{"href":"https:\/\/www.sisinternational.com\/it\/wp-json\/wp\/v2\/media?parent=11123"}],"curies":[{"name":"wp","href":"https:\/\/api.w.org\/{rel}","templated":true}]}}