{"id":54508,"date":"2024-12-04T05:24:02","date_gmt":"2024-12-04T10:24:02","guid":{"rendered":"https:\/\/www.sisinternational.com\/?page_id=54508"},"modified":"2026-01-24T20:52:37","modified_gmt":"2026-01-25T01:52:37","slug":"etude-de-marche-avec-jury-fictif-3","status":"publish","type":"page","link":"https:\/\/www.sisinternational.com\/fr\/solutions\/legal-market-research\/etude-de-marche-avec-jury-fictif-3\/","title":{"rendered":"Meilleure soci\u00e9t\u00e9 d&#039;\u00e9tudes de march\u00e9 sur les jurys fictifs"},"content":{"rendered":"<h1 class=\"wp-block-heading\">Meilleure soci\u00e9t\u00e9 d&#039;\u00e9tudes de march\u00e9 sur les jurys fictifs<\/h1>\n\n\n\n<figure class=\"gb-block-image gb-block-image-b36c2504\"><img loading=\"lazy\" decoding=\"async\" width=\"1456\" height=\"816\" class=\"gb-image gb-image-b36c2504\" src=\"https:\/\/www.sisinternational.com\/wp-content\/uploads\/2025\/08\/Mock-Jury-4.jpg\" alt=\"\u00c9tudes de march\u00e9 et strat\u00e9gie internationales SIS\" title=\"Mock Jury (4)\" srcset=\"https:\/\/www.sisinternational.com\/wp-content\/uploads\/2025\/08\/Mock-Jury-4.jpg 1456w, https:\/\/www.sisinternational.com\/wp-content\/uploads\/2025\/08\/Mock-Jury-4-300x168.jpg 300w, https:\/\/www.sisinternational.com\/wp-content\/uploads\/2025\/08\/Mock-Jury-4-1024x574.jpg 1024w, https:\/\/www.sisinternational.com\/wp-content\/uploads\/2025\/08\/Mock-Jury-4-768x430.jpg 768w, https:\/\/www.sisinternational.com\/wp-content\/uploads\/2025\/08\/Mock-Jury-4-18x10.jpg 18w\" sizes=\"auto, (max-width: 1456px) 100vw, 1456px\"><\/figure>\n\n\n\n<hr class=\"wp-block-separator has-alpha-channel-opacity is-style-dots\"\/>\n\n\n\n<p><\/p>\n\n\n\n<h3 class=\"gb-headline gb-headline-bfa84fa8 gb-headline-text\">\u2026 Cette recherche apporte des contributions significatives en permettant aux avocats de simuler leurs arguments potentiels avant le proc\u00e8s en se basant sur les donn\u00e9es d\u00e9mographiques des jur\u00e9s pr\u00e9c\u00e9dents.&nbsp;<\/h3>\n\n\n\n<p>Qu&#039;est-ce qui fait la diff\u00e9rence dans une affaire ? Parfois, c&#039;est la fa\u00e7on dont les jur\u00e9s per\u00e7oivent les preuves, les arguments et la pr\u00e9sentation. SIS International est l&#039;un des principaux fournisseurs de services de recherche de jurys simul\u00e9s qui permettent aux \u00e9quipes juridiques de d\u00e9velopper et de tester leurs strat\u00e9gies de mani\u00e8re exhaustive et efficace. Nous collaborons depuis des ann\u00e9es avec des cabinets d&#039;avocats et des entreprises pour r\u00e9v\u00e9ler des informations exploitables qui les pr\u00e9parent m\u00eame aux proc\u00e8s aux enjeux les plus \u00e9lev\u00e9s.<\/p>\n\n\n\n<p>We are a <a href=\"https:\/\/www.sisinternational.com\/fr\/entreprise-de-strategie-marketing-de-premier-plan\/\" title=\"Entreprise de strat\u00e9gie marketing de premier plan\"  data-wpil-monitor-id=\"988\">top mock jury market research company<\/a> \u2013 and by simulating realistic jury deliberation processes, we offer insights into how you can win hearts and minds with a jury.<\/p>\n\n\n\n<h2 class=\"wp-block-heading\">Qu&#039;est-ce qu&#039;une \u00e9tude de march\u00e9 avec jury simul\u00e9 ?<\/h2>\n\n\n\n<figure class=\"gb-block-image gb-block-image-226f9f3f\"><img loading=\"lazy\" decoding=\"async\" width=\"1456\" height=\"816\" class=\"gb-image gb-image-226f9f3f\" src=\"https:\/\/www.sisinternational.com\/wp-content\/uploads\/2025\/08\/Mock-Jury-6.jpg\" alt=\"\u00c9tudes de march\u00e9 et strat\u00e9gie internationales SIS\" title=\"Mock Jury (6)\" srcset=\"https:\/\/www.sisinternational.com\/wp-content\/uploads\/2025\/08\/Mock-Jury-6.jpg 1456w, https:\/\/www.sisinternational.com\/wp-content\/uploads\/2025\/08\/Mock-Jury-6-300x168.jpg 300w, https:\/\/www.sisinternational.com\/wp-content\/uploads\/2025\/08\/Mock-Jury-6-1024x574.jpg 1024w, https:\/\/www.sisinternational.com\/wp-content\/uploads\/2025\/08\/Mock-Jury-6-768x430.jpg 768w, https:\/\/www.sisinternational.com\/wp-content\/uploads\/2025\/08\/Mock-Jury-6-18x10.jpg 18w\" sizes=\"auto, (max-width: 1456px) 100vw, 1456px\"><\/figure>\n\n\n\n<p><\/p>\n\n\n\n<p>Mock jury <a href=\"https:\/\/www.sisinternational.com\/fr\/solutions\/legal-market-research\/\" title=\"Legal Market Research\"  data-wpil-monitor-id=\"2957\">market research provides legal<\/a> teams and businesses with a roadmap for success by allowing them to course-correct before they ever stand before a real jury.&nbsp;<\/p>\n\n\n\n<p>Nous recrutons un groupe de personnes \u2014 s\u00e9lectionn\u00e9es de mani\u00e8re repr\u00e9sentative du jury actuel \u2014 pour observer et d\u00e9lib\u00e9rer sur les preuves, les arguments et les pr\u00e9sentations.&nbsp;<\/p>\n\n\n\n<p>Il s&#039;agit de pr\u00e9senter des d\u00e9clarations liminaires, des \u00e9l\u00e9ments de preuve cl\u00e9s, des t\u00e9moignages de t\u00e9moins et des plaidoiries finales. Les participants sont ensuite invit\u00e9s \u00e0 d\u00e9lib\u00e9rer comme ils le feraient dans un v\u00e9ritable proc\u00e8s et \u00e0 donner leur avis sur ce qui a motiv\u00e9 leurs d\u00e9cisions.&nbsp;<\/p>\n\n\n\n<p>Chez SIS, nous disposons d&#039;une multitude d&#039;outils de pointe, notamment des analyses en temps r\u00e9el et des entretiens post-d\u00e9lib\u00e9ration, qui nous permettent de saisir toutes les nuances des r\u00e9actions des jur\u00e9s. Gr\u00e2ce \u00e0 ces informations, nos clients peuvent optimiser leur message, affiner leurs arguments et rem\u00e9dier aux vuln\u00e9rabilit\u00e9s.<\/p>\n\n\n\n<h2 class=\"wp-block-heading\">L&#039;importance cl\u00e9 du recrutement dans la recherche sur les jurys fictifs aujourd&#039;hui<\/h2>\n\n\n\n<figure class=\"gb-block-image gb-block-image-2d94f51d\"><img loading=\"lazy\" decoding=\"async\" width=\"1456\" height=\"816\" class=\"gb-image gb-image-2d94f51d\" src=\"https:\/\/www.sisinternational.com\/wp-content\/uploads\/2025\/08\/Mock-Jury-2.jpg\" alt=\"\u00c9tudes de march\u00e9 et strat\u00e9gie internationales SIS\" title=\"Mock Jury (2)\" srcset=\"https:\/\/www.sisinternational.com\/wp-content\/uploads\/2025\/08\/Mock-Jury-2.jpg 1456w, https:\/\/www.sisinternational.com\/wp-content\/uploads\/2025\/08\/Mock-Jury-2-300x168.jpg 300w, https:\/\/www.sisinternational.com\/wp-content\/uploads\/2025\/08\/Mock-Jury-2-1024x574.jpg 1024w, https:\/\/www.sisinternational.com\/wp-content\/uploads\/2025\/08\/Mock-Jury-2-768x430.jpg 768w, https:\/\/www.sisinternational.com\/wp-content\/uploads\/2025\/08\/Mock-Jury-2-18x10.jpg 18w\" sizes=\"auto, (max-width: 1456px) 100vw, 1456px\"><\/figure>\n\n\n\n<p><\/p>\n\n\n\n<p>Ayant pass\u00e9 des d\u00e9cennies \u00e0 mener des recherches au sein du SIS International Research, je peux affirmer que la pr\u00e9cision et la fiabilit\u00e9 des informations obtenues \u00e0 partir d&#039;un jury fictif reposent enti\u00e8rement sur les bons participants. Obtenir des jur\u00e9s qui refl\u00e8tent v\u00e9ritablement les attributs d\u00e9mographiques, psychographiques et g\u00e9ographiques du public vis\u00e9 reste le facteur d\u00e9cisif pour la r\u00e9ussite ou l&#039;\u00e9chec d&#039;une \u00e9tude.<\/p>\n\n\n\n<p>Un bon recrutement doit permettre au jury fictif d&#039;\u00eatre aussi proche que possible du jury r\u00e9el. Si une affaire est jug\u00e9e dans un comt\u00e9 particulier, par exemple, il est essentiel de trouver des jur\u00e9s de cette localit\u00e9 qui repr\u00e9sentent la diversit\u00e9 culturelle, sociale et \u00e9conomique de la communaut\u00e9 dans son ensemble. Une telle repr\u00e9sentation est importante car elle r\u00e9v\u00e8le les pr\u00e9jug\u00e9s, les points de vue individuels et les tendances d\u00e9cisionnelles qui pourraient se manifester au cours du proc\u00e8s.<\/p>\n\n\n\n<p>Un autre \u00e9l\u00e9ment cl\u00e9 est la diversit\u00e9, non seulement en termes d\u2019ethnicit\u00e9 et de genre, mais aussi en termes de perspectives, de professions et d\u2019exp\u00e9riences de vie. Les vrais jurys sont compos\u00e9s de personnes issues de milieux diff\u00e9rents, et apprendre comment ces diff\u00e9rences se manifestent dans la salle de d\u00e9lib\u00e9ration ajoute quelque chose d\u2019essentiel.&nbsp;<\/p>\n\n\n\n<h2 class=\"wp-block-heading\">Commencez avec la recherche internationale SIS<\/h2>\n\n\n\n<p>Nous rendons la r\u00e9alisation d&#039;un jury fictif rapide, facile et collaborative entre vous et votre \u00e9quipe juridique. Voici comment nous nous assurons que chaque projet est intentionnellement con\u00e7u et ex\u00e9cut\u00e9 pour r\u00e9pondre \u00e0 vos objectifs sp\u00e9cifiques\u00a0:<\/p>\n\n\n\n<p><strong>Consultation initiale<\/strong><\/p>\n\n\n\n<p>Au cours de la premi\u00e8re \u00e9tape, nous collaborons avec votre \u00e9quipe juridique pour en savoir plus sur votre dossier en d\u00e9tail, notamment sur le lieu du proc\u00e8s, les arguments juridiques et le r\u00e9sultat que vous souhaitez obtenir. Ces informations nous aident \u00e0 concevoir une \u00e9tude de jury simul\u00e9 adapt\u00e9e \u00e0 vos besoins sp\u00e9cifiques.<\/p>\n\n\n\n<p><strong>Conception de l&#039;\u00e9tude de recherche<\/strong><\/p>\n\n\n\n<p>Nous cr\u00e9ons un plan de recherche d\u00e9taill\u00e9, comprenant la s\u00e9lection du jury fictif, la mani\u00e8re dont l&#039;affaire sera pr\u00e9sent\u00e9e, les m\u00e9thodes de collecte de donn\u00e9es, etc. Nous nous assurons que l&#039;\u00e9tude repr\u00e9sente les nuances de votre propre cas tout en ressemblant autant que possible \u00e0 un jury du monde r\u00e9el.<\/p>\n\n\n\n<p><strong>Recrutement des participants<\/strong><\/p>\n\n\n\n<p>Gr\u00e2ce \u00e0 notre vaste r\u00e9seau de recrutement et \u00e0 notre exp\u00e9rience, nous recrutons et s\u00e9lectionnons les personnes qui correspondent le mieux aux profils d\u00e9mographiques et g\u00e9ographiques du jury. Cela garantit la fiabilit\u00e9 des informations recueillies et leur repr\u00e9sentativit\u00e9.<\/p>\n\n\n\n<p><strong>Ex\u00e9cution de l&#039;\u00e9tude du jury fictif<\/strong><\/p>\n\n\n\n<p>Nous organisons des s\u00e9ances de jury simul\u00e9es dans nos installations de pointe avec nos mod\u00e9rateurs experts pour recr\u00e9er autant que possible l&#039;environnement du proc\u00e8s afin d&#039;\u00e9valuer la fa\u00e7on dont les jur\u00e9s r\u00e9agissent aux diff\u00e9rents \u00e9l\u00e9ments des arguments, des preuves et des pr\u00e9sentations. Nous obtenons des donn\u00e9es gr\u00e2ce \u00e0 des outils de r\u00e9troaction en temps r\u00e9el et \u00e0 des d\u00e9lib\u00e9rations enregistr\u00e9es<\/p>\n\n\n\n<h2 class=\"wp-block-heading\">Qu&#039;est-ce qui fait de SIS International une soci\u00e9t\u00e9 d&#039;\u00e9tudes de march\u00e9 de premier plan en mati\u00e8re de jury fictif\u00a0?<\/h2>\n\n\n\n<figure class=\"gb-block-image gb-block-image-0e7c0ded\"><img decoding=\"async\" class=\"gb-image gb-image-0e7c0ded\" src=\"https:\/\/www.sisinternational.com\/wp-content\/uploads\/2019\/07\/Mock-Jury-Market-Research-Lawyer.jpg\" alt=\"Recherche de jury simul\u00e9\" title=\"Avocat en \u00e9tudes de march\u00e9 avec jury simul\u00e9\"\/><\/figure>\n\n\n\n<p><\/p>\n\n\n\n<p>With decades of experience and dedication to excellence, SIS is recognized as one of the industry&#8217;s <a href=\"https:\/\/www.sisinternational.com\/fr\/societe-de-recherche-qualitative-de-premier-plan-a-lechelle-mondiale\/\" title=\"Entreprise de recherche qualitative de premier plan \u00e0 l&#039;\u00e9chelle mondiale\"  data-wpil-monitor-id=\"1033\">top mock jury market research<\/a> companies\u2026 But what sets us apart? It\u2019s our unique ability to integrate expertise, innovation, and personalized service to create results that exceed expectations.<\/p>\n\n\n<p>\n\n\n<\/p>\n<p style=\"padding-left: 40px;\"><strong>Une expertise in\u00e9gal\u00e9e<\/strong><\/p>\n<p style=\"padding-left: 40px;\">\n\n\n\n<\/p>\n<p style=\"padding-left: 40px;\">Apr\u00e8s plus de 40 ans dans le <a href=\"https:\/\/www.linkedin.com\/pulse\/how-market-research-enables-growth-ruth-stanat-phekf\/\" target=\"_blank\" rel=\"noopener\">\u00e9tude de march\u00e9<\/a> En organisant d&#039;innombrables jurys fictifs pour des clients de toutes tailles et de toutes formes, des entreprises Fortune 500 aux cabinets d&#039;avocats sp\u00e9cialis\u00e9s, nous avons consid\u00e9r\u00e9 le probl\u00e8me comme syst\u00e9matique. Nous disposons d&#039;une expertise unique en psychologie du jury et nos comp\u00e9tences sont \u00e0 la fois juridiques et commerciales, ce qui nous permet de pr\u00e9senter \u00e0 nos clients des informations sur lesquelles ils peuvent compter.<\/p>\n<p style=\"padding-left: 40px;\">\n\n\n\n<\/p>\n<p style=\"padding-left: 40px;\"><strong>Master en mondialisation et localisation<\/strong><\/p>\n<p style=\"padding-left: 40px;\">\n\n\n\n<\/p>\n<p style=\"padding-left: 40px;\">Avec une pr\u00e9sence dans plus de 135 pays, nous pouvons vous aider dans les affaires internationales qui n\u00e9cessitent des informations transfrontali\u00e8res. Cependant, pour les \u00e9tudes de jurys fictifs, nous recrutons avec un niveau de pr\u00e9cision locale in\u00e9gal\u00e9 par toute autre soci\u00e9t\u00e9 de jurys ; nous recrutons des participants qui refl\u00e8tent pr\u00e9cis\u00e9ment la composition d\u00e9mographique et g\u00e9ographique du jury que vous souhaitez constituer.<\/p>\n<p style=\"padding-left: 40px;\">\n\n\n\n<\/p>\n<p style=\"padding-left: 40px;\"><strong>Outils et technologies avanc\u00e9es<\/strong><\/p>\n<p style=\"padding-left: 40px;\">\n\n\n\n<\/p>\n<p style=\"padding-left: 40px;\">Nos consultants en proc\u00e8s utilisent des outils de pointe, notamment la diffusion vid\u00e9o en direct, des analyses en temps r\u00e9el et des logiciels de cartographie thermique, pour recueillir les r\u00e9ponses des jur\u00e9s. Cela nous permet de fournir une analyse objective et fond\u00e9e sur des donn\u00e9es de la mani\u00e8re dont votre logique et vos preuves sont re\u00e7ues.<\/p>\n<p style=\"padding-left: 40px;\">\n\n\n\n<\/p>\n<p style=\"padding-left: 40px;\"><strong>Assistance client exceptionnelle<\/strong><\/p>\n<p style=\"padding-left: 40px;\">\n\n\n\n<\/p>\n<p style=\"padding-left: 40px;\"><a href=\"https:\/\/twitter.com\/SISIntlResearch\" target=\"_blank\" rel=\"noopener\">Notre \u00e9quipe<\/a> travaille avec vous d\u00e8s la premi\u00e8re consultation jusqu&#039;\u00e0 la livraison des informations et des rapports, en veillant \u00e0 ce que les propositions soient en phase avec votre strat\u00e9gie. Beaucoup de nos clients reviennent vers nous pour plusieurs projets ; la fiabilit\u00e9, l&#039;expertise et l&#039;esprit collaboratif de notre \u00e9quipe se sont r\u00e9v\u00e9l\u00e9s in\u00e9gal\u00e9s.<\/p>\n<p>\n\n\n<\/p>\n<p>\n\n\n<\/p>\n<h2 class=\"wp-block-heading\">FAQ<\/h2>\n<p>\n\n\n\n<\/p>\n<h3 class=\"wp-block-heading\" style=\"padding-left: 40px;\">Q\u00a0:\u00a0Qu\u2019est-ce qu\u2019un test d\u2019utilisabilit\u00e9 et quelle est son importance\u00a0?<\/h3>\n<p style=\"padding-left: 40px;\">\n\n\n\n<\/p>\n<p style=\"padding-left: 40px;\">Son objectif est de d\u00e9tecter les probl\u00e8mes d\u2019utilisabilit\u00e9, de comprendre le comportement des utilisateurs et d\u2019obtenir des informations sur la facilit\u00e9 ou la difficult\u00e9 avec laquelle le public cible peut interagir avec un produit.<\/p>\n<p style=\"padding-left: 40px;\">\n\n\n\n<\/p>\n<h3 class=\"wp-block-heading\" style=\"padding-left: 40px;\">Q\u00a0: Comment les tests d\u2019utilisabilit\u00e9 peuvent-ils augmenter la satisfaction client\u00a0?<\/h3>\n<p style=\"padding-left: 40px;\">\n\n\n\n<\/p>\n<p style=\"padding-left: 40px;\">Les tests d&#039;utilisabilit\u00e9 offrent un retour d&#039;information direct des utilisateurs finaux concernant leur exp\u00e9rience avec un produit, aidant ainsi les entreprises \u00e0 localiser les points faibles, les frustrations et la confusion.\u00a0<\/p>\n<p style=\"padding-left: 40px;\">\n\n\n\n<\/p>\n<h3 class=\"wp-block-heading\" style=\"padding-left: 40px;\">Q\u00a0: Pour quels produits les tests d\u2019utilisabilit\u00e9 peuvent-ils \u00eatre utilis\u00e9s\u00a0?<\/h3>\n<p style=\"padding-left: 40px;\">\n\n\n\n<\/p>\n<p style=\"padding-left: 40px;\">Les tests d&#039;utilisabilit\u00e9 sont une m\u00e9thode polyvalente qui peut \u00eatre utilis\u00e9e pour diff\u00e9rents types de produits et services dans diff\u00e9rents secteurs. Les tests d&#039;utilisabilit\u00e9 sont une \u00e9tape essentielle dans presque tous les secteurs, des sites Web et applications mobiles aux biens physiques et aux interfaces logicielles, pour garantir qu&#039;un produit est convivial et op\u00e9rationnel.<\/p>\n<p style=\"padding-left: 40px;\">\n\n\n\n<\/p>\n<h3 class=\"wp-block-heading\" style=\"padding-left: 40px;\">Q\u00a0: Comment obtenir les bons r\u00e9sultats \u00e0 partir d\u2019un test d\u2019utilisabilit\u00e9\u00a0?<\/h3>\n<p style=\"padding-left: 40px;\">\n\n\n\n<\/p>\n<p style=\"padding-left: 40px;\">Effectuez le test sur une plateforme sur laquelle vous obtiendrez probablement des r\u00e9sultats pr\u00e9cis et fiables. SIS International utilise un long processus de v\u00e9rification pour garantir l&#039;exactitude \u00e0 toutes les \u00e9tapes du test, du recrutement des personnes \u00e0 soumettre au test \u00e0 l&#039;analyse des donn\u00e9es elles-m\u00eames.<\/p>\n<p style=\"padding-left: 40px;\">\n\n\n\n<\/p>\n<p style=\"padding-left: 40px;\">Les participants sont s\u00e9lectionn\u00e9s de mani\u00e8re \u00e0 ce qu&#039;ils correspondent le plus possible au groupe cible du produit. Ensuite, nous \u00e9laborons des sc\u00e9narios et des t\u00e2ches r\u00e9alistes repr\u00e9sentatifs des utilisateurs r\u00e9els utilisant le produit dans un contexte r\u00e9el. Nous prenons les donn\u00e9es du test et effectuons une analyse qualitative et quantitative, \u00e0 la recherche de mod\u00e8les et d&#039;id\u00e9es susceptibles de conduire \u00e0 des am\u00e9liorations significatives du produit.<\/p>\n<p style=\"padding-left: 40px;\">\n\n\n\n<\/p>\n<p style=\"padding-left: 40px;\">Notre \u00e9quipe d&#039;experts veille \u00e0 ce que chaque session de test d&#039;utilisabilit\u00e9 soit men\u00e9e avec le moins de biais possible afin qu&#039;elle soit pr\u00e9cise et exploitable.<\/p>\n<p style=\"padding-left: 40px;\">\n\n\n\n<\/p>\n<h3 class=\"wp-block-heading\" style=\"padding-left: 40px;\">Q\u00a0: Quel est l\u2019impact des tests d\u2019utilisabilit\u00e9 sur le retour sur investissement de mon produit\u00a0?<\/h3>\n<p style=\"padding-left: 40px;\">\n\n\n\n<\/p>\n<p style=\"padding-left: 40px;\">Les tests d&#039;utilisabilit\u00e9 peuvent avoir un impact positif imm\u00e9diat sur le retour sur investissement de votre produit en permettant une interaction efficace avec l&#039;utilisateur. Des produits faciles \u00e0 utiliser et pertinents g\u00e9n\u00e8rent un engagement plus \u00e9lev\u00e9, des taux de d\u00e9sabonnement plus faibles et une plus grande fid\u00e9lit\u00e9 client.<\/p>\n<p style=\"padding-left: 40px;\">\n\n\n\n<\/p>\n<h3 class=\"wp-block-heading\" style=\"padding-left: 40px;\">Q\u00a0: Comment traitez-vous les donn\u00e9es des tests d\u2019utilisabilit\u00e9\u00a0?<\/h3>\n<p style=\"padding-left: 40px;\">\n\n\n\n<\/p>\n<p style=\"padding-left: 40px;\">L&#039;\u00e9valuation des donn\u00e9es de test d&#039;utilisabilit\u00e9 est tout aussi cruciale que le test lui-m\u00eame. SIS International adopte une approche qualitative et quantitative de l&#039;analyse. Reconna\u00eetre les tendances, suivre la fa\u00e7on dont les utilisateurs interagissent avec votre produit et comparer les donn\u00e9es avec d&#039;autres sessions.<\/p>\n<p style=\"padding-left: 40px;\">\n\n\n\n<\/p>\n<p style=\"padding-left: 40px;\">Nous cr\u00e9ons ensuite des rapports d\u00e9taill\u00e9s pr\u00e9sentant les r\u00e9sultats importants, rep\u00e9rant les probl\u00e8mes d&#039;utilisabilit\u00e9 et fournissant des suggestions pratiques. Notre expertise r\u00e9side dans la traduction des donn\u00e9es brutes en informations exploitables pour am\u00e9liorer la mani\u00e8re dont nos clients peuvent am\u00e9liorer leurs produits en fonction de l&#039;approche de conception employ\u00e9e.<\/p>\n<h2>Notre emplacement \u00e0 New York<\/h2>\n<p>\n\n\n\n<iframe loading=\"lazy\" src=\"https:\/\/www.google.com\/maps\/embed?pb=!1m18!1m12!1m3!1d3022.976188376966!2d-73.99130312499956!3d40.740549471389315!2m3!1f0!2f0!3f0!3m2!1i1024!2i768!4f13.1!3m3!1m2!1s0x89c259a15798c731%3A0xd695d09bdd495f25!2s11%20E%2022nd%20St%20FL%202%2C%20New%20York%2C%20NY%2010010%2C%20USA!5e0!3m2!1sen!2spe!4v1726171763526!5m2!1sen!2spe\" width=\"600\" height=\"450\" allowfullscreen=\"allowfullscreen\" data-mce-fragment=\"1\"><\/iframe>\n\n\n\n<\/p>\n<h3 class=\"wp-block-heading\">11 E 22nd Street, \u00e9tage 2, New York, NY 10010 T\u00e9l. : +1(212) 505-6805<\/h3>\n<hr \/>\n<h2><span style=\"font-weight: 400;\">\u00c0 propos de SIS International<\/span><\/h2>\n<p><a href=\"https:\/\/www.sisinternational.com\/fr\/\"><span style=\"font-weight: 400;\">SIS International<\/span><\/a><span style=\"font-weight: 400;\"> propose des recherches quantitatives, qualitatives et strat\u00e9giques. Nous fournissons des donn\u00e9es, des outils, des strat\u00e9gies, des rapports et des informations pour la prise de d\u00e9cision. Nous menons \u00e9galement des entretiens, des enqu\u00eates, des groupes de discussion et d\u2019autres m\u00e9thodes et approches d\u2019\u00e9tudes de march\u00e9.<\/span><a href=\"https:\/\/www.sisinternational.com\/fr\/a-propos-de-la-recherche-internationale-sis\/contact-sis-international-market-research\/\"><span style=\"font-weight: 400;\"> Contactez nous<\/span><\/a><span style=\"font-weight: 400;\"> pour votre prochain projet d&#039;\u00e9tude de march\u00e9.<\/span><\/p>\n<p>\n\n\n\n<h2 class=\"wp-block-heading\"><\/h2>","protected":false},"excerpt":{"rendered":"<p>Top Mock Jury Market Research Company &#8230; This research makes significant contributions by allowing attorneys to simulate their prospective arguments in advance of court based on data from past juror demographics.&nbsp; What makes or breaks a case? Sometimes it\u2019s how jurors see the evidence, arguments and presentation. SIS International is a leading provider of mock &#8230; <a title=\"Meilleure soci\u00e9t\u00e9 d&#039;\u00e9tudes de march\u00e9 sur les jurys fictifs\" class=\"read-more\" href=\"https:\/\/www.sisinternational.com\/fr\/solutions\/legal-market-research\/etude-de-marche-avec-jury-fictif-3\/\" aria-label=\"En savoir plus sur Top Mock Jury Market Research Company\">Lire plus<\/a><\/p>","protected":false},"author":1,"featured_media":64886,"parent":54987,"menu_order":2,"comment_status":"closed","ping_status":"closed","template":"","meta":{"footnotes":""},"class_list":["post-54508","page","type-page","status-publish","has-post-thumbnail"],"_links":{"self":[{"href":"https:\/\/www.sisinternational.com\/fr\/wp-json\/wp\/v2\/pages\/54508","targetHints":{"allow":["GET"]}}],"collection":[{"href":"https:\/\/www.sisinternational.com\/fr\/wp-json\/wp\/v2\/pages"}],"about":[{"href":"https:\/\/www.sisinternational.com\/fr\/wp-json\/wp\/v2\/types\/page"}],"author":[{"embeddable":true,"href":"https:\/\/www.sisinternational.com\/fr\/wp-json\/wp\/v2\/users\/1"}],"replies":[{"embeddable":true,"href":"https:\/\/www.sisinternational.com\/fr\/wp-json\/wp\/v2\/comments?post=54508"}],"version-history":[{"count":11,"href":"https:\/\/www.sisinternational.com\/fr\/wp-json\/wp\/v2\/pages\/54508\/revisions"}],"predecessor-version":[{"id":77283,"href":"https:\/\/www.sisinternational.com\/fr\/wp-json\/wp\/v2\/pages\/54508\/revisions\/77283"}],"up":[{"embeddable":true,"href":"https:\/\/www.sisinternational.com\/fr\/wp-json\/wp\/v2\/pages\/54987"}],"wp:featuredmedia":[{"embeddable":true,"href":"https:\/\/www.sisinternational.com\/fr\/wp-json\/wp\/v2\/media\/64886"}],"wp:attachment":[{"href":"https:\/\/www.sisinternational.com\/fr\/wp-json\/wp\/v2\/media?parent=54508"}],"curies":[{"name":"wp","href":"https:\/\/api.w.org\/{rel}","templated":true}]}}