{"id":54498,"date":"2024-12-07T05:04:51","date_gmt":"2024-12-07T10:04:51","guid":{"rendered":"https:\/\/www.sisinternational.com\/?page_id=54498"},"modified":"2026-03-11T10:54:48","modified_gmt":"2026-03-11T14:54:48","slug":"societe-detudes-de-marche-de-premier-plan-en-matiere-dutilisabilite","status":"publish","type":"page","link":"https:\/\/www.sisinternational.com\/fr\/competence\/etude-de-marche-sur-les-tests-de-produits\/societe-detudes-de-marche-de-premier-plan-en-matiere-dutilisabilite\/","title":{"rendered":"Usability testing Company"},"content":{"rendered":"<h1 class=\"wp-block-heading\">Usability testing Company<\/h1>\n\n\n\n<figure class=\"gb-block-image gb-block-image-3bf7016a\"><img loading=\"lazy\" decoding=\"async\" width=\"1456\" height=\"816\" class=\"gb-image gb-image-3bf7016a\" src=\"https:\/\/www.sisinternational.com\/wp-content\/uploads\/2025\/08\/Computer-Assisted-Telephone-Interviewing.jpg\" alt=\"\u00c9tudes de march\u00e9 et strat\u00e9gie internationales SIS\" title=\"Computer Assisted Telephone Interviewing\" srcset=\"https:\/\/www.sisinternational.com\/wp-content\/uploads\/2025\/08\/Computer-Assisted-Telephone-Interviewing.jpg 1456w, https:\/\/www.sisinternational.com\/wp-content\/uploads\/2025\/08\/Computer-Assisted-Telephone-Interviewing-300x168.jpg 300w, https:\/\/www.sisinternational.com\/wp-content\/uploads\/2025\/08\/Computer-Assisted-Telephone-Interviewing-1024x574.jpg 1024w, https:\/\/www.sisinternational.com\/wp-content\/uploads\/2025\/08\/Computer-Assisted-Telephone-Interviewing-768x430.jpg 768w, https:\/\/www.sisinternational.com\/wp-content\/uploads\/2025\/08\/Computer-Assisted-Telephone-Interviewing-18x10.jpg 18w\" sizes=\"auto, (max-width: 1456px) 100vw, 1456px\"><\/figure>\n\n\n\n<hr class=\"wp-block-separator has-alpha-channel-opacity is-style-dots\"\/>\n\n\n\n<h3 class=\"wp-block-heading\">\u00ab La puissance des tests d\u2019utilisabilit\u00e9 r\u00e9side dans leur capacit\u00e9 \u00e0 combler le foss\u00e9 entre l\u2019innovation et l\u2019exp\u00e9rience utilisateur. \u00bb<\/h3>\n\n\n\n<p>Comment cr\u00e9er un produit adapt\u00e9 aux besoins de personnes aux exp\u00e9riences de vie diverses dans le monde entier\u2026 tout en le gardant performant et comp\u00e9titif ? La cl\u00e9, selon moi, est d\u2019utiliser les meilleures m\u00e9thodes et les meilleurs outils lors de la r\u00e9alisation de tests d\u2019utilisabilit\u00e9.<\/p>\n\n\n\n<p>We have spent over 40 years providing insight after insight, allowing businesses to succeed across a variety of sectors. Actually, we have been working with some of the biggest brands such as Microsoft, Pfizer and Coca-Cola to design products that their audiences are after \u2013 which makes us a <a href=\"https:\/\/www.sisinternational.com\/fr\/solutions\/legal-market-research\/etude-de-marche-avec-jury-fictif-3\/\" title=\"Meilleure soci\u00e9t\u00e9 d&#039;\u00e9tudes de march\u00e9 sur les jurys fictifs\" data-wpil-monitor-id=\"906\">soci\u00e9t\u00e9 d&#039;\u00e9tudes de march\u00e9 de premier plan en mati\u00e8re d&#039;utilisabilit\u00e9<\/a>.<\/p>\n\n\n\n<h2 class=\"wp-block-heading\">Alors\u2026 Qu\u2019est-ce que les tests d\u2019utilisabilit\u00e9 ?<\/h2>\n\n\n\n<p>Les tests d&#039;utilisabilit\u00e9 sont une technique permettant de v\u00e9rifier l&#039;utilisabilit\u00e9 d&#039;un produit ou d&#039;un service en observant les interactions des utilisateurs r\u00e9els. Ils \u00e9valuent la facilit\u00e9 avec laquelle les utilisateurs peuvent accomplir leurs t\u00e2ches. Ce processus comprend souvent un mod\u00e9rateur qui montre aux utilisateurs comment effectuer diverses t\u00e2ches, pose des questions de suivi et demande des commentaires.<\/p>\n\n\n\n<p>L&#039;un des aspects les plus marquants de ma carri\u00e8re est la fa\u00e7on dont les tests d&#039;utilisabilit\u00e9 pr\u00e9coces peuvent d\u00e9tourner l&#039;ensemble du d\u00e9veloppement de la conception d&#039;un produit erron\u00e9. Malheureusement, de nombreuses entreprises d\u00e9pensent des milliers de dollars (voire des millions) pour d\u00e9velopper et concevoir des produits qui ne fonctionneront pas vraiment dans la vie r\u00e9elle.<\/p>\n\n\n\n<p>Ayant travaill\u00e9 avec des entreprises telles que Nike, Pfizer et Unilever, nous d\u00e9montrons comment des changements mineurs se traduisent par des gains importants en termes de satisfaction des utilisateurs et de qualit\u00e9 des produits. Les informations issues des commentaires peuvent \u00eatre utilis\u00e9es pour r\u00e9soudre les probl\u00e8mes des utilisateurs, am\u00e9liorer l&#039;engagement des utilisateurs et les taux de conversion, et accro\u00eetre la fid\u00e9lit\u00e9 des clients.<\/p>\n\n\n\n<h2 class=\"wp-block-heading\">Mais\u2026 Pourquoi les tests d\u2019utilisabilit\u00e9 sont-ils indispensables pour les entreprises ?<\/h2>\n\n\n\n<figure class=\"gb-block-image gb-block-image-7bb3944b\"><img loading=\"lazy\" decoding=\"async\" width=\"1456\" height=\"816\" class=\"gb-image gb-image-7bb3944b\" src=\"https:\/\/www.sisinternational.com\/wp-content\/uploads\/2025\/08\/Computer-Assisted-Telephone-Interviewing-2.jpg\" alt=\"\u00c9tudes de march\u00e9 et strat\u00e9gie internationales SIS\" title=\"Computer Assisted Telephone Interviewing (2)\" srcset=\"https:\/\/www.sisinternational.com\/wp-content\/uploads\/2025\/08\/Computer-Assisted-Telephone-Interviewing-2.jpg 1456w, https:\/\/www.sisinternational.com\/wp-content\/uploads\/2025\/08\/Computer-Assisted-Telephone-Interviewing-2-300x168.jpg 300w, https:\/\/www.sisinternational.com\/wp-content\/uploads\/2025\/08\/Computer-Assisted-Telephone-Interviewing-2-1024x574.jpg 1024w, https:\/\/www.sisinternational.com\/wp-content\/uploads\/2025\/08\/Computer-Assisted-Telephone-Interviewing-2-768x430.jpg 768w, https:\/\/www.sisinternational.com\/wp-content\/uploads\/2025\/08\/Computer-Assisted-Telephone-Interviewing-2-18x10.jpg 18w\" sizes=\"auto, (max-width: 1456px) 100vw, 1456px\"><\/figure>\n\n\n\n<p><\/p>\n\n\n\n<p>Les m\u00e9thodes et outils de test d&#039;utilisabilit\u00e9 sont utiles aux entreprises pour comprendre comment leurs utilisateurs interagissent avec leurs produits et d\u00e9tecter les obstacles qui perturbent le flux d&#039;utilisateurs. De plus, les retours d&#039;exp\u00e9rience issus des tests d&#039;utilisabilit\u00e9 ont un impact consid\u00e9rable sur la conception, car ils aident les entreprises \u00e0 sortir des sentiers battus et \u00e0 comprendre l&#039;utilisation r\u00e9elle de leurs produits.<\/p>\n\n\n\n<p>At SIS International, as one of the best usability <a href=\"https:\/\/www.sisinternational.com\/fr\/societe-mondiale-de-recherche-quantitative-de-marche-de-premier-plan\/\" title=\"Soci\u00e9t\u00e9 mondiale de recherche quantitative sur le march\u00e9 de premier plan\" data-wpil-monitor-id=\"1049\">market research companies<\/a> in New York; we have conducted usability testing for clients such as Unilever and Coca-Cola to capture fresh insights that delivered more functional and engaging products. Poor usability is expensive \u2014 products that fail to meet user needs will likely experience low sales, high abandonment rates and negative customer reviews.<\/p>\n\n\n\n<h2 class=\"wp-block-heading\">M\u00e9thodes courantes de test d&#039;utilisabilit\u00e9<\/h2>\n\n\n\n<p>Choisir la bonne m\u00e9thode de test peut faire la diff\u00e9rence entre recueillir des commentaires efficaces et non efficaces. Chaque m\u00e9thode vous donne diff\u00e9rents types d\u2019informations et pr\u00e9sente ses propres avantages en fonction des objectifs du projet. Voici quelques-unes des m\u00e9thodes que nous utilisons et les raisons pour lesquelles je pense qu\u2019elles fonctionnent si bien :<\/p>\n\n\n\n<h3 class=\"wp-block-heading\">Tests d&#039;utilisabilit\u00e9 mod\u00e9r\u00e9s<\/h3>\n\n\n\n<p>Il s&#039;agit d&#039;un concept large qui, selon moi, est la meilleure de toutes les m\u00e9thodes. Dans un cas de test mod\u00e9r\u00e9, le facilitateur guidera les utilisateurs \u00e0 travers des t\u00e2ches sp\u00e9cifiques en leur posant des questions et en les incitant \u00e0 r\u00e9fl\u00e9chir \u00e0 voix haute, tout en approfondissant leur exp\u00e9rience. Cela vous permettra d&#039;observer ce qu&#039;ils font et comment ils r\u00e9agissent en direct, et cela contribuera \u00e0 fournir un contexte qui serait autrement impossible.<\/p>\n\n\n\n<p>Il est particuli\u00e8rement utile pour les produits sophistiqu\u00e9s lorsque vous souhaitez comprendre le probl\u00e8me rencontr\u00e9 par l&#039;utilisateur et la mani\u00e8re dont il peut \u00eatre confus lorsqu&#039;il tente d&#039;interagir avec un produit. Un bon mod\u00e9rateur permet de donner aux utilisateurs la confiance n\u00e9cessaire pour parler d&#039;eux-m\u00eames et de leurs exp\u00e9riences.<\/p>\n\n\n\n<h3 class=\"wp-block-heading\">Tests d&#039;utilisabilit\u00e9 non mod\u00e9r\u00e9s<\/h3>\n\n\n\n<p>Gr\u00e2ce \u00e0 cette m\u00e9thode, les utilisateurs effectuent des t\u00e2ches seuls, sans la pr\u00e9sence d&#039;un mod\u00e9rateur, g\u00e9n\u00e9ralement dans leur environnement naturel. Cette approche peut \u00eatre tr\u00e8s peu co\u00fbteuse, en particulier lorsqu&#039;il s&#039;agit de recueillir les commentaires d&#039;un large \u00e9ventail d&#039;utilisateurs.<\/p>\n\n\n\n<p>Mes observations pr\u00e9f\u00e9r\u00e9es sur les tests non mod\u00e9r\u00e9s sont qu\u2019ils produisent des r\u00e9ponses plus naturelles, dans lesquelles les utilisateurs interagissent avec votre produit comme ils le feraient normalement.&nbsp;<\/p>\n\n\n\n<h3 class=\"wp-block-heading\">Tests A\/B<\/h3>\n\n\n\n<p>Il s&#039;agit de l&#039;une de nos approches les plus gourmandes en donn\u00e9es. Elle peut consister \u00e0 afficher deux versions d&#039;un produit (par exemple, deux pr\u00e9sentations de site Web diff\u00e9rentes ou des variantes de fonctionnalit\u00e9s mobiles), \u00e0 comparer leurs performances et \u00e0 obtenir des informations sur la version pr\u00e9f\u00e9r\u00e9e des utilisateurs.<\/p>\n\n\n\n<p>&nbsp;J&#039;ai exp\u00e9riment\u00e9 les tests A\/B sur certains de nos plus gros clients. Nous avons aid\u00e9 Nike \u00e0 optimiser sa plateforme de commerce \u00e9lectronique et, gr\u00e2ce aux tests A\/B, nous avons l\u00e9g\u00e8rement ajust\u00e9 le processus de paiement afin d&#039;obtenir des taux de conversion plus \u00e9lev\u00e9s. Ce qui rend les tests A\/B si utiles, c&#039;est qu&#039;ils \u00e9liminent les incertitudes de vos op\u00e9rations et vous fournissent des informations simples et fiables sur ce qui fonctionne et ce qui ne fonctionne pas.<\/p>\n\n\n\n<h3 class=\"wp-block-heading\">Tests d&#039;utilisabilit\u00e9 \u00e0 distance<\/h3>\n\n\n\n<p>Les tests d&#039;utilisabilit\u00e9 \u00e0 distance nous permettent de tester les utilisateurs depuis n&#039;importe o\u00f9 dans le monde. Cela nous permet d&#039;avoir les utilisateurs dans leur environnement naturel, et ils sont plus susceptibles d&#039;interagir avec le produit comme dans un sc\u00e9nario r\u00e9el.<\/p>\n\n\n\n<h3 class=\"wp-block-heading\">Tests d&#039;utilisabilit\u00e9 en personne<\/h3>\n\n\n\n<p>Il y a quelque chose de tr\u00e8s magique dans le fait de regarder un utilisateur interagir avec un produit, \u00e0 la fois dans ce qu\u2019il dit et dans ses \u00e9motions. Les tests en face \u00e0 face sont une exp\u00e9rience beaucoup plus enrichissante en comparaison, car le mod\u00e9rateur peut r\u00e9soudre imm\u00e9diatement les probl\u00e8mes d\u00e8s qu\u2019ils surviennent.&nbsp;<\/p>\n\n\n<p>\n\n\n<\/p>\n<h2 class=\"wp-block-heading\">Et quels sont les meilleurs outils de test d\u2019utilisabilit\u00e9 ?<\/h2>\n<h3 class=\"wp-block-heading\" style=\"padding-left: 40px;\"><span style=\"color: var(--global-color-9); font-family: inherit; font-size: 24px; font-style: inherit; background-color: var(--base-3);\">Test utilisateur<\/span><\/h3>\n<p>\n\n\n\n<\/p>\n<p style=\"padding-left: 40px;\">Je recommande UserTesting \u00e0 tous nos clients. C&#039;est une plateforme tr\u00e8s conviviale pour r\u00e9aliser des tests d&#039;utilisabilit\u00e9 mod\u00e9r\u00e9s et non mod\u00e9r\u00e9s.<\/p>\n<p style=\"padding-left: 40px;\">\n\n\n\n<\/p>\n<p style=\"padding-left: 40px;\">L&#039;une des fonctionnalit\u00e9s les plus puissantes que j&#039;ai trouv\u00e9es dans UserTesting est l&#039;enregistrement vid\u00e9o et les commentaires d\u00e9taill\u00e9s. Non seulement vous pouvez regarder les utilisateurs interagir avec votre produit en direct, mais l&#039;outil collecte \u00e9galement des indicateurs tels que le taux d&#039;ach\u00e8vement des t\u00e2ches, le temps consacr\u00e9 \u00e0 la t\u00e2che et la satisfaction des utilisateurs pour vous.<\/p>\n<h3 style=\"padding-left: 40px;\">R\u00e9trospective<\/h3>\n<p>\n\n\n\n<\/p>\n<p style=\"padding-left: 40px;\">J&#039;appr\u00e9cie particuli\u00e8rement le fait que Lookback permette une collaboration en temps r\u00e9el, ce qui permet aux membres de l&#039;\u00e9quipe de regarder ensemble les sessions des utilisateurs en direct et de discuter des r\u00e9sultats. Cela rend le processus de test plus collaboratif et efficace, en particulier pour les \u00e9quipes situ\u00e9es dans des endroits diff\u00e9rents.<\/p>\n<p style=\"padding-left: 40px;\">\n\n\n\n<\/p>\n<p style=\"padding-left: 40px;\">L&#039;enregistrement des interactions des utilisateurs par le biais de vid\u00e9os et d&#039;audios est un avantage cl\u00e9 de Lookback. Cela nous permet, ainsi qu&#039;\u00e0 nos clients, de disposer de donn\u00e9es contextuelles riches qui nous permettent d&#039;identifier les points sensibles et de comprendre pourquoi ces utilisateurs font ce qu&#039;ils font.<\/p>\n<p style=\"padding-left: 40px;\"><span style=\"color: var(--global-color-9); font-family: inherit; font-size: 24px; font-style: inherit; font-weight: bold; background-color: var(--base-3);\">\u0152uf fou<\/span><\/p>\n<p>\n\n\n\n<\/p>\n<p style=\"padding-left: 40px;\">Ce logiciel de cartographie thermique nous a permis de v\u00e9rifier tr\u00e8s facilement le comportement des utilisateurs dans des zones sp\u00e9cifiques du site Web, par exemple en notant o\u00f9 les utilisateurs ont cliqu\u00e9 et fait d\u00e9filer certaines pages et comment ils passent d&#039;une page \u00e0 l&#039;autre.<\/p>\n<p style=\"padding-left: 40px;\">\n\n\n\n<\/p>\n<p style=\"padding-left: 40px;\">Cela signifie que si les gens ignorent un appel \u00e0 l\u2019action critique ou abandonnent votre processus de paiement, vous pouvez rapidement isoler et modifier ces zones.<\/p>\n<h3 style=\"padding-left: 40px;\">Hotjar<\/h3>\n<p>\n\n\n\n<\/p>\n<p style=\"padding-left: 40px;\">Je recommande \u00e9galement Hotjar, un outil de feedback fantastique qui vous permet de cr\u00e9er des enqu\u00eates, des sondages et des cartes thermiques. Il dispose \u00e9galement d&#039;un excellent outil d&#039;enregistrement de session : vous pouvez regarder les gens visiter vos pages et voir o\u00f9\/pourquoi ils peuvent \u00eatre bloqu\u00e9s.\u00a0<\/p>\n<p style=\"padding-left: 40px;\">\n\n\n\n<\/p>\n<p style=\"padding-left: 40px;\">Nous avons constat\u00e9 d&#039;excellents r\u00e9sultats en utilisant Hotjar avec des clients des secteurs de la vente au d\u00e9tail et des services pour am\u00e9liorer la conception des sites Web, les pages de destination et les \u00e9l\u00e9ments du service client pour des exp\u00e9riences utilisateur plus fluides.<\/p>\n<p>\n\n\n\n<p><\/p>\n\n\n\n<h2 class=\"wp-block-heading\">Qu&#039;est-ce qui fait de SIS International une soci\u00e9t\u00e9 d&#039;\u00e9tudes de march\u00e9 de premier plan en mati\u00e8re d&#039;utilisabilit\u00e9 ?<\/h2>\n\n\n\n<p>We, as a <a href=\"https:\/\/www.sisinternational.com\/fr\/entreprise-de-strategie-marketing-de-premier-plan\/\" title=\"Entreprise de strat\u00e9gie marketing de premier plan\" data-wpil-monitor-id=\"990\">soci\u00e9t\u00e9 d&#039;\u00e9tudes de march\u00e9 de premier plan en mati\u00e8re d&#039;utilisabilit\u00e9<\/a> in New York, have helped clients build better strategies and products for their businesses and cultivated an unrivaled reputation for excellence. This is why our clients keep coming back to us for their usability testing needs :<\/p>\n\n\n\n<h3 class=\"wp-block-heading\">Nous sommes PROPRI\u00c9TAIRES de notre \u00e9tablissement \u00e0 New York<\/h3>\n\n\n\n<p>Nos installations ultramodernes constituent un \u00e9l\u00e9ment fondamental de notre activit\u00e9. Les entreprises ont acc\u00e8s \u00e0 des techniques et \u00e0 des outils de test d&#039;utilisabilit\u00e9 de pointe, et les utilisateurs sont r\u00e9mun\u00e9r\u00e9s pour leur temps sans que les entreprises aient \u00e0 payer les frais g\u00e9n\u00e9raux excessifs que les cabinets d&#039;\u00e9tudes r\u00e9percutent g\u00e9n\u00e9ralement sur la location de leurs espaces.<\/p>\n\n\n\n<h3 class=\"wp-block-heading\">Site d&#039;essai situ\u00e9 au centre<\/h3>\n\n\n\n<p>Situ\u00e9 au c\u0153ur de la ville de New York, l\u2019accessibilit\u00e9 de notre \u00e9tablissement \u00e0 une population diversifi\u00e9e repr\u00e9sente l\u2019ensemble du spectre de la diversit\u00e9 culturelle et socio-\u00e9conomique.&nbsp;<\/p>\n\n\n\n<h3 class=\"wp-block-heading\">Technologie de pointe<\/h3>\n\n\n\n<p>Notre package comprend les outils et m\u00e9thodes les plus r\u00e9cents pour cr\u00e9er une compr\u00e9hension approfondie du comportement des utilisateurs. Il s&#039;agit notamment de la technologie de suivi oculaire, des cartes thermiques et des analyses bas\u00e9es sur l&#039;IA.<\/p>\n\n\n\n<h3 class=\"wp-block-heading\">Port\u00e9e et expertise mondiales<\/h3>\n\n\n\n<p>Notre si\u00e8ge social est situ\u00e9 \u00e0 New York, mais nos op\u00e9rations s&#039;\u00e9tendent dans le monde entier. Avec des op\u00e9rations dans plus de 135 pays, nous pouvons effectuer des tests d&#039;utilisabilit\u00e9 dans n&#039;importe quelle r\u00e9gion et tenir compte des nuances culturelles.<\/p>\n\n\n\n<h3 class=\"wp-block-heading\">Exp\u00e9rience av\u00e9r\u00e9e aupr\u00e8s des meilleurs clients<\/h3>\n\n\n\n<p><a href=\"https:\/\/www.linkedin.com\/company\/sisinternationalresearch\/\" target=\"_blank\" rel=\"noopener\">Nous<\/a> Nous avons \u00e9tabli des partenariats avec des g\u00e9ants de l&#039;industrie tels que Google, Nestl\u00e9 et Sony. Gr\u00e2ce \u00e0 une pratique flexible des m\u00e9thodes et des technologies, nous sommes devenus le partenaire de confiance dont l&#039;approche s&#039;adapte parfaitement aux op\u00e9rations de nos clients.<\/p>\n\n\n<h2>\n<h2 class=\"wp-block-heading\">FAQ<\/h2>\n<h3 class=\"wp-block-heading\" style=\"padding-left: 40px;\">Qu\u2019est-ce que les tests d\u2019utilisabilit\u00e9 et quelle est leur importance ?<\/h3>\n<p style=\"padding-left: 40px;\">Son objectif est de d\u00e9tecter les probl\u00e8mes d\u2019utilisabilit\u00e9, de comprendre le comportement des utilisateurs et d\u2019obtenir des informations sur la facilit\u00e9 ou la difficult\u00e9 avec laquelle le public cible peut interagir avec un produit.<\/p>\n<h3 class=\"wp-block-heading\" style=\"padding-left: 40px;\">Comment les tests d\u2019utilisabilit\u00e9 peuvent-ils augmenter la satisfaction client ?<\/h3>\n<p style=\"padding-left: 40px;\">Les tests d&#039;utilisabilit\u00e9 offrent un retour d&#039;information direct des utilisateurs finaux concernant leur exp\u00e9rience avec un produit, aidant ainsi les entreprises \u00e0 localiser les points faibles, les frustrations et la confusion.\u00a0<\/p>\n<h3 class=\"wp-block-heading\" style=\"padding-left: 40px;\">Pour quels produits les tests d\u2019utilisabilit\u00e9 peuvent-ils \u00eatre utilis\u00e9s ?<\/h3>\n<p style=\"padding-left: 40px;\">Les tests d&#039;utilisabilit\u00e9 sont une m\u00e9thode polyvalente qui peut \u00eatre utilis\u00e9e pour diff\u00e9rents types de produits et services dans diff\u00e9rents secteurs. Les tests d&#039;utilisabilit\u00e9 sont une \u00e9tape essentielle dans presque tous les secteurs, des sites Web et applications mobiles aux biens physiques et aux interfaces logicielles, pour garantir qu&#039;un produit est convivial et op\u00e9rationnel.<\/p>\n<h3 class=\"wp-block-heading\" style=\"padding-left: 40px;\">Comment obtenir les bons r\u00e9sultats \u00e0 partir d\u2019un test d\u2019utilisabilit\u00e9 ?<\/h3>\n<p style=\"padding-left: 40px;\">Effectuez le test sur une plateforme sur laquelle vous obtiendrez probablement des r\u00e9sultats pr\u00e9cis et fiables. SIS International utilise un long processus de v\u00e9rification pour garantir l&#039;exactitude \u00e0 toutes les \u00e9tapes du test, du recrutement des personnes \u00e0 soumettre au test \u00e0 l&#039;analyse des donn\u00e9es elles-m\u00eames.<\/p>\n<p style=\"padding-left: 40px;\">Les participants sont s\u00e9lectionn\u00e9s de mani\u00e8re \u00e0 ce qu&#039;ils correspondent le plus possible au groupe cible du produit. Ensuite, nous \u00e9laborons des sc\u00e9narios et des t\u00e2ches r\u00e9alistes repr\u00e9sentatifs des utilisateurs r\u00e9els utilisant le produit dans un contexte r\u00e9el. Nous prenons les donn\u00e9es du test et effectuons une analyse qualitative et quantitative, \u00e0 la recherche de mod\u00e8les et d&#039;id\u00e9es susceptibles de conduire \u00e0 des am\u00e9liorations significatives du produit.<\/p>\n<p style=\"padding-left: 40px;\">Notre \u00e9quipe d&#039;experts veille \u00e0 ce que chaque session de test d&#039;utilisabilit\u00e9 soit men\u00e9e avec le moins de biais possible afin qu&#039;elle soit pr\u00e9cise et exploitable.<\/p>\n<h3 class=\"wp-block-heading\" style=\"padding-left: 40px;\">Quel est l\u2019impact des tests d\u2019utilisabilit\u00e9 sur le retour sur investissement de mon produit ?<\/h3>\n<p style=\"padding-left: 40px;\">Les tests d&#039;utilisabilit\u00e9 peuvent avoir un impact positif imm\u00e9diat sur le retour sur investissement de votre produit en permettant une interaction efficace avec l&#039;utilisateur. Des produits faciles \u00e0 utiliser et pertinents g\u00e9n\u00e8rent un engagement plus \u00e9lev\u00e9, des taux de d\u00e9sabonnement plus faibles et une plus grande fid\u00e9lit\u00e9 client.<\/p>\n<h3 class=\"wp-block-heading\" style=\"padding-left: 40px;\">Comment traitez-vous les donn\u00e9es des tests d\u2019utilisabilit\u00e9 ?<\/h3>\n<p style=\"padding-left: 40px;\">L&#039;\u00e9valuation des donn\u00e9es de test d&#039;utilisabilit\u00e9 est tout aussi cruciale que le test lui-m\u00eame. SIS International adopte une approche qualitative et quantitative de l&#039;analyse. Reconna\u00eetre les tendances, suivre la fa\u00e7on dont les utilisateurs interagissent avec votre produit et comparer les donn\u00e9es avec d&#039;autres sessions.<\/p>\n<p style=\"padding-left: 40px;\">Nous cr\u00e9ons ensuite des rapports d\u00e9taill\u00e9s pr\u00e9sentant les r\u00e9sultats importants, rep\u00e9rant les probl\u00e8mes d&#039;utilisabilit\u00e9 et fournissant des suggestions pratiques. Notre expertise r\u00e9side dans la traduction des donn\u00e9es brutes en informations exploitables pour am\u00e9liorer la mani\u00e8re dont nos clients peuvent am\u00e9liorer leurs produits en fonction de l&#039;approche de conception employ\u00e9e.<\/p>\n<\/h2>\n<h2>Notre emplacement \u00e0 New York<\/h2>\n<p><!-- \/wp:post-content --> <!-- wp:html --> <iframe loading=\"lazy\" src=\"https:\/\/www.google.com\/maps\/embed?pb=!1m18!1m12!1m3!1d3022.976188376966!2d-73.99130312499956!3d40.740549471389315!2m3!1f0!2f0!3f0!3m2!1i1024!2i768!4f13.1!3m3!1m2!1s0x89c259a15798c731%3A0xd695d09bdd495f25!2s11%20E%2022nd%20St%20FL%202%2C%20New%20York%2C%20NY%2010010%2C%20USA!5e0!3m2!1sen!2spe!4v1726171763526!5m2!1sen!2spe\" width=\"600\" height=\"450\" allowfullscreen=\"allowfullscreen\" data-mce-fragment=\"1\"><\/iframe> <!-- \/wp:html --> <!-- wp:paragraph --><\/p>\n<h3 class=\"wp-block-heading\">11 E 22nd Street, \u00e9tage 2, New York, NY 10010 T\u00e9l. : +1(212) 505-6805<\/h3>\n<hr \/>\n<h2><strong>\u00c0 propos de SIS International<\/strong><\/h2>\n<p><a href=\"https:\/\/www.sisinternational.com\/fr\/\"><span style=\"font-weight: 400;\">SIS International<\/span><\/a><span style=\"font-weight: 400;\"> propose des recherches quantitatives, qualitatives et strat\u00e9giques. Nous fournissons des donn\u00e9es, des outils, des strat\u00e9gies, des rapports et des informations pour la prise de d\u00e9cision. Nous menons \u00e9galement des entretiens, des enqu\u00eates, des groupes de discussion et d\u2019autres m\u00e9thodes et approches d\u2019\u00e9tudes de march\u00e9.<\/span><a href=\"https:\/\/www.sisinternational.com\/fr\/a-propos-de-la-recherche-internationale-sis\/contact-sis-international-market-research\/\"><span style=\"font-weight: 400;\"> Contactez nous<\/span><\/a><span style=\"font-weight: 400;\"> pour votre prochain projet d&#039;\u00e9tude de march\u00e9.<\/span><\/p>\n<hr \/>\n<p><!-- wp:paragraph --><\/p>\n<p><!-- \/wp:paragraph --><\/p>","protected":false},"excerpt":{"rendered":"<p>Usability testing Company \u201cThe power of usability testing lies in its ability to bridge the gap between innovation and user experience.\u201d How do you craft a product relevant to people with diverse life experiences around the world\u2026 while simultaneously keeping it sharp and competitive? The key, I believe, is using the best methods and tools &#8230; <a title=\"Usability testing Company\" class=\"read-more\" href=\"https:\/\/www.sisinternational.com\/fr\/competence\/etude-de-marche-sur-les-tests-de-produits\/societe-detudes-de-marche-de-premier-plan-en-matiere-dutilisabilite\/\" aria-label=\"En savoir plus sur Usability testing Company\">Lire plus<\/a><\/p>","protected":false},"author":1,"featured_media":64210,"parent":12926,"menu_order":34,"comment_status":"closed","ping_status":"closed","template":"","meta":{"footnotes":""},"class_list":["post-54498","page","type-page","status-publish","has-post-thumbnail"],"_links":{"self":[{"href":"https:\/\/www.sisinternational.com\/fr\/wp-json\/wp\/v2\/pages\/54498","targetHints":{"allow":["GET"]}}],"collection":[{"href":"https:\/\/www.sisinternational.com\/fr\/wp-json\/wp\/v2\/pages"}],"about":[{"href":"https:\/\/www.sisinternational.com\/fr\/wp-json\/wp\/v2\/types\/page"}],"author":[{"embeddable":true,"href":"https:\/\/www.sisinternational.com\/fr\/wp-json\/wp\/v2\/users\/1"}],"replies":[{"embeddable":true,"href":"https:\/\/www.sisinternational.com\/fr\/wp-json\/wp\/v2\/comments?post=54498"}],"version-history":[{"count":11,"href":"https:\/\/www.sisinternational.com\/fr\/wp-json\/wp\/v2\/pages\/54498\/revisions"}],"predecessor-version":[{"id":79545,"href":"https:\/\/www.sisinternational.com\/fr\/wp-json\/wp\/v2\/pages\/54498\/revisions\/79545"}],"up":[{"embeddable":true,"href":"https:\/\/www.sisinternational.com\/fr\/wp-json\/wp\/v2\/pages\/12926"}],"wp:featuredmedia":[{"embeddable":true,"href":"https:\/\/www.sisinternational.com\/fr\/wp-json\/wp\/v2\/media\/64210"}],"wp:attachment":[{"href":"https:\/\/www.sisinternational.com\/fr\/wp-json\/wp\/v2\/media?parent=54498"}],"curies":[{"name":"wp","href":"https:\/\/api.w.org\/{rel}","templated":true}]}}