{"id":54262,"date":"2024-11-27T02:03:05","date_gmt":"2024-11-27T07:03:05","guid":{"rendered":"https:\/\/www.sisinternational.com\/?page_id=54262"},"modified":"2026-01-26T18:54:05","modified_gmt":"2026-01-26T23:54:05","slug":"test-de-produits-de-detail-a-new-york","status":"publish","type":"page","link":"https:\/\/www.sisinternational.com\/fr\/competence\/etude-de-marche-sur-les-tests-de-produits\/test-de-produits-de-detail-a-new-york\/","title":{"rendered":"Tests de produits de vente au d\u00e9tail \u00e0 New York"},"content":{"rendered":"<h1 class=\"wp-block-heading\">Tests de produits de vente au d\u00e9tail \u00e0 New York<\/h1>\n\n\n\n<p><\/p>\n\n\n\n<figure class=\"gb-block-image gb-block-image-59ea15d5\"><img loading=\"lazy\" decoding=\"async\" width=\"1456\" height=\"816\" class=\"gb-image gb-image-59ea15d5\" src=\"https:\/\/www.sisinternational.com\/wp-content\/uploads\/2025\/08\/Retail-22.jpg\" alt=\"\u00c9tudes de march\u00e9 et strat\u00e9gie internationales SIS\" title=\"Retail (22)\" srcset=\"https:\/\/www.sisinternational.com\/wp-content\/uploads\/2025\/08\/Retail-22.jpg 1456w, https:\/\/www.sisinternational.com\/wp-content\/uploads\/2025\/08\/Retail-22-300x168.jpg 300w, https:\/\/www.sisinternational.com\/wp-content\/uploads\/2025\/08\/Retail-22-1024x574.jpg 1024w, https:\/\/www.sisinternational.com\/wp-content\/uploads\/2025\/08\/Retail-22-768x430.jpg 768w, https:\/\/www.sisinternational.com\/wp-content\/uploads\/2025\/08\/Retail-22-18x10.jpg 18w\" sizes=\"auto, (max-width: 1456px) 100vw, 1456px\"><\/figure>\n\n\n\n<hr class=\"wp-block-separator has-alpha-channel-opacity is-style-dots\"\/>\n\n\n\n<h3 class=\"wp-block-heading\">Les tests de produits de d\u00e9tail \u00e0 New York ne sont pas seulement une option : ils sont n\u00e9cessaires pour les entreprises qui souhaitent prosp\u00e9rer sur ce march\u00e9 dynamique et concurrentiel.<\/h3>\n\n\n\n<p><span style=\"font-weight: 400;\">Comment votre entreprise peut-elle garantir que ses produits trouvent un \u00e9cho aupr\u00e8s de l&#039;une des client\u00e8les les plus diversifi\u00e9es au monde ? Les tests de produits de d\u00e9tail \u00e0 New York offrent des informations in\u00e9gal\u00e9es pour affiner vos offres et garantir le succ\u00e8s sur le march\u00e9.<\/span><\/p>\n\n\n\n<h2 class=\"wp-block-heading\"><strong>Pourquoi New York est le terrain d\u2019essai id\u00e9al<\/strong><\/h2>\n\n\n\n<p><span style=\"font-weight: 400;\"><a href=\"https:\/\/sisaisolutions.com\/application-of-ai-in-retail\/\" target=\"_blank\" rel=\"noopener\">Retail product testing<\/a> in New York allows businesses to gather insights from this diverse population, ensuring their products appeal to a broad audience. What succeeds in New York often sets the tone for broader market success \u2013 and retail trends that originate here frequently influence national and international markets.&nbsp;<\/span><\/p>\n\n\n\n<p><span style=\"font-weight: 400;\">Furthermore, each borough in New <a href=\"https:\/\/www.sisinternational.com\/fr\/solutions\/test-de-gout\/installations-de-test-de-saveurs-a-new-york\/\" title=\"Installations de test de saveurs \u00e0 New York\" data-wpil-monitor-id=\"7124\">York presents unique opportunities for testing<\/a>. Manhattan\u2019s fast-paced environment is ideal for gauging the appeal of <a href=\"https:\/\/www.sisinternational.com\/fr\/mystery-shopping-for-luxury-products\/\" title=\"Mystery Shopping for Luxury Products\" data-wpil-monitor-id=\"1272\">luxury and innovative products<\/a>. Brooklyn\u2019s creative culture supports the testing of artisanal and trend-focused items. Meanwhile, Queens provides access to ethnically diverse consumers, Staten Island offers insights into suburban preferences, and the Bronx highlights opportunities in underserved urban markets.<\/span><\/p>\n\n\n\n<h2 class=\"wp-block-heading\"><strong>Composants cl\u00e9s des tests efficaces de produits de vente au d\u00e9tail<\/strong><\/h2>\n\n\n\n<figure class=\"gb-block-image gb-block-image-df48b267\"><img loading=\"lazy\" decoding=\"async\" width=\"1456\" height=\"816\" class=\"gb-image gb-image-df48b267\" src=\"https:\/\/www.sisinternational.com\/wp-content\/uploads\/2025\/08\/Retail-6.jpg\" alt=\"\u00c9tudes de march\u00e9 et strat\u00e9gie internationales SIS\" title=\"Retail (6)\" srcset=\"https:\/\/www.sisinternational.com\/wp-content\/uploads\/2025\/08\/Retail-6.jpg 1456w, https:\/\/www.sisinternational.com\/wp-content\/uploads\/2025\/08\/Retail-6-300x168.jpg 300w, https:\/\/www.sisinternational.com\/wp-content\/uploads\/2025\/08\/Retail-6-1024x574.jpg 1024w, https:\/\/www.sisinternational.com\/wp-content\/uploads\/2025\/08\/Retail-6-768x430.jpg 768w, https:\/\/www.sisinternational.com\/wp-content\/uploads\/2025\/08\/Retail-6-18x10.jpg 18w\" sizes=\"auto, (max-width: 1456px) 100vw, 1456px\"><\/figure>\n\n\n\n<p><\/p>\n\n\n\n<p><span style=\"font-weight: 400;\">Pour tirer le meilleur parti de ces tests, les entreprises doivent se concentrer sur plusieurs \u00e9l\u00e9ments cl\u00e9s qui g\u00e9n\u00e8rent des r\u00e9sultats significatifs.<\/span><\/p>\n\n\n\n<ul class=\"wp-block-list\">\n<li><b>Utilisation de groupes de discussion et d\u2019enqu\u00eates<\/b><b><br><\/b><span style=\"font-weight: 400;\">Ces m\u00e9thodes permettent aux entreprises de recueillir des commentaires qualitatifs et quantitatifs aupr\u00e8s d\u2019un groupe diversifi\u00e9 de consommateurs. Des avis sur l\u2019emballage aux fonctionnalit\u00e9s des produits, ces informations aident les entreprises \u00e0 aligner leurs offres sur les attentes des consommateurs.<\/span><\/li>\n\n\n\n<li><b>R\u00e9alisation d&#039;exp\u00e9riences en magasin<\/b><b><br><\/b><span style=\"font-weight: 400;\">Ces exp\u00e9riences permettent aux entreprises d\u2019observer le comportement des consommateurs en temps r\u00e9el et d\u2019\u00e9valuer le placement des produits, l\u2019attrait de l\u2019emballage et les strat\u00e9gies de prix.\u00a0<\/span><\/li>\n\n\n\n<li><b>Exploiter les donn\u00e9es pour am\u00e9liorer les produits<\/b><b><br><\/b><span style=\"font-weight: 400;\">The insights gathered through retail <a href=\"https:\/\/www.sisinternational.com\/fr\/solutions\/solutions-de-recherche-qualitative-et-quantitative\/lavantage-de-tester-un-produit-a-new-york-plutot-qua-los-angeles\/\" title=\"L&#039;avantage de tester des produits \u00e0 New York plut\u00f4t qu&#039;\u00e0 Los Angeles\" data-wpil-monitor-id=\"1593\">produit<\/a> testing in New York must be analyzed and used to refine products.\u00a0<\/span><\/li>\n\n\n\n<li><b>S&#039;adapter aux tendances locales<\/b><b><br><\/b><span style=\"font-weight: 400;\">Successful testing involves incorporating these trends into product development. Retail product testing in New <a href=\"https:\/\/www.sisinternational.com\/fr\/analyse-de-la-satisfaction-client\/\" title=\"8 fa\u00e7ons d&#039;augmenter la satisfaction des clients dans le commerce de d\u00e9tail\" data-wpil-monitor-id=\"5455\">York helps businesses stay ahead of consumer<\/a> preferences, from sustainable packaging to tech-integrated solutions.<\/span><\/li>\n<\/ul>\n\n\n\n<h2 class=\"wp-block-heading\"><strong>Qui utilise les tests de produits de d\u00e9tail \u00e0 New York\u00a0?<\/strong><\/h2>\n\n\n\n<p>Les tests de produits de d\u00e9tail \u00e0 New York attirent de nombreuses entreprises et organisations qui cherchent \u00e0 obtenir des informations pr\u00e9cieuses sur les consommateurs et \u00e0 garantir que leurs produits prosp\u00e8rent sur un march\u00e9 concurrentiel. Vous trouverez ci-dessous quelques-uns des principaux groupes qui utilisent ces services\u00a0:<\/p>\n\n\n\n<p><strong>1. Fabricants de biens de consommation<\/strong><br>Des articles m\u00e9nagers aux produits de soins personnels, les fabricants de biens de consommation comptent sur les tests de produits de d\u00e9tail pour affiner leurs offres. En testant leurs produits \u00e0 New York, ces entreprises ont acc\u00e8s \u00e0 une base de consommateurs diversifi\u00e9e, ce qui les aide \u00e0 s&#039;assurer que leurs produits r\u00e9pondent aux besoins d&#039;un large public avant un lancement \u00e0 grande \u00e9chelle.<\/p>\n\n\n\n<p><strong>2. Entreprises du secteur agroalimentaire<\/strong><br>Food and beverage brands often use <a href=\"https:\/\/www.sisinternational.com\/fr\/brand-audit-in-new-york-the-complete-guide-to-strengthening-your-brand\/\" title=\"Brand Audit in New York: The Complete Guide to Strengthening Your Brand\" data-wpil-monitor-id=\"1366\">retail product testing<\/a> in New York to assess taste, packaging, and market appeal. With the city\u2019s diverse demographics, companies can evaluate how their products resonate with various cultural and dietary preferences, optimizing them for broader market success.<\/p>\n\n\n\n<p><strong>3. Marques de mode et de v\u00eatements<\/strong><br>Les entreprises de mode et de pr\u00eat-\u00e0-porter ont souvent recours \u00e0 des tests de produits de d\u00e9tail pour \u00e9valuer les r\u00e9actions des consommateurs aux nouvelles collections ou aux designs innovants. La position de New York en tant que centre de la mode en fait un endroit id\u00e9al pour recueillir les avis des consommateurs soucieux des tendances.<\/p>\n\n\n\n<p><strong>4. Entreprises technologiques et \u00e9lectroniques<\/strong><br>Les entreprises technologiques testent des produits tels que des gadgets, des appareils \u00e9lectrom\u00e9nagers et des appareils intelligents dans des magasins de d\u00e9tail pour recueillir les commentaires des utilisateurs sur la fonctionnalit\u00e9, la conception et la facilit\u00e9 d&#039;utilisation. La population new-yorkaise f\u00e9rue de technologie fournit des informations pr\u00e9cieuses, aidant les marques \u00e0 affiner leurs offres.<\/p>\n\n\n\n<p><strong>5. Startups et entrepreneurs<\/strong><br>Les startups et les entrepreneurs utilisent les tests de produits de d\u00e9tail \u00e0 New York pour valider leurs concepts de produits avant de lancer la production \u00e0 grande \u00e9chelle. Ces tests aident les petites entreprises \u00e0 prendre des d\u00e9cisions bas\u00e9es sur des donn\u00e9es, \u00e0 minimiser les risques et \u00e0 augmenter les chances de r\u00e9ussite sur un march\u00e9 concurrentiel.<\/p>\n\n\n\n<p><strong>6. Cha\u00eenes de vente au d\u00e9tail et supermarch\u00e9s<\/strong><br>Les cha\u00eenes de distribution et les supermarch\u00e9s testent les produits de leurs marques propres pour s&#039;assurer qu&#039;ils r\u00e9pondent aux attentes des clients. Ces entreprises s&#039;appuient sur les tests de produits pour maintenir des normes \u00e9lev\u00e9es et renforcer la confiance des clients.<\/p>\n\n\n\n<p><strong>7. Agences de marketing et de publicit\u00e9<\/strong><br>Agencies involved in product launches use <a href=\"https:\/\/www.sisinternational.com\/fr\/reductions-chez-les-detaillants-de-super-luxe\/\" title=\"Remises chez les d\u00e9taillants de luxe\" data-wpil-monitor-id=\"2091\">retail product testing to refine marketing strategies<\/a> and ensure messaging aligns with consumer preferences.&nbsp;<\/p>\n\n\n\n<h2 class=\"wp-block-heading\"><strong>D\u00e9fis et solutions pour les tests de produits de vente au d\u00e9tail \u00e0 New York<\/strong><\/h2>\n\n\n\n<figure class=\"gb-block-image gb-block-image-540b4a2b\"><img loading=\"lazy\" decoding=\"async\" width=\"1456\" height=\"816\" class=\"gb-image gb-image-540b4a2b\" src=\"https:\/\/www.sisinternational.com\/wp-content\/uploads\/2025\/08\/Retail-17.jpg\" alt=\"\u00c9tudes de march\u00e9 et strat\u00e9gie internationales SIS\" title=\"Retail (17)\" srcset=\"https:\/\/www.sisinternational.com\/wp-content\/uploads\/2025\/08\/Retail-17.jpg 1456w, https:\/\/www.sisinternational.com\/wp-content\/uploads\/2025\/08\/Retail-17-300x168.jpg 300w, https:\/\/www.sisinternational.com\/wp-content\/uploads\/2025\/08\/Retail-17-1024x574.jpg 1024w, https:\/\/www.sisinternational.com\/wp-content\/uploads\/2025\/08\/Retail-17-768x430.jpg 768w, https:\/\/www.sisinternational.com\/wp-content\/uploads\/2025\/08\/Retail-17-18x10.jpg 18w\" sizes=\"auto, (max-width: 1456px) 100vw, 1456px\"><\/figure>\n\n\n\n<p><\/p>\n\n\n\n<p><span style=\"font-weight: 400;\">Bien que les tests de produits de d\u00e9tail \u00e0 New York offrent des opportunit\u00e9s in\u00e9gal\u00e9es, ils s&#039;accompagnent \u00e9galement de d\u00e9fis uniques que les entreprises doivent relever pour r\u00e9ussir.&nbsp;<\/span><\/p>\n\n\n\n<h3 class=\"wp-block-heading\"><span style=\"font-weight: 400;\">Naviguer dans une forte concurrence<\/span><\/h3>\n\n\n\n<p><span style=\"font-weight: 400;\">New York est l&#039;un des march\u00e9s de d\u00e9tail les plus comp\u00e9titifs au monde. Les marques doivent relever le d\u00e9fi de se d\u00e9marquer dans un paysage encombr\u00e9. Heureusement, les tests de produits de d\u00e9tail \u00e0 New York aident les entreprises \u00e0 affiner leurs produits pour s&#039;adapter aux pr\u00e9f\u00e9rences des consommateurs et se diff\u00e9rencier de leurs concurrents.&nbsp;<\/span><\/p>\n\n\n\n<h3 class=\"wp-block-heading\"><span style=\"font-weight: 400;\">G\u00e9rer les complexit\u00e9s logistiques<\/span><\/h3>\n\n\n\n<p><span style=\"font-weight: 400;\">New York\u2019s urban environment presents logistical challenges, such as limited space for testing and high operating costs. Retail <a href=\"https:\/\/www.sisinternational.com\/fr\/competence\/les-industries\/etude-de-marche-des-cosmetiques-2\/tester-des-parfums-et-des-produits-de-soins-personnels-a-new-york\/\" title=\"L\u2019avantage strat\u00e9gique de tester des parfums et des produits de soins personnels \u00e0 New York\" data-wpil-monitor-id=\"1888\">product testing in New York requires careful<\/a> planning to optimize resources.&nbsp;<\/span><\/p>\n\n\n\n<h3 class=\"wp-block-heading\"><span style=\"font-weight: 400;\">S&#039;adapter aux tendances en \u00e9volution rapide<\/span><\/h3>\n\n\n\n<p><span style=\"font-weight: 400;\">Le rythme effr\u00e9n\u00e9 du march\u00e9 new-yorkais signifie que les tendances peuvent changer presque du jour au lendemain. Les tests de produits de d\u00e9tail \u00e0 New York permettent aux entreprises de rester agiles et d&#039;adapter leurs produits pour r\u00e9pondre aux demandes changeantes des consommateurs.&nbsp;<\/span><\/p>\n\n\n\n<\/p>\n<h3 class=\"wp-block-heading\"><strong>Emplacement de l&#039;\u00e9tablissement\u00a0: New York<\/strong><\/h3>\n<p>\n\n\n\n<iframe loading=\"lazy\" src=\"https:\/\/www.google.com\/maps\/embed?pb=!1m18!1m12!1m3!1d3022.976188376966!2d-73.99130312499956!3d40.740549471389315!2m3!1f0!2f0!3f0!3m2!1i1024!2i768!4f13.1!3m3!1m2!1s0x89c259a15798c731%3A0xd695d09bdd495f25!2s11%20E%2022nd%20St%20FL%202%2C%20New%20York%2C%20NY%2010010%2C%20USA!5e0!3m2!1sen!2spe!4v1726171763526!5m2!1sen!2spe\" width=\"600\" height=\"450\" allowfullscreen=\"allowfullscreen\" data-mce-fragment=\"1\"><\/iframe>\n\n\n\n<\/p>\n<p>\u00a0<\/p>\n<p>\n\n\n\n<\/p>\n<h3 class=\"wp-block-heading\">11 E 22nd Street, \u00e9tage 2, New York, NY 10010 T\u00e9l. : +1(212) 505-6805<\/h3>\n<p>\n\n\n\n<\/p>\n<h4 class=\"wp-block-heading\"><strong>Points forts de l&#039;emplacement\u00a0:<\/strong><\/h4>\n<p>\n\n\n\n<\/p>\n<ul class=\"wp-block-list\">\n\n<li>Flatiron District \u00e0 Manhattan, \u00e0 quelques pas du b\u00e2timent historique Flatiron et \u00e0 proximit\u00e9 de Madison Square Park et d&#039;Union Square<\/li>\n\n \n\n<li>Id\u00e9alement situ\u00e9 au c\u0153ur de New York, une ville mondiale majeure et la plus grande ville des \u00c9tats-Unis<\/li>\n\n \n\n<li>Pratique pour de nombreuses options de transport<\/li>\n\n \n\n<li>Situ\u00e9 entre Broadway et Park Avenue sur la 22\u00e8me rue, \u00e0 c\u00f4t\u00e9 du \u00ab Key Bank \u00bb<\/li>\n\n \n\n<li>Train local R Broadway \u2013 Station 22\/23<\/li>\n\n \n\n<li>Train local 6 Eastside - 23e et station Park Ave<\/li>\n\n \n\n<li>Train local 1 Westside \u2013 Station 23e et 6e Avenue<\/li>\n\n<\/ul>\n<p>\n\n\n<\/p>\n<h2><strong>Qu&#039;est-ce qui fait de SIS International une soci\u00e9t\u00e9 de test de produits de d\u00e9tail de premier plan \u00e0 New York ?<\/strong><\/h2>\n<p><span style=\"font-weight: 400;\"><a href=\"https:\/\/www.linkedin.com\/company\/sisinternationalresearch\/\" target=\"_blank\" rel=\"noopener\">SIS International<\/a> SIS International est un leader chevronn\u00e9 qui offre aux entreprises les outils, les connaissances et l\u2019expertise dont elles ont besoin pour r\u00e9ussir. Avec plus de 40 ans d\u2019exp\u00e9rience, un engagement envers l\u2019innovation et une volont\u00e9 de cr\u00e9er de la valeur, SIS International se distingue comme le partenaire de r\u00e9f\u00e9rence pour les \u00e9tudes de march\u00e9.<\/span><\/p>\n<h3 style=\"padding-left: 40px;\"><b>Plus de 40 ans d&#039;excellence en \u00e9tudes de march\u00e9<\/b><b><br \/><\/b><\/h3>\n<p style=\"padding-left: 40px;\"><span style=\"font-weight: 400;\"><a href=\"https:\/\/twitter.com\/SISIntlResearch\" target=\"_blank\" rel=\"noopener\">SIS<\/a> has been a pioneer in the market research industry for decades. Our deep understanding of New York\u2019s retail landscape enables us to provide businesses with unmatched insights into <a href=\"https:\/\/www.sisinternational.com\/fr\/les-nouvelles-tendances-danalyse-des-consommateurs-americains-auxquelles-nous-sommes-confrontes-les-detaillants\/\" title=\"La nouvelle analyse des consommateurs am\u00e9ricains\u00a0: tendances auxquelles sont confront\u00e9s les d\u00e9taillants am\u00e9ricains\" data-wpil-monitor-id=\"2719\">consommateur<\/a> behavior and trends.<\/span><\/p>\n<h3 style=\"padding-left: 40px;\"><b>Des solutions de recherche sur mesure pour chaque entreprise<\/b><\/h3>\n<p style=\"padding-left: 40px;\"><span style=\"font-weight: 400;\">SIS designs customized <a href=\"https:\/\/www.sisinternational.com\/fr\/meilleures-pratiques-dans-le-commerce-de-detail\/\" title=\"Meilleures pratiques dans le commerce de d\u00e9tail\" data-wpil-monitor-id=\"2663\">retail product testing strategies<\/a> that address each client&#8217;s unique goals, ensuring actionable and impactful results.<\/span><\/p>\n<h3 style=\"padding-left: 40px;\"><b>Outils et technologies avanc\u00e9es<\/b><\/h3>\n<p style=\"padding-left: 40px;\"><span style=\"font-weight: 400;\">Nos outils de pointe, notamment les analyses bas\u00e9es sur l&#039;IA, les enqu\u00eates g\u00e9ocibl\u00e9es et les tests de r\u00e9alit\u00e9 virtuelle, garantissent \u00e0 nos clients de recevoir les donn\u00e9es les plus pr\u00e9cises et les plus pertinentes. Ces technologies permettent aux entreprises de prendre des d\u00e9cisions bas\u00e9es sur les donn\u00e9es qui optimisent leurs strat\u00e9gies de vente au d\u00e9tail.<\/span><\/p>\n<h3 style=\"padding-left: 40px;\"><b>Acc\u00e8s \u00e0 la base de consommateurs diversifi\u00e9e de New York<\/b><\/h3>\n<p style=\"padding-left: 40px;\"><span style=\"font-weight: 400;\">Avec un r\u00e9seau qui couvre les diverses cat\u00e9gories d\u00e9mographiques de New York, SIS offre un acc\u00e8s in\u00e9gal\u00e9 aux diff\u00e9rents groupes de consommateurs de la ville.\u00a0<\/span><\/p>\n<h3 style=\"padding-left: 40px;\"><b>La solution la plus abordable \u00e0 New York<\/b><b><br \/><\/b><\/h3>\n<p style=\"padding-left: 40px;\"><span style=\"font-weight: 400;\">\u00c0 <a href=\"https:\/\/medium.com\/@sisinternational\/sis-international-c17160da8fac\" target=\"_blank\" rel=\"noopener\">SIS<\/a>, nous sommes fiers d&#039;\u00eatre le fournisseur d&#039;\u00e9tudes de march\u00e9 le plus rentable de New York. Nos processus rationalis\u00e9s et nos m\u00e9thodologies innovantes nous permettent de fournir des solutions de test de produits de vente au d\u00e9tail de haute qualit\u00e9 \u00e0 un prix adapt\u00e9 \u00e0 votre budget.<\/span><\/p>\n<h3 style=\"padding-left: 40px;\"><b>Succ\u00e8s prouv\u00e9 dans les tests de produits de vente au d\u00e9tail<\/b><b><br \/><\/b><\/h3>\n<p style=\"padding-left: 40px;\"><span style=\"font-weight: 400;\">Notre exp\u00e9rience dans l&#039;aide aux entreprises pour perfectionner et lancer des produits \u00e0 succ\u00e8s \u00e0 New York parle d&#039;elle-m\u00eame. Des grandes entreprises aux marques \u00e9mergentes, nous avons aid\u00e9 des clients de tous les secteurs \u00e0 obtenir des r\u00e9sultats mesurables.<\/span><\/p>\n<h3 style=\"padding-left: 40px;\"><b>Engagement envers la satisfaction du client<\/b><b><br \/><\/b><\/h3>\n<p style=\"padding-left: 40px;\"><span style=\"font-weight: 400;\">Chez SIS, nous accordons la priorit\u00e9 \u00e0 la r\u00e9ussite de nos clients. Notre \u00e9quipe d\u00e9di\u00e9e travaille en \u00e9troite collaboration avec chaque client pour s&#039;assurer que leurs besoins sp\u00e9cifiques sont satisfaits et offre un soutien complet tout au long du processus de test des produits de vente au d\u00e9tail.<\/span><\/p>\n\n\n<h2 class=\"wp-block-heading\">\u00c0 propos de SIS International<\/h2>\n\n\n\n<p><a href=\"https:\/\/www.sisinternational.com\/fr\/\">SIS International<\/a> propose des recherches quantitatives, qualitatives et strat\u00e9giques. Nous fournissons des donn\u00e9es, des outils, des strat\u00e9gies, des rapports et des informations pour la prise de d\u00e9cision. Nous menons \u00e9galement des entretiens, des enqu\u00eates, des groupes de discussion et d\u2019autres m\u00e9thodes et approches d\u2019\u00e9tudes de march\u00e9.<a href=\"https:\/\/www.sisinternational.com\/fr\/a-propos-de-la-recherche-internationale-sis\/contact-sis-international-market-research\/\"> Contactez nous<\/a> pour votre prochain projet d&#039;\u00e9tude de march\u00e9.<\/p>\n\n\n\n<hr class=\"wp-block-separator has-alpha-channel-opacity\"\/>\n\n\n\n<p><\/p>","protected":false},"excerpt":{"rendered":"<p>Retail Product Testing in New York Retail product testing in New York isn\u2019t just an option\u2014it\u2019s necessary for businesses that want to thrive in this dynamic and competitive market. How can your business ensure its products resonate with one of the world&#8217;s most diverse consumer bases? Retail product testing in New York offers unparalleled insights &#8230; <a title=\"Tests de produits de vente au d\u00e9tail \u00e0 New York\" class=\"read-more\" href=\"https:\/\/www.sisinternational.com\/fr\/competence\/etude-de-marche-sur-les-tests-de-produits\/test-de-produits-de-detail-a-new-york\/\" aria-label=\"En savoir plus sur Retail Product Testing in New York\">Lire plus<\/a><\/p>","protected":false},"author":1,"featured_media":62497,"parent":12926,"menu_order":2,"comment_status":"closed","ping_status":"closed","template":"","meta":{"footnotes":""},"class_list":["post-54262","page","type-page","status-publish","has-post-thumbnail"],"_links":{"self":[{"href":"https:\/\/www.sisinternational.com\/fr\/wp-json\/wp\/v2\/pages\/54262","targetHints":{"allow":["GET"]}}],"collection":[{"href":"https:\/\/www.sisinternational.com\/fr\/wp-json\/wp\/v2\/pages"}],"about":[{"href":"https:\/\/www.sisinternational.com\/fr\/wp-json\/wp\/v2\/types\/page"}],"author":[{"embeddable":true,"href":"https:\/\/www.sisinternational.com\/fr\/wp-json\/wp\/v2\/users\/1"}],"replies":[{"embeddable":true,"href":"https:\/\/www.sisinternational.com\/fr\/wp-json\/wp\/v2\/comments?post=54262"}],"version-history":[{"count":20,"href":"https:\/\/www.sisinternational.com\/fr\/wp-json\/wp\/v2\/pages\/54262\/revisions"}],"predecessor-version":[{"id":80687,"href":"https:\/\/www.sisinternational.com\/fr\/wp-json\/wp\/v2\/pages\/54262\/revisions\/80687"}],"up":[{"embeddable":true,"href":"https:\/\/www.sisinternational.com\/fr\/wp-json\/wp\/v2\/pages\/12926"}],"wp:featuredmedia":[{"embeddable":true,"href":"https:\/\/www.sisinternational.com\/fr\/wp-json\/wp\/v2\/media\/62497"}],"wp:attachment":[{"href":"https:\/\/www.sisinternational.com\/fr\/wp-json\/wp\/v2\/media?parent=54262"}],"curies":[{"name":"wp","href":"https:\/\/api.w.org\/{rel}","templated":true}]}}