{"id":54228,"date":"2024-11-24T05:15:17","date_gmt":"2024-11-24T10:15:17","guid":{"rendered":"https:\/\/www.sisinternational.com\/?page_id=54228"},"modified":"2026-03-05T23:07:47","modified_gmt":"2026-03-06T04:07:47","slug":"methodes-de-recherche-alternatives-et-visites-a-domicile","status":"publish","type":"page","link":"https:\/\/www.sisinternational.com\/fr\/solutions\/solutions-de-recherche-qualitative-et-quantitative\/methodes-de-recherche-alternatives-et-visites-a-domicile\/","title":{"rendered":"M\u00e9thodes de recherche alternatives et visites \u00e0 domicile\u00a0"},"content":{"rendered":"<h1 class=\"wp-block-heading\">M\u00e9thodes de recherche alternatives et visites \u00e0 domicile&nbsp;<\/h1>\n\n\n\n<p><\/p>\n\n\n\n<figure class=\"gb-block-image gb-block-image-41ea9a7a\"><img loading=\"lazy\" decoding=\"async\" width=\"1456\" height=\"816\" class=\"gb-image gb-image-41ea9a7a\" src=\"https:\/\/www.sisinternational.com\/wp-content\/uploads\/2025\/08\/Real-estate-architect-house-2.jpg\" alt=\"\u00c9tudes de march\u00e9 et strat\u00e9gie internationales SIS\" title=\"Real estate architect house (2)\" srcset=\"https:\/\/www.sisinternational.com\/wp-content\/uploads\/2025\/08\/Real-estate-architect-house-2.jpg 1456w, https:\/\/www.sisinternational.com\/wp-content\/uploads\/2025\/08\/Real-estate-architect-house-2-300x168.jpg 300w, https:\/\/www.sisinternational.com\/wp-content\/uploads\/2025\/08\/Real-estate-architect-house-2-1024x574.jpg 1024w, https:\/\/www.sisinternational.com\/wp-content\/uploads\/2025\/08\/Real-estate-architect-house-2-768x430.jpg 768w, https:\/\/www.sisinternational.com\/wp-content\/uploads\/2025\/08\/Real-estate-architect-house-2-18x10.jpg 18w\" sizes=\"auto, (max-width: 1456px) 100vw, 1456px\"><\/figure>\n\n\n\n<hr class=\"wp-block-separator has-alpha-channel-opacity is-style-dots\"\/>\n\n\n\n<h3 class=\"wp-block-heading\">Les visites \u00e0 domicile sont souvent consid\u00e9r\u00e9es comme la r\u00e9f\u00e9rence absolue en mati\u00e8re d\u2019\u00e9tudes de consommation, mais elles ont un co\u00fbt \u00e9lev\u00e9. D\u2019autres m\u00e9thodes d\u2019\u00e9tude, comme les entretiens vid\u00e9o et les visites virtuelles \u00e0 domicile, offrent d\u00e9sormais un moyen rentable et efficace de recueillir des informations comparables.<\/h3>\n\n\n\n<p>Les visites \u00e0 domicile valent-elles le prix \u00e9lev\u00e9 lorsqu\u2019il existe d\u2019autres options ? Le d\u00e9bat sur les m\u00e9thodes de recherche alternatives et les visites \u00e0 domicile est devenu de plus en plus pertinent \u00e0 mesure que les entreprises recherchent des moyens rentables pour recueillir des informations pr\u00e9cieuses.&nbsp;<\/p>\n\n\n\n<h2 class=\"wp-block-heading\">Que sont les visites \u00e0 domicile et les m\u00e9thodes de recherche alternatives\u00a0?<\/h2>\n\n\n\n<p>Pour comprendre la comparaison entre les m\u00e9thodes de recherche alternatives et les visites \u00e0 domicile, il est essentiel de d\u00e9finir les deux approches et leur r\u00f4le dans les \u00e9tudes de consommation. Chacune offre des informations uniques sur le comportement des consommateurs, mais leur mise en \u0153uvre et leur rentabilit\u00e9 diff\u00e8rent consid\u00e9rablement.<\/p>\n\n\n\n<h4 class=\"wp-block-heading\"><strong>Visites \u00e0 domicile<\/strong><\/h4>\n\n\n\n<p>Les visites \u00e0 domicile impliquent que les chercheurs se rendent physiquement au domicile d&#039;un participant pour observer son environnement, ses comportements et ses interactions. Cette m\u00e9thode offre un aper\u00e7u intime de la fa\u00e7on dont les consommateurs vivent, utilisent les produits et prennent des d\u00e9cisions dans leur environnement naturel. Si les visites \u00e0 domicile peuvent fournir des informations approfondies et riches en contexte, elles s&#039;accompagnent souvent de d\u00e9fis logistiques et de d\u00e9penses importantes.&nbsp;<\/p>\n\n\n\n<h4 class=\"wp-block-heading\"><strong>M\u00e9thodes de recherche alternatives<\/strong><\/h4>\n\n\n\n<p>Les m\u00e9thodes de recherche alternatives s\u2019appuient sur la technologie et des approches cr\u00e9atives pour recueillir des informations sans avoir besoin d\u2019une pr\u00e9sence physique. Ces m\u00e9thodes comprennent les visites \u00e0 domicile virtuelles, les entretiens vid\u00e9o, l\u2019ethnographie en ligne et les \u00e9tudes d\u2019observation via des plateformes num\u00e9riques comme Zoom.&nbsp;<\/p>\n\n\n\n<p>Lorsque l\u2019on compare des m\u00e9thodes de recherche alternatives et des visites \u00e0 domicile, le choix se r\u00e9sume souvent \u00e0 un \u00e9quilibre entre le co\u00fbt, la port\u00e9e et la profondeur des informations requises. Gr\u00e2ce aux progr\u00e8s des outils de visioconf\u00e9rence, les visites \u00e0 domicile virtuelles peuvent d\u00e9sormais capturer une grande partie des m\u00eames d\u00e9tails que les visites \u00e0 domicile traditionnelles, pour une fraction du co\u00fbt.&nbsp;<\/p>\n\n\n\n<h2 class=\"wp-block-heading\">Les inconv\u00e9nients des visites \u00e0 domicile<\/h2>\n\n\n\n<p>Les inconv\u00e9nients des visites \u00e0 domicile \u00e9clipsent souvent leurs avantages, notamment en termes de co\u00fbts et de d\u00e9fis logistiques. Bien qu&#039;elles fournissent des informations d\u00e9taill\u00e9es, ces limitations peuvent rendre les visites \u00e0 domicile peu pratiques pour de nombreuses entreprises.<\/p>\n\n\n<div class=\"wp-block-image\">\n<figure class=\"aligncenter size-full is-resized\"><img loading=\"lazy\" decoding=\"async\" width=\"1600\" height=\"898\" src=\"https:\/\/www.sisinternational.com\/wp-content\/uploads\/2024\/11\/Alternative-Research-Methods-and-Home-Visits.png\" alt=\"\u00c9tudes de march\u00e9 et strat\u00e9gie internationales SIS\" class=\"wp-image-54229\" style=\"width:815px;height:auto\" srcset=\"https:\/\/www.sisinternational.com\/wp-content\/uploads\/2024\/11\/Alternative-Research-Methods-and-Home-Visits.png 1600w, https:\/\/www.sisinternational.com\/wp-content\/uploads\/2024\/11\/Alternative-Research-Methods-and-Home-Visits-300x168.png 300w, https:\/\/www.sisinternational.com\/wp-content\/uploads\/2024\/11\/Alternative-Research-Methods-and-Home-Visits-1024x575.png 1024w, https:\/\/www.sisinternational.com\/wp-content\/uploads\/2024\/11\/Alternative-Research-Methods-and-Home-Visits-768x431.png 768w, https:\/\/www.sisinternational.com\/wp-content\/uploads\/2024\/11\/Alternative-Research-Methods-and-Home-Visits-1536x862.png 1536w, https:\/\/www.sisinternational.com\/wp-content\/uploads\/2024\/11\/Alternative-Research-Methods-and-Home-Visits-18x10.png 18w\" sizes=\"auto, (max-width: 1600px) 100vw, 1600px\" \/><\/figure>\n<\/div>\n\n\n<p><\/p>\n\n\n\n<h4 class=\"wp-block-heading\"><strong>1. Co\u00fbts \u00e9lev\u00e9s<\/strong><\/h4>\n\n\n\n<p><a href=\"https:\/\/www.sisinternational.com\/fr\/competence\/les-industries\/etude-de-marche-sur-lelectromenager\/\" title=\"\u00c9tude de march\u00e9 sur les appareils \u00e9lectrom\u00e9nagers\"  data-wpil-monitor-id=\"6601\">Visites \u00e0 domicile<\/a> are among the most expensive research methods available. Travel expenses, lodging, researcher fees, and the cost of materials quickly add up. For projects requiring multiple participants across different regions, these costs can skyrocket, making home visits an unsustainable option for businesses with limited budgets.<\/p>\n\n\n\n<h4 class=\"wp-block-heading\"><strong>2. Complexit\u00e9s logistiques<\/strong><\/h4>\n\n\n\n<p>Les visites \u00e0 domicile n\u00e9cessitent souvent une planification minutieuse, notamment les modalit\u00e9s de d\u00e9placement, les autorisations et la garantie de la disponibilit\u00e9 des participants \u00e0 des heures pr\u00e9cises. Ces exigences logistiques consomment du temps et des ressources pr\u00e9cieuses, ce qui ralentit le processus de recherche.<\/p>\n\n\n\n<h4 class=\"wp-block-heading\"><strong>3. \u00c9volutivit\u00e9 limit\u00e9e<\/strong><\/h4>\n\n\n\n<p>Les visites \u00e0 domicile pour un \u00e9chantillon de grande taille sont co\u00fbteuses et chronophages. La n\u00e9cessit\u00e9 de rendre visite physiquement aux participants rend difficile l\u2019extension de la recherche sans augmenter de mani\u00e8re exponentielle le budget et les efforts requis. En comparaison, d\u2019autres m\u00e9thodes de recherche permettent une port\u00e9e plus large avec des co\u00fbts suppl\u00e9mentaires minimes.<\/p>\n\n\n\n<h4 class=\"wp-block-heading\"><strong>4. Malaise des participants<\/strong><\/h4>\n\n\n\n<p>La pr\u00e9sence de chercheurs au domicile des participants peut entra\u00eener un inconfort ou un changement de comportement. Les participants peuvent se sentir g\u00ean\u00e9s, ce qui peut entra\u00eener des perceptions moins authentiques. Les alternatives virtuelles att\u00e9nuent ce probl\u00e8me en permettant aux participants d&#039;interagir dans le confort de leur propre espace sans la pression suppl\u00e9mentaire d&#039;un observateur en personne.<\/p>\n\n\n\n<h4 class=\"wp-block-heading\"><strong>5. Impact environnemental<\/strong><\/h4>\n\n\n\n<p>L\u2019empreinte carbone des visites \u00e0 domicile est souvent n\u00e9glig\u00e9e. Les \u00e9missions li\u00e9es aux d\u00e9placements des chercheurs qui se rendent sur plusieurs sites contribuent \u00e0 la d\u00e9gradation de l\u2019environnement, ce qui rend cette m\u00e9thode moins durable que les alternatives num\u00e9riques.<\/p>\n\n\n\n<h2 class=\"wp-block-heading\">Les avantages des m\u00e9thodes de recherche alternatives<\/h2>\n\n\n\n<p><\/p>\n\n\n\n<figure class=\"gb-block-image gb-block-image-6ecb4cbb\"><img loading=\"lazy\" decoding=\"async\" width=\"1456\" height=\"816\" class=\"gb-image gb-image-6ecb4cbb\" src=\"https:\/\/www.sisinternational.com\/wp-content\/uploads\/2025\/09\/In-Home-Use-Tests-IHUTs-3.jpg\" alt=\"\u00c9tudes de march\u00e9 et strat\u00e9gie internationales SIS\" title=\"In-Home Use Tests (IHUTs) (3)\" srcset=\"https:\/\/www.sisinternational.com\/wp-content\/uploads\/2025\/09\/In-Home-Use-Tests-IHUTs-3.jpg 1456w, https:\/\/www.sisinternational.com\/wp-content\/uploads\/2025\/09\/In-Home-Use-Tests-IHUTs-3-300x168.jpg 300w, https:\/\/www.sisinternational.com\/wp-content\/uploads\/2025\/09\/In-Home-Use-Tests-IHUTs-3-1024x574.jpg 1024w, https:\/\/www.sisinternational.com\/wp-content\/uploads\/2025\/09\/In-Home-Use-Tests-IHUTs-3-768x430.jpg 768w, https:\/\/www.sisinternational.com\/wp-content\/uploads\/2025\/09\/In-Home-Use-Tests-IHUTs-3-18x10.jpg 18w\" sizes=\"auto, (max-width: 1456px) 100vw, 1456px\"><\/figure>\n\n\n\n<p><\/p>\n\n\n\n<p>Compar\u00e9es aux visites \u00e0 domicile, les m\u00e9thodes de recherche alternatives ont gagn\u00e9 en popularit\u00e9 en raison de leur efficacit\u00e9, de leur \u00e9volutivit\u00e9 et de leur rentabilit\u00e9. En s&#039;appuyant sur la technologie et des m\u00e9thodologies cr\u00e9atives, les m\u00e9thodes de recherche alternatives offrent aux entreprises un moyen pratique de recueillir des informations approfondies sans les contraintes logistiques des visites \u00e0 domicile traditionnelles.<\/p>\n\n\n\n<h4 class=\"wp-block-heading\"><strong>1. Rentabilit\u00e9<\/strong><\/h4>\n\n\n\n<p>Les visites \u00e0 domicile virtuelles r\u00e9alis\u00e9es via des plateformes comme Zoom \u00e9liminent les d\u00e9placements, les frais de lieu et la logistique en personne. Les entreprises peuvent \u00e9conomiser jusqu&#039;\u00e0 deux tiers des co\u00fbts des visites \u00e0 domicile traditionnelles tout en recueillant des informations pr\u00e9cieuses.&nbsp;<\/p>\n\n\n\n<h4 class=\"wp-block-heading\"><strong>2. Une port\u00e9e plus large<\/strong><\/h4>\n\n\n\n<p>Contrairement aux visites \u00e0 domicile, qui sont limit\u00e9es par la g\u00e9ographie, les approches virtuelles permettent aux chercheurs d\u2019interagir avec un large \u00e9ventail de participants dans diff\u00e9rentes r\u00e9gions et fuseaux horaires.&nbsp;<\/p>\n\n\n\n<h4 class=\"wp-block-heading\"><strong>3. Flexibilit\u00e9 pour les participants<\/strong><\/h4>\n\n\n\n<p>Des m\u00e9thodes alternatives, comme les entretiens virtuels, permettent aux participants de se joindre \u00e0 l&#039;\u00e9tude depuis le confort de leur domicile sans avoir besoin de la pr\u00e9sence physique d&#039;un chercheur. Cela r\u00e9duit le risque d&#039;annulation et am\u00e9liore les taux de participation globaux.<\/p>\n\n\n\n<h4 class=\"wp-block-heading\"><strong>4. Observation en temps r\u00e9el<\/strong><\/h4>\n\n\n\n<p>Gr\u00e2ce \u00e0 des outils tels que le partage d\u2019\u00e9cran ou des configurations multi-cam\u00e9ras, les chercheurs peuvent capturer des observations d\u00e9taill\u00e9es similaires \u00e0 celles obtenues lors de visites \u00e0 domicile traditionnelles. Cette m\u00e9thode pr\u00e9serve l\u2019authenticit\u00e9 des informations tout en r\u00e9duisant consid\u00e9rablement les co\u00fbts.<\/p>\n\n\n\n<h4 class=\"wp-block-heading\"><strong>5. D\u00e9lais d&#039;ex\u00e9cution plus rapides<\/strong><\/h4>\n\n\n\n<p>With alternative research methods, businesses can conduct and analyze studies much faster than traditional home visits. Scheduling and conducting virtual <a href=\"https:\/\/www.sisinternational.com\/fr\/entretiens-en-face-a-face-et-en-ligne-les-avantages-et-les-inconvenients\/\" title=\"Entretiens en face \u00e0 face et en ligne : les avantages et les inconv\u00e9nients\"  data-wpil-monitor-id=\"976\">interviews or online<\/a> ethnographies require less lead time, allowing companies to access insights quickly and make informed decisions faster.<\/p>\n\n\n\n<h4 class=\"wp-block-heading\"><strong>6. \u00c9volutivit\u00e9<\/strong><\/h4>\n\n\n\n<p>Virtual interviews and online surveys can accommodate larger sample sizes without increasing costs and effort associated with physical visits. This scalability particularly benefits businesses conducting <a href=\"https:\/\/www.sisinternational.com\/fr\/couverture\/les-ameriques\/couverture-des-etats-unis\/etude-de-marche-dans-liowa\/\" title=\"\u00c9tude de march\u00e9 dans l\u2019Iowa\"  data-wpil-monitor-id=\"5570\">research across multiple markets<\/a> or demographics.<\/p>\n\n\n\n<h4 class=\"wp-block-heading\"><strong>7. Am\u00e9lioration du confort des participants<\/strong><\/h4>\n\n\n\n<p>Les m\u00e9thodes de recherche alternatives cr\u00e9ent un environnement plus d\u00e9tendu et authentique pour les participants en supprimant le besoin d&#039;observation en personne. Les m\u00e9thodes virtuelles r\u00e9duisent la pression li\u00e9e \u00e0 l&#039;accueil d&#039;un chercheur \u00e0 domicile, ce qui conduit \u00e0 des comportements et des r\u00e9ponses plus authentiques.<\/p>\n\n\n\n<h2 class=\"wp-block-heading\">Pourquoi SIS International recommande des m\u00e9thodes de recherche alternatives<\/h2>\n\n\n\n<p>En tant que leader dans le domaine des \u00e9tudes de march\u00e9 innovantes, SIS International pr\u00e9conise des m\u00e9thodes de recherche alternatives aux visites \u00e0 domicile traditionnelles. Les avantages des m\u00e9thodes alternatives, notamment les visites \u00e0 domicile virtuelles, d\u00e9passent de loin les d\u00e9fis logistiques et financiers pos\u00e9s par les approches en personne. Voici pourquoi SIS International d\u00e9fend cette approche moderne de la connaissance des consommateurs :<\/p>\n\n\n\n<h4 class=\"wp-block-heading\"><strong>1. Rentabilit\u00e9<\/strong><\/h4>\n\n\n\n<p>Les visites \u00e0 domicile sont co\u00fbteuses et repr\u00e9sentent souvent une part importante des budgets de recherche. En adoptant des visites \u00e0 domicile virtuelles via des plateformes comme Zoom, SIS International aide ses clients \u00e0 \u00e9conomiser jusqu&#039;\u00e0 deux tiers du co\u00fbt par rapport aux m\u00e9thodes traditionnelles.&nbsp;<\/p>\n\n\n\n<h4 class=\"wp-block-heading\"><strong>2. Des informations de haute qualit\u00e9 \u00e0 grande \u00e9chelle<\/strong><\/h4>\n\n\n\n<p>Gr\u00e2ce \u00e0 des m\u00e9thodes alternatives, SIS International propose des solutions \u00e9volutives qui touchent un plus large \u00e9ventail de participants dans diff\u00e9rentes r\u00e9gions et diff\u00e9rents groupes d\u00e9mographiques. Les visites \u00e0 domicile virtuelles permettent de recueillir le m\u00eame niveau d&#039;informations comportementales et environnementales que les visites \u00e0 domicile traditionnelles, mais sans les limitations li\u00e9es \u00e0 la g\u00e9ographie ou aux co\u00fbts de d\u00e9placement.<\/p>\n\n\n\n<h4 class=\"wp-block-heading\"><strong>3. Flexibilit\u00e9 et confort des participants am\u00e9lior\u00e9s<\/strong><\/h4>\n\n\n\n<p>Les participants se sentent souvent plus \u00e0 l\u2019aise lorsqu\u2019ils interagissent depuis leur propre espace, sans la pr\u00e9sence physique d\u2019un chercheur. Ce confort conduit \u00e0 des comportements et des r\u00e9ponses plus authentiques, am\u00e9liorant ainsi la qualit\u00e9 des informations recueillies.&nbsp;<\/p>\n\n\n\n<h4 class=\"wp-block-heading\"><strong>4. Int\u00e9gration de technologies de pointe<\/strong><\/h4>\n\n\n\n<p>Nous utilisons des outils avanc\u00e9s tels que la transcription en temps r\u00e9el, le marquage vid\u00e9o et l&#039;analyse des sentiments. Ces technologies permettent aux clients d&#039;obtenir des informations plus approfondies plus rapidement que ce qui est possible avec les processus manuels des visites \u00e0 domicile traditionnelles.<\/p>\n\n\n\n<h4 class=\"wp-block-heading\"><strong>5. D\u00e9lais d&#039;ex\u00e9cution plus rapides<\/strong><\/h4>\n\n\n\n<p>Gr\u00e2ce \u00e0 des m\u00e9thodes de recherche alternatives, notre \u00e9quipe veille \u00e0 ce que les clients re\u00e7oivent des informations exploitables dans des d\u00e9lais plus courts. Les approches virtuelles r\u00e9duisent les d\u00e9lais logistiques li\u00e9s \u00e0 la planification et aux d\u00e9placements, permettant aux entreprises de prendre rapidement des d\u00e9cisions bas\u00e9es sur des donn\u00e9es.<\/p>\n\n\n\n<h4 class=\"wp-block-heading\"><strong>6. Responsabilit\u00e9 environnementale<\/strong><\/h4>\n\n\n\n<p>Les m\u00e9thodes virtuelles de SIS International s&#039;alignent sur des pratiques durables en r\u00e9duisant le besoin de d\u00e9placements. Les entreprises b\u00e9n\u00e9ficient d&#039;\u00e9conomies de co\u00fbts et d&#039;une r\u00e9duction de leur empreinte carbone, une priorit\u00e9 croissante pour les organisations socialement responsables.<\/p>\n\n\n\n<h4 class=\"wp-block-heading\"><strong>7. Expertise en recherche virtuelle<\/strong><\/h4>\n\n\n\n<p>L&#039;\u00e9quipe de SIS International est hautement qualifi\u00e9e pour mod\u00e9rer et analyser des sessions de recherche virtuelles. Des visites virtuelles \u00e0 domicile aux entretiens vid\u00e9o, l&#039;entreprise veille \u00e0 ce que les m\u00e9thodes de recherche alternatives fournissent des informations tout aussi efficaces, voire plus, que les visites \u00e0 domicile traditionnelles.<\/p>\n\n\n\n<h2 class=\"wp-block-heading\">Qu&#039;est-ce qui fait de SIS International une soci\u00e9t\u00e9 de recherche de premier plan ?<\/h2>\n\n\n\n<p><a href=\"https:\/\/www.linkedin.com\/company\/sisinternationalresearch\/\" target=\"_blank\" rel=\"noopener\">SIS International<\/a> s&#039;est impos\u00e9 comme l&#039;un des principaux cabinets d&#039;\u00e9tudes de march\u00e9 et de conseil en strat\u00e9gie au niveau mondial. Nous proposons des services complets qui favorisent une croissance durable gr\u00e2ce \u00e0 des strat\u00e9gies bas\u00e9es sur les donn\u00e9es.<\/p>\n\n\n<p>\n\n\n<\/p>\n<p style=\"padding-left: 40px;\"><strong>1. Solutions compl\u00e8tes d&#039;\u00e9tudes de march\u00e9<\/strong><\/p>\n<p style=\"padding-left: 40px;\">\n\n\n\n<\/p>\n<p style=\"padding-left: 40px;\">SIS International propose divers services d&#039;\u00e9tudes de march\u00e9, notamment des \u00e9tudes de march\u00e9 grand public et B2B, le suivi de marque et des \u00e9tudes sectorielles. Ces services sont con\u00e7us pour fournir des informations exploitables qui \u00e9clairent la prise de d\u00e9cision strat\u00e9gique.<\/p>\n<p style=\"padding-left: 40px;\">\n\n\n\n<\/p>\n<p style=\"padding-left: 40px;\"><strong>2. Port\u00e9e mondiale et expertise locale<\/strong><\/p>\n<p style=\"padding-left: 40px;\">\n\n\n\n<\/p>\n<p style=\"padding-left: 40px;\">Avec son si\u00e8ge social \u00e0 New York et des bureaux dans le monde entier, <a href=\"https:\/\/twitter.com\/SISIntlResearch\" target=\"_blank\" rel=\"noopener\">SIS<\/a> allie une perspective globale \u00e0 une connaissance des march\u00e9s locaux. Ce positionnement unique permet \u00e0 l&#039;entreprise d&#039;offrir une connaissance approfondie de divers march\u00e9s, r\u00e9pondant aux besoins sp\u00e9cifiques des clients dans diverses r\u00e9gions.<\/p>\n<p style=\"padding-left: 40px;\">\n\n\n\n<\/p>\n<p style=\"padding-left: 40px;\"><strong>3. Analyse avanc\u00e9e des donn\u00e9es<\/strong><\/p>\n<p style=\"padding-left: 40px;\">\n\n\n\n<\/p>\n<p style=\"padding-left: 40px;\"><a href=\"https:\/\/medium.com\/@sisinternational\/sis-international-c17160da8fac\" target=\"_blank\" rel=\"noopener\">SIS<\/a> utilise des analyses de donn\u00e9es de pointe pour am\u00e9liorer la prise de d\u00e9cision des clients en leur fournissant des informations compl\u00e8tes sur le march\u00e9. L&#039;analyse strat\u00e9gique avanc\u00e9e et l&#039;expertise statistique de la soci\u00e9t\u00e9 permettent aux clients de maximiser les rendements et de minimiser les risques.<\/p>\n<p style=\"padding-left: 40px;\">\n\n\n\n<\/p>\n<p style=\"padding-left: 40px;\"><strong>4. Expertise sectorielle sp\u00e9cifique<\/strong><\/p>\n<p style=\"padding-left: 40px;\">\n\n\n\n<\/p>\n<p style=\"padding-left: 40px;\">SIS International dessert plus de 50 secteurs d&#039;activit\u00e9 et propose des services de recherche et de conseil sp\u00e9cialis\u00e9s qui r\u00e9pondent aux d\u00e9fis et aux opportunit\u00e9s sp\u00e9cifiques de chaque secteur. Cette expertise sectorielle sp\u00e9cifique garantit aux clients des informations pertinentes et efficaces.<\/p>\n<p>\n\n\n<\/p>\n\n\n<h2 class=\"wp-block-heading\">\u00c0 propos de SIS International<\/h2>\n\n\n\n<p><a href=\"https:\/\/www.sisinternational.com\/fr\/\">SIS International<\/a> propose des recherches quantitatives, qualitatives et strat\u00e9giques. Nous fournissons des donn\u00e9es, des outils, des strat\u00e9gies, des rapports et des informations pour la prise de d\u00e9cision. Nous menons \u00e9galement des entretiens, des enqu\u00eates, des groupes de discussion et d\u2019autres m\u00e9thodes et approches d\u2019\u00e9tudes de march\u00e9.<a href=\"https:\/\/www.sisinternational.com\/fr\/a-propos-de-la-recherche-internationale-sis\/contact-sis-international-market-research\/\"> Contactez nous<\/a> pour votre prochain projet d&#039;\u00e9tude de march\u00e9.<\/p>\n\n\n\n<hr class=\"wp-block-separator has-alpha-channel-opacity\"\/>","protected":false},"excerpt":{"rendered":"<p>Alternative Research Methods and Home Visits&nbsp; Home visits are often considered the gold standard for consumer research, but they come at a steep price. Alternative research methods \u2013 such as video interviews and virtual home visits \u2013 now offer a cost-effective and efficient way to gather comparable insights. Are home visits worth the high price &#8230; <a title=\"M\u00e9thodes de recherche alternatives et visites \u00e0 domicile\u00a0\" class=\"read-more\" href=\"https:\/\/www.sisinternational.com\/fr\/solutions\/solutions-de-recherche-qualitative-et-quantitative\/methodes-de-recherche-alternatives-et-visites-a-domicile\/\" aria-label=\"En savoir plus sur Alternative Research Methods and Home Visits\u00a0\">Lire plus<\/a><\/p>","protected":false},"author":1,"featured_media":63325,"parent":14660,"menu_order":60,"comment_status":"closed","ping_status":"closed","template":"","meta":{"footnotes":""},"class_list":["post-54228","page","type-page","status-publish","has-post-thumbnail"],"_links":{"self":[{"href":"https:\/\/www.sisinternational.com\/fr\/wp-json\/wp\/v2\/pages\/54228","targetHints":{"allow":["GET"]}}],"collection":[{"href":"https:\/\/www.sisinternational.com\/fr\/wp-json\/wp\/v2\/pages"}],"about":[{"href":"https:\/\/www.sisinternational.com\/fr\/wp-json\/wp\/v2\/types\/page"}],"author":[{"embeddable":true,"href":"https:\/\/www.sisinternational.com\/fr\/wp-json\/wp\/v2\/users\/1"}],"replies":[{"embeddable":true,"href":"https:\/\/www.sisinternational.com\/fr\/wp-json\/wp\/v2\/comments?post=54228"}],"version-history":[{"count":10,"href":"https:\/\/www.sisinternational.com\/fr\/wp-json\/wp\/v2\/pages\/54228\/revisions"}],"predecessor-version":[{"id":80181,"href":"https:\/\/www.sisinternational.com\/fr\/wp-json\/wp\/v2\/pages\/54228\/revisions\/80181"}],"up":[{"embeddable":true,"href":"https:\/\/www.sisinternational.com\/fr\/wp-json\/wp\/v2\/pages\/14660"}],"wp:featuredmedia":[{"embeddable":true,"href":"https:\/\/www.sisinternational.com\/fr\/wp-json\/wp\/v2\/media\/63325"}],"wp:attachment":[{"href":"https:\/\/www.sisinternational.com\/fr\/wp-json\/wp\/v2\/media?parent=54228"}],"curies":[{"name":"wp","href":"https:\/\/api.w.org\/{rel}","templated":true}]}}