{"id":54219,"date":"2024-11-23T05:06:50","date_gmt":"2024-11-23T10:06:50","guid":{"rendered":"https:\/\/www.sisinternational.com\/?page_id=54219"},"modified":"2026-03-05T23:08:05","modified_gmt":"2026-03-06T04:08:05","slug":"etude-de-marche-sur-les-moments-de-verite","status":"publish","type":"page","link":"https:\/\/www.sisinternational.com\/fr\/competence\/etude-de-marche-sur-les-moments-de-verite\/","title":{"rendered":"\u00c9tude de march\u00e9 sur les moments de v\u00e9rit\u00e9"},"content":{"rendered":"<h1 class=\"wp-block-heading\">\u00c9tude de march\u00e9 sur les moments de v\u00e9rit\u00e9<\/h1>\n\n\n\n<p><\/p>\n\n\n\n<figure class=\"gb-block-image gb-block-image-cf1baa2d\"><img loading=\"lazy\" decoding=\"async\" width=\"1456\" height=\"816\" class=\"gb-image gb-image-cf1baa2d\" src=\"https:\/\/www.sisinternational.com\/wp-content\/uploads\/2025\/08\/Retail-6.jpg\" alt=\"\u00c9tudes de march\u00e9 et strat\u00e9gie internationales SIS\" title=\"Retail (6)\" srcset=\"https:\/\/www.sisinternational.com\/wp-content\/uploads\/2025\/08\/Retail-6.jpg 1456w, https:\/\/www.sisinternational.com\/wp-content\/uploads\/2025\/08\/Retail-6-300x168.jpg 300w, https:\/\/www.sisinternational.com\/wp-content\/uploads\/2025\/08\/Retail-6-1024x574.jpg 1024w, https:\/\/www.sisinternational.com\/wp-content\/uploads\/2025\/08\/Retail-6-768x430.jpg 768w, https:\/\/www.sisinternational.com\/wp-content\/uploads\/2025\/08\/Retail-6-18x10.jpg 18w\" sizes=\"auto, (max-width: 1456px) 100vw, 1456px\"><\/figure>\n\n\n\n<hr class=\"wp-block-separator has-alpha-channel-opacity is-style-dots\"\/>\n\n\n\n<h3 class=\"wp-block-heading\">Cette approche de recherche permet aux entreprises de prendre des d\u00e9cisions pertinentes et pertinentes en identifiant les moments pr\u00e9cis o\u00f9 les perceptions des consommateurs \u00e9voluent. L&#039;expertise de SIS International garantit que les informations sont align\u00e9es sur les besoins et les attentes les plus r\u00e9cents du march\u00e9.<\/h3>\n\n\n\n<p>Comment prendre des d\u00e9cisions efficaces en temps r\u00e9el sur un march\u00e9 en constante \u00e9volution ? Les \u00e9tudes de march\u00e9 sur les moments de v\u00e9rit\u00e9 sont la solution sur laquelle les grandes marques s&#039;appuient lorsque la pr\u00e9cision et la perspicacit\u00e9 sont essentielles. Cette approche cibl\u00e9e aide les entreprises \u00e0 saisir les moments critiques de prise de d\u00e9cision, qu&#039;il s&#039;agisse de p\u00e9n\u00e9trer de nouveaux march\u00e9s ou d&#039;optimiser leurs strat\u00e9gies actuelles.<\/p>\n\n\n\n<h2 class=\"wp-block-heading\"><strong>Qu&#039;est-ce que l&#039;\u00e9tude de march\u00e9 Moments of Truth ?<\/strong><\/h2>\n\n\n\n<p>Les \u00e9tudes de march\u00e9 sur les moments de v\u00e9rit\u00e9 visent \u00e0 comprendre les moments cl\u00e9s o\u00f9 les consommateurs prennent des d\u00e9cisions qui d\u00e9finissent leur exp\u00e9rience avec une marque. Ces \u00ab moments de v\u00e9rit\u00e9 \u00bb sont les points critiques du parcours client qui fa\u00e7onnent la fid\u00e9lit\u00e9, la satisfaction et l\u2019engagement \u00e0 long terme. Cette approche est particuli\u00e8rement utile pour les entreprises confront\u00e9es \u00e0 une concurrence intense, o\u00f9 il est essentiel de reconna\u00eetre les changements subtils dans le comportement des clients pour maintenir leur pertinence. En analysant ces moments, SIS International fournit \u00e0 ses clients des strat\u00e9gies exploitables qui correspondent aux besoins du march\u00e9 en temps r\u00e9el.<\/p>\n\n\n\n<h2 class=\"wp-block-heading\"><strong>Pourquoi les entreprises ont-elles besoin d\u2019\u00e9tudes de march\u00e9 sur les moments de v\u00e9rit\u00e9\u00a0?<\/strong><\/h2>\n\n\n\n<figure class=\"gb-block-image gb-block-image-0132acc8\"><img loading=\"lazy\" decoding=\"async\" width=\"1456\" height=\"816\" class=\"gb-image gb-image-0132acc8\" src=\"https:\/\/www.sisinternational.com\/wp-content\/uploads\/2025\/08\/Retail-15.jpg\" alt=\"\u00c9tudes de march\u00e9 et strat\u00e9gie internationales SIS\" title=\"Retail (15)\" srcset=\"https:\/\/www.sisinternational.com\/wp-content\/uploads\/2025\/08\/Retail-15.jpg 1456w, https:\/\/www.sisinternational.com\/wp-content\/uploads\/2025\/08\/Retail-15-300x168.jpg 300w, https:\/\/www.sisinternational.com\/wp-content\/uploads\/2025\/08\/Retail-15-1024x574.jpg 1024w, https:\/\/www.sisinternational.com\/wp-content\/uploads\/2025\/08\/Retail-15-768x430.jpg 768w, https:\/\/www.sisinternational.com\/wp-content\/uploads\/2025\/08\/Retail-15-18x10.jpg 18w\" sizes=\"auto, (max-width: 1456px) 100vw, 1456px\"><\/figure>\n\n\n\n<p><\/p>\n\n\n\n<p>Comprendre quand et pourquoi les clients prennent des d\u00e9cisions cruciales peut donner aux entreprises un avantage consid\u00e9rable. C&#039;est pourquoi les \u00e9tudes de march\u00e9 sur les moments de v\u00e9rit\u00e9 aident les entreprises \u00e0 identifier ces moments critiques, leur permettant ainsi de r\u00e9pondre efficacement aux besoins des consommateurs et aux demandes du march\u00e9.&nbsp;<\/p>\n\n\n\n<p>Dans les secteurs o\u00f9 la concurrence est forte, comme le commerce de d\u00e9tail, la technologie et la finance, un seul \u00ab moment de v\u00e9rit\u00e9 \u00bb peut d\u00e9terminer si un client reste fid\u00e8le \u00e0 une marque ou s\u2019il explore d\u2019autres alternatives. Dans le domaine de la technologie, par exemple, les clients sont souvent submerg\u00e9s de choix et leur fid\u00e9lit\u00e9 peut d\u00e9pendre de la capacit\u00e9 d\u2019une marque \u00e0 anticiper et \u00e0 r\u00e9pondre \u00e0 leurs besoins \u00e0 des moments pr\u00e9cis.&nbsp;<\/p>\n\n\n\n<p>Furthermore, this research approach is invaluable for companies operating in diverse global <a href=\"https:\/\/www.sisinternational.com\/fr\/couverture\/les-ameriques\/etude-de-marche-en-amerique-latine\/etude-de-marche-en-bolivie\/\" title=\"Etude de march\u00e9 en Bolivie\"  data-wpil-monitor-id=\"4570\">markets<\/a>, where consumer behaviors and expectations vary significantly by region. Moments of truth market research allows businesses to adjust their strategies to resonate with local customer preferences.&nbsp;<\/p>\n\n\n\n<h2 class=\"wp-block-heading\"><strong>Notre analyse actuelle du march\u00e9 et nos recommandations<\/strong><\/h2>\n\n\n\n<p>Chez SIS International, nous sommes conscients que les marques ont besoin d\u2019informations actualis\u00e9es sur ces moments critiques pour \u00e9laborer efficacement leurs strat\u00e9gies. Notre analyse montre que les entreprises qui accordent une priorit\u00e9 active \u00e0 la compr\u00e9hension de ces moments critiques b\u00e9n\u00e9ficient d\u2019une meilleure r\u00e9tention des clients, d\u2019une plus grande fid\u00e9lit\u00e9 \u00e0 la marque et d\u2019une meilleure position concurrentielle. Nous pensons que cela peut permettre aux marques de prendre des d\u00e9cisions fond\u00e9es sur des donn\u00e9es qui trouvent un \u00e9cho profond aupr\u00e8s de leur public, favorisant ainsi la fid\u00e9lit\u00e9 \u00e0 long terme.<\/p>\n\n\n\n<h2 class=\"wp-block-heading\"><strong>Segments en croissance les plus importants<\/strong><\/h2>\n\n\n\n<p>Dans les \u00e9tudes de march\u00e9 sur les moments de v\u00e9rit\u00e9, plusieurs segments connaissent une croissance rapide en raison des changements de comportement des consommateurs, des avanc\u00e9es technologiques et du besoin croissant d&#039;engagement personnalis\u00e9. Ces segments se d\u00e9finissent par leur capacit\u00e9 \u00e0 capturer et \u00e0 analyser efficacement les interactions critiques des consommateurs, aidant ainsi les marques \u00e0 s&#039;adapter \u00e0 un march\u00e9 dynamique.<\/p>\n\n\n<div class=\"wp-block-image\">\n<figure class=\"aligncenter is-resized\"><img decoding=\"async\" src=\"https:\/\/lh7-rt.googleusercontent.com\/docsz\/AD_4nXfw_4bMQc_p31zcmefRTIACprdJle68geUfXxgmTvxwSgMNXvtxeLfPnDMqBV_-ctQJw3tLgh0ToppI6WhK_oN7bkRAK-_kzzXOzKuZZ5fuip_a9vjwuVEW0-q-Lli4z9FLz8qLHQ?key=d2pIYbKk51A57OV7aLKAXom3\" alt=\"\u00c9tudes de march\u00e9 et strat\u00e9gie internationales SIS\" style=\"width:687px;height:auto\"><\/figure>\n<\/div>\n\n\n<ol class=\"wp-block-list\">\n<li><strong>Analyse de l&#039;exp\u00e9rience client<\/strong> \u2013 Les entreprises investissent massivement dans des outils permettant de comprendre les interactions avec les clients, ce qui en fait l\u2019un des segments connaissant la croissance la plus rapide.<\/li>\n\n\n\n<li><strong>Intelligence artificielle et apprentissage automatique<\/strong> \u2013 L\u2019analyse des donn\u00e9es clients bas\u00e9e sur l\u2019IA am\u00e9liore la pr\u00e9cision de l\u2019identification des \u00ab moments de v\u00e9rit\u00e9 \u00bb.<\/li>\n\n\n\n<li><strong>Solutions de personnalisation<\/strong> \u2013 Le marketing personnalis\u00e9 et le service client sont essentiels pour capturer les moments cl\u00e9s, en particulier dans les secteurs ax\u00e9s sur le num\u00e9rique.<\/li>\n\n\n\n<li><strong>Segmentation comportementale<\/strong> \u2013 Comprendre les traits comportementaux nuanc\u00e9s aide les marques \u00e0 identifier les besoins sp\u00e9cifiques de leur public.<\/li>\n\n\n\n<li><strong>Analyses pr\u00e9dictives<\/strong> \u2013 Exploiter les donn\u00e9es historiques pour pr\u00e9dire les d\u00e9cisions des consommateurs est un outil puissant pour les marques qui souhaitent rester proactives.<\/li>\n\n\n\n<li><strong>Programmes Voix du Client<\/strong> \u2013 Les programmes de collecte de commentaires clients aident les entreprises \u00e0 se concentrer sur des informations en temps r\u00e9el issues d\u2019interactions directes.<\/li>\n\n\n\n<li><strong>Cartographie du parcours client<\/strong> \u2013 Ce segment permet aux entreprises de cartographier les points de d\u00e9cision cl\u00e9s et de traiter efficacement les points sensibles.<\/li>\n\n\n\n<li><strong>Outils d&#039;engagement omnicanal<\/strong> \u2013 Assurer une exp\u00e9rience fluide sur plusieurs plateformes est de plus en plus essentiel pour les marques.<\/li>\n\n\n\n<li><strong>Mod\u00e8les de pr\u00e9vision du taux de d\u00e9sabonnement<\/strong> \u2013 Les entreprises utilisent ces mod\u00e8les pour identifier les clients \u00e0 risque, leur permettant ainsi de r\u00e9pondre rapidement \u00e0 leur insatisfaction.<\/li>\n\n\n\n<li><strong>Analyse des sentiments<\/strong> \u2013 L\u2019analyse du sentiment des consommateurs donne aux marques un aper\u00e7u plus approfondi des motivations \u00e9motionnelles dans les moments de v\u00e9rit\u00e9.<\/li>\n<\/ol>\n\n\n\n<h2 class=\"wp-block-heading\"><strong>Aper\u00e7us r\u00e9gionaux<\/strong><\/h2>\n\n\n\n<p>Dans <strong>Am\u00e9rique du Nord<\/strong>Les attentes des consommateurs sont souvent centr\u00e9es sur la commodit\u00e9 et la personnalisation. Les marques doivent privil\u00e9gier les moments qui simplifient le parcours client, notamment dans le commerce \u00e9lectronique, o\u00f9 la rapidit\u00e9 du service et la personnalisation sont tr\u00e8s appr\u00e9ci\u00e9es. En outre, la durabilit\u00e9 devient un facteur de d\u00e9cision important, en particulier chez les jeunes consommateurs.<\/p>\n\n\n\n<p>Dans <strong>L'Europe<\/strong>, l&#039;accent est mis sur la transparence et les pratiques \u00e9thiques, les clients accordant une grande importance \u00e0 la responsabilit\u00e9 environnementale et sociale des entreprises. Pour les marques op\u00e9rant en Europe, les \u00e9tudes de march\u00e9 sur les moments de v\u00e9rit\u00e9 peuvent mettre en \u00e9vidence la mani\u00e8re dont ces valeurs influencent les d\u00e9cisions des consommateurs, aidant ainsi les entreprises \u00e0 aligner leurs strat\u00e9gies sur un public plus consciencieux.<\/p>\n\n\n\n<p><strong>Asie-Pacifique<\/strong> repr\u00e9sente l&#039;une des r\u00e9gions les plus dynamiques, avec une adoption rapide du num\u00e9rique et une base de consommateurs de plus en plus avertis en technologie. Les moments de v\u00e9rit\u00e9 ax\u00e9s sur le mobile sont essentiels ici, principalement parce que les consommateurs d\u00e9pendent fortement des m\u00e9dias sociaux et des applications mobiles pour faire des achats et interagir avec les marques.&nbsp;<\/p>\n\n\n\n<p>Dans <strong>l&#039;Am\u00e9rique latine<\/strong>, economic factors often play a larger role in consumer decision-making moments. Price sensitivity and value-based purchasing are crucial in these markets, making Moments of Truth <a href=\"https:\/\/www.sisinternational.com\/fr\/solutions\/recherche-de-conseil-en-strategie-fintech\/etude-de-marche-sur-les-prix-des-matieres-premieres\/\" title=\"\u00c9tude de march\u00e9 sur les prix des mati\u00e8res premi\u00e8res\"  data-wpil-monitor-id=\"5493\">Market Research vital for understanding price<\/a> perception and its influence on brand loyalty.<\/p>\n\n\n\n<h2 class=\"wp-block-heading\"><strong>Opportunit\u00e9s pour les entreprises<\/strong><\/h2>\n\n\n\n<figure class=\"gb-block-image gb-block-image-361d6fb0\"><img loading=\"lazy\" decoding=\"async\" width=\"1456\" height=\"816\" class=\"gb-image gb-image-361d6fb0\" src=\"https:\/\/www.sisinternational.com\/wp-content\/uploads\/2025\/09\/Quantitative-research-19.jpg\" alt=\"\u00c9tudes de march\u00e9 et strat\u00e9gie internationales SIS\" title=\"Quantitative research (19)\" srcset=\"https:\/\/www.sisinternational.com\/wp-content\/uploads\/2025\/09\/Quantitative-research-19.jpg 1456w, https:\/\/www.sisinternational.com\/wp-content\/uploads\/2025\/09\/Quantitative-research-19-300x168.jpg 300w, https:\/\/www.sisinternational.com\/wp-content\/uploads\/2025\/09\/Quantitative-research-19-1024x574.jpg 1024w, https:\/\/www.sisinternational.com\/wp-content\/uploads\/2025\/09\/Quantitative-research-19-768x430.jpg 768w, https:\/\/www.sisinternational.com\/wp-content\/uploads\/2025\/09\/Quantitative-research-19-18x10.jpg 18w\" sizes=\"auto, (max-width: 1456px) 100vw, 1456px\"><\/figure>\n\n\n\n<p><\/p>\n\n\n\n<p>Les \u00e9tudes de march\u00e9 sur les moments de v\u00e9rit\u00e9 offrent aux entreprises des opportunit\u00e9s uniques pour mieux comprendre le comportement des clients et affiner leurs strat\u00e9gies. En tirant parti des informations issues de ces moments cl\u00e9s, les entreprises peuvent ouvrir la voie \u00e0 la croissance, \u00e0 la fid\u00e9lisation et \u00e0 la diff\u00e9renciation sur le march\u00e9.<\/p>\n\n\n\n<ul class=\"wp-block-list\">\n<li><strong>Am\u00e9liorer la fid\u00e9lit\u00e9 des clients<\/strong> \u2013 Les entreprises peuvent cr\u00e9er des exp\u00e9riences qui favorisent une plus grande fid\u00e9lit\u00e9 en identifiant les points de d\u00e9cision critiques. Lorsque les entreprises identifient les facteurs qui motivent les achats r\u00e9p\u00e9t\u00e9s, elles peuvent entretenir des relations \u00e0 long terme qui m\u00e8nent \u00e0 la promotion de la marque.<\/li>\n\n\n\n<li><strong>Personnaliser le parcours client<\/strong> \u2013 Moments of truth <a href=\"https:\/\/www.sisinternational.com\/fr\/quest-ce-que-les-relations-publiques\/\" title=\"Relations publiques et \u00e9tudes de march\u00e9\"  data-wpil-monitor-id=\"2241\">market research allows brands<\/a> to create personalized interactions that resonate with individual customers. Personalized engagement builds stronger connections, increasing the likelihood of conversions and repeat interactions.<\/li>\n\n\n\n<li><strong>Identifier de nouvelles sources de revenus<\/strong> \u2013 Comprendre les moments de v\u00e9rit\u00e9 permet de r\u00e9v\u00e9ler des besoins clients non satisfaits et d\u2019aider les entreprises \u00e0 d\u00e9velopper de nouveaux produits ou services pour combler ces lacunes. Cette approche ouvre des opportunit\u00e9s de diversification des canaux de revenus et d\u2019expansion du march\u00e9.<\/li>\n\n\n\n<li><strong>Am\u00e9liorer la fid\u00e9lisation de la client\u00e8le<\/strong> \u2013 La recherche des moments de v\u00e9rit\u00e9 aide les entreprises \u00e0 aborder de mani\u00e8re proactive les probl\u00e8mes potentiels, r\u00e9duisant ainsi le taux de d\u00e9sabonnement des clients. Les entreprises peuvent am\u00e9liorer les taux de satisfaction et de r\u00e9tention en r\u00e9agissant efficacement aux moments de d\u00e9cision cl\u00e9s.<\/li>\n\n\n\n<li><strong>Obtenir un avantage concurrentiel<\/strong> \u2013 Sur les march\u00e9s concurrentiels, les moments de v\u00e9rit\u00e9 apportent des informations qui permettent aux marques de se diff\u00e9rencier. En se concentrant sur ces moments d\u00e9cisifs, les entreprises peuvent proposer des propositions de valeur uniques qui les distinguent de leurs concurrents.<\/li>\n\n\n\n<li><strong>Optimiser les strat\u00e9gies marketing<\/strong> \u2013 Les \u00e9tudes de march\u00e9 sur les moments de v\u00e9rit\u00e9 \u00e9clairent les efforts marketing en mettant en \u00e9vidence les messages et les canaux les plus efficaces. En alignant les campagnes sur les points de d\u00e9cision des clients, les entreprises peuvent maximiser l\u2019impact de leurs initiatives marketing.<\/li>\n\n\n\n<li><strong>Am\u00e9liorer la perception de la marque<\/strong> \u2013 Les interactions positives \u00e0 des moments cl\u00e9s peuvent avoir un impact significatif sur la perception d\u2019une marque par les clients. Les moments de v\u00e9rit\u00e9 permettent aux entreprises de fa\u00e7onner ces perceptions de mani\u00e8re favorable, en renfor\u00e7ant la confiance et en b\u00e2tissant une r\u00e9putation positive.<\/li>\n<\/ul>\n\n\n\n<h2 class=\"wp-block-heading\"><strong>Qu&#039;est-ce qui fait de SIS International une soci\u00e9t\u00e9 d&#039;\u00e9tudes de march\u00e9 de premier plan ?<\/strong><\/h2>\n\n\n\n<p><a href=\"https:\/\/www.linkedin.com\/company\/sisinternationalresearch\/\" target=\"_blank\" rel=\"noopener\">SIS International<\/a> SIS International est reconnu comme un leader des \u00e9tudes de march\u00e9 de pointe, offrant une expertise et des ressources in\u00e9gal\u00e9es pour aider les marques \u00e0 r\u00e9ussir sur des march\u00e9s complexes et comp\u00e9titifs. Voici 10 \u00e9l\u00e9ments qui distinguent SIS International :<\/p>\n\n\n\n<ul class=\"wp-block-list\">\n<li><strong>Port\u00e9e mondiale<\/strong> \u2013 Avec une pr\u00e9sence sur des march\u00e9s cl\u00e9s \u00e0 travers le monde, nous offrons des informations qui refl\u00e8tent diverses tendances r\u00e9gionales et nuances culturelles.<\/li>\n\n\n\n<li><strong>Connaissance approfondie de l&#039;industrie<\/strong> \u2013 Notre \u00e9quipe est sp\u00e9cialis\u00e9e dans de nombreux secteurs, de la technologie et de la finance aux biens de consommation et aux soins de sant\u00e9, garantissant des informations adapt\u00e9es \u00e0 chaque secteur.<\/li>\n\n\n\n<li><strong>Outils d&#039;analyse avanc\u00e9s<\/strong> \u2013 Nous utilisons des outils et des technologies de pointe pour capturer et analyser le comportement des clients, rendant nos informations d\u00e9taill\u00e9es et exploitables.<\/li>\n\n\n\n<li><strong>\u00c9quipe d&#039;experts exp\u00e9riment\u00e9s<\/strong> \u2013 Notre \u00e9quipe est compos\u00e9e de chercheurs, d\u2019analystes et de strat\u00e8ges chevronn\u00e9s qui fournissent des conseils de haute qualit\u00e9 bas\u00e9s sur des ann\u00e9es d\u2019exp\u00e9rience.<\/li>\n\n\n\n<li><strong>Approche centr\u00e9e sur le client<\/strong> \u2013 Nous accordons la priorit\u00e9 \u00e0 la compr\u00e9hension des besoins uniques de nos clients, en cr\u00e9ant des solutions de recherche adapt\u00e9es \u00e0 leurs objectifs et d\u00e9fis sp\u00e9cifiques.<\/li>\n\n\n\n<li><strong>Techniques de recherche innovantes<\/strong> \u2013 <a href=\"https:\/\/medium.com\/@sisinternational\/sis-international-c17160da8fac\" target=\"_blank\" rel=\"noopener\">SIS<\/a> s&#039;appuie sur des m\u00e9thodologies innovantes, notamment l&#039;analyse pr\u00e9dictive et l&#039;analyse des sentiments, pour capturer les moments cl\u00e9s de v\u00e9rit\u00e9.<\/li>\n\n\n\n<li><strong>Engagement en mati\u00e8re de confidentialit\u00e9 des donn\u00e9es<\/strong> \u2013 Nous adh\u00e9rons \u00e0 des normes strictes de confidentialit\u00e9 des donn\u00e9es, garantissant que nos recherches sont \u00e9thiques et conformes aux r\u00e9glementations en vigueur.<\/li>\n\n\n\n<li><strong>Rapports complets<\/strong> \u2013 Nos rapports sont con\u00e7us pour \u00eatre clairs, concis et exploitables, permettant aux clients de prendre des d\u00e9cisions \u00e9clair\u00e9es en toute confiance.<\/li>\n\n\n\n<li><strong>Accent mis sur les informations en temps r\u00e9el<\/strong> \u2013 L\u2019accent mis par SIS International sur les donn\u00e9es en temps r\u00e9el permet aux marques de rester r\u00e9actives aux conditions et aux \u00e9volutions actuelles du march\u00e9.<\/li>\n\n\n\n<li><strong>Exp\u00e9rience prouv\u00e9e<\/strong> \u2013 Forte d\u2019un historique de partenariats r\u00e9ussis et de recherches percutantes, SIS International b\u00e9n\u00e9ficie de la confiance des plus grandes marques mondiales pour fournir des informations significatives.<\/li>\n<\/ul>\n\n\n\n<h2 class=\"wp-block-heading\">\u00c0 propos de SIS International<\/h2>\n\n\n\n<p><a href=\"https:\/\/www.sisinternational.com\/fr\/\">SIS International<\/a> propose des recherches quantitatives, qualitatives et strat\u00e9giques. Nous fournissons des donn\u00e9es, des outils, des strat\u00e9gies, des rapports et des informations pour la prise de d\u00e9cision. Nous menons \u00e9galement des entretiens, des enqu\u00eates, des groupes de discussion et d\u2019autres m\u00e9thodes et approches d\u2019\u00e9tudes de march\u00e9.<a href=\"https:\/\/www.sisinternational.com\/fr\/a-propos-de-la-recherche-internationale-sis\/contact-sis-international-market-research\/\"> Contactez nous<\/a> pour votre prochain projet d&#039;\u00e9tude de march\u00e9.<\/p>\n\n\n\n<hr class=\"wp-block-separator has-alpha-channel-opacity\"\/>","protected":false},"excerpt":{"rendered":"<p>Moments of Truth Market Research This research approach empowers businesses to make timely, impactful decisions by pinpointing the exact moments when consumer perceptions shift. SIS International\u2019s expertise ensures that insights are aligned with the market\u2019s latest needs and expectations. What does it take to make impactful, real-time decisions in today\u2019s fast-paced market? Moments of truth &#8230; <a title=\"\u00c9tude de march\u00e9 sur les moments de v\u00e9rit\u00e9\" class=\"read-more\" href=\"https:\/\/www.sisinternational.com\/fr\/competence\/etude-de-marche-sur-les-moments-de-verite\/\" aria-label=\"En savoir plus sur Moments of Truth Market Research\">Lire plus<\/a><\/p>","protected":false},"author":1,"featured_media":62509,"parent":14514,"menu_order":472,"comment_status":"closed","ping_status":"closed","template":"","meta":{"footnotes":""},"class_list":["post-54219","page","type-page","status-publish","has-post-thumbnail"],"_links":{"self":[{"href":"https:\/\/www.sisinternational.com\/fr\/wp-json\/wp\/v2\/pages\/54219","targetHints":{"allow":["GET"]}}],"collection":[{"href":"https:\/\/www.sisinternational.com\/fr\/wp-json\/wp\/v2\/pages"}],"about":[{"href":"https:\/\/www.sisinternational.com\/fr\/wp-json\/wp\/v2\/types\/page"}],"author":[{"embeddable":true,"href":"https:\/\/www.sisinternational.com\/fr\/wp-json\/wp\/v2\/users\/1"}],"replies":[{"embeddable":true,"href":"https:\/\/www.sisinternational.com\/fr\/wp-json\/wp\/v2\/comments?post=54219"}],"version-history":[{"count":9,"href":"https:\/\/www.sisinternational.com\/fr\/wp-json\/wp\/v2\/pages\/54219\/revisions"}],"predecessor-version":[{"id":79266,"href":"https:\/\/www.sisinternational.com\/fr\/wp-json\/wp\/v2\/pages\/54219\/revisions\/79266"}],"up":[{"embeddable":true,"href":"https:\/\/www.sisinternational.com\/fr\/wp-json\/wp\/v2\/pages\/14514"}],"wp:featuredmedia":[{"embeddable":true,"href":"https:\/\/www.sisinternational.com\/fr\/wp-json\/wp\/v2\/media\/62509"}],"wp:attachment":[{"href":"https:\/\/www.sisinternational.com\/fr\/wp-json\/wp\/v2\/media?parent=54219"}],"curies":[{"name":"wp","href":"https:\/\/api.w.org\/{rel}","templated":true}]}}