{"id":54215,"date":"2024-11-22T05:03:22","date_gmt":"2024-11-22T10:03:22","guid":{"rendered":"https:\/\/www.sisinternational.com\/?page_id=54215"},"modified":"2026-03-05T23:13:04","modified_gmt":"2026-03-06T04:13:04","slug":"entreprise-de-strategie-marketing-de-premier-plan","status":"publish","type":"page","link":"https:\/\/www.sisinternational.com\/fr\/solutions\/conseil-en-strategie\/entreprise-de-strategie-marketing-de-premier-plan\/","title":{"rendered":"Entreprise de strat\u00e9gie marketing de premier plan"},"content":{"rendered":"<h1 class=\"wp-block-heading\">Entreprise de strat\u00e9gie marketing de premier plan<\/h1>\n\n\n\n<p><\/p>\n\n\n\n<figure class=\"gb-block-image gb-block-image-3ca30460\"><img loading=\"lazy\" decoding=\"async\" width=\"1456\" height=\"816\" class=\"gb-image gb-image-3ca30460\" src=\"https:\/\/www.sisinternational.com\/wp-content\/uploads\/2025\/08\/Strategy-consulting-20.jpg\" alt=\"\u00c9tudes de march\u00e9 et strat\u00e9gie internationales SIS\" title=\"Strategy consulting (20)\" srcset=\"https:\/\/www.sisinternational.com\/wp-content\/uploads\/2025\/08\/Strategy-consulting-20.jpg 1456w, https:\/\/www.sisinternational.com\/wp-content\/uploads\/2025\/08\/Strategy-consulting-20-300x168.jpg 300w, https:\/\/www.sisinternational.com\/wp-content\/uploads\/2025\/08\/Strategy-consulting-20-1024x574.jpg 1024w, https:\/\/www.sisinternational.com\/wp-content\/uploads\/2025\/08\/Strategy-consulting-20-768x430.jpg 768w, https:\/\/www.sisinternational.com\/wp-content\/uploads\/2025\/08\/Strategy-consulting-20-18x10.jpg 18w\" sizes=\"auto, (max-width: 1456px) 100vw, 1456px\"><\/figure>\n\n\n\n<hr class=\"wp-block-separator has-alpha-channel-opacity is-style-dots\"\/>\n\n\n\n<h3 class=\"wp-block-heading\">Une strat\u00e9gie marketing bien d\u00e9finie est la base de toute entreprise prosp\u00e8re. En tant que cabinet de strat\u00e9gie marketing de premier plan, SIS International travaille avec des entreprises pour cr\u00e9er des strat\u00e9gies bas\u00e9es sur les donn\u00e9es qui produisent des r\u00e9sultats mesurables.<\/h3>\n\n\n\n<p>Qu&#039;est-ce qui diff\u00e9rencie les marques \u00e0 succ\u00e8s de celles qui ont du mal \u00e0 y parvenir ? La r\u00e9ponse r\u00e9side dans une strat\u00e9gie marketing claire et efficace. SIS International, l&#039;un des principaux cabinets de strat\u00e9gie marketing, fournit les informations et la planification n\u00e9cessaires pour entrer en contact avec les publics cibles et stimuler la croissance.<\/p>\n\n\n\n<h2 class=\"wp-block-heading\">Pourquoi la strat\u00e9gie marketing est-elle essentielle dans le paysage commercial mondial d\u2019aujourd\u2019hui\u00a0?<\/h2>\n\n\n\n<p><a href=\"https:\/\/www.sisinternational.com\/fr\/entreprise-de-premier-plan-en-matiere-de-strategie-de-mise-sur-le-marche-b2b\/\" title=\"Entreprise de premier plan en mati\u00e8re de strat\u00e9gie de mise sur le march\u00e9 B2B\"  data-wpil-monitor-id=\"1361\">Marketing strategy defines how a company<\/a> reaches its target audience, communicates its value proposition, and drives sales and growth. That\u2019s why companies need a comprehensive marketing strategy to ensure that their messages are heard, their brands are recognized, and their products resonate with consumers.<\/p>\n\n\n\n<p>Whether a company is launching a new product, entering a new market, or rebranding, having a robust <a href=\"https:\/\/www.sisinternational.com\/fr\/what-to-expect-in-your-first-year-entering-a-new-market-5-essential-strategies\/\" title=\"What to Expect in Your First Year Entering a New Market: 5 Essential Strategies\"  data-wpil-monitor-id=\"1082\">marketing strategy is essential<\/a> to navigating challenges and seizing opportunities. A <a href=\"https:\/\/www.sisinternational.com\/fr\/cabinet-devaluation-de-strategie-dentreprise-de-premier-plan\/\" title=\"Cabinet d&#039;\u00e9valuation de strat\u00e9gie d&#039;entreprise de premier plan\"  data-wpil-monitor-id=\"1490\">top marketing strategy firm<\/a> provides the expertise to craft tailored strategies that resonate with consumers, create meaningful connections, and drive long-term success.<\/p>\n\n\n\n<h2 class=\"wp-block-heading\">Les services que vous pouvez attendre d&#039;une entreprise de strat\u00e9gie marketing de premier plan<\/h2>\n\n\n\n<figure class=\"gb-block-image gb-block-image-d54be9ae\"><img loading=\"lazy\" decoding=\"async\" width=\"1456\" height=\"816\" class=\"gb-image gb-image-d54be9ae\" src=\"https:\/\/www.sisinternational.com\/wp-content\/uploads\/2025\/08\/Strategy-consulting-25.jpg\" alt=\"\u00c9tudes de march\u00e9 et strat\u00e9gie internationales SIS\" title=\"Strategy consulting (25)\" srcset=\"https:\/\/www.sisinternational.com\/wp-content\/uploads\/2025\/08\/Strategy-consulting-25.jpg 1456w, https:\/\/www.sisinternational.com\/wp-content\/uploads\/2025\/08\/Strategy-consulting-25-300x168.jpg 300w, https:\/\/www.sisinternational.com\/wp-content\/uploads\/2025\/08\/Strategy-consulting-25-1024x574.jpg 1024w, https:\/\/www.sisinternational.com\/wp-content\/uploads\/2025\/08\/Strategy-consulting-25-768x430.jpg 768w, https:\/\/www.sisinternational.com\/wp-content\/uploads\/2025\/08\/Strategy-consulting-25-18x10.jpg 18w\" sizes=\"auto, (max-width: 1456px) 100vw, 1456px\"><\/figure>\n\n\n\n<p><\/p>\n\n\n\n<p>UN <a href=\"https:\/\/www.sisinternational.com\/fr\/solutions\/legal-market-research\/etude-de-marche-avec-jury-fictif-3\/\" title=\"Meilleure soci\u00e9t\u00e9 d&#039;\u00e9tudes de march\u00e9 sur les jurys fictifs\"  data-wpil-monitor-id=\"934\">top marketing strategy<\/a> firm offers a <strong>\u00e9tudes et analyses de march\u00e9<\/strong>, qui implique la collecte et l&#039;analyse de donn\u00e9es pour comprendre le comportement des consommateurs, les tendances du march\u00e9 et la dynamique concurrentielle. Ces informations constituent la base de la cr\u00e9ation de strat\u00e9gies marketing \u00e9clair\u00e9es qui correspondent aux opportunit\u00e9s du march\u00e9 et aux besoins des consommateurs.<\/p>\n\n\n\n<p><strong>D\u00e9veloppement de la strat\u00e9gie de marque<\/strong> est un autre service essentiel, ax\u00e9 sur la d\u00e9finition de l&#039;identit\u00e9, des valeurs et du positionnement d&#039;une marque. Une strat\u00e9gie de marque solide aide les entreprises \u00e0 \u00e9tablir une pr\u00e9sence unique sur le march\u00e9, \u00e0 fid\u00e9liser leur marque et \u00e0 se diff\u00e9rencier de leurs concurrents.&nbsp;<\/p>\n\n\n\n<p><strong>Planification et ex\u00e9cution de la campagne<\/strong> are critical <a href=\"https:\/\/www.sisinternational.com\/fr\/strategie-marketing-dans-les-services-educatifs\/\" title=\"Strat\u00e9gie marketing dans les services \u00e9ducatifs\"  data-wpil-monitor-id=\"2089\">services top marketing strategy<\/a> firms provide. From digital marketing to traditional media, these firms help businesses plan and execute marketing campaigns that reach the right audiences at the right time.&nbsp;<\/p>\n\n\n\n<h3 class=\"wp-block-heading\">Principaux services fournis par une soci\u00e9t\u00e9 de strat\u00e9gie marketing de premier plan\u00a0:<\/h3>\n\n\n\n<p><\/p>\n\n\n<div class=\"wp-block-image\">\n<figure class=\"aligncenter size-full is-resized\"><img loading=\"lazy\" decoding=\"async\" width=\"819\" height=\"685\" src=\"https:\/\/www.sisinternational.com\/wp-content\/uploads\/2024\/11\/Top-Marketing-Strategy-Company.png\" alt=\"\u00c9tudes de march\u00e9 et strat\u00e9gie internationales SIS\" class=\"wp-image-54216\" style=\"width:694px;height:auto\" srcset=\"https:\/\/www.sisinternational.com\/wp-content\/uploads\/2024\/11\/Top-Marketing-Strategy-Company.png 819w, https:\/\/www.sisinternational.com\/wp-content\/uploads\/2024\/11\/Top-Marketing-Strategy-Company-300x251.png 300w, https:\/\/www.sisinternational.com\/wp-content\/uploads\/2024\/11\/Top-Marketing-Strategy-Company-768x642.png 768w, https:\/\/www.sisinternational.com\/wp-content\/uploads\/2024\/11\/Top-Marketing-Strategy-Company-14x12.png 14w\" sizes=\"auto, (max-width: 819px) 100vw, 819px\" \/><\/figure>\n<\/div>\n\n\n<p><\/p>\n\n\n\n<ul class=\"wp-block-list\">\n<li><strong>\u00c9tudes et analyses de march\u00e9\u00a0:<\/strong> Mener des recherches approfondies pour comprendre les tendances du march\u00e9, le comportement des consommateurs et la dynamique concurrentielle.<\/li>\n\n\n\n<li><strong>D\u00e9veloppement de la strat\u00e9gie de marque\u00a0:<\/strong> Cr\u00e9er une identit\u00e9 de marque et un positionnement uniques qui trouvent un \u00e9cho aupr\u00e8s des publics cibles et renforcent la fid\u00e9lit\u00e9 \u00e0 la marque.<\/li>\n\n\n\n<li><strong>Planification et ex\u00e9cution de la campagne :<\/strong> D\u00e9velopper et ex\u00e9cuter des campagnes marketing qui atteignent et engagent efficacement les publics cibles sur plusieurs canaux.<\/li>\n\n\n\n<li><strong>Segmentation et ciblage de la client\u00e8le :<\/strong> Identifier les segments de client\u00e8le cl\u00e9s et adapter les efforts de marketing pour r\u00e9pondre \u00e0 leurs besoins et pr\u00e9f\u00e9rences uniques.<\/li>\n\n\n\n<li><strong>Strat\u00e9gie de marketing num\u00e9rique :<\/strong> Cr\u00e9er des strat\u00e9gies de marketing num\u00e9rique qui exploitent les canaux en ligne, notamment les m\u00e9dias sociaux, le r\u00e9f\u00e9rencement et la publicit\u00e9 payante, pour accro\u00eetre la notori\u00e9t\u00e9 et l&#039;engagement de la marque.<\/li>\n\n\n\n<li><strong>Marketing de contenu et narration :<\/strong> D\u00e9velopper un contenu convaincant qui raconte l\u2019histoire de la marque et se connecte \u00e9motionnellement avec les consommateurs.<\/li>\n\n\n\n<li><strong>Mesure et optimisation des performances :<\/strong> Mesurer l&#039;efficacit\u00e9 des campagnes marketing et effectuer des ajustements bas\u00e9s sur les donn\u00e9es pour maximiser le retour sur investissement.<\/li>\n<\/ul>\n\n\n\n<h2 class=\"wp-block-heading\">Quels sont les avantages de travailler avec une entreprise de strat\u00e9gie marketing de premier plan\u00a0?<\/h2>\n\n\n\n<p>Working with a <a href=\"https:\/\/www.sisinternational.com\/fr\/societe-de-premier-plan-au-niveau-mondial\/\" title=\"Entreprise de premier plan au niveau mondial\"  data-wpil-monitor-id=\"1042\">top marketing strategy<\/a> firm provides numerous advantages significantly enhancing a company&#8217;s ability to compete in the global marketplace. These firms bring expertise, resources, and insights that help businesses craft effective marketing strategies and achieve their business goals.<\/p>\n\n\n\n<ul class=\"wp-block-list\">\n<li><strong>Expertise strat\u00e9gique :<\/strong> Vous avez acc\u00e8s \u00e0 des experts du secteur qui comprennent la dynamique du march\u00e9, le comportement des consommateurs et les tactiques de marketing efficaces.<\/li>\n\n\n\n<li><strong>Prise de d\u00e9cision bas\u00e9e sur les donn\u00e9es\u00a0:<\/strong> Les meilleures entreprises de strat\u00e9gie marketing utilisent des donn\u00e9es et des informations pour cr\u00e9er des strat\u00e9gies marketing qui s&#039;alignent sur les opportunit\u00e9s du march\u00e9 et les besoins des consommateurs.<\/li>\n\n\n\n<li><strong>Diff\u00e9renciation de la marque\u00a0:<\/strong> Ils d\u00e9veloppent une identit\u00e9 de marque forte qui se d\u00e9marque sur un march\u00e9 encombr\u00e9 et trouve un \u00e9cho aupr\u00e8s des publics cibles.<\/li>\n\n\n\n<li><strong>D\u00e9veloppement de strat\u00e9gie localis\u00e9e :<\/strong> Ces entreprises vous aident \u00e0 adapter vos strat\u00e9gies marketing pour les adapter aux nuances culturelles et sociales des diff\u00e9rentes r\u00e9gions, am\u00e9liorant ainsi l&#039;engagement des consommateurs.<\/li>\n\n\n\n<li><strong>Optimisation continue\u00a0:<\/strong> Ils vous aident \u00e0 mesurer les performances de vos campagnes et \u00e0 effectuer des ajustements bas\u00e9s sur les donn\u00e9es pour am\u00e9liorer l&#039;efficacit\u00e9 et atteindre les objectifs commerciaux.<\/li>\n<\/ul>\n\n\n\n<h2 class=\"wp-block-heading\">Comment la strat\u00e9gie marketing stimule-t-elle la croissance et l\u2019innovation des entreprises\u00a0?<\/h2>\n\n\n\n<p><\/p>\n\n\n\n<figure class=\"gb-block-image gb-block-image-cfc4777c\"><img decoding=\"async\" class=\"gb-image gb-image-cfc4777c\" src=\"https:\/\/www.sisinternational.com\/wp-content\/uploads\/2024\/11\/B2B-1-1.jpg\" alt=\"\u00c9tudes de march\u00e9 et strat\u00e9gie internationales SIS\" title=\"B2B 1 (1)\"><\/figure>\n\n\n\n<p><\/p>\n\n\n\n<p>La strat\u00e9gie marketing aide les entreprises \u00e0 atteindre leurs objectifs et \u00e0 prosp\u00e9rer dans un environnement concurrentiel en fournissant une feuille de route claire pour atteindre les publics cibles, communiquer de la valeur et se diff\u00e9rencier des concurrents.<\/p>\n\n\n\n<p><strong>Identifier les opportunit\u00e9s du march\u00e9 et les besoins des consommateurs<\/strong><\/p>\n\n\n\n<p>UN <a href=\"https:\/\/www.sisinternational.com\/fr\/societe-danalyse-industrielle-de-premier-plan-a-new-york\/\" title=\"Meilleure soci\u00e9t\u00e9 d&#039;analyse industrielle \u00e0 New York\"  data-wpil-monitor-id=\"1117\">top marketing strategy<\/a> firm helps businesses identify market opportunities and consumer needs by conducting in-depth research and analysis. These insights help companies create products, services, and campaigns that address specific consumer needs and provide value to their target audiences. For example, <a href=\"https:\/\/www.linkedin.com\/pulse\/how-market-research-enables-growth-ruth-stanat-phekf\/\" target=\"_blank\" rel=\"noopener\">\u00e9tude de march\u00e9<\/a> peut r\u00e9v\u00e9ler un segment mal desservi de consommateurs ayant des besoins non satisfaits.&nbsp;<\/p>\n\n\n\n<p><strong>Guider le d\u00e9veloppement de produits et le positionnement sur le march\u00e9<\/strong><\/p>\n\n\n\n<p>Marketing strategy is instrumental in guiding product development and market positioning. A <a href=\"https:\/\/www.sisinternational.com\/fr\/societe-de-referencement-des-principaux-concurrents\/\" title=\"Meilleure entreprise d&#039;analyse comparative des concurrents\" data-wpil-monitor-id=\"1198\">top marketing strategy firm helps companies<\/a> define their unique value proposition and communicate it in a way that resonates with consumers.<\/p>\n\n\n\n<p>In addition to product development, <a href=\"https:\/\/www.sisinternational.com\/fr\/devenir-un-champion-cache-du-marketing-de-niche\/\" title=\"Strat\u00e9gie marketing des champions cach\u00e9s et marketing de niche\" data-wpil-monitor-id=\"1976\">marketing strategy is crucial in brand<\/a> positioning. By defining a brand&#8217;s identity, values, and messaging, businesses can create a strong brand presence that differentiates them from competitors and builds lasting relationships with consumers.<\/p>\n\n\n\n<p><strong>Soutenir les d\u00e9cisions commerciales strat\u00e9giques<\/strong><\/p>\n\n\n\n<p>La strat\u00e9gie marketing permet \u00e9galement de prendre des d\u00e9cisions commerciales strat\u00e9giques plus larges, telles que l\u2019entr\u00e9e sur un march\u00e9, l\u2019expansion et le changement de marque. Une soci\u00e9t\u00e9 de strat\u00e9gie marketing de premier plan fournit les informations n\u00e9cessaires pour prendre des d\u00e9cisions \u00e9clair\u00e9es sur les march\u00e9s \u00e0 p\u00e9n\u00e9trer, le positionnement d\u2019une marque et l\u2019adaptation des efforts marketing \u00e0 diff\u00e9rentes r\u00e9gions.&nbsp;<\/p>\n\n\n\n<h2 class=\"wp-block-heading\">Qu&#039;est-ce qui fait de SIS International une entreprise de premier plan en mati\u00e8re de strat\u00e9gie marketing ?<\/h2>\n\n\n\n<p><a href=\"https:\/\/www.linkedin.com\/company\/sisinternationalresearch\/\" target=\"_blank\" rel=\"noopener\">SIS International<\/a> Notre approche unique, notre expertise mondiale et notre engagement \u00e0 fournir des informations exploitables font de nous un partenaire de confiance pour les entreprises qui cherchent \u00e0 r\u00e9ussir sur un march\u00e9 mondial de plus en plus complexe. Notre capacit\u00e9 \u00e0 comprendre la dynamique du march\u00e9 et le comportement des consommateurs et \u00e0 les traduire en opportunit\u00e9s strat\u00e9giques fait de nous un partenaire de confiance pour les entreprises qui cherchent \u00e0 r\u00e9ussir sur un march\u00e9 mondial de plus en plus complexe.<\/p>\n\n\n\n<ul class=\"wp-block-list\">\n<li><strong>Strat\u00e9gies marketing sur mesure\u00a0:<\/strong> Nous concevons des strat\u00e9gies marketing qui r\u00e9pondent aux besoins de chaque client, en veillant \u00e0 ce que nos id\u00e9es soient significatives et exploitables.<\/li>\n\n\n\n<li><strong>Expertise globale et locale :<\/strong> Notre \u00e9quipe d\u2019experts du secteur offre des perspectives mondiales et des informations locales, aidant les entreprises \u00e0 naviguer dans les nuances des diff\u00e9rents march\u00e9s.<\/li>\n\n\n\n<li><strong>\u00c9tude de march\u00e9 compl\u00e8te\u00a0:<\/strong> Nous menons des recherches approfondies pour comprendre les tendances du march\u00e9, le comportement des consommateurs et la dynamique concurrentielle, fournissant ainsi la base de strat\u00e9gies marketing efficaces.<\/li>\n\n\n\n<li><strong>Planification de campagne innovante :<\/strong> <a href=\"https:\/\/twitter.com\/SISIntlResearch\" target=\"_blank\" rel=\"noopener\">SIS<\/a> L\u2019engagement d\u2019International en mati\u00e8re d\u2019innovation signifie que nous utilisons les derniers outils et technologies pour d\u00e9velopper et ex\u00e9cuter des campagnes marketing qui engagent les consommateurs et g\u00e9n\u00e8rent des r\u00e9sultats.<\/li>\n\n\n\n<li><strong>Informations bas\u00e9es sur les donn\u00e9es\u00a0:<\/strong> De la segmentation de la client\u00e8le \u00e0 l\u2019optimisation des campagnes, nous fournissons des informations bas\u00e9es sur des donn\u00e9es qui aident nos clients \u00e0 prendre des d\u00e9cisions strat\u00e9giques \u00e9clair\u00e9es.<\/li>\n\n\n\n<li><strong>Conseils et assistance d&#039;experts\u00a0:<\/strong> Notre \u00e9quipe fournit des conseils et un soutien d&#039;experts tout au long du processus de marketing, du d\u00e9veloppement de la strat\u00e9gie \u00e0 son ex\u00e9cution et \u00e0 son optimisation.<\/li>\n\n\n\n<li><strong>Int\u00e9gration efficace entre les canaux :<\/strong> Nous garantissons que les strat\u00e9gies marketing sont parfaitement int\u00e9gr\u00e9es sur plusieurs canaux, offrant une exp\u00e9rience de marque coh\u00e9rente aux consommateurs.<\/li>\n\n\n\n<li><strong>Recommandations concr\u00e8tes\u00a0:<\/strong> Nos informations ne sont pas seulement informatives : elles sont exploitables et fournissent \u00e0 nos clients des \u00e9tapes claires pour am\u00e9liorer l\u2019efficacit\u00e9 de leur marketing.<\/li>\n\n\n\n<li><strong>Visibilit\u00e9 am\u00e9lior\u00e9e de la marque\u00a0:<\/strong> Nos strat\u00e9gies sont con\u00e7ues pour accro\u00eetre la visibilit\u00e9 et la reconnaissance de la marque, garantissant que les marques de nos clients restent en t\u00eate des pr\u00e9occupations de leurs publics cibles.<\/li>\n<\/ul>\n\n\n\n<h2 class=\"wp-block-heading\">\u00c0 propos de SIS International<\/h2>\n\n\n\n<p><a href=\"https:\/\/www.sisinternational.com\/fr\/\">SIS International<\/a> propose des recherches quantitatives, qualitatives et strat\u00e9giques. Nous fournissons des donn\u00e9es, des outils, des strat\u00e9gies, des rapports et des informations pour la prise de d\u00e9cision. Nous menons \u00e9galement des entretiens, des enqu\u00eates, des groupes de discussion et d\u2019autres m\u00e9thodes et approches d\u2019\u00e9tudes de march\u00e9.<a href=\"https:\/\/www.sisinternational.com\/fr\/a-propos-de-la-recherche-internationale-sis\/contact-sis-international-market-research\/\"> Contactez nous<\/a> pour votre prochain projet d&#039;\u00e9tude de march\u00e9.<\/p>\n\n\n\n<hr class=\"wp-block-separator has-alpha-channel-opacity\"\/>","protected":false},"excerpt":{"rendered":"<p>Top Marketing Strategy Company A well-defined marketing strategy is the foundation of any successful business. As a top marketing strategy firm, SIS International works with companies to create data-driven strategies that achieve measurable results. What differentiates successful brands from those that struggle? The answer lies in having a clear and effective marketing strategy. SIS International, &#8230; <a title=\"Entreprise de strat\u00e9gie marketing de premier plan\" class=\"read-more\" href=\"https:\/\/www.sisinternational.com\/fr\/solutions\/conseil-en-strategie\/entreprise-de-strategie-marketing-de-premier-plan\/\" aria-label=\"En savoir plus sur Top Marketing Strategy Company\">Lire plus<\/a><\/p>","protected":false},"author":1,"featured_media":62554,"parent":14567,"menu_order":51,"comment_status":"closed","ping_status":"closed","template":"","meta":{"footnotes":""},"class_list":["post-54215","page","type-page","status-publish","has-post-thumbnail"],"_links":{"self":[{"href":"https:\/\/www.sisinternational.com\/fr\/wp-json\/wp\/v2\/pages\/54215","targetHints":{"allow":["GET"]}}],"collection":[{"href":"https:\/\/www.sisinternational.com\/fr\/wp-json\/wp\/v2\/pages"}],"about":[{"href":"https:\/\/www.sisinternational.com\/fr\/wp-json\/wp\/v2\/types\/page"}],"author":[{"embeddable":true,"href":"https:\/\/www.sisinternational.com\/fr\/wp-json\/wp\/v2\/users\/1"}],"replies":[{"embeddable":true,"href":"https:\/\/www.sisinternational.com\/fr\/wp-json\/wp\/v2\/comments?post=54215"}],"version-history":[{"count":15,"href":"https:\/\/www.sisinternational.com\/fr\/wp-json\/wp\/v2\/pages\/54215\/revisions"}],"predecessor-version":[{"id":76455,"href":"https:\/\/www.sisinternational.com\/fr\/wp-json\/wp\/v2\/pages\/54215\/revisions\/76455"}],"up":[{"embeddable":true,"href":"https:\/\/www.sisinternational.com\/fr\/wp-json\/wp\/v2\/pages\/14567"}],"wp:featuredmedia":[{"embeddable":true,"href":"https:\/\/www.sisinternational.com\/fr\/wp-json\/wp\/v2\/media\/62554"}],"wp:attachment":[{"href":"https:\/\/www.sisinternational.com\/fr\/wp-json\/wp\/v2\/media?parent=54215"}],"curies":[{"name":"wp","href":"https:\/\/api.w.org\/{rel}","templated":true}]}}