{"id":54211,"date":"2024-11-21T04:58:40","date_gmt":"2024-11-21T09:58:40","guid":{"rendered":"https:\/\/www.sisinternational.com\/?page_id=54211"},"modified":"2026-03-05T23:13:36","modified_gmt":"2026-03-06T04:13:36","slug":"societe-de-premier-plan-au-niveau-mondial","status":"publish","type":"page","link":"https:\/\/www.sisinternational.com\/fr\/solutions\/groupes-de-discussion\/societe-de-premier-plan-au-niveau-mondial\/","title":{"rendered":"Entreprise de premier plan au niveau mondial"},"content":{"rendered":"<h1 class=\"wp-block-heading\">Entreprise de premier plan au niveau mondial<\/h1>\n\n\n\n<p><\/p>\n\n\n\n<figure class=\"gb-block-image gb-block-image-a416eb7d\"><img loading=\"lazy\" decoding=\"async\" width=\"1456\" height=\"816\" class=\"gb-image gb-image-a416eb7d\" src=\"https:\/\/www.sisinternational.com\/wp-content\/uploads\/2025\/09\/Focus-group-recruitment-10.jpg\" alt=\"\u00c9tudes de march\u00e9 et strat\u00e9gie internationales SIS\" title=\"Focus group recruitment (10)\" srcset=\"https:\/\/www.sisinternational.com\/wp-content\/uploads\/2025\/09\/Focus-group-recruitment-10.jpg 1456w, https:\/\/www.sisinternational.com\/wp-content\/uploads\/2025\/09\/Focus-group-recruitment-10-300x168.jpg 300w, https:\/\/www.sisinternational.com\/wp-content\/uploads\/2025\/09\/Focus-group-recruitment-10-1024x574.jpg 1024w, https:\/\/www.sisinternational.com\/wp-content\/uploads\/2025\/09\/Focus-group-recruitment-10-768x430.jpg 768w, https:\/\/www.sisinternational.com\/wp-content\/uploads\/2025\/09\/Focus-group-recruitment-10-18x10.jpg 18w\" sizes=\"auto, (max-width: 1456px) 100vw, 1456px\"><\/figure>\n\n\n\n<hr class=\"wp-block-separator has-alpha-channel-opacity is-style-dots\"\/>\n\n\n\n<h3 class=\"wp-block-heading\">Une entreprise mondiale de premier plan en mati\u00e8re de groupes de r\u00e9flexion offre une opportunit\u00e9 unique de saisir les diverses perspectives et \u00e9motions qui fa\u00e7onnent le comportement des consommateurs.<\/h3>\n\n\n\n<p>Pourquoi les groupes de discussion sont-ils essentiels pour obtenir des informations approfondies sur les consommateurs ? Ils fournissent un contexte que les chiffres seuls ne peuvent pas fournir. <a href=\"https:\/\/medium.com\/@sisinternational\/sis-international-c17160da8fac\" target=\"_blank\" rel=\"noopener\">SIS<\/a>, l&#039;un des principaux cabinets d&#039;\u00e9tudes de march\u00e9 mondiaux, aide les entreprises \u00e0 comprendre les r\u00e9cits qui motivent les d\u00e9cisions des consommateurs.<\/p>\n\n\n\n<h2 class=\"wp-block-heading\">Pourquoi les \u00e9tudes de groupe sont-elles essentielles dans l\u2019environnement commercial mondial actuel ?<\/h2>\n\n\n\n<p>Les \u00e9tudes de groupe sont essentielles pour comprendre les motivations, les attitudes et les \u00e9motions sous-jacentes qui influencent le comportement des consommateurs. Elles offrent aux participants une plateforme pour partager leurs pens\u00e9es, leurs exp\u00e9riences et leurs sentiments dans un environnement ouvert et interactif.&nbsp;<\/p>\n\n\n\n<p>Moreover, focus groups are particularly valuable for exploring new product concepts, testing marketing messages, and understanding the dynamics of group decision-making. A <a href=\"https:\/\/www.sisinternational.com\/fr\/societe-danalyse-industrielle-de-premier-plan-a-new-york\/\" title=\"Meilleure soci\u00e9t\u00e9 d&#039;analyse industrielle \u00e0 New York\" data-wpil-monitor-id=\"1124\">top global focus group firm helps companies<\/a> leverage these insights to create strategies that resonate with their target audiences, enhance brand loyalty, and drive business success.<\/p>\n\n\n\n<h2 class=\"wp-block-heading\">Quels sont les services typiques d&#039;une entreprise de premier plan du groupe Focus Global<\/h2>\n\n\n\n<figure class=\"gb-block-image gb-block-image-7e8469ff\"><img loading=\"lazy\" decoding=\"async\" width=\"1456\" height=\"816\" class=\"gb-image gb-image-7e8469ff\" src=\"https:\/\/www.sisinternational.com\/wp-content\/uploads\/2025\/09\/Focus-group-4-15.jpg\" alt=\"\u00c9tudes de march\u00e9 et strat\u00e9gie internationales SIS\" title=\"Focus group 4 (15)\" srcset=\"https:\/\/www.sisinternational.com\/wp-content\/uploads\/2025\/09\/Focus-group-4-15.jpg 1456w, https:\/\/www.sisinternational.com\/wp-content\/uploads\/2025\/09\/Focus-group-4-15-300x168.jpg 300w, https:\/\/www.sisinternational.com\/wp-content\/uploads\/2025\/09\/Focus-group-4-15-1024x574.jpg 1024w, https:\/\/www.sisinternational.com\/wp-content\/uploads\/2025\/09\/Focus-group-4-15-768x430.jpg 768w, https:\/\/www.sisinternational.com\/wp-content\/uploads\/2025\/09\/Focus-group-4-15-18x10.jpg 18w\" sizes=\"auto, (max-width: 1456px) 100vw, 1456px\"><\/figure>\n\n\n\n<p><\/p>\n\n\n\n<p>One of the core <a href=\"https:\/\/www.sisinternational.com\/fr\/focus-group-services-in-ny\/\" title=\"Focus Group Services in NY\" data-wpil-monitor-id=\"1294\">services offered is in-person focus groups<\/a>, o\u00f9 les participants sont r\u00e9unis dans un cadre physique pour discuter d&#039;un produit, d&#039;une marque ou d&#039;un sujet particulier. Ces sessions sont anim\u00e9es par des animateurs exp\u00e9riment\u00e9s qui guident la conversation et veillent \u00e0 ce que tous les participants aient la possibilit\u00e9 de partager leurs r\u00e9flexions. Les groupes de discussion en personne permettent d&#039;observer le langage corporel, les expressions faciales et la dynamique de groupe, ce qui peut fournir un contexte suppl\u00e9mentaire aux r\u00e9ponses verbales des participants.<\/p>\n\n\n\n<p>Une autre offre populaire est <strong>groupes de discussion en ligne<\/strong>, qui offrent la flexibilit\u00e9 n\u00e9cessaire pour impliquer des participants de diff\u00e9rents endroits g\u00e9ographiques. Les groupes de discussion en ligne sont tr\u00e8s utiles pour les entreprises qui recherchent des informations aupr\u00e8s d&#039;un public mondial diversifi\u00e9. Ces sessions utilisent la technologie de la vid\u00e9oconf\u00e9rence pour faciliter les discussions de groupe, permettant aux participants d&#039;interagir en temps r\u00e9el tout en offrant la commodit\u00e9 de participer depuis leur domicile.<\/p>\n\n\n\n<p><strong>Groupes de discussion hybrides<\/strong> Les conf\u00e9rences en ligne combinent les avantages des formats en personne et en ligne, permettant aux entreprises de mobiliser les participants de la mani\u00e8re la mieux adapt\u00e9e \u00e0 leurs besoins de recherche. Cette approche est avantageuse pour les entreprises multinationales qui cherchent \u00e0 recueillir des informations provenant de plusieurs r\u00e9gions tout en conservant la profondeur des interactions qui accompagnent les discussions en personne.<\/p>\n\n\n\n<h2 class=\"wp-block-heading\">Services essentiels fournis par une soci\u00e9t\u00e9 mondiale de premier plan du groupe Focus<\/h2>\n\n\n\n<p>UN <a href=\"https:\/\/www.sisinternational.com\/fr\/societe-mondiale-de-recherche-quantitative-de-marche-de-premier-plan\/\" title=\"Soci\u00e9t\u00e9 mondiale de recherche quantitative sur le march\u00e9 de premier plan\" data-wpil-monitor-id=\"1054\">top global focus group<\/a> firm possesses a deep understanding of the global market landscape, which is crucial for businesses looking to expand internationally. This expertise allows them to provide contextually rich and globally relevant insights, helping companies to navigate the complexities of international markets.<\/p>\n\n\n\n<p><\/p>\n\n\n<div class=\"wp-block-image\">\n<figure class=\"aligncenter size-full\"><img loading=\"lazy\" decoding=\"async\" width=\"702\" height=\"370\" src=\"https:\/\/www.sisinternational.com\/wp-content\/uploads\/2024\/11\/Top-Global-Focus-Group-Company.png\" alt=\"\u00c9tudes de march\u00e9 et strat\u00e9gie internationales SIS\" class=\"wp-image-54212\" srcset=\"https:\/\/www.sisinternational.com\/wp-content\/uploads\/2024\/11\/Top-Global-Focus-Group-Company.png 702w, https:\/\/www.sisinternational.com\/wp-content\/uploads\/2024\/11\/Top-Global-Focus-Group-Company-300x158.png 300w, https:\/\/www.sisinternational.com\/wp-content\/uploads\/2024\/11\/Top-Global-Focus-Group-Company-18x9.png 18w\" sizes=\"auto, (max-width: 702px) 100vw, 702px\" \/><\/figure>\n<\/div>\n\n\n<p><\/p>\n\n\n\n<ul class=\"wp-block-list\">\n<li><strong>Groupes de discussion en personne :<\/strong> Discussions anim\u00e9es dans un cadre physique pour observer la dynamique de groupe, le langage corporel et les interactions des participants.<\/li>\n\n\n\n<li><strong>Groupes de discussion en ligne :<\/strong> Des discussions virtuelles qui offrent de la flexibilit\u00e9 et permettent aux entreprises de recueillir des informations aupr\u00e8s de participants de diff\u00e9rentes r\u00e9gions.<\/li>\n\n\n\n<li><strong>Groupes de discussion hybrides :<\/strong> Une combinaison de formats en personne et en ligne pour capturer des perspectives diverses tout en garantissant un engagement profond.<\/li>\n\n\n\n<li><strong>Formation et expertise du mod\u00e9rateur :<\/strong> Des mod\u00e9rateurs qualifi\u00e9s et exp\u00e9riment\u00e9s dans l\u2019orientation des discussions, la recherche d\u2019id\u00e9es plus approfondies et la garantie que tous les participants contribuent de mani\u00e8re significative.<\/li>\n\n\n\n<li><strong>Tests de concept et commentaires sur les produits\u00a0:<\/strong> Utiliser des groupes de discussion pour tester de nouveaux concepts de produits, des messages marketing et le positionnement de la marque avant la mise sur le march\u00e9.<\/li>\n\n\n\n<li><strong>Connaissances culturelles et localisation :<\/strong> Comprendre comment les facteurs culturels influencent les pr\u00e9f\u00e9rences des consommateurs et garantir que les produits et les strat\u00e9gies marketing trouvent un \u00e9cho aupr\u00e8s du public local.<\/li>\n\n\n\n<li><strong>Analyse et rapport post-session :<\/strong> Analyse compl\u00e8te des discussions de groupe, y compris les th\u00e8mes cl\u00e9s, les citations des participants et les recommandations pratiques pour la strat\u00e9gie commerciale.<\/li>\n<\/ul>\n\n\n\n<h2 class=\"wp-block-heading\">Quels sont les avantages sp\u00e9cifiques de travailler avec une soci\u00e9t\u00e9 de premier plan du Global Focus Group ?<\/h2>\n\n\n\n<p>Working with a <a href=\"https:\/\/www.sisinternational.com\/fr\/societe-de-recherche-qualitative-de-premier-plan-a-lechelle-mondiale\/\" title=\"Entreprise de recherche qualitative de premier plan \u00e0 l&#039;\u00e9chelle mondiale\" data-wpil-monitor-id=\"1020\">top global focus group<\/a> firm offers multiple benefits that can significantly enhance a company&#8217;s ability to understand its target audience and make informed strategic decisions. These firms provide a platform for real-time consumer feedback, helping businesses refine their products, messaging, and marketing strategies.<\/p>\n\n\n\n<ul class=\"wp-block-list\">\n<li>Ils d\u00e9veloppent des strat\u00e9gies culturellement pertinentes en comprenant les facteurs sociaux et culturels uniques qui influencent les pr\u00e9f\u00e9rences des consommateurs dans diff\u00e9rentes r\u00e9gions.<\/li>\n\n\n\n<li>Les entreprises am\u00e9liorent le d\u00e9veloppement de leurs produits en utilisant les commentaires des consommateurs recueillis lors de groupes de discussion pour affiner les caract\u00e9ristiques, l\u2019emballage et le positionnement des produits.<\/li>\n\n\n\n<li>Tester les messages et les campagnes dans des groupes de discussion pour d\u00e9terminer ce qui r\u00e9sonne aupr\u00e8s des consommateurs avant le lancement am\u00e9liore l&#039;efficacit\u00e9 du marketing.<\/li>\n\n\n\n<li>Les entreprises peuvent mieux comprendre la dynamique de groupe en observant la mani\u00e8re dont les diff\u00e9rents consommateurs interagissent, s\u2019influencent mutuellement et r\u00e9agissent aux concepts de produits.<\/li>\n\n\n\n<li>Ils peuvent naviguer en toute confiance sur de nouveaux march\u00e9s en comprenant les besoins et les pr\u00e9f\u00e9rences uniques des consommateurs dans chaque r\u00e9gion.<\/li>\n<\/ul>\n\n\n\n<h2 class=\"wp-block-heading\">Le r\u00f4le des groupes de r\u00e9flexion dans la conduite de l&#039;innovation et des d\u00e9cisions strat\u00e9giques<\/h2>\n\n\n\n<figure class=\"gb-block-image gb-block-image-2509bbf3\"><img loading=\"lazy\" decoding=\"async\" width=\"1456\" height=\"816\" class=\"gb-image gb-image-2509bbf3\" src=\"https:\/\/www.sisinternational.com\/wp-content\/uploads\/2025\/09\/Focus-group-4-12.jpg\" alt=\"\u00c9tudes de march\u00e9 et strat\u00e9gie internationales SIS\" title=\"Focus group 4 (12)\" srcset=\"https:\/\/www.sisinternational.com\/wp-content\/uploads\/2025\/09\/Focus-group-4-12.jpg 1456w, https:\/\/www.sisinternational.com\/wp-content\/uploads\/2025\/09\/Focus-group-4-12-300x168.jpg 300w, https:\/\/www.sisinternational.com\/wp-content\/uploads\/2025\/09\/Focus-group-4-12-1024x574.jpg 1024w, https:\/\/www.sisinternational.com\/wp-content\/uploads\/2025\/09\/Focus-group-4-12-768x430.jpg 768w, https:\/\/www.sisinternational.com\/wp-content\/uploads\/2025\/09\/Focus-group-4-12-18x10.jpg 18w\" sizes=\"auto, (max-width: 1456px) 100vw, 1456px\"><\/figure>\n\n\n\n<p><\/p>\n\n\n\n<p>En r\u00e9unissant des participants divers dans le cadre d&#039;une discussion anim\u00e9e, les groupes de discussion permettent de mieux comprendre les besoins, les pr\u00e9f\u00e9rences et les comportements des consommateurs, essentiels au succ\u00e8s du d\u00e9veloppement et de la commercialisation des produits. Les groupes de discussion permettent de :&nbsp;<\/p>\n\n\n\n<h3 class=\"wp-block-heading\">Identifier les besoins et les pr\u00e9f\u00e9rences des consommateurs<\/h3>\n\n\n\n<p>Les groupes de discussion aident les entreprises \u00e0 d\u00e9couvrir les lacunes du march\u00e9 et \u00e0 identifier les opportunit\u00e9s d&#039;innovation. Ces informations aident les entreprises \u00e0 cr\u00e9er des produits qui r\u00e9pondent aux probl\u00e8mes sp\u00e9cifiques des consommateurs, offrant ainsi de la valeur \u00e0 l&#039;entreprise et au client.<\/p>\n\n\n\n<p>For example, a focus group might reveal that consumers are looking for a particular feature in a product that is currently missing from the market. This process improves customer satisfaction and helps <a href=\"https:\/\/www.sisinternational.com\/fr\/societe-de-referencement-des-principaux-concurrents\/\" title=\"Meilleure entreprise d&#039;analyse comparative des concurrents\" data-wpil-monitor-id=\"1200\">companies differentiate themselves from competitors<\/a>.<\/p>\n\n\n\n<h3 class=\"wp-block-heading\">Guider le d\u00e9veloppement de produits et les strat\u00e9gies de marketing<\/h3>\n\n\n\n<p>Focus group <a href=\"https:\/\/www.sisinternational.com\/fr\/couverture\/les-ameriques\/etude-de-marche-dans-les-caraibes\/etude-de-marche-guadeloupe\/\" title=\"Etude de march\u00e9 en Guadeloupe\" data-wpil-monitor-id=\"6088\">research guides product development and refines marketing<\/a> strategies. Businesses can gather valuable feedback before launching their products by testing product concepts, packaging designs, and marketing messages in a focus group setting.&nbsp;<\/p>\n\n\n\n<p>En plus du d\u00e9veloppement de produits, les groupes de discussion aident les entreprises \u00e0 affiner leurs strat\u00e9gies marketing en fournissant des informations sur la fa\u00e7on dont les consommateurs per\u00e7oivent leur marque et leur message.&nbsp;<\/p>\n\n\n\n<h3 class=\"wp-block-heading\">Soutenir les d\u00e9cisions commerciales strat\u00e9giques<\/h3>\n\n\n\n<p>Au-del\u00e0 du d\u00e9veloppement de produits et du marketing, les \u00e9tudes de groupe permettent d&#039;\u00e9clairer les d\u00e9cisions strat\u00e9giques des entreprises. Par exemple, les discussions de groupe peuvent r\u00e9v\u00e9ler comment les consommateurs per\u00e7oivent les valeurs d&#039;une marque, comment ils la comparent \u00e0 ses concurrents et quels facteurs influencent leurs d\u00e9cisions d&#039;achat. En exploitant ces informations, les entreprises peuvent \u00e9laborer des strat\u00e9gies qui correspondent aux pr\u00e9f\u00e9rences des consommateurs, am\u00e9liorer le positionnement de la marque et, en fin de compte, favoriser le succ\u00e8s sur le march\u00e9.<\/p>\n\n\n\n<h2 class=\"wp-block-heading\">Qu&#039;est-ce qui fait de SIS International une soci\u00e9t\u00e9 de premier plan parmi les groupes d&#039;int\u00e9r\u00eat mondiaux<\/h2>\n\n\n\n<p><a href=\"https:\/\/www.linkedin.com\/company\/sisinternationalresearch\/\" target=\"_blank\" rel=\"noopener\">SIS <\/a><span style=\"box-sizing: border-box; margin: 0px; padding: 0px;\"><a href=\"https:\/\/www.linkedin.com\/company\/sisinternationalresearch\/\" target=\"_blank\" rel=\"noopener\">International<\/a><\/span> est reconnu comme l&#039;un des principaux cabinets d&#039;\u00e9tudes de march\u00e9 au monde en raison de son approche unique, de son expertise mondiale et de son engagement \u00e0 fournir des informations exploitables. Notre capacit\u00e9 \u00e0 comprendre les complexit\u00e9s du comportement des consommateurs et \u00e0 les traduire en opportunit\u00e9s strat\u00e9giques fait de nous un partenaire de confiance pour les entreprises qui cherchent \u00e0 r\u00e9ussir sur un march\u00e9 mondial de plus en plus complexe.<\/p>\n\n\n\n<ul class=\"wp-block-list\">\n<li><strong>M\u00e9thodologies de groupes de discussion sur mesure :<\/strong> Nous concevons nos recherches de groupe de discussion pour r\u00e9pondre aux besoins sp\u00e9cifiques de chaque client, en veillant \u00e0 ce que nos id\u00e9es soient significatives et exploitables.<\/li>\n\n\n\n<li><strong>Expertise globale et locale :<\/strong> Notre \u00e9quipe de mod\u00e9rateurs exp\u00e9riment\u00e9s offre des perspectives mondiales et des informations locales, aidant les entreprises \u00e0 naviguer dans les nuances des diff\u00e9rents march\u00e9s.<\/li>\n\n\n\n<li><strong>Mod\u00e9ration qualifi\u00e9e pour des informations approfondies :<\/strong> Nos mod\u00e9rateurs sont exp\u00e9riment\u00e9s dans l\u2019orientation des discussions, la recherche d\u2019id\u00e9es plus approfondies et la garantie que tous les participants contribuent de mani\u00e8re significative.<\/li>\n\n\n\n<li><strong>Informations utiles sur les consommateurs :<\/strong> Nous utilisons des techniques avanc\u00e9es de groupes de discussion pour d\u00e9couvrir les \u00e9motions, les motivations et les attitudes qui d\u00e9terminent le comportement des consommateurs, offrant ainsi aux clients une compr\u00e9hension plus approfondie de leur public.<\/li>\n\n\n\n<li><strong>Analyse et rapports complets :<\/strong> Des th\u00e8mes cl\u00e9s aux recommandations concr\u00e8tes, nous fournissons une analyse compl\u00e8te des discussions de groupe, permettant \u00e0 nos clients de prendre des d\u00e9cisions strat\u00e9giques \u00e9clair\u00e9es.<\/li>\n\n\n\n<li><strong>Solutions de recherche innovantes :<\/strong> Notre engagement en mati\u00e8re d&#039;innovation signifie que nous utilisons les outils et technologies les plus r\u00e9cents pour fournir des informations de haute qualit\u00e9 qui aident nos clients \u00e0 garder une longueur d&#039;avance sur la concurrence.<\/li>\n<\/ul>\n\n\n\n<h2 class=\"wp-block-heading\">\u00c0 propos de SIS International<\/h2>\n\n\n\n<p><a href=\"https:\/\/www.sisinternational.com\/fr\/\">SIS International<\/a> propose des recherches quantitatives, qualitatives et strat\u00e9giques. Nous fournissons des donn\u00e9es, des outils, des strat\u00e9gies, des rapports et des informations pour la prise de d\u00e9cision. Nous menons \u00e9galement des entretiens, des enqu\u00eates, des groupes de discussion et d\u2019autres m\u00e9thodes et approches d\u2019\u00e9tudes de march\u00e9.<a href=\"https:\/\/www.sisinternational.com\/fr\/a-propos-de-la-recherche-internationale-sis\/contact-sis-international-market-research\/\"> Contactez nous<\/a> pour votre prochain projet d&#039;\u00e9tude de march\u00e9.<\/p>\n\n\n\n<hr class=\"wp-block-separator has-alpha-channel-opacity\"\/>","protected":false},"excerpt":{"rendered":"<p>Top Global Focus Group Company A top global focus group company offers a unique opportunity to capture the diverse perspectives and emotions that shape consumer behavior. Why are focus groups critical for gaining deep consumer insights? They provide the context that numbers alone cannot. SIS, a top global focus group firm, helps businesses understand the &#8230; <a title=\"Entreprise de premier plan au niveau mondial\" class=\"read-more\" href=\"https:\/\/www.sisinternational.com\/fr\/solutions\/groupes-de-discussion\/societe-de-premier-plan-au-niveau-mondial\/\" aria-label=\"En savoir plus sur Top Global Focus Group Company\">Lire plus<\/a><\/p>","protected":false},"author":1,"featured_media":66936,"parent":16287,"menu_order":8,"comment_status":"closed","ping_status":"closed","template":"","meta":{"footnotes":""},"class_list":["post-54211","page","type-page","status-publish","has-post-thumbnail"],"_links":{"self":[{"href":"https:\/\/www.sisinternational.com\/fr\/wp-json\/wp\/v2\/pages\/54211","targetHints":{"allow":["GET"]}}],"collection":[{"href":"https:\/\/www.sisinternational.com\/fr\/wp-json\/wp\/v2\/pages"}],"about":[{"href":"https:\/\/www.sisinternational.com\/fr\/wp-json\/wp\/v2\/types\/page"}],"author":[{"embeddable":true,"href":"https:\/\/www.sisinternational.com\/fr\/wp-json\/wp\/v2\/users\/1"}],"replies":[{"embeddable":true,"href":"https:\/\/www.sisinternational.com\/fr\/wp-json\/wp\/v2\/comments?post=54211"}],"version-history":[{"count":11,"href":"https:\/\/www.sisinternational.com\/fr\/wp-json\/wp\/v2\/pages\/54211\/revisions"}],"predecessor-version":[{"id":79716,"href":"https:\/\/www.sisinternational.com\/fr\/wp-json\/wp\/v2\/pages\/54211\/revisions\/79716"}],"up":[{"embeddable":true,"href":"https:\/\/www.sisinternational.com\/fr\/wp-json\/wp\/v2\/pages\/16287"}],"wp:featuredmedia":[{"embeddable":true,"href":"https:\/\/www.sisinternational.com\/fr\/wp-json\/wp\/v2\/media\/66936"}],"wp:attachment":[{"href":"https:\/\/www.sisinternational.com\/fr\/wp-json\/wp\/v2\/media?parent=54211"}],"curies":[{"name":"wp","href":"https:\/\/api.w.org\/{rel}","templated":true}]}}