{"id":54196,"date":"2024-11-27T02:27:14","date_gmt":"2024-11-27T07:27:14","guid":{"rendered":"https:\/\/www.sisinternational.com\/?page_id=54196"},"modified":"2026-03-11T11:46:19","modified_gmt":"2026-03-11T15:46:19","slug":"new-product-focus-group-in-new-york","status":"publish","type":"page","link":"https:\/\/www.sisinternational.com\/fr\/competence\/etude-de-marche-sur-les-tests-de-produits\/new-product-focus-group-in-new-york\/","title":{"rendered":"Groupe de r\u00e9flexion sur les nouveaux produits \u00e0 New York"},"content":{"rendered":"<h1 class=\"gb-headline gb-headline-29b0ab5f gb-headline-text\">Groupe de r\u00e9flexion sur les nouveaux produits \u00e0 New York<\/h1>\n\n\n\n<figure class=\"gb-block-image gb-block-image-0b3ed7f2\"><img loading=\"lazy\" decoding=\"async\" width=\"1456\" height=\"816\" class=\"gb-image gb-image-0b3ed7f2\" src=\"https:\/\/www.sisinternational.com\/wp-content\/uploads\/2025\/09\/Focus-group-recruitment-12.jpg\" alt=\"\u00c9tudes de march\u00e9 et strat\u00e9gie internationales SIS\" title=\"Focus group recruitment (12)\" srcset=\"https:\/\/www.sisinternational.com\/wp-content\/uploads\/2025\/09\/Focus-group-recruitment-12.jpg 1456w, https:\/\/www.sisinternational.com\/wp-content\/uploads\/2025\/09\/Focus-group-recruitment-12-300x168.jpg 300w, https:\/\/www.sisinternational.com\/wp-content\/uploads\/2025\/09\/Focus-group-recruitment-12-1024x574.jpg 1024w, https:\/\/www.sisinternational.com\/wp-content\/uploads\/2025\/09\/Focus-group-recruitment-12-768x430.jpg 768w, https:\/\/www.sisinternational.com\/wp-content\/uploads\/2025\/09\/Focus-group-recruitment-12-18x10.jpg 18w\" sizes=\"auto, (max-width: 1456px) 100vw, 1456px\"><\/figure>\n\n\n\n<hr class=\"wp-block-separator has-alpha-channel-opacity is-style-dots\"\/>\n\n\n\n<h3 class=\"wp-block-heading\"><span style=\"font-weight: 400;\">Focus groups effectively gather detailed, qualitative feedback from potential customers before investing in your product launch.<\/span><\/h3>\n\n\n\n<p><span style=\"font-weight: 400;\">What\u2019s the best way to validate your new product concept before it hits the shelves in New York? A New Product Focus Group in New York allows you to collect direct feedback from target consumers, helping you refine your product for a successful launch.<\/span><\/p>\n\n\n\n<h2 class=\"wp-block-heading\"><strong>Why Focus Groups Are Essential for New Product Testing<\/strong><\/h2>\n\n\n\n<p><span style=\"font-weight: 400;\">Focus groups provide the perfect setting to understand potential customers&#8217; thoughts about your product. You can identify what they like, dislike, and expect from similar products by engaging in detailed conversations. This helps in shaping your product to better meet customer needs.<\/span><\/p>\n\n\n\n<p><span style=\"font-weight: 400;\">Furthermore, focus groups allow you to test various aspects of your product, from its features and packaging to its overall messaging. Participants can provide specific feedback on what works well and what doesn&#8217;t, enabling you to make informed decisions before your product is widely released.<\/span><\/p>\n\n\n\n<p><span style=\"font-weight: 400;\">Focus groups also allow you to test your product across different consumer segments. Whether age, income, ethnicity, or lifestyle, New York\u2019s diverse market will enable you to engage with multiple demographics and understand how your product performs among different groups.&nbsp;<\/span><\/p>\n\n\n\n<h2 class=\"wp-block-heading\"><strong>What Are the Advantages of Conducting a New Product Focus Group in New York?<\/strong><\/h2>\n\n\n\n<figure class=\"gb-block-image gb-block-image-c1c334a5\"><img loading=\"lazy\" decoding=\"async\" width=\"1456\" height=\"816\" class=\"gb-image gb-image-c1c334a5\" src=\"https:\/\/www.sisinternational.com\/wp-content\/uploads\/2025\/09\/Focus-group-recruitment-5.jpg\" alt=\"\u00c9tudes de march\u00e9 et strat\u00e9gie internationales SIS\" title=\"Focus group recruitment (5)\" srcset=\"https:\/\/www.sisinternational.com\/wp-content\/uploads\/2025\/09\/Focus-group-recruitment-5.jpg 1456w, https:\/\/www.sisinternational.com\/wp-content\/uploads\/2025\/09\/Focus-group-recruitment-5-300x168.jpg 300w, https:\/\/www.sisinternational.com\/wp-content\/uploads\/2025\/09\/Focus-group-recruitment-5-1024x574.jpg 1024w, https:\/\/www.sisinternational.com\/wp-content\/uploads\/2025\/09\/Focus-group-recruitment-5-768x430.jpg 768w, https:\/\/www.sisinternational.com\/wp-content\/uploads\/2025\/09\/Focus-group-recruitment-5-18x10.jpg 18w\" sizes=\"auto, (max-width: 1456px) 100vw, 1456px\"><\/figure>\n\n\n\n<p><\/p>\n\n\n\n<p><span style=\"font-weight: 400;\">New York is one of the world&#8217;s most dynamic and diverse markets, making it an ideal location for testing new products. So, conducting a new <a href=\"https:\/\/www.sisinternational.com\/fr\/solutions\/groupes-de-discussion\/focus-group-on-personal-care-products\/\" title=\"Focus Group on Personal Care Products\"  data-wpil-monitor-id=\"873\">product focus group<\/a> in New York offers several distinct advantages that can provide invaluable insights for your product launch:<\/span><\/p>\n\n\n\n<ul class=\"wp-block-list\">\n<li><b>Access to Diverse, Urban Demographics<\/b><span style=\"font-weight: 400;\">: New York&#8217;s vast and varied population allows for gathering feedback from various demographic groups. This diversity ensures you receive feedback that is representative of real-world consumer behavior.<\/span><\/li>\n\n\n\n<li><b>Insights from Highly Competitive and Trend-Conscious Markets<\/b><span style=\"font-weight: 400;\">: New York is home to consumers who are highly aware of trends and constantly exposed to the latest products and innovations. It allows you to gauge how your product stacks up against other industry-leading offerings and to test your product\u2019s appeal in an environment where consumers are very discerning.<\/span><\/li>\n\n\n\n<li><b>Opportunities to Gather Feedback from New York\u2019s Influential Consumer Base<\/b>: By conducting <a href=\"https:\/\/www.sisinternational.com\/fr\/solutions\/groupes-de-discussion\/groupes-de-discussion-a-new-york-pour-tester-les-produits-de-la-generation-z\/\" title=\"Tirer parti des groupes de discussion \u00e0 New York pour tester les produits de la g\u00e9n\u00e9ration Z\"  data-wpil-monitor-id=\"1877\">focus groups in New York<\/a>, you can gain critical insights that could help your product gain early traction in this influential market, creating a ripple effect beyond the city.<\/span><\/li>\n<\/ul>\n\n\n\n<h3 class=\"wp-block-heading\"><strong>Emplacement de l&#039;\u00e9tablissement\u00a0: New York<\/strong><\/h3>\n\n\n\n<p>\n\n\n\n<iframe loading=\"lazy\" src=\"https:\/\/www.google.com\/maps\/embed?pb=!1m18!1m12!1m3!1d3022.976188376966!2d-73.99130312499956!3d40.740549471389315!2m3!1f0!2f0!3f0!3m2!1i1024!2i768!4f13.1!3m3!1m2!1s0x89c259a15798c731%3A0xd695d09bdd495f25!2s11%20E%2022nd%20St%20FL%202%2C%20New%20York%2C%20NY%2010010%2C%20USA!5e0!3m2!1sen!2spe!4v1726171763526!5m2!1sen!2spe\" width=\"600\" height=\"450\" allowfullscreen=\"allowfullscreen\" data-mce-fragment=\"1\"><\/iframe>\n\n\n\n<\/p>\n\n\n\n<h3 class=\"wp-block-heading\">11 E 22nd Street, \u00e9tage 2, New York, NY 10010 T\u00e9l. : +1(212) 505-6805<\/h3>\n\n\n\n<p>\n\n\n\n<\/p>\n\n\n\n<h4 class=\"wp-block-heading\"><strong>Points forts de l&#039;emplacement\u00a0:<\/strong><\/h4>\n\n\n\n<p>\n\n\n\n<\/p>\n\n\n\n<ul class=\"wp-block-list\">\n<li>\n<ul class=\"wp-block-list\">\n<li>Flatiron District \u00e0 Manhattan, \u00e0 quelques pas du b\u00e2timent historique Flatiron et \u00e0 proximit\u00e9 de Madison Square Park et d&#039;Union Square<\/li>\n<\/ul>\n<\/li>\n<\/ul>\n\n\n\n<p>\n\n\n\n<\/p>\n\n\n\n<ul class=\"wp-block-list\">\n<li>\n<ul class=\"wp-block-list\">\n<li>Id\u00e9alement situ\u00e9 au c\u0153ur de New York, une ville mondiale majeure et la plus grande ville des \u00c9tats-Unis<\/li>\n<\/ul>\n<\/li>\n<\/ul>\n\n\n\n<p>\n\n\n\n<\/p>\n\n\n\n<ul class=\"wp-block-list\">\n<li>\n<ul class=\"wp-block-list\">\n<li>Pratique pour de nombreuses options de transport<\/li>\n<\/ul>\n<\/li>\n<\/ul>\n\n\n\n<p>\n\n\n\n<\/p>\n\n\n\n<ul class=\"wp-block-list\">\n<li>\n<ul class=\"wp-block-list\">\n<li>Situ\u00e9 entre Broadway et Park Avenue sur la 22\u00e8me rue, \u00e0 c\u00f4t\u00e9 du \u00ab Key Bank \u00bb<\/li>\n<\/ul>\n<\/li>\n<\/ul>\n\n\n\n<p>\n\n\n\n<\/p>\n\n\n\n<ul class=\"wp-block-list\">\n<li>\n<ul class=\"wp-block-list\">\n<li>Train local R Broadway \u2013 Station 22\/23<\/li>\n<\/ul>\n<\/li>\n<\/ul>\n\n\n\n<p>\n\n\n\n<\/p>\n\n\n\n<ul class=\"wp-block-list\">\n<li>\n<ul class=\"wp-block-list\">\n<li>Train local 6 Eastside - 23e et station Park Ave<\/li>\n<\/ul>\n<\/li>\n<\/ul>\n\n\n\n<p>\n\n\n\n<\/p>\n\n\n\n<ul class=\"wp-block-list\">\n<li>Train local 1 Westside \u2013 Station 23e et 6e Avenue<\/li>\n<\/ul>\n\n\n\n<h2 class=\"wp-block-heading\"><strong>What Makes SIS International a Top Choice for New Product Focus Groups in New York?<\/strong><\/h2>\n\n\n\n<p><span style=\"font-weight: 400;\"><a href=\"https:\/\/www.linkedin.com\/company\/sisinternationalresearch\/\" target=\"_blank\" rel=\"noopener\">SIS International<\/a> is a premier choice for businesses looking to refine their products before launch. Our team\u2019s extensive experience and comprehensive approach ensure that every aspect of your product testing is handled with expertise and precision \u2013 and here\u2019s why SIS International is the top choice for your focus group research needs:<\/span><\/p>\n\n\n\n<ul class=\"wp-block-list\">\n<li><b>Expertise in Diverse Market Segments<\/b><span style=\"font-weight: 400;\"><span style=\"font-weight: 400;\">: \u00c0 <a href=\"https:\/\/twitter.com\/SISIntlResearch\" target=\"_blank\" rel=\"noopener\">SIS<\/a>, we recognize the importance of targeting various consumer segments. With over 40 years of experience in market research, we have developed a deep understanding of New York\u2019s diverse consumer base, allowing us to target and recruit the right participants for your focus groups.<\/span><\/span><br><\/li>\n\n\n\n<li><b>State-of-the-Art Facilities<\/b><span style=\"font-weight: 400;\"><span style=\"font-weight: 400;\">: We offer cutting-edge research facilities for practical focus group discussions. Our rooms have the latest technology to record and analyze discussions, providing valuable data to guide your product development process.<\/span><\/span><br><\/li>\n\n\n\n<li><b>Tailored Research Designs<\/b><span style=\"font-weight: 400;\"><span style=\"font-weight: 400;\">: We don\u2019t believe in a one-size-fits-all approach. Our specialists work closely with you to design a custom focus group study that aligns with your unique business goals.<\/span><\/span><br><\/li>\n\n\n\n<li><b>Access to New York\u2019s Trendsetting Market<\/b><span style=\"font-weight: 400;\"><span style=\"font-weight: 400;\">: New York is a hub for innovation, and understanding consumer behavior here can be a game-changer for your product. <a href=\"https:\/\/medium.com\/@sisinternational\/sis-international-c17160da8fac\" target=\"_blank\" rel=\"noopener\">SIS<\/a>\u2019s location in the city gives us unparalleled access to a diverse and influential consumer base, ensuring that your product is tested in one of the most competitive markets in the world.<\/span><\/span><br><\/li>\n\n\n\n<li><b>Comprehensive Reporting and Analysis<\/b><span style=\"font-weight: 400;\"><span style=\"font-weight: 400;\">: Following your focus group sessions, we provide in-depth analysis and comprehensive reports that highlight key trends, insights, and actionable recommendations.<\/span><\/span><br><\/li>\n\n\n\n<li><b>Des solutions rentables<\/b>: At SIS International, we provide affordable <a href=\"https:\/\/www.sisinternational.com\/fr\/focus-group-services-in-ny\/\" title=\"Focus Group Services in NY\" data-wpil-monitor-id=\"1297\">focus group research services<\/a> that deliver high-quality insights without breaking your budget. Our team works with you to design a study that meets your needs and stays within your financial parameters.<\/span><\/span><br><\/li>\n\n\n\n<li><b>Experienced Moderators and Analysts<\/b><span style=\"font-weight: 400;\"><span style=\"font-weight: 400;\">: Our team of skilled moderators and analysts are experts in guiding focus group discussions and interpreting complex data. They can extract meaningful feedback and translate it into clear, actionable insights for your product development team.<\/span><\/span><br><\/li>\n\n\n\n<li><b>Customized Recruitment Strategies<\/b><span style=\"font-weight: 400;\"><span style=\"font-weight: 400;\">: We have extensive experience recruiting participants from various backgrounds and demographics. Our recruitment strategies are designed to ensure we engage the right people to provide relevant feedback for your product.<\/span><\/span><br><\/li>\n\n\n\n<li><b>Timely Results<\/b><span style=\"font-weight: 400;\"><span style=\"font-weight: 400;\">: Time is of the essence when it comes to product development, and we understand the need for quick turnaround. SIS International provides efficient focus group research services that give you fast access to the insights you need to move forward with your product launch.<\/span><\/span><br><\/li>\n\n\n\n<li><b>Une port\u00e9e mondiale avec une expertise locale<\/b><span style=\"font-weight: 400;\">: While SIS International has a global presence, we are deeply rooted in local markets like New York. Our blend of global expertise and local knowledge ensures you receive the most relevant and actionable feedback tailored to the New York market.<\/span><\/li>\n<\/ul>\n\n\n\n<h2 class=\"wp-block-heading\"><strong>\u00c0 propos de SIS International<\/strong><\/h2>\n\n\n\n<p><a href=\"https:\/\/www.sisinternational.com\/fr\/\"><span style=\"font-weight: 400;\">SIS International<\/span><\/a><span style=\"font-weight: 400;\"> propose des recherches quantitatives, qualitatives et strat\u00e9giques. Nous fournissons des donn\u00e9es, des outils, des strat\u00e9gies, des rapports et des informations pour la prise de d\u00e9cision. Nous menons \u00e9galement des entretiens, des enqu\u00eates, des groupes de discussion et d\u2019autres m\u00e9thodes et approches d\u2019\u00e9tudes de march\u00e9.<\/span><a href=\"https:\/\/www.sisinternational.com\/fr\/a-propos-de-la-recherche-internationale-sis\/contact-sis-international-market-research\/\"><span style=\"font-weight: 400;\"> Contactez nous<\/span><\/a><span style=\"font-weight: 400;\"> pour votre prochain projet d&#039;\u00e9tude de march\u00e9.<\/span><\/p>\n\n\n\n<hr class=\"wp-block-separator has-alpha-channel-opacity\"\/>\n\n\n\n<p>\n\n\n<\/p>\n<p><!-- \/wp:post-content --><\/p>","protected":false},"excerpt":{"rendered":"<p>New Product Focus Group in New York Focus groups effectively gather detailed, qualitative feedback from potential customers before investing in your product launch. What\u2019s the best way to validate your new product concept before it hits the shelves in New York? A New Product Focus Group in New York allows you to collect direct feedback &#8230; <a title=\"Groupe de r\u00e9flexion sur les nouveaux produits \u00e0 New York\" class=\"read-more\" href=\"https:\/\/www.sisinternational.com\/fr\/competence\/etude-de-marche-sur-les-tests-de-produits\/new-product-focus-group-in-new-york\/\" aria-label=\"En savoir plus sur New Product Focus Group in New York\">Lire plus<\/a><\/p>","protected":false},"author":1,"featured_media":66938,"parent":12926,"menu_order":32,"comment_status":"closed","ping_status":"closed","template":"","meta":{"footnotes":""},"class_list":["post-54196","page","type-page","status-publish","has-post-thumbnail"],"_links":{"self":[{"href":"https:\/\/www.sisinternational.com\/fr\/wp-json\/wp\/v2\/pages\/54196","targetHints":{"allow":["GET"]}}],"collection":[{"href":"https:\/\/www.sisinternational.com\/fr\/wp-json\/wp\/v2\/pages"}],"about":[{"href":"https:\/\/www.sisinternational.com\/fr\/wp-json\/wp\/v2\/types\/page"}],"author":[{"embeddable":true,"href":"https:\/\/www.sisinternational.com\/fr\/wp-json\/wp\/v2\/users\/1"}],"replies":[{"embeddable":true,"href":"https:\/\/www.sisinternational.com\/fr\/wp-json\/wp\/v2\/comments?post=54196"}],"version-history":[{"count":14,"href":"https:\/\/www.sisinternational.com\/fr\/wp-json\/wp\/v2\/pages\/54196\/revisions"}],"predecessor-version":[{"id":76247,"href":"https:\/\/www.sisinternational.com\/fr\/wp-json\/wp\/v2\/pages\/54196\/revisions\/76247"}],"up":[{"embeddable":true,"href":"https:\/\/www.sisinternational.com\/fr\/wp-json\/wp\/v2\/pages\/12926"}],"wp:featuredmedia":[{"embeddable":true,"href":"https:\/\/www.sisinternational.com\/fr\/wp-json\/wp\/v2\/media\/66938"}],"wp:attachment":[{"href":"https:\/\/www.sisinternational.com\/fr\/wp-json\/wp\/v2\/media?parent=54196"}],"curies":[{"name":"wp","href":"https:\/\/api.w.org\/{rel}","templated":true}]}}