{"id":54189,"date":"2024-11-27T02:27:01","date_gmt":"2024-11-27T07:27:01","guid":{"rendered":"https:\/\/www.sisinternational.com\/?page_id=54189"},"modified":"2026-03-11T09:52:41","modified_gmt":"2026-03-11T13:52:41","slug":"test-de-produits-de-consommation-a-new-york","status":"publish","type":"page","link":"https:\/\/www.sisinternational.com\/fr\/competence\/etude-de-marche-sur-les-tests-de-produits\/test-de-produits-de-consommation-a-new-york\/","title":{"rendered":"Tests de produits de consommation \u00e0 New York"},"content":{"rendered":"<h1 class=\"gb-headline gb-headline-e0ae9896 gb-headline-text\">Tests de produits de consommation \u00e0 New York<\/h1>\n\n\n\n<figure class=\"gb-block-image gb-block-image-bd2aa86d\"><img loading=\"lazy\" decoding=\"async\" width=\"1456\" height=\"816\" class=\"gb-image gb-image-bd2aa86d\" src=\"https:\/\/www.sisinternational.com\/wp-content\/uploads\/2025\/08\/Food-taste-testing-4.jpg\" alt=\"\u00c9tudes de march\u00e9 et strat\u00e9gie internationales SIS\" title=\"Food taste testing (4)\" srcset=\"https:\/\/www.sisinternational.com\/wp-content\/uploads\/2025\/08\/Food-taste-testing-4.jpg 1456w, https:\/\/www.sisinternational.com\/wp-content\/uploads\/2025\/08\/Food-taste-testing-4-300x168.jpg 300w, https:\/\/www.sisinternational.com\/wp-content\/uploads\/2025\/08\/Food-taste-testing-4-1024x574.jpg 1024w, https:\/\/www.sisinternational.com\/wp-content\/uploads\/2025\/08\/Food-taste-testing-4-768x430.jpg 768w, https:\/\/www.sisinternational.com\/wp-content\/uploads\/2025\/08\/Food-taste-testing-4-18x10.jpg 18w\" sizes=\"auto, (max-width: 1456px) 100vw, 1456px\"><\/figure>\n\n\n\n<hr class=\"wp-block-separator has-alpha-channel-opacity is-style-dots\"\/>\n\n\n\n<h3 class=\"wp-block-heading\"><span style=\"font-weight: 400;\">Les tests de produits de consommation \u00e0 New York donnent aux entreprises un acc\u00e8s direct \u00e0 des opinions diverses et \u00e0 des informations exploitables, ouvrant la voie \u00e0 des lancements de produits percutants et \u00e0 un succ\u00e8s commercial \u00e0 long terme.<\/span><\/h3>\n\n\n\n<p><span style=\"font-weight: 400;\">Comment garantir que votre produit conquiert le c\u0153ur de votre public cible ? R\u00e9aliser des tests de produits de consommation \u00e0 New York est la cl\u00e9 pour obtenir des informations pr\u00e9cieuses.<\/span><\/p>\n\n\n\n<h2 class=\"wp-block-heading\"><strong>L&#039;importance des tests de produits de consommation \u00e0 New York<\/strong><\/h2>\n\n\n\n<p><span style=\"font-weight: 400;\">Les tests de produits de consommation \u00e0 New York sont essentiels pour les entreprises qui souhaitent lancer des produits \u00e0 succ\u00e8s. Ils fournissent des informations allant au-del\u00e0 des analyses de march\u00e9 traditionnelles, aidant les entreprises \u00e0 cr\u00e9er des offres qui trouvent un \u00e9cho r\u00e9el aupr\u00e8s de leur public cible.<\/span><\/p>\n\n\n\n<ul class=\"wp-block-list\">\n<li><b>Comprendre les pr\u00e9f\u00e9rences des consommateurs<\/b><b><br><\/b><span style=\"font-weight: 400;\">Les tests permettent aux entreprises de savoir ce que les consommateurs veulent et attendent de leurs produits. Ces donn\u00e9es permettent d&#039;affiner les caract\u00e9ristiques, la conception et les fonctionnalit\u00e9s pour r\u00e9pondre aux demandes du march\u00e9.<\/span><\/li>\n\n\n\n<li><b>Minimiser les risques<\/b><b><br><\/b><span style=\"font-weight: 400;\">Les tests de produits grand public permettent d&#039;identifier les probl\u00e8mes potentiels avant la mise sur le march\u00e9 d&#039;un produit. En s&#039;attaquant \u00e0 ces probl\u00e8mes d\u00e8s le d\u00e9but, les entreprises peuvent \u00e9conomiser du temps, des ressources et pr\u00e9server la r\u00e9putation de leur marque.<\/span><\/li>\n\n\n\n<li><b>Optimisation de l&#039;ad\u00e9quation au march\u00e9<\/b><b><br><\/b><span style=\"font-weight: 400;\">Les informations obtenues gr\u00e2ce aux tests permettent d&#039;adapter les produits aux pr\u00e9f\u00e9rences et aux besoins du public cible. Cet alignement augmente la probabilit\u00e9 d&#039;adoption et de satisfaction du produit.<\/span><\/li>\n\n\n\n<li><b>S&#039;adapter aux tendances locales<\/b><b><br><\/b><span style=\"font-weight: 400;\">New York est une ville qui donne le ton, ce qui en fait un lieu id\u00e9al pour r\u00e9aliser des tests aupr\u00e8s des consommateurs. Les entreprises peuvent identifier les tendances \u00e9mergentes et adapter leurs produits pour garder une longueur d&#039;avance sur leurs concurrents.<\/span><\/li>\n\n\n\n<li><b>Renforcer la confiance des consommateurs<\/b><b><br><\/b><span style=\"font-weight: 400;\">Les entreprises renforcent la confiance et la fid\u00e9lit\u00e9 de leurs clients en montrant qu&#039;elles accordent de l&#039;importance aux commentaires de leurs clients. Ce lien favorise des relations plus solides avec eux et am\u00e9liore la perception de la marque.<\/span><\/li>\n<\/ul>\n\n\n\n<h2 class=\"wp-block-heading\"><strong>Pourquoi New York est la ville id\u00e9ale pour tester des produits de consommation<\/strong><\/h2>\n\n\n\n<figure class=\"gb-block-image gb-block-image-aaae6115\"><img loading=\"lazy\" decoding=\"async\" width=\"1456\" height=\"816\" class=\"gb-image gb-image-aaae6115\" src=\"https:\/\/www.sisinternational.com\/wp-content\/uploads\/2025\/08\/Food-taste-testing-19.jpg\" alt=\"\u00c9tudes de march\u00e9 et strat\u00e9gie internationales SIS\" title=\"Food taste testing (19)\" srcset=\"https:\/\/www.sisinternational.com\/wp-content\/uploads\/2025\/08\/Food-taste-testing-19.jpg 1456w, https:\/\/www.sisinternational.com\/wp-content\/uploads\/2025\/08\/Food-taste-testing-19-300x168.jpg 300w, https:\/\/www.sisinternational.com\/wp-content\/uploads\/2025\/08\/Food-taste-testing-19-1024x574.jpg 1024w, https:\/\/www.sisinternational.com\/wp-content\/uploads\/2025\/08\/Food-taste-testing-19-768x430.jpg 768w, https:\/\/www.sisinternational.com\/wp-content\/uploads\/2025\/08\/Food-taste-testing-19-18x10.jpg 18w\" sizes=\"auto, (max-width: 1456px) 100vw, 1456px\"><\/figure>\n\n\n\n<p><\/p>\n\n\n\n<p><span style=\"font-weight: 400;\">New York offre une combinaison unique de facteurs, ce qui en fait un centre sans \u00e9gal pour les tests de produits de consommation. Les entreprises peuvent tirer parti des caract\u00e9ristiques distinctives de la ville pour recueillir des informations pertinentes et affiner leurs produits.<\/span><\/p>\n\n\n\n<h3 class=\"wp-block-heading\"><span style=\"font-weight: 400;\">Base de consommateurs diversifi\u00e9e<\/span><\/h3>\n\n\n\n<p><span style=\"font-weight: 400;\">La population multiculturelle de New York se compose de groupes d&#039;\u00e2ge, de niveaux de revenus et d&#039;origines culturelles vari\u00e9s. Cette diversit\u00e9 permet aux entreprises de tester leurs produits aupr\u00e8s d&#039;un large \u00e9ventail de profils de consommateurs, leur fournissant ainsi des retours d&#039;exp\u00e9rience utiles et complets.<\/span><\/p>\n\n\n\n<h3 class=\"wp-block-heading\"><span style=\"font-weight: 400;\">Environnement pr\u00e9curseur<\/span><\/h3>\n\n\n\n<p><span style=\"font-weight: 400;\">As a global influencer in fashion, technology, food, and more, New York is where trends begin. Conducting consumer product testing here allows businesses to gauge how their <a href=\"https:\/\/www.sisinternational.com\/fr\/73903-2\/\" title=\"Turn Consumer Flavor Preferences Into Winning Products\"  data-wpil-monitor-id=\"1544\">products align with emerging consumer preferences<\/a>.<\/span><\/p>\n\n\n\n<h3 class=\"wp-block-heading\"><span style=\"font-weight: 400;\">Conditions de march\u00e9 dynamiques<\/span><\/h3>\n\n\n\n<p><span style=\"font-weight: 400;\">La nature rapide et comp\u00e9titive du march\u00e9 de New York pousse les entreprises \u00e0 innover et \u00e0 affiner leurs offres, garantissant ainsi qu&#039;elles r\u00e9pondent aux normes \u00e9lev\u00e9es attendues par les consommateurs locaux.<\/span><\/p>\n\n\n\n<h3 class=\"wp-block-heading\"><span style=\"font-weight: 400;\">Acc\u00e8s \u00e0 des installations de pointe<\/span><\/h3>\n\n\n\n<p><span style=\"font-weight: 400;\">New <a href=\"https:\/\/www.sisinternational.com\/fr\/solutions\/test-de-gout\/installations-de-test-de-saveurs-a-new-york\/\" title=\"Installations de test de saveurs \u00e0 New York\"  data-wpil-monitor-id=\"4741\">York<\/a> has advanced research facilities supporting various testing methodologies, such as sensory evaluations, focus groups, and usability studies. These facilities provide businesses with the tools to conduct thorough and practical testing.<\/span><\/p>\n\n\n\n<h3 class=\"wp-block-heading\"><span style=\"font-weight: 400;\">Application dans le monde r\u00e9el<\/span><\/h3>\n\n\n\n<p><span style=\"font-weight: 400;\">Le paysage urbain anim\u00e9 de la ville offre des possibilit\u00e9s de tests en conditions r\u00e9elles, comme des magasins pilotes, des boutiques \u00e9ph\u00e9m\u00e8res et des collectes de commentaires dans la rue. Ces m\u00e9thodes fournissent des informations pratiques que les laboratoires ne peuvent pas toujours saisir.<\/span><\/p>\n\n\n\n<h3 class=\"wp-block-heading\"><span style=\"font-weight: 400;\">Pertinence mondiale<\/span><\/h3>\n\n\n\n<p><span style=\"font-weight: 400;\">En raison de son influence internationale, les connaissances acquises \u00e0 New York sont souvent transposables sur d\u2019autres march\u00e9s importants. Les entreprises peuvent utiliser les r\u00e9sultats obtenus \u00e0 New York pour \u00e9laborer des strat\u00e9gies sur d\u2019autres march\u00e9s urbains et mondiaux.<\/span><\/p>\n\n\n\n<h2 class=\"wp-block-heading\"><b>Avantages des tests de produits de consommation \u00e0 New York<\/b><\/h2>\n\n\n\n<figure class=\"gb-block-image gb-block-image-76e7c55c\"><img loading=\"lazy\" decoding=\"async\" width=\"1456\" height=\"816\" class=\"gb-image gb-image-76e7c55c\" src=\"https:\/\/www.sisinternational.com\/wp-content\/uploads\/2025\/08\/Food-taste-testing-3.jpg\" alt=\"\u00c9tudes de march\u00e9 et strat\u00e9gie internationales SIS\" title=\"Food taste testing (3)\" srcset=\"https:\/\/www.sisinternational.com\/wp-content\/uploads\/2025\/08\/Food-taste-testing-3.jpg 1456w, https:\/\/www.sisinternational.com\/wp-content\/uploads\/2025\/08\/Food-taste-testing-3-300x168.jpg 300w, https:\/\/www.sisinternational.com\/wp-content\/uploads\/2025\/08\/Food-taste-testing-3-1024x574.jpg 1024w, https:\/\/www.sisinternational.com\/wp-content\/uploads\/2025\/08\/Food-taste-testing-3-768x430.jpg 768w, https:\/\/www.sisinternational.com\/wp-content\/uploads\/2025\/08\/Food-taste-testing-3-18x10.jpg 18w\" sizes=\"auto, (max-width: 1456px) 100vw, 1456px\"><\/figure>\n\n\n\n<p><\/p>\n\n\n\n<p><span style=\"font-weight: 400;\">Conducting consumer <a href=\"https:\/\/www.sisinternational.com\/fr\/solutions\/solutions-de-recherche-qualitative-et-quantitative\/lavantage-de-tester-un-produit-a-new-york-plutot-qua-los-angeles\/\" title=\"L&#039;avantage de tester des produits \u00e0 New York plut\u00f4t qu&#039;\u00e0 Los Angeles\"  data-wpil-monitor-id=\"1589\">product testing in New York<\/a> offers numerous advantages that can help businesses fine-tune their offerings, improve consumer satisfaction, and ensure long-term market success \u2013 and here are some key benefits:<\/span><\/p>\n\n\n\n<ul class=\"wp-block-list\">\n<li><b>Informations exploitables sur les consommateurs<\/b><b><br><\/b><span style=\"font-weight: 400;\">En effectuant des tests sur un march\u00e9 diversifi\u00e9 et ax\u00e9 sur les tendances, les entreprises acqui\u00e8rent des connaissances approfondies sur la fa\u00e7on dont les consommateurs per\u00e7oivent et interagissent avec leurs produits.&nbsp;<\/span><\/li>\n\n\n\n<li><b>Engagement accru des consommateurs<\/b><b><br><\/b><span style=\"font-weight: 400;\">Les New-Yorkais sont connus pour s&#039;engager activement dans des initiatives de test telles que des enqu\u00eates, des essais de produits et des s\u00e9ances de feedback.&nbsp;<\/span><\/li>\n\n\n\n<li><b>Identification pr\u00e9coce des probl\u00e8mes<\/b><b><br><\/b><span style=\"font-weight: 400;\">Les tests en conditions r\u00e9elles permettent d\u2019identifier les d\u00e9fauts ou les faiblesses d\u2019un produit avant son lancement \u00e0 plus grande \u00e9chelle.&nbsp;<\/span><\/li>\n\n\n\n<li><b>Confiance accrue dans les d\u00e9cisions de lancement<\/b><b><br><\/b><span style=\"font-weight: 400;\">Lorsqu\u2019un produit a \u00e9t\u00e9 test\u00e9 et affin\u00e9 en fonction des commentaires des consommateurs, les entreprises peuvent avancer avec une plus grande confiance dans leur strat\u00e9gie de lancement, sachant que le produit r\u00e9pond aux besoins et aux attentes des consommateurs.<\/span><\/li>\n\n\n\n<li><b>Strat\u00e9gies marketing rentables<\/b><b><br><\/b><span style=\"font-weight: 400;\">Comprendre les pr\u00e9f\u00e9rences des consommateurs gr\u00e2ce \u00e0 des tests permet aux entreprises d\u2019\u00e9laborer des campagnes marketing cibl\u00e9es qui s\u2019adressent directement \u00e0 leur public, ce qui se traduit par des efforts marketing plus efficaces et plus rentables.<\/span><\/li>\n\n\n\n<li><b>Avantage comp\u00e9titif<\/b><b><br><\/b><span style=\"font-weight: 400;\">Les tests de produits de consommation \u00e0 New York peuvent donner aux entreprises un avantage sur leurs concurrents. Les donn\u00e9es recueillies peuvent \u00eatre utilis\u00e9es pour diff\u00e9rencier leurs produits sur le march\u00e9, ce qui leur permet de se d\u00e9marquer aupr\u00e8s des consommateurs.<\/span><\/li>\n\n\n\n<li><b>Fid\u00e9lit\u00e9 et confiance envers la marque<\/b><b><br><\/b><span style=\"font-weight: 400;\">Montrer aux consommateurs que leurs commentaires sont appr\u00e9ci\u00e9s contribue \u00e0 renforcer la fid\u00e9lit\u00e9 et la confiance. Ce lien peut se traduire par des achats r\u00e9p\u00e9t\u00e9s et des recommandations de bouche \u00e0 oreille positives, inestimables pour le succ\u00e8s \u00e0 long terme de la marque.<\/span><\/li>\n<\/ul>\n\n\n\n<h3 class=\"wp-block-heading\"><strong>Emplacement de l&#039;\u00e9tablissement\u00a0: New York<\/strong><\/h3>\n\n\n\n<p>\n\n\n\n<iframe loading=\"lazy\" src=\"https:\/\/www.google.com\/maps\/embed?pb=!1m18!1m12!1m3!1d3022.976188376966!2d-73.99130312499956!3d40.740549471389315!2m3!1f0!2f0!3f0!3m2!1i1024!2i768!4f13.1!3m3!1m2!1s0x89c259a15798c731%3A0xd695d09bdd495f25!2s11%20E%2022nd%20St%20FL%202%2C%20New%20York%2C%20NY%2010010%2C%20USA!5e0!3m2!1sen!2spe!4v1726171763526!5m2!1sen!2spe\" width=\"600\" height=\"450\" allowfullscreen=\"allowfullscreen\" data-mce-fragment=\"1\"><\/iframe>\n\n\n\n<\/p>\n\n\n\n<h3 class=\"wp-block-heading\">11 E 22nd Street, \u00e9tage 2, New York, NY 10010 T\u00e9l. : +1(212) 505-6805<\/h3>\n\n\n\n<p>\n\n\n\n<\/p>\n\n\n\n<h4 class=\"wp-block-heading\"><strong>Points forts de l&#039;emplacement\u00a0:<\/strong><\/h4>\n\n\n\n<p>\n\n\n\n<\/p>\n\n\n\n<ul class=\"wp-block-list\">\n<li>\n<ul class=\"wp-block-list\">\n<li>Flatiron District \u00e0 Manhattan, \u00e0 quelques pas du b\u00e2timent historique Flatiron et \u00e0 proximit\u00e9 de Madison Square Park et d&#039;Union Square<\/li>\n<\/ul>\n<\/li>\n<\/ul>\n\n\n\n<p>\n\n\n\n<\/p>\n\n\n\n<ul class=\"wp-block-list\">\n<li>\n<ul class=\"wp-block-list\">\n<li>Id\u00e9alement situ\u00e9 au c\u0153ur de New York, une ville mondiale majeure et la plus grande ville des \u00c9tats-Unis<\/li>\n<\/ul>\n<\/li>\n<\/ul>\n\n\n\n<p>\n\n\n\n<\/p>\n\n\n\n<ul class=\"wp-block-list\">\n<li>\n<ul class=\"wp-block-list\">\n<li>Pratique pour de nombreuses options de transport<\/li>\n<\/ul>\n<\/li>\n<\/ul>\n\n\n\n<p>\n\n\n\n<\/p>\n\n\n\n<ul class=\"wp-block-list\">\n<li>\n<ul class=\"wp-block-list\">\n<li>Situ\u00e9 entre Broadway et Park Avenue sur la 22\u00e8me rue, \u00e0 c\u00f4t\u00e9 du \u00ab Key Bank \u00bb<\/li>\n<\/ul>\n<\/li>\n<\/ul>\n\n\n\n<p>\n\n\n\n<\/p>\n\n\n\n<ul class=\"wp-block-list\">\n<li>\n<ul class=\"wp-block-list\">\n<li>Train local R Broadway \u2013 Station 22\/23<\/li>\n<\/ul>\n<\/li>\n<\/ul>\n\n\n\n<p>\n\n\n\n<\/p>\n\n\n\n<ul class=\"wp-block-list\">\n<li>\n<ul class=\"wp-block-list\">\n<li>Train local 6 Eastside - 23e et station Park Ave<\/li>\n<\/ul>\n<\/li>\n<\/ul>\n\n\n\n<p>\n\n\n\n<\/p>\n\n\n\n<ul class=\"wp-block-list\">\n<li>Train local 1 Westside \u2013 Station 23e et 6e Avenue<\/li>\n<\/ul>\n\n\n\n<h2 class=\"wp-block-heading\"><b>Qu&#039;est-ce qui fait de SIS International une entreprise de test de produits de consommation de premier plan\u00a0?<\/b><\/h2>\n\n\n\n<p><span style=\"font-weight: 400;\">\u00c0 <a href=\"https:\/\/www.linkedin.com\/company\/sisinternationalresearch\/\" target=\"_blank\" rel=\"noopener\">SIS International<\/a>, nous fournissons des services complets de tests de produits de consommation qui permettent aux entreprises de prendre des d\u00e9cisions \u00e9clair\u00e9es et d&#039;am\u00e9liorer leurs produits. Notre \u00e9quipe d&#039;experts s&#039;appuie sur des d\u00e9cennies d&#039;exp\u00e9rience et une approche strat\u00e9gique pour aider les marques \u00e0 r\u00e9ussir sur le march\u00e9. Voici pourquoi SIS est le meilleur partenaire pour vos besoins de tests de produits de consommation \u00e0 New York :<\/span><\/p>\n\n\n\n<h3 class=\"wp-block-heading\"><span style=\"font-weight: 400;\">40 ans d&#039;exp\u00e9rience<\/span><\/h3>\n\n\n\n<p><span style=\"font-weight: 400;\">Avec plus de quatre d\u00e9cennies d&#039;exp\u00e9rience dans le secteur, SIS International apporte une expertise in\u00e9gal\u00e9e. Nous comprenons les complexit\u00e9s du comportement des consommateurs et de la dynamique du march\u00e9, ce qui garantit que nos m\u00e9thodes de test fournissent des informations fiables et exploitables.<\/span><\/p>\n\n\n\n<h3 class=\"wp-block-heading\"><span style=\"font-weight: 400;\">Acc\u00e8s \u00e0 des panels de consommateurs diversifi\u00e9s<\/span><\/h3>\n\n\n\n<p><span style=\"font-weight: 400;\"><a href=\"https:\/\/twitter.com\/SISIntlResearch\" target=\"_blank\" rel=\"noopener\">SIS<\/a> a acc\u00e8s \u00e0 un large \u00e9ventail de panels de consommateurs \u00e0 New York, ce qui vous permet d&#039;interagir avec votre groupe d\u00e9mographique cible exact. Notre large bassin de participants permet de garantir que vos tests sont repr\u00e9sentatifs et fournissent des r\u00e9sultats significatifs.<\/span><\/p>\n\n\n\n<h3 class=\"wp-block-heading\"><span style=\"font-weight: 400;\">Installations d&#039;essai de pointe<\/span><\/h3>\n\n\n\n<p><span style=\"font-weight: 400;\">Nous utilisons des installations de pointe et des technologies de test avanc\u00e9es pour fournir des informations pr\u00e9cises et compl\u00e8tes. Nos laboratoires sont \u00e9quip\u00e9s pour g\u00e9rer diverses m\u00e9thodologies de test, des \u00e9valuations sensorielles aux groupes de discussion et aux entretiens approfondis.<\/span><\/p>\n\n\n\n<h3 class=\"wp-block-heading\"><span style=\"font-weight: 400;\">Environnements de test du monde r\u00e9el<\/span><\/h3>\n\n\n\n<p><span style=\"font-weight: 400;\">\u00c0 <a href=\"https:\/\/medium.com\/@sisinternational\/sis-international-c17160da8fac\" target=\"_blank\" rel=\"noopener\">SIS<\/a>Nous comprenons que les facteurs du monde r\u00e9el influencent souvent le comportement des consommateurs. Pour fournir des informations plus authentiques et pratiques, nos m\u00e9thodes de test incluent des sc\u00e9narios r\u00e9els, tels que des essais de produits \u00e0 domicile, des tests en magasin et des enqu\u00eates dans la rue.<\/span><\/p>\n\n\n\n<h3 class=\"wp-block-heading\"><span style=\"font-weight: 400;\">Informations bas\u00e9es sur les donn\u00e9es<\/span><\/h3>\n\n\n\n<p><span style=\"font-weight: 400;\">Notre \u00e9quipe utilise des outils d&#039;analyse avanc\u00e9s pour transformer les donn\u00e9es brutes en informations exploitables. Gr\u00e2ce \u00e0 notre analyse compl\u00e8te, vous comprendrez mieux le comportement des consommateurs et prendrez des d\u00e9cisions plus \u00e9clair\u00e9es pour le succ\u00e8s de votre produit.<\/span><\/p>\n\n\n\n<h3 class=\"wp-block-heading\"><span style=\"font-weight: 400;\">Une port\u00e9e mondiale avec une expertise locale<\/span><\/h3>\n\n\n\n<p><span style=\"font-weight: 400;\">SIS International allie une expertise mondiale \u00e0 une connaissance approfondie du march\u00e9 new-yorkais. Nous proposons des services de test qui offrent une pertinence locale et des perspectives plus larges applicables aux march\u00e9s internationaux.<\/span><\/p>\n\n\n\n<h3 class=\"wp-block-heading\"><span style=\"font-weight: 400;\">Engagement envers les normes \u00e9thiques<\/span><\/h3>\n\n\n\n<p><span style=\"font-weight: 400;\">Nous accordons la priorit\u00e9 \u00e0 la transparence, \u00e0 la confidentialit\u00e9 et aux pratiques \u00e9thiques dans tous nos processus de test. Nos participants nous font confiance car nous respectons leur vie priv\u00e9e et veillons \u00e0 ce que leurs commentaires soient utilis\u00e9s de mani\u00e8re responsable.<\/span><\/p>\n\n\n\n<h3 class=\"wp-block-heading\"><span style=\"font-weight: 400;\">Des ant\u00e9c\u00e9dents de r\u00e9ussite prouv\u00e9s<\/span><\/h3>\n\n\n\n<p><span style=\"font-weight: 400;\">Over the years, we have helped numerous brands launch successful products in New York and beyond. Our consistent success and client satisfaction speaks to the effectiveness of our consumer <a class=\"wpil_keyword_link\" href=\"https:\/\/www.sisinternational.com\/fr\/solutions\/test-de-gout\/product-testing-services\/\" title=\"Product Testing Services\" data-wpil-keyword-link=\"linked\" data-wpil-monitor-id=\"174\">product testing services<\/a>.<\/span><\/p>\n\n\n\n<h2 class=\"wp-block-heading\"><strong>\u00c0 propos de SIS International<\/strong><\/h2>\n\n\n\n<p><a href=\"https:\/\/www.sisinternational.com\/fr\/\"><span style=\"font-weight: 400;\">SIS International<\/span><\/a><span style=\"font-weight: 400;\"> propose des recherches quantitatives, qualitatives et strat\u00e9giques. Nous fournissons des donn\u00e9es, des outils, des strat\u00e9gies, des rapports et des informations pour la prise de d\u00e9cision. Nous menons \u00e9galement des entretiens, des enqu\u00eates, des groupes de discussion et d\u2019autres m\u00e9thodes et approches d\u2019\u00e9tudes de march\u00e9.<\/span><a href=\"https:\/\/www.sisinternational.com\/fr\/a-propos-de-la-recherche-internationale-sis\/contact-sis-international-market-research\/\"><span style=\"font-weight: 400;\"> Contactez nous<\/span><\/a><span style=\"font-weight: 400;\"> pour votre prochain projet d&#039;\u00e9tude de march\u00e9.<\/span><\/p>\n\n\n\n<hr class=\"wp-block-separator has-alpha-channel-opacity\"\/>\n\n\n\n<p>\n\n\n<\/p>\n<p><!-- \/wp:post-content --><\/p>\n<p><!-- wp:paragraph --><\/p>\n<p><!-- wp:paragraph --><\/p>\n<p><!-- \/wp:paragraph --><\/p>\n<p><!-- wp:paragraph --><\/p>\n<p><!-- \/wp:paragraph --><\/p>\n<p><!-- \/wp:paragraph --><\/p>","protected":false},"excerpt":{"rendered":"<p>Consumer Product Testing in New York Consumer product testing in New York gives companies direct access to diverse opinions and actionable insights, setting the stage for impactful product launches and long-term market success. How do you ensure your product captures the hearts of your target audience? Conducting consumer product testing in New York is the &#8230; <a title=\"Tests de produits de consommation \u00e0 New York\" class=\"read-more\" href=\"https:\/\/www.sisinternational.com\/fr\/competence\/etude-de-marche-sur-les-tests-de-produits\/test-de-produits-de-consommation-a-new-york\/\" aria-label=\"En savoir plus sur Consumer Product Testing in New York\">Lire plus<\/a><\/p>","protected":false},"author":1,"featured_media":64707,"parent":12926,"menu_order":3,"comment_status":"closed","ping_status":"closed","template":"","meta":{"footnotes":""},"class_list":["post-54189","page","type-page","status-publish","has-post-thumbnail"],"_links":{"self":[{"href":"https:\/\/www.sisinternational.com\/fr\/wp-json\/wp\/v2\/pages\/54189","targetHints":{"allow":["GET"]}}],"collection":[{"href":"https:\/\/www.sisinternational.com\/fr\/wp-json\/wp\/v2\/pages"}],"about":[{"href":"https:\/\/www.sisinternational.com\/fr\/wp-json\/wp\/v2\/types\/page"}],"author":[{"embeddable":true,"href":"https:\/\/www.sisinternational.com\/fr\/wp-json\/wp\/v2\/users\/1"}],"replies":[{"embeddable":true,"href":"https:\/\/www.sisinternational.com\/fr\/wp-json\/wp\/v2\/comments?post=54189"}],"version-history":[{"count":13,"href":"https:\/\/www.sisinternational.com\/fr\/wp-json\/wp\/v2\/pages\/54189\/revisions"}],"predecessor-version":[{"id":78703,"href":"https:\/\/www.sisinternational.com\/fr\/wp-json\/wp\/v2\/pages\/54189\/revisions\/78703"}],"up":[{"embeddable":true,"href":"https:\/\/www.sisinternational.com\/fr\/wp-json\/wp\/v2\/pages\/12926"}],"wp:featuredmedia":[{"embeddable":true,"href":"https:\/\/www.sisinternational.com\/fr\/wp-json\/wp\/v2\/media\/64707"}],"wp:attachment":[{"href":"https:\/\/www.sisinternational.com\/fr\/wp-json\/wp\/v2\/media?parent=54189"}],"curies":[{"name":"wp","href":"https:\/\/api.w.org\/{rel}","templated":true}]}}