{"id":54183,"date":"2024-11-27T02:26:53","date_gmt":"2024-11-27T07:26:53","guid":{"rendered":"https:\/\/www.sisinternational.com\/?page_id=54183"},"modified":"2026-03-11T11:44:45","modified_gmt":"2026-03-11T15:44:45","slug":"recherche-de-nouveaux-produits-a-new-york","status":"publish","type":"page","link":"https:\/\/www.sisinternational.com\/fr\/competence\/etude-de-marche-sur-les-tests-de-produits\/recherche-de-nouveaux-produits-a-new-york\/","title":{"rendered":"Recherche de nouveaux produits \u00e0 New York"},"content":{"rendered":"<h1 class=\"gb-headline gb-headline-99e6bcf2 gb-headline-text\">Recherche de nouveaux produits \u00e0 New York<\/h1>\n\n\n\n<figure class=\"gb-block-image gb-block-image-c831a46b\"><img loading=\"lazy\" decoding=\"async\" width=\"1456\" height=\"816\" class=\"gb-image gb-image-c831a46b\" src=\"https:\/\/www.sisinternational.com\/wp-content\/uploads\/2025\/09\/Beauty-product-2.jpg\" alt=\"\u00c9tudes de march\u00e9 et strat\u00e9gie internationales SIS\" title=\"Beauty product (2)\" srcset=\"https:\/\/www.sisinternational.com\/wp-content\/uploads\/2025\/09\/Beauty-product-2.jpg 1456w, https:\/\/www.sisinternational.com\/wp-content\/uploads\/2025\/09\/Beauty-product-2-300x168.jpg 300w, https:\/\/www.sisinternational.com\/wp-content\/uploads\/2025\/09\/Beauty-product-2-1024x574.jpg 1024w, https:\/\/www.sisinternational.com\/wp-content\/uploads\/2025\/09\/Beauty-product-2-768x430.jpg 768w, https:\/\/www.sisinternational.com\/wp-content\/uploads\/2025\/09\/Beauty-product-2-18x10.jpg 18w\" sizes=\"auto, (max-width: 1456px) 100vw, 1456px\"><\/figure>\n\n\n\n<hr class=\"wp-block-separator has-alpha-channel-opacity is-style-dots\"\/>\n\n\n\n<h3 class=\"wp-block-heading\"><span style=\"font-weight: 400;\">La recherche de nouveaux produits \u00e0 New York combine la base de consommateurs dynamique de la ville avec des m\u00e9thodologies de pointe pour aider les entreprises \u00e0 valider les concepts, \u00e0 optimiser les offres et \u00e0 minimiser les risques.<\/span><\/h3>\n\n\n\n<p><span style=\"font-weight: 400;\">Qu&#039;est-ce qui fait qu&#039;un produit rencontre un succ\u00e8s ? La r\u00e9ponse r\u00e9side dans la compr\u00e9hension de votre public et du march\u00e9. C&#039;est l\u00e0 qu&#039;intervient la recherche de nouveaux produits \u00e0 New York. Avec son m\u00e9lange dynamique de cultures et sa base de consommateurs pr\u00e9curseurs, New York offre l&#039;environnement id\u00e9al pour recueillir des informations exploitables.&nbsp;<\/span><\/p>\n\n\n\n<h2 class=\"wp-block-heading\"><strong>Pourquoi la recherche sur les nouveaux produits est essentielle<\/strong><\/h2>\n\n\n\n<p><span style=\"font-weight: 400;\">Dans un march\u00e9 en \u00e9volution rapide o\u00f9 l&#039;innovation est essentielle, les entreprises doivent s&#039;assurer que les donn\u00e9es et les informations \u00e9tayent leurs id\u00e9es. La recherche sur les nouveaux produits \u00e0 New York aide les entreprises \u00e0 cr\u00e9er des produits qui trouvent un \u00e9cho aupr\u00e8s de leur public cible et \u00e0 se d\u00e9marquer de leurs concurrents. Elle permet principalement aux entreprises de :<\/span><\/p>\n\n\n\n<figure class=\"gb-block-image gb-block-image-37cfcccb\"><img loading=\"lazy\" decoding=\"async\" width=\"1024\" height=\"762\" class=\"gb-image gb-image-37cfcccb\" src=\"https:\/\/www.sisinternational.com\/wp-content\/uploads\/2024\/11\/New-Product-Research-1024x762.png\" srcset=\"https:\/\/www.sisinternational.com\/wp-content\/uploads\/2024\/11\/New-Product-Research-1024x762.png 1024w, https:\/\/www.sisinternational.com\/wp-content\/uploads\/2024\/11\/New-Product-Research-300x223.png 300w, https:\/\/www.sisinternational.com\/wp-content\/uploads\/2024\/11\/New-Product-Research-768x571.png 768w, https:\/\/www.sisinternational.com\/wp-content\/uploads\/2024\/11\/New-Product-Research-1536x1143.png 1536w, https:\/\/www.sisinternational.com\/wp-content\/uploads\/2024\/11\/New-Product-Research-16x12.png 16w, https:\/\/www.sisinternational.com\/wp-content\/uploads\/2024\/11\/New-Product-Research.png 1894w\" sizes=\"auto, (max-width: 1024px) 100vw, 1024px\" alt=\"\u00c9tudes de march\u00e9 et strat\u00e9gie internationales SIS\"><\/figure>\n\n\n\n<p><\/p>\n\n\n\n<h3 class=\"wp-block-heading\">&nbsp;<\/h3>\n\n\n\n<h3 class=\"wp-block-heading\"><span style=\"font-weight: 400;\">Minimiser les risques<\/span><\/h3>\n\n\n\n<p><span style=\"font-weight: 400;\">New product <a href=\"https:\/\/www.sisinternational.com\/fr\/solutions\/conseil-en-strategie\/recherche-de-preuve-de-concept\/\" title=\"Recherche de preuve de concept\"  data-wpil-monitor-id=\"6824\">research reduces uncertainty by validating concepts<\/a>, ensuring that businesses invest in ideas with real market potential.<\/span><\/p>\n\n\n\n<h3 class=\"wp-block-heading\"><span style=\"font-weight: 400;\">Comprendre les besoins des consommateurs<\/span><\/h3>\n\n\n\n<p><span style=\"font-weight: 400;\">Les entreprises peuvent concevoir des produits qui offrent de r\u00e9elles solutions et de la valeur en comprenant leurs points faibles.<\/span><\/p>\n\n\n\n<h3 class=\"wp-block-heading\"><span style=\"font-weight: 400;\">Optimisation des fonctionnalit\u00e9s du produit<\/span><\/h3>\n\n\n\n<p><span style=\"font-weight: 400;\">Les entreprises peuvent affiner les attributs des produits tels que la fonctionnalit\u00e9, la conception et le prix gr\u00e2ce \u00e0 des tests et des analyses.&nbsp;<\/span><\/p>\n\n\n\n<h3 class=\"wp-block-heading\"><span style=\"font-weight: 400;\">Avantage comp\u00e9titif<\/span><\/h3>\n\n\n\n<p><span style=\"font-weight: 400;\">Les recherches fournissent des informations sur les produits concurrents, les lacunes du march\u00e9 et les tendances \u00e9mergentes. Ces informations permettent aux entreprises de diff\u00e9rencier leurs offres et de se positionner de mani\u00e8re strat\u00e9gique.<\/span><\/p>\n\n\n\n<h3 class=\"wp-block-heading\"><span style=\"font-weight: 400;\">Pr\u00e9paration au march\u00e9<\/span><\/h3>\n\n\n\n<p><span style=\"font-weight: 400;\">New <a href=\"https:\/\/www.sisinternational.com\/fr\/couverture\/les-ameriques\/couverture-des-etats-unis\/etude-de-marche-dans-liowa\/\" title=\"\u00c9tude de march\u00e9 dans l\u2019Iowa\"  data-wpil-monitor-id=\"5574\">produit<\/a> research ensures products are fully aligned with market demands before launch.&nbsp;<\/span><\/p>\n\n\n\n<h2 class=\"wp-block-heading\"><strong>Composants cl\u00e9s d&#039;une recherche efficace sur de nouveaux produits<\/strong><\/h2>\n\n\n\n<figure class=\"gb-block-image gb-block-image-db5cc1fb\"><img loading=\"lazy\" decoding=\"async\" width=\"1456\" height=\"816\" class=\"gb-image gb-image-db5cc1fb\" src=\"https:\/\/www.sisinternational.com\/wp-content\/uploads\/2025\/08\/Food-taste-testing-7.jpg\" alt=\"\u00c9tudes de march\u00e9 et strat\u00e9gie internationales SIS\" title=\"Food taste testing (7)\" srcset=\"https:\/\/www.sisinternational.com\/wp-content\/uploads\/2025\/08\/Food-taste-testing-7.jpg 1456w, https:\/\/www.sisinternational.com\/wp-content\/uploads\/2025\/08\/Food-taste-testing-7-300x168.jpg 300w, https:\/\/www.sisinternational.com\/wp-content\/uploads\/2025\/08\/Food-taste-testing-7-1024x574.jpg 1024w, https:\/\/www.sisinternational.com\/wp-content\/uploads\/2025\/08\/Food-taste-testing-7-768x430.jpg 768w, https:\/\/www.sisinternational.com\/wp-content\/uploads\/2025\/08\/Food-taste-testing-7-18x10.jpg 18w\" sizes=\"auto, (max-width: 1456px) 100vw, 1456px\"><\/figure>\n\n\n\n<p><\/p>\n\n\n\n<p><span style=\"font-weight: 400;\">La recherche de nouveaux produits \u00e0 New York n\u00e9cessite une approche structur\u00e9e pour recueillir des informations utiles. Ces \u00e9l\u00e9ments permettent d&#039;\u00e9valuer de mani\u00e8re exhaustive le potentiel du produit et son ad\u00e9quation au march\u00e9.<\/span><\/p>\n\n\n\n<ol class=\"wp-block-list\">\n<li><b> Analyse de march\u00e9<\/b><\/li>\n<\/ol>\n\n\n\n<p><span style=\"font-weight: 400;\">Cette \u00e9tape consiste \u00e0 \u00e9valuer les tendances du secteur, les comportements des consommateurs et les paysages concurrentiels pour identifier les opportunit\u00e9s et les menaces li\u00e9es \u00e0 leur produit.<\/span><\/p>\n\n\n\n<ol start=\"2\" class=\"wp-block-list\">\n<li><b> La connaissance des consommateurs<\/b><\/li>\n<\/ol>\n\n\n\n<p><span style=\"font-weight: 400;\">Il est essentiel de recueillir les commentaires directement aupr\u00e8s des publics cibles. Des m\u00e9thodes telles que les enqu\u00eates, les entretiens et les groupes de discussion permettent de d\u00e9couvrir les besoins, les pr\u00e9f\u00e9rences et les difficult\u00e9s des consommateurs.<\/span><\/p>\n\n\n\n<ol start=\"3\" class=\"wp-block-list\">\n<li><b> Tests de concepts<\/b><\/li>\n<\/ol>\n\n\n\n<p><span style=\"font-weight: 400;\">Avant de commencer le d\u00e9veloppement, les entreprises peuvent tester des concepts de produits pour d\u00e9terminer leur attrait et affiner leurs id\u00e9es. Elles se concentreront ensuite sur les fonctionnalit\u00e9s qui int\u00e9ressent le plus les consommateurs.<\/span><\/p>\n\n\n\n<ol start=\"4\" class=\"wp-block-list\">\n<li><b> Prototypage et test de produits<\/b><\/li>\n<\/ol>\n\n\n\n<p><span style=\"font-weight: 400;\">La cr\u00e9ation de prototypes permet aux entreprises d\u2019\u00e9valuer la fonctionnalit\u00e9, la conception et la convivialit\u00e9 des produits, ce qui garantit qu\u2019ils r\u00e9pondent aux attentes des consommateurs et offrent de la valeur.<\/span><\/p>\n\n\n\n<ol start=\"5\" class=\"wp-block-list\">\n<li><b> Analyse de la strat\u00e9gie de tarification<\/b><\/li>\n<\/ol>\n\n\n\n<p><span style=\"font-weight: 400;\">La recherche aide les entreprises \u00e0 d\u00e9terminer les prix optimaux en analysant la volont\u00e9 de payer des consommateurs et les structures de prix concurrentielles.<\/span><\/p>\n\n\n\n<ol start=\"6\" class=\"wp-block-list\">\n<li><b> Commentaires sur l&#039;emballage et la marque<\/b><\/li>\n<\/ol>\n\n\n\n<p><span style=\"font-weight: 400;\">Research in this area ensures the <a href=\"https:\/\/www.sisinternational.com\/fr\/couverture\/les-ameriques\/couverture-des-etats-unis\/etude-de-marche-au-kansas\/\" title=\"\u00c9tude de march\u00e9 au Kansas\"  data-wpil-monitor-id=\"5591\">product\u2019s<\/a> visual identity aligns with consumer preferences and enhances market appeal.<\/span><\/p>\n\n\n\n<ol start=\"7\" class=\"wp-block-list\">\n<li><b> Analyse comparative concurrentielle<\/b><\/li>\n<\/ol>\n\n\n\n<p><span style=\"font-weight: 400;\">La comparaison du nouveau produit avec les concurrents existants met en \u00e9vidence les arguments de vente uniques et les domaines \u00e0 am\u00e9liorer, garantissant ainsi une diff\u00e9renciation sur le march\u00e9.<\/span><\/p>\n\n\n\n<ol start=\"8\" class=\"wp-block-list\">\n<li><b> Tests et perfectionnements it\u00e9ratifs<\/b><\/li>\n<\/ol>\n\n\n\n<p><span style=\"font-weight: 400;\">Les entreprises peuvent tester et affiner le produit \u00e0 plusieurs reprises en fonction des commentaires, garantissant ainsi qu\u2019il est pr\u00eat pour le march\u00e9 avant son lancement.<\/span><\/p>\n\n\n\n<h3 class=\"wp-block-heading\"><strong>Emplacement de l&#039;\u00e9tablissement\u00a0: New York<\/strong><\/h3>\n\n\n\n<p>\n\n\n\n<iframe loading=\"lazy\" src=\"https:\/\/www.google.com\/maps\/embed?pb=!1m18!1m12!1m3!1d3022.976188376966!2d-73.99130312499956!3d40.740549471389315!2m3!1f0!2f0!3f0!3m2!1i1024!2i768!4f13.1!3m3!1m2!1s0x89c259a15798c731%3A0xd695d09bdd495f25!2s11%20E%2022nd%20St%20FL%202%2C%20New%20York%2C%20NY%2010010%2C%20USA!5e0!3m2!1sen!2spe!4v1726171763526!5m2!1sen!2spe\" width=\"600\" height=\"450\" allowfullscreen=\"allowfullscreen\" data-mce-fragment=\"1\"><\/iframe>\n\n\n\n<\/p>\n\n\n\n<h3 class=\"wp-block-heading\">11 E 22nd Street, \u00e9tage 2, New York, NY 10010 T\u00e9l. : +1(212) 505-6805<\/h3>\n\n\n\n<p>\n\n\n\n<\/p>\n\n\n\n<h4 class=\"wp-block-heading\"><strong>Points forts de l&#039;emplacement\u00a0:<\/strong><\/h4>\n\n\n\n<p>\n\n\n\n<\/p>\n\n\n\n<ul class=\"wp-block-list\">\n<li>\n<ul class=\"wp-block-list\">\n<li>Flatiron District \u00e0 Manhattan, \u00e0 quelques pas du b\u00e2timent historique Flatiron et \u00e0 proximit\u00e9 de Madison Square Park et d&#039;Union Square<\/li>\n<\/ul>\n<\/li>\n<\/ul>\n\n\n\n<p>\n\n\n\n<\/p>\n\n\n\n<ul class=\"wp-block-list\">\n<li>\n<ul class=\"wp-block-list\">\n<li>Id\u00e9alement situ\u00e9 au c\u0153ur de New York, une ville mondiale majeure et la plus grande ville des \u00c9tats-Unis<\/li>\n<\/ul>\n<\/li>\n<\/ul>\n\n\n\n<p>\n\n\n\n<\/p>\n\n\n\n<ul class=\"wp-block-list\">\n<li>\n<ul class=\"wp-block-list\">\n<li>Pratique pour de nombreuses options de transport<\/li>\n<\/ul>\n<\/li>\n<\/ul>\n\n\n\n<p>\n\n\n\n<\/p>\n\n\n\n<ul class=\"wp-block-list\">\n<li>\n<ul class=\"wp-block-list\">\n<li>Situ\u00e9 entre Broadway et Park Avenue sur la 22\u00e8me rue, \u00e0 c\u00f4t\u00e9 du \u00ab Key Bank \u00bb<\/li>\n<\/ul>\n<\/li>\n<\/ul>\n\n\n\n<p>\n\n\n\n<\/p>\n\n\n\n<ul class=\"wp-block-list\">\n<li>\n<ul class=\"wp-block-list\">\n<li>Train local R Broadway \u2013 Station 22\/23<\/li>\n<\/ul>\n<\/li>\n<\/ul>\n\n\n\n<p>\n\n\n\n<\/p>\n\n\n\n<ul class=\"wp-block-list\">\n<li>\n<ul class=\"wp-block-list\">\n<li>Train local 6 Eastside - 23e et station Park Ave<\/li>\n<\/ul>\n<\/li>\n<\/ul>\n\n\n\n<p>\n\n\n\n<\/p>\n\n\n\n<ul class=\"wp-block-list\">\n<li>Train local 1 Westside \u2013 Station 23e et 6e Avenue<\/li>\n<\/ul>\n\n\n\n<h2 class=\"wp-block-heading\"><strong>Qu&#039;est-ce qui fait de SIS International un fournisseur de premier plan en mati\u00e8re de recherche de nouveaux produits\u00a0?<\/strong><\/h2>\n\n\n\n<p><span style=\"font-weight: 400;\">Notre \u00e9quipe fournit les informations n\u00e9cessaires pour aider les entreprises \u00e0 d\u00e9velopper des produits qui trouvent un \u00e9cho aupr\u00e8s de leur public cible et \u00e0 r\u00e9ussir sur des march\u00e9s concurrentiels. Voici pourquoi <a href=\"https:\/\/www.linkedin.com\/company\/sisinternationalresearch\/\" target=\"_blank\" rel=\"noopener\">SIS International<\/a> est le choix incontournable pour la recherche de nouveaux produits :<\/span><\/p>\n\n\n\n<h3 class=\"wp-block-heading\"><span style=\"font-weight: 400;\">Des d\u00e9cennies d&#039;exp\u00e9rience \u00e9prouv\u00e9e<\/span><\/h3>\n\n\n\n<p><span style=\"font-weight: 400;\">Avec plus de 40 ans d\u2019expertise en \u00e9tudes de march\u00e9, SIS International poss\u00e8de une solide exp\u00e9rience dans la fourniture d\u2019informations exploitables aux entreprises de tous les secteurs.<\/span><\/p>\n\n\n\n<h3 class=\"wp-block-heading\"><span style=\"font-weight: 400;\">Solutions de recherche sur mesure<\/span><\/h3>\n\n\n\n<p><span style=\"font-weight: 400;\">Notre \u00e9quipe travaille en \u00e9troite collaboration avec les clients pour concevoir des strat\u00e9gies de recherche personnalis\u00e9es qui correspondent \u00e0 leurs objectifs et d\u00e9fis uniques.<\/span><\/p>\n\n\n\n<h3 class=\"wp-block-heading\"><span style=\"font-weight: 400;\">Recrutement de participants diversifi\u00e9s<\/span><\/h3>\n\n\n\n<p><span style=\"font-weight: 400;\">S&#039;appuyant sur la population multiculturelle de New York, SIS garantit l&#039;acc\u00e8s \u00e0 un bassin repr\u00e9sentatif de participants, fournissant des informations qui refl\u00e8tent les march\u00e9s du monde r\u00e9el.<\/span><\/p>\n\n\n\n<h3 class=\"wp-block-heading\"><span style=\"font-weight: 400;\">Installations de pointe<\/span><\/h3>\n\n\n\n<p><span style=\"font-weight: 400;\"><a href=\"https:\/\/twitter.com\/SISIntlResearch\" target=\"_blank\" rel=\"noopener\">SIS<\/a> propose des installations de recherche de pointe pour les groupes de discussion, les tests de produits et les \u00e9valuations sensorielles, garantissant des conditions optimales pour une recherche percutante.<\/span><\/p>\n\n\n\n<h3 class=\"wp-block-heading\"><span style=\"font-weight: 400;\">\u00c9quipe d&#039;experts sp\u00e9cialis\u00e9s<\/span><\/h3>\n\n\n\n<p><span style=\"font-weight: 400;\">Nos chercheurs, mod\u00e9rateurs et analystes exp\u00e9riment\u00e9s apportent une connaissance du secteur et des comp\u00e9tences avanc\u00e9es \u00e0 chaque projet.<\/span><\/p>\n\n\n\n<h3 class=\"wp-block-heading\"><span style=\"font-weight: 400;\">Informations compl\u00e8tes sur le march\u00e9<\/span><\/h3>\n\n\n\n<p><span style=\"font-weight: 400;\"><a href=\"https:\/\/medium.com\/@sisinternational\/sis-international-c17160da8fac\" target=\"_blank\" rel=\"noopener\">SIS<\/a> va au-del\u00e0 des donn\u00e9es brutes, fournissant des analyses et des recommandations d\u00e9taill\u00e9es qui permettent aux clients de prendre des d\u00e9cisions en toute confiance.<\/span><\/p>\n\n\n\n<h3 class=\"wp-block-heading\"><span style=\"font-weight: 400;\">\u00c9volutivit\u00e9 pour toutes les entreprises<\/span><\/h3>\n\n\n\n<p><span style=\"font-weight: 400;\">Qu&#039;il s&#039;agisse de travailler avec des startups ou des multinationales, SIS fournit des solutions de recherche \u00e9volutives pour r\u00e9pondre \u00e0 des besoins et des budgets divers.<\/span><\/p>\n\n\n\n<h3 class=\"wp-block-heading\"><span style=\"font-weight: 400;\">Emplacement strat\u00e9gique \u00e0 New York<\/span><\/h3>\n\n\n\n<p><span style=\"font-weight: 400;\">Situ\u00e9 dans l\u2019une des villes les plus dynamiques du monde, SIS offre un acc\u00e8s in\u00e9gal\u00e9 \u00e0 des march\u00e9s diversifi\u00e9s et \u00e0 des comportements de consommation innovants.<\/span><\/p>\n\n\n\n<h3 class=\"wp-block-heading\"><span style=\"font-weight: 400;\">Engagement envers la qualit\u00e9 et la pr\u00e9cision<\/span><\/h3>\n\n\n\n<p><span style=\"font-weight: 400;\">Chez SIS, nous accordons la priorit\u00e9 \u00e0 la pr\u00e9cision et \u00e0 la fiabilit\u00e9 dans chaque projet de recherche, garantissant ainsi aux clients des informations fiables.<\/span><\/p>\n\n\n\n<h3 class=\"wp-block-heading\"><span style=\"font-weight: 400;\">Succ\u00e8s prouv\u00e9 aupr\u00e8s des plus grandes marques<\/span><\/h3>\n\n\n\n<p><span style=\"font-weight: 400;\">SIS International is a trusted partner to leading global brands, delivering <a href=\"https:\/\/www.sisinternational.com\/fr\/couverture\/les-ameriques\/couverture-des-etats-unis\/etude-de-marche-a-hawai\/\" title=\"\u00c9tude de march\u00e9 \u00e0 Hawa\u00ef\" data-wpil-monitor-id=\"5608\">research that drives product innovation and market<\/a> success.<\/span><\/p>\n\n\n\n<h2 class=\"wp-block-heading\"><strong>\u00c0 propos de SIS International<\/strong><\/h2>\n\n\n\n<p><a href=\"https:\/\/www.sisinternational.com\/fr\/\"><span style=\"font-weight: 400;\">SIS International<\/span><\/a><span style=\"font-weight: 400;\"> propose des recherches quantitatives, qualitatives et strat\u00e9giques. Nous fournissons des donn\u00e9es, des outils, des strat\u00e9gies, des rapports et des informations pour la prise de d\u00e9cision. Nous menons \u00e9galement des entretiens, des enqu\u00eates, des groupes de discussion et d\u2019autres m\u00e9thodes et approches d\u2019\u00e9tudes de march\u00e9.<\/span><a href=\"https:\/\/www.sisinternational.com\/fr\/a-propos-de-la-recherche-internationale-sis\/contact-sis-international-market-research\/\"><span style=\"font-weight: 400;\"> Contactez nous<\/span><\/a><span style=\"font-weight: 400;\"> pour votre prochain projet d&#039;\u00e9tude de march\u00e9.<\/span><\/p>\n\n\n\n<hr class=\"wp-block-separator has-alpha-channel-opacity\"\/>\n\n\n\n<p>\n\n\n<\/p>\n<p><!-- \/wp:post-content --><\/p>","protected":false},"excerpt":{"rendered":"<p>New Product Research in New York New product research in New York combines the city\u2019s dynamic consumer base with cutting-edge methodologies to help businesses validate concepts, optimize offerings, and minimize risks. What makes a product a hit? The answer lies in understanding your audience and the market. That\u2019s where new product research in New York &#8230; <a title=\"Recherche de nouveaux produits \u00e0 New York\" class=\"read-more\" href=\"https:\/\/www.sisinternational.com\/fr\/competence\/etude-de-marche-sur-les-tests-de-produits\/recherche-de-nouveaux-produits-a-new-york\/\" aria-label=\"En savoir plus sur New Product Research in New York\">Lire plus<\/a><\/p>","protected":false},"author":1,"featured_media":68805,"parent":12926,"menu_order":28,"comment_status":"closed","ping_status":"closed","template":"","meta":{"footnotes":""},"class_list":["post-54183","page","type-page","status-publish","has-post-thumbnail"],"_links":{"self":[{"href":"https:\/\/www.sisinternational.com\/fr\/wp-json\/wp\/v2\/pages\/54183","targetHints":{"allow":["GET"]}}],"collection":[{"href":"https:\/\/www.sisinternational.com\/fr\/wp-json\/wp\/v2\/pages"}],"about":[{"href":"https:\/\/www.sisinternational.com\/fr\/wp-json\/wp\/v2\/types\/page"}],"author":[{"embeddable":true,"href":"https:\/\/www.sisinternational.com\/fr\/wp-json\/wp\/v2\/users\/1"}],"replies":[{"embeddable":true,"href":"https:\/\/www.sisinternational.com\/fr\/wp-json\/wp\/v2\/comments?post=54183"}],"version-history":[{"count":14,"href":"https:\/\/www.sisinternational.com\/fr\/wp-json\/wp\/v2\/pages\/54183\/revisions"}],"predecessor-version":[{"id":80400,"href":"https:\/\/www.sisinternational.com\/fr\/wp-json\/wp\/v2\/pages\/54183\/revisions\/80400"}],"up":[{"embeddable":true,"href":"https:\/\/www.sisinternational.com\/fr\/wp-json\/wp\/v2\/pages\/12926"}],"wp:featuredmedia":[{"embeddable":true,"href":"https:\/\/www.sisinternational.com\/fr\/wp-json\/wp\/v2\/media\/68805"}],"wp:attachment":[{"href":"https:\/\/www.sisinternational.com\/fr\/wp-json\/wp\/v2\/media?parent=54183"}],"curies":[{"name":"wp","href":"https:\/\/api.w.org\/{rel}","templated":true}]}}