{"id":54178,"date":"2024-11-27T02:26:00","date_gmt":"2024-11-27T07:26:00","guid":{"rendered":"https:\/\/www.sisinternational.com\/?page_id=54178"},"modified":"2026-01-26T18:54:07","modified_gmt":"2026-01-26T23:54:07","slug":"groupes-de-discussion-pour-des-degustations-a-new-york","status":"publish","type":"page","link":"https:\/\/www.sisinternational.com\/fr\/solutions\/test-de-gout\/groupes-de-discussion-pour-des-degustations-a-new-york\/","title":{"rendered":"Groupes de discussion pour les d\u00e9gustations \u00e0 New York"},"content":{"rendered":"<h1 class=\"wp-block-heading\">Groupes de discussion pour les d\u00e9gustations \u00e0 New York<\/h1>\n\n\n\n<figure class=\"gb-block-image gb-block-image-baef9ce2\"><img loading=\"lazy\" decoding=\"async\" width=\"1456\" height=\"816\" class=\"gb-image gb-image-baef9ce2\" src=\"https:\/\/www.sisinternational.com\/wp-content\/uploads\/2025\/09\/Focus-group-4-13.jpg\" alt=\"\u00c9tudes de march\u00e9 et strat\u00e9gie internationales SIS\" title=\"Focus group 4 (13)\" srcset=\"https:\/\/www.sisinternational.com\/wp-content\/uploads\/2025\/09\/Focus-group-4-13.jpg 1456w, https:\/\/www.sisinternational.com\/wp-content\/uploads\/2025\/09\/Focus-group-4-13-300x168.jpg 300w, https:\/\/www.sisinternational.com\/wp-content\/uploads\/2025\/09\/Focus-group-4-13-1024x574.jpg 1024w, https:\/\/www.sisinternational.com\/wp-content\/uploads\/2025\/09\/Focus-group-4-13-768x430.jpg 768w, https:\/\/www.sisinternational.com\/wp-content\/uploads\/2025\/09\/Focus-group-4-13-18x10.jpg 18w\" sizes=\"auto, (max-width: 1456px) 100vw, 1456px\"><\/figure>\n\n\n\n<hr class=\"wp-block-separator has-alpha-channel-opacity is-style-dots\"\/>\n\n\n\n<h3 class=\"wp-block-heading\"><span style=\"font-weight: 400;\">Les groupes de discussion pour les d\u00e9gustations \u00e0 New York offrent une opportunit\u00e9 in\u00e9gal\u00e9e de recueillir des informations riches et qualitatives directement aupr\u00e8s de publics divers.<\/span><\/h3>\n\n\n\n<p><span style=\"font-weight: 400;\">Le succ\u00e8s d\u2019un produit alimentaire ne se mesure pas uniquement au bon go\u00fbt : il n\u00e9cessite une compr\u00e9hension approfondie des pr\u00e9f\u00e9rences des consommateurs. C\u2019est l\u00e0 qu\u2019interviennent les groupes de discussion pour les tests de go\u00fbt \u00e0 New York. \u00c9tant l\u2019une des villes les plus diversifi\u00e9es au monde, New York donne acc\u00e8s \u00e0 un large \u00e9ventail d\u2019opinions et de perspectives culturelles, ce qui en fait un lieu id\u00e9al pour les recherches sur les tests de go\u00fbt.&nbsp;<\/span><\/p>\n\n\n\n<h2 class=\"wp-block-heading\"><strong>Le r\u00f4le des groupes de discussion dans les tests de go\u00fbt<\/strong><\/h2>\n\n\n\n<figure class=\"gb-block-image gb-block-image-9e3171a3\"><img loading=\"lazy\" decoding=\"async\" width=\"1456\" height=\"816\" class=\"gb-image gb-image-9e3171a3\" src=\"https:\/\/www.sisinternational.com\/wp-content\/uploads\/2025\/09\/Focus-group-4-18.jpg\" alt=\"\u00c9tudes de march\u00e9 et strat\u00e9gie internationales SIS\" title=\"Focus group 4 (18)\" srcset=\"https:\/\/www.sisinternational.com\/wp-content\/uploads\/2025\/09\/Focus-group-4-18.jpg 1456w, https:\/\/www.sisinternational.com\/wp-content\/uploads\/2025\/09\/Focus-group-4-18-300x168.jpg 300w, https:\/\/www.sisinternational.com\/wp-content\/uploads\/2025\/09\/Focus-group-4-18-1024x574.jpg 1024w, https:\/\/www.sisinternational.com\/wp-content\/uploads\/2025\/09\/Focus-group-4-18-768x430.jpg 768w, https:\/\/www.sisinternational.com\/wp-content\/uploads\/2025\/09\/Focus-group-4-18-18x10.jpg 18w\" sizes=\"auto, (max-width: 1456px) 100vw, 1456px\"><\/figure>\n\n\n\n<p><\/p>\n\n\n\n<p><span style=\"font-weight: 400;\">Les groupes de discussion favorisent des discussions dynamiques dans lesquelles les participants partagent leurs opinions, leurs \u00e9motions et les contextes culturels qui influencent leurs pr\u00e9f\u00e9rences. Ils constituent ainsi des outils pr\u00e9cieux pour comprendre le \u00ab pourquoi \u00bb des choix des consommateurs.<\/span><\/p>\n\n\n\n<p><span style=\"font-weight: 400;\">Les participants sont souvent encourag\u00e9s \u00e0 d\u00e9crire en d\u00e9tail les saveurs, les textures et les arri\u00e8re-go\u00fbts, ce qui aide les marques \u00e0 identifier les attributs cl\u00e9s qui trouvent un \u00e9cho aupr\u00e8s de leur public. Un autre avantage des groupes de discussion est leur capacit\u00e9 \u00e0 simuler des conditions r\u00e9elles. En int\u00e9grant des \u00e9l\u00e9ments tels que l&#039;image de marque, l&#039;emballage ou les associations sugg\u00e9r\u00e9es, les entreprises peuvent mieux comprendre comment leur produit se comportera sur un march\u00e9 concurrentiel.<\/span><\/p>\n\n\n\n<h2 class=\"wp-block-heading\"><strong>Pourquoi New York est id\u00e9ale pour les groupes de discussion<\/strong><\/h2>\n\n\n\n<p><span style=\"font-weight: 400;\">New York is an exceptional location for conducting <a href=\"https:\/\/www.sisinternational.com\/fr\/solutions\/solutions-de-recherche-qualitative-et-quantitative\/tests-en-localisation-centrale-vs-groupes-de-discussion\/\" title=\"Tests de localisation centrale vs groupes de discussion\"  data-wpil-monitor-id=\"1582\">focus groups for taste testing<\/a> due to its unmatched diversity and culinary influence. It offers the following benefits:<\/span><\/p>\n\n\n\n<figure class=\"gb-block-image gb-block-image-24c4da74\"><img loading=\"lazy\" decoding=\"async\" width=\"2081\" height=\"1633\" class=\"gb-image gb-image-24c4da74\" src=\"https:\/\/www.sisinternational.com\/wp-content\/uploads\/2024\/11\/Culinary-insights.png\" srcset=\"https:\/\/www.sisinternational.com\/wp-content\/uploads\/2024\/11\/Culinary-insights.png 2081w, https:\/\/www.sisinternational.com\/wp-content\/uploads\/2024\/11\/Culinary-insights-300x235.png 300w, https:\/\/www.sisinternational.com\/wp-content\/uploads\/2024\/11\/Culinary-insights-1024x804.png 1024w, https:\/\/www.sisinternational.com\/wp-content\/uploads\/2024\/11\/Culinary-insights-768x603.png 768w, https:\/\/www.sisinternational.com\/wp-content\/uploads\/2024\/11\/Culinary-insights-1536x1205.png 1536w, https:\/\/www.sisinternational.com\/wp-content\/uploads\/2024\/11\/Culinary-insights-2048x1607.png 2048w, https:\/\/www.sisinternational.com\/wp-content\/uploads\/2024\/11\/Culinary-insights-15x12.png 15w\" sizes=\"auto, (max-width: 2081px) 100vw, 2081px\" alt=\"\u00c9tudes de march\u00e9 et strat\u00e9gie internationales SIS\"><\/figure>\n\n\n\n<p><\/p>\n\n\n\n<ol class=\"wp-block-list\">\n<li><b> Un paysage d\u00e9mographique diversifi\u00e9<\/b><\/li>\n<\/ol>\n\n\n\n<p><span style=\"font-weight: 400;\">New York abrite une grande diversit\u00e9 de cultures, d&#039;ethnies et de groupes d&#039;\u00e2ge. Cette diversit\u00e9 permet aux groupes de discussion de recueillir des informations aupr\u00e8s de divers segments de consommateurs, garantissant ainsi une compr\u00e9hension globale de la fa\u00e7on dont diff\u00e9rents publics per\u00e7oivent le go\u00fbt, la saveur et la texture.<\/span><\/p>\n\n\n\n<ol start=\"2\" class=\"wp-block-list\">\n<li><b> Un centre de tendances culinaires<\/b><\/li>\n<\/ol>\n\n\n\n<p><span style=\"font-weight: 400;\">Conducting focus groups here means tapping into a consumer base often exposed to new trends, making it ideal for <a href=\"https:\/\/www.sisinternational.com\/fr\/solutions\/test-de-gout\/installations-de-test-de-saveurs-a-new-york\/\" title=\"Installations de test de saveurs \u00e0 New York\"  data-wpil-monitor-id=\"7132\">testing cutting-edge flavors<\/a> and concepts.<\/span><\/p>\n\n\n\n<ol start=\"3\" class=\"wp-block-list\">\n<li><b> Acc\u00e8s aux passionn\u00e9s et experts de l&#039;alimentation<\/b><\/li>\n<\/ol>\n\n\n\n<p><span style=\"font-weight: 400;\">La ville regorge de passionn\u00e9s de gastronomie, de professionnels de la cuisine et de gourmets aventureux qui apportent de pr\u00e9cieuses informations lors de groupes de discussion. Leurs commentaires peuvent \u00eatre d\u00e9terminants pour am\u00e9liorer les produits gastronomiques ou introduire de nouvelles cuisines.<\/span><\/p>\n\n\n\n<ol start=\"4\" class=\"wp-block-list\">\n<li><b> Proximit\u00e9 des principaux march\u00e9s de consommation<\/b><\/li>\n<\/ol>\n\n\n\n<p><span style=\"font-weight: 400;\">L&#039;emplacement de New York offre un acc\u00e8s facile aux march\u00e9s de consommation voisins, notamment aux publics urbains et suburbains. Cela permet de tester des produits avec une port\u00e9e plus large tout en pr\u00e9servant la commodit\u00e9 logistique.<\/span><\/p>\n\n\n\n<ol start=\"5\" class=\"wp-block-list\">\n<li><b> Refl\u00e8te les march\u00e9s mondiaux<\/b><\/li>\n<\/ol>\n\n\n\n<p><span style=\"font-weight: 400;\">Les opinions diverses recueillies \u00e0 New York refl\u00e8tent souvent des tendances mondiales plus larges, ce qui rend les informations applicables \u00e0 d\u2019autres r\u00e9gions. Les tests effectu\u00e9s ici donnent aux entreprises une longueur d\u2019avance dans la pr\u00e9paration des march\u00e9s internationaux.<\/span><\/p>\n\n\n\n<h2 class=\"wp-block-heading\"><strong>Principaux enseignements tir\u00e9s des groupes de discussion<\/strong><\/h2>\n\n\n\n<figure class=\"gb-block-image gb-block-image-f033a0a5\"><img loading=\"lazy\" decoding=\"async\" width=\"1456\" height=\"816\" class=\"gb-image gb-image-f033a0a5\" src=\"https:\/\/www.sisinternational.com\/wp-content\/uploads\/2025\/09\/Focus-group-4-3.jpg\" alt=\"\u00c9tudes de march\u00e9 et strat\u00e9gie internationales SIS\" title=\"Focus group 4 (3)\" srcset=\"https:\/\/www.sisinternational.com\/wp-content\/uploads\/2025\/09\/Focus-group-4-3.jpg 1456w, https:\/\/www.sisinternational.com\/wp-content\/uploads\/2025\/09\/Focus-group-4-3-300x168.jpg 300w, https:\/\/www.sisinternational.com\/wp-content\/uploads\/2025\/09\/Focus-group-4-3-1024x574.jpg 1024w, https:\/\/www.sisinternational.com\/wp-content\/uploads\/2025\/09\/Focus-group-4-3-768x430.jpg 768w, https:\/\/www.sisinternational.com\/wp-content\/uploads\/2025\/09\/Focus-group-4-3-18x10.jpg 18w\" sizes=\"auto, (max-width: 1456px) 100vw, 1456px\"><\/figure>\n\n\n\n<p><\/p>\n\n\n\n<p><span style=\"font-weight: 400;\">Focus groups offer a deeper understanding of consumer behaviors, expectations, and emotional connections to products. Here are the primary types of insights gained through <a href=\"https:\/\/www.sisinternational.com\/fr\/solutions\/groupes-de-discussion\/des-groupes-de-discussion-a-new-york-pour-tester-des-produits-destines-aux-seniors\/\" title=\"Tirer parti des groupes de discussion de New York pour tester des produits destin\u00e9s aux seniors \u00a0\"  data-wpil-monitor-id=\"1865\">focus groups for taste testing<\/a> in New York:<\/span><\/p>\n\n\n\n<ul class=\"wp-block-list\">\n<li><b>Pr\u00e9f\u00e9rences de saveur et de texture : <\/b><span style=\"font-weight: 400;\">Les participants fournissent des commentaires d\u00e9taill\u00e9s sur les profils de saveur, la texture et les exp\u00e9riences gustatives globales.&nbsp;<\/span><\/li>\n\n\n\n<li><b>Influences culturelles et \u00e9motionnelles : <\/b><span style=\"font-weight: 400;\">Les groupes de discussion r\u00e9v\u00e8lent comment les origines culturelles, les exp\u00e9riences personnelles et les \u00e9motions influencent les pr\u00e9f\u00e9rences gustatives.&nbsp;<\/span><\/li>\n\n\n\n<li><b>Besoins non satisfaits et lacunes du march\u00e9 : <\/b><span style=\"font-weight: 400;\">Les discussions r\u00e9v\u00e8lent souvent des besoins non satisfaits ou une insatisfaction face aux offres actuelles du march\u00e9.&nbsp;<\/span><\/li>\n\n\n\n<li><b>R\u00e9actions aux variations de produits\u00a0: <\/b><span style=\"font-weight: 400;\">Tester plusieurs variantes de produits au cours d\u2019une m\u00eame session permet aux entreprises d\u2019identifier la version qui pla\u00eet le plus aux participants.&nbsp;<\/span><\/li>\n\n\n\n<li><b>Perceptions de la marque et de l&#039;emballage : <\/b><span style=\"font-weight: 400;\">L\u2019int\u00e9gration d\u2019\u00e9l\u00e9ments de marque ou d\u2019emballages dans les s\u00e9ances de groupe de discussion permet de mieux comprendre comment ces facteurs influencent les d\u00e9cisions des consommateurs.&nbsp;<\/span><\/li>\n\n\n\n<li><b>Analyse comparative des produits : <\/b><span style=\"font-weight: 400;\">Les entreprises peuvent identifier leurs forces et leurs faiblesses en comparant un produit aux offres des concurrents.&nbsp;<\/span><\/li>\n\n\n\n<li><b>R\u00e9ponses \u00e9motionnelles au go\u00fbt : <\/b><span style=\"font-weight: 400;\">Les groupes de discussion permettent de recueillir des r\u00e9ponses \u00e9motionnelles difficiles \u00e0 quantifier dans les enqu\u00eates. Des expressions telles que \u00ab r\u00e9confortant \u00bb, \u00ab excitant \u00bb ou \u00ab rafra\u00eechissant \u00bb fournissent des informations qualitatives sur la mani\u00e8re dont un produit r\u00e9sonne \u00e0 un niveau plus profond.<\/span><\/li>\n<\/ul>\n\n\n\n<h3 class=\"wp-block-heading\"><strong>Emplacement de l&#039;\u00e9tablissement\u00a0: New York<\/strong><\/h3>\n\n\n\n<p>\n\n\n\n<iframe loading=\"lazy\" src=\"https:\/\/www.google.com\/maps\/embed?pb=!1m18!1m12!1m3!1d3022.976188376966!2d-73.99130312499956!3d40.740549471389315!2m3!1f0!2f0!3f0!3m2!1i1024!2i768!4f13.1!3m3!1m2!1s0x89c259a15798c731%3A0xd695d09bdd495f25!2s11%20E%2022nd%20St%20FL%202%2C%20New%20York%2C%20NY%2010010%2C%20USA!5e0!3m2!1sen!2spe!4v1726171763526!5m2!1sen!2spe\" width=\"600\" height=\"450\" allowfullscreen=\"allowfullscreen\" data-mce-fragment=\"1\"><\/iframe>\n\n\n\n<\/p>\n\n\n\n<h3 class=\"wp-block-heading\">11 E 22nd Street, \u00e9tage 2, New York, NY 10010 T\u00e9l. : +1(212) 505-6805<\/h3>\n\n\n\n<p>\n\n\n\n<\/p>\n\n\n\n<h4 class=\"wp-block-heading\"><strong>Points forts de l&#039;emplacement\u00a0:<\/strong><\/h4>\n\n\n\n<p>\n\n\n\n<\/p>\n\n\n\n<ul class=\"wp-block-list\">\n<li>\n<ul class=\"wp-block-list\">\n<li>Flatiron District \u00e0 Manhattan, \u00e0 quelques pas du b\u00e2timent historique Flatiron et \u00e0 proximit\u00e9 de Madison Square Park et d&#039;Union Square<\/li>\n<\/ul>\n<\/li>\n<\/ul>\n\n\n\n<p>\n\n\n\n<\/p>\n\n\n\n<ul class=\"wp-block-list\">\n<li>\n<ul class=\"wp-block-list\">\n<li>Id\u00e9alement situ\u00e9 au c\u0153ur de New York, une ville mondiale majeure et la plus grande ville des \u00c9tats-Unis<\/li>\n<\/ul>\n<\/li>\n<\/ul>\n\n\n\n<p>\n\n\n\n<\/p>\n\n\n\n<ul class=\"wp-block-list\">\n<li>\n<ul class=\"wp-block-list\">\n<li>Pratique pour de nombreuses options de transport<\/li>\n<\/ul>\n<\/li>\n<\/ul>\n\n\n\n<p>\n\n\n\n<\/p>\n\n\n\n<ul class=\"wp-block-list\">\n<li>\n<ul class=\"wp-block-list\">\n<li>Situ\u00e9 entre Broadway et Park Avenue sur la 22\u00e8me rue, \u00e0 c\u00f4t\u00e9 du \u00ab Key Bank \u00bb<\/li>\n<\/ul>\n<\/li>\n<\/ul>\n\n\n\n<p>\n\n\n\n<\/p>\n\n\n\n<ul class=\"wp-block-list\">\n<li>\n<ul class=\"wp-block-list\">\n<li>Train local R Broadway \u2013 Station 22\/23<\/li>\n<\/ul>\n<\/li>\n<\/ul>\n\n\n\n<p>\n\n\n\n<\/p>\n\n\n\n<ul class=\"wp-block-list\">\n<li>\n<ul class=\"wp-block-list\">\n<li>Train local 6 Eastside - 23e et station Park Ave<\/li>\n<\/ul>\n<\/li>\n<\/ul>\n\n\n\n<p>\n\n\n\n<\/p>\n\n\n\n<ul class=\"wp-block-list\">\n<li>Train local 1 Westside \u2013 Station 23e et 6e Avenue<\/li>\n<\/ul>\n\n\n\n<h2 class=\"wp-block-heading\"><strong>Qu&#039;est-ce qui fait de SIS International un fournisseur de premier plan de groupes de discussion ?<\/strong><\/h2>\n\n\n\n<p><span style=\"font-weight: 400;\"><a href=\"https:\/\/www.linkedin.com\/company\/sisinternationalresearch\/\" target=\"_blank\" rel=\"noopener\">SIS International<\/a> SIS s&#039;est impos\u00e9 comme un leader de confiance dans la conduite de groupes de discussion pour les tests de go\u00fbt \u00e0 New York. Avec des d\u00e9cennies d&#039;exp\u00e9rience et des r\u00e9sultats \u00e9prouv\u00e9s, SIS fournit des informations et des r\u00e9sultats in\u00e9gal\u00e9s aux entreprises qui cherchent \u00e0 affiner leur offre de produits alimentaires et de boissons. Voici pourquoi SIS se d\u00e9marque :<\/span><\/p>\n\n\n\n<h3 class=\"wp-block-heading\"><span style=\"font-weight: 400;\">Des d\u00e9cennies d&#039;expertise<\/span><\/h3>\n\n\n\n<p><span style=\"font-weight: 400;\">Avec plus de 40 ans d&#039;exp\u00e9rience dans le secteur des \u00e9tudes de march\u00e9, <a href=\"https:\/\/twitter.com\/SISIntlResearch\" target=\"_blank\" rel=\"noopener\">SIS<\/a> a perfectionn\u00e9 ses m\u00e9thodologies pour fournir des informations pr\u00e9cises et exploitables adapt\u00e9es aux besoins des clients.<\/span><\/p>\n\n\n\n<h3 class=\"wp-block-heading\"><span style=\"font-weight: 400;\">Installations de pointe<\/span><\/h3>\n\n\n\n<p><span style=\"font-weight: 400;\">Our state-of-the-art <a href=\"https:\/\/www.sisinternational.com\/fr\/solutions\/groupes-de-discussion\/groupes-de-discussion-a-new-york-pour-tester-les-produits-de-la-generation-z\/\" title=\"Tirer parti des groupes de discussion \u00e0 New York pour tester les produits de la g\u00e9n\u00e9ration Z\" data-wpil-monitor-id=\"1881\">focus group facilities in New York<\/a> are designed for comfort and efficiency. From modern tasting rooms to advanced recording technology, every detail enhances the research experience.<\/span><\/p>\n\n\n\n<h3 class=\"wp-block-heading\"><span style=\"font-weight: 400;\">Recrutement de participants in\u00e9gal\u00e9<\/span><\/h3>\n\n\n\n<p><span style=\"font-weight: 400;\"><a href=\"https:\/\/medium.com\/@sisinternational\/sis-international-c17160da8fac\" target=\"_blank\" rel=\"noopener\">SIS<\/a> s&#039;appuie sur un vaste r\u00e9seau pour recruter des participants diversifi\u00e9s et qualifi\u00e9s qui refl\u00e8tent votre public cible, garantissant ainsi des informations solides et repr\u00e9sentatives.<\/span><\/p>\n\n\n\n<h3 class=\"wp-block-heading\"><span style=\"font-weight: 400;\">Une expertise diversifi\u00e9e et inclusive<\/span><\/h3>\n\n\n\n<p><span style=\"font-weight: 400;\">SIS se sp\u00e9cialise dans le travail avec la population diversifi\u00e9e de New York, capturant les perspectives riches qui font de la ville un terrain d&#039;essai id\u00e9al pour de nouveaux produits.<\/span><\/p>\n\n\n\n<h3 class=\"wp-block-heading\"><span style=\"font-weight: 400;\">Des mod\u00e9rateurs hautement qualifi\u00e9s<\/span><\/h3>\n\n\n\n<p><span style=\"font-weight: 400;\">Nos mod\u00e9rateurs exp\u00e9riment\u00e9s sont form\u00e9s pour favoriser des discussions engageantes, approfondir les r\u00e9ponses et g\u00e9rer la dynamique de groupe pour obtenir les informations les plus pr\u00e9cieuses.<\/span><\/p>\n\n\n\n<h3 class=\"wp-block-heading\"><span style=\"font-weight: 400;\">Solutions de recherche personnalis\u00e9es<\/span><\/h3>\n\n\n\n<p><span style=\"font-weight: 400;\">Nous ne croyons pas \u00e0 une solution unique. SIS adapte chaque projet de groupe de discussion \u00e0 vos objectifs sp\u00e9cifiques, qu&#039;il s&#039;agisse de peaufiner une recette ou d&#039;explorer de nouvelles opportunit\u00e9s de march\u00e9.<\/span><\/p>\n\n\n\n<h3 class=\"wp-block-heading\"><span style=\"font-weight: 400;\">Abordabilit\u00e9 sans compromis<\/span><\/h3>\n\n\n\n<p><span style=\"font-weight: 400;\">Bien que nous proposions des services haut de gamme, nous garantissons des solutions rentables qui offrent une valeur exceptionnelle aux entreprises de toutes tailles.<\/span><\/p>\n\n\n\n<h3 class=\"wp-block-heading\"><span style=\"font-weight: 400;\">Emplacement strat\u00e9gique<\/span><\/h3>\n\n\n\n<p><span style=\"font-weight: 400;\">Situ\u00e9es au c\u0153ur de New York, nos installations sont facilement accessibles aux participants de tous les arrondissements et zones voisines, maximisant ainsi la commodit\u00e9 et les taux de participation.<\/span><\/p>\n\n\n\n<h3 class=\"wp-block-heading\"><span style=\"font-weight: 400;\">Analyse et rapports complets<\/span><\/h3>\n\n\n\n<p><span style=\"font-weight: 400;\">SIS ne se contente pas de collecter des donn\u00e9es : nous les transformons en informations exploitables. Nos rapports d\u00e9taill\u00e9s mettent en \u00e9vidence les principales conclusions et proposent des recommandations strat\u00e9giques pour guider les d\u00e9cisions.<\/span><\/p>\n\n\n\n<h3 class=\"wp-block-heading\"><span style=\"font-weight: 400;\">Approuv\u00e9 par les plus grandes marques du monde entier<\/span><\/h3>\n\n\n\n<p><span style=\"font-weight: 400;\">Des startups aux soci\u00e9t\u00e9s mondiales, les grandes entreprises font confiance \u00e0 SIS International pour leur fournir les informations dont elles ont besoin pour r\u00e9ussir sur des march\u00e9s concurrentiels.<\/span><\/p>\n\n\n\n<h2 class=\"wp-block-heading\"><strong>\u00c0 propos de SIS International<\/strong><\/h2>\n\n\n\n<p><a href=\"https:\/\/www.sisinternational.com\/fr\/\"><span style=\"font-weight: 400;\">SIS International<\/span><\/a><span style=\"font-weight: 400;\"> propose des recherches quantitatives, qualitatives et strat\u00e9giques. Nous fournissons des donn\u00e9es, des outils, des strat\u00e9gies, des rapports et des informations pour la prise de d\u00e9cision. Nous menons \u00e9galement des entretiens, des enqu\u00eates, des groupes de discussion et d\u2019autres m\u00e9thodes et approches d\u2019\u00e9tudes de march\u00e9.<\/span><a href=\"https:\/\/www.sisinternational.com\/fr\/a-propos-de-la-recherche-internationale-sis\/contact-sis-international-market-research\/\"><span style=\"font-weight: 400;\"> Contactez nous<\/span><\/a><span style=\"font-weight: 400;\"> pour votre prochain projet d&#039;\u00e9tude de march\u00e9.<\/span><\/p>\n\n\n\n<hr class=\"wp-block-separator has-alpha-channel-opacity\"\/>\n\n\n\n<p>\n\n\n<\/p>\n<p><!-- \/wp:post-content --><\/p>","protected":false},"excerpt":{"rendered":"<p>Focus Groups for Taste Testing in New York Focus groups for taste testing in New York offer an unparalleled opportunity to gather rich, qualitative insights directly from diverse audiences. Launching a successful food product requires more than just good taste\u2014it demands a deep understanding of consumer preferences. This is where focus groups for taste testing &#8230; <a title=\"Groupes de discussion pour les d\u00e9gustations \u00e0 New York\" class=\"read-more\" href=\"https:\/\/www.sisinternational.com\/fr\/solutions\/test-de-gout\/groupes-de-discussion-pour-des-degustations-a-new-york\/\" aria-label=\"En savoir plus sur Focus Groups for Taste Testing in New York\">Lire plus<\/a><\/p>","protected":false},"author":1,"featured_media":66900,"parent":47794,"menu_order":27,"comment_status":"closed","ping_status":"closed","template":"","meta":{"footnotes":""},"class_list":["post-54178","page","type-page","status-publish","has-post-thumbnail"],"_links":{"self":[{"href":"https:\/\/www.sisinternational.com\/fr\/wp-json\/wp\/v2\/pages\/54178","targetHints":{"allow":["GET"]}}],"collection":[{"href":"https:\/\/www.sisinternational.com\/fr\/wp-json\/wp\/v2\/pages"}],"about":[{"href":"https:\/\/www.sisinternational.com\/fr\/wp-json\/wp\/v2\/types\/page"}],"author":[{"embeddable":true,"href":"https:\/\/www.sisinternational.com\/fr\/wp-json\/wp\/v2\/users\/1"}],"replies":[{"embeddable":true,"href":"https:\/\/www.sisinternational.com\/fr\/wp-json\/wp\/v2\/comments?post=54178"}],"version-history":[{"count":11,"href":"https:\/\/www.sisinternational.com\/fr\/wp-json\/wp\/v2\/pages\/54178\/revisions"}],"predecessor-version":[{"id":80696,"href":"https:\/\/www.sisinternational.com\/fr\/wp-json\/wp\/v2\/pages\/54178\/revisions\/80696"}],"up":[{"embeddable":true,"href":"https:\/\/www.sisinternational.com\/fr\/wp-json\/wp\/v2\/pages\/47794"}],"wp:featuredmedia":[{"embeddable":true,"href":"https:\/\/www.sisinternational.com\/fr\/wp-json\/wp\/v2\/media\/66900"}],"wp:attachment":[{"href":"https:\/\/www.sisinternational.com\/fr\/wp-json\/wp\/v2\/media?parent=54178"}],"curies":[{"name":"wp","href":"https:\/\/api.w.org\/{rel}","templated":true}]}}