{"id":54171,"date":"2024-11-27T01:59:09","date_gmt":"2024-11-27T06:59:09","guid":{"rendered":"https:\/\/www.sisinternational.com\/?page_id=54171"},"modified":"2025-10-22T23:16:53","modified_gmt":"2025-10-23T03:16:53","slug":"installations-de-test-de-saveurs-a-new-york","status":"publish","type":"page","link":"https:\/\/www.sisinternational.com\/fr\/solutions\/test-de-gout\/installations-de-test-de-saveurs-a-new-york\/","title":{"rendered":"Installations de test de saveurs \u00e0 New York"},"content":{"rendered":"<div class=\"gb-container gb-container-432d1525\">\n\n<h1 class=\"wp-block-heading\">Installations de test de saveurs \u00e0 New York<\/h1>\n\n\n\n<figure class=\"gb-block-image gb-block-image-a392500d\"><img loading=\"lazy\" decoding=\"async\" width=\"1456\" height=\"816\" class=\"gb-image gb-image-a392500d\" src=\"https:\/\/www.sisinternational.com\/wp-content\/uploads\/2025\/09\/New-York-12.jpg\" alt=\"\u00c9tudes de march\u00e9 et strat\u00e9gie internationales SIS\" title=\"New York (12)\" srcset=\"https:\/\/www.sisinternational.com\/wp-content\/uploads\/2025\/09\/New-York-12.jpg 1456w, https:\/\/www.sisinternational.com\/wp-content\/uploads\/2025\/09\/New-York-12-300x168.jpg 300w, https:\/\/www.sisinternational.com\/wp-content\/uploads\/2025\/09\/New-York-12-1024x574.jpg 1024w, https:\/\/www.sisinternational.com\/wp-content\/uploads\/2025\/09\/New-York-12-768x430.jpg 768w, https:\/\/www.sisinternational.com\/wp-content\/uploads\/2025\/09\/New-York-12-18x10.jpg 18w\" sizes=\"auto, (max-width: 1456px) 100vw, 1456px\"><\/figure>\n\n\n\n<p><\/p>\n\n\n\n<hr class=\"wp-block-separator has-alpha-channel-opacity is-style-dots\"\/>\n\n\n\n<h3 class=\"wp-block-heading\">Les installations de SIS International, \u00e9quip\u00e9es d&#039;outils de pointe et dot\u00e9es d&#039;experts, garantissent que chaque go\u00fbt est affin\u00e9 gr\u00e2ce \u00e0 une science et une strat\u00e9gie de pointe.<\/h3>\n\n\n\n<p>Cr\u00e9er le profil aromatique parfait n&#039;est pas une mince affaire... C&#039;est pourquoi les entreprises font confiance aux laboratoires de test aromatique de New York comme SIS International. Nos installations combinent pr\u00e9cision, retour d&#039;exp\u00e9rience personnalis\u00e9 et technologies avanc\u00e9es pour affiner les produits, fournissant des informations exploitables qui aident les marques \u00e0 se lancer en toute confiance.<\/p>\n\n\n\n<p style=\"padding-left: 40px;\"><strong>1. Une composition d\u00e9mographique diversifi\u00e9e<\/strong><\/p>\n<p style=\"padding-left: 40px;\">New York is home to one of the most diverse populations in the world, encompassing a wide range of ethnicities, age groups, and lifestyles. This diversity provides an exceptional opportunity for companies to gather feedback representing a broad spectrum of consumer preferences. Flavor testing facilities in New York can tailor panels to reflect the city\u2019s vibrant makeup, ensuring that <a href=\"https:\/\/www.sisinternational.com\/fr\/publicite-choc-et-marketing-choc\/\" title=\"Shockvertising et marketing de choc\"  data-wpil-monitor-id=\"10553\">brands<\/a> capture nuanced insights that resonate with niche and mass markets.<\/p>\n\n\n\n<h2 class=\"wp-block-heading\">Pourquoi New York est l&#039;endroit id\u00e9al pour tester les saveurs<\/h2>\n\n\n\n<p>New York City\u2019s unique cultural, economic, and demographic landscape makes it the ultimate hub for flavor testing. It offers an unmatched environment to <a href=\"https:\/\/www.sisinternational.com\/fr\/claim-research-for-food-and-beverage-taste-tests-validating-your-product-claims\/\" title=\"Claim Research for Food and Beverage Taste Tests: Validating Your Product Claims\"  data-wpil-monitor-id=\"10555\">test and refine food and beverage products<\/a>. Here\u2019s why:<\/p>\n\n\n\n<h2 class=\"wp-block-heading\">Tendances \u00e9mergentes en mati\u00e8re de tests de saveurs \u00e0 New York<\/h2>\n\n\n\n<p>Le <a href=\"https:\/\/www.sisinternational.com\/fr\/solutions\/etude-de-marche-sur-lindustrie-des-boissons-alimentaires\/\" title=\"\u00c9tude de march\u00e9 de l&#039;industrie alimentaire et des boissons\"  data-wpil-monitor-id=\"10556\">food and beverage industry<\/a> is undergoing rapid transformation \u2013 and flavor testing facilities in New York are at the epicenter of this evolution, helping brands innovate and adapt to meet contemporary demands. These facilities are uniquely positioned to embrace and implement the following trends:<\/p>\n\n\n\n<\/p>\n\n\n\n<h2 class=\"wp-block-heading\">D\u00e9fis auxquels les entreprises sont confront\u00e9es sans tests d&#039;ar\u00f4mes<\/h2>\n\n\n\n<figure class=\"gb-block-image gb-block-image-719ed25b\"><img loading=\"lazy\" decoding=\"async\" width=\"1456\" height=\"816\" class=\"gb-image gb-image-719ed25b\" src=\"https:\/\/www.sisinternational.com\/wp-content\/uploads\/2025\/08\/Food-taste-testing-14.jpg\" alt=\"\u00c9tudes de march\u00e9 et strat\u00e9gie internationales SIS\" title=\"Food taste testing (14)\" srcset=\"https:\/\/www.sisinternational.com\/wp-content\/uploads\/2025\/08\/Food-taste-testing-14.jpg 1456w, https:\/\/www.sisinternational.com\/wp-content\/uploads\/2025\/08\/Food-taste-testing-14-300x168.jpg 300w, https:\/\/www.sisinternational.com\/wp-content\/uploads\/2025\/08\/Food-taste-testing-14-1024x574.jpg 1024w, https:\/\/www.sisinternational.com\/wp-content\/uploads\/2025\/08\/Food-taste-testing-14-768x430.jpg 768w, https:\/\/www.sisinternational.com\/wp-content\/uploads\/2025\/08\/Food-taste-testing-14-18x10.jpg 18w\" sizes=\"auto, (max-width: 1456px) 100vw, 1456px\"><\/figure>\n\n\n\n<p><\/p>\n\n\n\n<p>Le fait de n\u00e9gliger ou de sous-estimer l\u2019importance des tests de saveur peut entra\u00eener des obstacles importants pour les entreprises du secteur agroalimentaire. Les installations de test de saveur de New York fournissent des informations essentielles qui peuvent faire la diff\u00e9rence entre le succ\u00e8s ou l\u2019\u00e9chec d\u2019un produit. Voici quelques-uns des principaux d\u00e9fis auxquels les entreprises sont confront\u00e9es lorsqu\u2019elles n\u00e9gligent cette \u00e9tape cruciale :<\/p>\n\n\n\n<h3 class=\"wp-block-heading\">Qualit\u00e9 in\u00e9gale des produits<\/h3>\n\n\n\n<p>Product batches may vary in taste, texture, or aroma without proper testing, leading to inconsistent quality. This inconsistency can damage brand reputation and erode consumer trust, especially in a competitive market like New York. Flavor <a href=\"https:\/\/www.sisinternational.com\/fr\/solutions\/solutions-de-branding-et-de-recherche-client\/etude-de-marche-sur-les-tests-de-produits\/\" title=\"\u00c9tude de march\u00e9 sur les tests de produits\"  data-wpil-monitor-id=\"10560\">testing ensures that every product<\/a> meets stringent quality standards before reaching store shelves.<\/p>\n\n\n\n<h3 class=\"wp-block-heading\">Mauvaise r\u00e9ception du march\u00e9<\/h3>\n\n\n\n<p>M\u00eame les id\u00e9es de produits les plus innovantes peuvent \u00e9chouer si elles ne correspondent pas aux pr\u00e9f\u00e9rences des consommateurs. Les tests de saveurs permettent d&#039;identifier ce qui fonctionne et ce qui ne fonctionne pas, aidant ainsi les entreprises \u00e0 \u00e9viter de lancer des produits qui ne plaisent pas \u00e0 leur public cible.&nbsp;<\/p>\n\n\n\n<h3 class=\"wp-block-heading\">Pertes financi\u00e8res dues aux rappels de produits<\/h3>\n\n\n\n<p>Les produits qui ne r\u00e9pondent pas aux attentes des consommateurs sont souvent retir\u00e9s du march\u00e9, ce qui entra\u00eene des rappels co\u00fbteux, des stocks invendus et des relations d\u00e9grad\u00e9es avec les d\u00e9taillants. Les installations de test des ar\u00f4mes att\u00e9nuent ces risques en d\u00e9tectant les probl\u00e8mes potentiels d\u00e8s le d\u00e9but du d\u00e9veloppement.<\/p>\n\n\n\n<h3 class=\"wp-block-heading\">Utilisation inefficace des ressources<\/h3>\n\n\n\n<p>Lancer un produit sans avoir test\u00e9 correctement les ar\u00f4mes peut \u00eatre une perte de temps, d\u2019argent et d\u2019efforts. D\u00e9velopper et commercialiser un produit qui ne rencontre pas de succ\u00e8s oblige les entreprises \u00e0 tout recommencer, ce qui retarde leur capacit\u00e9 \u00e0 conqu\u00e9rir des parts de march\u00e9.&nbsp;<\/p>\n\n\n\n<h3 class=\"wp-block-heading\">Baisse de la fid\u00e9lit\u00e9 des consommateurs<\/h3>\n\n\n\n<p>Si les produits ne r\u00e9pondent pas aux attentes gustatives des clients, ceux-ci peuvent se tourner vers la concurrence. Des saveurs homog\u00e8nes et attrayantes sont essentielles pour fid\u00e9liser les clients \u00e0 long terme, et les tests de saveurs sont fondamentaux pour atteindre cette coh\u00e9rence.<\/p>\n\n\n\n<h3 class=\"wp-block-heading\">Difficult\u00e9 \u00e0 respecter les normes r\u00e9glementaires<\/h3>\n\n\n\n<p>Certains march\u00e9s ont des directives strictes concernant les ingr\u00e9dients, les allerg\u00e8nes et le contenu nutritionnel. Sans tests approfondis, les entreprises peuvent par inadvertance fabriquer des produits qui ne sont pas conformes \u00e0 ces r\u00e9glementations, ce qui peut entra\u00eener des r\u00e9percussions juridiques et financi\u00e8res potentielles.<\/p>\n\n\n\n<h3 class=\"wp-block-heading\"><strong>Emplacement de l&#039;\u00e9tablissement\u00a0: New York<\/strong><\/h3>\n\n\n\n<iframe loading=\"lazy\" src=\"https:\/\/www.google.com\/maps\/embed?pb=!1m18!1m12!1m3!1d3022.976188376966!2d-73.99130312499956!3d40.740549471389315!2m3!1f0!2f0!3f0!3m2!1i1024!2i768!4f13.1!3m3!1m2!1s0x89c259a15798c731%3A0xd695d09bdd495f25!2s11%20E%2022nd%20St%20FL%202%2C%20New%20York%2C%20NY%2010010%2C%20USA!5e0!3m2!1sen!2spe!4v1726171763526!5m2!1sen!2spe\" width=\"600\" height=\"450\" allowfullscreen=\"allowfullscreen\" data-mce-fragment=\"1\"><\/iframe>\n\n\n\n<p><\/p>\n\n\n\n<h3 class=\"wp-block-heading\">11 E 22nd Street, \u00e9tage 2, New York, NY 10010 T\u00e9l. : +1(212) 505-6805<\/h3>\n\n\n\n<h4 class=\"wp-block-heading\"><strong>Points forts de l&#039;emplacement\u00a0:<\/strong><\/h4>\n\n\n\n<ul class=\"wp-block-list\">\n<li>Flatiron District \u00e0 Manhattan, \u00e0 quelques pas du b\u00e2timent historique Flatiron et \u00e0 proximit\u00e9 de Madison Square Park et d&#039;Union Square<\/li>\n\n\n\n<li><a href=\"https:\/\/www.sisinternational.com\/fr\/solutions\/solutions-de-recherche-qualitative-et-quantitative\/tests-en-emplacements-centraux-a-new-york\/\" title=\"Tests dans les emplacements centraux de la ville de New York\u00a0: avantages pour les tests de produits\"  data-wpil-monitor-id=\"10557\">Centrally located<\/a> in the heart of New York City, a major global city and the largest city in the United States<\/li>\n\n\n\n<li>Pratique pour de nombreuses options de transport<\/li>\n\n\n\n<li>Situ\u00e9 entre Broadway et Park Avenue sur la 22\u00e8me rue, \u00e0 c\u00f4t\u00e9 du \u00ab Key Bank \u00bb<\/li>\n\n\n\n<li>Train local R Broadway \u2013 Station 22\/23<\/li>\n\n\n\n<li>Train local 6 Eastside - 23e et station Park Ave<\/li>\n\n\n\n<li>Train local 1 Westside \u2013 Station 23e et 6e Avenue<\/li>\n<\/ul>\n\n\n\n<h2 class=\"wp-block-heading\">Qu&#039;est-ce qui fait de SIS International une entreprise de test de saveurs de premier plan ?<\/h2>\n\n\n\n<p><a href=\"https:\/\/www.linkedin.com\/company\/sisinternationalresearch\/\" target=\"_blank\" rel=\"noopener\">SIS International<\/a> est un leader dans le domaine des \u00e9tudes de march\u00e9 et des tests de saveurs depuis plus de 40 ans, offrant une combinaison unique d&#039;expertise, d&#039;innovation et de ressources. Nos installations de test de saveurs \u00e0 New York offrent des solutions compl\u00e8tes qui aident les entreprises \u00e0 r\u00e9ussir sur un march\u00e9 en constante \u00e9volution. Voici ce qui nous distingue :<\/p>\n\n\n\n<p style=\"padding-left: 40px;\"><strong>Expertise en \u00e9valuation sensorielle des saveurs<\/strong><br \/>Chez SIS, nous sommes sp\u00e9cialis\u00e9s dans la r\u00e9alisation d&#039;\u00e9valuations sensorielles compl\u00e8tes pour \u00e9valuer la saveur, l&#039;ar\u00f4me, la texture et l&#039;attrait g\u00e9n\u00e9ral des produits. Notre \u00e9quipe d&#039;experts utilise des m\u00e9thodologies avanc\u00e9es et un panel de consommateurs form\u00e9s pour garantir un retour d&#039;information pr\u00e9cis, permettant aux entreprises d&#039;affiner leurs produits pour r\u00e9pondre aux demandes du march\u00e9.<\/p>\n<p style=\"padding-left: 40px;\"><strong>Technologie et installations de pointe<\/strong><br \/>Nos installations ultramodernes et la toute derni\u00e8re technologie d&#039;analyse sensorielle garantissent que chaque test que nous effectuons est pr\u00e9cis et fiable. SIS International utilise des outils avanc\u00e9s pour simuler des conditions r\u00e9elles et mesurer la perception des saveurs par les consommateurs, ce qui nous permet de fournir des donn\u00e9es pr\u00e9cises sur lesquelles les entreprises peuvent agir en toute confiance.<\/p>\n<p style=\"padding-left: 40px;\"><strong>Panel de consommateurs diversifi\u00e9 et exp\u00e9riment\u00e9<\/strong><br \/><a href=\"https:\/\/www.sisinternational.com\/fr\/solutions\/solutions-de-branding-et-de-recherche-client\/etude-de-marche-sur-les-tests-de-produits\/degustation-de-plats-internationaux-de-sis\/\" title=\"Qu&#039;est-ce qui fait de SIS International Research le meilleur cabinet d&#039;\u00e9tudes de march\u00e9 pour les tests de go\u00fbt des aliments \u00e0 New York ?\" data-wpil-monitor-id=\"10558\">SIS International\u2019s access to New York\u2019s<\/a> diverse population allows us to gather feedback from a broad range of consumers. Our panel consists of individuals from various backgrounds, tastes, and preferences, providing insights that reflect the opinions of a wide market.\u00a0<\/p>\n<p style=\"padding-left: 40px;\"><strong>Plus de 40 ans d&#039;exp\u00e9rience<\/strong><br \/>With over 40 years of <a href=\"https:\/\/www.sisinternational.com\/fr\/competence\/cv-dexperience\/cv-dexperience-en-etudes-ethnographiques\/\" title=\"Exp\u00e9rience d\u2019\u00e9tude de march\u00e9 ethnographique\" data-wpil-monitor-id=\"10554\">experience in market research<\/a> and flavor testing, SIS has developed a reputation for delivering results that businesses trust. Our long-standing presence in the industry has given us the expertise to handle a variety of flavor testing challenges, providing clients with reliable data to guide their product development processes.<\/p>\n<p style=\"padding-left: 40px;\"><strong>Focus sur les tests centr\u00e9s sur le consommateur<\/strong><br \/>At SIS, our flavor testing services are designed with the consumer in mind. We use data-driven approaches to understand how consumers experience and perceive different flavors, helping brands create <a href=\"https:\/\/www.sisinternational.com\/fr\/73903-2\/\" title=\"Turn Consumer Flavor Preferences Into Winning Products\" data-wpil-monitor-id=\"10559\">products that align with consumer preferences<\/a>.\u00a0<\/p>\n<p style=\"padding-left: 40px;\"><strong>Des d\u00e9lais d&#039;ex\u00e9cution rapides et des processus efficaces<\/strong><br \/>SIS comprend l&#039;importance de la rapidit\u00e9 dans le cycle de d\u00e9veloppement de produits. Nos processus efficaces et nos d\u00e9lais d&#039;ex\u00e9cution rapides garantissent aux entreprises de recevoir rapidement des commentaires exploitables, leur permettant ainsi de proc\u00e9der aux ajustements n\u00e9cessaires et de faire avancer leurs projets.<\/p>\n\n\n\n<h2 class=\"wp-block-heading\">\u00c0 propos de SIS International<\/h2>\n\n\n\n<p><a href=\"https:\/\/www.sisinternational.com\/fr\/\">SIS International<\/a> propose des recherches quantitatives, qualitatives et strat\u00e9giques. Nous fournissons des donn\u00e9es, des outils, des strat\u00e9gies, des rapports et des informations pour la prise de d\u00e9cision. Nous menons \u00e9galement des entretiens, des enqu\u00eates, des groupes de discussion et d\u2019autres m\u00e9thodes et approches d\u2019\u00e9tudes de march\u00e9.<a href=\"https:\/\/www.sisinternational.com\/fr\/a-propos-de-la-recherche-internationale-sis\/contact-sis-international-market-research\/\"> Contactez nous<\/a> pour votre prochain projet d&#039;\u00e9tude de march\u00e9.<\/p>\n\n\n\n<p><\/p>\n\n\n\n<hr class=\"wp-block-separator has-alpha-channel-opacity\"\/>\n\n<\/div>","protected":false},"excerpt":{"rendered":"<p>Flavor Testing Facilities in New York SIS International&#8217;s facilities, equipped with advanced tools and staffed by experts, ensure that every taste is refined through cutting-edge science and strategy. Creating the perfect flavor profile is no easy feat\u2026 That\u2019s why businesses trust flavor testing facilities in New York like SIS International. Our facilities combine precision, tailored &#8230; <a title=\"Installations de test de saveurs \u00e0 New York\" class=\"read-more\" href=\"https:\/\/www.sisinternational.com\/fr\/solutions\/test-de-gout\/installations-de-test-de-saveurs-a-new-york\/\" aria-label=\"En savoir plus sur Flavor Testing Facilities in New York\">Lire plus<\/a><\/p>","protected":false},"author":1,"featured_media":66478,"parent":47794,"menu_order":22,"comment_status":"closed","ping_status":"closed","template":"","meta":{"footnotes":""},"class_list":["post-54171","page","type-page","status-publish","has-post-thumbnail"],"_links":{"self":[{"href":"https:\/\/www.sisinternational.com\/fr\/wp-json\/wp\/v2\/pages\/54171","targetHints":{"allow":["GET"]}}],"collection":[{"href":"https:\/\/www.sisinternational.com\/fr\/wp-json\/wp\/v2\/pages"}],"about":[{"href":"https:\/\/www.sisinternational.com\/fr\/wp-json\/wp\/v2\/types\/page"}],"author":[{"embeddable":true,"href":"https:\/\/www.sisinternational.com\/fr\/wp-json\/wp\/v2\/users\/1"}],"replies":[{"embeddable":true,"href":"https:\/\/www.sisinternational.com\/fr\/wp-json\/wp\/v2\/comments?post=54171"}],"version-history":[{"count":13,"href":"https:\/\/www.sisinternational.com\/fr\/wp-json\/wp\/v2\/pages\/54171\/revisions"}],"predecessor-version":[{"id":81733,"href":"https:\/\/www.sisinternational.com\/fr\/wp-json\/wp\/v2\/pages\/54171\/revisions\/81733"}],"up":[{"embeddable":true,"href":"https:\/\/www.sisinternational.com\/fr\/wp-json\/wp\/v2\/pages\/47794"}],"wp:featuredmedia":[{"embeddable":true,"href":"https:\/\/www.sisinternational.com\/fr\/wp-json\/wp\/v2\/media\/66478"}],"wp:attachment":[{"href":"https:\/\/www.sisinternational.com\/fr\/wp-json\/wp\/v2\/media?parent=54171"}],"curies":[{"name":"wp","href":"https:\/\/api.w.org\/{rel}","templated":true}]}}