{"id":54090,"date":"2024-11-20T05:54:28","date_gmt":"2024-11-20T10:54:28","guid":{"rendered":"https:\/\/www.sisinternational.com\/?page_id=54090"},"modified":"2026-03-05T23:14:18","modified_gmt":"2026-03-06T04:14:18","slug":"societe-de-recherche-qualitative-de-premier-plan-a-lechelle-mondiale","status":"publish","type":"page","link":"https:\/\/www.sisinternational.com\/fr\/solutions\/solutions-de-recherche-qualitative-et-quantitative\/societe-de-recherche-qualitative-de-premier-plan-a-lechelle-mondiale\/","title":{"rendered":"Entreprise de recherche qualitative de premier plan \u00e0 l&#039;\u00e9chelle mondiale"},"content":{"rendered":"<h1 class=\"wp-block-heading\">Entreprise de recherche qualitative de premier plan \u00e0 l&#039;\u00e9chelle mondiale<\/h1>\n\n\n\n<figure class=\"gb-block-image gb-block-image-95f12ab5\"><img decoding=\"async\" class=\"gb-image gb-image-95f12ab5\" src=\"https:\/\/www.sisinternational.com\/wp-content\/uploads\/2025\/07\/How-to-Design-Effective-Surveys-for-Quantitative-Research-1.jpg\" alt=\"How to Design Effective Surveys for Quantitative Research\" title=\"How to Design Effective Surveys for Quantitative Research (1)\"\/><\/figure>\n\n\n\n<p><\/p>\n\n\n\n<h3 class=\"wp-block-heading\">Entreprise mondiale de recherche qualitative de premier plan \u2013 Pour les entreprises op\u00e9rant sur le march\u00e9 mondial, un partenariat avec une entreprise mondiale de recherche qualitative de premier plan comme SIS International leur garantit d\u2019obtenir les informations n\u00e9cessaires pour \u00e9tablir des relations significatives avec les consommateurs.<\/h3>\n\n\n\n<p>Comment comprendre r\u00e9ellement ce qui motive le comportement des consommateurs sur un march\u00e9 mondial ? La recherche qualitative est la cl\u00e9 pour d\u00e9couvrir les \u00e9motions, les motivations et les perceptions qui sous-tendent les d\u00e9cisions des clients. En tant que cabinet d&#039;\u00e9tudes qualitatives de premier plan au niveau mondial, SIS International aide les entreprises \u00e0 exploiter ces informations cruciales pour \u00e9laborer des strat\u00e9gies efficaces.<\/p>\n\n\n\n<h2 class=\"wp-block-heading\">Pourquoi les \u00e9tudes de march\u00e9 qualitatives sont si importantes dans l\u2019environnement commercial mondial<\/h2>\n\n\n\n<p>Qualitatif <a href=\"https:\/\/www.linkedin.com\/pulse\/how-market-research-enables-growth-ruth-stanat-phekf\/\" target=\"_blank\" rel=\"noopener\">\u00e9tude de march\u00e9<\/a> est essentielle pour comprendre le \u00ab pourquoi \u00bb des comportements, des motivations et des attitudes des consommateurs. Elle permet d\u2019acqu\u00e9rir une compr\u00e9hension plus riche et plus nuanc\u00e9e des perspectives des consommateurs et de la dynamique du march\u00e9, aidant ainsi les entreprises \u00e0 comprendre ce que font les consommateurs et pourquoi ils font certains choix, comment ils per\u00e7oivent les marques et quels facteurs \u00e9motionnels influencent leurs d\u00e9cisions.<\/p>\n\n\n\n<p>UN <a href=\"https:\/\/www.sisinternational.com\/fr\/societe-mondiale-de-recherche-quantitative-de-marche-de-premier-plan\/\" title=\"Soci\u00e9t\u00e9 mondiale de recherche quantitative sur le march\u00e9 de premier plan\" data-wpil-monitor-id=\"1051\">top global qualitative research<\/a> firm, such as SIS International, employs advanced qualitative methodologies to explore these underlying motivations. This type of research involves tools such as in-depth interviews, focus, and online communities to gather insights directly from consumers in their environments, providing a clearer view of their experiences and attitudes.<\/p>\n\n\n\n<p>So, by uncovering what truly matters to customers, <a href=\"https:\/\/www.sisinternational.com\/fr\/recherche-a-grande-echelle-pour-les-petites-entreprises\/\" title=\"Recherche \u00e0 grande \u00e9chelle pour les petites entreprises\" data-wpil-monitor-id=\"2339\">companies can develop strategies<\/a> that resonate with their target audience on an emotional level. These insights help craft effective messaging, improve product development, and enhance the customer experience.<\/p>\n\n\n\n<h2 class=\"wp-block-heading\">Quels sont les services offerts par une soci\u00e9t\u00e9 de recherche qualitative de premier plan \u00e0 l\u2019\u00e9chelle mondiale\u00a0?<\/h2>\n\n\n\n<figure class=\"gb-block-image gb-block-image-a3af59ad\"><img loading=\"lazy\" decoding=\"async\" width=\"1456\" height=\"816\" class=\"gb-image gb-image-a3af59ad\" src=\"https:\/\/www.sisinternational.com\/wp-content\/uploads\/2025\/09\/Quantitative-research-14.jpg\" alt=\"\u00c9tudes de march\u00e9 et strat\u00e9gie internationales SIS\" title=\"Quantitative research (14)\" srcset=\"https:\/\/www.sisinternational.com\/wp-content\/uploads\/2025\/09\/Quantitative-research-14.jpg 1456w, https:\/\/www.sisinternational.com\/wp-content\/uploads\/2025\/09\/Quantitative-research-14-300x168.jpg 300w, https:\/\/www.sisinternational.com\/wp-content\/uploads\/2025\/09\/Quantitative-research-14-1024x574.jpg 1024w, https:\/\/www.sisinternational.com\/wp-content\/uploads\/2025\/09\/Quantitative-research-14-768x430.jpg 768w, https:\/\/www.sisinternational.com\/wp-content\/uploads\/2025\/09\/Quantitative-research-14-18x10.jpg 18w\" sizes=\"auto, (max-width: 1456px) 100vw, 1456px\"><\/figure>\n\n\n\n<p><\/p>\n\n\n\n<p>L\u2019un des principaux services propos\u00e9s est l\u2019entretien approfondi, au cours duquel les chercheurs m\u00e8nent des discussions individuelles avec les consommateurs pour explorer en d\u00e9tail leurs pens\u00e9es, leurs sentiments et leurs motivations. Cette m\u00e9thode est particuli\u00e8rement utile pour comprendre les processus d\u00e9cisionnels complexes et d\u00e9couvrir les \u00e9motions cach\u00e9es qui influencent le comportement des consommateurs.<\/p>\n\n\n\n<p>Les groupes de discussion constituent une autre offre cl\u00e9. Les groupes de discussion permettent aux chercheurs d\u2019observer la dynamique de groupe et d\u2019identifier les th\u00e8mes communs, les points de vue divergents et les d\u00e9clencheurs \u00e9motionnels qui d\u00e9terminent le comportement. Cette approche aide les entreprises \u00e0 comprendre comment les consommateurs per\u00e7oivent leurs produits et services et comment elles peuvent les am\u00e9liorer pour mieux r\u00e9pondre aux besoins des clients.<\/p>\n\n\n\n<h2 class=\"wp-block-heading\">L\u2019importance des nuances r\u00e9gionales dans l\u2019\u00e9laboration des strat\u00e9gies<\/h2>\n\n\n\n<p>Understanding regional nuances is crucial for developing effective market entry strategies, product positioning, and marketing campaigns. A <a href=\"https:\/\/www.sisinternational.com\/fr\/top-5-benefits-of-qualitative-market-research-for-businesses\/\" title=\"Top 5 Benefits of Qualitative Market Research for Businesses\" data-wpil-monitor-id=\"1848\">top global qualitative research<\/a> firm like SIS International helps businesses identify the cultural, economic, and social factors that impact consumer behavior in each region.<\/p>\n\n\n\n<p>La compr\u00e9hension des nuances r\u00e9gionales est essentielle pour r\u00e9ussir le lancement d&#039;un nouveau produit, le changement de marque ou l&#039;entr\u00e9e sur un nouveau march\u00e9. L&#039;expertise de SIS International dans la capture de ces nuances permet aux entreprises de prendre des d\u00e9cisions \u00e9clair\u00e9es, de cr\u00e9er des campagnes culturellement pertinentes et de construire des relations durables avec les consommateurs sur diff\u00e9rents march\u00e9s.<\/p>\n\n\n\n<h2 class=\"wp-block-heading\">Alors\u2026 Quels sont les avantages de travailler avec une soci\u00e9t\u00e9 mondiale de recherche qualitative de premier plan ?<\/h2>\n\n\n\n<p>Working with a <a href=\"https:\/\/www.sisinternational.com\/fr\/solutions\/legal-market-research\/etude-de-marche-avec-jury-fictif-3\/\" title=\"Meilleure soci\u00e9t\u00e9 d&#039;\u00e9tudes de march\u00e9 sur les jurys fictifs\" data-wpil-monitor-id=\"928\">top global qualitative research<\/a> firm provides businesses many benefits beyond traditional market analysis. These firms offer deep, contextually rich insights that help businesses create meaningful connections with consumers and make informed strategic decisions.<\/p>\n\n\n<div class=\"wp-block-image\">\n<figure class=\"aligncenter size-full\"><img loading=\"lazy\" decoding=\"async\" width=\"792\" height=\"445\" src=\"https:\/\/www.sisinternational.com\/wp-content\/uploads\/2024\/11\/Top-Global-Qualitative-Research-Company.png\" alt=\"\u00c9tudes de march\u00e9 et strat\u00e9gie internationales SIS\" class=\"wp-image-54091\" srcset=\"https:\/\/www.sisinternational.com\/wp-content\/uploads\/2024\/11\/Top-Global-Qualitative-Research-Company.png 792w, https:\/\/www.sisinternational.com\/wp-content\/uploads\/2024\/11\/Top-Global-Qualitative-Research-Company-300x169.png 300w, https:\/\/www.sisinternational.com\/wp-content\/uploads\/2024\/11\/Top-Global-Qualitative-Research-Company-768x432.png 768w, https:\/\/www.sisinternational.com\/wp-content\/uploads\/2024\/11\/Top-Global-Qualitative-Research-Company-18x10.png 18w\" sizes=\"auto, (max-width: 792px) 100vw, 792px\" \/><\/figure>\n<\/div>\n\n\n<p><\/p>\n\n\n\n<ul class=\"wp-block-list\">\n<li><strong>Compr\u00e9hension approfondie du consommateur :<\/strong> Obtenez un aper\u00e7u des \u00e9motions, des motivations et des attitudes qui d\u00e9terminent le comportement des consommateurs.<\/li>\n\n\n\n<li><strong>Sensibilit\u00e9 culturelle et localisation :<\/strong> D\u00e9velopper des strat\u00e9gies culturellement pertinentes en comprenant les facteurs sociaux et culturels uniques qui influencent les pr\u00e9f\u00e9rences des consommateurs.<\/li>\n\n\n\n<li><strong>D\u00e9veloppement de produits am\u00e9lior\u00e9\u00a0:<\/strong> Utilisez les commentaires des consommateurs pour \u00e9clairer le d\u00e9veloppement des produits, en veillant \u00e0 ce que les offres r\u00e9pondent aux besoins et aux attentes du public cible.<\/li>\n\n\n\n<li><strong>Message de marque am\u00e9lior\u00e9\u00a0:<\/strong> Cr\u00e9ez des messages convaincants qui trouvent un \u00e9cho aupr\u00e8s des consommateurs en comprenant ce qui compte vraiment pour eux.<\/li>\n\n\n\n<li><strong>Meilleure exp\u00e9rience client\u00a0:<\/strong> Cartographiez le parcours client pour identifier les points faibles et les domaines \u00e0 am\u00e9liorer, conduisant \u00e0 une exp\u00e9rience client plus satisfaisante.<\/li>\n\n\n\n<li><strong>Entr\u00e9e strat\u00e9gique sur le march\u00e9\u00a0:<\/strong> Naviguez sur de nouveaux march\u00e9s en toute confiance en comprenant les nuances r\u00e9gionales et les attentes des consommateurs.<\/li>\n<\/ul>\n\n\n\n<h2 class=\"wp-block-heading\">Comment la recherche qualitative favorise l&#039;innovation et les d\u00e9cisions strat\u00e9giques<\/h2>\n\n\n\n<p>La recherche qualitative est un moteur essentiel de l\u2019innovation et de la prise de d\u00e9cision strat\u00e9gique, car elle r\u00e9v\u00e8le des informations approfondies et narratives qui aident les entreprises \u00e0 comprendre leurs clients \u00e0 un niveau personnel.<\/p>\n\n\n\n<h3 class=\"wp-block-heading\">Identifier les besoins des consommateurs et les lacunes du march\u00e9<\/h3>\n\n\n\n<p>Les \u00e9tudes qualitatives sont essentielles pour identifier les besoins non satisfaits des consommateurs et les lacunes du march\u00e9. Ces informations aident les entreprises \u00e0 identifier les opportunit\u00e9s d\u2019innovation et \u00e0 d\u00e9velopper des produits qui r\u00e9pondent \u00e0 des probl\u00e8mes sp\u00e9cifiques, cr\u00e9ant ainsi de la valeur pour l\u2019entreprise et le consommateur.<\/p>\n\n\n\n<p>For instance, a <a href=\"https:\/\/www.sisinternational.com\/fr\/competence\/cv-dexperience\/recherche-de-marque\/\" title=\"Soci\u00e9t\u00e9 de recherche de marque\" data-wpil-monitor-id=\"6301\">company might use ethnographic research<\/a> to observe how consumers use a particular product daily. This type of research can reveal usability issues, unmet needs, or opportunities for improvement that may not be apparent through quantitative data alone.&nbsp;<\/p>\n\n\n\n<h3 class=\"wp-block-heading\">Stimuler l&#039;innovation en mati\u00e8re de produits et de services<\/h3>\n\n\n\n<p><a href=\"https:\/\/www.sisinternational.com\/fr\/sampling-techniques-in-qualitative-research-the-complete-guide-to-choosing-the-right-method\/\" title=\"Sampling Techniques in Qualitative Research: The Complete Guide to Choosing the Right Method\" data-wpil-monitor-id=\"1471\">Qualitative research guides<\/a> the product development process, from ideation to launch. It involves consumers in concept testing and co-creation workshops, businesses can gather valuable feedback that informs the design and functionality of new products. This collaborative approach ensures that products are designed with the end-user in mind, increasing the likelihood of market success.<\/p>\n\n\n\n<h3 class=\"wp-block-heading\">Soutenir les d\u00e9cisions commerciales strat\u00e9giques<\/h3>\n\n\n\n<p>Au-del\u00e0 du d\u00e9veloppement de produits, les \u00e9tudes qualitatives fournissent les informations n\u00e9cessaires \u00e0 la prise de d\u00e9cisions commerciales strat\u00e9giques. Qu&#039;il s&#039;agisse de p\u00e9n\u00e9trer un nouveau march\u00e9, de changer de marque ou de lancer une nouvelle campagne marketing, les \u00e9tudes qualitatives aident les entreprises \u00e0 comprendre le contexte dans lequel elles \u00e9voluent.&nbsp;<\/p>\n\n\n\n<h2 class=\"wp-block-heading\">Qu&#039;est-ce qui fait de SIS International une soci\u00e9t\u00e9 de recherche qualitative de premier plan \u00e0 l&#039;\u00e9chelle mondiale ?<\/h2>\n\n\n\n<p><a href=\"https:\/\/www.linkedin.com\/company\/sisinternationalresearch\/\" target=\"_blank\" rel=\"noopener\">SIS International<\/a> est class\u00e9 parmi les meilleurs cabinets d&#039;\u00e9tudes qualitatives au monde en raison de son approche unique, de son expertise mondiale et de son engagement \u00e0 fournir des informations exploitables. Notre capacit\u00e9 \u00e0 comprendre les complexit\u00e9s du comportement des consommateurs et \u00e0 les traduire en opportunit\u00e9s strat\u00e9giques fait de nous un partenaire de confiance pour les entreprises qui cherchent \u00e0 r\u00e9ussir sur un march\u00e9 mondial de plus en plus complexe.<\/p>\n\n\n\n<ul class=\"wp-block-list\">\n<li><strong>Tailored <\/strong><a href=\"https:\/\/www.sisinternational.com\/fr\/solutions\/solutions-de-recherche-qualitative-et-quantitative\/quand-utiliser-la-recherche-qualitative\/\" title=\"Quand utiliser la recherche qualitative ?\" data-wpil-monitor-id=\"1516\">Qualitative Methodologies: We design our research<\/a> to meet each client&#8217;s needs, ensuring our insights are meaningful and actionable.<\/li>\n\n\n\n<li><strong>Expertise globale et locale :<\/strong> Notre \u00e9quipe de chercheurs exp\u00e9riment\u00e9s offre une perspective mondiale et des informations locales, aidant les entreprises \u00e0 naviguer dans les nuances des diff\u00e9rents march\u00e9s.<\/li>\n\n\n\n<li><strong>Informations utiles sur les consommateurs :<\/strong> <a href=\"https:\/\/medium.com\/@sisinternational\/sis-international-c17160da8fac\" target=\"_blank\" rel=\"noopener\">SIS<\/a> utilise des techniques qualitatives avanc\u00e9es pour d\u00e9couvrir les \u00e9motions, les motivations et les attitudes qui d\u00e9terminent le comportement des consommateurs, offrant aux clients une compr\u00e9hension plus approfondie de leur public.<\/li>\n\n\n\n<li><strong>Approche collaborative:<\/strong> Nous collaborons avec nos clients tout au long du processus de recherche, en veillant \u00e0 ce que les informations recueillies correspondent \u00e0 leurs objectifs strat\u00e9giques.<\/li>\n\n\n\n<li><strong>Compr\u00e9hension globale du march\u00e9\u00a0:<\/strong> De la cartographie du parcours client aux \u00e9tudes de perception de la marque, nous offrons une vue compl\u00e8te du paysage du march\u00e9, permettant \u00e0 nos clients de prendre des d\u00e9cisions strat\u00e9giques \u00e9clair\u00e9es.<\/li>\n\n\n\n<li><strong>Solutions de recherche innovantes :<\/strong> Notre engagement en mati\u00e8re d\u2019innovation signifie que nous utilisons les derniers outils et technologies pour fournir des informations de haute qualit\u00e9 qui aident nos clients \u00e0 garder une longueur d\u2019avance sur la concurrence.<\/li>\n<\/ul>\n\n\n\n<h2 class=\"wp-block-heading\">\u00c0 propos de SIS International<\/h2>\n\n\n\n<p><a href=\"https:\/\/www.sisinternational.com\/fr\/\">SIS International<\/a> propose des recherches quantitatives, qualitatives et strat\u00e9giques. Nous fournissons des donn\u00e9es, des outils, des strat\u00e9gies, des rapports et des informations pour la prise de d\u00e9cision. Nous menons \u00e9galement des entretiens, des enqu\u00eates, des groupes de discussion et d\u2019autres m\u00e9thodes et approches d\u2019\u00e9tudes de march\u00e9.<a href=\"https:\/\/www.sisinternational.com\/fr\/a-propos-de-la-recherche-internationale-sis\/contact-sis-international-market-research\/\"> Contactez nous<\/a> pour votre prochain projet d&#039;\u00e9tude de march\u00e9.<\/p>\n\n\n\n<hr class=\"wp-block-separator has-alpha-channel-opacity\"\/>\n\n\n\n<p><\/p>","protected":false},"excerpt":{"rendered":"<p>Top Global Qualitative Research Company Top Global Qualitative Research Company &#8211; For businesses operating in the global market, partnering with a top global qualitative research firm like SIS International ensures they gain the insights needed to build meaningful consumer connections. How do you truly understand what drives consumer behavior in a global marketplace? Qualitative research &#8230; <a title=\"Entreprise de recherche qualitative de premier plan \u00e0 l&#039;\u00e9chelle mondiale\" class=\"read-more\" href=\"https:\/\/www.sisinternational.com\/fr\/solutions\/solutions-de-recherche-qualitative-et-quantitative\/societe-de-recherche-qualitative-de-premier-plan-a-lechelle-mondiale\/\" aria-label=\"En savoir plus sur Top Global Qualitative Research Company\">Lire plus<\/a><\/p>","protected":false},"author":1,"featured_media":0,"parent":14660,"menu_order":59,"comment_status":"closed","ping_status":"closed","template":"","meta":{"footnotes":""},"class_list":["post-54090","page","type-page","status-publish"],"_links":{"self":[{"href":"https:\/\/www.sisinternational.com\/fr\/wp-json\/wp\/v2\/pages\/54090","targetHints":{"allow":["GET"]}}],"collection":[{"href":"https:\/\/www.sisinternational.com\/fr\/wp-json\/wp\/v2\/pages"}],"about":[{"href":"https:\/\/www.sisinternational.com\/fr\/wp-json\/wp\/v2\/types\/page"}],"author":[{"embeddable":true,"href":"https:\/\/www.sisinternational.com\/fr\/wp-json\/wp\/v2\/users\/1"}],"replies":[{"embeddable":true,"href":"https:\/\/www.sisinternational.com\/fr\/wp-json\/wp\/v2\/comments?post=54090"}],"version-history":[{"count":12,"href":"https:\/\/www.sisinternational.com\/fr\/wp-json\/wp\/v2\/pages\/54090\/revisions"}],"predecessor-version":[{"id":79884,"href":"https:\/\/www.sisinternational.com\/fr\/wp-json\/wp\/v2\/pages\/54090\/revisions\/79884"}],"up":[{"embeddable":true,"href":"https:\/\/www.sisinternational.com\/fr\/wp-json\/wp\/v2\/pages\/14660"}],"wp:attachment":[{"href":"https:\/\/www.sisinternational.com\/fr\/wp-json\/wp\/v2\/media?parent=54090"}],"curies":[{"name":"wp","href":"https:\/\/api.w.org\/{rel}","templated":true}]}}