{"id":54082,"date":"2024-11-18T05:42:28","date_gmt":"2024-11-18T10:42:28","guid":{"rendered":"https:\/\/www.sisinternational.com\/?page_id=54082"},"modified":"2026-03-05T23:15:14","modified_gmt":"2026-03-06T04:15:14","slug":"societe-danalyse-industrielle-de-premier-plan-a-new-york","status":"publish","type":"page","link":"https:\/\/www.sisinternational.com\/fr\/couverture\/north-america\/couverture-des-etats-unis\/societe-danalyse-industrielle-de-premier-plan-a-new-york\/","title":{"rendered":"Meilleure soci\u00e9t\u00e9 d&#039;analyse industrielle \u00e0 New York"},"content":{"rendered":"<h1 class=\"wp-block-heading\">Meilleure soci\u00e9t\u00e9 d&#039;analyse industrielle \u00e0 New York<\/h1>\n\n\n\n<figure class=\"gb-block-image gb-block-image-829de2af\"><img loading=\"lazy\" decoding=\"async\" width=\"1456\" height=\"816\" class=\"gb-image gb-image-829de2af\" src=\"https:\/\/www.sisinternational.com\/wp-content\/uploads\/2025\/09\/New-York-12.jpg\" alt=\"\u00c9tudes de march\u00e9 et strat\u00e9gie internationales SIS\" title=\"New York (12)\" srcset=\"https:\/\/www.sisinternational.com\/wp-content\/uploads\/2025\/09\/New-York-12.jpg 1456w, https:\/\/www.sisinternational.com\/wp-content\/uploads\/2025\/09\/New-York-12-300x168.jpg 300w, https:\/\/www.sisinternational.com\/wp-content\/uploads\/2025\/09\/New-York-12-1024x574.jpg 1024w, https:\/\/www.sisinternational.com\/wp-content\/uploads\/2025\/09\/New-York-12-768x430.jpg 768w, https:\/\/www.sisinternational.com\/wp-content\/uploads\/2025\/09\/New-York-12-18x10.jpg 18w\" sizes=\"auto, (max-width: 1456px) 100vw, 1456px\"><\/figure>\n\n\n\n<p><\/p>\n\n\n\n<p>New York est l\u2019un des environnements commerciaux les plus comp\u00e9titifs au monde. Les entreprises doivent donc avoir une compr\u00e9hension approfondie des tendances du secteur, de la dynamique de la concurrence et des besoins des clients pour r\u00e9ussir ici. C\u2019est l\u00e0 qu\u2019une soci\u00e9t\u00e9 d\u2019analyse sectorielle de premier plan \u00e0 New York devient un partenaire inestimable !<\/p>\n\n\n\n<h2 class=\"wp-block-heading\">Qu\u2019est-ce que l\u2019analyse industrielle ?<\/h2>\n\n\n\n<p>L&#039;analyse sectorielle est une \u00e9valuation compl\u00e8te de l&#039;environnement \u00e9conomique d&#039;une entreprise. Elle examine les tendances du march\u00e9, la dynamique concurrentielle et les principaux facteurs moteurs du secteur pour aider les entreprises \u00e0 prendre des d\u00e9cisions \u00e9clair\u00e9es. L&#039;analyse sectorielle offre aux entreprises une vue \u00e0 360 degr\u00e9s de l&#039;environnement concurrentiel, couvrant divers aspects tels que la compr\u00e9hension du paysage concurrentiel, l&#039;\u00e9valuation des besoins des clients, l&#039;\u00e9valuation des avanc\u00e9es technologiques et le suivi des changements r\u00e9glementaires.&nbsp;<\/p>\n\n\n\n<h2 class=\"wp-block-heading\">Pourquoi l\u2019analyse de l\u2019industrie est-elle importante ?<\/h2>\n\n\n\n<p>Pour les entreprises op\u00e9rant sur un march\u00e9 aussi diversifi\u00e9 et en \u00e9volution rapide que celui de New York, l\u2019analyse sectorielle est essentielle \u00e0 la r\u00e9ussite. Voici quelques raisons pour lesquelles l\u2019analyse sectorielle est si importante :<\/p>\n\n\n\n<p><strong>1. Planification strat\u00e9gique \u00e9clair\u00e9e<\/strong><strong><br><\/strong>By knowing the current state of the market, anticipated trends, and potential disruptions, businesses can make informed decisions about where to allocate resources, which segments to target, and how to position their products. Working with a <a href=\"https:\/\/www.sisinternational.com\/fr\/societe-de-referencement-des-principaux-concurrents\/\" title=\"Meilleure entreprise d&#039;analyse comparative des concurrents\"  data-wpil-monitor-id=\"1204\">top industry analysis company<\/a> in NY ensures businesses have access to accurate data that forms the foundation of effective strategic planning.<\/p>\n\n\n\n<p><strong>2. Identifier les opportunit\u00e9s de croissance<\/strong><strong><br><\/strong>Industry analysis helps businesses uncover emerging opportunities that may not be immediately apparent. For example, shifts in consumer preferences, technological advancements, or regulatory changes can create new market segments. A <a href=\"https:\/\/www.sisinternational.com\/fr\/societe-de-veille-concurrentielle-de-premier-plan\/\" title=\"Meilleure soci\u00e9t\u00e9 de veille concurrentielle\"  data-wpil-monitor-id=\"1276\">top industry analysis company<\/a> in NY can help identify these opportunities early, giving businesses a competitive advantage.<\/p>\n\n\n\n<p><strong>3. Analyse comparative de la concurrence<\/strong><strong><br><\/strong>L&#039;analyse sectorielle fournit des informations sur les forces et les faiblesses des concurrents, ce qui permet aux entreprises d&#039;\u00e9valuer leurs performances et d&#039;identifier les domaines \u00e0 am\u00e9liorer. En comprenant les strat\u00e9gies, les prix, les offres de produits et les parts de march\u00e9 des concurrents, les entreprises peuvent proc\u00e9der \u00e0 des ajustements strat\u00e9giques qui les aident \u00e0 garder une longueur d&#039;avance.<\/p>\n\n\n\n<p><strong>4. Prise de d\u00e9cision bas\u00e9e sur les donn\u00e9es<\/strong><strong><br><\/strong>In today\u2019s business world, decisions need to be backed by data. Industry analysis provides the necessary data to make decisions confidently and effectively. A <a href=\"https:\/\/www.sisinternational.com\/fr\/societe-de-prevision-des-principales-tendances-du-secteur-b2b\/\" title=\"Entreprise de pr\u00e9vision des principales tendances du secteur B2B\"  data-wpil-monitor-id=\"1612\">top industry analysis company<\/a> in NY delivers accurate and timely data, helping companies navigate the complexities of the market and make choices that align with their goals.<\/p>\n\n\n\n<h2 class=\"wp-block-heading\">Principales qualit\u00e9s d&#039;une soci\u00e9t\u00e9 d&#039;analyse sectorielle de premier plan \u00e0 New York<\/h2>\n\n\n\n<p>Choosing the right industry <a href=\"https:\/\/www.sisinternational.com\/fr\/opportunites-et-obstacles-bancaires-islamiques-pour-le-secteur-financier-americain\/\" title=\"Banque islamique\u00a0: opportunit\u00e9s et obstacles pour le secteur financier am\u00e9ricain\"  data-wpil-monitor-id=\"6707\">analysis company<\/a> can be the difference between strategic success and missed opportunities. When it comes to navigating the fast-paced and competitive business environment of New York, companies need a partner that not only understands the landscape but also brings the right expertise, tools, and insights. Here are the key qualities that define a top industry analysis company in NY:<\/p>\n\n\n<div class=\"wp-block-image\">\n<figure class=\"aligncenter size-full\"><img loading=\"lazy\" decoding=\"async\" width=\"792\" height=\"624\" src=\"https:\/\/www.sisinternational.com\/wp-content\/uploads\/2024\/11\/Top-Industry-Analysis-Company-in-NY.png\" alt=\"\u00c9tudes de march\u00e9 et strat\u00e9gie internationales SIS\" class=\"wp-image-54083\" srcset=\"https:\/\/www.sisinternational.com\/wp-content\/uploads\/2024\/11\/Top-Industry-Analysis-Company-in-NY.png 792w, https:\/\/www.sisinternational.com\/wp-content\/uploads\/2024\/11\/Top-Industry-Analysis-Company-in-NY-300x236.png 300w, https:\/\/www.sisinternational.com\/wp-content\/uploads\/2024\/11\/Top-Industry-Analysis-Company-in-NY-768x605.png 768w, https:\/\/www.sisinternational.com\/wp-content\/uploads\/2024\/11\/Top-Industry-Analysis-Company-in-NY-15x12.png 15w\" sizes=\"auto, (max-width: 792px) 100vw, 792px\" \/><\/figure>\n<\/div>\n\n\n<p><\/p>\n\n\n\n<p><strong>1. Expertise du march\u00e9 local<\/strong><strong><br><\/strong>New York est un march\u00e9 unique avec ses moteurs \u00e9conomiques, sa d\u00e9mographie client et son paysage concurrentiel. Une soci\u00e9t\u00e9 d&#039;analyse sectorielle de premier plan \u00e0 New York doit poss\u00e9der une connaissance approfondie de l&#039;environnement commercial local, notamment une compr\u00e9hension des tendances sp\u00e9cifiques \u00e0 chaque secteur, de la dynamique du march\u00e9 r\u00e9gional et des principaux d\u00e9fis auxquels sont confront\u00e9es les entreprises de la ville.&nbsp;<\/p>\n\n\n\n<p><strong>2. Analyse compl\u00e8te des donn\u00e9es<\/strong><strong><br><\/strong>L\u2019analyse sectorielle efficace repose sur l\u2019acc\u00e8s \u00e0 des donn\u00e9es de haute qualit\u00e9 et la capacit\u00e9 \u00e0 transformer ces donn\u00e9es en informations exploitables. Une soci\u00e9t\u00e9 d\u2019analyse sectorielle de premier plan doit \u00eatre comp\u00e9tente en mati\u00e8re d\u2019analyse de donn\u00e9es, en utilisant des donn\u00e9es quantitatives et qualitatives pour fournir une image compl\u00e8te du march\u00e9. Cela comprend l\u2019utilisation de technologies avanc\u00e9es telles que l\u2019IA et les tableaux de bord PowerBi pour collecter, traiter et visualiser les donn\u00e9es de mani\u00e8re significative.&nbsp;<\/p>\n\n\n\n<p><strong>3. Des informations et des solutions personnalis\u00e9es<\/strong><strong><br><\/strong>Une soci\u00e9t\u00e9 d&#039;analyse sectorielle de premier plan \u00e0 New York adopte une approche centr\u00e9e sur le client, fournissant des informations et des solutions personnalis\u00e9es qui r\u00e9pondent aux besoins uniques de chaque client. Qu&#039;il s&#039;agisse d&#039;\u00e9valuer de nouvelles opportunit\u00e9s de march\u00e9, de comparer les performances \u00e0 celles des concurrents ou d&#039;identifier des segments de client\u00e8le pour un marketing cibl\u00e9, une approche personnalis\u00e9e garantit que les entreprises re\u00e7oivent les informations sp\u00e9cifiques dont elles ont besoin pour r\u00e9ussir.&nbsp;<\/p>\n\n\n\n<p><strong>4. Ant\u00e9c\u00e9dents de r\u00e9ussite av\u00e9r\u00e9s<\/strong><strong><br><\/strong>L&#039;exp\u00e9rience est importante, surtout lors du choix d&#039;un partenaire d&#039;analyse sectorielle. Une soci\u00e9t\u00e9 d&#039;analyse sectorielle de premier plan \u00e0 New York doit avoir fait ses preuves en mati\u00e8re de r\u00e9sultats pour un large \u00e9ventail de clients, des petites start-ups aux entreprises du Fortune 500.&nbsp;<\/p>\n\n\n\n<p><strong>5. Concentrez-vous sur les informations exploitables<\/strong><strong><br><\/strong>A top industry <a href=\"https:\/\/www.sisinternational.com\/fr\/venezuela-oil-mining-industry-potential-strategic-forecast-2026-2036\/\" title=\"Venezuela Oil &amp; Mining Industry Potential: Strategic Forecast 2026-2036\"  data-wpil-monitor-id=\"6923\">analysis company<\/a> goes beyond simply reporting numbers\u2014it provides strategic recommendations that help businesses act on the insights it receives. This includes identifying growth opportunities, suggesting operational improvements, and outlining strategic actions to enhance competitiveness.&nbsp;<\/p>\n\n\n\n<h2 class=\"wp-block-heading\">Comment l&#039;analyse sectorielle favorise la r\u00e9ussite des entreprises<\/h2>\n\n\n\n<figure class=\"gb-block-image gb-block-image-db9da224\"><img loading=\"lazy\" decoding=\"async\" width=\"1456\" height=\"816\" class=\"gb-image gb-image-db9da224\" src=\"https:\/\/www.sisinternational.com\/wp-content\/uploads\/2025\/08\/CEO-CIO-manager-8.jpg\" alt=\"\u00c9tudes de march\u00e9 et strat\u00e9gie internationales SIS\" title=\"CEO CIO manager (8)\" srcset=\"https:\/\/www.sisinternational.com\/wp-content\/uploads\/2025\/08\/CEO-CIO-manager-8.jpg 1456w, https:\/\/www.sisinternational.com\/wp-content\/uploads\/2025\/08\/CEO-CIO-manager-8-300x168.jpg 300w, https:\/\/www.sisinternational.com\/wp-content\/uploads\/2025\/08\/CEO-CIO-manager-8-1024x574.jpg 1024w, https:\/\/www.sisinternational.com\/wp-content\/uploads\/2025\/08\/CEO-CIO-manager-8-768x430.jpg 768w, https:\/\/www.sisinternational.com\/wp-content\/uploads\/2025\/08\/CEO-CIO-manager-8-18x10.jpg 18w\" sizes=\"auto, (max-width: 1456px) 100vw, 1456px\"><\/figure>\n\n\n\n<p><\/p>\n\n\n\n<p>En s&#039;associant \u00e0 une soci\u00e9t\u00e9 d&#039;analyse sectorielle de premier plan \u00e0 New York, les entreprises peuvent obtenir des informations pr\u00e9cieuses qui stimulent la croissance strat\u00e9gique et leur donnent un avantage sur la concurrence. Voici comment l&#039;analyse sectorielle contribue au succ\u00e8s de l&#039;entreprise :<\/p>\n\n\n\n<p><strong>1. Identifier les opportunit\u00e9s de croissance<br><\/strong>One of the primary benefits of industry analysis is its ability to uncover growth opportunities. Companies can identify areas where demand increases or new emerging markets by examining market trends, consumer preferences, and competitive dynamics. This information allows businesses to create targeted strategies to capitalize on these opportunities. For example, a <a href=\"https:\/\/www.sisinternational.com\/fr\/cabinet-devaluation-de-strategie-dentreprise-de-premier-plan\/\" title=\"Cabinet d&#039;\u00e9valuation de strat\u00e9gie d&#039;entreprise de premier plan\"  data-wpil-monitor-id=\"1503\">top industry analysis company in NY<\/a> can help a company determine whether expanding into a specific segment or launching a new product line would be a viable growth strategy.&nbsp;<\/p>\n\n\n\n<p><strong>2. Obtenir un avantage concurrentiel<\/strong><strong><br><\/strong>En \u00e9valuant les forces, les faiblesses, les strat\u00e9gies et les parts de march\u00e9 de leurs concurrents, les entreprises peuvent identifier les domaines dans lesquels elles ont un avantage ou des opportunit\u00e9s de se diff\u00e9rencier. Par exemple, une entreprise peut d\u00e9couvrir qu&#039;un concurrent excelle dans le service client mais est \u00e0 la tra\u00eene en mati\u00e8re d&#039;innovation produit.&nbsp;<\/p>\n\n\n\n<p><strong>3. Att\u00e9nuation des risques<\/strong><strong><br><\/strong>L\u2019analyse sectorielle joue un r\u00f4le crucial dans la r\u00e9duction des risques en identifiant les d\u00e9fis potentiels avant qu\u2019ils ne deviennent des probl\u00e8mes majeurs. Par exemple, supposons qu\u2019une analyse sectorielle r\u00e9v\u00e8le qu\u2019un segment de march\u00e9 particulier est en train de devenir satur\u00e9 ou qu\u2019une nouvelle r\u00e9glementation aura un impact sur le secteur. Dans ce cas, les entreprises peuvent prendre des mesures proactives pour ajuster leurs strat\u00e9gies en cons\u00e9quence.&nbsp;<\/p>\n\n\n\n<p><strong>4. Planification strat\u00e9gique et allocation des ressources<\/strong><strong><br><\/strong>En comprenant la dynamique du march\u00e9, les pressions concurrentielles et les tendances \u00e9mergentes, les entreprises peuvent cr\u00e9er des plans strat\u00e9giques qui s&#039;alignent sur les r\u00e9alit\u00e9s du march\u00e9 et capitaliser sur les opportunit\u00e9s. Cela implique de d\u00e9cider comment allouer les ressources : investir dans de nouvelles technologies, s&#039;\u00e9tendre sur de nouveaux march\u00e9s ou accro\u00eetre les efforts marketing.&nbsp;<\/p>\n\n\n\n<p><strong>5. Am\u00e9liorer l\u2019efficacit\u00e9 op\u00e9rationnelle<br><\/strong>En plus d&#039;\u00e9clairer les d\u00e9cisions strat\u00e9giques, l&#039;analyse sectorielle peut contribuer \u00e0 am\u00e9liorer l&#039;efficacit\u00e9 op\u00e9rationnelle. Les entreprises peuvent identifier les domaines dans lesquels optimiser leurs op\u00e9rations et r\u00e9duire les co\u00fbts en analysant les r\u00e9f\u00e9rences et les meilleures pratiques du secteur. Une soci\u00e9t\u00e9 d&#039;analyse sectorielle de premier plan \u00e0 New York fournit des informations sur les meilleures pratiques op\u00e9rationnelles, permettant aux entreprises d&#039;am\u00e9liorer leur efficacit\u00e9, de r\u00e9duire le gaspillage et d&#039;am\u00e9liorer leurs performances globales.<\/p>\n\n\n\n<p><strong>6. Faciliter l\u2019entr\u00e9e et l\u2019expansion sur le march\u00e9<\/strong><strong><br><\/strong>L&#039;analyse sectorielle est un outil pr\u00e9cieux pour les entreprises qui cherchent \u00e0 p\u00e9n\u00e9trer de nouveaux march\u00e9s. Elle les aide \u00e0 comprendre les conditions du march\u00e9, les pr\u00e9f\u00e9rences des clients et les d\u00e9fis potentiels. Une soci\u00e9t\u00e9 d&#039;analyse sectorielle de premier plan \u00e0 New York peut aider les entreprises \u00e0 \u00e9valuer la faisabilit\u00e9 de leur entr\u00e9e sur un nouveau march\u00e9, \u00e0 identifier les segments les plus prometteurs et \u00e0 d\u00e9velopper une strat\u00e9gie d&#039;entr\u00e9e sur le march\u00e9 efficace.&nbsp;<\/p>\n\n\n\n<h2 class=\"wp-block-heading\">Qu&#039;est-ce qui fait de SIS International une soci\u00e9t\u00e9 d&#039;analyse industrielle de premier plan \u00e0 New York<\/h2>\n\n\n\n<p>Depuis plus de 40 ans, <a href=\"https:\/\/medium.com\/@sisinternational\/sis-international-c17160da8fac\" target=\"_blank\" rel=\"noopener\">SIS<\/a> SIS International est un partenaire de confiance pour les entreprises \u00e0 la recherche d&#039;analyses sectorielles compl\u00e8tes et d&#039;informations strat\u00e9giques. Notre exp\u00e9rience s&#039;\u00e9tend sur plus de 120 pays et nous avons travaill\u00e9 avec certaines des entreprises les plus influentes au monde, dont plus de 701 TP3T du Fortune 500. Voici pourquoi SIS International est reconnue comme l&#039;une des meilleures soci\u00e9t\u00e9s d&#039;analyse sectorielle \u00e0 New York :<\/p>\n\n\n<p>\n\n\n<\/p>\n<h3 class=\"wp-block-heading\" style=\"padding-left: 40px;\">Exp\u00e9rience av\u00e9r\u00e9e aupr\u00e8s des entreprises Fortune 500<\/h3>\n<p style=\"padding-left: 40px;\">\n\n\n\n<\/p>\n<p style=\"padding-left: 40px;\">Nos ant\u00e9c\u00e9dents parlent d&#039;eux-m\u00eames : nous avons travaill\u00e9 avec certaines des entreprises les plus importantes et les plus influentes au monde, dont plus de 701 entreprises du classement Fortune 500. Que nous travaillions avec des start-ups ou des multinationales, nous fournissons syst\u00e9matiquement des informations pr\u00e9cieuses qui orientent les d\u00e9cisions strat\u00e9giques et favorisent la croissance des entreprises. Notre exp\u00e9rience dans divers secteurs nous permet de fournir des informations pertinentes et exploitables qui aident les entreprises \u00e0 prosp\u00e9rer sur un march\u00e9 concurrentiel.<\/p>\n<p style=\"padding-left: 40px;\">\n\n\n\n<\/p>\n<h3 class=\"wp-block-heading\" style=\"padding-left: 40px;\">Des solutions compl\u00e8tes pour tous les besoins de l&#039;entreprise<\/h3>\n<p style=\"padding-left: 40px;\">\n\n\n\n<\/p>\n<p style=\"padding-left: 40px;\">We offer a wide range of solutions that cater to the different aspects of business growth and strategy. Our services include Brand Consulting, <a class=\"wpil_keyword_link\" href=\"https:\/\/www.sisinternational.com\/fr\/analyse-de-la-satisfaction-client\/\" title=\"8 fa\u00e7ons d&#039;augmenter la satisfaction des clients dans le commerce de d\u00e9tail\" data-wpil-keyword-link=\"linked\" data-wpil-monitor-id=\"178\">Customer Satisfaction Analysis<\/a>, Market Entry Strategy, Sales Growth Consulting, Focus Groups, and Qualitative and quantitative Research. By offering comprehensive solutions, we ensure our clients have everything they need to understand their industry, refine their strategies, and achieve their business goals.\u00a0<\/p>\n<p style=\"padding-left: 40px;\">\n\n\n\n<\/p>\n<h3 class=\"wp-block-heading\" style=\"padding-left: 40px;\">Int\u00e9gration de technologies de pointe<\/h3>\n<p style=\"padding-left: 40px;\">\n\n\n\n<\/p>\n<p style=\"padding-left: 40px;\">La technologie est au c\u0153ur de ce que nous faisons. <a href=\"https:\/\/twitter.com\/SISIntlResearch\" target=\"_blank\" rel=\"noopener\">SIS<\/a>, nous exploitons les derni\u00e8res technologies, notamment l&#039;IA, la blockchain et les tableaux de bord PowerBi, pour fournir des informations plus pr\u00e9cises, d\u00e9taill\u00e9es et exploitables. L&#039;IA nous aide \u00e0 traiter efficacement de grands volumes de donn\u00e9es et fournit des analyses pr\u00e9dictives, tandis que la blockchain garantit la s\u00e9curit\u00e9 et la transparence des donn\u00e9es. Nos tableaux de bord PowerBi permettent aux clients de visualiser des donn\u00e9es complexes dans un format facile \u00e0 comprendre, permettant ainsi une meilleure prise de d\u00e9cision.\u00a0<\/p>\n<p style=\"padding-left: 40px;\">\n\n\n\n<\/p>\n<h3 class=\"wp-block-heading\" style=\"padding-left: 40px;\">Une \u00e9quipe exp\u00e9riment\u00e9e et diversifi\u00e9e<\/h3>\n<p style=\"padding-left: 40px;\">\n\n\n\n<\/p>\n<p style=\"padding-left: 40px;\">Notre succ\u00e8s repose sur plus de 150 employ\u00e9s et collaborateurs qui apportent une expertise diversifi\u00e9e \u00e0 chaque projet. Des sp\u00e9cialistes des \u00e9tudes de march\u00e9 aux analystes de donn\u00e9es et aux consultants strat\u00e9giques, notre \u00e9quipe se consacre \u00e0 l&#039;excellence en mati\u00e8re d&#039;analyse sectorielle. Cette expertise diversifi\u00e9e nous permet d&#039;aborder les probl\u00e8mes sous diff\u00e9rents angles, garantissant ainsi \u00e0 nos clients des solutions compl\u00e8tes et efficaces qui r\u00e9pondent \u00e0 leurs besoins.<\/p>\n<p style=\"padding-left: 40px;\">\n\n\n\n<\/p>\n<h2 class=\"wp-block-heading\" style=\"padding-left: 40px;\">Approche centr\u00e9e sur le client et solutions personnalis\u00e9es<\/h2>\n<p style=\"padding-left: 40px;\">\n\n\n\n<\/p>\n<p style=\"padding-left: 40px;\">\u00c0 <a href=\"https:\/\/www.linkedin.com\/company\/sisinternationalresearch\/\" target=\"_blank\" rel=\"noopener\">SIS International<\/a>, nous adoptons une approche centr\u00e9e sur le client pour chaque projet. Nous comprenons qu&#039;aucune entreprise n&#039;est identique, c&#039;est pourquoi nous proposons des solutions personnalis\u00e9es adapt\u00e9es aux besoins uniques de chaque client. Qu&#039;il s&#039;agisse d&#039;aider une start-up \u00e0 p\u00e9n\u00e9trer un nouveau march\u00e9 ou d&#039;aider une entreprise Fortune 500 \u00e0 affiner sa strat\u00e9gie, nous travaillons en \u00e9troite collaboration avec nos clients pour garantir que nos connaissances correspondent \u00e0 leurs objectifs commerciaux. Notre concentration sur la personnalisation garantit que nos clients re\u00e7oivent la valeur maximale de nos services d&#039;analyse sectorielle.<\/p>\n<p>\n\n\n<\/p>\n\n\n<h2 class=\"wp-block-heading\">\u00c0 propos de SIS International<\/h2>\n\n\n\n<p><a href=\"https:\/\/www.sisinternational.com\/fr\/\">SIS International<\/a> propose des recherches quantitatives, qualitatives et strat\u00e9giques. Nous fournissons des donn\u00e9es, des outils, des strat\u00e9gies, des rapports et des informations pour la prise de d\u00e9cision. Nous menons \u00e9galement des entretiens, des enqu\u00eates, des groupes de discussion et d\u2019autres m\u00e9thodes et approches d\u2019\u00e9tudes de march\u00e9.<a href=\"https:\/\/www.sisinternational.com\/fr\/a-propos-de-la-recherche-internationale-sis\/contact-sis-international-market-research\/\"> Contactez nous<\/a> pour votre prochain projet d&#039;\u00e9tude de march\u00e9.<\/p>\n\n\n\n<hr class=\"wp-block-separator has-alpha-channel-opacity\"\/>","protected":false},"excerpt":{"rendered":"<p>Top Industry Analysis Company in NY New York is one of the most competitive business environments in the world \u2013 and companies need a deep understanding of industry trends, competitor dynamics, and customer needs to succeed here. This is where a top industry analysis company in NY becomes an invaluable partner! What is Industry Analysis? &#8230; <a title=\"Meilleure soci\u00e9t\u00e9 d&#039;analyse industrielle \u00e0 New York\" class=\"read-more\" href=\"https:\/\/www.sisinternational.com\/fr\/couverture\/north-america\/couverture-des-etats-unis\/societe-danalyse-industrielle-de-premier-plan-a-new-york\/\" aria-label=\"En savoir plus sur Top Industry Analysis Company in NY\">Lire plus<\/a><\/p>","protected":false},"author":1,"featured_media":66478,"parent":19303,"menu_order":79,"comment_status":"closed","ping_status":"closed","template":"","meta":{"footnotes":""},"class_list":["post-54082","page","type-page","status-publish","has-post-thumbnail"],"_links":{"self":[{"href":"https:\/\/www.sisinternational.com\/fr\/wp-json\/wp\/v2\/pages\/54082","targetHints":{"allow":["GET"]}}],"collection":[{"href":"https:\/\/www.sisinternational.com\/fr\/wp-json\/wp\/v2\/pages"}],"about":[{"href":"https:\/\/www.sisinternational.com\/fr\/wp-json\/wp\/v2\/types\/page"}],"author":[{"embeddable":true,"href":"https:\/\/www.sisinternational.com\/fr\/wp-json\/wp\/v2\/users\/1"}],"replies":[{"embeddable":true,"href":"https:\/\/www.sisinternational.com\/fr\/wp-json\/wp\/v2\/comments?post=54082"}],"version-history":[{"count":12,"href":"https:\/\/www.sisinternational.com\/fr\/wp-json\/wp\/v2\/pages\/54082\/revisions"}],"predecessor-version":[{"id":80491,"href":"https:\/\/www.sisinternational.com\/fr\/wp-json\/wp\/v2\/pages\/54082\/revisions\/80491"}],"up":[{"embeddable":true,"href":"https:\/\/www.sisinternational.com\/fr\/wp-json\/wp\/v2\/pages\/19303"}],"wp:featuredmedia":[{"embeddable":true,"href":"https:\/\/www.sisinternational.com\/fr\/wp-json\/wp\/v2\/media\/66478"}],"wp:attachment":[{"href":"https:\/\/www.sisinternational.com\/fr\/wp-json\/wp\/v2\/media?parent=54082"}],"curies":[{"name":"wp","href":"https:\/\/api.w.org\/{rel}","templated":true}]}}