{"id":54074,"date":"2024-11-14T05:18:04","date_gmt":"2024-11-14T10:18:04","guid":{"rendered":"https:\/\/www.sisinternational.com\/?page_id=54074"},"modified":"2026-03-25T01:00:39","modified_gmt":"2026-03-25T05:00:39","slug":"societe-de-referencement-des-principaux-concurrents","status":"publish","type":"page","link":"https:\/\/www.sisinternational.com\/fr\/solutions\/conseil-en-strategie\/societe-de-referencement-des-principaux-concurrents\/","title":{"rendered":"Meilleure entreprise d&#039;analyse comparative des concurrents"},"content":{"rendered":"<h1 class=\"wp-block-heading\">Meilleure entreprise d&#039;analyse comparative des concurrents<\/h1>\n\n\n\n<figure class=\"gb-block-image gb-block-image-bc59f4fd\"><img loading=\"lazy\" decoding=\"async\" width=\"1456\" height=\"816\" class=\"gb-image gb-image-bc59f4fd\" src=\"https:\/\/www.sisinternational.com\/wp-content\/uploads\/2025\/09\/Research-17.jpg\" alt=\"\u00c9tudes de march\u00e9 et strat\u00e9gie internationales SIS\" title=\"Research (17)\" srcset=\"https:\/\/www.sisinternational.com\/wp-content\/uploads\/2025\/09\/Research-17.jpg 1456w, https:\/\/www.sisinternational.com\/wp-content\/uploads\/2025\/09\/Research-17-300x168.jpg 300w, https:\/\/www.sisinternational.com\/wp-content\/uploads\/2025\/09\/Research-17-1024x574.jpg 1024w, https:\/\/www.sisinternational.com\/wp-content\/uploads\/2025\/09\/Research-17-768x430.jpg 768w, https:\/\/www.sisinternational.com\/wp-content\/uploads\/2025\/09\/Research-17-18x10.jpg 18w\" sizes=\"auto, (max-width: 1456px) 100vw, 1456px\"><\/figure>\n\n\n\n<p><\/p>\n\n\n\n<h3 class=\"wp-block-heading\">Travailler avec une soci\u00e9t\u00e9 d\u2019analyse comparative de concurrents de premier plan comme SIS International peut vous aider \u00e0 identifier les opportunit\u00e9s de croissance, d\u2019am\u00e9lioration de l\u2019efficacit\u00e9 et de satisfaction client accrue.<\/h3>\n\n\n\n<p>Comment votre entreprise peut-elle garder une longueur d&#039;avance dans le paysage concurrentiel actuel ? L&#039;analyse comparative des concurrents est la cl\u00e9 pour obtenir des informations sur les performances du secteur, les points forts des concurrents et les domaines dans lesquels votre entreprise peut prendre l&#039;avantage. Un partenariat avec une soci\u00e9t\u00e9 d&#039;analyse comparative des concurrents de premier plan offre aux entreprises les outils et les informations bas\u00e9es sur les donn\u00e9es pour am\u00e9liorer la prise de d\u00e9cision strat\u00e9gique et maintenir la comp\u00e9titivit\u00e9.<\/p>\n\n\n\n<h2 class=\"wp-block-heading\">Qu&#039;est-ce que l&#039;analyse comparative des concurrents ?<\/h2>\n\n\n\n<p>L&#039;analyse comparative des concurrents permet aux entreprises d&#039;\u00e9valuer leurs performances par rapport aux principaux acteurs du secteur. Les entreprises peuvent obtenir des informations qui favorisent les am\u00e9liorations et l&#039;innovation en comprenant ce que font bien leurs concurrents et o\u00f9 ils peuvent \u00e9chouer. Ce processus aide les entreprises \u00e0 identifier les meilleures pratiques, \u00e0 comprendre leur position concurrentielle et \u00e0 reconna\u00eetre les domaines \u00e0 am\u00e9liorer.<\/p>\n\n\n\n<p>UN <a href=\"https:\/\/www.sisinternational.com\/fr\/societe-danalyse-industrielle-de-premier-plan-a-new-york\/\" title=\"Meilleure soci\u00e9t\u00e9 d&#039;analyse industrielle \u00e0 New York\"  data-wpil-monitor-id=\"1128\">soci\u00e9t\u00e9 de r\u00e9f\u00e9rencement des principaux concurrents<\/a> utilizes various metrics such as financial performance, customer satisfaction, operational efficiency, and marketing effectiveness, to analyze competitors&#8217; strengths and weaknesses.&nbsp;<\/p>\n\n\n\n<h2 class=\"wp-block-heading\">Principaux avantages de l\u2019analyse comparative des concurrents<\/h2>\n\n\n\n<figure class=\"gb-block-image gb-block-image-5755d0dc\"><img loading=\"lazy\" decoding=\"async\" width=\"1456\" height=\"816\" class=\"gb-image gb-image-5755d0dc\" src=\"https:\/\/www.sisinternational.com\/wp-content\/uploads\/2025\/09\/Research-4.jpg\" alt=\"\u00c9tudes de march\u00e9 et strat\u00e9gie internationales SIS\" title=\"Research (4)\" srcset=\"https:\/\/www.sisinternational.com\/wp-content\/uploads\/2025\/09\/Research-4.jpg 1456w, https:\/\/www.sisinternational.com\/wp-content\/uploads\/2025\/09\/Research-4-300x168.jpg 300w, https:\/\/www.sisinternational.com\/wp-content\/uploads\/2025\/09\/Research-4-1024x574.jpg 1024w, https:\/\/www.sisinternational.com\/wp-content\/uploads\/2025\/09\/Research-4-768x430.jpg 768w, https:\/\/www.sisinternational.com\/wp-content\/uploads\/2025\/09\/Research-4-18x10.jpg 18w\" sizes=\"auto, (max-width: 1456px) 100vw, 1456px\"><\/figure>\n\n\n\n<p><\/p>\n\n\n\n<p>Un partenariat avec une soci\u00e9t\u00e9 d\u2019analyse comparative de concurrents de premier plan offre plusieurs avantages qui peuvent avoir un impact significatif sur la croissance et le succ\u00e8s de l\u2019entreprise :<\/p>\n\n\n\n<ul class=\"wp-block-list\">\n<li><strong>Identifier les meilleures pratiques<\/strong>:En analysant les strat\u00e9gies et les pratiques des principaux concurrents, les entreprises peuvent d\u00e9terminer ce qui fonctionne bien dans le secteur et adopter des approches similaires pour am\u00e9liorer leurs performances.<\/li>\n\n\n\n<li><strong>D\u00e9couvrir des opportunit\u00e9s d\u2019am\u00e9lioration<\/strong>:L&#039;analyse comparative des concurrents met en \u00e9vidence les domaines dans lesquels une entreprise peut \u00e9chouer par rapport \u00e0 ses concurrents. Ces informations permettent aux entreprises de proc\u00e9der \u00e0 des ajustements strat\u00e9giques et d&#039;am\u00e9liorer leur efficacit\u00e9.<\/li>\n\n\n\n<li><strong>Prise de d\u00e9cision am\u00e9lior\u00e9e<\/strong>:Avec l\u2019acc\u00e8s \u00e0 des donn\u00e9es d\u00e9taill\u00e9es sur la concurrence, les entreprises peuvent prendre des d\u00e9cisions plus \u00e9clair\u00e9es sur le d\u00e9veloppement de produits, les strat\u00e9gies marketing, les prix et le service client.<\/li>\n\n\n\n<li><strong>Renforcement de la position concurrentielle<\/strong>:Comprendre les forces et les faiblesses de vos concurrents vous permet de cr\u00e9er des strat\u00e9gies qui capitalisent sur leurs vuln\u00e9rabilit\u00e9s tout en s&#039;appuyant sur vos forces.<\/li>\n\n\n\n<li><strong>Stimuler l&#039;innovation<\/strong>:L&#039;analyse comparative des concurrents encourage l&#039;innovation en identifiant les lacunes du march\u00e9 ou les domaines dans lesquels les concurrents ne peuvent pas r\u00e9pondre pleinement aux besoins des clients. Cela offre des opportunit\u00e9s de d\u00e9veloppement de nouveaux produits ou services qui comblent ces lacunes.<\/li>\n<\/ul>\n\n\n\n<h2 class=\"wp-block-heading\">Services offerts par les principales soci\u00e9t\u00e9s d&#039;analyse comparative de la concurrence<\/h2>\n\n\n\n<p><a href=\"https:\/\/www.sisinternational.com\/fr\/societe-de-veille-concurrentielle-de-premier-plan\/\" title=\"Meilleure soci\u00e9t\u00e9 de veille concurrentielle\"  data-wpil-monitor-id=\"1257\">Top competitor benchmarking companies<\/a> like SIS provide a wide range of services that allow businesses to thoroughly understand their competitive landscape. These services offer actionable insights that enhance strategic planning, optimize operations, and improve customer experiences. The key services provided include:<\/p>\n\n\n\n<p>Les principales soci\u00e9t\u00e9s d&#039;analyse comparative de la concurrence proposent une large gamme de services pour aider les entreprises \u00e0 obtenir des informations pr\u00e9cieuses sur leur environnement concurrentiel. Ces services comprennent :<\/p>\n\n\n\n<ul class=\"wp-block-list\">\n<li><strong>Analyse des indicateurs de performance<\/strong>:\u00c9valuer les indicateurs de performance cl\u00e9s (KPI) tels que la croissance des revenus, les marges b\u00e9n\u00e9ficiaires et la part de march\u00e9 pour comprendre comment votre entreprise se compare \u00e0 ses concurrents.<\/li>\n\n\n\n<li><strong>Analyse comparative de l&#039;exp\u00e9rience client<\/strong>:Analyser les commentaires des clients, les scores de satisfaction et les indicateurs de fid\u00e9lit\u00e9 pour comprendre comment les clients per\u00e7oivent vos concurrents et identifier les domaines \u00e0 am\u00e9liorer.<\/li>\n\n\n\n<li><strong>\u00c9valuation de l&#039;efficacit\u00e9 op\u00e9rationnelle<\/strong>:Comparer les processus op\u00e9rationnels, les co\u00fbts de production et l\u2019utilisation des ressources pour identifier les opportunit\u00e9s d\u2019am\u00e9lioration de l\u2019efficacit\u00e9 et de r\u00e9duction des co\u00fbts.<\/li>\n\n\n\n<li><strong>Analyse comparative des strat\u00e9gies de marketing et de vente<\/strong>:\u00c9valuer les campagnes marketing, les strat\u00e9gies de vente et les mod\u00e8les de tarification des concurrents pour identifier les tactiques efficaces et les domaines dans lesquels votre entreprise peut se diff\u00e9rencier.<\/li>\n\n\n\n<li><strong>Comparaison de produits et services<\/strong>:Analyser les fonctionnalit\u00e9s, les prix et la qualit\u00e9 des produits et services des concurrents pour d\u00e9terminer comment vos offres se comparent et identifier les domaines \u00e0 am\u00e9liorer.<\/li>\n<\/ul>\n\n\n\n<h2 class=\"wp-block-heading\">Comment l&#039;analyse comparative des concurrents \u00e9claire la prise de d\u00e9cision strat\u00e9gique<\/h2>\n\n\n\n<p>En comparant les performances, les processus et les perceptions des clients \u00e0 ceux de leurs principaux concurrents, les entreprises obtiennent des informations qui \u00e9clairent un large \u00e9ventail de choix strat\u00e9giques, du d\u00e9veloppement de produits \u00e0 la tarification. Voici comment l&#039;analyse comparative des concurrents \u00e9claire directement la prise de d\u00e9cision strat\u00e9gique.<\/p>\n\n\n\n<p><\/p>\n\n\n<div class=\"wp-block-image\">\n<figure class=\"aligncenter size-full\"><img loading=\"lazy\" decoding=\"async\" width=\"655\" height=\"457\" src=\"https:\/\/www.sisinternational.com\/wp-content\/uploads\/2024\/11\/Top-Competitor-Benchmarking-Company.png\" alt=\"\u00c9tudes de march\u00e9 et strat\u00e9gie internationales SIS\" class=\"wp-image-54075\" srcset=\"https:\/\/www.sisinternational.com\/wp-content\/uploads\/2024\/11\/Top-Competitor-Benchmarking-Company.png 655w, https:\/\/www.sisinternational.com\/wp-content\/uploads\/2024\/11\/Top-Competitor-Benchmarking-Company-300x209.png 300w, https:\/\/www.sisinternational.com\/wp-content\/uploads\/2024\/11\/Top-Competitor-Benchmarking-Company-18x12.png 18w\" sizes=\"auto, (max-width: 655px) 100vw, 655px\" \/><\/figure>\n<\/div>\n\n\n<p><\/p>\n\n\n\n<p><strong>Guider le d\u00e9veloppement de produits et l&#039;innovation<\/strong><strong><br><\/strong>L&#039;analyse comparative des concurrents fournit une vue d\u00e9taill\u00e9e des fonctionnalit\u00e9s, des technologies et des innovations qui favorisent le succ\u00e8s sur le march\u00e9. En analysant les offres de produits des concurrents, les entreprises peuvent identifier les fonctionnalit\u00e9s ou les avantages les plus appr\u00e9ci\u00e9s par les clients et les lacunes ou opportunit\u00e9s de diff\u00e9renciation. Par exemple, si l&#039;analyse comparative r\u00e9v\u00e8le que les concurrents se concentrent sur des mat\u00e9riaux respectueux de l&#039;environnement ou des solutions personnalisables, une entreprise peut int\u00e9grer ces fonctionnalit\u00e9s pour r\u00e9pondre aux pr\u00e9f\u00e9rences changeantes des clients.&nbsp;<\/p>\n\n\n\n<p><strong>\u00c9laborer une strat\u00e9gie de tarification pour un avantage concurrentiel<\/strong><strong><br><\/strong>La tarification est un aspect essentiel de la comp\u00e9titivit\u00e9, et l&#039;analyse comparative des concurrents est essentielle pour fixer des prix qui maximisent les revenus tout en restant attractifs pour les clients. Gr\u00e2ce \u00e0 l&#039;analyse comparative des prix, les entreprises comprennent comment leurs prix se comparent \u00e0 ceux de leurs concurrents et peuvent les ajuster en cons\u00e9quence. Si une entreprise d\u00e9couvre que ses prix sont nettement plus \u00e9lev\u00e9s sans offrir de valeur ajout\u00e9e, elle peut d\u00e9cider de r\u00e9viser sa structure tarifaire ou d&#039;introduire des options \u00e0 plusieurs niveaux.&nbsp;<\/p>\n\n\n\n<p><strong>Am\u00e9liorer l&#039;exp\u00e9rience et la satisfaction client<\/strong><strong><br><\/strong>L&#039;un des \u00e9l\u00e9ments cl\u00e9s de l&#039;analyse comparative des concurrents consiste \u00e0 \u00e9valuer la mani\u00e8re dont ces derniers engagent et fid\u00e9lisent leurs clients. En analysant les avis, les commentaires et les indicateurs de satisfaction des clients, les entreprises obtiennent des informations sur ce que les clients appr\u00e9cient ou n&#039;aiment pas dans les services des concurrents. Cette compr\u00e9hension permet aux entreprises d&#039;affiner leurs strat\u00e9gies d&#039;exp\u00e9rience client.&nbsp;<\/p>\n\n\n\n<p><strong>Am\u00e9liorer l&#039;efficacit\u00e9 du marketing et des ventes<\/strong><strong><br><\/strong>L&#039;analyse comparative des concurrents aide les entreprises \u00e0 comprendre quels messages, canaux et tactiques trouvent un \u00e9cho aupr\u00e8s du public cible. Par exemple, si les campagnes sur les r\u00e9seaux sociaux d&#039;un concurrent g\u00e9n\u00e8rent un engagement \u00e9lev\u00e9, une entreprise peut am\u00e9liorer sa strat\u00e9gie sur les r\u00e9seaux sociaux pour rester pertinente. De m\u00eame, si l&#039;analyse comparative r\u00e9v\u00e8le que le marketing de contenu d&#039;un concurrent attire des prospects, une entreprise peut adopter des strat\u00e9gies similaires pour augmenter sa port\u00e9e.&nbsp;<\/p>\n\n\n\n<p><strong>Optimiser l&#039;efficacit\u00e9 op\u00e9rationnelle<\/strong><strong><br><\/strong>Au-del\u00e0 des aspects li\u00e9s \u00e0 la relation client, l&#039;analyse comparative des concurrents permet \u00e9galement d&#039;am\u00e9liorer les processus internes et d&#039;accro\u00eetre l&#039;efficacit\u00e9 op\u00e9rationnelle globale. Une soci\u00e9t\u00e9 d&#039;analyse comparative des concurrents de premier plan fournit un aper\u00e7u des meilleures pratiques op\u00e9rationnelles, permettant aux entreprises de r\u00e9duire les co\u00fbts, d&#039;am\u00e9liorer la productivit\u00e9 et d&#039;allouer les ressources plus efficacement.<\/p>\n\n\n\n<p><strong>Informer sur l&#039;allocation strat\u00e9gique des ressources<\/strong><strong><br><\/strong>L\u2019analyse comparative permet d\u2019avoir une vision claire des domaines dans lesquels les concurrents investissent leurs ressources, que ce soit en R&amp;D, en marketing ou en technologie. En comprenant ces allocations, les entreprises peuvent d\u00e9terminer si elles investissent de mani\u00e8re appropri\u00e9e ou si des ajustements sont n\u00e9cessaires pour rester dans la course. Par exemple, si les concurrents allouent des ressources importantes \u00e0 la transformation num\u00e9rique, une entreprise peut d\u00e9cider d\u2019investir de la m\u00eame mani\u00e8re pour rester comp\u00e9titive.&nbsp;<\/p>\n\n\n\n<p><strong>Identifier les opportunit\u00e9s de croissance et les lacunes du march\u00e9<\/strong><strong><br><\/strong>En analysant les faiblesses de leurs concurrents ou les segments de client\u00e8le mal desservis, les entreprises peuvent \u00e9laborer des strat\u00e9gies pour combler ces lacunes. Par exemple, si un concurrent n&#039;offre pas d&#039;offres aux petites entreprises, une entreprise peut cr\u00e9er un produit ou un service cibl\u00e9 pour r\u00e9pondre \u00e0 cette demande. L&#039;identification et la poursuite de ces opportunit\u00e9s de croissance permettent aux entreprises de se diff\u00e9rencier et d&#039;exploiter de nouvelles sources de revenus, renfor\u00e7ant ainsi leur positionnement concurrentiel.<\/p>\n\n\n\n<h2 class=\"wp-block-heading\">Choisir le bon partenaire pour l&#039;analyse comparative de la concurrence<\/h2>\n\n\n\n<figure class=\"gb-block-image gb-block-image-5f756c12\"><img loading=\"lazy\" decoding=\"async\" width=\"1456\" height=\"816\" class=\"gb-image gb-image-5f756c12\" src=\"https:\/\/www.sisinternational.com\/wp-content\/uploads\/2025\/09\/Focus-group-recruitment-5.jpg\" alt=\"\u00c9tudes de march\u00e9 et strat\u00e9gie internationales SIS\" title=\"Focus group recruitment (5)\" srcset=\"https:\/\/www.sisinternational.com\/wp-content\/uploads\/2025\/09\/Focus-group-recruitment-5.jpg 1456w, https:\/\/www.sisinternational.com\/wp-content\/uploads\/2025\/09\/Focus-group-recruitment-5-300x168.jpg 300w, https:\/\/www.sisinternational.com\/wp-content\/uploads\/2025\/09\/Focus-group-recruitment-5-1024x574.jpg 1024w, https:\/\/www.sisinternational.com\/wp-content\/uploads\/2025\/09\/Focus-group-recruitment-5-768x430.jpg 768w, https:\/\/www.sisinternational.com\/wp-content\/uploads\/2025\/09\/Focus-group-recruitment-5-18x10.jpg 18w\" sizes=\"auto, (max-width: 1456px) 100vw, 1456px\"><\/figure>\n\n\n\n<p><\/p>\n\n\n\n<p>Choisir le bon partenaire d\u2019analyse comparative de la concurrence est essentiel pour les entreprises qui souhaitent obtenir une vision claire et exploitable de leur position sur le march\u00e9. Une soci\u00e9t\u00e9 d\u2019analyse comparative de la concurrence de premier plan fournit des donn\u00e9es et des informations pr\u00e9cieuses qui favorisent les d\u00e9cisions strat\u00e9giques et l\u2019avantage concurrentiel. Voici les facteurs cl\u00e9s \u00e0 prendre en compte lors du choix d\u2019un partenaire d\u2019analyse comparative de la concurrence.<\/p>\n\n\n\n<p><strong>\u00c9valuer leur expertise sectorielle et leurs ant\u00e9c\u00e9dents<\/strong><strong><br><\/strong>L&#039;expertise sectorielle est essentielle dans l&#039;analyse comparative des concurrents, car chaque secteur a une dynamique, des comportements clients et des exigences r\u00e9glementaires qui lui sont propres. Une soci\u00e9t\u00e9 d&#039;analyse comparative des concurrents de premier plan doit avoir l&#039;exp\u00e9rience de travailler avec des entreprises confront\u00e9es \u00e0 des d\u00e9fis similaires, ce qui lui permet de fournir des informations contextuellement pertinentes qui guident les am\u00e9liorations strat\u00e9giques.<\/p>\n\n\n\n<p><strong>\u00c9valuer l&#039;exactitude de leurs donn\u00e9es et leurs m\u00e9thodologies<\/strong><strong><br><\/strong>Choisissez un partenaire qui accorde la priorit\u00e9 \u00e0 l&#039;exactitude des donn\u00e9es et qui utilise des sources fiables pour recueillir des informations sur la concurrence. Une soci\u00e9t\u00e9 d&#039;analyse comparative de la concurrence de premier plan utilisera une combinaison d&#039;analyses de donn\u00e9es, d&#039;\u00e9tudes de march\u00e9 et d&#039;outils propri\u00e9taires pour garantir des informations fiables et pertinentes. Des m\u00e9thodologies transparentes d\u00e9montrent l&#039;engagement de l&#039;entreprise \u00e0 fournir des donn\u00e9es impartiales et exploitables auxquelles vous pouvez faire confiance.<\/p>\n\n\n\n<p><strong>Envisagez leur utilisation d\u2019outils et de technologies avanc\u00e9es<\/strong><strong><br><\/strong>Choisissez un partenaire qui exploite des technologies avanc\u00e9es telles que des plateformes d\u2019analyse de donn\u00e9es, des outils d\u2019analyse des sentiments et de surveillance des r\u00e9seaux sociaux pour recueillir des informations en temps r\u00e9el et des tendances \u00e9mergentes. Des outils avanc\u00e9s permettent \u00e9galement \u00e0 votre partenaire de fournir des comparaisons plus pr\u00e9cises et d\u00e9taill\u00e9es, ce qui permet d\u2019obtenir une compr\u00e9hension compl\u00e8te de votre position concurrentielle.<\/p>\n\n\n\n<p><strong>\u00c9valuer leurs pratiques en mati\u00e8re de reporting et de communication<\/strong><strong><br><\/strong>La valeur des informations issues de l&#039;analyse comparative d\u00e9pend de la clart\u00e9 avec laquelle elles sont communiqu\u00e9es. Choisissez un partenaire d&#039;analyse comparative qui propose des rapports structur\u00e9s et faciles \u00e0 comprendre et qui est ouvert \u00e0 une communication r\u00e9guli\u00e8re. Une communication efficace comprend des r\u00e9unions pour discuter des r\u00e9sultats, r\u00e9pondre aux questions et s&#039;assurer que toutes les parties prenantes comprennent les informations fournies.<\/p>\n\n\n\n<p><strong>Recherchez un partenaire avec un \u00e9tat d&#039;esprit collaboratif \u00e0 long terme<\/strong><strong><br><\/strong>Les meilleurs partenaires d&#039;analyse comparative de la concurrence se consid\u00e8rent comme des collaborateurs \u00e0 long terme, soutenant la croissance de votre entreprise au fil du temps. Recherchez une entreprise qui offre un soutien continu, des sessions de suivi et des \u00e9valuations p\u00e9riodiques pour vous tenir au courant des changements dans le paysage concurrentiel.&nbsp;<\/p>\n\n\n\n<p><strong>Privil\u00e9gier la confidentialit\u00e9 et les normes \u00e9thiques<\/strong><strong><br><\/strong>Il est essentiel de travailler avec un partenaire qui adh\u00e8re \u00e0 des normes \u00e9thiques \u00e9lev\u00e9es et qui maintient une confidentialit\u00e9 stricte concernant vos donn\u00e9es et vos informations. Renseignez-vous sur leurs politiques \u00e9thiques et leur engagement en mati\u00e8re de protection des donn\u00e9es pour vous assurer que vos informations sont trait\u00e9es de mani\u00e8re responsable. Une soci\u00e9t\u00e9 d&#039;analyse comparative de la concurrence r\u00e9put\u00e9e aura mis en place des pratiques pour prot\u00e9ger vos donn\u00e9es et maintenir le professionnalisme dans tous les aspects de l&#039;analyse concurrentielle.<\/p>\n\n\n\n<h2 class=\"wp-block-heading\">Pourquoi SIS International est la meilleure soci\u00e9t\u00e9 d&#039;analyse comparative de la concurrence pour votre entreprise<\/h2>\n\n\n\n<p><a href=\"https:\/\/www.linkedin.com\/company\/sisinternationalresearch\/\" target=\"_blank\" rel=\"noopener\">SIS International<\/a> est le premier choix des entreprises qui exploitent l&#039;analyse comparative de leurs concurrents pour obtenir un avantage concurrentiel. Gr\u00e2ce \u00e0 notre vaste exp\u00e9rience, \u00e0 nos outils avanc\u00e9s et \u00e0 notre approche ax\u00e9e sur le client, nous fournissons les informations qui favorisent la r\u00e9ussite des entreprises. Voici pourquoi SIS International se distingue comme la meilleure soci\u00e9t\u00e9 d&#039;analyse comparative de la concurrence :<\/p>\n\n\n\n<ul class=\"wp-block-list\">\n<li><strong>Une vaste exp\u00e9rience et une expertise \u00e9prouv\u00e9e<\/strong>:Avec plus de 40 ans d&#039;exp\u00e9rience dans l&#039;analyse comparative des concurrents, <a href=\"https:\/\/medium.com\/@sisinternational\/sis-international-c17160da8fac\" target=\"_blank\" rel=\"noopener\">SIS<\/a> a aid\u00e9 certaines des entreprises les plus prosp\u00e8res au monde \u00e0 am\u00e9liorer leur position concurrentielle.<br><\/li>\n\n\n\n<li><strong>Approche bas\u00e9e sur les donn\u00e9es<\/strong>:Nous exploitons des technologies avanc\u00e9es, notamment l\u2019IA, l\u2019analyse de donn\u00e9es et les tableaux de bord en temps r\u00e9el, pour fournir des informations pr\u00e9cises et opportunes qui aident nos clients \u00e0 garder une longueur d\u2019avance sur la concurrence.<br><\/li>\n\n\n\n<li><strong>Solutions d&#039;analyse comparative personnalis\u00e9es<\/strong>:Nous comprenons que chaque entreprise est unique. SIS International propose des solutions d&#039;analyse comparative sur mesure qui r\u00e9pondent aux besoins sp\u00e9cifiques de chaque client, garantissant que les informations fournies sont pertinentes et exploitables.<br><\/li>\n\n\n\n<li><strong>Port\u00e9e mondiale et diversit\u00e9 du secteur<\/strong>:Notre exp\u00e9rience couvre plus de 135 pays et divers secteurs d&#039;activit\u00e9, des petites start-ups aux entreprises Fortune 500. Cette vaste port\u00e9e nous permet de fournir des informations pr\u00e9cieuses et pertinentes pour diff\u00e9rents march\u00e9s.<br><\/li>\n\n\n\n<li><strong>Engagement envers la r\u00e9ussite du client<\/strong>: \u00c0 <a href=\"https:\/\/twitter.com\/SISIntlResearch\" target=\"_blank\" rel=\"noopener\">SIS<\/a>, nous accordons la priorit\u00e9 \u00e0 la cr\u00e9ation de valeur pour nos clients. Notre approche centr\u00e9e sur le client garantit que chaque solution que nous proposons est align\u00e9e sur les objectifs et les d\u00e9fis uniques du client, l&#039;aidant ainsi \u00e0 atteindre ses objectifs strat\u00e9giques.<\/li>\n<\/ul>\n\n\n\n<h2 class=\"wp-block-heading\">\u00c0 propos de SIS International<\/h2>\n\n\n\n<p><a href=\"https:\/\/www.sisinternational.com\/fr\/\">SIS International<\/a> propose des recherches quantitatives, qualitatives et strat\u00e9giques. Nous fournissons des donn\u00e9es, des outils, des strat\u00e9gies, des rapports et des informations pour la prise de d\u00e9cision. Nous menons \u00e9galement des entretiens, des enqu\u00eates, des groupes de discussion et d\u2019autres m\u00e9thodes et approches d\u2019\u00e9tudes de march\u00e9.<a href=\"https:\/\/www.sisinternational.com\/fr\/a-propos-de-la-recherche-internationale-sis\/contact-sis-international-market-research\/\"> Contactez nous<\/a> pour votre prochain projet d&#039;\u00e9tude de march\u00e9.<\/p>\n\n\n\n<hr class=\"wp-block-separator has-alpha-channel-opacity\"\/>","protected":false},"excerpt":{"rendered":"<p>Top Competitor Benchmarking Company Working with a top competitor benchmarking company like SIS International can help you identify opportunities for growth, efficiency improvement, and enhanced customer satisfaction. How can your business stay ahead in today\u2019s competitive landscape? Competitor benchmarking is the key to unlocking insights into industry performance, competitor strengths, and areas where your company &#8230; <a title=\"Meilleure entreprise d&#039;analyse comparative des concurrents\" class=\"read-more\" href=\"https:\/\/www.sisinternational.com\/fr\/solutions\/conseil-en-strategie\/societe-de-referencement-des-principaux-concurrents\/\" aria-label=\"En savoir plus sur Top Competitor Benchmarking Company\">Lire plus<\/a><\/p>","protected":false},"author":1,"featured_media":69512,"parent":14567,"menu_order":47,"comment_status":"closed","ping_status":"closed","template":"","meta":{"footnotes":""},"class_list":["post-54074","page","type-page","status-publish","has-post-thumbnail"],"_links":{"self":[{"href":"https:\/\/www.sisinternational.com\/fr\/wp-json\/wp\/v2\/pages\/54074","targetHints":{"allow":["GET"]}}],"collection":[{"href":"https:\/\/www.sisinternational.com\/fr\/wp-json\/wp\/v2\/pages"}],"about":[{"href":"https:\/\/www.sisinternational.com\/fr\/wp-json\/wp\/v2\/types\/page"}],"author":[{"embeddable":true,"href":"https:\/\/www.sisinternational.com\/fr\/wp-json\/wp\/v2\/users\/1"}],"replies":[{"embeddable":true,"href":"https:\/\/www.sisinternational.com\/fr\/wp-json\/wp\/v2\/comments?post=54074"}],"version-history":[{"count":9,"href":"https:\/\/www.sisinternational.com\/fr\/wp-json\/wp\/v2\/pages\/54074\/revisions"}],"predecessor-version":[{"id":75637,"href":"https:\/\/www.sisinternational.com\/fr\/wp-json\/wp\/v2\/pages\/54074\/revisions\/75637"}],"up":[{"embeddable":true,"href":"https:\/\/www.sisinternational.com\/fr\/wp-json\/wp\/v2\/pages\/14567"}],"wp:featuredmedia":[{"embeddable":true,"href":"https:\/\/www.sisinternational.com\/fr\/wp-json\/wp\/v2\/media\/69512"}],"wp:attachment":[{"href":"https:\/\/www.sisinternational.com\/fr\/wp-json\/wp\/v2\/media?parent=54074"}],"curies":[{"name":"wp","href":"https:\/\/api.w.org\/{rel}","templated":true}]}}