{"id":53949,"date":"2024-11-09T06:16:08","date_gmt":"2024-11-09T11:16:08","guid":{"rendered":"https:\/\/www.sisinternational.com\/?page_id=53949"},"modified":"2026-03-05T23:18:27","modified_gmt":"2026-03-06T04:18:27","slug":"recherche-de-strategie-de-tarification-b2b","status":"publish","type":"page","link":"https:\/\/www.sisinternational.com\/fr\/solutions\/etude-de-marche-b2b\/recherche-de-strategie-de-tarification-b2b\/","title":{"rendered":"Recherche sur la strat\u00e9gie de tarification B2B"},"content":{"rendered":"<h1 class=\"gb-headline gb-headline-d41b8528 gb-headline-text\">Recherche sur la strat\u00e9gie de tarification B2B<\/h1>\n\n\n\n<figure class=\"gb-block-image gb-block-image-0a7e81d0\"><img loading=\"lazy\" decoding=\"async\" width=\"1456\" height=\"816\" class=\"gb-image gb-image-0a7e81d0\" src=\"https:\/\/www.sisinternational.com\/wp-content\/uploads\/2025\/08\/B2Bjpg-3.jpg\" alt=\"\u00c9tudes de march\u00e9 et strat\u00e9gie internationales SIS\" title=\"B2Bjpg (3)\" srcset=\"https:\/\/www.sisinternational.com\/wp-content\/uploads\/2025\/08\/B2Bjpg-3.jpg 1456w, https:\/\/www.sisinternational.com\/wp-content\/uploads\/2025\/08\/B2Bjpg-3-300x168.jpg 300w, https:\/\/www.sisinternational.com\/wp-content\/uploads\/2025\/08\/B2Bjpg-3-1024x574.jpg 1024w, https:\/\/www.sisinternational.com\/wp-content\/uploads\/2025\/08\/B2Bjpg-3-768x430.jpg 768w, https:\/\/www.sisinternational.com\/wp-content\/uploads\/2025\/08\/B2Bjpg-3-18x10.jpg 18w\" sizes=\"auto, (max-width: 1456px) 100vw, 1456px\"><\/figure>\n\n\n\n<p><\/p>\n\n\n\n<hr class=\"wp-block-separator has-alpha-channel-opacity is-style-dots\"\/>\n\n\n\n<h3 class=\"wp-block-heading\">La recherche sur les strat\u00e9gies de tarification B2B fournit la base de d\u00e9cisions de tarification \u00e9clair\u00e9es, permettant aux entreprises de maximiser leur rentabilit\u00e9 tout en restant r\u00e9actives aux changements du march\u00e9.<\/h3>\n\n\n\n<p>Dans un march\u00e9 concurrentiel, d\u00e9terminer le bon prix peut faire la diff\u00e9rence entre prosp\u00e9rer et simplement survivre. La recherche sur les strat\u00e9gies de tarification B2B aide les entreprises \u00e0 d\u00e9velopper des mod\u00e8les de tarification optimaux qui maximisent la rentabilit\u00e9 et garantissent un avantage concurrentiel.<\/p>\n\n\n\n<h2 class=\"wp-block-heading\">Qu&#039;est-ce que la recherche de strat\u00e9gie de tarification B2B ?<\/h2>\n\n\n\n<p>La recherche sur les strat\u00e9gies de tarification B2B se concentre sur la compr\u00e9hension des forces du march\u00e9, des pr\u00e9f\u00e9rences des clients et du paysage concurrentiel qui ont un impact sur les d\u00e9cisions de tarification. Elle implique la collecte et l&#039;analyse de donn\u00e9es pour d\u00e9terminer les meilleures structures de tarification pour les produits et services. L&#039;objectif est de cr\u00e9er des strat\u00e9gies de tarification qui maximisent les revenus tout en garantissant la comp\u00e9titivit\u00e9 et la satisfaction des clients.<\/p>\n\n\n\n<p><a href=\"https:\/\/sisaisolutions.com\/application-of-ai-in-b2b\/\" target=\"_blank\" rel=\"noopener\">B2B pricing strategy research<\/a> also involves evaluating different pricing models to determine which approach best suits the company&#8217;s goals. It provides insights into choosing a strategy that drives profitability while maintaining a solid market position.<\/p>\n\n\n\n<h2 class=\"wp-block-heading\">Pourquoi la recherche sur la strat\u00e9gie de tarification B2B est-elle cruciale\u00a0?<\/h2>\n\n\n\n<figure class=\"gb-block-image gb-block-image-e388b282\"><img loading=\"lazy\" decoding=\"async\" width=\"1456\" height=\"816\" class=\"gb-image gb-image-e388b282\" src=\"https:\/\/www.sisinternational.com\/wp-content\/uploads\/2025\/09\/Research-12.jpg\" alt=\"\u00c9tudes de march\u00e9 et strat\u00e9gie internationales SIS\" title=\"Research (12)\" srcset=\"https:\/\/www.sisinternational.com\/wp-content\/uploads\/2025\/09\/Research-12.jpg 1456w, https:\/\/www.sisinternational.com\/wp-content\/uploads\/2025\/09\/Research-12-300x168.jpg 300w, https:\/\/www.sisinternational.com\/wp-content\/uploads\/2025\/09\/Research-12-1024x574.jpg 1024w, https:\/\/www.sisinternational.com\/wp-content\/uploads\/2025\/09\/Research-12-768x430.jpg 768w, https:\/\/www.sisinternational.com\/wp-content\/uploads\/2025\/09\/Research-12-18x10.jpg 18w\" sizes=\"auto, (max-width: 1456px) 100vw, 1456px\"><\/figure>\n\n\n\n<p><\/p>\n\n\n\n<p>Pricing in the B2B environment is inherently complex due to factors such as lengthy sales cycles, the involvement of multiple stakeholders, and fluctuating market conditions. B2B <a class=\"wpil_keyword_link\" href=\"https:\/\/www.sisinternational.com\/fr\/solutions\/recherche-de-conseil-en-strategie-fintech\/strategie-de-prix\/\" title=\"Recherche sur la strat\u00e9gie de tarification\" data-wpil-keyword-link=\"linked\" data-wpil-monitor-id=\"185\">pricing strategy research<\/a> is crucial because it gives businesses the insights to navigate these complexities and make informed pricing decisions.<\/p>\n\n\n\n<p>Without proper research, companies risk setting prices that are either too high, driving customers away, or too low, eroding profitability. However, <a href=\"https:\/\/www.sisinternational.com\/fr\/b2b-go-to-market-strategy\/\" title=\"B2B Go-to-Market Strategy\" data-wpil-monitor-id=\"794\">B2B pricing strategy<\/a> research provides a data-driven approach to pricing. It ensures that pricing models are competitive and sustainable, supporting long-term growth and stability.<\/p>\n\n\n\n<h2 class=\"wp-block-heading\">Principaux services offerts par les soci\u00e9t\u00e9s de recherche en strat\u00e9gie de tarification B2B<\/h2>\n\n\n\n<p>B2B pricing <a href=\"https:\/\/www.sisinternational.com\/fr\/les-medias-sociaux-dans-les-petites-entreprises\/\" title=\"Strat\u00e9gies de m\u00e9dias sociaux pour les petites entreprises\" data-wpil-monitor-id=\"7527\">strategy research<\/a> firms offer multiple services to help businesses develop effective pricing strategies. Some key services include:<\/p>\n\n\n\n<ul class=\"wp-block-list\">\n<li><strong>Analyse de march\u00e9<\/strong>: Comprendre le paysage du march\u00e9, notamment la demande des clients, les prix concurrentiels et les tendances du secteur. L&#039;analyse de march\u00e9 aide les entreprises \u00e0 identifier leur position sur le march\u00e9 et \u00e0 positionner efficacement leurs produits.<\/li>\n\n\n\n<li><strong>Optimisation des prix<\/strong>:Utiliser des approches bas\u00e9es sur les donn\u00e9es pour d\u00e9terminer les prix optimaux des produits et services. L&#039;optimisation des prix consiste \u00e0 tester diff\u00e9rents sc\u00e9narios de tarification pour trouver l&#039;\u00e9quilibre qui maximise la rentabilit\u00e9 tout en pr\u00e9servant la satisfaction du client.<\/li>\n\n\n\n<li><strong>\u00c9valuation de la valeur client<\/strong>:\u00c9valuer la mani\u00e8re dont les clients per\u00e7oivent la valeur d&#039;un produit ou d&#039;un service. Comprendre la valeur pour le client est essentiel pour fixer des prix qui refl\u00e8tent les avantages fournis au client et justifient le prix factur\u00e9.<\/li>\n\n\n\n<li><strong>Analyse comparative des concurrents<\/strong>:Analyser les strat\u00e9gies de prix des concurrents pour d\u00e9terminer comment les prix d&#039;une entreprise se comparent au sein du march\u00e9. L&#039;analyse comparative des concurrents aide les entreprises \u00e0 comprendre leur position concurrentielle et \u00e0 identifier les opportunit\u00e9s de diff\u00e9renciation de leurs prix.<\/li>\n<\/ul>\n\n\n\n<h2 class=\"wp-block-heading\">Types de strat\u00e9gies de tarification B2B<\/h2>\n\n\n\n<p>Les entreprises B2B peuvent utiliser plusieurs types de strat\u00e9gies de tarification, chacune adapt\u00e9e \u00e0 diff\u00e9rents mod\u00e8les commerciaux et conditions de march\u00e9. Voici quelques-unes des strat\u00e9gies de tarification B2B les plus courantes :<\/p>\n\n\n\n<p><\/p>\n\n\n\n<figure class=\"gb-block-image gb-block-image-d38c2ccf\"><img loading=\"lazy\" decoding=\"async\" width=\"492\" height=\"480\" class=\"gb-image gb-image-d38c2ccf\" src=\"https:\/\/www.sisinternational.com\/wp-content\/uploads\/2024\/11\/Pricing.png\" alt=\"\u00c9tudes de march\u00e9 et strat\u00e9gie internationales SIS\" title=\"Tarifs\" srcset=\"https:\/\/www.sisinternational.com\/wp-content\/uploads\/2024\/11\/Pricing.png 492w, https:\/\/www.sisinternational.com\/wp-content\/uploads\/2024\/11\/Pricing-300x293.png 300w, https:\/\/www.sisinternational.com\/wp-content\/uploads\/2024\/11\/Pricing-12x12.png 12w\" sizes=\"auto, (max-width: 492px) 100vw, 492px\"><\/figure>\n\n\n\n<p><\/p>\n\n\n\n<ul class=\"wp-block-list\">\n<li><strong>Tarification bas\u00e9e sur la valeur<\/strong>:Cette strat\u00e9gie consiste \u00e0 fixer les prix en fonction de la valeur per\u00e7ue par le client plut\u00f4t que du co\u00fbt de production. Elle fonctionne bien lorsqu&#039;un produit offre des avantages uniques pour lesquels les clients sont pr\u00eats \u00e0 payer un suppl\u00e9ment.<\/li>\n\n\n\n<li><strong>Tarification \u00e0 co\u00fbt major\u00e9<\/strong>: Adding a markup to the cost of producing a product to determine the selling price. <\/li>\n\n\n\n<li><strong>Tarification dynamique<\/strong>:Ajustement des prix en fonction de la demande du march\u00e9, de la concurrence ou d&#039;autres facteurs externes. La tarification dynamique est souvent utilis\u00e9e dans les secteurs o\u00f9 la demande fluctue ou lorsque des ajustements de prix en temps r\u00e9el peuvent am\u00e9liorer la rentabilit\u00e9.<\/li>\n\n\n\n<li><strong>Tarification \u00e0 plusieurs niveaux<\/strong>: Proposer diff\u00e9rents niveaux de prix en fonction de la quantit\u00e9 achet\u00e9e ou des fonctionnalit\u00e9s incluses. La tarification par paliers est courante dans les secteurs des logiciels et des services, o\u00f9 les entreprises peuvent proposer plusieurs packages pour r\u00e9pondre aux diff\u00e9rents besoins des clients.<\/li>\n<\/ul>\n\n\n\n<h2 class=\"wp-block-heading\">Comment la recherche sur la strat\u00e9gie de tarification B2B stimule la croissance des entreprises<\/h2>\n\n\n\n<p>En comprenant les perceptions des clients, la dynamique du march\u00e9 et le paysage concurrentiel, les entreprises peuvent prendre des d\u00e9cisions fond\u00e9es sur des donn\u00e9es qui augmentent les revenus, am\u00e9liorent la p\u00e9n\u00e9tration du march\u00e9 et renforcent la fid\u00e9lit\u00e9 des clients. Voici comment la recherche sur la strat\u00e9gie de tarification B2B contribue directement \u00e0 la croissance des entreprises.<\/p>\n\n\n\n<p><strong>Maximiser les revenus gr\u00e2ce \u00e0 une tarification optimis\u00e9e<\/strong><strong><br><\/strong>L\u2019une des principales fa\u00e7ons dont les \u00e9tudes de strat\u00e9gie de tarification B2B stimulent la croissance est de permettre aux entreprises de maximiser leurs revenus. Les \u00e9tudes de tarification identifient le prix optimal qui \u00e9quilibre la rentabilit\u00e9 et la volont\u00e9 de payer des clients. Une strat\u00e9gie de tarification bien inform\u00e9e garantit que les entreprises captent la pleine valeur de leurs offres sans d\u00e9courager les clients potentiels. Par exemple, les \u00e9tudes peuvent r\u00e9v\u00e9ler que les clients sont pr\u00eats \u00e0 payer plus pour une valeur ajout\u00e9e, comme des services personnalis\u00e9s ou une livraison plus rapide, ce qui permet aux entreprises d\u2019introduire des niveaux de tarification premium.&nbsp;<\/p>\n\n\n\n<p><strong>Am\u00e9liorer la p\u00e9n\u00e9tration du march\u00e9 et le positionnement concurrentiel<\/strong><strong><br><\/strong>L\u2019\u00e9tude de la strat\u00e9gie de tarification B2B permet de mieux comprendre les structures de tarification des concurrents, ce qui permet aux entreprises de fixer des prix \u00e0 la fois attractifs pour les clients potentiels et diff\u00e9renci\u00e9s sur le plan strat\u00e9gique. Par exemple, l\u2019\u00e9tude de tarification peut r\u00e9v\u00e9ler une opportunit\u00e9 d\u2019introduire une offre d\u2019entr\u00e9e de gamme moins ch\u00e8re qui plaira aux clients sensibles aux co\u00fbts, ouvrant ainsi la voie \u00e0 des ventes crois\u00e9es ou \u00e0 des ventes incitatives de produits \u00e0 plus forte valeur ajout\u00e9e.&nbsp;<\/p>\n\n\n\n<p><strong>Soutenir l&#039;innovation produit et la tarification bas\u00e9e sur la valeur<\/strong><strong><br><\/strong>En comprenant quelles fonctionnalit\u00e9s ou services les clients appr\u00e9cient le plus, les entreprises peuvent affiner leurs offres pour s&#039;adapter aux pr\u00e9f\u00e9rences de leurs clients. Par exemple, si une \u00e9tude indique que les clients sont pr\u00eats \u00e0 payer un suppl\u00e9ment pour des fonctionnalit\u00e9s avanc\u00e9es ou un support client am\u00e9lior\u00e9, une entreprise peut concentrer ses ressources sur le d\u00e9veloppement de ces \u00e9l\u00e9ments. La tarification bas\u00e9e sur la valeur, qui fixe les prix en fonction de la valeur per\u00e7ue du produit, permet aux entreprises de facturer un suppl\u00e9ment pour les fonctionnalit\u00e9s qui offrent des avantages significatifs aux clients.&nbsp;<\/p>\n\n\n\n<p><strong>Am\u00e9liorer les marges b\u00e9n\u00e9ficiaires et r\u00e9duire la sensibilit\u00e9 aux prix<br><\/strong>B2B pricing strategy research helps companies identify opportunities to increase profit margins without alienating customers. Through price sensitivity analysis, companies can understand how price changes affect demand and determine which customers are less sensitive to price adjustments.&nbsp;<\/p>\n\n\n\n<p><strong>Favoriser l&#039;agilit\u00e9 et la r\u00e9activit\u00e9 dans les d\u00e9cisions de tarification<\/strong><strong><br><\/strong><a href=\"https:\/\/www.sisinternational.com\/fr\/strategie-marketing-multicanal-b2b\/\" title=\"Strat\u00e9gie marketing multicanal B2B\" data-wpil-monitor-id=\"843\">B2B pricing strategy research<\/a> enables companies to adjust to pricing based on market changes, competitor actions, or shifts in customer demand. With regular updates from pricing research, companies can stay proactive, adjusting their pricing models as needed to maintain relevance and appeal.&nbsp;<\/p>\n\n\n\n<h2 class=\"wp-block-heading\">Choisir le bon cabinet d&#039;\u00e9tudes de strat\u00e9gie de prix B2B<\/h2>\n\n\n\n<figure class=\"gb-block-image gb-block-image-5a01ae8e\"><img loading=\"lazy\" decoding=\"async\" width=\"1456\" height=\"816\" class=\"gb-image gb-image-5a01ae8e\" src=\"https:\/\/www.sisinternational.com\/wp-content\/uploads\/2025\/09\/Quantitative-research-18.jpg\" alt=\"\u00c9tudes de march\u00e9 et strat\u00e9gie internationales SIS\" title=\"Quantitative research (18)\" srcset=\"https:\/\/www.sisinternational.com\/wp-content\/uploads\/2025\/09\/Quantitative-research-18.jpg 1456w, https:\/\/www.sisinternational.com\/wp-content\/uploads\/2025\/09\/Quantitative-research-18-300x168.jpg 300w, https:\/\/www.sisinternational.com\/wp-content\/uploads\/2025\/09\/Quantitative-research-18-1024x574.jpg 1024w, https:\/\/www.sisinternational.com\/wp-content\/uploads\/2025\/09\/Quantitative-research-18-768x430.jpg 768w, https:\/\/www.sisinternational.com\/wp-content\/uploads\/2025\/09\/Quantitative-research-18-18x10.jpg 18w\" sizes=\"auto, (max-width: 1456px) 100vw, 1456px\"><\/figure>\n\n\n\n<p><\/p>\n\n\n\n<p>Choisir le bon cabinet d&#039;\u00e9tudes de prix B2B est essentiel pour obtenir des r\u00e9sultats positifs. Voici quelques \u00e9l\u00e9ments cl\u00e9s \u00e0 prendre en compte lors du choix d&#039;un partenaire d&#039;\u00e9tudes de prix :<\/p>\n\n\n\n<ul class=\"wp-block-list\">\n<li><strong>Exp\u00e9rience dans l&#039;industrie<\/strong>: Recherchez une entreprise poss\u00e9dant une vaste exp\u00e9rience dans votre secteur d&#039;activit\u00e9. Une compr\u00e9hension approfondie de la dynamique propre \u00e0 votre secteur garantira que les informations fournies sont pertinentes et exploitables.<\/li>\n\n\n\n<li><strong>Exp\u00e9rience prouv\u00e9e<\/strong>: Choisissez une entreprise qui a fait ses preuves en aidant les entreprises B2B \u00e0 r\u00e9ussir. Les \u00e9tudes de cas et les t\u00e9moignages de clients peuvent fournir des informations pr\u00e9cieuses sur les capacit\u00e9s de l&#039;entreprise et les r\u00e9sultats qu&#039;elle a obtenus pour d&#039;autres entreprises.<\/li>\n\n\n\n<li><strong>Approche personnalis\u00e9e<\/strong>:Le cabinet d&#039;\u00e9tudes de march\u00e9 le plus adapt\u00e9 doit proposer des solutions sur mesure qui r\u00e9pondent aux besoins sp\u00e9cifiques de votre entreprise. Une approche personnalis\u00e9e garantira que les recommandations de prix correspondent \u00e0 vos objectifs et aux conditions du march\u00e9.<\/li>\n<\/ul>\n\n\n\n<figure class=\"gb-block-image gb-block-image-57b65d8b\"><img loading=\"lazy\" decoding=\"async\" width=\"1456\" height=\"816\" class=\"gb-image gb-image-57b65d8b\" src=\"https:\/\/www.sisinternational.com\/wp-content\/uploads\/2025\/09\/Quantitative-research-1d4-1.jpg\" alt=\"\u00c9tudes de march\u00e9 et strat\u00e9gie internationales SIS\" title=\"Quantitative research (1d4) (1)\" srcset=\"https:\/\/www.sisinternational.com\/wp-content\/uploads\/2025\/09\/Quantitative-research-1d4-1.jpg 1456w, https:\/\/www.sisinternational.com\/wp-content\/uploads\/2025\/09\/Quantitative-research-1d4-1-300x168.jpg 300w, https:\/\/www.sisinternational.com\/wp-content\/uploads\/2025\/09\/Quantitative-research-1d4-1-1024x574.jpg 1024w, https:\/\/www.sisinternational.com\/wp-content\/uploads\/2025\/09\/Quantitative-research-1d4-1-768x430.jpg 768w, https:\/\/www.sisinternational.com\/wp-content\/uploads\/2025\/09\/Quantitative-research-1d4-1-18x10.jpg 18w\" sizes=\"auto, (max-width: 1456px) 100vw, 1456px\"><\/figure>\n\n\n\n<p><\/p>\n\n\n\n<h2 class=\"wp-block-heading\">Pourquoi SIS International est le meilleur partenaire de recherche en mati\u00e8re de strat\u00e9gie de tarification B2B<\/h2>\n\n\n\n<p>Partnering with the right pricing <a href=\"https:\/\/www.sisinternational.com\/fr\/optimiser-les-sites-web-dentreprise-pour-le-retour-sur-investissement\/\" title=\"Optimiser les sites Web d&#039;entreprise pour le retour sur investissement\" data-wpil-monitor-id=\"7602\">strategy research<\/a> firm can make all the difference in achieving optimal pricing and maximizing profitability. With its extensive experience and proven expertise, SIS International is the ideal B2B pricing strategy research partner. Here\u2019s why SIS International stands out as the best choice for your business:<\/p>\n\n\n<p>\n\n\n<\/p>\n<h4 class=\"wp-block-heading\" style=\"padding-left: 40px;\"><strong>Vaste exp\u00e9rience et expertise sectorielle<\/strong><\/h4>\n<p style=\"padding-left: 40px;\">\n\n\n\n<\/p>\n<p style=\"padding-left: 40px;\"><a href=\"https:\/\/www.linkedin.com\/company\/sisinternationalresearch\/\" target=\"_blank\" rel=\"noopener\">SIS International<\/a> a plus de 40 ans d&#039;exp\u00e9rience dans la fourniture <a href=\"https:\/\/www.linkedin.com\/pulse\/how-market-research-enables-growth-ruth-stanat-phekf\/\" target=\"_blank\" rel=\"noopener\">\u00e9tude de march\u00e9<\/a> et des services de conseil aux entreprises B2B de divers secteurs. Notre connaissance approfondie de la dynamique du secteur nous permet de fournir des informations sp\u00e9cifiquement adapt\u00e9es aux besoins des entreprises B2B, les aidant \u00e0 d\u00e9velopper des strat\u00e9gies de tarification efficaces.<\/p>\n<p style=\"padding-left: 40px;\">\n\n\n\n<\/p>\n<h4 class=\"wp-block-heading\" style=\"padding-left: 40px;\"><strong>Solutions bas\u00e9es sur les donn\u00e9es pour l&#039;optimisation des prix<\/strong><\/h4>\n<p style=\"padding-left: 40px;\">\n\n\n\n<\/p>\n<p style=\"padding-left: 40px;\">Chez SIS International, nous utilisons des m\u00e9thodologies bas\u00e9es sur les donn\u00e9es pour fournir des informations exploitables qui optimisent la tarification. Notre approche globale comprend l&#039;analyse du march\u00e9, l&#039;analyse comparative de la concurrence et l&#039;\u00e9valuation de la valeur client, garantissant ainsi \u00e0 nos clients les recommandations de tarification les plus pr\u00e9cises et les plus pertinentes.\u00a0<\/p>\n<p style=\"padding-left: 40px;\">\n\n\n\n<\/p>\n<h4 class=\"wp-block-heading\" style=\"padding-left: 40px;\"><strong>Des ant\u00e9c\u00e9dents de r\u00e9ussite prouv\u00e9s<\/strong><\/h4>\n<p style=\"padding-left: 40px;\">\n\n\n\n<\/p>\n<p style=\"padding-left: 40px;\"><a href=\"https:\/\/twitter.com\/SISIntlResearch\" target=\"_blank\" rel=\"noopener\">SIS<\/a> has successfully helped numerous B2B companies develop and implement effective pricing strategies. Our proven track record of delivering results is reflected in our clients&#8217; success stories, who have seen improved profitability and market positioning thanks to our <a href=\"https:\/\/www.sisinternational.com\/fr\/couverture\/etude-de-marche-au-moyen-orient-2\/etude-de-marche-en-jordanie\/\" title=\"\u00c9tude de march\u00e9 en Jordanie\" data-wpil-monitor-id=\"5360\">pricing strategy research<\/a>.<\/p>\n<p style=\"padding-left: 40px;\">\n\n\n\n<\/p>\n<h4 class=\"wp-block-heading\" style=\"padding-left: 40px;\"><strong>Engagement envers la r\u00e9ussite du client<\/strong><\/h4>\n<p style=\"padding-left: 40px;\">\n\n\n\n<\/p>\n<p style=\"padding-left: 40px;\">Notre approche centr\u00e9e sur le client garantit que chaque solution que nous proposons est adapt\u00e9e \u00e0 leurs objectifs et d\u00e9fis sp\u00e9cifiques. Nous travaillons en \u00e9troite collaboration avec les entreprises pour comprendre leurs circonstances uniques et proposer des strat\u00e9gies personnalis\u00e9es qui favorisent le succ\u00e8s.<\/p>\n<p>\n\n\n<h2>Notre emplacement \u00e0 New York<\/h2>\n<p><!-- \/wp:post-content --> <!-- wp:html --> <iframe loading=\"lazy\" src=\"https:\/\/www.google.com\/maps\/embed?pb=!1m18!1m12!1m3!1d3022.976188376966!2d-73.99130312499956!3d40.740549471389315!2m3!1f0!2f0!3f0!3m2!1i1024!2i768!4f13.1!3m3!1m2!1s0x89c259a15798c731%3A0xd695d09bdd495f25!2s11%20E%2022nd%20St%20FL%202%2C%20New%20York%2C%20NY%2010010%2C%20USA!5e0!3m2!1sen!2spe!4v1726171763526!5m2!1sen!2spe\" width=\"600\" height=\"450\" allowfullscreen=\"allowfullscreen\" data-mce-fragment=\"1\"><\/iframe> <!-- \/wp:html --> <!-- wp:paragraph --><\/p>\n<h3 class=\"wp-block-heading\">11 E 22nd Street, \u00e9tage 2, New York, NY 10010 T\u00e9l. : +1(212) 505-6805<\/h3>\n<hr \/>\n<h2><span style=\"font-weight: 400;\">\u00c0 propos de SIS International<\/span><\/h2>\n<p><a href=\"https:\/\/www.sisinternational.com\/fr\/\"><span style=\"font-weight: 400;\">SIS International<\/span><\/a><span style=\"font-weight: 400;\"> propose des recherches quantitatives, qualitatives et strat\u00e9giques. Nous fournissons des donn\u00e9es, des outils, des strat\u00e9gies, des rapports et des informations pour la prise de d\u00e9cision. Nous menons \u00e9galement des entretiens, des enqu\u00eates, des groupes de discussion et d\u2019autres m\u00e9thodes et approches d\u2019\u00e9tudes de march\u00e9.<\/span><a href=\"https:\/\/www.sisinternational.com\/fr\/a-propos-de-la-recherche-internationale-sis\/contact-sis-international-market-research\/\"><span style=\"font-weight: 400;\"> Contactez nous<\/span><\/a><span style=\"font-weight: 400;\"> pour votre prochain projet d&#039;\u00e9tude de march\u00e9.<\/span><\/p>\n<p><!-- wp:paragraph --><\/p>\n<p><!-- \/wp:paragraph --><\/p>\n<p><!-- wp:paragraph --><\/p>\n<p><!-- \/wp:paragraph --><\/p>\n<p><!-- wp:paragraph --><\/p>\n<p><!-- \/wp:paragraph --><\/p>","protected":false},"excerpt":{"rendered":"<p>B2B Pricing Strategy Research B2B pricing strategy research provides the foundation for informed pricing decisions, allowing companies to maximize their profitability while remaining responsive to market changes. In a competitive market, determining the right price can make the difference between thriving and merely surviving \u2013 and B2B pricing strategy research helps companies develop optimal pricing &#8230; <a title=\"Recherche sur la strat\u00e9gie de tarification B2B\" class=\"read-more\" href=\"https:\/\/www.sisinternational.com\/fr\/solutions\/etude-de-marche-b2b\/recherche-de-strategie-de-tarification-b2b\/\" aria-label=\"En savoir plus sur B2B Pricing Strategy Research\">Lire plus<\/a><\/p>","protected":false},"author":1,"featured_media":62381,"parent":11292,"menu_order":13,"comment_status":"closed","ping_status":"closed","template":"","meta":{"footnotes":""},"class_list":["post-53949","page","type-page","status-publish","has-post-thumbnail"],"_links":{"self":[{"href":"https:\/\/www.sisinternational.com\/fr\/wp-json\/wp\/v2\/pages\/53949","targetHints":{"allow":["GET"]}}],"collection":[{"href":"https:\/\/www.sisinternational.com\/fr\/wp-json\/wp\/v2\/pages"}],"about":[{"href":"https:\/\/www.sisinternational.com\/fr\/wp-json\/wp\/v2\/types\/page"}],"author":[{"embeddable":true,"href":"https:\/\/www.sisinternational.com\/fr\/wp-json\/wp\/v2\/users\/1"}],"replies":[{"embeddable":true,"href":"https:\/\/www.sisinternational.com\/fr\/wp-json\/wp\/v2\/comments?post=53949"}],"version-history":[{"count":15,"href":"https:\/\/www.sisinternational.com\/fr\/wp-json\/wp\/v2\/pages\/53949\/revisions"}],"predecessor-version":[{"id":81225,"href":"https:\/\/www.sisinternational.com\/fr\/wp-json\/wp\/v2\/pages\/53949\/revisions\/81225"}],"up":[{"embeddable":true,"href":"https:\/\/www.sisinternational.com\/fr\/wp-json\/wp\/v2\/pages\/11292"}],"wp:featuredmedia":[{"embeddable":true,"href":"https:\/\/www.sisinternational.com\/fr\/wp-json\/wp\/v2\/media\/62381"}],"wp:attachment":[{"href":"https:\/\/www.sisinternational.com\/fr\/wp-json\/wp\/v2\/media?parent=53949"}],"curies":[{"name":"wp","href":"https:\/\/api.w.org\/{rel}","templated":true}]}}