{"id":53937,"date":"2024-11-07T05:56:29","date_gmt":"2024-11-07T10:56:29","guid":{"rendered":"https:\/\/www.sisinternational.com\/?page_id=53937"},"modified":"2026-03-25T01:02:16","modified_gmt":"2026-03-25T05:02:16","slug":"cabinet-devaluation-de-strategie-dentreprise-de-premier-plan","status":"publish","type":"page","link":"https:\/\/www.sisinternational.com\/fr\/solutions\/conseil-en-strategie\/cabinet-devaluation-de-strategie-dentreprise-de-premier-plan\/","title":{"rendered":"Cabinet d&#039;\u00e9valuation de strat\u00e9gie d&#039;entreprise de premier plan"},"content":{"rendered":"<h1 class=\"wp-block-heading\">Cabinet d&#039;\u00e9valuation de strat\u00e9gie d&#039;entreprise de premier plan<br><\/h1>\n\n\n\n<figure class=\"gb-block-image gb-block-image-c4a5bbe9\"><img decoding=\"async\" class=\"gb-image gb-image-c4a5bbe9\" src=\"https:\/\/www.sisinternational.com\/wp-content\/uploads\/2025\/09\/New-York-11.jpg\" alt=\"\u00c9tudes de march\u00e9 et strat\u00e9gie internationales SIS\" title=\"New York (11)\"><\/figure>\n\n\n\n<p><\/p>\n\n\n\n<h3 class=\"wp-block-heading\">Faire appel \u00e0 un cabinet d\u2019\u00e9valuation de strat\u00e9gie d\u2019entreprise de premier plan aide les entreprises \u00e0 s\u2019adapter aux changements du march\u00e9, \u00e0 optimiser leurs ressources et \u00e0 maintenir un avantage concurrentiel dans leur secteur.<\/h3>\n\n\n\n<p><strong><br><\/strong>L\u2019efficacit\u00e9 d\u2019une strat\u00e9gie d\u2019entreprise peut faire la r\u00e9ussite ou l\u2019\u00e9chec d\u2019une entreprise. En collaborant avec un cabinet d\u2019\u00e9valuation de strat\u00e9gie d\u2019entreprise de premier plan, vous pouvez vous assurer que vos initiatives strat\u00e9giques sont align\u00e9es sur vos objectifs et posent les bases d\u2019une croissance \u00e0 long terme.<\/p>\n\n\n\n<h2 class=\"wp-block-heading\">Qu\u2019est-ce qu\u2019un cabinet d\u2019\u00e9valuation de strat\u00e9gie d\u2019entreprise ?<\/h2>\n\n\n\n<p>Une soci\u00e9t\u00e9 d&#039;\u00e9valuation de strat\u00e9gie d&#039;entreprise est sp\u00e9cialis\u00e9e dans l&#039;\u00e9valuation de l&#039;efficacit\u00e9 des initiatives strat\u00e9giques d&#039;une entreprise. Ces soci\u00e9t\u00e9s fournissent une analyse objective de l&#039;ad\u00e9quation des strat\u00e9gies d&#039;une entreprise avec ses objectifs commerciaux, identifient les domaines \u00e0 am\u00e9liorer et recommandent des changements pour optimiser les performances.&nbsp;<\/p>\n\n\n\n<p>Corporate <a href=\"https:\/\/www.sisinternational.com\/fr\/solutions\/legal-market-research\/client-retention-strategies-in-law-firms\/\" title=\"Client Retention Strategies in Law Firms\u00a0\u00a0\"  data-wpil-monitor-id=\"922\">strategy evaluation firms<\/a> use data-driven methodologies to analyze the impact of current strategies, focusing on performance metrics and market positioning. They help businesses understand what works well and what is not, providing actionable insights that drive growth and profitability.&nbsp;<\/p>\n\n\n\n<h2 class=\"wp-block-heading\">Pourquoi votre entreprise a besoin d&#039;un cabinet d&#039;\u00e9valuation de strat\u00e9gie d&#039;entreprise de premier ordre<\/h2>\n\n\n\n<p>Un partenariat avec un cabinet d\u2019\u00e9valuation de strat\u00e9gie d\u2019entreprise de premier plan permet d\u2019identifier les lacunes de vos strat\u00e9gies existantes, ce qui vous permet d\u2019affiner votre approche avant que les probl\u00e8mes ne s\u2019aggravent. Ces cabinets aident \u00e9galement les entreprises \u00e0 \u00e9viter les pi\u00e8ges courants en leur fournissant des informations bas\u00e9es sur des m\u00e9thodologies \u00e9prouv\u00e9es et une connaissance approfondie du secteur.<\/p>\n\n\n\n<p>L\u2019un des principaux avantages de travailler avec un cabinet d\u2019\u00e9valuation de strat\u00e9gie est la perspective externe qu\u2019il apporte. Les \u00e9quipes internes peuvent manquer de l\u2019objectivit\u00e9 n\u00e9cessaire pour \u00e9valuer de mani\u00e8re critique leurs propres strat\u00e9gies. Une \u00e9valuation ind\u00e9pendante r\u00e9alis\u00e9e par un cabinet d\u2019\u00e9valuation de strat\u00e9gie d\u2019entreprise de premier plan garantit que tous les aspects de la strat\u00e9gie d\u2019une entreprise sont examin\u00e9s sans parti pris. Cette approche aide les entreprises \u00e0 s\u2019adapter aux conditions changeantes du march\u00e9, \u00e0 identifier de nouvelles opportunit\u00e9s et \u00e0 renforcer leur position concurrentielle.<\/p>\n\n\n\n<h2 class=\"wp-block-heading\">Principaux services offerts par les meilleures soci\u00e9t\u00e9s d\u2019\u00e9valuation de strat\u00e9gie d\u2019entreprise<\/h2>\n\n\n\n<p>Les principales soci\u00e9t\u00e9s d&#039;\u00e9valuation de la strat\u00e9gie d&#039;entreprise proposent une large gamme de services con\u00e7us pour am\u00e9liorer l&#039;orientation strat\u00e9gique d&#039;une entreprise. Voici un aper\u00e7u d\u00e9taill\u00e9 de certains des services essentiels fournis :<\/p>\n\n\n\n<ul class=\"wp-block-list\">\n<li><strong>Audits de strat\u00e9gie<\/strong>:Un examen complet des strat\u00e9gies existantes pour \u00e9valuer leur efficacit\u00e9 et leur ad\u00e9quation avec les objectifs g\u00e9n\u00e9raux de l&#039;entreprise. Les audits de strat\u00e9gie aident les entreprises \u00e0 comprendre si leurs initiatives strat\u00e9giques les conduisent vers les objectifs souhait\u00e9s, en identifiant les lacunes et les domaines \u00e0 am\u00e9liorer.<\/li>\n\n\n\n<li><strong>\u00c9valuations de performance<\/strong>:Une \u00e9valuation des r\u00e9sultats des initiatives strat\u00e9giques, ax\u00e9e sur les indicateurs cl\u00e9s de performance (ICP) pour mesurer le succ\u00e8s. Les \u00e9valuations de performance sont essentielles pour d\u00e9terminer si la strat\u00e9gie actuelle produit les r\u00e9sultats escompt\u00e9s et atteint les objectifs commerciaux.<\/li>\n\n\n\n<li><strong>Analyse comparative des concurrents<\/strong>:Analyser la performance et les strat\u00e9gies d&#039;une entreprise par rapport \u00e0 celles de ses principaux concurrents. Cela implique d&#039;identifier les domaines dans lesquels des am\u00e9liorations peuvent \u00eatre apport\u00e9es et de tirer parti des meilleures pratiques des leaders du secteur pour obtenir un avantage concurrentiel.<\/li>\n\n\n\n<li><strong>Analyse du potentiel de croissance<\/strong>:\u00c9valuer les opportunit\u00e9s du march\u00e9 pour d\u00e9terminer les voies d&#039;expansion et de diversification les plus viables. L&#039;analyse du potentiel de croissance permet d&#039;identifier de nouvelles opportunit\u00e9s sur le march\u00e9, notamment les tendances \u00e9mergentes, les segments de client\u00e8le inexploit\u00e9s et les partenariats potentiels susceptibles de favoriser l&#039;expansion.<\/li>\n\n\n\n<li><strong>\u00c9valuation et att\u00e9nuation des risques<\/strong>:\u00c9valuer les risques potentiels associ\u00e9s aux strat\u00e9gies existantes et formuler des recommandations pour les att\u00e9nuer. En comprenant les pi\u00e8ges potentiels, les entreprises peuvent prendre des mesures proactives pour minimiser les perturbations et am\u00e9liorer la r\u00e9silience.<\/li>\n\n\n\n<li><strong>Optimisation de l&#039;allocation des ressources<\/strong>: Examiner l&#039;allocation actuelle des ressources pour s&#039;assurer qu&#039;elles sont utilis\u00e9es efficacement. Cela comprend les ressources financi\u00e8res, le personnel et la technologie et aide les entreprises \u00e0 optimiser leurs op\u00e9rations pour atteindre leurs objectifs strat\u00e9giques plus efficacement.<\/li>\n\n\n\n<li><strong>Strat\u00e9gie d&#039;entr\u00e9e sur le march\u00e9<\/strong>:Pour les entreprises qui cherchent \u00e0 s&#039;implanter sur de nouveaux march\u00e9s, les soci\u00e9t\u00e9s d&#039;\u00e9valuation de strat\u00e9gie d&#039;entreprise peuvent les aider \u00e0 \u00e9laborer et \u00e0 mettre en \u0153uvre des strat\u00e9gies d&#039;entr\u00e9e sur le march\u00e9 efficaces. Cela implique d&#039;\u00e9valuer les conditions du march\u00e9 et les exigences r\u00e9glementaires et d&#039;identifier le meilleur mode d&#039;entr\u00e9e, comme les coentreprises, les partenariats ou l&#039;investissement direct.<\/li>\n<\/ul>\n\n\n\n<h2 class=\"wp-block-heading\">Qu\u2019est-ce qui distingue les meilleures soci\u00e9t\u00e9s d\u2019\u00e9valuation de strat\u00e9gie d\u2019entreprise ?<\/h2>\n\n\n\n<p>Une soci\u00e9t\u00e9 d&#039;\u00e9valuation de strat\u00e9gie d&#039;entreprise de premier plan comme SIS International se distingue par sa connaissance sp\u00e9cialis\u00e9e du secteur, ses informations bas\u00e9es sur les donn\u00e9es et ses m\u00e9thodologies \u00e9prouv\u00e9es. Sa compr\u00e9hension approfondie des diff\u00e9rents secteurs lui permet de fournir des recommandations sur mesure qui correspondent aux d\u00e9fis et aux opportunit\u00e9s uniques de chaque secteur.<\/p>\n\n\n\n<p>Ces entreprises utilisent \u00e9galement des outils et cadres d\u2019analyse avanc\u00e9s pour \u00e9valuer les strat\u00e9gies. L\u2019exploitation d\u2019une analyse de donn\u00e9es sophistiqu\u00e9e fournit des informations exploitables et fond\u00e9es sur des preuves empiriques. Cette approche bas\u00e9e sur les donn\u00e9es garantit que les recommandations sont strat\u00e9giques mais \u00e9galement r\u00e9alistes et r\u00e9alisables, offrant ainsi aux entreprises les meilleures chances de r\u00e9ussite.<\/p>\n\n\n\n<figure class=\"gb-block-image gb-block-image-c4f3f178\"><img loading=\"lazy\" decoding=\"async\" width=\"1456\" height=\"816\" class=\"gb-image gb-image-c4f3f178\" src=\"https:\/\/www.sisinternational.com\/wp-content\/uploads\/2025\/08\/Business-17.jpg\" alt=\"\u00c9tudes de march\u00e9 et strat\u00e9gie internationales SIS\" title=\"Business (17)\" srcset=\"https:\/\/www.sisinternational.com\/wp-content\/uploads\/2025\/08\/Business-17.jpg 1456w, https:\/\/www.sisinternational.com\/wp-content\/uploads\/2025\/08\/Business-17-300x168.jpg 300w, https:\/\/www.sisinternational.com\/wp-content\/uploads\/2025\/08\/Business-17-1024x574.jpg 1024w, https:\/\/www.sisinternational.com\/wp-content\/uploads\/2025\/08\/Business-17-768x430.jpg 768w, https:\/\/www.sisinternational.com\/wp-content\/uploads\/2025\/08\/Business-17-18x10.jpg 18w\" sizes=\"auto, (max-width: 1456px) 100vw, 1456px\"><\/figure>\n\n\n\n<p><\/p>\n\n\n\n<h2 class=\"wp-block-heading\">Comment une soci\u00e9t\u00e9 d&#039;\u00e9valuation de strat\u00e9gie d&#039;entreprise de premier plan ajoute de la valeur<\/h2>\n\n\n\n<p>Un cabinet d\u2019\u00e9valuation de strat\u00e9gie d\u2019entreprise de premier plan apporte une valeur ajout\u00e9e significative aux organisations en fournissant une \u00e9valuation objective et bas\u00e9e sur des donn\u00e9es de leur orientation strat\u00e9gique. Gr\u00e2ce \u00e0 des analyses d\u2019experts et \u00e0 des recommandations personnalis\u00e9es, ces cabinets permettent aux entreprises d\u2019identifier leurs points forts, de d\u00e9couvrir les domaines \u00e0 am\u00e9liorer et de capitaliser sur les opportunit\u00e9s de croissance.<\/p>\n\n\n\n<p><\/p>\n\n\n\n<p><strong>Analyse impartiale pour une prise de d\u00e9cision objective<\/strong><strong><br><\/strong>L&#039;un des principaux avantages de travailler avec un cabinet d&#039;\u00e9valuation de strat\u00e9gie d&#039;entreprise de premier plan est la perspective objective qu&#039;il offre. Les \u00e9valuations internes peuvent \u00eatre influenc\u00e9es par inadvertance par des pr\u00e9jug\u00e9s ou des cloisonnements organisationnels, ce qui peut brouiller la prise de d\u00e9cision strat\u00e9gique. Un cabinet externe \u00e9value objectivement la strat\u00e9gie d&#039;une entreprise, en s&#039;assurant que les d\u00e9cisions sont bas\u00e9es uniquement sur des donn\u00e9es, des tendances du march\u00e9 et des indicateurs de performance.&nbsp;<\/p>\n\n\n\n<p><strong>Acc\u00e8s \u00e0 des outils sp\u00e9cialis\u00e9s et \u00e0 des cadres d&#039;analyse<\/strong><strong><br><\/strong>Les meilleures soci\u00e9t\u00e9s d&#039;\u00e9valuation de strat\u00e9gie d&#039;entreprise utilisent des outils et des cadres avanc\u00e9s, tels que l&#039;analyse SWOT, les tableaux de bord \u00e9quilibr\u00e9s et la planification de sc\u00e9narios, pour analyser et mesurer l&#039;efficacit\u00e9 strat\u00e9gique. Ces soci\u00e9t\u00e9s appliquent des m\u00e9thodologies \u00e9prouv\u00e9es pour r\u00e9v\u00e9ler des informations exploitables, permettant aux entreprises d&#039;\u00e9valuer leurs performances, de mesurer les progr\u00e8s vers les objectifs et d&#039;ajuster leurs tactiques en fonction d&#039;une analyse compl\u00e8te.&nbsp;<\/p>\n\n\n\n<p><strong>Expertise sectorielle et connaissance du march\u00e9<\/strong><strong><br><\/strong>Un cabinet d&#039;\u00e9valuation de strat\u00e9gie d&#039;entreprise de premier plan apporte une expertise approfondie du secteur, fournissant des informations sur la dynamique du march\u00e9, les strat\u00e9gies des concurrents et les tendances \u00e9mergentes. Cette connaissance du secteur permet \u00e0 l&#039;entreprise de comparer les performances d&#039;une entreprise aux meilleures pratiques et d&#039;identifier de nouvelles opportunit\u00e9s de diff\u00e9renciation.&nbsp;<\/p>\n\n\n\n<p><strong>Identification des opportunit\u00e9s de croissance et att\u00e9nuation des risques<\/strong><strong><br><\/strong>Une \u00e9valuation efficace de la strat\u00e9gie consiste \u00e0 \u00e9valuer les performances actuelles et \u00e0 identifier les opportunit\u00e9s de croissance futures ainsi que les risques potentiels. Des soci\u00e9t\u00e9s sp\u00e9cialis\u00e9es comme SIS \u00e9valuent la faisabilit\u00e9 de l\u2019entr\u00e9e sur de nouveaux march\u00e9s, de la diversification de l\u2019offre de produits ou de l\u2019am\u00e9lioration de l\u2019efficacit\u00e9 op\u00e9rationnelle. Dans le m\u00eame temps, elles analysent les facteurs de risque susceptibles d\u2019avoir un impact sur le succ\u00e8s \u00e0 long terme, tels que les d\u00e9fis r\u00e9glementaires ou les changements dans la demande des clients.&nbsp;<\/p>\n\n\n\n<p><strong>Alignement strat\u00e9gique et responsabilisation renforc\u00e9s<\/strong><strong><br><\/strong>Travailler avec un cabinet d&#039;experts permet de s&#039;assurer que les objectifs strat\u00e9giques d&#039;une entreprise sont en ad\u00e9quation avec ses op\u00e9rations quotidiennes, favorisant ainsi une culture de responsabilit\u00e9 \u00e0 tous les niveaux. Un cabinet d&#039;\u00e9valuation de strat\u00e9gie d&#039;entreprise de premier plan peut aider \u00e0 d\u00e9finir des objectifs clairs et mesurables li\u00e9s \u00e0 des indicateurs cl\u00e9s de performance individuels et d\u00e9partementaux, garantissant ainsi que tous les membres de l&#039;organisation sont en phase avec la vision globale de l&#039;entreprise.&nbsp;<\/p>\n\n\n\n<h2 class=\"wp-block-heading\">Comment choisir le meilleur cabinet d\u2019\u00e9valuation de strat\u00e9gie d\u2019entreprise<\/h2>\n\n\n\n<p>Choosing the right corporate <a href=\"https:\/\/www.sisinternational.com\/fr\/les-medias-sociaux-dans-les-petites-entreprises\/\" title=\"Strat\u00e9gies de m\u00e9dias sociaux pour les petites entreprises\"  data-wpil-monitor-id=\"2230\">strategy evaluation firm<\/a> is a critical decision that can impact your business. Here are some key factors to consider:<\/p>\n\n\n\n<p><\/p>\n\n\n\n<figure class=\"gb-block-image gb-block-image-62530ce5\"><img loading=\"lazy\" decoding=\"async\" width=\"1456\" height=\"816\" class=\"gb-image gb-image-62530ce5\" src=\"https:\/\/www.sisinternational.com\/wp-content\/uploads\/2025\/09\/New-York-9.jpg\" alt=\"\u00c9tudes de march\u00e9 et strat\u00e9gie internationales SIS\" title=\"New York (9)\" srcset=\"https:\/\/www.sisinternational.com\/wp-content\/uploads\/2025\/09\/New-York-9.jpg 1456w, https:\/\/www.sisinternational.com\/wp-content\/uploads\/2025\/09\/New-York-9-300x168.jpg 300w, https:\/\/www.sisinternational.com\/wp-content\/uploads\/2025\/09\/New-York-9-1024x574.jpg 1024w, https:\/\/www.sisinternational.com\/wp-content\/uploads\/2025\/09\/New-York-9-768x430.jpg 768w, https:\/\/www.sisinternational.com\/wp-content\/uploads\/2025\/09\/New-York-9-18x10.jpg 18w\" sizes=\"auto, (max-width: 1456px) 100vw, 1456px\"><\/figure>\n\n\n\n<p><\/p>\n\n\n\n<ul class=\"wp-block-list\">\n<li><strong>Exp\u00e9rience<\/strong>: Recherchez une entreprise poss\u00e9dant une vaste exp\u00e9rience dans votre secteur d\u2019activit\u00e9. Sa connaissance du march\u00e9 lui permettra de formuler des recommandations plus pertinentes et plus pratiques.<\/li>\n\n\n\n<li><strong>T\u00e9moignages clients<\/strong>:Les t\u00e9moignages de clients et les histoires de r\u00e9ussite peuvent fournir des informations pr\u00e9cieuses sur les capacit\u00e9s de l\u2019entreprise et les r\u00e9sultats qu\u2019elle a obtenus pour d\u2019autres entreprises.<\/li>\n\n\n\n<li><strong>Expertise sectorielle<\/strong>:Les meilleures entreprises disposent d\u2019une expertise sp\u00e9cialis\u00e9e dans divers secteurs, ce qui leur permet de fournir des recommandations sur mesure qui correspondent aux besoins de votre secteur d\u2019activit\u00e9.<\/li>\n\n\n\n<li><strong>Offres de services personnalis\u00e9es<\/strong>:Les meilleures soci\u00e9t\u00e9s d\u2019\u00e9valuation de strat\u00e9gie d\u2019entreprise proposent des solutions personnalis\u00e9es, reconnaissant que chaque entreprise est unique et n\u00e9cessite une approche sur mesure.<\/li>\n<\/ul>\n\n\n\n<h2 class=\"wp-block-heading\">Pourquoi SIS International est le meilleur cabinet d&#039;\u00e9valuation de strat\u00e9gie d&#039;entreprise pour votre entreprise<\/h2>\n\n\n\n<p>Trouver le bon partenaire pour vous aider \u00e0 \u00e9valuer et \u00e0 affiner vos strat\u00e9gies d\u2019entreprise sur un march\u00e9 encombr\u00e9 peut \u00eatre un d\u00e9fi. <a href=\"https:\/\/www.linkedin.com\/company\/sisinternationalresearch\/\" target=\"_blank\" rel=\"noopener\">SIS International<\/a> se distingue comme le meilleur cabinet d\u2019\u00e9valuation de strat\u00e9gie d\u2019entreprise en raison de son approche unique qui combine une connaissance approfondie du secteur, des solutions sur mesure abordables et des informations compl\u00e8tes sur le march\u00e9.&nbsp;<\/p>\n\n\n<p>\n\n\n<\/p>\n<h4 class=\"wp-block-heading\" style=\"padding-left: 40px;\"><strong>Vaste exp\u00e9rience et connaissance du secteur<\/strong><\/h4>\n<p style=\"padding-left: 40px;\">\n\n\n\n<\/p>\n<p style=\"padding-left: 40px;\">\u00c0 <a href=\"https:\/\/twitter.com\/SISIntlResearch\" target=\"_blank\" rel=\"noopener\">SIS<\/a>, nous disposons de plusieurs dizaines d&#039;ann\u00e9es d&#039;exp\u00e9rience dans divers secteurs. Notre \u00e9quipe d&#039;experts poss\u00e8de une connaissance approfondie de divers secteurs, ce qui nous permet de fournir des informations tr\u00e8s pertinentes pour r\u00e9pondre aux besoins de votre entreprise.\u00a0<\/p>\n<p style=\"padding-left: 40px;\">\n\n\n\n<\/p>\n<h4 class=\"wp-block-heading\" style=\"padding-left: 40px;\"><strong>Des solutions abordables et sur mesure<\/strong><\/h4>\n<p style=\"padding-left: 40px;\">\n\n\n\n<\/p>\n<p style=\"padding-left: 40px;\">SIS International propose des solutions personnalis\u00e9es \u00e0 des prix abordables sans compromettre la qualit\u00e9. Nos mod\u00e8les de tarification sont transparents et nos services sont con\u00e7us pour s&#039;adapter \u00e0 votre budget tout en offrant une valeur maximale. Nous travaillons en \u00e9troite collaboration avec vous pour d\u00e9velopper des strat\u00e9gies efficaces et financi\u00e8rement viables, vous aidant \u00e0 atteindre vos objectifs commerciaux sans surcharger vos ressources.<\/p>\n<p style=\"padding-left: 40px;\">\n\n\n\n<\/p>\n<h4 class=\"wp-block-heading\" style=\"padding-left: 40px;\"><strong>Informations compl\u00e8tes sur le march\u00e9<\/strong><\/h4>\n<p style=\"padding-left: 40px;\">\n\n\n\n<\/p>\n<p style=\"padding-left: 40px;\">Nous nous appuyons sur des analyses de donn\u00e9es avanc\u00e9es et des recherches approfondies pour vous fournir une compr\u00e9hension claire de votre position sur le march\u00e9. En analysant les tendances du march\u00e9, le comportement des consommateurs et les activit\u00e9s des concurrents, nous vous aidons \u00e0 prendre des d\u00e9cisions \u00e9clair\u00e9es qui am\u00e9liorent votre orientation strat\u00e9gique.\u00a0<\/p>\n<p style=\"padding-left: 40px;\">\n\n\n\n<\/p>\n<h4 class=\"wp-block-heading\" style=\"padding-left: 40px;\"><strong>Des m\u00e9thodologies \u00e9prouv\u00e9es pour une r\u00e9ussite strat\u00e9gique<\/strong><\/h4>\n<p style=\"padding-left: 40px;\">\n\n\n\n<\/p>\n<p style=\"padding-left: 40px;\">SIS International utilise des m\u00e9thodologies \u00e9prouv\u00e9es, affin\u00e9es au fil des ann\u00e9es d&#039;exp\u00e9rience. Nos audits strat\u00e9giques, nos \u00e9valuations de performance et nos analyses du potentiel de croissance sont con\u00e7us pour fournir des informations exploitables qui conduisent \u00e0 des am\u00e9liorations mesurables.\u00a0<\/p>\n<p style=\"padding-left: 40px;\">\n\n\n\n<\/p>\n<h4 class=\"wp-block-heading\" style=\"padding-left: 40px;\"><strong>Approche centr\u00e9e sur le client<\/strong><\/h4>\n<p style=\"padding-left: 40px;\">\n\n\n\n<\/p>\n<p style=\"padding-left: 40px;\">Chez SIS International, nous adoptons une approche centr\u00e9e sur le client, en veillant \u00e0 ce que toutes les recommandations correspondent \u00e0 vos besoins commerciaux uniques. Nous reconnaissons qu&#039;aucune entreprise n&#039;est identique et nos solutions sont adapt\u00e9es pour r\u00e9pondre \u00e0 vos d\u00e9fis et opportunit\u00e9s sp\u00e9cifiques. Nous travaillons en \u00e9troite collaboration avec votre \u00e9quipe pour d\u00e9velopper des strat\u00e9gies pratiques, exploitables et con\u00e7ues pour favoriser le succ\u00e8s.<\/p>\n<p style=\"padding-left: 40px;\">\n\n\n\n<\/p>\n<h4 class=\"wp-block-heading\" style=\"padding-left: 40px;\"><strong>Soutien et partenariat \u00e0 long terme<\/strong><\/h4>\n<p style=\"padding-left: 40px;\">\n\n\n\n<\/p>\n<p style=\"padding-left: 40px;\"><a href=\"https:\/\/medium.com\/@sisinternational\/sis-international-c17160da8fac\" target=\"_blank\" rel=\"noopener\">SIS<\/a> vous offre un soutien continu pour garantir que vos strat\u00e9gies d\u2019entreprise restent efficaces et adaptables \u00e0 la dynamique changeante du march\u00e9. Nous comprenons que l\u2019environnement commercial \u00e9volue constamment et nous nous engageons \u00e0 vous aider \u00e0 faire face \u00e0 ces changements. Notre approche de partenariat \u00e0 long terme signifie que nous sommes toujours disponibles pour vous conseiller, faire des ajustements et garantir que vos strat\u00e9gies continuent \u00e0 produire des r\u00e9sultats.\u00a0<\/p>\n<p>\n\n\n<\/p>\n\n\n<h2 class=\"wp-block-heading\">\u00c0 propos de SIS International<\/h2>\n\n\n\n<p><a href=\"https:\/\/www.sisinternational.com\/fr\/\">SIS International<\/a> propose des recherches quantitatives, qualitatives et strat\u00e9giques. Nous fournissons des donn\u00e9es, des outils, des strat\u00e9gies, des rapports et des informations pour la prise de d\u00e9cision. Nous menons \u00e9galement des entretiens, des enqu\u00eates, des groupes de discussion et d\u2019autres m\u00e9thodes et approches d\u2019\u00e9tudes de march\u00e9.<a href=\"https:\/\/www.sisinternational.com\/fr\/a-propos-de-la-recherche-internationale-sis\/contact-sis-international-market-research\/\"> Contactez nous<\/a> pour votre prochain projet d&#039;\u00e9tude de march\u00e9.<\/p>\n\n\n\n<p><br><\/p>\n\n\n\n<p><\/p>","protected":false},"excerpt":{"rendered":"<p>Top Corporate Strategy Evaluation Firm Engaging a top corporate strategy evaluation firm helps businesses adapt to market changes, optimize resources, and maintain a competitive edge in their industry. The effectiveness of a corporate strategy can make or break a business. By working with a top corporate strategy evaluation firm, you can ensure that your strategic &#8230; <a title=\"Cabinet d&#039;\u00e9valuation de strat\u00e9gie d&#039;entreprise de premier plan\" class=\"read-more\" href=\"https:\/\/www.sisinternational.com\/fr\/solutions\/conseil-en-strategie\/cabinet-devaluation-de-strategie-dentreprise-de-premier-plan\/\" aria-label=\"En savoir plus sur Top Corporate Strategy Evaluation Firm\">Lire plus<\/a><\/p>","protected":false},"author":1,"featured_media":66478,"parent":14567,"menu_order":46,"comment_status":"closed","ping_status":"closed","template":"","meta":{"footnotes":""},"class_list":["post-53937","page","type-page","status-publish","has-post-thumbnail"],"_links":{"self":[{"href":"https:\/\/www.sisinternational.com\/fr\/wp-json\/wp\/v2\/pages\/53937","targetHints":{"allow":["GET"]}}],"collection":[{"href":"https:\/\/www.sisinternational.com\/fr\/wp-json\/wp\/v2\/pages"}],"about":[{"href":"https:\/\/www.sisinternational.com\/fr\/wp-json\/wp\/v2\/types\/page"}],"author":[{"embeddable":true,"href":"https:\/\/www.sisinternational.com\/fr\/wp-json\/wp\/v2\/users\/1"}],"replies":[{"embeddable":true,"href":"https:\/\/www.sisinternational.com\/fr\/wp-json\/wp\/v2\/comments?post=53937"}],"version-history":[{"count":10,"href":"https:\/\/www.sisinternational.com\/fr\/wp-json\/wp\/v2\/pages\/53937\/revisions"}],"predecessor-version":[{"id":76590,"href":"https:\/\/www.sisinternational.com\/fr\/wp-json\/wp\/v2\/pages\/53937\/revisions\/76590"}],"up":[{"embeddable":true,"href":"https:\/\/www.sisinternational.com\/fr\/wp-json\/wp\/v2\/pages\/14567"}],"wp:featuredmedia":[{"embeddable":true,"href":"https:\/\/www.sisinternational.com\/fr\/wp-json\/wp\/v2\/media\/66478"}],"wp:attachment":[{"href":"https:\/\/www.sisinternational.com\/fr\/wp-json\/wp\/v2\/media?parent=53937"}],"curies":[{"name":"wp","href":"https:\/\/api.w.org\/{rel}","templated":true}]}}