{"id":53934,"date":"2024-11-06T05:47:59","date_gmt":"2024-11-06T10:47:59","guid":{"rendered":"https:\/\/www.sisinternational.com\/?page_id=53934"},"modified":"2026-03-05T23:19:49","modified_gmt":"2026-03-06T04:19:49","slug":"strategies-dentree-sur-le-marche-b2b","status":"publish","type":"page","link":"https:\/\/www.sisinternational.com\/fr\/solutions\/etude-de-marche-b2b\/strategies-dentree-sur-le-marche-b2b\/","title":{"rendered":"Strat\u00e9gies d&#039;entr\u00e9e sur le march\u00e9 B2B"},"content":{"rendered":"<h1 class=\"wp-block-heading\">Strat\u00e9gies d&#039;entr\u00e9e sur le march\u00e9 B2B<\/h1>\n\n\n\n<p><br><\/p>\n\n\n\n<figure class=\"gb-block-image gb-block-image-7ac2c3cc\"><img loading=\"lazy\" decoding=\"async\" width=\"1456\" height=\"816\" class=\"gb-image gb-image-7ac2c3cc\" src=\"https:\/\/www.sisinternational.com\/wp-content\/uploads\/2025\/08\/B2B-2-6.jpg\" alt=\"\u00c9tudes de march\u00e9 et strat\u00e9gie internationales SIS\" title=\"B2B 2 (6)\" srcset=\"https:\/\/www.sisinternational.com\/wp-content\/uploads\/2025\/08\/B2B-2-6.jpg 1456w, https:\/\/www.sisinternational.com\/wp-content\/uploads\/2025\/08\/B2B-2-6-300x168.jpg 300w, https:\/\/www.sisinternational.com\/wp-content\/uploads\/2025\/08\/B2B-2-6-1024x574.jpg 1024w, https:\/\/www.sisinternational.com\/wp-content\/uploads\/2025\/08\/B2B-2-6-768x430.jpg 768w, https:\/\/www.sisinternational.com\/wp-content\/uploads\/2025\/08\/B2B-2-6-18x10.jpg 18w\" sizes=\"auto, (max-width: 1456px) 100vw, 1456px\"><\/figure>\n\n\n\n<hr class=\"wp-block-separator has-alpha-channel-opacity is-style-dots\"\/>\n\n\n\n<h4 class=\"wp-block-heading\">Pour p\u00e9n\u00e9trer un nouveau march\u00e9, il faut de la strat\u00e9gie et de la pr\u00e9cision. Les strat\u00e9gies d&#039;entr\u00e9e sur le march\u00e9 B2B fournissent une feuille de route pour aider les entreprises \u00e0 r\u00e9ussir sur des territoires inconnus.<\/h4>\n\n\n\n<p>Une entr\u00e9e r\u00e9ussie sur le march\u00e9 est une d\u00e9marche calcul\u00e9e. Avec les bonnes strat\u00e9gies d&#039;entr\u00e9e sur le march\u00e9 B2B, votre entreprise peut minimiser les risques et maximiser la croissance.<\/p>\n\n\n\n<h2 class=\"wp-block-heading\">Qu&#039;est-ce que la strat\u00e9gie d&#039;entr\u00e9e sur le march\u00e9 B2B ?<\/h2>\n\n\n\n<p>Les strat\u00e9gies d\u2019entr\u00e9e sur le march\u00e9 B2B sont des plans structur\u00e9s qui aident les entreprises \u00e0 p\u00e9n\u00e9trer de nouveaux march\u00e9s avec succ\u00e8s, en relevant les d\u00e9fis sp\u00e9cifiques aux relations B2B. Ces strat\u00e9gies englobent l\u2019identification des besoins des clients, la compr\u00e9hension des concurrents locaux, le respect des exigences r\u00e9glementaires et l\u2019\u00e9tablissement de liens avec les principales parties prenantes.&nbsp;<\/p>\n\n\n\n<p>In this context, market research provides insights into customer preferences, competitive dynamics, cultural nuances, and regulatory hurdles specific to the target market..<\/p>\n\n\n\n<h2 class=\"wp-block-heading\">Pourquoi les entreprises ont-elles besoin de strat\u00e9gies d\u2019entr\u00e9e sur le march\u00e9 B2B\u00a0?<\/h2>\n\n\n\n<figure class=\"gb-block-image gb-block-image-ada81492\"><img decoding=\"async\" class=\"gb-image gb-image-ada81492\" src=\"https:\/\/www.sisinternational.com\/wp-content\/uploads\/2025\/01\/Financial-services-11.jpeg\" alt=\"\u00c9tudes de march\u00e9 et strat\u00e9gie internationales SIS\" title=\"Financial services (11)\"><\/figure>\n\n\n\n<p><\/p>\n\n\n\n<p>One of the primary reasons businesses need <a href=\"https:\/\/sisaisolutions.com\/application-of-ai-in-b2b\/\" target=\"_blank\" rel=\"noopener\">B2B market entry strategies<\/a> is to navigate the complexities of local regulations. Every region has its regulatory landscape, from trade policies to taxation rules. Without a clear plan, a company might find itself entangled in compliance issues that could be costly or time-consuming.<\/p>\n\n\n\n<p>Another critical factor is understanding regional customer behavior. What works in one market might not necessarily succeed in another. <a href=\"https:\/\/www.sisinternational.com\/fr\/analyse-de-lentree-sur-le-marche-de-carrefour-dubai\/\" title=\"Analyse de l&#039;entr\u00e9e sur le march\u00e9 de Duba\u00ef par Carrefour\" data-wpil-monitor-id=\"1834\">Strat\u00e9gies d&#039;entr\u00e9e sur le march\u00e9<\/a> help businesses adapt their products, services, and messaging to fit the cultural and economic context of the new market.<\/p>\n\n\n\n<p>En plus, <a href=\"https:\/\/www.sisinternational.com\/fr\/b2b-go-to-market-strategy\/\" title=\"B2B Go-to-Market Strategy\" data-wpil-monitor-id=\"795\">B2B market entry strategies<\/a> help businesses identify and mitigate risks. Entering a new market involves various uncertainties, including economic stability, competitive pressures, and cultural differences. A well-researched and executed strategy provides a framework for risk assessment and mitigation, helping businesses navigate these challenges and establish a foothold in the market.<\/p>\n\n\n\n<h2 class=\"wp-block-heading\">Notre analyse actuelle du march\u00e9 et nos recommandations<\/h2>\n\n\n\n<p>Nous recommandons de tirer parti des partenariats locaux pour renforcer la cr\u00e9dibilit\u00e9 et la confiance au sein du march\u00e9. Les partenariats avec des acteurs locaux \u00e9tablis peuvent aider \u00e0 combler les \u00e9carts culturels, \u00e0 s&#039;orienter dans le paysage r\u00e9glementaire et \u00e0 cr\u00e9er un processus d&#039;entr\u00e9e plus fluide.<\/p>\n\n\n\n<p>We also consider digital tools indispensable in today&#8217;s market landscape. Advanced analytics can provide deeper insights into customer preferences, allowing your business to make data-driven adjustments. <\/p>\n\n\n\n<p>De plus, nous pensons qu\u2019une approche d\u2019entr\u00e9e flexible, comme une combinaison de canaux directs et indirects, peut aider les entreprises \u00e0 mieux s\u2019adapter \u00e0 la dynamique du march\u00e9. Les canaux directs peuvent offrir un contr\u00f4le et une visibilit\u00e9 de la marque, tandis que les canaux indirects comme les distributeurs locaux peuvent offrir une port\u00e9e sur le march\u00e9 et r\u00e9duire les risques. Lorsqu\u2019elles sont adapt\u00e9es aux conditions du march\u00e9, ces strat\u00e9gies combin\u00e9es peuvent consid\u00e9rablement am\u00e9liorer vos chances de r\u00e9ussite sur de nouveaux territoires.<\/p>\n\n\n\n<h2 class=\"wp-block-heading\">Facteurs de march\u00e9<\/h2>\n\n\n\n<p>Plusieurs facteurs influent souvent sur la r\u00e9ussite d\u2019une entr\u00e9e sur un march\u00e9. Voici sept facteurs cl\u00e9s du march\u00e9 :<\/p>\n\n\n\n<p><\/p>\n\n\n\n<figure class=\"gb-block-image gb-block-image-ad9aa877\"><img loading=\"lazy\" decoding=\"async\" width=\"822\" height=\"792\" class=\"gb-image gb-image-ad9aa877\" src=\"https:\/\/www.sisinternational.com\/wp-content\/uploads\/2024\/11\/Market-entry.png\" alt=\"\u00c9tudes de march\u00e9 et strat\u00e9gie internationales SIS\" title=\"Entr\u00e9e sur le march\u00e9\" srcset=\"https:\/\/www.sisinternational.com\/wp-content\/uploads\/2024\/11\/Market-entry.png 822w, https:\/\/www.sisinternational.com\/wp-content\/uploads\/2024\/11\/Market-entry-300x289.png 300w, https:\/\/www.sisinternational.com\/wp-content\/uploads\/2024\/11\/Market-entry-768x740.png 768w, https:\/\/www.sisinternational.com\/wp-content\/uploads\/2024\/11\/Market-entry-12x12.png 12w\" sizes=\"auto, (max-width: 822px) 100vw, 822px\"><\/figure>\n\n\n\n<p><\/p>\n\n\n\n<ol class=\"wp-block-list\">\n<li><strong>Adoption croissante de la technologie<\/strong>: Increased digital adoption opens new avenues for <a href=\"https:\/\/www.sisinternational.com\/fr\/strategie-marketing-multicanal-b2b\/\" title=\"Strat\u00e9gie marketing multicanal B2B\" data-wpil-monitor-id=\"840\">B2B market entry strategies<\/a>. The rise of cloud computing, AI, and IoT enables companies to leverage technology for efficient market entry.<\/li>\n\n\n\n<li><strong>Soutien gouvernemental<\/strong>:Les politiques et les mesures incitatives encouragent les entreprises \u00e0 p\u00e9n\u00e9trer de nouveaux march\u00e9s. Les gouvernements du monde entier accordent des subventions, des all\u00e8gements fiscaux et d\u2019autres mesures incitatives pour attirer les investissements \u00e9trangers et favoriser la croissance \u00e9conomique.<\/li>\n\n\n\n<li><strong>Demande croissante de durabilit\u00e9<\/strong>:Les produits et services respectueux de l&#039;environnement sont tr\u00e8s recherch\u00e9s. Les consommateurs \u00e9tant de plus en plus soucieux de l&#039;environnement, la demande croissante de pratiques commerciales durables cr\u00e9e des opportunit\u00e9s pour les entreprises qui se concentrent sur les solutions vertes.<\/li>\n\n\n\n<li><strong>Changements de comportement des consommateurs<\/strong>:L\u2019\u00e9volution des pr\u00e9f\u00e9rences cr\u00e9e des opportunit\u00e9s pour des solutions sp\u00e9cifiques au march\u00e9. La personnalisation, la consommation num\u00e9rique et la prise en compte de la sant\u00e9 stimulent la demande de produits et services sur mesure.<\/li>\n\n\n\n<li><strong>Croissance \u00e9conomique<\/strong>:Les \u00e9conomies en expansion offrent un terrain fertile aux nouveaux entrants. Les march\u00e9s \u00e9mergents, notamment en Asie et en Afrique, connaissent une croissance significative, offrant des opportunit\u00e9s aux entreprises qui cherchent \u00e0 \u00e9tendre leur pr\u00e9sence.<\/li>\n\n\n\n<li><strong>Expansion du commerce \u00e9lectronique<\/strong>:La croissance du commerce \u00e9lectronique facilite les transactions B2B. La popularit\u00e9 croissante des plateformes en ligne permet aux entreprises d&#039;atteindre de nouveaux clients et de rationaliser leurs canaux de distribution sans infrastructure physique importante.<\/li>\n\n\n\n<li><strong>Alliances strat\u00e9giques<\/strong>:La collaboration entre les acteurs locaux et internationaux am\u00e9liore l\u2019accessibilit\u00e9 au march\u00e9. Les partenariats avec les entreprises locales peuvent aider les entreprises \u00e0 surmonter les obstacles r\u00e9glementaires, \u00e0 comprendre les diff\u00e9rences culturelles et \u00e0 gagner en cr\u00e9dibilit\u00e9 sur le march\u00e9.<\/li>\n<\/ol>\n\n\n\n<p><\/p>\n\n\n<div class=\"wp-block-image\">\n<figure class=\"aligncenter size-full\"><img decoding=\"async\" src=\"https:\/\/www.sisinternational.com\/wp-content\/uploads\/2015\/07\/China-Market-Entry-Research-and-Strategy.jpg\" alt=\"Recherche et strat\u00e9gie d&#039;entr\u00e9e sur le march\u00e9 chinois - Strat\u00e9gies d&#039;entr\u00e9e sur le march\u00e9 B2B\" class=\"wp-image-29098\"\/><\/figure>\n<\/div>\n\n\n<p><\/p>\n\n\n\n<h2 class=\"wp-block-heading\">Restrictions du march\u00e9<\/h2>\n\n\n\n<p>Cependant, p\u00e9n\u00e9trer un nouveau march\u00e9 n\u2019est pas sans poser de probl\u00e8mes. Voici sept contraintes du march\u00e9 dont il faut \u00eatre conscient :<\/p>\n\n\n\n<ol class=\"wp-block-list\">\n<li><strong>Des exigences r\u00e9glementaires complexes<\/strong>: Diverse regulatory standards complicate B2B <a href=\"https:\/\/www.sisinternational.com\/fr\/devenir-un-champion-cache-du-marketing-de-niche\/\" title=\"Strat\u00e9gie marketing des champions cach\u00e9s et marketing de niche\" data-wpil-monitor-id=\"7584\">strat\u00e9gies d&#039;entr\u00e9e sur le march\u00e9<\/a>. Navigating compliance requirements can be challenging, especially in industries with strict regulations like healthcare and finance.<\/li>\n\n\n\n<li><strong>Haute concurrence<\/strong>:La concurrence est rude et les nouveaux venus ont du mal \u00e0 conqu\u00e9rir des parts de march\u00e9. Les acteurs \u00e9tablis b\u00e9n\u00e9ficient souvent d&#039;une fid\u00e9lit\u00e9 \u00e0 la marque, d&#039;\u00e9conomies d&#039;\u00e9chelle et de r\u00e9seaux de distribution solides avec lesquels il peut \u00eatre difficile de rivaliser.<\/li>\n\n\n\n<li><strong>Les diff\u00e9rences culturelles<\/strong>:Le manque de compr\u00e9hension culturelle peut conduire \u00e0 des messages inefficaces. La compr\u00e9hension des coutumes locales, des nuances linguistiques et du comportement des consommateurs est essentielle pour une p\u00e9n\u00e9tration efficace du march\u00e9. Ne pas le faire peut entra\u00eener des probl\u00e8mes de communication et nuire \u00e0 la marque.<\/li>\n\n\n\n<li><strong>Instabilit\u00e9 \u00e9conomique<\/strong>:Les fluctuations \u00e9conomiques peuvent avoir un impact sur les d\u00e9cisions d\u2019entr\u00e9e sur le march\u00e9. Les ralentissements \u00e9conomiques, la volatilit\u00e9 des devises et l\u2019instabilit\u00e9 politique peuvent pr\u00e9senter des risques importants pour les nouveaux entrants sur le march\u00e9.<\/li>\n\n\n\n<li><strong>Co\u00fbts d&#039;entr\u00e9e \u00e9lev\u00e9s<\/strong>:La mise en place d&#039;une activit\u00e9 peut n\u00e9cessiter un investissement financier important. Les co\u00fbts d&#039;infrastructure, de recrutement, de marketing et de conformit\u00e9 peuvent \u00eatre prohibitifs pour certaines entreprises, en particulier les PME.<\/li>\n\n\n\n<li><strong>D\u00e9fis logistiques<\/strong>:Une logistique inefficace peut entraver la gestion de la cha\u00eene d&#039;approvisionnement. Une infrastructure m\u00e9diocre, des proc\u00e9dures douani\u00e8res complexes et des transports peu fiables peuvent perturber la livraison en temps voulu des produits et des services.<\/li>\n\n\n\n<li><strong>Connaissance limit\u00e9e du march\u00e9<\/strong>:Une mauvaise compr\u00e9hension des conditions du march\u00e9 local peut conduire \u00e0 des erreurs. Sans une \u00e9tude de march\u00e9 approfondie, les entreprises peuvent mal \u00e9valuer la demande, les prix ou la dynamique concurrentielle, ce qui peut conduire \u00e0 l&#039;\u00e9chec de leurs tentatives d&#039;entr\u00e9e sur le march\u00e9.<\/li>\n<\/ol>\n\n\n\n<h2 class=\"wp-block-heading\">Comment SIS International est votre choix le plus abordable en mati\u00e8re de strat\u00e9gies d&#039;entr\u00e9e sur le march\u00e9 B2B<\/h2>\n\n\n\n<p>SIS International is committed to offering high-quality and affordable <a href=\"https:\/\/www.sisinternational.com\/fr\/sis-global-coverage\/\" title=\"sis global coverage\" data-wpil-monitor-id=\"6589\">entr\u00e9e sur le march\u00e9<\/a> solutions for businesses looking to expand globally. Our expertise, cost-effective approach, and personalized services make us the ideal partner for successful market entry.&nbsp;<\/p>\n\n\n<p>\n\n\n<\/p>\n<h4 class=\"wp-block-heading\" style=\"padding-left: 40px;\"><strong>Une expertise approfondie du march\u00e9<\/strong><\/h4>\n<p style=\"padding-left: 40px;\">\n\n\n\n<\/p>\n<p style=\"padding-left: 40px;\">SIS propose une combinaison unique de prix abordable et d&#039;expertise, ce qui fait de nous le partenaire id\u00e9al pour les strat\u00e9gies d&#039;entr\u00e9e sur le march\u00e9 B2B. Notre \u00e9quipe apporte des ann\u00e9es d&#039;exp\u00e9rience sur divers march\u00e9s, garantissant que votre strat\u00e9gie d&#039;entr\u00e9e est fond\u00e9e sur des connaissances pratiques et adapt\u00e9e aux exigences locales sp\u00e9cifiques.<\/p>\n<p style=\"padding-left: 40px;\">\n\n\n\n<\/p>\n<h4 class=\"wp-block-heading\" style=\"padding-left: 40px;\"><strong>Des solutions rentables<\/strong><\/h4>\n<p style=\"padding-left: 40px;\">\n\n\n\n<\/p>\n<p style=\"padding-left: 40px;\">Nous sommes fiers d&#039;\u00eatre un choix accessible pour les entreprises qui cherchent \u00e0 se d\u00e9velopper \u00e0 l&#039;international. En tirant parti de notre expertise, nous aidons les entreprises \u00e0 minimiser les co\u00fbts d&#039;entr\u00e9e et \u00e0 rationaliser le processus. <a href=\"https:\/\/www.linkedin.com\/pulse\/how-market-research-enables-growth-ruth-stanat-phekf\/\" target=\"_blank\" rel=\"noopener\">\u00e9tude de march\u00e9<\/a> et les services de conseil sont con\u00e7us pour identifier les opportunit\u00e9s, att\u00e9nuer les risques et maximiser le succ\u00e8s tout en contr\u00f4lant les d\u00e9penses.<\/p>\n<p style=\"padding-left: 40px;\">\n\n\n\n<\/p>\n<h4 class=\"wp-block-heading\" style=\"padding-left: 40px;\"><strong>Un accompagnement sur mesure pour votre entr\u00e9e sur le march\u00e9<\/strong><\/h4>\n<p style=\"padding-left: 40px;\">\n\n\n\n<\/p>\n<p style=\"padding-left: 40px;\"><a href=\"https:\/\/www.linkedin.com\/company\/sisinternationalresearch\/\" target=\"_blank\" rel=\"noopener\">SIS International<\/a> vous guide dans votre conqu\u00eate de nouveaux march\u00e9s avec confiance et pr\u00e9cision. Notre approche sur mesure garantit que chaque aspect de votre strat\u00e9gie d&#039;entr\u00e9e sur le march\u00e9 est adapt\u00e9 aux besoins de votre entreprise, vous offrant ainsi les meilleures chances de r\u00e9ussite.<\/p>\n<p style=\"padding-left: 40px;\">\n\n\n\n<\/p>\n<h4 class=\"wp-block-heading\" style=\"padding-left: 40px;\"><strong>\u00c9tude de march\u00e9 compl\u00e8te<\/strong><\/h4>\n<p style=\"padding-left: 40px;\">\n\n\n\n<\/p>\n<p style=\"padding-left: 40px;\">Nos services d&#039;\u00e9tudes de march\u00e9 sont con\u00e7us pour vous fournir des informations approfondies sur votre march\u00e9 cible. Nous utilisons des analyses de donn\u00e9es avanc\u00e9es et des m\u00e9thodes de recherche approfondies pour comprendre le comportement des consommateurs, la concurrence et les environnements r\u00e9glementaires.\u00a0<\/p>\n<p style=\"padding-left: 40px;\">\n\n\n\n<\/p>\n<h4 class=\"wp-block-heading\" style=\"padding-left: 40px;\"><strong>Services de consultation d&#039;experts<\/strong><\/h4>\n<p style=\"padding-left: 40px;\">\n\n\n\n<\/p>\n<p style=\"padding-left: 40px;\">Notre \u00e9quipe de consultants travaille en \u00e9troite collaboration avec vous pour \u00e9laborer des strat\u00e9gies qui correspondent \u00e0 vos objectifs commerciaux. Nous vous fournissons des conseils d&#039;experts sur le choix des modes d&#039;entr\u00e9e sur le march\u00e9 les plus adapt\u00e9s, que ce soit par le biais de partenariats, d&#039;acquisitions ou de la cr\u00e9ation de nouvelles op\u00e9rations.\u00a0<\/p>\n<p style=\"padding-left: 40px;\">\n\n\n\n<\/p>\n<h4 class=\"wp-block-heading\" style=\"padding-left: 40px;\"><strong>Soutien et adaptation continus<\/strong><\/h4>\n<p style=\"padding-left: 40px;\">\n\n\n\n<\/p>\n<p style=\"padding-left: 40px;\"><a href=\"https:\/\/twitter.com\/SISIntlResearch\" target=\"_blank\" rel=\"noopener\">SIS<\/a> Nous vous offrons un accompagnement continu m\u00eame apr\u00e8s votre entr\u00e9e sur le march\u00e9, en vous aidant \u00e0 ajuster vos strat\u00e9gies selon vos besoins. Notre suivi continu des tendances du march\u00e9 et des retours clients garantit que votre entreprise reste comp\u00e9titive et agile sur le nouveau march\u00e9.<\/p>\n<p style=\"padding-left: 40px;\">\n\n\n\n<\/p>\n<h4 class=\"wp-block-heading\" style=\"padding-left: 40px;\"><strong>L&#039;excellence \u00e0 prix abordable<\/strong><\/h4>\n<p style=\"padding-left: 40px;\">\n\n\n\n<\/p>\n<p style=\"padding-left: 40px;\">Chez SIS International, le co\u00fbt ne doit pas \u00eatre un obstacle \u00e0 la r\u00e9ussite. Nos services sont con\u00e7us pour \u00eatre abordables sans compromettre la qualit\u00e9. Nous proposons des mod\u00e8les de tarification transparents et travaillons avec vous pour trouver des solutions adapt\u00e9es \u00e0 votre budget tout en offrant une valeur maximale.<\/p>\n<p style=\"padding-left: 40px;\">\n\n\n<h2>Notre emplacement \u00e0 New York<\/h2>\n<p><!-- \/wp:post-content --> <!-- wp:html --> <iframe loading=\"lazy\" src=\"https:\/\/www.google.com\/maps\/embed?pb=!1m18!1m12!1m3!1d3022.976188376966!2d-73.99130312499956!3d40.740549471389315!2m3!1f0!2f0!3f0!3m2!1i1024!2i768!4f13.1!3m3!1m2!1s0x89c259a15798c731%3A0xd695d09bdd495f25!2s11%20E%2022nd%20St%20FL%202%2C%20New%20York%2C%20NY%2010010%2C%20USA!5e0!3m2!1sen!2spe!4v1726171763526!5m2!1sen!2spe\" width=\"600\" height=\"450\" allowfullscreen=\"allowfullscreen\" data-mce-fragment=\"1\"><\/iframe> <!-- \/wp:html --> <!-- wp:paragraph --><\/p>\n<h3 class=\"wp-block-heading\">11 E 22nd Street, \u00e9tage 2, New York, NY 10010 T\u00e9l. : +1(212) 505-6805<\/h3>\n<hr \/>\n<h2><span style=\"font-weight: 400;\">\u00c0 propos de SIS International<\/span><\/h2>\n<p><a href=\"https:\/\/www.sisinternational.com\/fr\/\"><span style=\"font-weight: 400;\">SIS International<\/span><\/a><span style=\"font-weight: 400;\"> propose des recherches quantitatives, qualitatives et strat\u00e9giques. Nous fournissons des donn\u00e9es, des outils, des strat\u00e9gies, des rapports et des informations pour la prise de d\u00e9cision. Nous menons \u00e9galement des entretiens, des enqu\u00eates, des groupes de discussion et d\u2019autres m\u00e9thodes et approches d\u2019\u00e9tudes de march\u00e9.<\/span><a href=\"https:\/\/www.sisinternational.com\/fr\/a-propos-de-la-recherche-internationale-sis\/contact-sis-international-market-research\/\"><span style=\"font-weight: 400;\"> Contactez nous<\/span><\/a><span style=\"font-weight: 400;\"> pour votre prochain projet d&#039;\u00e9tude de march\u00e9.<\/span><\/p>\n<p><!-- wp:heading --><\/p>\n<h2 class=\"wp-block-heading\"><\/h2>\n<p><!-- \/wp:heading --><\/p>\n<p><!-- wp:paragraph --><\/p>\n<p><!-- \/wp:paragraph --><\/p>\n<p><!-- wp:separator --><\/p>\n<hr class=\"wp-block-separator has-alpha-channel-opacity\"\/>\n<!-- \/wp:separator --><\/p>","protected":false},"excerpt":{"rendered":"<p>B2B Market Entry Strategies Breaking into a new market demands strategy and precision. B2B Market Entry Strategies provide a roadmap to help businesses succeed in unfamiliar territories. Successful market entry is a calculated move. With the right B2B Market Entry Strategies, your business can minimize risks and maximize growth. What Is B2B Market Entry Strategy? &#8230; <a title=\"Strat\u00e9gies d&#039;entr\u00e9e sur le march\u00e9 B2B\" class=\"read-more\" href=\"https:\/\/www.sisinternational.com\/fr\/solutions\/etude-de-marche-b2b\/strategies-dentree-sur-le-marche-b2b\/\" aria-label=\"En savoir plus sur B2B Market Entry Strategies\">Lire plus<\/a><\/p>","protected":false},"author":1,"featured_media":62377,"parent":11292,"menu_order":11,"comment_status":"closed","ping_status":"closed","template":"","meta":{"footnotes":""},"class_list":["post-53934","page","type-page","status-publish","has-post-thumbnail"],"_links":{"self":[{"href":"https:\/\/www.sisinternational.com\/fr\/wp-json\/wp\/v2\/pages\/53934","targetHints":{"allow":["GET"]}}],"collection":[{"href":"https:\/\/www.sisinternational.com\/fr\/wp-json\/wp\/v2\/pages"}],"about":[{"href":"https:\/\/www.sisinternational.com\/fr\/wp-json\/wp\/v2\/types\/page"}],"author":[{"embeddable":true,"href":"https:\/\/www.sisinternational.com\/fr\/wp-json\/wp\/v2\/users\/1"}],"replies":[{"embeddable":true,"href":"https:\/\/www.sisinternational.com\/fr\/wp-json\/wp\/v2\/comments?post=53934"}],"version-history":[{"count":16,"href":"https:\/\/www.sisinternational.com\/fr\/wp-json\/wp\/v2\/pages\/53934\/revisions"}],"predecessor-version":[{"id":81207,"href":"https:\/\/www.sisinternational.com\/fr\/wp-json\/wp\/v2\/pages\/53934\/revisions\/81207"}],"up":[{"embeddable":true,"href":"https:\/\/www.sisinternational.com\/fr\/wp-json\/wp\/v2\/pages\/11292"}],"wp:featuredmedia":[{"embeddable":true,"href":"https:\/\/www.sisinternational.com\/fr\/wp-json\/wp\/v2\/media\/62377"}],"wp:attachment":[{"href":"https:\/\/www.sisinternational.com\/fr\/wp-json\/wp\/v2\/media?parent=53934"}],"curies":[{"name":"wp","href":"https:\/\/api.w.org\/{rel}","templated":true}]}}