{"id":53891,"date":"2024-11-04T14:59:43","date_gmt":"2024-11-04T19:59:43","guid":{"rendered":"https:\/\/www.sisinternational.com\/?page_id=53891"},"modified":"2026-03-05T23:20:39","modified_gmt":"2026-03-06T04:20:39","slug":"entreprise-de-generation-de-demande-b2b-de-premier-plan","status":"publish","type":"page","link":"https:\/\/www.sisinternational.com\/fr\/solutions\/etude-de-marche-b2b\/entreprise-de-generation-de-demande-b2b-de-premier-plan\/","title":{"rendered":"Entreprise de g\u00e9n\u00e9ration de demande B2B de premier plan"},"content":{"rendered":"<h1 class=\"gb-headline gb-headline-c90e9ae9 gb-headline-text\">Entreprise de g\u00e9n\u00e9ration de demande B2B de premier plan<\/h1>\n\n\n\n<figure class=\"gb-block-image gb-block-image-cb579c06\"><img loading=\"lazy\" decoding=\"async\" width=\"1456\" height=\"816\" class=\"gb-image gb-image-cb579c06\" src=\"https:\/\/www.sisinternational.com\/wp-content\/uploads\/2025\/08\/B2Bjpg-8.jpg\" alt=\"\u00c9tudes de march\u00e9 et strat\u00e9gie internationales SIS\" title=\"B2Bjpg (8)\" srcset=\"https:\/\/www.sisinternational.com\/wp-content\/uploads\/2025\/08\/B2Bjpg-8.jpg 1456w, https:\/\/www.sisinternational.com\/wp-content\/uploads\/2025\/08\/B2Bjpg-8-300x168.jpg 300w, https:\/\/www.sisinternational.com\/wp-content\/uploads\/2025\/08\/B2Bjpg-8-1024x574.jpg 1024w, https:\/\/www.sisinternational.com\/wp-content\/uploads\/2025\/08\/B2Bjpg-8-768x430.jpg 768w, https:\/\/www.sisinternational.com\/wp-content\/uploads\/2025\/08\/B2Bjpg-8-18x10.jpg 18w\" sizes=\"auto, (max-width: 1456px) 100vw, 1456px\"><\/figure>\n\n\n\n<p><\/p>\n\n\n\n<p>Comment votre entreprise peut-elle garder une longueur d&#039;avance sur la concurrence dans le monde en constante \u00e9volution du marketing B2B ? La g\u00e9n\u00e9ration de la demande consiste \u00e0 cr\u00e9er une notori\u00e9t\u00e9, un int\u00e9r\u00eat et un d\u00e9sir pour vos produits ou services, en veillant \u00e0 ce que votre entonnoir de vente reste rempli de prospects de haute qualit\u00e9. SIS International est reconnue comme l&#039;une des principales soci\u00e9t\u00e9s de g\u00e9n\u00e9ration de demande B2B, aidant les entreprises \u00e0 alimenter leur pipeline et \u00e0 atteindre une croissance durable gr\u00e2ce \u00e0 des strat\u00e9gies cibl\u00e9es et des informations bas\u00e9es sur les donn\u00e9es.<\/p>\n\n\n\n<h2 class=\"wp-block-heading\"><strong>Qu&#039;est-ce qu&#039;une entreprise de g\u00e9n\u00e9ration de demande B2B de premier plan ?<\/strong><\/h2>\n\n\n\n<p>La g\u00e9n\u00e9ration de demande B2B est une approche holistique visant \u00e0 renforcer la notori\u00e9t\u00e9 de la marque, \u00e0 attirer des clients potentiels et \u00e0 les entretenir tout au long de leur parcours d&#039;achat. Contrairement \u00e0 la g\u00e9n\u00e9ration de leads traditionnelle, la g\u00e9n\u00e9ration de demande vise \u00e0 cr\u00e9er un int\u00e9r\u00eat et un engagement \u00e0 long terme, \u00e0 \u00e9tablir la confiance et \u00e0 positionner votre marque en tant que leader d&#039;opinion dans votre secteur. Les principaux \u00e9l\u00e9ments de la g\u00e9n\u00e9ration de demande B2B comprennent :<\/p>\n\n\n\n<ul class=\"wp-block-list\">\n<li><strong>Marketing de contenu<\/strong>:Cr\u00e9er et distribuer du contenu de valeur qui trouve un \u00e9cho aupr\u00e8s de votre public cible est essentiel pour g\u00e9n\u00e9rer de la demande.&nbsp;<\/li>\n\n\n\n<li><strong>Marketing bas\u00e9 sur les comptes (ABM)<\/strong>:ABM cible des comptes sp\u00e9cifiques \u00e0 forte valeur ajout\u00e9e avec des campagnes personnalis\u00e9es.&nbsp;<\/li>\n\n\n\n<li><strong>D\u00e9veloppement de prospects<\/strong>:La g\u00e9n\u00e9ration de la demande implique de nourrir les prospects gr\u00e2ce \u00e0 des suivis personnalis\u00e9s et des interactions pr\u00e9cieuses jusqu&#039;\u00e0 ce qu&#039;ils soient pr\u00eats \u00e0 acheter.<\/li>\n\n\n\n<li><strong>Automatisation du marketing<\/strong>:SIS International utilise des plates-formes d&#039;automatisation du marketing avanc\u00e9es pour rationaliser les processus et garantir que les prospects sont engag\u00e9s au bon moment.<\/li>\n\n\n\n<li><strong>Engagement sur les r\u00e9seaux sociaux<\/strong>:Les m\u00e9dias sociaux sont un outil puissant de g\u00e9n\u00e9ration de demande, permettant aux entreprises d\u2019atteindre leur public cible l\u00e0 o\u00f9 ils passent leur temps.<\/li>\n<\/ul>\n\n\n\n<h2 class=\"wp-block-heading\"><strong>L&#039;approche unique de SIS International en mati\u00e8re de g\u00e9n\u00e9ration de demande B2B<\/strong><\/h2>\n\n\n\n<p><a href=\"https:\/\/www.linkedin.com\/company\/sisinternationalresearch\/\" target=\"_blank\" rel=\"noopener\">SIS International<\/a> takes a strategic and personalized approach to<a href=\"https:\/\/sisaisolutions.com\/application-of-ai-in-b2b\/\" target=\"_blank\" rel=\"noopener\"> B2B demand generation<\/a>, focusing on delivering measurable results. Our methods are built on a foundation of data-driven insights, creativity, and customer-centric strategies to ensure our clients achieve the best possible outcomes.<\/p>\n\n\n\n<ul class=\"wp-block-list\">\n<li><strong>Ciblage bas\u00e9 sur les donn\u00e9es<\/strong>:Nous croyons au pouvoir des donn\u00e9es pour guider la prise de d\u00e9cision. SIS s&#039;appuie sur l&#039;analyse des donn\u00e9es pour identifier les prospects les plus prometteurs, d\u00e9terminer les meilleurs canaux pour les atteindre et optimiser les campagnes pour un impact maximal.<\/li>\n\n\n\n<li><strong>Campagnes multicanaux<\/strong>:Une g\u00e9n\u00e9ration de demande efficace n\u00e9cessite une approche multicanal. Notre \u00e9quipe utilise un m\u00e9lange de canaux num\u00e9riques, notamment le marketing par e-mail, les r\u00e9seaux sociaux, les webinaires et le marketing de contenu, pour atteindre les prospects \u00e0 diff\u00e9rentes \u00e9tapes du parcours d&#039;achat.<\/li>\n\n\n\n<li><strong>Strat\u00e9gie de contenu<\/strong>:Nous d\u00e9veloppons des strat\u00e9gies de contenu compl\u00e8tes qui correspondent aux besoins du public cible, en r\u00e9pondant \u00e0 leurs probl\u00e8mes et en fournissant des solutions qui positionnent nos clients comme des experts de confiance.<\/li>\n\n\n\n<li><strong>Campagnes ABM<\/strong>:Le marketing bas\u00e9 sur les comptes est essentiel \u00e0 notre strat\u00e9gie de g\u00e9n\u00e9ration de demande. En nous concentrant sur les comptes \u00e0 forte valeur ajout\u00e9e et en cr\u00e9ant des exp\u00e9riences personnalis\u00e9es, nous aidons nos clients \u00e0 atteindre des taux d&#039;engagement et de conversion plus \u00e9lev\u00e9s.<\/li>\n\n\n\n<li><strong>Optimisation continue<\/strong>:Nous surveillons en permanence les performances des campagnes, analysons les donn\u00e9es et proc\u00e9dons \u00e0 des ajustements pour am\u00e9liorer les r\u00e9sultats et maximiser le retour sur investissement.<\/li>\n<\/ul>\n\n\n\n<h2 class=\"wp-block-heading\"><strong>Pourquoi choisir SIS International comme votre meilleure soci\u00e9t\u00e9 de g\u00e9n\u00e9ration de demande B2B\u00a0?<\/strong><\/h2>\n\n\n\n<p>Choisir le bon partenaire pour la g\u00e9n\u00e9ration de la demande peut faire toute la diff\u00e9rence dans la r\u00e9alisation de vos objectifs commerciaux. Voici quelques raisons pour lesquelles SIS International est reconnue comme l&#039;une des meilleures entreprises de g\u00e9n\u00e9ration de demande B2B depuis plus de 40 ans :<\/p>\n\n\n\n<ul class=\"wp-block-list\">\n<li><strong>Exp\u00e9rience prouv\u00e9e<\/strong>: SIS International has a proven track record of delivering successful demand generation campaigns for <a href=\"https:\/\/www.sisinternational.com\/fr\/societe-de-prevision-des-principales-tendances-du-secteur-b2b\/\" title=\"Entreprise de pr\u00e9vision des principales tendances du secteur B2B\" data-wpil-monitor-id=\"1625\">B2B clients across various industries<\/a>. Our expertise and experience allow us to develop effective strategies.<\/li>\n\n\n\n<li><strong>\u00c9quipe d&#039;experts<\/strong>:Notre \u00e9quipe de sp\u00e9cialistes en g\u00e9n\u00e9ration de demande comprend les complexit\u00e9s du marketing B2B. Nous travaillons en \u00e9troite collaboration avec nos clients pour cr\u00e9er des campagnes sur mesure qui r\u00e9pondent \u00e0 leurs besoins uniques et g\u00e9n\u00e8rent des r\u00e9sultats significatifs.<\/li>\n\n\n\n<li><strong>Strat\u00e9gies innovantes<\/strong>: \u00c0 <a href=\"https:\/\/twitter.com\/SISIntlResearch\" target=\"_blank\" rel=\"noopener\">SIS<\/a>, nous restons \u00e0 la pointe des derni\u00e8res tendances et technologies en mati\u00e8re de g\u00e9n\u00e9ration de demande. Nos strat\u00e9gies innovantes permettent \u00e0 nos clients de se d\u00e9marquer et d&#039;atteindre efficacement leur public cible.<\/li>\n\n\n\n<li><strong>Approche centr\u00e9e sur le client<\/strong>:Notre approche centr\u00e9e sur le client signifie que nous prenons le temps de comprendre les objectifs, les d\u00e9fis et les besoins de nos clients, ce qui nous permet de proposer des campagnes de g\u00e9n\u00e9ration de demande qui d\u00e9passent les attentes.<\/li>\n\n\n\n<li><strong>Informations bas\u00e9es sur les donn\u00e9es<\/strong>:Notre approche de la g\u00e9n\u00e9ration de la demande s&#039;appuie sur les donn\u00e9es. Nous utilisons des informations bas\u00e9es sur les donn\u00e9es pour guider nos strat\u00e9gies, optimiser nos campagnes et fournir des r\u00e9sultats mesurables qui aident nos clients \u00e0 atteindre leurs objectifs commerciaux.<\/li>\n<\/ul>\n\n\n\n<h2 class=\"wp-block-heading\"><strong>Tendances \u00e9mergentes en mati\u00e8re de g\u00e9n\u00e9ration de demande B2B<\/strong><\/h2>\n\n\n\n<figure class=\"gb-block-image gb-block-image-fa406b78\"><img loading=\"lazy\" decoding=\"async\" width=\"1456\" height=\"816\" class=\"gb-image gb-image-fa406b78\" src=\"https:\/\/www.sisinternational.com\/wp-content\/uploads\/2025\/08\/B2Bjpg-5.jpg\" alt=\"\u00c9tudes de march\u00e9 et strat\u00e9gie internationales SIS\" title=\"B2Bjpg (5)\" srcset=\"https:\/\/www.sisinternational.com\/wp-content\/uploads\/2025\/08\/B2Bjpg-5.jpg 1456w, https:\/\/www.sisinternational.com\/wp-content\/uploads\/2025\/08\/B2Bjpg-5-300x168.jpg 300w, https:\/\/www.sisinternational.com\/wp-content\/uploads\/2025\/08\/B2Bjpg-5-1024x574.jpg 1024w, https:\/\/www.sisinternational.com\/wp-content\/uploads\/2025\/08\/B2Bjpg-5-768x430.jpg 768w, https:\/\/www.sisinternational.com\/wp-content\/uploads\/2025\/08\/B2Bjpg-5-18x10.jpg 18w\" sizes=\"auto, (max-width: 1456px) 100vw, 1456px\"><\/figure>\n\n\n\n<p><\/p>\n\n\n\n<p>Le paysage de la g\u00e9n\u00e9ration de demande B2B \u00e9volue constamment, et il est essentiel de rester \u00e0 l&#039;aff\u00fbt des tendances \u00e9mergentes pour r\u00e9ussir. Voici quelques-unes des principales tendances qui fa\u00e7onnent le secteur :<\/p>\n\n\n\n<ul class=\"wp-block-list\">\n<li><strong>Exp\u00e9rience bas\u00e9e sur les comptes (ABX)<\/strong>:S&#039;appuyant sur l&#039;ABM traditionnel, ABX met l&#039;accent sur la cr\u00e9ation d&#039;une exp\u00e9rience transparente et personnalis\u00e9e pour les comptes cibles \u00e0 chaque \u00e9tape du parcours d&#039;achat.<\/li>\n\n\n\n<li><strong>Informations bas\u00e9es sur l&#039;IA<\/strong>:L&#039;intelligence artificielle est de plus en plus demand\u00e9e en fournissant des informations pr\u00e9dictives, en am\u00e9liorant la personnalisation et en optimisant les performances des campagnes.<\/li>\n\n\n\n<li><strong>Contenu interactif<\/strong>:Les contenus interactifs tels que les quiz, les sondages et les calculatrices deviennent de plus en plus populaires pour engager les prospects, recueillir des informations et offrir une valeur personnalis\u00e9e.<\/li>\n\n\n\n<li><strong>Marketing vid\u00e9o<\/strong>:Le contenu vid\u00e9o est un moyen efficace pour engager les prospects et g\u00e9n\u00e9rer de la demande. Des vid\u00e9os courtes et informatives qui abordent les probl\u00e8mes des clients contribuent \u00e0 renforcer la confiance et \u00e0 susciter l&#039;int\u00e9r\u00eat.<\/li>\n\n\n\n<li><strong>Focus sur les donn\u00e9es first-party<\/strong>:Avec des r\u00e9glementations de plus en plus strictes en mati\u00e8re de confidentialit\u00e9, les entreprises se tournent vers la collecte et l&#039;exploitation de donn\u00e9es propri\u00e9taires pour un ciblage et une personnalisation plus pr\u00e9cis.<\/li>\n<\/ul>\n\n\n\n<h2 class=\"wp-block-heading\"><strong>Technologie et outils pour stimuler la demande B2B<\/strong><\/h2>\n\n\n\n<p>Une entreprise de g\u00e9n\u00e9ration de demande B2B de premier plan utilise une gamme de plateformes et de logiciels avanc\u00e9s pour rationaliser les processus, am\u00e9liorer le ciblage et mesurer le succ\u00e8s avec pr\u00e9cision. Ces technologies aident \u00e0 automatiser les t\u00e2ches et fournissent des informations pr\u00e9cieuses sur les comportements des acheteurs, permettant aux entreprises de g\u00e9n\u00e9rer une demande qui se traduit par des prospects qualifi\u00e9s et des conversions.<\/p>\n\n\n\n<p><strong>Automatisation du marketing pour des campagnes \u00e9volutives<\/strong><strong><br><\/strong><strong><br><\/strong>Les plateformes d&#039;automatisation du marketing comme HubSpot et Marketo permettent aux \u00e9quipes de g\u00e9n\u00e9ration de la demande d&#039;automatiser les t\u00e2ches r\u00e9p\u00e9titives telles que le marketing par e-mail, la publication sur les r\u00e9seaux sociaux et la maturation des prospects. Pour une entreprise de g\u00e9n\u00e9ration de demande B2B de premier plan, l&#039;automatisation change la donne, car elle permet de lancer des campagnes \u00e0 grande \u00e9chelle qui maintiennent la personnalisation et la coh\u00e9rence entre les points de contact.&nbsp;<\/p>\n\n\n\n<p><strong>Syst\u00e8mes de gestion de la relation client (CRM) pour le suivi et la gestion des prospects<\/strong><strong><br><\/strong><strong><br><\/strong>Un syst\u00e8me CRM robuste, tel que Salesforce ou Zoho CRM, est essentiel \u00e0 la g\u00e9n\u00e9ration de la demande. Ces outils aident une entreprise de g\u00e9n\u00e9ration de demande B2B de premier plan \u00e0 suivre chaque interaction avec des prospects potentiels, \u00e0 surveiller le pipeline de vente et \u00e0 identifier les opportunit\u00e9s \u00e0 forte valeur ajout\u00e9e. Les syst\u00e8mes CRM s&#039;int\u00e8grent \u00e0 d&#039;autres outils marketing pour fournir une vue compl\u00e8te du parcours de chaque prospect, permettant aux entreprises d&#039;aligner leurs efforts de marketing et de vente.&nbsp;<\/p>\n\n\n\n<p><strong>Analyse de donn\u00e9es pour une connaissance approfondie du march\u00e9 et de l&#039;audience<\/strong><strong><br><\/strong><strong><br><\/strong>Data analytics tools, like Google Analytics, Adobe Analytics, and PowerBI, allow B2B demand generation firms to make informed decisions based on real-time data. These platforms enable firms to monitor campaign performance, track user behavior, and identify high-performing content. By leveraging data analytics, a <a href=\"https:\/\/www.sisinternational.com\/fr\/entreprise-de-premier-plan-en-matiere-de-strategie-de-mise-sur-le-marche-b2b\/\" title=\"Entreprise de premier plan en mati\u00e8re de strat\u00e9gie de mise sur le march\u00e9 B2B\" data-wpil-monitor-id=\"1374\">top B2B demand generation<\/a> firm can fine-tune its strategies, targeting content and campaigns more accurately.&nbsp;<\/p>\n\n\n\n<p><strong>Plateformes de marketing bas\u00e9 sur les comptes (ABM) pour une sensibilisation cibl\u00e9e<\/strong><strong><br><\/strong><strong><br><\/strong>Les outils ABM sont indispensables pour une entreprise de g\u00e9n\u00e9ration de demande B2B de premier plan, car ils lui permettent d&#039;ex\u00e9cuter des campagnes pr\u00e9cises et cibl\u00e9es pour ses clients de grandes entreprises. En se concentrant sur les comptes cl\u00e9s, ces plateformes aident les entreprises \u00e0 allouer leurs ressources plus efficacement, ce qui se traduit par des leads de meilleure qualit\u00e9 et un meilleur retour sur investissement. Les plateformes ABM facilitent \u00e9galement l&#039;engagement multicanal, en fournissant des informations sur la mani\u00e8re dont les diff\u00e9rents points de contact contribuent au succ\u00e8s global de la campagne.<\/p>\n\n\n\n<p><strong>Outils de gestion des m\u00e9dias sociaux pour la visibilit\u00e9 et l&#039;engagement de la marque<\/strong><strong><br><\/strong><strong><br><\/strong>Les plateformes de gestion des r\u00e9seaux sociaux comme Hootsuite, Sprout Social et Buffer sont essentielles pour g\u00e9rer la pr\u00e9sence de la marque sur plusieurs canaux. Une entreprise de g\u00e9n\u00e9ration de demande B2B de premier plan utilise ces outils pour planifier des publications, interagir avec ses abonn\u00e9s et surveiller le sentiment de la marque. Ces outils fournissent \u00e9galement des analyses pr\u00e9cieuses qui r\u00e9v\u00e8lent quels types de contenu trouvent le plus d&#039;\u00e9cho aupr\u00e8s du public cible.&nbsp;<\/p>\n\n\n\n<p><strong>Analyse pr\u00e9dictive et IA pour la pr\u00e9vision et la personnalisation<\/strong><strong><br><\/strong><strong><br><\/strong>Predictive analytics and AI tools transform <a href=\"https:\/\/www.sisinternational.com\/fr\/solutions\/solutions-de-recherche-qualitative-et-quantitative\/demand-forecasting-best-practices\/\" title=\"Demand Forecasting Best Practices\" data-wpil-monitor-id=\"1644\">demand generation by enabling accurate forecasting<\/a> and personalized content delivery. A <a href=\"https:\/\/www.sisinternational.com\/fr\/societe-de-surveillance-des-principales-tendances-du-marche-b2b\/\" title=\"Entreprise de surveillance des principales tendances du march\u00e9 B2B\" data-wpil-monitor-id=\"1227\">top B2B demand generation<\/a> firm can analyze historical data and current trends to predict customer behaviors and create personalized content journeys. AI-driven algorithms help identify the best times to reach potential leads, which messaging resonates most, and how to adjust campaigns in real-time for optimal results.&nbsp;<\/p>\n\n\n\n<h2 class=\"wp-block-heading\"><strong>Qu\u2019est-ce qui distingue SIS International des autres entreprises de g\u00e9n\u00e9ration de demande ?<\/strong><\/h2>\n\n\n\n<figure class=\"gb-block-image gb-block-image-c88bf432\"><img loading=\"lazy\" decoding=\"async\" width=\"1456\" height=\"816\" class=\"gb-image gb-image-c88bf432\" src=\"https:\/\/www.sisinternational.com\/wp-content\/uploads\/2025\/09\/Quantitative-reseasrch-in-London-Qualitative-research-in-London-9.jpg\" alt=\"\u00c9tudes de march\u00e9 et strat\u00e9gie internationales SIS\" title=\"Quantitative reseasrch in London Qualitative research in London (9)\" srcset=\"https:\/\/www.sisinternational.com\/wp-content\/uploads\/2025\/09\/Quantitative-reseasrch-in-London-Qualitative-research-in-London-9.jpg 1456w, https:\/\/www.sisinternational.com\/wp-content\/uploads\/2025\/09\/Quantitative-reseasrch-in-London-Qualitative-research-in-London-9-300x168.jpg 300w, https:\/\/www.sisinternational.com\/wp-content\/uploads\/2025\/09\/Quantitative-reseasrch-in-London-Qualitative-research-in-London-9-1024x574.jpg 1024w, https:\/\/www.sisinternational.com\/wp-content\/uploads\/2025\/09\/Quantitative-reseasrch-in-London-Qualitative-research-in-London-9-768x430.jpg 768w, https:\/\/www.sisinternational.com\/wp-content\/uploads\/2025\/09\/Quantitative-reseasrch-in-London-Qualitative-research-in-London-9-18x10.jpg 18w\" sizes=\"auto, (max-width: 1456px) 100vw, 1456px\"><\/figure>\n\n\n\n<p><\/p>\n\n\n\n<p>L&#039;approche de SIS International en mati\u00e8re de g\u00e9n\u00e9ration de demande est unique et tr\u00e8s efficace. Voici quelques facteurs qui nous distinguent des autres soci\u00e9t\u00e9s de g\u00e9n\u00e9ration de demande :<\/p>\n\n\n\n<ul class=\"wp-block-list\">\n<li><strong>G\u00e9n\u00e9ration de la demande holistique<\/strong>: Unlike <a href=\"https:\/\/www.sisinternational.com\/fr\/solutions\/conseil-en-strategie\/techniques-de-generation-de-leads\/\" title=\"Entreprise de g\u00e9n\u00e9ration de leads\" data-wpil-monitor-id=\"6750\">firms focusing solely on lead generation<\/a>, SIS takes a holistic approach to demand generation, encompassing brand awareness, engagement, lead nurturing, and sales enablement.<\/li>\n\n\n\n<li><strong>Expertise sectorielle<\/strong>:Notre exp\u00e9rience couvre un large \u00e9ventail d\u2019industries, ce qui nous permet de d\u00e9velopper des strat\u00e9gies de g\u00e9n\u00e9ration de demande sur mesure qui trouvent un \u00e9cho aupr\u00e8s de segments de march\u00e9 sp\u00e9cifiques.<\/li>\n\n\n\n<li><strong>Approche centr\u00e9e sur le client<\/strong>:Nous centrons nos strat\u00e9gies de g\u00e9n\u00e9ration de demande sur les clients de nos clients. En comprenant les besoins et les difficult\u00e9s du public cible, nous cr\u00e9ons des campagnes personnalis\u00e9es qui stimulent l&#039;engagement.<\/li>\n\n\n\n<li><strong>Agilit\u00e9 et adaptabilit\u00e9<\/strong>:Le paysage du marketing B2B est en constante \u00e9volution et nous sommes fiers de notre capacit\u00e9 \u00e0 nous adapter rapidement aux nouvelles tendances et aux nouveaux d\u00e9fis, garantissant ainsi que nos clients restent comp\u00e9titifs.<\/li>\n\n\n\n<li><strong>Partenariats collaboratifs<\/strong>:Nous consid\u00e9rons nos clients comme des partenaires, travaillant en \u00e9troite collaboration avec eux pour d\u00e9velopper des campagnes de g\u00e9n\u00e9ration de demande qui correspondent \u00e0 leurs objectifs commerciaux et fournissent des r\u00e9sultats mesurables.<\/li>\n<\/ul>\n\n\n\n<h2 class=\"wp-block-heading\"><strong>Qu&#039;est-ce qui fait de SIS International l&#039;entreprise la plus abordable pour la g\u00e9n\u00e9ration de demande B2B ?<\/strong><\/h2>\n\n\n\n<p>SIS International is recognized as a top B2B demand generation firm and one of the most affordable options for businesses seeking effective demand generation solutions. Here\u2019s what makes SIS International the most affordable <a href=\"https:\/\/www.sisinternational.com\/fr\/meilleure-entreprise-doptimisation-des-ventes-b2b\/\" title=\"Meilleure entreprise d&#039;optimisation des ventes B2B\" data-wpil-monitor-id=\"1668\">company for B2B<\/a> demand generation:<\/p>\n\n\n\n<ul class=\"wp-block-list\">\n<li><strong>Strat\u00e9gies rentables<\/strong>:Nos solutions de g\u00e9n\u00e9ration de demande sont con\u00e7ues pour offrir une valeur maximale sans co\u00fbts excessifs. Nous optimisons les campagnes pour un retour sur investissement, garantissant ainsi aux clients des r\u00e9sultats de haute qualit\u00e9 \u00e0 un prix abordable.<\/li>\n\n\n\n<li><strong>Forfaits tarifaires flexibles<\/strong>:Nous proposons des options de tarification flexibles adapt\u00e9es aux besoins uniques et aux contraintes budg\u00e9taires de nos clients. Cela permet aux entreprises de toutes tailles d&#039;acc\u00e9der \u00e0 des services professionnels de g\u00e9n\u00e9ration de demande sans contrainte financi\u00e8re.<\/li>\n\n\n\n<li><strong>Campagnes \u00e9volutives<\/strong>:Les campagnes de g\u00e9n\u00e9ration de demande de SIS International sont \u00e9volutives, ce qui permet aux entreprises de d\u00e9marrer avec un budget adapt\u00e9 \u00e0 leurs besoins et de l&#039;augmenter au fur et \u00e0 mesure de leur croissance. Cette approche permet aux clients d&#039;augmenter progressivement leur investissement dans la g\u00e9n\u00e9ration de demande \u00e0 mesure qu&#039;ils constatent des r\u00e9sultats.<\/li>\n\n\n\n<li><strong>Affectation efficace des ressources<\/strong>:En tirant parti d\u2019outils d\u2019automatisation avanc\u00e9s et d\u2019informations bas\u00e9es sur les donn\u00e9es, nous minimisons les inefficacit\u00e9s et maximisons l\u2019impact de chaque campagne, permettant \u00e0 nos clients d\u2019accomplir davantage sans d\u00e9passer leurs budgets.<\/li>\n\n\n\n<li><strong>R\u00e9sultats ax\u00e9s sur la valeur :<\/strong> Nous offrons des r\u00e9sultats ax\u00e9s sur la valeur qui contribuent directement \u00e0 la croissance de nos clients. Nous privil\u00e9gions les strat\u00e9gies qui produisent des r\u00e9sultats commerciaux tangibles, en veillant \u00e0 ce que chaque dollar d\u00e9pens\u00e9 pour g\u00e9n\u00e9rer de la demande g\u00e9n\u00e8re un solide retour sur investissement.<\/li>\n<\/ul>\n\n\n\n<h2 class=\"wp-block-heading\"><strong>\u00c0 propos de SIS International<\/strong><\/h2>\n\n\n\n<p><a href=\"https:\/\/www.sisinternational.com\/fr\/\">SIS International<\/a> propose des recherches quantitatives, qualitatives et strat\u00e9giques. Nous fournissons des donn\u00e9es, des outils, des strat\u00e9gies, des rapports et des informations pour la prise de d\u00e9cision. Nous menons \u00e9galement des entretiens, des enqu\u00eates, des groupes de discussion et d\u2019autres m\u00e9thodes et approches d\u2019\u00e9tudes de march\u00e9.<a href=\"https:\/\/www.sisinternational.com\/fr\/a-propos-de-la-recherche-internationale-sis\/contact-sis-international-market-research\/\"> Contactez nous<\/a> pour votre prochain projet d&#039;\u00e9tude de march\u00e9.<\/p>\n\n\n\n<hr class=\"wp-block-separator has-alpha-channel-opacity\"\/>","protected":false},"excerpt":{"rendered":"<p>Top B2B Demand Generation Company How can your business stay ahead of the competition in the ever-changing world of B2B marketing? Demand generation is about creating awareness, interest, and desire for your products or services, ensuring your sales funnel remains full of high-quality leads. SIS International is recognized as a top B2B demand generation firm, &#8230; <a title=\"Entreprise de g\u00e9n\u00e9ration de demande B2B de premier plan\" class=\"read-more\" href=\"https:\/\/www.sisinternational.com\/fr\/solutions\/etude-de-marche-b2b\/entreprise-de-generation-de-demande-b2b-de-premier-plan\/\" aria-label=\"En savoir plus sur Top B2B Demand Generation Company\">Lire plus<\/a><\/p>","protected":false},"author":1,"featured_media":62386,"parent":11292,"menu_order":9,"comment_status":"closed","ping_status":"closed","template":"","meta":{"footnotes":""},"class_list":["post-53891","page","type-page","status-publish","has-post-thumbnail"],"_links":{"self":[{"href":"https:\/\/www.sisinternational.com\/fr\/wp-json\/wp\/v2\/pages\/53891","targetHints":{"allow":["GET"]}}],"collection":[{"href":"https:\/\/www.sisinternational.com\/fr\/wp-json\/wp\/v2\/pages"}],"about":[{"href":"https:\/\/www.sisinternational.com\/fr\/wp-json\/wp\/v2\/types\/page"}],"author":[{"embeddable":true,"href":"https:\/\/www.sisinternational.com\/fr\/wp-json\/wp\/v2\/users\/1"}],"replies":[{"embeddable":true,"href":"https:\/\/www.sisinternational.com\/fr\/wp-json\/wp\/v2\/comments?post=53891"}],"version-history":[{"count":13,"href":"https:\/\/www.sisinternational.com\/fr\/wp-json\/wp\/v2\/pages\/53891\/revisions"}],"predecessor-version":[{"id":80330,"href":"https:\/\/www.sisinternational.com\/fr\/wp-json\/wp\/v2\/pages\/53891\/revisions\/80330"}],"up":[{"embeddable":true,"href":"https:\/\/www.sisinternational.com\/fr\/wp-json\/wp\/v2\/pages\/11292"}],"wp:featuredmedia":[{"embeddable":true,"href":"https:\/\/www.sisinternational.com\/fr\/wp-json\/wp\/v2\/media\/62386"}],"wp:attachment":[{"href":"https:\/\/www.sisinternational.com\/fr\/wp-json\/wp\/v2\/media?parent=53891"}],"curies":[{"name":"wp","href":"https:\/\/api.w.org\/{rel}","templated":true}]}}