{"id":53888,"date":"2024-11-03T14:49:26","date_gmt":"2024-11-03T19:49:26","guid":{"rendered":"https:\/\/www.sisinternational.com\/?page_id=53888"},"modified":"2026-03-05T23:20:57","modified_gmt":"2026-03-06T04:20:57","slug":"etude-de-marche-sur-le-positionnement-des-produits-b2b","status":"publish","type":"page","link":"https:\/\/www.sisinternational.com\/fr\/solutions\/etude-de-marche-b2b\/etude-de-marche-sur-le-positionnement-des-produits-b2b\/","title":{"rendered":"\u00c9tude de march\u00e9 sur le positionnement des produits B2B"},"content":{"rendered":"<h1 class=\"gb-headline gb-headline-a2405738 gb-headline-text\">\u00c9tude de march\u00e9 sur le positionnement des produits B2B<\/h1>\n\n\n\n<figure class=\"gb-block-image gb-block-image-74efe526\"><img loading=\"lazy\" decoding=\"async\" width=\"1456\" height=\"816\" class=\"gb-image gb-image-74efe526\" src=\"https:\/\/www.sisinternational.com\/wp-content\/uploads\/2025\/08\/Retail-28.jpg\" alt=\"\u00c9tudes de march\u00e9 et strat\u00e9gie internationales SIS\" title=\"Retail (28)\" srcset=\"https:\/\/www.sisinternational.com\/wp-content\/uploads\/2025\/08\/Retail-28.jpg 1456w, https:\/\/www.sisinternational.com\/wp-content\/uploads\/2025\/08\/Retail-28-300x168.jpg 300w, https:\/\/www.sisinternational.com\/wp-content\/uploads\/2025\/08\/Retail-28-1024x574.jpg 1024w, https:\/\/www.sisinternational.com\/wp-content\/uploads\/2025\/08\/Retail-28-768x430.jpg 768w, https:\/\/www.sisinternational.com\/wp-content\/uploads\/2025\/08\/Retail-28-18x10.jpg 18w\" sizes=\"auto, (max-width: 1456px) 100vw, 1456px\"><\/figure>\n\n\n\n<p><\/p>\n\n\n\n<hr class=\"wp-block-separator has-alpha-channel-opacity\"\/>\n\n\n\n<h3 class=\"wp-block-heading\">\u00c0 une \u00e9poque o\u00f9 les donn\u00e9es orientent les d\u00e9cisions, les \u00e9tudes de march\u00e9 sur le positionnement des produits B2B donnent aux entreprises les informations dont elles ont besoin pour se d\u00e9marquer, trouver un \u00e9cho aupr\u00e8s des clients et prosp\u00e9rer sur des march\u00e9s concurrentiels.<\/h3>\n\n\n\n<p>Vous \u00eates-vous d\u00e9j\u00e0 demand\u00e9 ce qui fait qu&#039;un produit trouve un \u00e9cho aupr\u00e8s du public cible sur un march\u00e9 B2B encombr\u00e9 ? D\u00e9finir clairement ce qui distingue un produit de la concurrence est essentiel pour attirer les bons clients et stimuler la croissance de l&#039;entreprise. SIS International propose des services sp\u00e9cialis\u00e9s d&#039;\u00e9tudes de march\u00e9 sur le positionnement de produits B2B qui aident les entreprises \u00e0 \u00e9laborer des messages convaincants qui trouvent un \u00e9cho aupr\u00e8s de leur public cible.<\/p>\n\n\n\n<h2 class=\"wp-block-heading\"><strong>Qu&#039;est-ce que l&#039;\u00e9tude de march\u00e9 sur le positionnement des produits B2B ?<\/strong><\/h2>\n\n\n\n<p><a href=\"https:\/\/www.sisinternational.com\/fr\/etude-de-marche-sur-la-generation-de-leads-b2b\/\" title=\"\u00c9tude de march\u00e9 sur la g\u00e9n\u00e9ration de leads B2B\"  data-wpil-monitor-id=\"1355\">B2B product positioning market research<\/a> allows businesses to determine how a product fits within the market. It shows how customers perceive their products, how they compare to competitors, and what unique value they offer. Critical components of <a href=\"https:\/\/www.sisinternational.com\/fr\/solutions\/etude-de-marche-b2b\/best-practices-for-b2b-market-research\/\" title=\"Best Practices for B2B Market Research\"  data-wpil-monitor-id=\"1797\">B2B product positioning market research<\/a> inclure:<\/p>\n\n\n\n<ul class=\"wp-block-list\">\n<li><strong>Analyse de la perception des clients<\/strong>:Comprendre comment les clients per\u00e7oivent le produit est essentiel pour un positionnement efficace.<\/li>\n\n\n\n<li><strong>Analyse comparative concurrentielle<\/strong>:L&#039;analyse des concurrents est essentielle pour comprendre o\u00f9 se situe le produit. L&#039;analyse comparative de la concurrence permet d&#039;identifier les opportunit\u00e9s de diff\u00e9renciation du produit et de capitaliser sur les lacunes du march\u00e9.<\/li>\n\n\n\n<li><strong>Informations sur le public cible<\/strong>:Identifier les besoins, les pr\u00e9f\u00e9rences et les points faibles du public cible est essentiel pour \u00e9laborer un positionnement de produit pertinent et convaincant.&nbsp;<\/li>\n\n\n\n<li><strong>\u00c9laboration de la proposition de valeur<\/strong>:La proposition de valeur est le message principal qui explique pourquoi un produit est le meilleur choix pour les clients.&nbsp;<\/li>\n\n\n\n<li><strong>Test des messages<\/strong>: <a href=\"https:\/\/www.sisinternational.com\/fr\/b2b-customer-experience-the-ultimate-guide-to-building-loyalty-that-lasts\/\" title=\"B2B Customer Experience: The Ultimate Guide to Building Loyalty That Lasts\"  data-wpil-monitor-id=\"508\">B2B product positioning market research<\/a> involves gathering feedback from potential customers to refine the messaging and ensure maximum impact.<\/li>\n<\/ul>\n\n\n\n<h2 class=\"wp-block-heading\"><strong>L&#039;approche unique de SIS International en mati\u00e8re d&#039;\u00e9tudes de march\u00e9 sur le positionnement des produits B2B<\/strong><\/h2>\n\n\n\n<p><a href=\"https:\/\/www.linkedin.com\/company\/sisinternationalresearch\/\" target=\"_blank\" rel=\"noopener\">SIS International<\/a> adopte une approche strat\u00e9gique et ax\u00e9e sur les donn\u00e9es pour les \u00e9tudes de march\u00e9 sur le positionnement des produits B2B. Nous travaillons en \u00e9troite collaboration avec nos clients pour comprendre leurs objectifs commerciaux, l&#039;environnement du march\u00e9 et les besoins de leurs clients. Notre processus de recherche r\u00e9v\u00e8le les informations qui favorisent un positionnement efficace des produits et cr\u00e9ent un impact durable sur le march\u00e9.<\/p>\n\n\n\n<ul class=\"wp-block-list\">\n<li><strong>Analyse de march\u00e9<\/strong>: <a href=\"https:\/\/www.sisinternational.com\/fr\/washington-et-la-journee-des-presidents\/\" title=\"Marketing des f\u00eates le jour du pr\u00e9sident\" data-wpil-monitor-id=\"7404\">SIS conducts in-depth market<\/a> analysis to understand the competitive landscape and identify key market trends. <\/li>\n\n\n\n<li><strong>Recherche centr\u00e9e sur le client<\/strong>:Comprendre le client est au c\u0153ur d\u2019un positionnement produit efficace. <a href=\"https:\/\/twitter.com\/SISIntlResearch\" target=\"_blank\" rel=\"noopener\">SIS<\/a> m\u00e8ne des recherches centr\u00e9es sur le client pour recueillir des informations sur les perceptions, les pr\u00e9f\u00e9rences et les points faibles des clients, garantissant ainsi que le positionnement de nos clients trouve un \u00e9cho aupr\u00e8s de leur public.<\/li>\n\n\n\n<li><strong>Strat\u00e9gies de positionnement sur mesure<\/strong>:Chaque produit est unique, tout comme son positionnement. Nous \u00e9laborons des strat\u00e9gies de positionnement sur mesure mettant en valeur les atouts et la valeur uniques de chaque produit, le diff\u00e9renciant ainsi de la concurrence.<\/li>\n\n\n\n<li><strong>D\u00e9veloppement et test des messages<\/strong>:SIS aide les clients \u00e0 d\u00e9velopper et \u00e0 tester diff\u00e9rents messages de positionnement pour d\u00e9terminer ce qui r\u00e9sonne le plus aupr\u00e8s de leur public cible et g\u00e9n\u00e8re la r\u00e9ponse souhait\u00e9e.<\/li>\n\n\n\n<li><strong>Strat\u00e9gie de positionnement continu<\/strong>: SIS International offers continuous support by actively assessing shifts in customer behavior, market trends, and competitive activities. <\/li>\n<\/ul>\n\n\n\n<h2 class=\"wp-block-heading\"><strong>Pourquoi un positionnement produit efficace est-il essentiel pour le succ\u00e8s du B2B\u00a0?<\/strong><\/h2>\n\n\n\n<figure class=\"gb-block-image gb-block-image-0a635cce\"><img loading=\"lazy\" decoding=\"async\" width=\"1456\" height=\"816\" class=\"gb-image gb-image-0a635cce\" src=\"https:\/\/www.sisinternational.com\/wp-content\/uploads\/2025\/08\/Retail-19.jpg\" alt=\"\u00c9tudes de march\u00e9 et strat\u00e9gie internationales SIS\" title=\"Retail (19)\" srcset=\"https:\/\/www.sisinternational.com\/wp-content\/uploads\/2025\/08\/Retail-19.jpg 1456w, https:\/\/www.sisinternational.com\/wp-content\/uploads\/2025\/08\/Retail-19-300x168.jpg 300w, https:\/\/www.sisinternational.com\/wp-content\/uploads\/2025\/08\/Retail-19-1024x574.jpg 1024w, https:\/\/www.sisinternational.com\/wp-content\/uploads\/2025\/08\/Retail-19-768x430.jpg 768w, https:\/\/www.sisinternational.com\/wp-content\/uploads\/2025\/08\/Retail-19-18x10.jpg 18w\" sizes=\"auto, (max-width: 1456px) 100vw, 1456px\"><\/figure>\n\n\n\n<p><\/p>\n\n\n\n<p>Effective product positioning determines how customers perceive the product and influences their buying decisions \u2013 and here are some reasons why <a href=\"https:\/\/www.sisinternational.com\/fr\/complexites-du-marketing-b2b\/\" title=\"Qu\u2019est-ce que le marketing B2B ?\" data-wpil-monitor-id=\"2215\">B2B product positioning market<\/a> research is critical for success:<\/p>\n\n\n\n<ul class=\"wp-block-list\">\n<li><strong>Diff\u00e9renciation<\/strong>:Un positionnement efficace permet de mettre en valeur la valeur unique du produit, le rendant ainsi plus attrayant pour les clients potentiels.<\/li>\n\n\n\n<li><strong>Alignement des clients<\/strong>: <a href=\"https:\/\/www.sisinternational.com\/fr\/competence\/les-industries\/etude-de-marche-sur-la-superiorite-des-produits\/\" title=\"\u00c9tude de march\u00e9 sur la sup\u00e9riorit\u00e9 des produits\" data-wpil-monitor-id=\"5800\">Product positioning market research<\/a> helps ensure the product&#8217;s messaging is relevant to the target audience, making it more likely to resonate with them.<\/li>\n\n\n\n<li><strong>Am\u00e9lioration de l&#039;efficacit\u00e9 des ventes et du marketing<\/strong>:Un positionnement clair et convaincant du produit contribue \u00e0 am\u00e9liorer l&#039;efficacit\u00e9 des efforts de vente et de marketing. Les clients qui comprennent la valeur du produit sont plus susceptibles de s&#039;engager avec la marque et d&#039;effectuer un achat.<\/li>\n\n\n\n<li><strong>Prise de d\u00e9cision \u00e9clair\u00e9e<\/strong>: Positionnement du produit <a href=\"https:\/\/www.linkedin.com\/pulse\/how-market-research-enables-growth-ruth-stanat-phekf\/\" target=\"_blank\" rel=\"noopener\">\u00e9tude de march\u00e9<\/a> fournit des informations pr\u00e9cieuses qui aident les entreprises \u00e0 prendre des d\u00e9cisions \u00e9clair\u00e9es sur le positionnement de leurs produits sur le march\u00e9.&nbsp;<\/li>\n\n\n\n<li><strong>Perception de la marque<\/strong>:Un produit bien positionn\u00e9 contribue \u00e0 \u00e9tablir la marque comme leader dans sa cat\u00e9gorie, renfor\u00e7ant ainsi la cr\u00e9dibilit\u00e9 et la confiance des clients.<\/li>\n<\/ul>\n\n\n\n<h2 class=\"wp-block-heading\"><strong>Tendances en mati\u00e8re de positionnement de produits B2B<\/strong><\/h2>\n\n\n\n<p>Le positionnement des produits B2B est en constante transformation et les entreprises doivent s&#039;adapter \u00e0 ces changements pour positionner efficacement leurs produits, en mettant en valeur leurs propositions de valeur uniques et en s&#039;alignant sur les demandes changeantes des acheteurs. Les principales tendances sont les suivantes :<\/p>\n\n\n\n<ul class=\"wp-block-list\">\n<li><strong>Personnalisation<\/strong>:Les acheteurs B2B attendent d\u00e9sormais une exp\u00e9rience plus personnalis\u00e9e que celle qu&#039;ils re\u00e7oivent sur les march\u00e9s B2C. Le positionnement efficace des produits repose de plus en plus sur l&#039;adaptation des messages aux besoins sp\u00e9cifiques des diff\u00e9rents segments de client\u00e8le.<\/li>\n\n\n\n<li><strong>Positionnement bas\u00e9 sur les donn\u00e9es<\/strong>:Les entreprises exploitent le Big Data et l\u2019analyse pour mieux comprendre les pr\u00e9f\u00e9rences des clients et la dynamique du march\u00e9, leur permettant ainsi d\u2019\u00e9laborer des strat\u00e9gies de positionnement plus cibl\u00e9es.<\/li>\n\n\n\n<li><strong>Raconter des histoires<\/strong>:Le storytelling est devenu un \u00e9l\u00e9ment essentiel du positionnement d&#039;un produit. Les entreprises s&#039;efforcent de cr\u00e9er des r\u00e9cits convaincants qui mettent en valeur la valeur unique de leur produit de mani\u00e8re pertinente et engageante.<\/li>\n\n\n\n<li><strong>Durabilit\u00e9<\/strong>:Les clients s&#039;int\u00e9ressent de plus en plus \u00e0 la durabilit\u00e9 et aux pratiques \u00e9thiques. Les produits positionn\u00e9s comme respectueux de l&#039;environnement ou socialement responsables acqui\u00e8rent un avantage concurrentiel.<\/li>\n\n\n\n<li><strong>Transformation num\u00e9rique<\/strong>: The rise of <a href=\"https:\/\/www.sisinternational.com\/fr\/la-transformation-numerique-dans-la-construction\/\" title=\"Transformation num\u00e9rique dans la construction\" data-wpil-monitor-id=\"2805\">digital channels and social media has transformed<\/a> how companies position their products. Digital-first positioning strategies are now critical for effectively reaching the right audience.<\/li>\n<\/ul>\n\n\n\n<h2 class=\"wp-block-heading\"><strong>Le r\u00f4le de la technologie dans les \u00e9tudes de march\u00e9 sur le positionnement des produits B2B<\/strong><\/h2>\n\n\n\n<p>En s&#039;appuyant sur des outils et des analyses avanc\u00e9s, les entreprises peuvent obtenir des informations plus approfondies sur la dynamique du march\u00e9, les pr\u00e9f\u00e9rences des clients et les strat\u00e9gies des concurrents, leur permettant de positionner leurs produits avec pr\u00e9cision et pertinence.<\/p>\n\n\n\n<p><strong>Analyses bas\u00e9es sur l&#039;IA pour une meilleure connaissance du march\u00e9<br><\/strong><br>Through AI-driven analytics, companies can segment their audience more effectively, understanding which features and benefits resonate most with different customer groups. <\/p>\n\n\n\n<p><strong>CRM Systems for Enhanced Customer UnderstandingCustomer Relationship Management (CRM) systems offer a centralized platform for tracking customer interactions, preferences, and purchase behaviors, providing invaluable insights for <a href=\"https:\/\/www.sisinternational.com\/fr\/suivi-du-positionnement-de-la-marque-b2b\/\" title=\"Recherche sur le positionnement du march\u00e9 et l&#039;image de marque B2B\" data-wpil-monitor-id=\"4308\">B2B product positioning market research<\/a>. <\/p>\n\n\n\n<p><strong>Outils de visualisation de donn\u00e9es pour une analyse de march\u00e9 en temps r\u00e9el<br><br><\/strong>Data visualization tools, such as PowerBI dashboards, allow companies to transform complex data into intuitive, real-time visuals, making tracking market trends and customer sentiment easier. <\/p>\n\n\n\n<p><strong>Plateformes d&#039;\u00e9coute sociale pour l&#039;analyse des sentiments des concurrents et du march\u00e9<\/strong><strong><br><\/strong><strong><br><\/strong>Les outils d&#039;\u00e9coute sociale permettent aux entreprises de surveiller les conversations du secteur, les activit\u00e9s des concurrents et le sentiment des clients sur diff\u00e9rents canaux num\u00e9riques. Pour les \u00e9tudes de march\u00e9 sur le positionnement des produits B2B, l&#039;\u00e9coute sociale offre un aper\u00e7u de ce que disent les concurrents, de la mani\u00e8re dont ils positionnent leurs produits et de la mani\u00e8re dont les clients r\u00e9agissent.&nbsp;<\/p>\n\n\n\n<p><strong>Analyse pr\u00e9dictive pour la prise de d\u00e9cision strat\u00e9gique<\/strong><strong><br><\/strong><strong><br><\/strong>L&#039;analyse pr\u00e9dictive joue un r\u00f4le essentiel dans l&#039;anticipation des \u00e9volutions du march\u00e9 et des besoins des clients. En analysant les donn\u00e9es historiques et les tendances actuelles, les entreprises peuvent utiliser des mod\u00e8les pr\u00e9dictifs pour pr\u00e9voir les performances de certaines strat\u00e9gies de positionnement.&nbsp;<\/p>\n\n\n\n<h2 class=\"wp-block-heading\"><strong>Perspectives d&#039;\u00e9tude de march\u00e9 sur le positionnement des produits B2B<\/strong><\/h2>\n\n\n\n<p>L&#039;avenir des \u00e9tudes de march\u00e9 sur le positionnement des produits B2B semble prometteur, car les entreprises reconnaissent l&#039;importance d&#039;un positionnement diff\u00e9renci\u00e9 et convaincant. Les principales opportunit\u00e9s sont les suivantes :<\/p>\n\n\n\n<ul class=\"wp-block-list\">\n<li><strong>Utilisation accrue de l\u2019IA<\/strong>:L\u2019IA devrait jouer un r\u00f4le plus important dans la recherche sur le positionnement des produits. Les informations g\u00e9n\u00e9r\u00e9es par l\u2019IA aideront les entreprises \u00e0 identifier les lacunes du march\u00e9, \u00e0 comprendre le sentiment des clients et \u00e0 optimiser leurs messages plus efficacement.<\/li>\n\n\n\n<li><strong>Int\u00e9gration avec les syst\u00e8mes CRM<\/strong>:Les strat\u00e9gies de positionnement des produits sont de plus en plus int\u00e9gr\u00e9es aux syst\u00e8mes CRM, permettant des connexions transparentes entre les informations de recherche et les activit\u00e9s de vente.<\/li>\n\n\n\n<li><strong>Accent mis sur le parcours d&#039;achat<\/strong>:Les entreprises cartographient de plus en plus le parcours d&#039;achat pour cr\u00e9er un positionnement qui r\u00e9sonne \u00e0 chaque \u00e9tape. Comprendre comment les clients passent de la prise de conscience \u00e0 la prise de d\u00e9cision aidera \u00e0 affiner les strat\u00e9gies de positionnement.<\/li>\n\n\n\n<li><strong>Co-cr\u00e9ation client<\/strong>:Il est de plus en plus courant d\u2019impliquer les clients dans le processus de d\u00e9veloppement et de positionnement des produits. La co-cr\u00e9ation permet aux entreprises de cr\u00e9er des messages qui refl\u00e8tent directement les besoins et les attentes de leur public cible.<\/li>\n\n\n\n<li><strong>Mondialisation et localisation<\/strong>:\u00c0 mesure que les entreprises se d\u00e9veloppent \u00e0 l&#039;\u00e9chelle mondiale, le besoin de positionnement local des produits devient de plus en plus important. Les entreprises reconnaissent l&#039;importance d&#039;adapter les messages des produits pour s&#039;adapter aux diff\u00e9rences culturelles et aux pr\u00e9f\u00e9rences des march\u00e9s locaux.<\/li>\n<\/ul>\n\n\n\n<h2 class=\"wp-block-heading\"><strong>Qu&#039;est-ce qui fait de SIS International une entreprise de positionnement de produits B2B de premier plan ?<\/strong><\/h2>\n\n\n\n<p>SIS International se distingue comme une entreprise de positionnement de produits B2B de premier plan pour plusieurs raisons convaincantes, chacune contribuant \u00e0 notre capacit\u00e9 \u00e0 aider les clients \u00e0 obtenir des r\u00e9sultats sup\u00e9rieurs sur le march\u00e9 :<\/p>\n\n\n\n<ul class=\"wp-block-list\">\n<li><strong>Expertise sectorielle compl\u00e8te<\/strong>: SIS International poss\u00e8de une vaste exp\u00e9rience du secteur, ce qui nous permet de fournir des informations personnalis\u00e9es qui trouvent un \u00e9cho aupr\u00e8s de secteurs de march\u00e9 sp\u00e9cifiques. Notre expertise sectorielle nous permet \u00e9galement de d\u00e9velopper des strat\u00e9gies de positionnement de produits efficaces adapt\u00e9es aux d\u00e9fis et opportunit\u00e9s uniques de chaque secteur.<\/li>\n\n\n\n<li><strong>Approche centr\u00e9e sur le client<\/strong>:Chez SIS, le client est au centre de chaque strat\u00e9gie de positionnement produit. Nous menons des recherches approfondies pour comprendre les besoins, les pr\u00e9f\u00e9rences et les difficult\u00e9s des clients, afin de garantir que le positionnement produit de nos clients s&#039;adresse directement \u00e0 leur public cible.<\/li>\n\n\n\n<li><strong>M\u00e9thodologie bas\u00e9e sur les donn\u00e9es<\/strong>:Notre approche est ancr\u00e9e dans les donn\u00e9es. Nous exploitons l&#039;analyse des donn\u00e9es pour identifier les tendances du march\u00e9, les comportements des clients et le positionnement concurrentiel, fournissant ainsi \u00e0 nos clients des informations qui g\u00e9n\u00e8rent des messages produits percutants.<\/li>\n\n\n\n<li><strong>Techniques de positionnement innovantes<\/strong>:SIS International utilise des techniques innovantes, notamment la narration, les tests de messages et les strat\u00e9gies de positionnement num\u00e9rique, pour cr\u00e9er des r\u00e9cits de produits convaincants qui captent l&#039;int\u00e9r\u00eat des clients et diff\u00e9rencient nos clients de leurs concurrents.<\/li>\n\n\n\n<li><strong>Exp\u00e9rience prouv\u00e9e<\/strong>:Notre exp\u00e9rience dans l&#039;accompagnement des entreprises B2B pour atteindre leurs objectifs de positionnement parle d&#039;elle-m\u00eame. Nous avons aid\u00e9 avec succ\u00e8s de nombreuses entreprises \u00e0 am\u00e9liorer leur visibilit\u00e9 sur le march\u00e9, l&#039;engagement client et la perception globale de leur marque gr\u00e2ce \u00e0 des strat\u00e9gies efficaces de positionnement de produits.<\/li>\n<\/ul>\n\n\n<h2>Notre emplacement \u00e0 New York<\/h2>\n<p><!-- \/wp:post-content --> <!-- wp:html --> <iframe loading=\"lazy\" src=\"https:\/\/www.google.com\/maps\/embed?pb=!1m18!1m12!1m3!1d3022.976188376966!2d-73.99130312499956!3d40.740549471389315!2m3!1f0!2f0!3f0!3m2!1i1024!2i768!4f13.1!3m3!1m2!1s0x89c259a15798c731%3A0xd695d09bdd495f25!2s11%20E%2022nd%20St%20FL%202%2C%20New%20York%2C%20NY%2010010%2C%20USA!5e0!3m2!1sen!2spe!4v1726171763526!5m2!1sen!2spe\" width=\"600\" height=\"450\" allowfullscreen=\"allowfullscreen\" data-mce-fragment=\"1\"><\/iframe> <!-- \/wp:html --> <!-- wp:paragraph --><\/p>\n<h3 class=\"wp-block-heading\">11 E 22nd Street, \u00e9tage 2, New York, NY 10010 T\u00e9l. : +1(212) 505-6805<\/h3>\n<hr \/>\n<h2><strong>\u00c0 propos de SIS International<\/strong><\/h2>\n<p><a href=\"https:\/\/www.sisinternational.com\/fr\/\"><span style=\"font-weight: 400;\">SIS International<\/span><\/a><span style=\"font-weight: 400;\"> propose des recherches quantitatives, qualitatives et strat\u00e9giques. Nous fournissons des donn\u00e9es, des outils, des strat\u00e9gies, des rapports et des informations pour la prise de d\u00e9cision. Nous menons \u00e9galement des entretiens, des enqu\u00eates, des groupes de discussion et d\u2019autres m\u00e9thodes et approches d\u2019\u00e9tudes de march\u00e9.<\/span><a href=\"https:\/\/www.sisinternational.com\/fr\/a-propos-de-la-recherche-internationale-sis\/contact-sis-international-market-research\/\"><span style=\"font-weight: 400;\"> Contactez nous<\/span><\/a><span style=\"font-weight: 400;\"> pour votre prochain projet d&#039;\u00e9tude de march\u00e9.<\/span><\/p>\n<p><!-- wp:separator --><\/p>\n<hr class=\"wp-block-separator has-alpha-channel-opacity\"\/>\n<!-- \/wp:separator --><\/p>","protected":false},"excerpt":{"rendered":"<p>B2B Product Positioning Market Research In an era where data drives decisions, B2B product positioning market research gives companies the insights they need to stand out, resonate with customers, and thrive in competitive markets Have you ever asked yourself what truly makes a product resonate with the right audience in a crowded B2B market? Clearly &#8230; <a title=\"\u00c9tude de march\u00e9 sur le positionnement des produits B2B\" class=\"read-more\" href=\"https:\/\/www.sisinternational.com\/fr\/solutions\/etude-de-marche-b2b\/etude-de-marche-sur-le-positionnement-des-produits-b2b\/\" aria-label=\"En savoir plus sur B2B Product Positioning Market Research\">Lire plus<\/a><\/p>","protected":false},"author":1,"featured_media":62503,"parent":11292,"menu_order":8,"comment_status":"closed","ping_status":"closed","template":"","meta":{"footnotes":""},"class_list":["post-53888","page","type-page","status-publish","has-post-thumbnail"],"_links":{"self":[{"href":"https:\/\/www.sisinternational.com\/fr\/wp-json\/wp\/v2\/pages\/53888","targetHints":{"allow":["GET"]}}],"collection":[{"href":"https:\/\/www.sisinternational.com\/fr\/wp-json\/wp\/v2\/pages"}],"about":[{"href":"https:\/\/www.sisinternational.com\/fr\/wp-json\/wp\/v2\/types\/page"}],"author":[{"embeddable":true,"href":"https:\/\/www.sisinternational.com\/fr\/wp-json\/wp\/v2\/users\/1"}],"replies":[{"embeddable":true,"href":"https:\/\/www.sisinternational.com\/fr\/wp-json\/wp\/v2\/comments?post=53888"}],"version-history":[{"count":17,"href":"https:\/\/www.sisinternational.com\/fr\/wp-json\/wp\/v2\/pages\/53888\/revisions"}],"predecessor-version":[{"id":81048,"href":"https:\/\/www.sisinternational.com\/fr\/wp-json\/wp\/v2\/pages\/53888\/revisions\/81048"}],"up":[{"embeddable":true,"href":"https:\/\/www.sisinternational.com\/fr\/wp-json\/wp\/v2\/pages\/11292"}],"wp:featuredmedia":[{"embeddable":true,"href":"https:\/\/www.sisinternational.com\/fr\/wp-json\/wp\/v2\/media\/62503"}],"wp:attachment":[{"href":"https:\/\/www.sisinternational.com\/fr\/wp-json\/wp\/v2\/media?parent=53888"}],"curies":[{"name":"wp","href":"https:\/\/api.w.org\/{rel}","templated":true}]}}