{"id":53885,"date":"2024-11-02T14:45:00","date_gmt":"2024-11-02T18:45:00","guid":{"rendered":"https:\/\/www.sisinternational.com\/?page_id=53885"},"modified":"2026-03-05T23:21:18","modified_gmt":"2026-03-06T04:21:18","slug":"meilleure-entreprise-doptimisation-des-ventes-b2b","status":"publish","type":"page","link":"https:\/\/www.sisinternational.com\/fr\/solutions\/etude-de-marche-b2b\/meilleure-entreprise-doptimisation-des-ventes-b2b\/","title":{"rendered":"Meilleure entreprise d&#039;optimisation des ventes B2B"},"content":{"rendered":"<h1 class=\"gb-headline gb-headline-85ee7366 gb-headline-text\">Meilleure entreprise d&#039;optimisation des ventes B2B<br><\/h1>\n\n\n\n<figure class=\"gb-block-image gb-block-image-9c8a02ed\"><img loading=\"lazy\" decoding=\"async\" width=\"1456\" height=\"816\" class=\"gb-image gb-image-9c8a02ed\" src=\"https:\/\/www.sisinternational.com\/wp-content\/uploads\/2025\/08\/Marketing-5.jpg\" alt=\"\u00c9tudes de march\u00e9 et strat\u00e9gie internationales SIS\" title=\"Marketing (5)\" srcset=\"https:\/\/www.sisinternational.com\/wp-content\/uploads\/2025\/08\/Marketing-5.jpg 1456w, https:\/\/www.sisinternational.com\/wp-content\/uploads\/2025\/08\/Marketing-5-300x168.jpg 300w, https:\/\/www.sisinternational.com\/wp-content\/uploads\/2025\/08\/Marketing-5-1024x574.jpg 1024w, https:\/\/www.sisinternational.com\/wp-content\/uploads\/2025\/08\/Marketing-5-768x430.jpg 768w, https:\/\/www.sisinternational.com\/wp-content\/uploads\/2025\/08\/Marketing-5-18x10.jpg 18w\" sizes=\"auto, (max-width: 1456px) 100vw, 1456px\"><\/figure>\n\n\n\n<p><\/p>\n\n\n\n<h3 class=\"wp-block-heading\">Dans le paysage B2B concurrentiel d\u2019aujourd\u2019hui, la capacit\u00e9 \u00e0 optimiser les processus de vente est un facteur de diff\u00e9renciation cl\u00e9 entre les entreprises prosp\u00e8res et celles qui ont du mal \u00e0 se d\u00e9velopper.&nbsp;<\/h3>\n\n\n\n<p>L&#039;optimisation des ventes consiste \u00e0 affiner chaque aspect du cycle de vente, de la g\u00e9n\u00e9ration de leads \u00e0 la conclusion des affaires, afin de maximiser l&#039;efficacit\u00e9 et la rentabilit\u00e9. SIS International est une soci\u00e9t\u00e9 d&#039;optimisation des ventes B2B de premier plan qui aide les entreprises \u00e0 exploiter leur potentiel de vente gr\u00e2ce \u00e0 des strat\u00e9gies bas\u00e9es sur les donn\u00e9es et \u00e0 des techniques de vente avanc\u00e9es.<\/p>\n\n\n\n<h2 class=\"wp-block-heading\"><strong>Qu&#039;est-ce qui fait une entreprise d&#039;optimisation des ventes B2B de premier plan ?<\/strong><\/h2>\n\n\n\n<p>A top B2B sales optimization company like SIS provides tailored strategies and solutions that enhance every sales process step. The company leverages industry expertise, data analytics, and innovative technology to help businesses achieve superior sales performance. Some key elements that define a <a href=\"https:\/\/www.sisinternational.com\/fr\/societe-de-surveillance-des-principales-tendances-du-marche-b2b\/\" title=\"Entreprise de surveillance des principales tendances du march\u00e9 B2B\"  data-wpil-monitor-id=\"1235\">top B2B sales optimization company<\/a> inclure:<\/p>\n\n\n\n<ul class=\"wp-block-list\">\n<li><strong>Analyse compl\u00e8te des ventes<\/strong>:Une analyse approfondie du pipeline et de l\u2019entonnoir de vente est essentielle pour identifier les goulots d\u2019\u00e9tranglement et les domaines \u00e0 am\u00e9liorer.&nbsp;<\/li>\n\n\n\n<li><strong>Strat\u00e9gies de vente personnalis\u00e9es<\/strong>: One-size-fits-all solutions rarely work in the competitive B2B environment. A <a href=\"https:\/\/www.sisinternational.com\/fr\/entreprise-de-generation-de-demande-b2b-de-premier-plan\/\" title=\"Entreprise de g\u00e9n\u00e9ration de demande B2B de premier plan\"  data-wpil-monitor-id=\"1387\">top B2B sales optimization company<\/a>, like SIS International, creates customized sales strategies tailored to each client&#8217;s unique needs.<\/li>\n\n\n\n<li><strong>Outils de vente avanc\u00e9s<\/strong>: From CRM software to sales automation tools, a <a href=\"https:\/\/www.sisinternational.com\/fr\/societe-de-prevision-des-principales-tendances-du-secteur-b2b\/\" title=\"Entreprise de pr\u00e9vision des principales tendances du secteur B2B\"  data-wpil-monitor-id=\"1621\">top B2B sales optimization company<\/a> uses advanced tools to streamline processes and improve efficiency.<\/li>\n\n\n\n<li><strong>Qualification et gestion des leads<\/strong>:Une entreprise leader dans ce domaine aide les entreprises \u00e0 affiner leurs processus de gestion des leads pour garantir que leur \u00e9quipe de vente se concentre sur les opportunit\u00e9s les plus prometteuses.<\/li>\n\n\n\n<li><strong>Formation et d\u00e9veloppement de l&#039;\u00e9quipe de vente<\/strong>:La formation et le d\u00e9veloppement continus dotent les professionnels de la vente des comp\u00e9tences dont ils ont besoin pour r\u00e9ussir.<\/li>\n<\/ul>\n\n\n\n<h2 class=\"wp-block-heading\"><strong>L&#039;approche de SIS International en mati\u00e8re d&#039;optimisation des ventes<\/strong><\/h2>\n\n\n\n<p>En tant que top de confiance <a href=\"https:\/\/www.sisinternational.com\/fr\/solutions\/etude-de-marche-b2b\/\">B2B<\/a> Entreprise d&#039;optimisation des ventes avec plus de 40 ans d&#039;exp\u00e9rience sur le march\u00e9, SIS International adopte une approche holistique de l&#039;optimisation des ventes. Nous abordons tous les aspects du cycle de vente pour g\u00e9n\u00e9rer des r\u00e9sultats mesurables. Notre approche est con\u00e7ue pour am\u00e9liorer l&#039;efficacit\u00e9 des ventes, am\u00e9liorer les taux de conversion et augmenter les revenus de nos clients.<\/p>\n\n\n\n<ul class=\"wp-block-list\">\n<li><strong>Informations bas\u00e9es sur les donn\u00e9es<\/strong>: SIS International uses data-driven insights to <a href=\"https:\/\/www.sisinternational.com\/fr\/optimiser-les-sites-web-dentreprise-pour-le-retour-sur-investissement\/\" title=\"Optimiser les sites Web d&#039;entreprise pour le retour sur investissement\"  data-wpil-monitor-id=\"1972\">optimize sales strategies<\/a>. By analyzing sales metrics and customer data, we identify key areas for improvement and help our clients make informed decisions.<\/li>\n\n\n\n<li><strong>Solutions personnalis\u00e9es<\/strong>:Il n&#039;existe pas deux entreprises identiques, et leurs processus de vente non plus. SIS cr\u00e9e des solutions d&#039;optimisation des ventes personnalis\u00e9es, adapt\u00e9es aux besoins et aux d\u00e9fis de chaque client, garantissant un impact maximal.<\/li>\n\n\n\n<li><strong>Automatisation des ventes<\/strong>:Notre \u00e9quipe aide les clients \u00e0 mettre en \u0153uvre des outils d&#039;automatisation des ventes qui rationalisent les t\u00e2ches r\u00e9p\u00e9titives, permettant \u00e0 leurs \u00e9quipes de vente de se concentrer sur des activit\u00e9s \u00e0 forte valeur ajout\u00e9e qui g\u00e9n\u00e8rent des revenus.<\/li>\n\n\n\n<li><strong>Suivi des performances<\/strong>:Nous fournissons aux clients des outils de suivi des performances et des analyses pour surveiller les indicateurs de vente critiques et effectuer les ajustements n\u00e9cessaires bas\u00e9s sur les donn\u00e9es.<\/li>\n\n\n\n<li><strong>Activation des ventes<\/strong>:L&#039;activation des ventes consiste \u00e0 fournir aux \u00e9quipes commerciales les outils, les ressources et les informations dont elles ont besoin pour conclure des affaires de mani\u00e8re efficace. SIS International travaille avec ses clients pour d\u00e9velopper des strat\u00e9gies d&#039;activation des ventes qui am\u00e9liorent l&#039;efficacit\u00e9 de leurs \u00e9quipes commerciales.<\/li>\n<\/ul>\n\n\n\n<h2 class=\"wp-block-heading\"><strong>Pourquoi choisir SIS International comme votre meilleure soci\u00e9t\u00e9 d&#039;optimisation des ventes B2B<\/strong><\/h2>\n\n\n\n<figure class=\"gb-block-image gb-block-image-b1ff026a\"><img loading=\"lazy\" decoding=\"async\" width=\"1456\" height=\"816\" class=\"gb-image gb-image-b1ff026a\" src=\"https:\/\/www.sisinternational.com\/wp-content\/uploads\/2025\/08\/Focus-group-meeting-4.jpg\" alt=\"\u00c9tudes de march\u00e9 et strat\u00e9gie internationales SIS\" title=\"Focus group &amp; meeting (4)\" srcset=\"https:\/\/www.sisinternational.com\/wp-content\/uploads\/2025\/08\/Focus-group-meeting-4.jpg 1456w, https:\/\/www.sisinternational.com\/wp-content\/uploads\/2025\/08\/Focus-group-meeting-4-300x168.jpg 300w, https:\/\/www.sisinternational.com\/wp-content\/uploads\/2025\/08\/Focus-group-meeting-4-1024x574.jpg 1024w, https:\/\/www.sisinternational.com\/wp-content\/uploads\/2025\/08\/Focus-group-meeting-4-768x430.jpg 768w, https:\/\/www.sisinternational.com\/wp-content\/uploads\/2025\/08\/Focus-group-meeting-4-18x10.jpg 18w\" sizes=\"auto, (max-width: 1456px) 100vw, 1456px\"><\/figure>\n\n\n\n<p><\/p>\n\n\n\n<p>Choisir le bon partenaire pour l&#039;optimisation des ventes peut faire toute la diff\u00e9rence dans la r\u00e9ussite de vos ventes. Voici quelques raisons pour lesquelles SIS se distingue comme l&#039;une des meilleures soci\u00e9t\u00e9s d&#039;optimisation des ventes B2B :<\/p>\n\n\n\n<ul class=\"wp-block-list\">\n<li><strong>Exp\u00e9rience prouv\u00e9e<\/strong>: SIS International a fait ses preuves en aidant les entreprises B2B \u00e0 optimiser leurs processus de vente et \u00e0 r\u00e9aliser une croissance significative de leurs revenus. Notre exp\u00e9rience dans divers secteurs nous permet de fournir des informations et des strat\u00e9gies qui g\u00e9n\u00e8rent des r\u00e9sultats concrets.<\/li>\n\n\n\n<li><strong>\u00c9quipe d&#039;experts<\/strong>:Notre \u00e9quipe d&#039;experts commerciaux poss\u00e8de une vaste exp\u00e9rience dans le domaine des ventes B2B et comprend les complexit\u00e9s du cycle de vente. Nous travaillons en \u00e9troite collaboration avec nos clients pour identifier leurs d\u00e9fis uniques et d\u00e9velopper des solutions r\u00e9pondant \u00e0 leurs besoins.<\/li>\n\n\n\n<li><strong>Technologie de pointe<\/strong>:Nous exploitons les derni\u00e8res technologies pour optimiser les ventes. Des syst\u00e8mes CRM aux outils d&#039;analyse des ventes, nous utilisons une technologie de pointe pour aider nos clients \u00e0 atteindre des performances de vente sup\u00e9rieures.<\/li>\n\n\n\n<li><strong>Approche centr\u00e9e sur le client<\/strong>:Chez SIS International, nos clients sont notre priorit\u00e9. Notre approche centr\u00e9e sur le client nous permet de d\u00e9velopper des strat\u00e9gies d&#039;optimisation des ventes qui s&#039;alignent sur les objectifs commerciaux de nos clients et qui offrent une valeur mesurable.<\/li>\n\n\n\n<li><strong>Succ\u00e8s \u00e0 long terme<\/strong>:L\u2019optimisation des ventes n\u2019est pas un effort ponctuel : elle n\u00e9cessite une concentration et une am\u00e9lioration continues. SIS International s\u2019engage \u00e0 aider ses clients \u00e0 atteindre un succ\u00e8s \u00e0 long terme gr\u00e2ce \u00e0 une optimisation et un soutien continus.<\/li>\n<\/ul>\n\n\n\n<p><\/p>\n\n\n\n<h2 class=\"wp-block-heading\"><strong>Analyse des tendances du secteur<\/strong><\/h2>\n\n\n\n<figure class=\"gb-block-image gb-block-image-4bd651c1\"><img loading=\"lazy\" decoding=\"async\" width=\"1456\" height=\"816\" class=\"gb-image gb-image-4bd651c1\" src=\"https:\/\/www.sisinternational.com\/wp-content\/uploads\/2025\/09\/Quantitative-research-19.jpg\" alt=\"\u00c9tudes de march\u00e9 et strat\u00e9gie internationales SIS\" title=\"Quantitative research (19)\" srcset=\"https:\/\/www.sisinternational.com\/wp-content\/uploads\/2025\/09\/Quantitative-research-19.jpg 1456w, https:\/\/www.sisinternational.com\/wp-content\/uploads\/2025\/09\/Quantitative-research-19-300x168.jpg 300w, https:\/\/www.sisinternational.com\/wp-content\/uploads\/2025\/09\/Quantitative-research-19-1024x574.jpg 1024w, https:\/\/www.sisinternational.com\/wp-content\/uploads\/2025\/09\/Quantitative-research-19-768x430.jpg 768w, https:\/\/www.sisinternational.com\/wp-content\/uploads\/2025\/09\/Quantitative-research-19-18x10.jpg 18w\" sizes=\"auto, (max-width: 1456px) 100vw, 1456px\"><\/figure>\n\n\n\n<p><\/p>\n\n\n\n<p>L\u2019une des principales tendances du secteur est l\u2019importance croissante de l\u2019analyse des donn\u00e9es dans les ventes. Les entreprises qui exploitent les donn\u00e9es pour mieux comprendre le comportement des clients, les tendances du march\u00e9 et les performances des ventes sont mieux plac\u00e9es pour r\u00e9ussir. En tant que soci\u00e9t\u00e9 d\u2019optimisation des ventes B2B de premier plan, SIS International utilise des outils d\u2019analyse de donn\u00e9es avanc\u00e9s pour aider ses clients \u00e0 exploiter la puissance de leurs donn\u00e9es, leur permettant ainsi de prendre des d\u00e9cisions \u00e9clair\u00e9es et de stimuler la croissance.&nbsp;<\/p>\n\n\n\n<p>Une autre tendance importante est l&#039;\u00e9volution vers une approche centr\u00e9e sur le client dans les ventes B2B. Les clients d&#039;aujourd&#039;hui attendent des exp\u00e9riences personnalis\u00e9es et les entreprises qui ne parviennent pas \u00e0 r\u00e9pondre \u00e0 ces attentes risquent de perdre du terrain face \u00e0 leurs concurrents. SIS International souligne l&#039;importance de comprendre les besoins et les pr\u00e9f\u00e9rences des clients. Nous travaillons en \u00e9troite collaboration avec nos clients pour d\u00e9velopper des strat\u00e9gies de vente donnant la priorit\u00e9 \u00e0 l&#039;exp\u00e9rience client. En alignant les efforts de vente sur les attentes des clients, nous aidons les entreprises \u00e0 \u00e9tablir des relations plus solides et \u00e0 am\u00e9liorer la satisfaction de leurs clients.<\/p>\n\n\n\n<h2 class=\"wp-block-heading\"><strong>Les avantages de l&#039;optimisation des ventes pour les entreprises B2B<\/strong><\/h2>\n\n\n\n<p>Some key benefits of working with a <a href=\"https:\/\/www.sisinternational.com\/fr\/societe-detudes-de-marche-b2b-de-premier-plan\/\" title=\"Meilleure soci\u00e9t\u00e9 d&#039;\u00e9tudes de march\u00e9 B2B\"  data-wpil-monitor-id=\"1681\">top B2B sales optimization company<\/a> like SIS International Research include:<\/p>\n\n\n\n<ul class=\"wp-block-list\">\n<li><strong>Efficacit\u00e9 accrue<\/strong>:L\u2019optimisation des ventes peut am\u00e9liorer consid\u00e9rablement l\u2019efficacit\u00e9 en rationalisant le processus de vente et en \u00e9liminant les goulots d\u2019\u00e9tranglement, permettant aux \u00e9quipes de vente de se concentrer sur les activit\u00e9s \u00e0 forte valeur ajout\u00e9e.<\/li>\n\n\n\n<li><strong>Taux de conversion plus \u00e9lev\u00e9s<\/strong>:Cela aide les entreprises \u00e0 am\u00e9liorer leurs processus de qualification et de suivi des prospects, ce qui conduit \u00e0 des taux de conversion plus \u00e9lev\u00e9s et \u00e0 davantage de transactions conclues.<\/li>\n\n\n\n<li><strong>Meilleures pr\u00e9visions de ventes<\/strong>:L\u2019optimisation des ventes fournit aux entreprises les donn\u00e9es et les informations dont elles ont besoin pour pr\u00e9voir les ventes avec pr\u00e9cision.<\/li>\n\n\n\n<li><strong>Exp\u00e9rience client am\u00e9lior\u00e9e<\/strong>:En optimisant les interactions avec les prospects et les clients, les entreprises peuvent am\u00e9liorer la satisfaction client et \u00e9tablir des relations durables.<\/li>\n\n\n\n<li><strong>Hausse des revenus<\/strong>:Une soci\u00e9t\u00e9 d\u2019optimisation des ventes B2B de premier plan comme SIS International peut aider les entreprises \u00e0 se d\u00e9velopper consid\u00e9rablement en am\u00e9liorant l\u2019efficacit\u00e9, les taux de conversion et la satisfaction des clients.<\/li>\n<\/ul>\n\n\n\n<h2 class=\"wp-block-heading\"><strong>Le r\u00f4le de la technologie dans l&#039;optimisation des ventes B2B<\/strong><\/h2>\n\n\n\n<p>En tant qu&#039;entreprise d&#039;optimisation des ventes B2B de premier plan, nous exploitons des outils et des technologies de pointe pour fournir aux clients des informations en temps r\u00e9el, am\u00e9liorer la productivit\u00e9 et rationaliser les processus de vente pour une croissance mesurable.<\/p>\n\n\n\n<p><strong>Analyses bas\u00e9es sur l&#039;IA pour une meilleure connaissance des clients<\/strong><strong><br><\/strong><strong><br><\/strong>L\u2019IA a red\u00e9fini l\u2019optimisation des ventes B2B en r\u00e9v\u00e9lant des informations qui permettent aux entreprises de prendre des d\u00e9cisions \u00e9clair\u00e9es par les donn\u00e9es. En exploitant l\u2019IA, les entreprises peuvent d\u00e9tecter des tendances dans le comportement des clients, pr\u00e9dire les tendances d\u2019achat et am\u00e9liorer la segmentation des clients. Ce pouvoir pr\u00e9dictif permet aux entreprises d\u2019adapter leurs efforts de vente aux prospects \u00e0 forte valeur ajout\u00e9e, augmentant ainsi les taux de conversion et maximisant le retour sur investissement.<\/p>\n\n\n\n<p><strong>Syst\u00e8mes CRM pour une gestion simplifi\u00e9e des pipelines<\/strong><strong><br><\/strong><strong><br><\/strong>Les syst\u00e8mes de gestion de la relation client (CRM) sont essentiels \u00e0 l&#039;optimisation efficace des ventes. Ils permettent aux \u00e9quipes de g\u00e9rer les interactions avec les clients et de suivre efficacement la progression des ventes.&nbsp;<\/p>\n\n\n\n<p><strong>Plateformes d&#039;aide \u00e0 la vente pour une productivit\u00e9 accrue<br><br><\/strong>En utilisant ces plateformes, une soci\u00e9t\u00e9 d\u2019optimisation des ventes B2B de premier plan comme SIS garantit aux commerciaux un acc\u00e8s facile au contenu, tel que les fiches techniques, les \u00e9tudes de cas et les manuels de vente, directement adapt\u00e9s aux besoins des clients. Ces outils facilement disponibles augmentent la productivit\u00e9 et am\u00e9liorent les taux de r\u00e9ussite, car les \u00e9quipes peuvent adapter leur approche en fonction des probl\u00e8mes et des objections sp\u00e9cifiques des clients.<\/p>\n\n\n\n<p><strong>Flux de travail automatis\u00e9s pour une efficacit\u00e9 accrue<\/strong><strong><br><\/strong><strong><br><\/strong>By implementing automated lead scoring, follow-up emails, and task assignments, a <a href=\"https:\/\/www.sisinternational.com\/fr\/societe-de-premier-plan-au-niveau-mondial\/\" title=\"Entreprise de premier plan au niveau mondial\"  data-wpil-monitor-id=\"1027\">top B2B sales optimization company<\/a> ensures that sales teams can focus on high-impact tasks. Automation keeps prospects engaged, ensuring timely responses and continuous interaction without the need for manual effort.&nbsp;<\/p>\n\n\n\n<p><strong>Tableaux de bord PowerBI pour la visualisation des donn\u00e9es en temps r\u00e9el et la prise de d\u00e9cision<\/strong><strong><br><\/strong><strong><br><\/strong>En tant qu&#039;entreprise leader dans le domaine de l&#039;optimisation des ventes B2B, nous utilisons PowerBI pour cr\u00e9er des tableaux de bord dynamiques et personnalisables qui pr\u00e9sentent les indicateurs de vente, les \u00e9tapes du pipeline et les informations sur les performances dans un format intuitif. Ces tableaux de bord permettent aux responsables des ventes de surveiller les indicateurs cl\u00e9s de performance, de suivre les progr\u00e8s individuels et en \u00e9quipe et d&#039;identifier rapidement les tendances. L&#039;acc\u00e8s imm\u00e9diat aux informations sur les donn\u00e9es permet aux \u00e9quipes d&#039;adapter les strat\u00e9gies en fonction des performances actuelles, garantissant ainsi que les efforts de vente s&#039;alignent toujours sur les objectifs commerciaux et les \u00e9volutions du march\u00e9.<\/p>\n\n\n\n<h2 class=\"wp-block-heading\"><strong>Qu&#039;est-ce qui fait de SIS International l&#039;entreprise la plus abordable pour l&#039;optimisation des ventes B2B<\/strong><\/h2>\n\n\n\n<p><a href=\"https:\/\/www.linkedin.com\/company\/sisinternationalresearch\/\" target=\"_blank\" rel=\"noopener\">SIS International<\/a> SIS International est une soci\u00e9t\u00e9 d&#039;optimisation des ventes B2B de premier ordre et l&#039;un des choix les plus abordables pour les entreprises \u00e0 la recherche de solutions de haute qualit\u00e9. Les principales raisons qui font de SIS International l&#039;entreprise la plus abordable pour l&#039;optimisation des ventes B2B sont les suivantes :<\/p>\n\n\n\n<ul class=\"wp-block-list\">\n<li><strong>Des solutions rentables<\/strong>:SIS International propose des solutions d&#039;optimisation des ventes con\u00e7ues pour \u00eatre rentables tout en offrant des r\u00e9sultats percutants. Cela permet aux entreprises de toutes tailles de b\u00e9n\u00e9ficier d&#039;une optimisation professionnelle des ventes.<\/li>\n\n\n\n<li><strong>Forfaits sur mesure<\/strong>:Nous comprenons que chaque entreprise a des besoins et des budgets uniques. SIS propose des packages personnalis\u00e9s qui correspondent \u00e0 des objectifs et des capacit\u00e9s financi\u00e8res sp\u00e9cifiques, garantissant aux clients la meilleure valeur pour leurs investissements.<\/li>\n\n\n\n<li><strong>Valeur \u00e0 long terme<\/strong>:Les strat\u00e9gies d&#039;optimisation des ventes de SIS International sont con\u00e7ues pour offrir une valeur \u00e0 long terme. En nous concentrant sur des am\u00e9liorations durables, nous aidons nos clients \u00e0 atteindre une croissance continue des ventes, maximisant ainsi le retour sur investissement.<\/li>\n\n\n\n<li><strong>Options de paiement flexibles<\/strong>:Nous proposons des options de paiement flexibles pour r\u00e9pondre aux diff\u00e9rents besoins financiers de nos clients, garantissant que nos services sont accessibles \u00e0 de nombreuses entreprises.<\/li>\n\n\n\n<li><strong>Approche ax\u00e9e sur la valeur<\/strong>: \u00c0 <a href=\"https:\/\/twitter.com\/SISIntlResearch\" target=\"_blank\" rel=\"noopener\">SIS<\/a>, nous fournissons des services \u00e0 valeur ajout\u00e9e qui contribuent directement \u00e0 la croissance de l&#039;entreprise. Notre approche garantit aux clients de tirer le meilleur parti de leur investissement sans compromettre la qualit\u00e9.<\/li>\n<\/ul>\n\n\n\n<h2 class=\"wp-block-heading\"><strong>\u00c0 propos de SIS International<\/strong><\/h2>\n\n\n\n<p><a href=\"https:\/\/www.sisinternational.com\/fr\/\">SIS International<\/a> propose des recherches quantitatives, qualitatives et strat\u00e9giques. Nous fournissons des donn\u00e9es, des outils, des strat\u00e9gies, des rapports et des informations pour la prise de d\u00e9cision. Nous menons \u00e9galement des entretiens, des enqu\u00eates, des groupes de discussion et d\u2019autres m\u00e9thodes et approches d\u2019\u00e9tudes de march\u00e9.<a href=\"https:\/\/www.sisinternational.com\/fr\/a-propos-de-la-recherche-internationale-sis\/contact-sis-international-market-research\/\"> Contactez nous<\/a> pour votre prochain projet d&#039;\u00e9tude de march\u00e9.<\/p>\n\n\n\n<hr class=\"wp-block-separator has-alpha-channel-opacity\"\/>","protected":false},"excerpt":{"rendered":"<p>Top B2B Sales Optimization Company In today\u2019s competitive B2B landscape, the ability to optimize sales processes is a key differentiator between successful businesses and those that struggle to grow.&nbsp; Sales optimization is about refining every aspect of the sales cycle\u2014from lead generation to closing deals\u2014to maximize efficiency and profitability. SIS International is a top B2B &#8230; <a title=\"Meilleure entreprise d&#039;optimisation des ventes B2B\" class=\"read-more\" href=\"https:\/\/www.sisinternational.com\/fr\/solutions\/etude-de-marche-b2b\/meilleure-entreprise-doptimisation-des-ventes-b2b\/\" aria-label=\"En savoir plus sur Top B2B Sales Optimization Company\">Lire plus<\/a><\/p>","protected":false},"author":1,"featured_media":62841,"parent":11292,"menu_order":7,"comment_status":"closed","ping_status":"closed","template":"","meta":{"footnotes":""},"class_list":["post-53885","page","type-page","status-publish","has-post-thumbnail"],"_links":{"self":[{"href":"https:\/\/www.sisinternational.com\/fr\/wp-json\/wp\/v2\/pages\/53885","targetHints":{"allow":["GET"]}}],"collection":[{"href":"https:\/\/www.sisinternational.com\/fr\/wp-json\/wp\/v2\/pages"}],"about":[{"href":"https:\/\/www.sisinternational.com\/fr\/wp-json\/wp\/v2\/types\/page"}],"author":[{"embeddable":true,"href":"https:\/\/www.sisinternational.com\/fr\/wp-json\/wp\/v2\/users\/1"}],"replies":[{"embeddable":true,"href":"https:\/\/www.sisinternational.com\/fr\/wp-json\/wp\/v2\/comments?post=53885"}],"version-history":[{"count":17,"href":"https:\/\/www.sisinternational.com\/fr\/wp-json\/wp\/v2\/pages\/53885\/revisions"}],"predecessor-version":[{"id":76341,"href":"https:\/\/www.sisinternational.com\/fr\/wp-json\/wp\/v2\/pages\/53885\/revisions\/76341"}],"up":[{"embeddable":true,"href":"https:\/\/www.sisinternational.com\/fr\/wp-json\/wp\/v2\/pages\/11292"}],"wp:featuredmedia":[{"embeddable":true,"href":"https:\/\/www.sisinternational.com\/fr\/wp-json\/wp\/v2\/media\/62841"}],"wp:attachment":[{"href":"https:\/\/www.sisinternational.com\/fr\/wp-json\/wp\/v2\/media?parent=53885"}],"curies":[{"name":"wp","href":"https:\/\/api.w.org\/{rel}","templated":true}]}}