{"id":53794,"date":"2024-10-20T22:29:44","date_gmt":"2024-10-21T02:29:44","guid":{"rendered":"https:\/\/www.sisinternational.com\/?page_id=53794"},"modified":"2026-01-27T15:25:24","modified_gmt":"2026-01-27T20:25:24","slug":"quand-utiliser-la-recherche-qualitative","status":"publish","type":"page","link":"https:\/\/www.sisinternational.com\/fr\/solutions\/solutions-de-recherche-qualitative-et-quantitative\/quand-utiliser-la-recherche-qualitative\/","title":{"rendered":"Quand utiliser la recherche qualitative ?"},"content":{"rendered":"<h1 class=\"wp-block-heading\">Quand utiliser la recherche qualitative ?<\/h1>\n\n\n\n<figure class=\"gb-block-image gb-block-image-ff12d9d2\"><img loading=\"lazy\" decoding=\"async\" width=\"1456\" height=\"816\" class=\"gb-image gb-image-ff12d9d2\" src=\"https:\/\/www.sisinternational.com\/wp-content\/uploads\/2025\/08\/Interview-4.jpg\" alt=\"\u00c9tudes de march\u00e9 et strat\u00e9gie internationales SIS\" title=\"Interview (4)\" srcset=\"https:\/\/www.sisinternational.com\/wp-content\/uploads\/2025\/08\/Interview-4.jpg 1456w, https:\/\/www.sisinternational.com\/wp-content\/uploads\/2025\/08\/Interview-4-300x168.jpg 300w, https:\/\/www.sisinternational.com\/wp-content\/uploads\/2025\/08\/Interview-4-1024x574.jpg 1024w, https:\/\/www.sisinternational.com\/wp-content\/uploads\/2025\/08\/Interview-4-768x430.jpg 768w, https:\/\/www.sisinternational.com\/wp-content\/uploads\/2025\/08\/Interview-4-18x10.jpg 18w\" sizes=\"auto, (max-width: 1456px) 100vw, 1456px\"><\/figure>\n\n\n\n<p><\/p>\n\n\n\n<h3 class=\"wp-block-heading\">La recherche qualitative est id\u00e9ale pour acqu\u00e9rir une compr\u00e9hension approfondie des comportements, des motivations et des exp\u00e9riences des consommateurs.<\/h3>\n\n\n\n<p>Pourquoi choisir la recherche qualitative plut\u00f4t que d\u2019autres m\u00e9thodes de recherche ? Comprendre quand recourir \u00e0 la recherche qualitative peut aider les entreprises et les chercheurs \u00e0 d\u00e9couvrir des informations plus approfondies et plus nuanc\u00e9es.<\/p>\n\n\n\n<h2 class=\"wp-block-heading\"><strong>Explorer la valeur de la recherche qualitative<\/strong><\/h2>\n\n\n\n<p>La recherche qualitative est un outil puissant pour comprendre le comportement, les attitudes et les exp\u00e9riences des consommateurs. Contrairement \u00e0 la recherche quantitative, qui se concentre sur les donn\u00e9es num\u00e9riques et l&#039;analyse statistique, la recherche qualitative cherche \u00e0 d\u00e9couvrir les motivations et les perspectives des individus.<\/p>\n\n\n\n<p><strong>Quand utiliser la recherche qualitative<\/strong><\/p>\n\n\n\n<p>Il est essentiel de savoir quand recourir \u00e0 la recherche qualitative pour en maximiser les b\u00e9n\u00e9fices. Dans certains cas particuliers, la recherche qualitative constitue l\u2019approche la plus pr\u00e9cieuse, car elle permet aux chercheurs de recueillir des informations qui ne peuvent pas \u00eatre obtenues par les seules m\u00e9thodes quantitatives.<\/p>\n\n\n\n<p><\/p>\n\n\n\n<figure class=\"gb-block-image gb-block-image-6b25e067\"><img loading=\"lazy\" decoding=\"async\" width=\"972\" height=\"396\" class=\"gb-image gb-image-6b25e067\" src=\"https:\/\/www.sisinternational.com\/wp-content\/uploads\/2024\/10\/market-research.png\" alt=\"\u00c9tudes de march\u00e9 et strat\u00e9gie internationales SIS\" title=\"\u00e9tude de march\u00e9\" srcset=\"https:\/\/www.sisinternational.com\/wp-content\/uploads\/2024\/10\/market-research.png 972w, https:\/\/www.sisinternational.com\/wp-content\/uploads\/2024\/10\/market-research-300x122.png 300w, https:\/\/www.sisinternational.com\/wp-content\/uploads\/2024\/10\/market-research-768x313.png 768w, https:\/\/www.sisinternational.com\/wp-content\/uploads\/2024\/10\/market-research-18x7.png 18w\" sizes=\"auto, (max-width: 972px) 100vw, 972px\"><\/figure>\n\n\n\n<p><\/p>\n\n\n\n<ul class=\"wp-block-list\">\n<li><strong>Comprendre la motivation du consommateur<\/strong>:La recherche qualitative est id\u00e9ale pour comprendre pourquoi les consommateurs prennent certaines d\u00e9cisions. \u00c0 l&#039;aide d&#039;entretiens ou de groupes de discussion, les chercheurs peuvent obtenir une meilleure compr\u00e9hension des processus de pens\u00e9e, des \u00e9motions et des motivations des consommateurs derri\u00e8re leurs actions.<br><\/li>\n\n\n\n<li><strong>D\u00e9veloppement de nouveaux produits<\/strong>:Lors du d\u00e9veloppement de nouveaux produits ou services, les \u00e9tudes qualitatives permettent de recueillir les avis des consommateurs sur les premiers prototypes ou concepts. Cette approche permet aux entreprises de comprendre les besoins et les pr\u00e9f\u00e9rences des consommateurs avant de passer \u00e0 une production \u00e0 plus grande \u00e9chelle.<br><\/li>\n\n\n\n<li><strong>Explorer des sujets complexes<\/strong>:Lorsqu\u2019un sujet de recherche est complexe ou n\u00e9cessite une compr\u00e9hension nuanc\u00e9e, les m\u00e9thodes qualitatives telles que les entretiens approfondis ou les \u00e9tudes ethnographiques peuvent offrir une perspective plus compl\u00e8te qu\u2019une enqu\u00eate.<br><\/li>\n<\/ul>\n\n\n\n<h2 class=\"wp-block-heading\">Les avantages de la recherche qualitative par rapport aux m\u00e9thodes quantitatives<\/h2>\n\n\n\n<p>La recherche qualitative offre plusieurs avantages uniques par rapport aux m\u00e9thodes de recherche quantitative, ce qui en fait le choix privil\u00e9gi\u00e9 dans certaines situations.<\/p>\n\n\n\n<ul class=\"wp-block-list\">\n<li><strong>Profondeur de compr\u00e9hension<\/strong>:Contrairement aux enqu\u00eates quantitatives qui collectent des donn\u00e9es num\u00e9riques, la recherche qualitative fournit des informations riches et d\u00e9taill\u00e9es. Les chercheurs peuvent explorer les pens\u00e9es, les \u00e9motions et les exp\u00e9riences des participants au moyen d&#039;entretiens, de groupes de discussion et d&#039;\u00e9tudes de cas.<br><\/li>\n\n\n\n<li><strong>La flexibilit\u00e9<\/strong>:La recherche qualitative est plus flexible que les m\u00e9thodes quantitatives structur\u00e9es. Les chercheurs peuvent adapter les questions et les approches au cours de l&#039;\u00e9tude pour explorer de nouveaux domaines d&#039;int\u00e9r\u00eat au fur et \u00e0 mesure qu&#039;ils se pr\u00e9sentent.<br><\/li>\n\n\n\n<li><strong>Point de vue du consommateur<\/strong>:La recherche qualitative se concentre sur la compr\u00e9hension du point de vue du consommateur. Elle est donc particuli\u00e8rement utile pour comprendre des mod\u00e8les de comportement, des \u00e9motions ou des attitudes complexes.<br><\/li>\n<\/ul>\n\n\n\n<h2 class=\"wp-block-heading\"><strong>Quand ne pas utiliser la recherche qualitative<\/strong><\/h2>\n\n\n\n<p>Bien que la recherche qualitative pr\u00e9sente de nombreux avantages, elle n\u2019est peut-\u00eatre pas l\u2019approche la plus efficace.<\/p>\n\n\n\n<ul class=\"wp-block-list\">\n<li><strong>G\u00e9n\u00e9ralisations \u00e0 grande \u00e9chelle<\/strong>: Quantitative research is more suitable if the research aims to gather statistically valid data that can be generalized across a large population. <a href=\"https:\/\/www.sisinternational.com\/fr\/sampling-techniques-in-qualitative-research-the-complete-guide-to-choosing-the-right-method\/\" title=\"Sampling Techniques in Qualitative Research: The Complete Guide to Choosing the Right Method\"  data-wpil-monitor-id=\"1472\">Qualitative research typically involves smaller sample<\/a> sizes, which limits the ability to make broad generalizations.<br><\/li>\n\n\n\n<li><strong>Mesurer les m\u00e9triques num\u00e9riques<\/strong>:Lorsque des donn\u00e9es num\u00e9riques telles que la part de march\u00e9, les chiffres de vente ou les \u00e9valuations des clients sont n\u00e9cessaires, les m\u00e9thodes quantitatives sont mieux adapt\u00e9es pour fournir des r\u00e9sultats mesurables et statistiquement valides.<br><\/li>\n\n\n\n<li><strong>Contraintes de temps et de co\u00fbt<\/strong>:Les recherches qualitatives, telles que les entretiens approfondis ou les \u00e9tudes ethnographiques, peuvent \u00eatre longues et co\u00fbteuses. Les enqu\u00eates quantitatives peuvent \u00eatre plus appropri\u00e9es lorsqu&#039;une collecte de donn\u00e9es rapide et rentable est n\u00e9cessaire.<br><\/li>\n<\/ul>\n\n\n\n<h2 class=\"wp-block-heading\"><strong>Combiner recherche qualitative et quantitative<\/strong><\/h2>\n\n\n\n<figure class=\"gb-block-image gb-block-image-547e9e6d\"><img loading=\"lazy\" decoding=\"async\" width=\"1456\" height=\"816\" class=\"gb-image gb-image-547e9e6d\" src=\"https:\/\/www.sisinternational.com\/wp-content\/uploads\/2025\/09\/Quantitative-reseasrch-in-London-Qualitative-research-in-London-11.jpg\" alt=\"\u00c9tudes de march\u00e9 et strat\u00e9gie internationales SIS\" title=\"Quantitative reseasrch in London Qualitative research in London (11)\" srcset=\"https:\/\/www.sisinternational.com\/wp-content\/uploads\/2025\/09\/Quantitative-reseasrch-in-London-Qualitative-research-in-London-11.jpg 1456w, https:\/\/www.sisinternational.com\/wp-content\/uploads\/2025\/09\/Quantitative-reseasrch-in-London-Qualitative-research-in-London-11-300x168.jpg 300w, https:\/\/www.sisinternational.com\/wp-content\/uploads\/2025\/09\/Quantitative-reseasrch-in-London-Qualitative-research-in-London-11-1024x574.jpg 1024w, https:\/\/www.sisinternational.com\/wp-content\/uploads\/2025\/09\/Quantitative-reseasrch-in-London-Qualitative-research-in-London-11-768x430.jpg 768w, https:\/\/www.sisinternational.com\/wp-content\/uploads\/2025\/09\/Quantitative-reseasrch-in-London-Qualitative-research-in-London-11-18x10.jpg 18w\" sizes=\"auto, (max-width: 1456px) 100vw, 1456px\"><\/figure>\n\n\n\n<p><\/p>\n\n\n\n<p>Combining qualitative and quantitative methods can offer comprehensive insights for many research projects. Both approaches allow <a href=\"https:\/\/www.sisinternational.com\/fr\/recherche-qualitative-en-chine\/\" title=\"Recherche qualitative en Chine\"  data-wpil-monitor-id=\"7354\">researchers to validate qualitative<\/a> insights with quantitative data, providing a holistic view of the research problem.<\/p>\n\n\n\n<ul class=\"wp-block-list\">\n<li><strong>Des \u00e9clairages compl\u00e9mentaires<\/strong>:Les recherches qualitatives peuvent fournir des informations d\u00e9taill\u00e9es sur les attitudes des consommateurs, qui peuvent ensuite \u00eatre valid\u00e9es par des enqu\u00eates quantitatives. Cette approche permet de saisir \u00e0 la fois la profondeur et l&#039;\u00e9tendue des perspectives des consommateurs.<br><\/li>\n\n\n\n<li><strong>M\u00e9thodologie s\u00e9quentielle<\/strong>:Les chercheurs commencent souvent par une recherche qualitative pour explorer un sujet en profondeur, suivie d&#039;une recherche quantitative pour tester et valider les r\u00e9sultats sur un \u00e9chantillon plus large. Cette approche s\u00e9quentielle maximise les points forts des deux m\u00e9thodologies.<br><\/li>\n<\/ul>\n\n\n\n<h2 class=\"wp-block-heading\"><strong>Les d\u00e9fis de la conduite d&#039;une recherche qualitative<\/strong><\/h2>\n\n\n\n<p>La recherche qualitative est un outil pr\u00e9cieux, mais elle comporte des d\u00e9fis particuliers que les chercheurs doivent \u00eatre pr\u00eats \u00e0 relever.<\/p>\n\n\n\n<ul class=\"wp-block-list\">\n<li><strong>Subjectivit\u00e9<\/strong>:La recherche qualitative repose largement sur les interpr\u00e9tations du chercheur, ce qui peut introduire des biais. Garantir l&#039;objectivit\u00e9 et minimiser les biais n\u00e9cessite une planification minutieuse et un cadre de recherche clair.<br><\/li>\n\n\n\n<li><strong>Taille r\u00e9duite de l&#039;\u00e9chantillon<\/strong>:Les recherches qualitatives impliquent g\u00e9n\u00e9ralement moins de participants, ce qui peut limiter la g\u00e9n\u00e9ralisabilit\u00e9 des r\u00e9sultats. Les chercheurs doivent clairement d\u00e9finir l&#039;objectif de l&#039;\u00e9tude et reconna\u00eetre les limites en termes de taille d&#039;\u00e9chantillon.<br><\/li>\n\n\n\n<li><strong>La nature qui prend du temps<\/strong>:La conduite d&#039;entretiens, la transcription de donn\u00e9es et l&#039;analyse d&#039;informations qualitatives peuvent \u00eatre longues. Les chercheurs doivent planifier en cons\u00e9quence pour disposer de suffisamment de temps pour recueillir et analyser efficacement les donn\u00e9es.<\/li>\n<\/ul>\n\n\n\n<p><\/p>\n\n\n\n<h3 class=\"wp-block-heading\"><strong>Recherche qualitative pour le d\u00e9veloppement de produits et l&#039;innovation<\/strong><\/h3>\n\n\n\n<p>La recherche qualitative est essentielle dans le d\u00e9veloppement de produits, notamment lors des phases d&#039;id\u00e9ation et de test de concept. En s&#039;engageant aupr\u00e8s des consommateurs d\u00e8s le d\u00e9but du d\u00e9veloppement, les entreprises peuvent cr\u00e9er des produits qui r\u00e9pondent aux besoins et pr\u00e9f\u00e9rences r\u00e9els des consommateurs.<\/p>\n\n\n\n<ul class=\"wp-block-list\">\n<li><strong>Commentaires des consommateurs sur les prototypes<\/strong>:La recherche qualitative permet de recueillir des commentaires sur les prototypes de produits, ce qui permet aux entreprises d\u2019apporter des am\u00e9liorations it\u00e9ratives avant d\u2019investir dans une production \u00e0 grande \u00e9chelle.<br><\/li>\n\n\n\n<li><strong>Explorer les besoins non satisfaits<\/strong>:Gr\u00e2ce \u00e0 des entretiens et des groupes de discussion, les chercheurs peuvent explorer les points sensibles des consommateurs et identifier les besoins non satisfaits, ce qui peut inspirer de nouvelles innovations de produits.<br><\/li>\n\n\n\n<li><strong>Co-cr\u00e9ation cr\u00e9ative<\/strong>:La recherche qualitative peut impliquer les consommateurs dans la co-cr\u00e9ation de produits, permettant une approche collaborative qui int\u00e8gre les perspectives des consommateurs directement dans la conception du produit.<br><\/li>\n<\/ul>\n\n\n\n<h3 class=\"wp-block-heading\"><strong>Utiliser la recherche qualitative pour comprendre le contexte culturel<\/strong><\/h3>\n\n\n\n<figure class=\"gb-block-image gb-block-image-580fe254\"><img loading=\"lazy\" decoding=\"async\" width=\"1456\" height=\"816\" class=\"gb-image gb-image-580fe254\" src=\"https:\/\/www.sisinternational.com\/wp-content\/uploads\/2025\/09\/Quantitative-research-15.jpg\" alt=\"\u00c9tudes de march\u00e9 et strat\u00e9gie internationales SIS\" title=\"Quantitative research (15)\" srcset=\"https:\/\/www.sisinternational.com\/wp-content\/uploads\/2025\/09\/Quantitative-research-15.jpg 1456w, https:\/\/www.sisinternational.com\/wp-content\/uploads\/2025\/09\/Quantitative-research-15-300x168.jpg 300w, https:\/\/www.sisinternational.com\/wp-content\/uploads\/2025\/09\/Quantitative-research-15-1024x574.jpg 1024w, https:\/\/www.sisinternational.com\/wp-content\/uploads\/2025\/09\/Quantitative-research-15-768x430.jpg 768w, https:\/\/www.sisinternational.com\/wp-content\/uploads\/2025\/09\/Quantitative-research-15-18x10.jpg 18w\" sizes=\"auto, (max-width: 1456px) 100vw, 1456px\"><\/figure>\n\n\n\n<p><\/p>\n\n\n\n<p>Understanding the cultural context in which a product or service is used is critical for effective marketing and product development. Qualitative <a href=\"https:\/\/www.sisinternational.com\/fr\/solutions\/solutions-de-recherche-qualitative-et-quantitative\/ethnographie\/\" title=\"\u00c9tude de march\u00e9 sur l\u2019ethnographie\"  data-wpil-monitor-id=\"6469\">research methods such as ethnography<\/a> provide insights into the cultural factors influencing consumer behavior.<\/p>\n\n\n\n<ul class=\"wp-block-list\">\n<li><strong>\u00c9tudes ethnographiques<\/strong>:En observant les consommateurs dans leur environnement naturel, les chercheurs peuvent comprendre les normes culturelles, les valeurs et les comportements qui fa\u00e7onnent les d\u00e9cisions des consommateurs.<br><\/li>\n\n\n\n<li><strong>Adaptation culturelle des produits<\/strong>:La recherche qualitative permet d\u2019identifier les diff\u00e9rences culturelles susceptibles d\u2019avoir un impact sur l\u2019adoption des produits, permettant aux entreprises d\u2019adapter leurs offres \u00e0 diff\u00e9rents march\u00e9s.<br><\/li>\n\n\n\n<li><strong>Localisation de campagne marketing<\/strong>:Il est essentiel de comprendre les nuances culturelles pour \u00e9laborer des campagnes qui trouvent un \u00e9cho aupr\u00e8s de publics cibles sp\u00e9cifiques. Les recherches qualitatives fournissent les informations n\u00e9cessaires pour cr\u00e9er des messages culturellement pertinents.<br><\/li>\n<\/ul>\n\n\n\n<h2 class=\"wp-block-heading\"><strong>Qu&#039;est-ce qui fait de SIS International Research le meilleur cabinet d&#039;\u00e9tudes de march\u00e9 pour la recherche qualitative ?<\/strong><\/h2>\n\n\n\n<p><a href=\"https:\/\/www.linkedin.com\/company\/sisinternationalresearch\/\" target=\"_blank\" rel=\"noopener\">SIS International<\/a> Research est un leader dans la fourniture d&#039;informations sur le march\u00e9 par le biais d&#039;\u00e9tudes qualitatives. Nos capacit\u00e9s de recherche compl\u00e8tes, notre expertise sectorielle et notre approche avant-gardiste garantissent \u00e0 nos clients les connaissances dont ils ont besoin pour r\u00e9ussir sur le march\u00e9 concurrentiel d&#039;aujourd&#039;hui. Voici comment nous vous aidons :<\/p>\n\n\n\n<ul class=\"wp-block-list\">\n<li><strong>Connaissance approfondie des m\u00e9thodes de recherche qualitative<\/strong>: <br><a href=\"https:\/\/twitter.com\/SISIntlResearch\" target=\"_blank\" rel=\"noopener\">SIS<\/a> poss\u00e8de une vaste expertise dans la conduite de recherches qualitatives, notamment des groupes de discussion, des entretiens approfondis et des \u00e9tudes ethnographiques.<br><\/li>\n\n\n\n<li><strong>Solutions de recherche personnalis\u00e9es<\/strong>: <br>Nous adaptons nos solutions de recherche aux besoins sp\u00e9cifiques de nos clients. Qu&#039;il s&#039;agisse de comprendre les motivations des consommateurs, d&#039;explorer de nouveaux concepts de produits ou d&#039;analyser la perception de la marque, nos recherches personnalis\u00e9es aident nos clients \u00e0 garder une longueur d&#039;avance sur la concurrence.<br><\/li>\n\n\n\n<li><strong>Analyse compl\u00e8te<\/strong>: <br>Chez SIS International Research, nous fournissons une analyse holistique du comportement des consommateurs en tirant parti de notre vaste r\u00e9seau et de nos relations industrielles. <br><\/li>\n\n\n\n<li><strong>Partenariat avec les leaders de l\u2019industrie<\/strong>: <br>Nous collaborons \u00e9troitement avec des entreprises leaders dans diff\u00e9rents secteurs afin de fournir \u00e0 nos clients des informations de premi\u00e8re main sur les derni\u00e8res \u00e9volutions des pr\u00e9f\u00e9rences des consommateurs. Ces partenariats garantissent \u00e0 nos clients de recevoir les informations les plus r\u00e9centes et les plus pertinentes.<br><\/li>\n\n\n\n<li><strong>Des informations bas\u00e9es sur les donn\u00e9es pour une prise de d\u00e9cision \u00e9clair\u00e9e<\/strong>: <br>Nous utilisons des outils d\u2019analyse de donn\u00e9es de pointe pour fournir \u00e0 nos clients des informations exploitables, leur permettant de prendre des d\u00e9cisions \u00e9clair\u00e9es sur le d\u00e9veloppement de produits, le marketing et les investissements strat\u00e9giques.<br><\/li>\n\n\n\n<li><strong>Engagement envers la qualit\u00e9 et l&#039;innovation<\/strong>: <br>Notre engagement en mati\u00e8re de qualit\u00e9 et d\u2019innovation nous distingue. Nous nous effor\u00e7ons d\u2019aider nos clients \u00e0 d\u00e9velopper des produits et des strat\u00e9gies qui trouvent un \u00e9cho aupr\u00e8s des consommateurs, r\u00e9pondent \u00e0 leurs principales pr\u00e9occupations et renforcent la confiance dans leurs offres.<br><\/li>\n\n\n\n<li><strong>Pr\u00e9visions des tendances et planification strat\u00e9gique<\/strong>: <br>Notre expertise en pr\u00e9vision des tendances aide les clients \u00e0 anticiper les changements dans les pr\u00e9f\u00e9rences des consommateurs, leur garantissant ainsi d\u2019\u00eatre bien pr\u00e9par\u00e9s pour l\u2019avenir.<br><\/li>\n\n\n\n<li><strong>Exp\u00e9rience prouv\u00e9e<\/strong>: <br>SIS International Research has a track record of success, having helped shape the strategies of leading companies. Our research has been instrumental in driving successful product launches and informing strategic decisions, making us the go-to partner for market insights on when to use <a href=\"https:\/\/www.sisinternational.com\/fr\/couverture\/les-ameriques\/couverture-des-etats-unis\/etude-de-marche-dans-le-delaware\/\" title=\"\u00c9tude de march\u00e9 dans le Delaware\" data-wpil-monitor-id=\"5615\">qualitative<\/a> research.<br><\/li>\n<\/ul>\n\n\n\n<h2 class=\"wp-block-heading\">\u00c0 propos de SIS International<\/h2>\n\n\n\n<p><a href=\"https:\/\/www.sisinternational.com\/fr\/\">SIS International<\/a> propose des recherches quantitatives, qualitatives et strat\u00e9giques. Nous fournissons des donn\u00e9es, des outils, des strat\u00e9gies, des rapports et des informations pour la prise de d\u00e9cision. Nous menons \u00e9galement des entretiens, des enqu\u00eates, des groupes de discussion et d\u2019autres m\u00e9thodes et approches d\u2019\u00e9tudes de march\u00e9.<a href=\"https:\/\/www.sisinternational.com\/fr\/a-propos-de-la-recherche-internationale-sis\/contact-sis-international-market-research\/\"> Contactez nous<\/a> pour votre prochain projet d&#039;\u00e9tude de march\u00e9.<\/p>","protected":false},"excerpt":{"rendered":"<p>When to Use Qualitative Research? Qualitative research is ideal for gaining an in-depth understanding of consumer behaviors, motivations, and experiences. Why choose qualitative research over other research methods? Understanding when to use qualitative research can help businesses and researchers uncover more profound, more nuanced insights. Exploring the Value of Qualitative Research Qualitative research is a &#8230; <a title=\"Quand utiliser la recherche qualitative ?\" class=\"read-more\" href=\"https:\/\/www.sisinternational.com\/fr\/solutions\/solutions-de-recherche-qualitative-et-quantitative\/quand-utiliser-la-recherche-qualitative\/\" aria-label=\"En savoir plus sur When to Use Qualitative Research?\">Lire plus<\/a><\/p>","protected":false},"author":1,"featured_media":62678,"parent":14660,"menu_order":57,"comment_status":"closed","ping_status":"closed","template":"","meta":{"footnotes":""},"class_list":["post-53794","page","type-page","status-publish","has-post-thumbnail"],"_links":{"self":[{"href":"https:\/\/www.sisinternational.com\/fr\/wp-json\/wp\/v2\/pages\/53794","targetHints":{"allow":["GET"]}}],"collection":[{"href":"https:\/\/www.sisinternational.com\/fr\/wp-json\/wp\/v2\/pages"}],"about":[{"href":"https:\/\/www.sisinternational.com\/fr\/wp-json\/wp\/v2\/types\/page"}],"author":[{"embeddable":true,"href":"https:\/\/www.sisinternational.com\/fr\/wp-json\/wp\/v2\/users\/1"}],"replies":[{"embeddable":true,"href":"https:\/\/www.sisinternational.com\/fr\/wp-json\/wp\/v2\/comments?post=53794"}],"version-history":[{"count":10,"href":"https:\/\/www.sisinternational.com\/fr\/wp-json\/wp\/v2\/pages\/53794\/revisions"}],"predecessor-version":[{"id":80998,"href":"https:\/\/www.sisinternational.com\/fr\/wp-json\/wp\/v2\/pages\/53794\/revisions\/80998"}],"up":[{"embeddable":true,"href":"https:\/\/www.sisinternational.com\/fr\/wp-json\/wp\/v2\/pages\/14660"}],"wp:featuredmedia":[{"embeddable":true,"href":"https:\/\/www.sisinternational.com\/fr\/wp-json\/wp\/v2\/media\/62678"}],"wp:attachment":[{"href":"https:\/\/www.sisinternational.com\/fr\/wp-json\/wp\/v2\/media?parent=53794"}],"curies":[{"name":"wp","href":"https:\/\/api.w.org\/{rel}","templated":true}]}}