{"id":53791,"date":"2024-10-21T23:32:05","date_gmt":"2024-10-22T03:32:05","guid":{"rendered":"https:\/\/www.sisinternational.com\/?page_id=53791"},"modified":"2026-01-24T18:21:41","modified_gmt":"2026-01-24T23:21:41","slug":"cliniques-automobiles-statiques-et-dynamiques","status":"publish","type":"page","link":"https:\/\/www.sisinternational.com\/fr\/competence\/etude-de-marche-automobile\/cliniques-automobiles-statiques-et-dynamiques\/","title":{"rendered":"M\u00e9thodes d\u2019\u00e9tude de march\u00e9 pour la recherche automobile \u2013 Cliniques automobiles statiques et dynamiques"},"content":{"rendered":"<h1 class=\"gb-headline gb-headline-da86504d gb-headline-text\">M\u00e9thodes d\u2019\u00e9tude de march\u00e9 pour la recherche automobile \u2013 Cliniques automobiles statiques et dynamiques<\/h1>\n\n\n\n<figure class=\"gb-block-image gb-block-image-685c36c5\"><img loading=\"lazy\" decoding=\"async\" width=\"1456\" height=\"816\" class=\"gb-image gb-image-685c36c5\" src=\"https:\/\/www.sisinternational.com\/wp-content\/uploads\/2025\/08\/Automotive-2.jpg\" alt=\"\u00c9tudes de march\u00e9 et strat\u00e9gie internationales SIS\" title=\"Automotive (2)\" srcset=\"https:\/\/www.sisinternational.com\/wp-content\/uploads\/2025\/08\/Automotive-2.jpg 1456w, https:\/\/www.sisinternational.com\/wp-content\/uploads\/2025\/08\/Automotive-2-300x168.jpg 300w, https:\/\/www.sisinternational.com\/wp-content\/uploads\/2025\/08\/Automotive-2-1024x574.jpg 1024w, https:\/\/www.sisinternational.com\/wp-content\/uploads\/2025\/08\/Automotive-2-768x430.jpg 768w, https:\/\/www.sisinternational.com\/wp-content\/uploads\/2025\/08\/Automotive-2-18x10.jpg 18w\" sizes=\"auto, (max-width: 1456px) 100vw, 1456px\"><\/figure>\n\n\n\n<p><\/p>\n\n\n\n<hr class=\"wp-block-separator has-alpha-channel-opacity is-style-dots\"\/>\n\n\n\n<p>Les \u00e9tudes de march\u00e9 statiques et dynamiques sont des \u00e9l\u00e9ments essentiels des \u00e9tudes de march\u00e9 dans le secteur automobile. Les \u00e9tudes de march\u00e9 statiques utilisent des groupes de discussion pour \u00e9valuer les v\u00e9hicules, tandis que les \u00e9tudes de march\u00e9 dynamiques impliquent des essais de conduite aupr\u00e8s des consommateurs. Comprendre les avantages et les diff\u00e9rences entre ces approches peut aider les fabricants \u00e0 prendre des d\u00e9cisions \u00e9clair\u00e9es sur la conception et le d\u00e9veloppement des v\u00e9hicules.<\/p>\n\n\n\n<p>How can automotive manufacturers best understand consumer preferences? One key tool in automotive <a href=\"https:\/\/www.sisinternational.com\/fr\/connecte_car_market_research\/\" title=\"\u00c9tude de march\u00e9 sur les voitures connect\u00e9es\"  data-wpil-monitor-id=\"2050\">research is car<\/a> clinics, but how do static and dynamic car clinics differ in providing these insights?<\/p>\n\n\n\n<h2 class=\"wp-block-heading\"><strong>Cliniques de r\u00e9paration de voitures statiques : un aper\u00e7u<\/strong><\/h2>\n\n\n\n<p>Les cliniques automobiles statiques sont populaires pour recueillir les commentaires des consommateurs sur les nouveaux mod\u00e8les de v\u00e9hicules. Dans une clinique statique, les consommateurs peuvent examiner les voitures de pr\u00e8s, inspecter leurs caract\u00e9ristiques et participer \u00e0 des discussions de groupe. Elles se d\u00e9roulent g\u00e9n\u00e9ralement dans un environnement contr\u00f4l\u00e9, o\u00f9 les participants peuvent donner leur avis sur diff\u00e9rents aspects du v\u00e9hicule, tels que le style ext\u00e9rieur, les caract\u00e9ristiques int\u00e9rieures et la conception g\u00e9n\u00e9rale.<\/p>\n\n\n\n<figure class=\"gb-block-image gb-block-image-99d7f402\"><img loading=\"lazy\" decoding=\"async\" width=\"757\" height=\"564\" class=\"gb-image gb-image-99d7f402\" src=\"https:\/\/www.sisinternational.com\/wp-content\/uploads\/2024\/10\/Car-clinics-4.png\" alt=\"\u00c9tudes de march\u00e9 et strat\u00e9gie internationales SIS\" title=\"Cliniques automobiles 4\" srcset=\"https:\/\/www.sisinternational.com\/wp-content\/uploads\/2024\/10\/Car-clinics-4.png 757w, https:\/\/www.sisinternational.com\/wp-content\/uploads\/2024\/10\/Car-clinics-4-300x224.png 300w, https:\/\/www.sisinternational.com\/wp-content\/uploads\/2024\/10\/Car-clinics-4-16x12.png 16w\" sizes=\"auto, (max-width: 757px) 100vw, 757px\"><\/figure>\n\n\n\n<ul class=\"wp-block-list\">\n<li><strong>Commentaires d\u00e9taill\u00e9s sur la conception<\/strong>:Les cliniques automobiles statiques permettent aux participants d&#039;inspecter minutieusement les \u00e9l\u00e9ments de conception de la voiture, en fournissant des commentaires d\u00e9taill\u00e9s sur l&#039;esth\u00e9tique ext\u00e9rieure, les mat\u00e9riaux int\u00e9rieurs et l&#039;ergonomie g\u00e9n\u00e9rale.<br><\/li>\n\n\n\n<li><strong>Discussions de groupe<\/strong>:Les groupes de discussion lors des cliniques statiques permettent des discussions approfondies entre les participants, permettant aux chercheurs de mieux comprendre les pr\u00e9f\u00e9rences, les opinions et les attentes des consommateurs.<br><\/li>\n\n\n\n<li><strong>Environnement contr\u00f4l\u00e9<\/strong>:Les cliniques automobiles statiques sont men\u00e9es dans un environnement contr\u00f4l\u00e9, \u00e9liminant les variables telles que les conditions de conduite et permettant aux participants de se concentrer uniquement sur l&#039;apparence et les caract\u00e9ristiques du v\u00e9hicule.<br><\/li>\n<\/ul>\n\n\n\n<h2 class=\"wp-block-heading\"><strong>Les avantages des cliniques automobiles dynamiques<\/strong><\/h2>\n\n\n\n<p>Les cliniques automobiles dynamiques permettent de faire avancer la recherche en permettant aux participants d&#039;essayer les v\u00e9hicules. Contrairement aux cliniques automobiles statiques, o\u00f9 les consommateurs \u00e9valuent une voiture \u00e0 l&#039;arr\u00eat, les cliniques dynamiques offrent une exp\u00e9rience plus immersive, permettant aux participants de ressentir les performances, la maniabilit\u00e9 et le confort de la voiture sur la route. Cela offre plusieurs avantages distincts par rapport aux cliniques statiques.<\/p>\n\n\n\n<ul class=\"wp-block-list\">\n<li><strong>Exp\u00e9rience de conduite r\u00e9elle<\/strong>:Le principal avantage des cours de conduite dynamique est que les participants peuvent conduire les v\u00e9hicules. Cette exp\u00e9rience fournit des informations pr\u00e9cieuses sur la qualit\u00e9 de conduite, l&#039;acc\u00e9l\u00e9ration, le freinage et la tenue de route.<br><\/li>\n\n\n\n<li><strong>\u00c9valuation holistique<\/strong>:Les cliniques dynamiques permettent aux consommateurs d&#039;\u00e9valuer la conception et les performances de conduite de la voiture, offrant ainsi une compr\u00e9hension plus compl\u00e8te du v\u00e9hicule.<br><\/li>\n\n\n\n<li><strong>Connexion Consommateur<\/strong>:En conduisant les voitures, les participants d\u00e9veloppent une connexion plus profonde avec le v\u00e9hicule, ce qui se traduit par des commentaires plus nuanc\u00e9s et plus significatifs. Les ateliers automobiles dynamiques sont particuli\u00e8rement efficaces pour \u00e9valuer les r\u00e9actions des consommateurs \u00e0 la r\u00e9ponse de la direction, aux niveaux de bruit et au confort de conduite g\u00e9n\u00e9ral.<br><\/li>\n<\/ul>\n\n\n\n<h2 class=\"wp-block-heading\"><strong>Ateliers automobiles statiques et dynamiques : principales diff\u00e9rences<\/strong><\/h2>\n\n\n\n<figure class=\"gb-block-image gb-block-image-7a1e3821\"><img loading=\"lazy\" decoding=\"async\" width=\"1456\" height=\"816\" class=\"gb-image gb-image-7a1e3821\" src=\"https:\/\/www.sisinternational.com\/wp-content\/uploads\/2025\/08\/Automotive-2.jpg\" alt=\"\u00c9tudes de march\u00e9 et strat\u00e9gie internationales SIS\" title=\"Automotive (2)\" srcset=\"https:\/\/www.sisinternational.com\/wp-content\/uploads\/2025\/08\/Automotive-2.jpg 1456w, https:\/\/www.sisinternational.com\/wp-content\/uploads\/2025\/08\/Automotive-2-300x168.jpg 300w, https:\/\/www.sisinternational.com\/wp-content\/uploads\/2025\/08\/Automotive-2-1024x574.jpg 1024w, https:\/\/www.sisinternational.com\/wp-content\/uploads\/2025\/08\/Automotive-2-768x430.jpg 768w, https:\/\/www.sisinternational.com\/wp-content\/uploads\/2025\/08\/Automotive-2-18x10.jpg 18w\" sizes=\"auto, (max-width: 1456px) 100vw, 1456px\"><\/figure>\n\n\n\n<p><\/p>\n\n\n\n<p>Lorsque l&#039;on compare les cliniques automobiles statiques et dynamiques, il est essentiel de comprendre les avantages uniques offerts par chaque approche.<\/p>\n\n\n\n<ul class=\"wp-block-list\">\n<li><strong>Objectif de l&#039;\u00e9valuation<\/strong>:Les cours de conduite statiques se concentrent sur les \u00e9l\u00e9ments de conception, permettant aux participants d&#039;\u00e9valuer l&#039;apparence, la sensation et les caract\u00e9ristiques de la voiture dans un environnement contr\u00f4l\u00e9. En revanche, les cours dynamiques se concentrent sur l&#039;exp\u00e9rience de conduite, permettant aux participants d&#039;\u00e9valuer les performances et la maniabilit\u00e9 de la voiture.<br><\/li>\n\n\n\n<li><strong>Interaction avec le consommateur<\/strong>:Dans les cliniques automobiles statiques, l&#039;interaction avec le consommateur est principalement visuelle et tactile, les participants inspectant la voiture sans conduire. Les cliniques dynamiques offrent une exp\u00e9rience de conduite pratique, qui donne souvent lieu \u00e0 des commentaires plus d\u00e9taill\u00e9s sur le confort de conduite, la r\u00e9activit\u00e9 du moteur et la maniabilit\u00e9.<br><\/li>\n\n\n\n<li><strong>R\u00e9sultats de la recherche<\/strong>:Les cliniques statiques permettent de recueillir des informations d\u00e9taill\u00e9es sur les pr\u00e9f\u00e9rences des consommateurs en mati\u00e8re d&#039;esth\u00e9tique et de fonctionnalit\u00e9s. En revanche, les cliniques dynamiques permettent de mieux comprendre les performances du v\u00e9hicule sur la route.<br><\/li>\n<\/ul>\n\n\n\n<h2 class=\"wp-block-heading\"><strong>Combiner des cliniques statiques et dynamiques pour des informations compl\u00e8tes<\/strong><\/h2>\n\n\n\n<p>Les \u00e9tudes statiques et dynamiques ont chacune leurs points forts, et la combinaison de ces approches peut offrir un aper\u00e7u complet des pr\u00e9f\u00e9rences des consommateurs. Les constructeurs automobiles peuvent comprendre pleinement comment les consommateurs per\u00e7oivent la conception, les caract\u00e9ristiques et les performances du v\u00e9hicule en effectuant des \u00e9valuations statiques et dynamiques.<\/p>\n\n\n\n<ul class=\"wp-block-list\">\n<li><strong>Des \u00e9clairages compl\u00e9mentaires<\/strong>:Les cliniques statiques fournissent des informations d\u00e9taill\u00e9es sur les \u00e9l\u00e9ments de conception, tandis que les cliniques dynamiques se concentrent sur l&#039;exp\u00e9rience de conduite. Ensemble, ces informations aident les fabricants \u00e0 prendre des d\u00e9cisions \u00e9clair\u00e9es en mati\u00e8re de conception et d&#039;ing\u00e9nierie des v\u00e9hicules.<br><\/li>\n\n\n\n<li><strong>Am\u00e9liorations cibl\u00e9es<\/strong>:La combinaison des retours d\u2019exp\u00e9rience des deux types de cliniques permet aux fabricants de cibler des domaines sp\u00e9cifiques d\u2019am\u00e9lioration, garantissant que le produit final r\u00e9pond aux attentes des consommateurs en termes d\u2019esth\u00e9tique et de performance.<br><\/li>\n<\/ul>\n\n\n\n<h2 class=\"wp-block-heading\"><strong>Le r\u00f4le de la r\u00e9alit\u00e9 virtuelle dans les cliniques automobiles<\/strong><\/h2>\n\n\n\n<p>La r\u00e9alit\u00e9 virtuelle (RV) est de plus en plus utilis\u00e9e pour compl\u00e9ter les cliniques automobiles traditionnelles, offrant un moyen rentable de recueillir les commentaires des consommateurs sans les d\u00e9fis logistiques associ\u00e9s aux v\u00e9hicules physiques.<\/p>\n\n\n\n<ul class=\"wp-block-list\">\n<li><strong>\u00c9valuation immersive<\/strong>:La technologie VR permet aux participants de d\u00e9couvrir une repr\u00e9sentation virtuelle d\u2019une voiture, offrant un moyen immersif d\u2019\u00e9valuer les \u00e9l\u00e9ments de conception sans avoir besoin d\u2019un prototype physique.<br><\/li>\n\n\n\n<li><strong>R\u00e9duction des co\u00fbts<\/strong>:En utilisant la r\u00e9alit\u00e9 virtuelle, les fabricants peuvent r\u00e9duire les co\u00fbts de transport et d\u2019installation des v\u00e9hicules physiques, rendant ainsi le processus de recherche plus efficace.<br><\/li>\n\n\n\n<li><strong>Retour d&#039;information \u00e0 un stade pr\u00e9coce<\/strong>:Les cliniques de r\u00e9alit\u00e9 virtuelle pour v\u00e9hicules sont particuli\u00e8rement utiles lors des premi\u00e8res \u00e9tapes de la conception des v\u00e9hicules, car elles permettent aux fabricants de recueillir les commentaires des consommateurs avant de construire des mod\u00e8les physiques.<br><\/li>\n<\/ul>\n\n\n\n<h2 class=\"wp-block-heading\"><strong>Tirer parti des \u00e9motions des consommateurs dans les cliniques automobiles<\/strong><\/h2>\n\n\n\n<figure class=\"gb-block-image gb-block-image-debfaa72\"><img loading=\"lazy\" decoding=\"async\" width=\"1456\" height=\"816\" class=\"gb-image gb-image-debfaa72\" src=\"https:\/\/www.sisinternational.com\/wp-content\/uploads\/2025\/09\/Car-show-car-clinic-14.jpg\" alt=\"\u00c9tudes de march\u00e9 et strat\u00e9gie internationales SIS\" title=\"Car show car clinic (14)\" srcset=\"https:\/\/www.sisinternational.com\/wp-content\/uploads\/2025\/09\/Car-show-car-clinic-14.jpg 1456w, https:\/\/www.sisinternational.com\/wp-content\/uploads\/2025\/09\/Car-show-car-clinic-14-300x168.jpg 300w, https:\/\/www.sisinternational.com\/wp-content\/uploads\/2025\/09\/Car-show-car-clinic-14-1024x574.jpg 1024w, https:\/\/www.sisinternational.com\/wp-content\/uploads\/2025\/09\/Car-show-car-clinic-14-768x430.jpg 768w, https:\/\/www.sisinternational.com\/wp-content\/uploads\/2025\/09\/Car-show-car-clinic-14-18x10.jpg 18w\" sizes=\"auto, (max-width: 1456px) 100vw, 1456px\"><\/figure>\n\n\n\n<p><\/p>\n\n\n\n<p>La compr\u00e9hension des \u00e9motions des consommateurs est un aspect essentiel de la recherche automobile. Les r\u00e9actions \u00e9motionnelles face \u00e0 un v\u00e9hicule peuvent avoir un impact consid\u00e9rable sur les d\u00e9cisions d\u2019achat, et les ateliers automobiles constituent une excellente occasion de recueillir des informations sur ces r\u00e9actions.<\/p>\n\n\n\n<ul class=\"wp-block-list\">\n<li><strong>Lien \u00e9motionnel avec le design<\/strong>:Les cliniques automobiles statiques permettent aux consommateurs de se connecter \u00e9motionnellement \u00e0 l&#039;esth\u00e9tique d&#039;une voiture, avec des \u00e9l\u00e9ments tels que le style ext\u00e9rieur et les caract\u00e9ristiques int\u00e9rieures qui fa\u00e7onnent consid\u00e9rablement le sentiment des consommateurs.<br><\/li>\n\n\n\n<li><strong>Exp\u00e9rience de conduite et retour \u00e9motionnel<\/strong>:Les cliniques automobiles dynamiques permettent de mieux comprendre les \u00e9motions ressenties par les consommateurs lorsqu&#039;ils conduisent une voiture, comme l&#039;excitation, le confort ou le malaise. Ces informations sont pr\u00e9cieuses pour les constructeurs qui cr\u00e9ent des v\u00e9hicules qui suscitent des r\u00e9actions \u00e9motionnelles positives.<br><\/li>\n\n\n\n<li><strong>Techniques de mesure avanc\u00e9es<\/strong>:En int\u00e9grant la reconnaissance faciale et les capteurs biom\u00e9triques, les chercheurs automobiles peuvent quantifier les r\u00e9ponses \u00e9motionnelles lors des essais automobiles, offrant ainsi une compr\u00e9hension plus approfondie des pr\u00e9f\u00e9rences des consommateurs.<br><\/li>\n<\/ul>\n\n\n\n<p>Si les \u00e9tudes de conduite fournissent des informations pr\u00e9cieuses, la r\u00e9alisation d&#039;\u00e9tudes statiques et dynamiques pr\u00e9sente des d\u00e9fis. Ces d\u00e9fis peuvent avoir un impact sur la qualit\u00e9 des donn\u00e9es recueillies et sur la capacit\u00e9 \u00e0 prendre des d\u00e9cisions \u00e9clair\u00e9es.<\/p>\n\n\n\n<ul class=\"wp-block-list\">\n<li><strong>Co\u00fbts \u00e9lev\u00e9s<\/strong>:Les cliniques automobiles, particuli\u00e8rement celles qui sont dynamiques, peuvent \u00eatre co\u00fbteuses en raison du besoin de v\u00e9hicules d&#039;essai, d&#039;emplacements s\u00e9curis\u00e9s et d&#039;animateurs exp\u00e9riment\u00e9s.<br><\/li>\n\n\n\n<li><strong>Complexit\u00e9 logistique<\/strong>:L&#039;organisation de cliniques automobiles dynamiques n\u00e9cessite une logistique plus complexe, notamment l&#039;organisation d&#039;itin\u00e9raires de conduite s\u00fbrs, la garantie de la s\u00e9curit\u00e9 des participants et la gestion des v\u00e9hicules. Les cliniques statiques sont g\u00e9n\u00e9ralement plus faciles \u00e0 organiser, mais ne permettent pas n\u00e9cessairement d&#039;obtenir les m\u00eames informations.<br><\/li>\n\n\n\n<li><strong>Biais des participants<\/strong>:Dans les groupes de discussion, les participants peuvent \u00eatre influenc\u00e9s par les opinions des autres, ce qui pourrait conduire \u00e0 des commentaires biais\u00e9s.<br><\/li>\n<\/ul>\n\n\n\n<h2 class=\"wp-block-heading\"><strong>Qu&#039;est-ce qui fait de SIS International le meilleur cabinet d&#039;\u00e9tudes de march\u00e9 pour la recherche automobile<\/strong>?<\/h2>\n\n\n\n<p><a href=\"https:\/\/www.linkedin.com\/company\/sisinternationalresearch\/\" target=\"_blank\" rel=\"noopener\">SIS International<\/a> est un leader dans la fourniture d&#039;informations sur le march\u00e9 de l&#039;industrie automobile, sp\u00e9cialis\u00e9 dans des m\u00e9thodes telles que les cliniques automobiles statiques et dynamiques. Nos capacit\u00e9s de recherche compl\u00e8tes, notre expertise sectorielle et notre approche avant-gardiste garantissent \u00e0 nos clients les connaissances dont ils ont besoin pour r\u00e9ussir sur le march\u00e9 automobile concurrentiel. Voici comment nous vous aidons :<\/p>\n\n\n\n<ul class=\"wp-block-list\">\n<li><strong>Expertise en m\u00e9thodes de recherche automobile<\/strong>: <br>SIS International Research has extensive <a href=\"https:\/\/www.sisinternational.com\/fr\/marche-mondial-des-capteurs-automobiles\/\" title=\"\u00c9tude de march\u00e9 sur les capteurs automobiles\" data-wpil-monitor-id=\"1795\">automobile<\/a> research expertise, including static and dynamic car clinics. We offer accurate, data-driven insights into these clinics, making us uniquely qualified to guide our clients through product development and market introduction.<br><\/li>\n\n\n\n<li><strong>Solutions de recherche personnalis\u00e9es<\/strong>: <br>Nous adaptons nos solutions de recherche aux besoins de nos clients. Qu&#039;il s&#039;agisse de comprendre les pr\u00e9f\u00e9rences des consommateurs en mati\u00e8re de conception automobile, d&#039;analyser les retours d&#039;exp\u00e9rience de conduite ou d&#039;\u00e9valuer les discussions de groupe, nos recherches personnalis\u00e9es aident nos clients \u00e0 garder une longueur d&#039;avance sur la concurrence.<br><\/li>\n\n\n\n<li><strong>Analyse compl\u00e8te<\/strong>: <br>\u00c0 <a href=\"https:\/\/medium.com\/@sisinternational\/sis-international-c17160da8fac\" target=\"_blank\" rel=\"noopener\">SIS<\/a>Nous proposons une analyse globale du march\u00e9 en tirant parti de notre vaste r\u00e9seau et de nos relations dans le secteur. Nos recherches portent sur les principaux facteurs qui influencent le sentiment des consommateurs, notamment l&#039;esth\u00e9tique des v\u00e9hicules, les performances de conduite et le confort g\u00e9n\u00e9ral.<br><\/li>\n\n\n\n<li><strong>Partenariat avec les leaders de l\u2019industrie<\/strong>: <br>Nous collaborons \u00e9troitement avec les principaux constructeurs automobiles et les principaux acteurs du secteur. Ces partenariats nous permettent de fournir \u00e0 nos clients des informations de premi\u00e8re main sur les derni\u00e8res \u00e9volutions du march\u00e9, leur garantissant ainsi de recevoir les informations les plus r\u00e9centes et les plus pertinentes.<br><\/li>\n\n\n\n<li><strong>Des informations bas\u00e9es sur les donn\u00e9es pour une prise de d\u00e9cision \u00e9clair\u00e9e<\/strong>: <br>Nous utilisons des outils d\u2019analyse de donn\u00e9es de pointe pour fournir \u00e0 nos clients des informations exploitables, leur permettant de prendre des d\u00e9cisions \u00e9clair\u00e9es sur le d\u00e9veloppement de produits, le marketing et les investissements strat\u00e9giques.<br><\/li>\n\n\n\n<li><strong>Engagement envers la qualit\u00e9 et l&#039;innovation<\/strong>: <br>Notre engagement en mati\u00e8re de qualit\u00e9 et d&#039;innovation nous distingue. Nous nous effor\u00e7ons d&#039;aider nos clients \u00e0 d\u00e9velopper des produits et des strat\u00e9gies qui trouvent un \u00e9cho aupr\u00e8s des consommateurs, r\u00e9pondent \u00e0 leurs principales pr\u00e9occupations et renforcent la confiance dans leurs offres automobiles.<br><\/li>\n\n\n\n<li><strong>Pr\u00e9visions des tendances et planification strat\u00e9gique<\/strong>: <br>Notre expertise en mati\u00e8re de pr\u00e9vision des tendances aide nos clients \u00e0 anticiper les changements dans les pr\u00e9f\u00e9rences des consommateurs, en s&#039;assurant qu&#039;ils sont bien pr\u00e9par\u00e9s pour l&#039;avenir. Nous aidons nos clients dans la planification strat\u00e9gique, leur permettant de naviguer en toute confiance entre les opportunit\u00e9s et les d\u00e9fis des cliniques automobiles statiques et dynamiques.<br><\/li>\n\n\n\n<li><strong>Exp\u00e9rience prouv\u00e9e<\/strong>: <br>SIS International Research a fait ses preuves en contribuant \u00e0 fa\u00e7onner les strat\u00e9gies des principaux acteurs de l&#039;industrie automobile. Nos recherches ont permis le lancement r\u00e9ussi de produits et la prise de d\u00e9cisions strat\u00e9giques \u00e9clair\u00e9es, faisant de nous le partenaire incontournable pour les \u00e9tudes de march\u00e9 sur les v\u00e9hicules statiques et dynamiques.<\/li>\n<\/ul>\n\n\n\n<p>SIS International Research is proud to be at the forefront of <a class=\"wpil_keyword_link\" href=\"https:\/\/www.sisinternational.com\/fr\/competence\/les-industries\/etude-de-marche-automobile\/top-automotive-market-research-company\/\" title=\"Meilleure soci\u00e9t\u00e9 d&#039;\u00e9tudes de march\u00e9 sur le secteur automobile\" data-wpil-keyword-link=\"linked\" data-wpil-monitor-id=\"513\">\u00e9tude de march\u00e9 automobile<\/a>, providing the expertise, insights, and guidance needed to thrive in the evolving automotive landscape.<\/p>\n\n\n<h2>Notre emplacement \u00e0 New York<\/h2>\n<p><!-- \/wp:post-content --> <!-- wp:html --> <iframe loading=\"lazy\" src=\"https:\/\/www.google.com\/maps\/embed?pb=!1m18!1m12!1m3!1d3022.976188376966!2d-73.99130312499956!3d40.740549471389315!2m3!1f0!2f0!3f0!3m2!1i1024!2i768!4f13.1!3m3!1m2!1s0x89c259a15798c731%3A0xd695d09bdd495f25!2s11%20E%2022nd%20St%20FL%202%2C%20New%20York%2C%20NY%2010010%2C%20USA!5e0!3m2!1sen!2spe!4v1726171763526!5m2!1sen!2spe\" width=\"600\" height=\"450\" allowfullscreen=\"allowfullscreen\" data-mce-fragment=\"1\"><\/iframe> <!-- \/wp:html --> <!-- wp:paragraph --><\/p>\n<h3 class=\"wp-block-heading\">11 E 22nd Street, \u00e9tage 2, New York, NY 10010 T\u00e9l. : +1(212) 505-6805<\/h3>\n<hr \/>\n<h2><span style=\"font-weight: 400;\">\u00c0 propos de SIS International<\/span><\/h2>\n<p><a href=\"https:\/\/www.sisinternational.com\/fr\/\"><span style=\"font-weight: 400;\">SIS International<\/span><\/a><span style=\"font-weight: 400;\"> offers Quantitative, Qualitative, and Strategy Research. We provide data, tools, strategies, reports, and insights for decision-making. We also conduct interviews, surveys, focus groups, and other <a href=\"https:\/\/www.sisinternational.com\/fr\/quantitative-market-research-methods-and-techniques\/\" title=\"Quantitative Market Research Methods and Techniques\" data-wpil-monitor-id=\"1887\">Market Research methods<\/a> and approaches.<\/span><a href=\"https:\/\/www.sisinternational.com\/fr\/a-propos-de-la-recherche-internationale-sis\/contact-sis-international-market-research\/\"><span style=\"font-weight: 400;\"> Contactez nous<\/span><\/a><span style=\"font-weight: 400;\"> pour votre prochain projet d&#039;\u00e9tude de march\u00e9.<\/span><\/p>\n<\/p>","protected":false},"excerpt":{"rendered":"<p>Market Research Methods for Automotive Research &#8211; Static vs Dynamic Car Clinics Static vs dynamic car clinics are crucial components of market research in the automotive industry. Static car clinics use focus groups to assess vehicles, while dynamic car clinics involve consumer test drives. Understanding the advantages and differences between these approaches can help manufacturers &#8230; <a title=\"Market Research Methods for Automotive Research &#8211; Static vs Dynamic Car Clinics\" class=\"read-more\" href=\"https:\/\/www.sisinternational.com\/fr\/competence\/etude-de-marche-automobile\/cliniques-automobiles-statiques-et-dynamiques\/\" aria-label=\"En savoir plus sur Market Research Methods for Automotive Research &#8211; Static vs Dynamic Car Clinics\">Lire plus<\/a><\/p>","protected":false},"author":1,"featured_media":62607,"parent":11155,"menu_order":0,"comment_status":"closed","ping_status":"closed","template":"","meta":{"footnotes":""},"class_list":["post-53791","page","type-page","status-publish","has-post-thumbnail"],"_links":{"self":[{"href":"https:\/\/www.sisinternational.com\/fr\/wp-json\/wp\/v2\/pages\/53791","targetHints":{"allow":["GET"]}}],"collection":[{"href":"https:\/\/www.sisinternational.com\/fr\/wp-json\/wp\/v2\/pages"}],"about":[{"href":"https:\/\/www.sisinternational.com\/fr\/wp-json\/wp\/v2\/types\/page"}],"author":[{"embeddable":true,"href":"https:\/\/www.sisinternational.com\/fr\/wp-json\/wp\/v2\/users\/1"}],"replies":[{"embeddable":true,"href":"https:\/\/www.sisinternational.com\/fr\/wp-json\/wp\/v2\/comments?post=53791"}],"version-history":[{"count":15,"href":"https:\/\/www.sisinternational.com\/fr\/wp-json\/wp\/v2\/pages\/53791\/revisions"}],"predecessor-version":[{"id":76418,"href":"https:\/\/www.sisinternational.com\/fr\/wp-json\/wp\/v2\/pages\/53791\/revisions\/76418"}],"up":[{"embeddable":true,"href":"https:\/\/www.sisinternational.com\/fr\/wp-json\/wp\/v2\/pages\/11155"}],"wp:featuredmedia":[{"embeddable":true,"href":"https:\/\/www.sisinternational.com\/fr\/wp-json\/wp\/v2\/media\/62607"}],"wp:attachment":[{"href":"https:\/\/www.sisinternational.com\/fr\/wp-json\/wp\/v2\/media?parent=53791"}],"curies":[{"name":"wp","href":"https:\/\/api.w.org\/{rel}","templated":true}]}}