{"id":53780,"date":"2024-10-26T01:27:58","date_gmt":"2024-10-26T05:27:58","guid":{"rendered":"https:\/\/www.sisinternational.com\/?page_id=53780"},"modified":"2026-03-11T19:48:15","modified_gmt":"2026-03-11T23:48:15","slug":"etude-de-consommation-automobile-pour-les-vehicules-electriques","status":"publish","type":"page","link":"https:\/\/www.sisinternational.com\/fr\/competence\/etude-de-marche-automobile\/etude-de-consommation-automobile-pour-les-vehicules-electriques\/","title":{"rendered":"Pourquoi les \u00e9tudes de consommation sur le secteur automobile sont si vitales aujourd&#039;hui avec l&#039;avenir des v\u00e9hicules \u00e9lectriques"},"content":{"rendered":"<h1 class=\"wp-block-heading\">Pourquoi les \u00e9tudes de consommation sur le secteur automobile sont si vitales aujourd&#039;hui avec l&#039;avenir des v\u00e9hicules \u00e9lectriques<\/h1>\n\n\n\n<figure class=\"gb-block-image gb-block-image-99091ae2\"><img loading=\"lazy\" decoding=\"async\" width=\"1456\" height=\"816\" class=\"gb-image gb-image-99091ae2\" src=\"https:\/\/www.sisinternational.com\/wp-content\/uploads\/2025\/08\/Automotive-10.jpg\" alt=\"\u00c9tudes de march\u00e9 et strat\u00e9gie internationales SIS\" title=\"Automotive (10)\" srcset=\"https:\/\/www.sisinternational.com\/wp-content\/uploads\/2025\/08\/Automotive-10.jpg 1456w, https:\/\/www.sisinternational.com\/wp-content\/uploads\/2025\/08\/Automotive-10-300x168.jpg 300w, https:\/\/www.sisinternational.com\/wp-content\/uploads\/2025\/08\/Automotive-10-1024x574.jpg 1024w, https:\/\/www.sisinternational.com\/wp-content\/uploads\/2025\/08\/Automotive-10-768x430.jpg 768w, https:\/\/www.sisinternational.com\/wp-content\/uploads\/2025\/08\/Automotive-10-18x10.jpg 18w\" sizes=\"auto, (max-width: 1456px) 100vw, 1456px\"><\/figure>\n\n\n\n<p><\/p>\n\n\n\n<hr class=\"wp-block-separator has-alpha-channel-opacity is-style-dots\"\/>\n\n\n\n<p>Comment les constructeurs automobiles peuvent-ils s\u2019adapter au comportement des consommateurs dans un contexte de v\u00e9hicules \u00e9lectriques en constante \u00e9volution ? Les \u00e9tudes de march\u00e9 sur les v\u00e9hicules \u00e9lectriques deviennent de plus en plus cruciales \u00e0 mesure que l\u2019industrie \u00e9volue vers des solutions plus \u00e9cologiques et plus innovantes. Les v\u00e9hicules \u00e9lectriques (VE) devenant de plus en plus populaires, il est essentiel pour les constructeurs automobiles, les d\u00e9cideurs politiques et les investisseurs de comprendre les pr\u00e9f\u00e9rences, les pr\u00e9occupations et les motivations des consommateurs.<\/p>\n\n\n\n<h2 class=\"wp-block-heading\"><strong>Alors\u2026 Qu\u2019est-ce que l\u2019\u00e9tude de consommation automobile pour les v\u00e9hicules \u00e9lectriques ?<\/strong><\/h2>\n\n\n\n<h3 class=\"wp-block-heading\">\u00ab Les \u00e9tudes de consommation sur les v\u00e9hicules \u00e9lectriques permettent d\u2019identifier les tendances du march\u00e9, les attitudes des consommateurs et les facteurs qui influencent l\u2019adoption des v\u00e9hicules \u00e9lectriques. \u00bb<\/h3>\n\n\n\n<p>Automotive consumer <a href=\"https:\/\/www.sisinternational.com\/fr\/perspectives-sur-les-vehicules-electriques-2013\/\" title=\"\u00c9tude de march\u00e9 sur les v\u00e9hicules hybrides et \u00e9lectriques\" data-wpil-monitor-id=\"6622\">research on electric vehicles<\/a> studies potential EV buyers&#8217; needs, preferences, and behaviors. This research provides valuable insights for automakers developing and marketing <a href=\"https:\/\/www.sisinternational.com\/fr\/la-base-neurobiologique-du-choix-du-consommateur\/\" title=\"\u00c9tude de march\u00e9 sur le neuromarketing grand public\" data-wpil-monitor-id=\"6978\">electric vehicles<\/a> that meet consumer expectations.<\/p>\n\n\n\n<p>The scope of <a href=\"https:\/\/www.sisinternational.com\/fr\/marche-mondial-des-capteurs-automobiles\/\" title=\"\u00c9tude de march\u00e9 sur les capteurs automobiles\" data-wpil-monitor-id=\"7540\">automotive consumer research<\/a> includes:<\/p>\n\n\n\n<ul class=\"wp-block-list\">\n<li><strong>Analyse des tendances du march\u00e9\u00a0:<\/strong> Comprendre la croissance et l\u2019\u00e9volution de la demande des consommateurs en mati\u00e8re de v\u00e9hicules \u00e9lectriques, y compris les mod\u00e8les et les fonctionnalit\u00e9s les plus recherch\u00e9s.<br><\/li>\n\n\n\n<li><strong>Attitudes et motivations des consommateurs :<\/strong> Identifier les facteurs qui influencent les d\u00e9cisions des consommateurs de passer aux v\u00e9hicules \u00e9lectriques, tels que les pr\u00e9occupations environnementales, les \u00e9conomies de co\u00fbts ou les avanc\u00e9es technologiques.<br><\/li>\n\n\n\n<li><strong>Obstacles \u00e0 l\u2019adoption :<\/strong> Enqu\u00eate sur les d\u00e9fis auxquels sont confront\u00e9s les consommateurs lors de l\u2019adoption de v\u00e9hicules \u00e9lectriques, tels que l\u2019anxi\u00e9t\u00e9 li\u00e9e \u00e0 l\u2019autonomie, les co\u00fbts initiaux \u00e9lev\u00e9s et le manque d\u2019infrastructures de recharge.<br><\/li>\n\n\n\n<li><strong>Analyse de la concurrence:<\/strong> Analyzing competitors&#8217; <a href=\"https:\/\/www.sisinternational.com\/fr\/plusieurs-groupes-dinfluenceurs-indirects-dans-les-achats-des-consommateurs\/\" title=\"Plusieurs influenceurs dans les achats des consommateurs\" data-wpil-monitor-id=\"2277\">strategies<\/a> and offerings in the EV market to understand what drives consumer choice.<\/li>\n<\/ul>\n\n\n\n<p><\/p>\n\n\n\n<p>Conducting automotive consumer research on <a href=\"https:\/\/www.sisinternational.com\/fr\/couverture\/etude-de-marche-en-afrique\/etude-de-marche-au-nigeria\/\" title=\"\u00c9tude de march\u00e9 au Nig\u00e9ria\" data-wpil-monitor-id=\"5380\">electric vehicles is vital<\/a> for understanding market dynamics and ensuring that automakers meet their customers&#8217; evolving needs. Recent studies have shown that consumers are more interested in extended battery ranges and advanced in-car technology, such as enhanced connectivity features and autonomous driving capabilities, as they consider EV purchases.<\/p>\n\n\n\n<h2 class=\"wp-block-heading\"><strong>Ressources cl\u00e9s pour mener des \u00e9tudes de consommation sur les v\u00e9hicules \u00e9lectriques<\/strong><\/h2>\n\n\n\n<figure class=\"gb-block-image gb-block-image-f3e2459d\"><img loading=\"lazy\" decoding=\"async\" width=\"1456\" height=\"816\" class=\"gb-image gb-image-f3e2459d\" src=\"https:\/\/www.sisinternational.com\/wp-content\/uploads\/2025\/08\/Automotive-11.jpg\" alt=\"\u00c9tudes de march\u00e9 et strat\u00e9gie internationales SIS\" title=\"Automotive (11)\" srcset=\"https:\/\/www.sisinternational.com\/wp-content\/uploads\/2025\/08\/Automotive-11.jpg 1456w, https:\/\/www.sisinternational.com\/wp-content\/uploads\/2025\/08\/Automotive-11-300x168.jpg 300w, https:\/\/www.sisinternational.com\/wp-content\/uploads\/2025\/08\/Automotive-11-1024x574.jpg 1024w, https:\/\/www.sisinternational.com\/wp-content\/uploads\/2025\/08\/Automotive-11-768x430.jpg 768w, https:\/\/www.sisinternational.com\/wp-content\/uploads\/2025\/08\/Automotive-11-18x10.jpg 18w\" sizes=\"auto, (max-width: 1456px) 100vw, 1456px\"><\/figure>\n\n\n\n<p><\/p>\n\n\n\n<h3 class=\"wp-block-heading\">Pour mener des \u00e9tudes de consommation automobiles efficaces pour les v\u00e9hicules \u00e9lectriques, il est important d\u2019utiliser diverses ressources, allant des enqu\u00eates et rapports de march\u00e9 aux outils d\u2019analyse en ligne.<\/h3>\n\n\n\n<p>Plusieurs ressources sont essentielles pour mener une \u00e9tude compl\u00e8te des consommateurs du secteur automobile pour les v\u00e9hicules \u00e9lectriques, notamment :<\/p>\n\n\n\n<ul class=\"wp-block-list\">\n<li><strong>Enqu\u00eates aupr\u00e8s des consommateurs et groupes de discussion :<\/strong> La r\u00e9alisation d\u2019enqu\u00eates aupr\u00e8s des consommateurs et l\u2019organisation de groupes de discussion permettent de recueillir les commentaires des acheteurs potentiels sur leurs pr\u00e9f\u00e9rences, leurs pr\u00e9occupations et leurs motivations pour choisir des v\u00e9hicules \u00e9lectriques.<br><\/li>\n\n\n\n<li><strong>Outils d&#039;analyse des m\u00e9dias sociaux :<\/strong> Tools like Brandwatch and Hootsuite allow <a href=\"https:\/\/www.sisinternational.com\/fr\/les-nouvelles-tendances-danalyse-des-consommateurs-americains-auxquelles-nous-sommes-confrontes-les-detaillants\/\" title=\"La nouvelle analyse des consommateurs am\u00e9ricains\u00a0: tendances auxquelles sont confront\u00e9s les d\u00e9taillants am\u00e9ricains\" data-wpil-monitor-id=\"2707\">researchers to analyze consumer<\/a> sentiment about electric vehicles, track trending topics, and understand public perception.<br><\/li>\n\n\n\n<li><strong>Forums et communaut\u00e9s en ligne :<\/strong> Les plateformes comme Reddit et les communaut\u00e9s sp\u00e9cialis\u00e9es dans les v\u00e9hicules \u00e9lectriques sont d\u2019excellentes sources pour comprendre les opinions des consommateurs, les questions courantes et les d\u00e9fis li\u00e9s aux v\u00e9hicules \u00e9lectriques.<br><\/li>\n\n\n\n<li><strong>Donn\u00e9es sur les constructeurs automobiles et les concessionnaires :<\/strong> Les informations fournies par les constructeurs automobiles et les concessionnaires concernant les demandes des consommateurs, les donn\u00e9es des essais routiers et les performances de vente sont essentielles pour comprendre les pr\u00e9f\u00e9rences des consommateurs.<br><\/li>\n<\/ul>\n\n\n\n<p>L\u2019utilisation de ces ressources permet de garantir que l\u2019\u00e9tude est exhaustive et bas\u00e9e sur des donn\u00e9es de consommateurs r\u00e9elles, fournissant ainsi aux constructeurs automobiles les informations dont ils ont besoin pour r\u00e9ussir sur le march\u00e9 en pleine croissance des v\u00e9hicules \u00e9lectriques. Par exemple, les donn\u00e9es des groupes de discussion men\u00e9s dans les zones urbaines de New York et de Los Angeles ont indiqu\u00e9 que l\u2019acc\u00e8s \u00e0 une infrastructure de recharge fiable est une pr\u00e9occupation majeure pour de nombreux acheteurs potentiels de v\u00e9hicules \u00e9lectriques, tandis que les communaut\u00e9s rurales privil\u00e9gient souvent l\u2019accessibilit\u00e9 et l\u2019autonomie.<\/p>\n\n\n\n<h2 class=\"wp-block-heading\"><strong>M\u00e9thodes de conduite d&#039;\u00e9tudes de consommation sur les v\u00e9hicules \u00e9lectriques<\/strong><\/h2>\n\n\n\n<p>Diff\u00e9rentes m\u00e9thodes peuvent \u00eatre employ\u00e9es pour mener des \u00e9tudes de consommation sur les v\u00e9hicules \u00e9lectriques, telles que :<\/p>\n\n\n\n<ul class=\"wp-block-list\">\n<li><strong>Enqu\u00eates et sondages en ligne\u00a0:<\/strong> La distribution d\u2019enqu\u00eates en ligne permet de recueillir des donn\u00e9es sur les pr\u00e9f\u00e9rences des consommateurs, leurs attitudes \u00e0 l\u2019\u00e9gard des v\u00e9hicules \u00e9lectriques et leur volont\u00e9 d\u2019adopter la technologie des v\u00e9hicules \u00e9lectriques.<br><\/li>\n\n\n\n<li><strong>Groupes de discussion et entretiens :<\/strong> Les groupes de discussion et les entretiens individuels avec les consommateurs peuvent aider \u00e0 mieux comprendre leurs perceptions, leurs motivations et leurs h\u00e9sitations \u00e0 l\u2019\u00e9gard des v\u00e9hicules \u00e9lectriques.<br><\/li>\n\n\n\n<li><strong>Cartographie du parcours client\u00a0:<\/strong> Cartographier le parcours du consommateur, de l\u2019int\u00e9r\u00eat initial \u00e0 l\u2019achat, permet d\u2019identifier les points faibles et les opportunit\u00e9s d\u2019am\u00e9lioration de l\u2019exp\u00e9rience d\u2019achat de v\u00e9hicules \u00e9lectriques.<br><\/li>\n\n\n\n<li><strong>\u00c9coute des r\u00e9seaux sociaux\u00a0:<\/strong> La surveillance des plateformes de m\u00e9dias sociaux permet aux chercheurs de suivre les discussions, les pr\u00e9occupations et l\u2019enthousiasme des consommateurs \u00e0 l\u2019\u00e9gard des v\u00e9hicules \u00e9lectriques.<br><\/li>\n\n\n\n<li><strong>Essais routiers et essais de produits :<\/strong> L\u2019analyse des donn\u00e9es issues des essais de v\u00e9hicules \u00e9lectriques et des essais de produits fournit des informations sur les facteurs qui influencent les d\u00e9cisions d\u2019achat, tels que les performances, la conception et la technologie des v\u00e9hicules.<\/li>\n<\/ul>\n\n\n\n<p><\/p>\n\n\n\n<h2 class=\"wp-block-heading\"><strong>Limites de la conduite d&#039;\u00e9tudes de consommation sur les v\u00e9hicules \u00e9lectriques<\/strong><\/h2>\n\n\n\n<figure class=\"gb-block-image gb-block-image-e773ac84\"><img loading=\"lazy\" decoding=\"async\" width=\"1456\" height=\"816\" class=\"gb-image gb-image-e773ac84\" src=\"https:\/\/www.sisinternational.com\/wp-content\/uploads\/2025\/09\/Automotive-Market-Research-in-Europe-2.jpg\" alt=\"\u00c9tudes de march\u00e9 et strat\u00e9gie internationales SIS\" title=\"Automotive Market Research in Europe (2)\" srcset=\"https:\/\/www.sisinternational.com\/wp-content\/uploads\/2025\/09\/Automotive-Market-Research-in-Europe-2.jpg 1456w, https:\/\/www.sisinternational.com\/wp-content\/uploads\/2025\/09\/Automotive-Market-Research-in-Europe-2-300x168.jpg 300w, https:\/\/www.sisinternational.com\/wp-content\/uploads\/2025\/09\/Automotive-Market-Research-in-Europe-2-1024x574.jpg 1024w, https:\/\/www.sisinternational.com\/wp-content\/uploads\/2025\/09\/Automotive-Market-Research-in-Europe-2-768x430.jpg 768w, https:\/\/www.sisinternational.com\/wp-content\/uploads\/2025\/09\/Automotive-Market-Research-in-Europe-2-18x10.jpg 18w\" sizes=\"auto, (max-width: 1456px) 100vw, 1456px\"><\/figure>\n\n\n\n<p><\/p>\n\n\n\n<h3 class=\"wp-block-heading\">\u00ab Les \u00e9tudes de consommation sur les v\u00e9hicules \u00e9lectriques pr\u00e9sentent des d\u00e9fis uniques, allant de l\u2019\u00e9volution rapide de la technologie aux id\u00e9es fausses des consommateurs et aux limitations des donn\u00e9es. \u00bb<\/h3>\n\n\n\n<p>La r\u00e9alisation d&#039;\u00e9tudes de consommation sur les v\u00e9hicules \u00e9lectriques dans le secteur automobile n&#039;est pas sans d\u00e9fis. Parmi les principaux d\u00e9fis, on peut citer :<\/p>\n\n\n\n<ul class=\"wp-block-list\">\n<li><strong>Avanc\u00e9es technologiques rapides\u00a0:<\/strong> Le rythme rapide du d\u00e9veloppement technologique des v\u00e9hicules \u00e9lectriques fait qu\u2019il est difficile pour les chercheurs de se tenir au courant des derni\u00e8res tendances et fonctionnalit\u00e9s qui int\u00e9ressent les consommateurs.<br><\/li>\n\n\n\n<li><strong>Angoisse et id\u00e9es fausses sur la port\u00e9e :<\/strong> De nombreux consommateurs ont encore des id\u00e9es fausses sur les v\u00e9hicules \u00e9lectriques, comme les limites d&#039;autonomie et les difficult\u00e9s de recharge. Comprendre et r\u00e9pondre \u00e0 ces pr\u00e9occupations constitue un d\u00e9fi majeur dans les \u00e9tudes de consommation.<br><\/li>\n\n\n\n<li><strong>Co\u00fbts initiaux \u00e9lev\u00e9s\u00a0:<\/strong> Le co\u00fbt initial \u00e9lev\u00e9 des v\u00e9hicules \u00e9lectriques peut dissuader les acheteurs potentiels, il est donc essentiel pour les chercheurs de comprendre comment les prix influencent les d\u00e9cisions des consommateurs.<br><\/li>\n\n\n\n<li><strong>Disponibilit\u00e9 limit\u00e9e des donn\u00e9es\u00a0:<\/strong> Par rapport aux v\u00e9hicules traditionnels, les donn\u00e9es sur l\u2019utilisation et les pr\u00e9f\u00e9rences des v\u00e9hicules \u00e9lectriques peuvent \u00eatre limit\u00e9es, ce qui rend plus difficile l\u2019obtention d\u2019informations concluantes.<br><\/li>\n\n\n\n<li><strong>Diversit\u00e9 des consommateurs :<\/strong> Les attitudes des consommateurs \u00e0 l&#039;\u00e9gard des v\u00e9hicules \u00e9lectriques varient en fonction de facteurs d\u00e9mographiques tels que l&#039;\u00e2ge, le lieu et le revenu. Il peut s&#039;av\u00e9rer difficile de mener des recherches qui refl\u00e8tent pr\u00e9cis\u00e9ment cette diversit\u00e9.<\/li>\n<\/ul>\n\n\n\n<p><\/p>\n\n\n\n<h2 class=\"wp-block-heading\"><strong>L&#039;avenir des \u00e9tudes de consommation sur les v\u00e9hicules \u00e9lectriques<\/strong><\/h2>\n\n\n\n<p>Les \u00e9tudes de march\u00e9 sur les v\u00e9hicules \u00e9lectriques \u00e9voluent et de nouvelles tendances fa\u00e7onnent la mani\u00e8re dont les constructeurs automobiles et les chercheurs comprennent le comportement des consommateurs. Voici quelques orientations futures :<\/p>\n\n\n\n<ul class=\"wp-block-list\">\n<li><strong>Int\u00e9gration des donn\u00e9es et analyse de l&#039;IA :<\/strong> Using AI and machine learning to analyze large datasets will help <a href=\"https:\/\/www.sisinternational.com\/fr\/etude-de-cas-hypothetique-deharmony-danalyse-de-consommation\/\" title=\"Consumer Analytics\u00a0: \u00e9tude de cas hypoth\u00e9tique eHarmony\" data-wpil-monitor-id=\"4317\">researchers gain deeper insights into consumer<\/a> behavior, preferences, and future trends.<br><\/li>\n\n\n\n<li><strong>Syst\u00e8mes de r\u00e9troaction en temps r\u00e9el :<\/strong> Les donn\u00e9es en temps r\u00e9el provenant des v\u00e9hicules connect\u00e9s, des applications mobiles et des bornes de recharge pour v\u00e9hicules \u00e9lectriques permettront aux constructeurs automobiles de comprendre le comportement des consommateurs et de s&#039;adapter \u00e0 l&#039;\u00e9volution des besoins.<br><\/li>\n\n\n\n<li><strong>Marketing personnalis\u00e9\u00a0:<\/strong> \u00c0 mesure que les constructeurs automobiles collectent davantage de donn\u00e9es sur les consommateurs, ils peuvent cr\u00e9er des campagnes marketing plus cibl\u00e9es et personnalis\u00e9es pour attirer des segments sp\u00e9cifiques du march\u00e9 des v\u00e9hicules \u00e9lectriques.<br><\/li>\n\n\n\n<li><strong>Consid\u00e9rations durables et \u00e9thiques :<\/strong> Les consommateurs accordent de plus en plus d\u2019importance \u00e0 la durabilit\u00e9. Les chercheurs doivent comprendre comment les consid\u00e9rations \u00e9thiques, telles que la provenance des mat\u00e9riaux des batteries, influencent les d\u00e9cisions d\u2019achat.<br><\/li>\n<\/ul>\n\n\n\n<p>By staying ahead of these trends, automotive consumer research for electric <a href=\"https:\/\/www.sisinternational.com\/fr\/competence\/les-industries\/etude-de-marche-automobile\/lavenir-des-vehicules-electriques-aux-etats-unis\/\" title=\"The Future of Electric Vehicles in the USA \u2013 The Next 5 Years\" data-wpil-monitor-id=\"1835\">vehicles<\/a> will be more effective in understanding and meeting the needs of the future EV market. Recent developments, such as integrating smart grid technology and vehicle-to-grid systems, are poised to reshape how consumers perceive electric vehicles, making them more attractive as transportation and energy storage solutions.<\/p>\n\n\n\n<h2 class=\"wp-block-heading\"><strong>Qu&#039;est-ce qui fait de SIS International le partenaire id\u00e9al pour les \u00e9tudes de consommation automobiles pour les v\u00e9hicules \u00e9lectriques ?<\/strong><\/h2>\n\n\n\n<p><a href=\"https:\/\/www.linkedin.com\/company\/sisinternationalresearch\/\" target=\"_blank\" rel=\"noopener\">SIS International<\/a> SIS International s&#039;engage \u00e0 fournir des services de recherche de consommateurs de haute qualit\u00e9 qui r\u00e9pondent sp\u00e9cifiquement aux besoins du march\u00e9 des v\u00e9hicules \u00e9lectriques. Voici quelques raisons pour lesquelles SIS International est le meilleur partenaire pour les \u00e9tudes de consommation automobiles pour les v\u00e9hicules \u00e9lectriques :<\/p>\n\n\n\n<ul class=\"wp-block-list\">\n<li><strong>Expertise en recherche automobile :<\/strong> Notre \u00e9quipe poss\u00e8de une vaste exp\u00e9rience en mati\u00e8re de recherche dans le secteur automobile, y compris les v\u00e9hicules \u00e9lectriques, ce qui nous permet de bien conna\u00eetre les d\u00e9fis et les opportunit\u00e9s du secteur.<br><\/li>\n\n\n\n<li><span style=\"box-sizing: border-box; margin: 0px; padding: 0px;\"><strong>Informations bas\u00e9es sur les donn\u00e9es\u00a0:<\/strong>&nbsp;Nous utilisons des m\u00e9thodes de recherche quantitatives et qualitatives appuy\u00e9es par des analyses de donn\u00e9es pour fournir \u00e0 nos clients des informations exploitables.<\/span><br><\/li>\n\n\n\n<li><strong>Acc\u00e8s aux donn\u00e9es d\u00e9mographiques cibles\u00a0:<\/strong> Nous disposons des outils et de l\u2019expertise n\u00e9cessaires pour atteindre un large \u00e9ventail de consommateurs, garantissant que nos recherches repr\u00e9sentent les diff\u00e9rents segments du march\u00e9 des v\u00e9hicules \u00e9lectriques.<br><\/li>\n\n\n\n<li><strong>Solutions de recherche personnalis\u00e9es\u00a0:<\/strong> <a href=\"https:\/\/twitter.com\/SISIntlResearch\" target=\"_blank\" rel=\"noopener\">SIS<\/a> fournit des solutions de recherche sur mesure qui r\u00e9pondent aux besoins uniques de nos clients, garantissant qu&#039;ils re\u00e7oivent les donn\u00e9es les plus pertinentes et les plus impactantes. <br><\/li>\n\n\n\n<li><strong>Partenariats strat\u00e9giques avec les leaders du secteur :<\/strong> Les collaborations avec les constructeurs automobiles et les entreprises technologiques permettent \u00e0 SIS International de se tenir au courant des avanc\u00e9es technologiques et de fournir les informations les plus actuelles.<br><\/li>\n\n\n\n<li><strong>Approches de recherche durables :<\/strong> <a href=\"https:\/\/medium.com\/@sisinternational\/sis-international-c17160da8fac\" target=\"_blank\" rel=\"noopener\">SIS<\/a> se concentre sur la durabilit\u00e9, en fournissant des informations qui aident les clients \u00e0 comprendre les attentes des consommateurs en mati\u00e8re de pratiques plus \u00e9cologiques dans l&#039;industrie automobile.<br><\/li>\n\n\n\n<li><strong>\u00c9tudes ethnographiques approfondies :<\/strong> Notre \u00e9quipe m\u00e8ne des recherches ethnographiques qui permettent de mieux comprendre comment les consommateurs interagissent avec les v\u00e9hicules \u00e9lectriques dans des situations r\u00e9elles, des milieux urbains aux zones rurales.<br><\/li>\n<\/ul>\n\n\n<h2>Notre emplacement \u00e0 New York<\/h2>\n<p><!-- \/wp:post-content --> <!-- wp:html --> <iframe loading=\"lazy\" src=\"https:\/\/www.google.com\/maps\/embed?pb=!1m18!1m12!1m3!1d3022.976188376966!2d-73.99130312499956!3d40.740549471389315!2m3!1f0!2f0!3f0!3m2!1i1024!2i768!4f13.1!3m3!1m2!1s0x89c259a15798c731%3A0xd695d09bdd495f25!2s11%20E%2022nd%20St%20FL%202%2C%20New%20York%2C%20NY%2010010%2C%20USA!5e0!3m2!1sen!2spe!4v1726171763526!5m2!1sen!2spe\" width=\"600\" height=\"450\" allowfullscreen=\"allowfullscreen\" data-mce-fragment=\"1\"><\/iframe> <!-- \/wp:html --> <!-- wp:paragraph --><\/p>\n<h3 class=\"wp-block-heading\">11 E 22nd Street, \u00e9tage 2, New York, NY 10010 T\u00e9l. : +1(212) 505-6805<\/h3>\n<hr \/>\n<h2><span style=\"font-weight: 400;\">\u00c0 propos de SIS International<\/span><\/h2>\n<p><a href=\"https:\/\/www.sisinternational.com\/fr\/\"><span style=\"font-weight: 400;\">SIS International<\/span><\/a><span style=\"font-weight: 400;\"> propose des recherches quantitatives, qualitatives et strat\u00e9giques. Nous fournissons des donn\u00e9es, des outils, des strat\u00e9gies, des rapports et des informations pour la prise de d\u00e9cision. Nous menons \u00e9galement des entretiens, des enqu\u00eates, des groupes de discussion et d\u2019autres m\u00e9thodes et approches d\u2019\u00e9tudes de march\u00e9.<\/span><a href=\"https:\/\/www.sisinternational.com\/fr\/a-propos-de-la-recherche-internationale-sis\/contact-sis-international-market-research\/\"><span style=\"font-weight: 400;\"> Contactez nous<\/span><\/a><span style=\"font-weight: 400;\"> pour votre prochain projet d&#039;\u00e9tude de march\u00e9.<\/span><\/p>\n<\/p>","protected":false},"excerpt":{"rendered":"<p>Why Automotive Consumer Research is So Vital Today with the Future of Electric Vehicles What does it take for automotive companies to keep up with consumer behavior in the rapidly evolving landscape of electric vehicles? Automotive consumer research for electric vehicles is becoming increasingly critical as the industry shifts towards greener and more innovative solutions. &#8230; <a title=\"Pourquoi les \u00e9tudes de consommation sur le secteur automobile sont si vitales aujourd&#039;hui avec l&#039;avenir des v\u00e9hicules \u00e9lectriques\" class=\"read-more\" href=\"https:\/\/www.sisinternational.com\/fr\/competence\/etude-de-marche-automobile\/etude-de-consommation-automobile-pour-les-vehicules-electriques\/\" aria-label=\"En savoir plus sur Why Automotive Consumer Research is So Vital Today with the Future of Electric Vehicles\">Lire plus<\/a><\/p>","protected":false},"author":1,"featured_media":62615,"parent":11155,"menu_order":3,"comment_status":"closed","ping_status":"closed","template":"","meta":{"footnotes":""},"class_list":["post-53780","page","type-page","status-publish","has-post-thumbnail"],"_links":{"self":[{"href":"https:\/\/www.sisinternational.com\/fr\/wp-json\/wp\/v2\/pages\/53780","targetHints":{"allow":["GET"]}}],"collection":[{"href":"https:\/\/www.sisinternational.com\/fr\/wp-json\/wp\/v2\/pages"}],"about":[{"href":"https:\/\/www.sisinternational.com\/fr\/wp-json\/wp\/v2\/types\/page"}],"author":[{"embeddable":true,"href":"https:\/\/www.sisinternational.com\/fr\/wp-json\/wp\/v2\/users\/1"}],"replies":[{"embeddable":true,"href":"https:\/\/www.sisinternational.com\/fr\/wp-json\/wp\/v2\/comments?post=53780"}],"version-history":[{"count":17,"href":"https:\/\/www.sisinternational.com\/fr\/wp-json\/wp\/v2\/pages\/53780\/revisions"}],"predecessor-version":[{"id":84372,"href":"https:\/\/www.sisinternational.com\/fr\/wp-json\/wp\/v2\/pages\/53780\/revisions\/84372"}],"up":[{"embeddable":true,"href":"https:\/\/www.sisinternational.com\/fr\/wp-json\/wp\/v2\/pages\/11155"}],"wp:featuredmedia":[{"embeddable":true,"href":"https:\/\/www.sisinternational.com\/fr\/wp-json\/wp\/v2\/media\/62615"}],"wp:attachment":[{"href":"https:\/\/www.sisinternational.com\/fr\/wp-json\/wp\/v2\/media?parent=53780"}],"curies":[{"name":"wp","href":"https:\/\/api.w.org\/{rel}","templated":true}]}}