{"id":53737,"date":"2024-10-18T00:32:46","date_gmt":"2024-10-18T04:32:46","guid":{"rendered":"https:\/\/www.sisinternational.com\/?page_id=53737"},"modified":"2026-03-11T11:32:32","modified_gmt":"2026-03-11T15:32:32","slug":"tester-des-parfums-et-des-produits-de-soins-personnels-a-new-york","status":"publish","type":"page","link":"https:\/\/www.sisinternational.com\/fr\/solutions\/etude-de-marche-des-produits-de-beaute\/tester-des-parfums-et-des-produits-de-soins-personnels-a-new-york\/","title":{"rendered":"L\u2019avantage strat\u00e9gique de tester des parfums et des produits de soins personnels \u00e0 New York"},"content":{"rendered":"<h1 class=\"wp-block-heading\">L\u2019avantage strat\u00e9gique de tester des parfums et des produits de soins personnels \u00e0 New York <\/h1>\n\n\n\n<figure class=\"gb-block-image gb-block-image-d610e1a6\"><img loading=\"lazy\" decoding=\"async\" width=\"1456\" height=\"816\" class=\"gb-image gb-image-d610e1a6\" src=\"https:\/\/www.sisinternational.com\/wp-content\/uploads\/2025\/08\/Perfume-cologne-fragance-7.jpg\" alt=\"\u00c9tudes de march\u00e9 et strat\u00e9gie internationales SIS\" title=\"Perfume cologne fragance (7)\" srcset=\"https:\/\/www.sisinternational.com\/wp-content\/uploads\/2025\/08\/Perfume-cologne-fragance-7.jpg 1456w, https:\/\/www.sisinternational.com\/wp-content\/uploads\/2025\/08\/Perfume-cologne-fragance-7-300x168.jpg 300w, https:\/\/www.sisinternational.com\/wp-content\/uploads\/2025\/08\/Perfume-cologne-fragance-7-1024x574.jpg 1024w, https:\/\/www.sisinternational.com\/wp-content\/uploads\/2025\/08\/Perfume-cologne-fragance-7-768x430.jpg 768w, https:\/\/www.sisinternational.com\/wp-content\/uploads\/2025\/08\/Perfume-cologne-fragance-7-18x10.jpg 18w\" sizes=\"auto, (max-width: 1456px) 100vw, 1456px\"><\/figure>\n\n\n\n<p><\/p>\n\n\n\n<h3 class=\"wp-block-heading\">L\u2019influence mondiale de la ville et son environnement commercial de premier plan en font un puissant tremplin pour peaufiner les produits et les strat\u00e9gies avant un d\u00e9ploiement \u00e0 l\u2019\u00e9chelle nationale.&nbsp;<\/h3>\n\n\n\n<p>Dans le monde concurrentiel des parfums et des produits de soins personnels, p\u00e9n\u00e9trer le march\u00e9 am\u00e9ricain n\u00e9cessite une approche strat\u00e9gique pour garantir le succ\u00e8s. Avec sa vaste base de consommateurs, New York se distingue comme un march\u00e9 test id\u00e9al pour ces produits. C&#039;est pourquoi tester des parfums et des produits de soins personnels \u00e0 New York offre des avantages uniques, en fournissant aux entreprises des informations cl\u00e9s sur les pr\u00e9f\u00e9rences des consommateurs et les tendances du march\u00e9.&nbsp;<\/p>\n\n\n\n<h2 class=\"wp-block-heading\">Pourquoi New York ?<\/h2>\n\n\n\n<p>New York City\u2019s population is one of the most diverse in the world, encompassing a wide array of cultures, ethnicities, and socioeconomic backgrounds. This diversity provides a unique opportunity for testing fragrances and <a href=\"https:\/\/www.sisinternational.com\/fr\/solutions\/groupes-de-discussion\/focus-group-on-personal-care-products\/\" title=\"Focus Group on Personal Care Products\"  data-wpil-monitor-id=\"875\">personal care products<\/a> in a market that mirrors a broad spectrum of consumer preferences.&nbsp;<\/p>\n\n\n\n<p>L&#039;environnement multiculturel de la ville permet \u00e9galement d&#039;identifier les tendances et pr\u00e9f\u00e9rences \u00e9mergentes qui pourraient ne pas \u00eatre \u00e9videntes dans des march\u00e9s moins diversifi\u00e9s. Par exemple, des notes de parfum ou des ingr\u00e9dients de soins personnels sp\u00e9cifiques peuvent int\u00e9resser davantage certains groupes culturels, fournissant des donn\u00e9es essentielles qui peuvent orienter le d\u00e9veloppement de produits et les strat\u00e9gies marketing.<\/p>\n\n\n\n<h4 class=\"wp-block-heading\"><strong>Visibilit\u00e9 du march\u00e9<\/strong><\/h4>\n\n\n\n<p>Le statut de ville internationale majeure de New York signifie que les produits test\u00e9s ici b\u00e9n\u00e9ficient d&#039;une grande visibilit\u00e9 et d&#039;une exposition m\u00e9diatique. L&#039;influence de la ville sur les tendances de la mode, de la beaut\u00e9 et du style de vie peut amplifier l&#039;impact d&#039;un lancement de produit. Le succ\u00e8s \u00e0 New York peut consid\u00e9rablement am\u00e9liorer la r\u00e9putation et la cr\u00e9dibilit\u00e9 d&#039;une marque, ce qui lui permet de gagner plus facilement du terrain sur d&#039;autres march\u00e9s am\u00e9ricains et internationaux.<\/p>\n\n\n\n<p>Des \u00e9v\u00e9nements de grande envergure, tels que les semaines de la mode et les expositions industrielles, renforcent encore la visibilit\u00e9 des produits test\u00e9s \u00e0 New York.&nbsp;<\/p>\n\n\n\n<h4 class=\"wp-block-heading\"><strong>Environnement de vente au d\u00e9tail avanc\u00e9<\/strong><\/h4>\n\n\n\n<p>New York City is home to some of the world&#8217;s most sophisticated and trend-setting retail environments. From flagship stores on Fifth Avenue to upscale boutiques in SoHo, NYC\u2019s retail landscape offers an ideal setting for <a href=\"https:\/\/www.sisinternational.com\/fr\/solutions\/solutions-de-recherche-qualitative-et-quantitative\/lavantage-de-tester-un-produit-a-new-york-plutot-qua-los-angeles\/\" title=\"L&#039;avantage de tester des produits \u00e0 New York plut\u00f4t qu&#039;\u00e0 Los Angeles\"  data-wpil-monitor-id=\"1576\">testing new products<\/a>. The city\u2019s retail sector is known for its innovation and high standards, which provide a rigorous testing ground for evaluating product performance.<\/p>\n\n\n\n<p>Les partenariats de vente au d\u00e9tail \u00e0 New York permettent aux entreprises d&#039;exp\u00e9rimenter diff\u00e9rentes strat\u00e9gies de vente au d\u00e9tail, notamment des promotions en magasin, des \u00e9v\u00e9nements d&#039;\u00e9chantillonnage et des lancements exclusifs. Cet environnement aide les marques \u00e0 \u00e9valuer les r\u00e9actions des consommateurs dans un contexte r\u00e9el et \u00e0 proc\u00e9der aux ajustements n\u00e9cessaires avant un lancement plus large.<\/p>\n\n\n\n<h2 class=\"wp-block-heading\">Quelles sont les meilleures strat\u00e9gies pour tester les parfums et les produits de soins personnels \u00e0 New York\u00a0?<\/h2>\n\n\n\n<figure class=\"gb-block-image gb-block-image-d48d6d31\"><img loading=\"lazy\" decoding=\"async\" width=\"1456\" height=\"816\" class=\"gb-image gb-image-d48d6d31\" src=\"https:\/\/www.sisinternational.com\/wp-content\/uploads\/2025\/08\/Perfume-cologne-fragance-3.jpg\" alt=\"\u00c9tudes de march\u00e9 et strat\u00e9gie internationales SIS\" title=\"Perfume cologne fragance (3)\" srcset=\"https:\/\/www.sisinternational.com\/wp-content\/uploads\/2025\/08\/Perfume-cologne-fragance-3.jpg 1456w, https:\/\/www.sisinternational.com\/wp-content\/uploads\/2025\/08\/Perfume-cologne-fragance-3-300x168.jpg 300w, https:\/\/www.sisinternational.com\/wp-content\/uploads\/2025\/08\/Perfume-cologne-fragance-3-1024x574.jpg 1024w, https:\/\/www.sisinternational.com\/wp-content\/uploads\/2025\/08\/Perfume-cologne-fragance-3-768x430.jpg 768w, https:\/\/www.sisinternational.com\/wp-content\/uploads\/2025\/08\/Perfume-cologne-fragance-3-18x10.jpg 18w\" sizes=\"auto, (max-width: 1456px) 100vw, 1456px\"><\/figure>\n\n\n\n<p><\/p>\n\n\n\n<p><a href=\"https:\/\/www.sisinternational.com\/fr\/solutions\/solutions-de-recherche-qualitative-et-quantitative\/sis-sensory-testing-of-personal-care-products\/\" title=\"SIS Sensory Testing of Personal Care Products\"  data-wpil-monitor-id=\"1392\">Testing fragrances and personal care products<\/a> in New York City requires a strategic approach to effectively gauge consumer reactions and refine product offerings \u2013 and New York\u2019s unique market environment presents distinct opportunities and challenges, making it essential for businesses to employ tailored testing strategies.&nbsp;<\/p>\n\n\n\n<h4 class=\"wp-block-heading\"><strong>Groupes de discussion<\/strong><\/h4>\n\n\n\n<p>Conduite <a href=\"https:\/\/www.sisinternational.com\/fr\/solutions\/groupes-de-discussion\/installations-de-groupe-de-discussion-a-new-york\/\">groupes de discussion \u00e0 New York<\/a> permet aux entreprises de recueillir des donn\u00e9es qualitatives sur les attributs des produits tels que les profils olfactifs, la conception des emballages et l&#039;efficacit\u00e9 des produits de soins personnels. Les participants peuvent donner un aper\u00e7u de leurs go\u00fbts, de leurs aversions et de leurs attentes, aidant ainsi les marques \u00e0 affiner leurs offres pour mieux r\u00e9pondre aux d\u00e9sirs des consommateurs. De plus, les groupes de discussion peuvent r\u00e9v\u00e9ler des r\u00e9ponses \u00e9motionnelles et comportementales aux produits, offrant une compr\u00e9hension plus approfondie de la mani\u00e8re dont un produit r\u00e9sonne aupr\u00e8s de diff\u00e9rents publics.<\/p>\n\n\n\n<h4 class=\"wp-block-heading\"><strong>Partenariats de vente au d\u00e9tail<\/strong><\/h4>\n\n\n\n<p>La collaboration avec les d\u00e9taillants new-yorkais offre une plateforme pr\u00e9cieuse pour tester les produits dans un contexte r\u00e9el. Les partenariats de vente au d\u00e9tail peuvent impliquer diverses activit\u00e9s, telles que des \u00e9v\u00e9nements d&#039;\u00e9chantillonnage en magasin, des lancements de produits exclusifs et des promotions sur les points de vente. Ces interactions permettent aux entreprises d&#039;observer de premi\u00e8re main les performances de leurs produits dans un environnement de vente au d\u00e9tail concurrentiel.<\/p>\n\n\n\n<p>Les d\u00e9taillants de New York peuvent \u00e9galement fournir des commentaires sur le placement des produits, les strat\u00e9gies de tarification et les tactiques marketing. Leurs connaissances sur le comportement des consommateurs et les performances des ventes sont pr\u00e9cieuses pour affiner les strat\u00e9gies de produits. De plus, un partenariat avec des magasins new-yorkais r\u00e9put\u00e9s peut am\u00e9liorer la visibilit\u00e9 et la cr\u00e9dibilit\u00e9 d&#039;un produit, attirant ainsi l&#039;attention des consommateurs et des influenceurs du secteur.<\/p>\n\n\n\n<h4 class=\"wp-block-heading\"><strong>Commentaires des consommateurs<\/strong><\/h4>\n\n\n\n<p>Gathering consumer feedback is essential for understanding how well fragrances and <a href=\"https:\/\/www.sisinternational.com\/fr\/solutions\/ai-etudes-de-marche-et-conseil-en-strategie\/automatisation-des-produits-de-soins-personnels-conseil-en-ia\/\" title=\"Automatisation des produits de soins personnels et conseil en IA\"  data-wpil-monitor-id=\"2470\">personal care products<\/a> meet market expectations. In NYC, companies can employ various methods to collect feedback, including surveys, social media engagement, and product reviews.<\/p>\n\n\n\n<h2 class=\"wp-block-heading\">Mais\u2026 Affiner les strat\u00e9gies marketing est \u00e9galement crucial.<\/h2>\n\n\n\n<p>En analysant la r\u00e9ponse aux diff\u00e9rents canaux publicitaires, tactiques promotionnelles et messages, les entreprises peuvent affiner leurs strat\u00e9gies marketing pour mieux r\u00e9pondre aux attentes des consommateurs.<\/p>\n\n\n\n<p>Par exemple, les entreprises peuvent tester l\u2019impact des partenariats avec des influenceurs, des campagnes sur les r\u00e9seaux sociaux et de la publicit\u00e9 traditionnelle \u00e0 New York pour d\u00e9terminer ce qui r\u00e9sonne le mieux aupr\u00e8s de leur public cible. Ces informations permettent d\u2019\u00e9laborer des campagnes marketing plus cibl\u00e9es et plus efficaces pour des march\u00e9s am\u00e9ricains et internationaux plus vastes.<\/p>\n\n\n\n<h2 class=\"wp-block-heading\">D\u00e9fis et consid\u00e9rations<\/h2>\n\n\n\n<figure class=\"gb-block-image gb-block-image-6304aa7b\"><img loading=\"lazy\" decoding=\"async\" width=\"1456\" height=\"816\" class=\"gb-image gb-image-6304aa7b\" src=\"https:\/\/www.sisinternational.com\/wp-content\/uploads\/2025\/08\/Perfume-cologne-fragance-4.jpg\" alt=\"\u00c9tudes de march\u00e9 et strat\u00e9gie internationales SIS\" title=\"Perfume cologne fragance (4)\" srcset=\"https:\/\/www.sisinternational.com\/wp-content\/uploads\/2025\/08\/Perfume-cologne-fragance-4.jpg 1456w, https:\/\/www.sisinternational.com\/wp-content\/uploads\/2025\/08\/Perfume-cologne-fragance-4-300x168.jpg 300w, https:\/\/www.sisinternational.com\/wp-content\/uploads\/2025\/08\/Perfume-cologne-fragance-4-1024x574.jpg 1024w, https:\/\/www.sisinternational.com\/wp-content\/uploads\/2025\/08\/Perfume-cologne-fragance-4-768x430.jpg 768w, https:\/\/www.sisinternational.com\/wp-content\/uploads\/2025\/08\/Perfume-cologne-fragance-4-18x10.jpg 18w\" sizes=\"auto, (max-width: 1456px) 100vw, 1456px\"><\/figure>\n\n\n\n<p><\/p>\n\n\n\n<p><strong>Haute concurrence<\/strong><\/p>\n\n\n\n<p>Pour p\u00e9n\u00e9trer ce march\u00e9, il faut \u00e9voluer dans un paysage satur\u00e9 de marques \u00e9tablies et d\u2019acteurs \u00e9mergents. Pour les entreprises qui testent de nouveaux produits, se d\u00e9marquer face \u00e0 cette concurrence peut s\u2019av\u00e9rer difficile.<\/p>\n\n\n\n<p><strong>Facteurs de co\u00fbt<\/strong><\/p>\n\n\n\n<p>Les co\u00fbts associ\u00e9s aux espaces de vente, au marketing et aux \u00e9v\u00e9nements promotionnels peuvent \u00eatre consid\u00e9rablement plus \u00e9lev\u00e9s sur ce march\u00e9 que sur d\u2019autres. Les loyers \u00e9lev\u00e9s des emplacements de vente au d\u00e9tail de premier ordre et les d\u00e9penses li\u00e9es \u00e0 la collaboration avec les m\u00e9dias et les influenceurs influents s\u2019ajoutent au budget global.<\/p>\n\n\n\n<p><strong>Questions de r\u00e9glementation et de conformit\u00e9<\/strong><\/p>\n\n\n\n<p>Les secteurs des soins personnels et des parfums sont soumis \u00e0 des r\u00e9glementations strictes en mati\u00e8re de s\u00e9curit\u00e9 des produits, d&#039;\u00e9tiquetage et de commercialisation. Pour se familiariser avec ces r\u00e9glementations \u00e0 New York, il faut bien comprendre les exigences f\u00e9d\u00e9rales et \u00e9tatiques, y compris celles sp\u00e9cifiques au march\u00e9 de New York.<\/p>\n\n\n\n<h2 class=\"wp-block-heading\">Comment SIS International aide les entreprises \u00e0 tester des parfums et des produits de soins personnels \u00e0 New York<\/h2>\n\n\n\n<p><a href=\"https:\/\/www.linkedin.com\/company\/sisinternationalresearch\/\" target=\"_blank\" rel=\"noopener\">SIS International<\/a> fournit un soutien complet aux entreprises \u00e0 la recherche de tests de parfums et de produits de soins personnels \u00e0 New York. En tirant parti de notre expertise en \u00e9tudes de march\u00e9 et en conseil, nous proposons des solutions sur mesure qui r\u00e9pondent aux d\u00e9fis et opportunit\u00e9s uniques de ce march\u00e9 dynamique.<\/p>\n\n\n<p>\n\n\n<\/p>\n<h4 class=\"wp-block-heading\" style=\"padding-left: 40px;\"><strong>Analyse de march\u00e9 par des experts<\/strong><\/h4>\n<p style=\"padding-left: 40px;\">\n\n\n\n<\/p>\n<p style=\"padding-left: 40px;\">Notre \u00e9quipe effectue des analyses de march\u00e9 approfondies pour identifier les principales tendances, les pr\u00e9f\u00e9rences des consommateurs et la dynamique concurrentielle \u00e0 New York. En fournissant des informations d\u00e9taill\u00e9es sur le paysage du march\u00e9 local, nous aidons les entreprises \u00e0 comprendre les facteurs sp\u00e9cifiques qui influenceront le succ\u00e8s de leurs produits.\u00a0<\/p>\n<p style=\"padding-left: 40px;\">\n\n\n\n<\/p>\n<h4 class=\"wp-block-heading\" style=\"padding-left: 40px;\"><strong>Recherche cibl\u00e9e aupr\u00e8s des consommateurs<\/strong><\/h4>\n<p style=\"padding-left: 40px;\">\n\n\n\n<\/p>\n<p style=\"padding-left: 40px;\">Nous facilitons des \u00e9tudes de consommation cibl\u00e9es, notamment des groupes de discussion et des enqu\u00eates, pour recueillir des commentaires pr\u00e9cieux sur les parfums et les produits de soins personnels. Nos m\u00e9thodologies de recherche sont con\u00e7ues pour saisir les nuances des pr\u00e9f\u00e9rences des consommateurs, en fournissant des informations exploitables sur les attributs des produits, les emballages et les strat\u00e9gies marketing.\u00a0<\/p>\n<p style=\"padding-left: 40px;\">\n\n\n\n<\/p>\n<h4 class=\"wp-block-heading\" style=\"padding-left: 40px;\"><strong>Partenariats strat\u00e9giques de vente au d\u00e9tail<\/strong><\/h4>\n<p style=\"padding-left: 40px;\">\n\n\n\n<\/p>\n<p style=\"padding-left: 40px;\">SIS International aide \u00e0 \u00e9tablir des partenariats strat\u00e9giques avec les d\u00e9taillants new-yorkais pour tester les produits dans un environnement r\u00e9el. Notre soutien permet de maximiser la visibilit\u00e9 des produits et de recueillir des commentaires pr\u00e9cieux aupr\u00e8s d&#039;environnements de vente au d\u00e9tail connus pour leurs normes \u00e9lev\u00e9es et leur influence.<\/p>\n<p style=\"padding-left: 40px;\">\n\n\n\n<\/p>\n<h4 class=\"wp-block-heading\" style=\"padding-left: 40px;\"><strong>Informations bas\u00e9es sur les donn\u00e9es<\/strong><\/h4>\n<p style=\"padding-left: 40px;\">\n\n\n\n<\/p>\n<p style=\"padding-left: 40px;\">Notre approche comprend l&#039;analyse quantitative et qualitative des donn\u00e9es pour interpr\u00e9ter les commentaires des consommateurs et les tendances du march\u00e9. Ces informations bas\u00e9es sur les donn\u00e9es sont essentielles pour affiner le d\u00e9veloppement des produits et les strat\u00e9gies marketing.<\/p>\n<p style=\"padding-left: 40px;\">\n\n\n\n<\/p>\n<h4 class=\"wp-block-heading\" style=\"padding-left: 40px;\"><strong>Conseils en mati\u00e8re de r\u00e9glementation et de conformit\u00e9<\/strong><\/h4>\n<p style=\"padding-left: 40px;\">\n\n\n\n<\/p>\n<p style=\"padding-left: 40px;\">SIS vous accompagne dans la mise en conformit\u00e9 avec les r\u00e9glementations locales et f\u00e9d\u00e9rales, garantissant que vos produits r\u00e9pondent \u00e0 toutes les normes n\u00e9cessaires. Notre expertise permet d&#039;att\u00e9nuer le risque de probl\u00e8mes r\u00e9glementaires et facilite une entr\u00e9e en douceur sur le march\u00e9.<\/p>\n<p style=\"padding-left: 40px;\">\n\n\n\n<\/p>\n<h4 class=\"wp-block-heading\" style=\"padding-left: 40px;\"><strong>Recommandations strat\u00e9giques<\/strong><\/h4>\n<p style=\"padding-left: 40px;\">\n\n\n\n<\/p>\n<p style=\"padding-left: 40px;\">Sur la base de nos recherches et analyses, nous fournissons des recommandations strat\u00e9giques pour optimiser les offres de produits et les approches marketing. Nos recommandations sont adapt\u00e9es au march\u00e9 de New York et sont con\u00e7ues pour renforcer l&#039;attrait des produits, am\u00e9liorer le positionnement sur le march\u00e9 et favoriser des lancements r\u00e9ussis.<\/p>\n<p>\n\n\n<\/p>\n\n\n<h2 class=\"wp-block-heading\">\u00c0 propos de SIS International<\/h2>\n\n\n\n<p><a href=\"https:\/\/www.sisinternational.com\/fr\/\">SIS International<\/a> propose des recherches quantitatives, qualitatives et strat\u00e9giques. Nous fournissons des donn\u00e9es, des outils, des strat\u00e9gies, des rapports et des informations pour la prise de d\u00e9cision. Nous menons \u00e9galement des entretiens, des enqu\u00eates, des groupes de discussion et d\u2019autres m\u00e9thodes et approches d\u2019\u00e9tudes de march\u00e9.<a href=\"https:\/\/www.sisinternational.com\/fr\/a-propos-de-la-recherche-internationale-sis\/contact-sis-international-market-research\/\"> Contactez nous<\/a> pour votre prochain projet d&#039;\u00e9tude de march\u00e9.<\/p>\n\n\n\n<p><\/p>","protected":false},"excerpt":{"rendered":"<p>The Strategic Advantage of Testing Fragrances and Personal Care Products in New York The city&#8217;s global influence and high-profile retail environment make it a powerful launchpad for refining products and strategies before a nationwide rollout.&nbsp; In the competitive world of fragrances and personal care products, entering the U.S. market requires a strategic approach to ensure &#8230; <a title=\"L\u2019avantage strat\u00e9gique de tester des parfums et des produits de soins personnels \u00e0 New York\" class=\"read-more\" href=\"https:\/\/www.sisinternational.com\/fr\/solutions\/etude-de-marche-des-produits-de-beaute\/tester-des-parfums-et-des-produits-de-soins-personnels-a-new-york\/\" aria-label=\"En savoir plus sur The Strategic Advantage of Testing Fragrances and Personal Care Products in New York\">Lire plus<\/a><\/p>","protected":false},"author":1,"featured_media":64906,"parent":27176,"menu_order":19,"comment_status":"closed","ping_status":"closed","template":"","meta":{"footnotes":""},"class_list":["post-53737","page","type-page","status-publish","has-post-thumbnail"],"_links":{"self":[{"href":"https:\/\/www.sisinternational.com\/fr\/wp-json\/wp\/v2\/pages\/53737","targetHints":{"allow":["GET"]}}],"collection":[{"href":"https:\/\/www.sisinternational.com\/fr\/wp-json\/wp\/v2\/pages"}],"about":[{"href":"https:\/\/www.sisinternational.com\/fr\/wp-json\/wp\/v2\/types\/page"}],"author":[{"embeddable":true,"href":"https:\/\/www.sisinternational.com\/fr\/wp-json\/wp\/v2\/users\/1"}],"replies":[{"embeddable":true,"href":"https:\/\/www.sisinternational.com\/fr\/wp-json\/wp\/v2\/comments?post=53737"}],"version-history":[{"count":8,"href":"https:\/\/www.sisinternational.com\/fr\/wp-json\/wp\/v2\/pages\/53737\/revisions"}],"predecessor-version":[{"id":76817,"href":"https:\/\/www.sisinternational.com\/fr\/wp-json\/wp\/v2\/pages\/53737\/revisions\/76817"}],"up":[{"embeddable":true,"href":"https:\/\/www.sisinternational.com\/fr\/wp-json\/wp\/v2\/pages\/27176"}],"wp:featuredmedia":[{"embeddable":true,"href":"https:\/\/www.sisinternational.com\/fr\/wp-json\/wp\/v2\/media\/64906"}],"wp:attachment":[{"href":"https:\/\/www.sisinternational.com\/fr\/wp-json\/wp\/v2\/media?parent=53737"}],"curies":[{"name":"wp","href":"https:\/\/api.w.org\/{rel}","templated":true}]}}