{"id":53736,"date":"2024-10-15T23:59:35","date_gmt":"2024-10-16T03:59:35","guid":{"rendered":"https:\/\/www.sisinternational.com\/?page_id=53736"},"modified":"2026-01-26T18:39:31","modified_gmt":"2026-01-26T23:39:31","slug":"avantage-new-york-comme-marche-test-pour-les-voyages","status":"publish","type":"page","link":"https:\/\/www.sisinternational.com\/fr\/competence\/tourisme-de-voyage\/avantage-new-york-comme-marche-test-pour-les-voyages\/","title":{"rendered":"L\u2019avantage strat\u00e9gique d\u2019utiliser New York comme march\u00e9 test pour les voyages et le tourisme"},"content":{"rendered":"<h1 class=\"wp-block-heading\">L\u2019avantage strat\u00e9gique d\u2019utiliser New York comme march\u00e9 test pour les voyages et le tourisme<\/h1>\n\n\n\n<figure class=\"gb-block-image gb-block-image-c85d84e9\"><img decoding=\"async\" class=\"gb-image gb-image-c85d84e9\" src=\"https:\/\/www.sisinternational.com\/wp-content\/uploads\/2025\/09\/New-York-11.jpg\" alt=\"\u00c9tudes de march\u00e9 et strat\u00e9gie internationales SIS\" title=\"New York (11)\"><\/figure>\n\n\n\n<p><\/p>\n\n\n\n<h3 class=\"wp-block-heading\">La base de consommateurs vaste et vari\u00e9e de New York permet des tests complets pour les entreprises de voyages et de tourisme, offrant des donn\u00e9es pr\u00e9cieuses sur les performances des produits dans un environnement \u00e0 enjeux \u00e9lev\u00e9s et \u00e0 haute visibilit\u00e9.<\/h3>\n\n\n\n<p>New York offre des avantages incomparables en tant que march\u00e9 test pour les voyages et le tourisme en raison de ses caract\u00e9ristiques de march\u00e9 uniques et de la diversit\u00e9 de son public. \u00c9tant l&#039;une des villes les plus visit\u00e9es au monde, New York City offre un environnement dynamique pour tester de nouveaux produits de voyage et de tourisme, en s&#039;assurant qu&#039;ils r\u00e9pondent aux attentes d&#039;une population large et vari\u00e9e.<\/p>\n\n\n\n<h2 class=\"wp-block-heading\">Avantages de l\u2019utilisation de New York comme march\u00e9 test pour les voyages et le tourisme<\/h2>\n\n\n<div class=\"wp-block-image\">\n<figure class=\"aligncenter is-resized\"><img decoding=\"async\" src=\"https:\/\/lh7-rt.googleusercontent.com\/docsz\/AD_4nXdrO__lUoay1eg8wgyObpmd9Ovlk0MkzaU8KA_9CD-7LVN17Esk8ndCYQRk7rGNgqKcVE9vCNhc7NIfm8nzOwvUAAM_VgUq4pWcT3slAij5fwTXVvrD8IoTsQXnhmZCnY2Wtcuquppaem4j4wYFVkFPNXs?key=P1kglV9NJ0lJjHxrPsPqcw\" alt=\"\u00c9tudes de march\u00e9 et strat\u00e9gie internationales SIS\" style=\"width:394px;height:auto\"><\/figure>\n<\/div>\n\n\n<p><\/p>\n\n\n\n<p>La diversit\u00e9 unique de New York, son innovation et son influence mondiale en font un march\u00e9 test exceptionnel pour les entreprises de voyage et de tourisme. Malgr\u00e9 les d\u00e9fis que pose le fonctionnement dans un environnement aussi comp\u00e9titif et dynamique, les avantages strat\u00e9giques des tests \u00e0 New York d\u00e9passent de loin les obstacles.<\/p>\n\n\n\n<h3 class=\"wp-block-heading\">1. D\u00e9mographie et habitudes de voyage uniques \u00e0 New York<\/h3>\n\n\n\n<p>New York <span style=\"box-sizing: border-box; margin: 0px; padding: 0px;\">offre un acc\u00e8s in\u00e9gal\u00e9 \u00e0 un large \u00e9ventail de groupes d\u00e9mographiques en tant que march\u00e9 test pour les voyages et le tourisme<\/span>Avec une population de plus de 8 millions d&#039;habitants, la ville est un melting-pot de cultures, d&#039;ethnies et de groupes d&#039;\u00e2ge. Cette diversit\u00e9 refl\u00e8te les tendances mondiales du tourisme, ce qui en fait un endroit id\u00e9al pour les entreprises qui souhaitent tester des produits et des services destin\u00e9s aux march\u00e9s internationaux.<\/p>\n\n\n\n<p>De plus, New York, en tant que march\u00e9 test pour le tourisme et les voyages, b\u00e9n\u00e9ficie de son r\u00f4le de destination mondiale de premier plan. Des millions de touristes internationaux et nationaux visitent New York chaque ann\u00e9e, offrant aux entreprises un flux constant de nouvelles informations. Ces visiteurs viennent de milieux \u00e9conomiques divers, allant des voyageurs fortun\u00e9s \u00e0 la recherche d&#039;exp\u00e9riences de luxe aux voyageurs \u00e0 petit budget \u00e0 la recherche d&#039;options \u00e9conomiques. En cons\u00e9quence, les entreprises peuvent exp\u00e9rimenter plusieurs strat\u00e9gies de voyage et de tourisme \u00e0 la fois, en adaptant leur approche pour r\u00e9pondre \u00e0 des publics cibles distincts.<\/p>\n\n\n\n<p>Les habitants de New York constituent \u00e9galement un \u00e9l\u00e9ment important de ce march\u00e9 test. Les New-Yorkais sont des voyageurs fr\u00e9quents (dans leur pays et \u00e0 l&#039;\u00e9tranger) pour les affaires et les loisirs, ce qui fait de New York une ville o\u00f9 convergent les pr\u00e9f\u00e9rences de voyage internationales.&nbsp;<\/p>\n\n\n\n<h3 class=\"wp-block-heading\">2. Acc\u00e8s aux principaux segments de consommateurs \u00e0 New York<\/h3>\n\n\n\n<p>New York est un microcosme qui regroupe presque tous les groupes cibles du secteur du voyage. Pour les entreprises qui cherchent \u00e0 peaufiner leurs offres de voyage, la concentration de consommateurs de New York offre un avantage strat\u00e9gique en captant un large \u00e9ventail de pr\u00e9f\u00e9rences en un seul endroit. Elle permet aux marques d&#039;exploiter sa vaste population de professionnels, de touristes, d&#039;\u00e9tudiants et de familles.&nbsp;<\/p>\n\n\n\n<p>New York est \u00e9galement une destination de choix pour les voyageurs de loisirs, qu\u2019ils soient aventuriers solitaires ou familles en vacances. Cela permet aux agences de voyages de tester toutes sortes de solutions, des h\u00e9bergements \u00e9conomiques aux attractions destin\u00e9es aux familles. La ville attire \u00e9galement de nombreux \u00e9tudiants, ce qui permet aux entreprises d\u2019acc\u00e9der \u00e0 un segment plus jeune et f\u00e9ru de technologie qui s\u2019appuie fortement sur les applications mobiles et les plateformes num\u00e9riques pour planifier leurs voyages.&nbsp;<\/p>\n\n\n\n<p>Furthermore, New York&#8217;s international airports and robust transportation infrastructure facilitate the arrival of many international tourists. NYC as a test market for travel and tourism allows companies to interact with consumers from all over the world, gaining real-time feedback on global travel preferences. This direct access to international visitors helps businesses refine their global <a href=\"https:\/\/www.sisinternational.com\/fr\/marketing-direct\/\" title=\"Qu\u2019est-ce que le marketing direct ?\"  data-wpil-monitor-id=\"6994\">strat\u00e9gies marketing<\/a> and understand how different nationalities respond to their products and services.<\/p>\n\n\n\n<h3 class=\"wp-block-heading\">3. Infrastructures et innovation dans le secteur du voyage et du tourisme \u00e0 New York<\/h3>\n\n\n\n<figure class=\"gb-block-image gb-block-image-40277d61\"><img loading=\"lazy\" decoding=\"async\" width=\"1456\" height=\"816\" class=\"gb-image gb-image-40277d61\" src=\"https:\/\/www.sisinternational.com\/wp-content\/uploads\/2025\/08\/new-York-4.jpg\" alt=\"\u00c9tudes de march\u00e9 et strat\u00e9gie internationales SIS\" title=\"new York (4)\" srcset=\"https:\/\/www.sisinternational.com\/wp-content\/uploads\/2025\/08\/new-York-4.jpg 1456w, https:\/\/www.sisinternational.com\/wp-content\/uploads\/2025\/08\/new-York-4-300x168.jpg 300w, https:\/\/www.sisinternational.com\/wp-content\/uploads\/2025\/08\/new-York-4-1024x574.jpg 1024w, https:\/\/www.sisinternational.com\/wp-content\/uploads\/2025\/08\/new-York-4-768x430.jpg 768w, https:\/\/www.sisinternational.com\/wp-content\/uploads\/2025\/08\/new-York-4-18x10.jpg 18w\" sizes=\"auto, (max-width: 1456px) 100vw, 1456px\"><\/figure>\n\n\n\n<p><\/p>\n\n\n\n<p>Avec trois grands a\u00e9roports internationaux (JFK, LaGuardia et Newark), New York est un point d&#039;entr\u00e9e essentiel pour des millions de voyageurs du monde entier. Ces a\u00e9roports accueillent plus de 100 millions de passagers par an, offrant aux entreprises une occasion unique d&#039;\u00e9tudier les comportements, les pr\u00e9f\u00e9rences et les difficult\u00e9s des voyageurs d\u00e8s leur arriv\u00e9e. Le syst\u00e8me de transport bien connect\u00e9 de New York, notamment son m\u00e9tro, ses bus et ses ferries, permet aux visiteurs de se d\u00e9placer facilement dans la ville, ce qui en fait un environnement id\u00e9al pour tester les services de voyage et de transport.<\/p>\n\n\n\n<p>En outre, New York, en tant que march\u00e9 test pour les voyages et le tourisme, b\u00e9n\u00e9ficie des investissements continus de la ville dans les technologies de la ville intelligente. Des solutions innovantes telles que les paiements sans contact, les applications touristiques intelligentes et les syst\u00e8mes de service client bas\u00e9s sur l&#039;IA sont de plus en plus int\u00e9gr\u00e9es \u00e0 l&#039;exp\u00e9rience de voyage. Cela offre aux entreprises un environnement tourn\u00e9 vers l&#039;avenir pour tester des technologies de pointe afin d&#039;am\u00e9liorer l&#039;exp\u00e9rience client. Par exemple, les entreprises peuvent tester des services d&#039;enregistrement automatis\u00e9, des mises \u00e0 jour de voyage en temps r\u00e9el et des itin\u00e9raires de voyage personnalis\u00e9s, en collectant des donn\u00e9es inestimables aupr\u00e8s de l&#039;une des bases de consommateurs les plus technophiles et les plus exigeantes au monde.<\/p>\n\n\n\n<p>L&#039;industrie h\u00f4teli\u00e8re de la ville est tout aussi avanc\u00e9e, avec une large gamme d&#039;h\u00e9bergements qui r\u00e9pondent aux besoins de tous les types de voyageurs. Des h\u00f4tels de luxe de Manhattan aux options \u00e9conomiques de Brooklyn, New York, en tant que march\u00e9 test pour les voyages et le tourisme, permet aux entreprises d&#039;exp\u00e9rimenter des strat\u00e9gies de tarification, des offres de services et des campagnes marketing. Les entreprises d&#039;h\u00f4tellerie peuvent tester l&#039;impact des programmes de fid\u00e9lit\u00e9, des initiatives respectueuses de l&#039;environnement et des exp\u00e9riences de r\u00e9servation sur mobile sur leurs publics cibles.<\/p>\n\n\n\n<h3 class=\"wp-block-heading\">4. Acc\u00e8s aux consommateurs \u00e0 haut niveau de d\u00e9penses<\/h3>\n\n\n\n<p>Les tests effectu\u00e9s \u00e0 New York permettent aux entreprises d\u2019acc\u00e9der directement \u00e0 cette population financi\u00e8rement comp\u00e9tente, leur permettant d\u2019\u00e9valuer l\u2019int\u00e9r\u00eat de leurs produits et services haut de gamme aupr\u00e8s des consommateurs qui d\u00e9pensent davantage pour des exp\u00e9riences haut de gamme. Cela comprend l\u2019\u00e9valuation des r\u00e9actions des consommateurs aux h\u00f4tels de luxe, aux restaurants raffin\u00e9s, aux forfaits de voyage haut de gamme et aux attractions exclusives.<\/p>\n\n\n\n<p>En outre, les r\u00e9sultats des tests r\u00e9alis\u00e9s aupr\u00e8s des consommateurs \u00e0 revenus \u00e9lev\u00e9s de New York peuvent \u00e9clairer des strat\u00e9gies de march\u00e9 plus larges. Par exemple, comprendre les pr\u00e9f\u00e9rences et les habitudes de consommation des r\u00e9sidents ais\u00e9s de New York peut aider les entreprises \u00e0 concevoir des campagnes marketing cibl\u00e9es et des strat\u00e9gies promotionnelles qui s&#039;adressent aux consommateurs \u00e0 revenus \u00e9lev\u00e9s d&#039;autres grandes villes du monde.<\/p>\n\n\n\n<h2 class=\"wp-block-heading\">D\u00e9fis et opportunit\u00e9s de New York en tant que march\u00e9 test pour les voyages et le tourisme<\/h2>\n\n\n\n<figure class=\"gb-block-image gb-block-image-f85d4c3f\"><img decoding=\"async\" class=\"gb-image gb-image-f85d4c3f\" src=\"https:\/\/www.sisinternational.com\/wp-content\/uploads\/2025\/08\/new-York-5.jpg\" alt=\"\u00c9tudes de march\u00e9 et strat\u00e9gie internationales SIS\" title=\"new York (5)\"><\/figure>\n\n\n\n<p><\/p>\n\n\n\n<p>Bien que New York offre de nombreux avantages en tant que march\u00e9 test pour les voyages et le tourisme, les entreprises doivent \u00eatre conscientes des d\u00e9fis et des opportunit\u00e9s lorsqu\u2019elles testent leurs campagnes dans la ville.<\/p>\n\n\n\n<h4 class=\"wp-block-heading\"><strong>D\u00e9fis:<\/strong><\/h4>\n\n\n\n<ul class=\"wp-block-list\">\n<li><strong>Forte concurrence<\/strong>:New York <a href=\"https:\/\/www.statista.com\/outlook\/mmo\/travel-tourism\/worldwide\" target=\"_blank\" rel=\"noopener\">march\u00e9 du voyage et du tourisme<\/a> Le march\u00e9 est tr\u00e8s satur\u00e9, avec de nombreuses marques qui rivalisent pour attirer l&#039;attention des consommateurs. Il est donc difficile pour les nouveaux produits ou services de se d\u00e9marquer.<\/li>\n\n\n\n<li><strong>Lassitude des consommateurs<\/strong>:Avec un flux constant de nouvelles offres, les consommateurs peuvent \u00eatre d\u00e9pass\u00e9s ou h\u00e9siter \u00e0 essayer des marques inconnues dans un environnement aussi concurrentiel.<\/li>\n\n\n\n<li><strong>Co\u00fbts d\u2019exploitation \u00e9lev\u00e9s<\/strong>:Le co\u00fbt des affaires \u00e0 New York est nettement plus \u00e9lev\u00e9 que dans de nombreuses autres villes, notamment en termes d&#039;immobilier, de marketing et de d\u00e9penses op\u00e9rationnelles. Cela peut \u00eatre particuli\u00e8rement difficile pour les petites entreprises.<\/li>\n\n\n\n<li><strong>Des attentes de consommateurs plus \u00e9lev\u00e9es<\/strong>:Les touristes comme les habitants de New York s&#039;attendent \u00e0 un service haut de gamme, m\u00eame de la part des marques \u00e0 petit budget. Cela peut augmenter le co\u00fbt de la fourniture des produits et services pour r\u00e9pondre \u00e0 ces normes \u00e9lev\u00e9es.<\/li>\n\n\n\n<li><strong>Des tendances en \u00e9volution rapide<\/strong>:Le rythme effr\u00e9n\u00e9 de la vie \u00e0 New York fait que les pr\u00e9f\u00e9rences des consommateurs \u00e9voluent rapidement et que ce qui fonctionne une saison peut ne pas \u00eatre efficace la suivante. Les entreprises doivent donc constamment faire \u00e9voluer leurs strat\u00e9gies.<br><\/li>\n<\/ul>\n\n\n\n<h4 class=\"wp-block-heading\"><strong>Opportunit\u00e9s:<\/strong><\/h4>\n\n\n\n<ul class=\"wp-block-list\">\n<li><strong>Prouver la commercialisation dans un environnement concurrentiel<\/strong>:Se d\u00e9marquer avec succ\u00e8s sur le march\u00e9 encombr\u00e9 de New York d\u00e9montre qu&#039;une entreprise peut prosp\u00e9rer dans d&#039;autres r\u00e9gions moins comp\u00e9titives. Cela constitue un indicateur fort du potentiel plus large d&#039;un produit ou d&#039;un service.<\/li>\n\n\n\n<li><strong>Efficacit\u00e9 op\u00e9rationnelle<\/strong>:En g\u00e9rant les co\u00fbts \u00e9lev\u00e9s et en maintenant la qualit\u00e9 \u00e0 New York, les entreprises peuvent affiner leurs mod\u00e8les de tarification et am\u00e9liorer leur efficacit\u00e9. Cette optimisation peut conduire \u00e0 une plus grande rentabilit\u00e9 lors de l&#039;expansion vers des march\u00e9s plus abordables.<\/li>\n\n\n\n<li><strong>Am\u00e9liorer les propositions de valeur<\/strong>:En raison de la concurrence intense, les entreprises sont pouss\u00e9es \u00e0 affiner leur message, \u00e0 am\u00e9liorer l&#039;exp\u00e9rience client et \u00e0 innover dans leurs strat\u00e9gies marketing. Une campagne r\u00e9ussie \u00e0 New York montre la capacit\u00e9 d&#039;une marque \u00e0 cr\u00e9er une proposition de valeur unique et convaincante.<\/li>\n\n\n\n<li><strong>Agilit\u00e9 et adaptabilit\u00e9<\/strong>:Le rythme rapide de changement de New York en tant que march\u00e9 test pour les voyages et le tourisme oblige les entreprises \u00e0 \u00eatre flexibles et r\u00e9actives. Cette capacit\u00e9 \u00e0 s&#039;adapter rapidement en fonction des commentaires des consommateurs renforce la r\u00e9silience et la pertinence d&#039;une entreprise dans un secteur du voyage en constante \u00e9volution.<\/li>\n\n\n\n<li><strong>Des informations de haute qualit\u00e9<\/strong>:Les tests \u00e0 New York permettent d&#039;acc\u00e9der \u00e0 une client\u00e8le diversifi\u00e9e et exigeante. Les entreprises peuvent recueillir des commentaires pr\u00e9cieux qui les aident \u00e0 fa\u00e7onner leurs strat\u00e9gies pour les march\u00e9s locaux et mondiaux.<br><\/li>\n<\/ul>\n\n\n\n<h2 class=\"wp-block-heading\">Comment SIS International aide les entreprises \u00e0 d\u00e9couvrir les avantages de New York en tant que march\u00e9 test pour les voyages et le tourisme<\/h2>\n\n\n\n<p>\u00c0 <a href=\"https:\/\/www.linkedin.com\/company\/sisinternationalresearch\/\" target=\"_blank\" rel=\"noopener\">SIS International<\/a>, nous comprenons les d\u00e9fis et les opportunit\u00e9s uniques que repr\u00e9sente l&#039;utilisation de New York comme march\u00e9 test pour les voyages et le tourisme. Notre expertise et nos services complets sont con\u00e7us pour aider les entreprises \u00e0 naviguer dans cet environnement complexe et \u00e0 tirer parti de ses avantages pour des r\u00e9sultats optimaux.<\/p>\n\n\n<p>\n\n\n<\/p>\n<p style=\"padding-left: 40px;\"><strong>Expertise en \u00e9tudes de march\u00e9<\/strong>:\u00a0<\/p>\n<p style=\"padding-left: 40px;\">\n\n\n\n<\/p>\n<p style=\"padding-left: 40px;\">Nous proposons des \u00e9tudes de march\u00e9 et des analyses approfondies adapt\u00e9es au secteur du voyage et du tourisme \u00e0 New York. Notre \u00e9quipe m\u00e8ne des \u00e9tudes d\u00e9taill\u00e9es sur le comportement des consommateurs, les tendances du march\u00e9 et la dynamique concurrentielle pour aider les entreprises \u00e0 prendre des d\u00e9cisions \u00e9clair\u00e9es.<\/p>\n<p style=\"padding-left: 40px;\">\n\n\n\n<\/p>\n<p style=\"padding-left: 40px;\"><strong>La connaissance des consommateurs<\/strong>:\u00a0<\/p>\n<p style=\"padding-left: 40px;\">\n\n\n\n<\/p>\n<p style=\"padding-left: 40px;\">Gr\u00e2ce \u00e0 nos m\u00e9thodologies et outils avanc\u00e9s, nous recueillons des informations pr\u00e9cieuses sur divers segments de consommateurs \u00e0 New York. Cela comprend l&#039;analyse des pr\u00e9f\u00e9rences, des comportements et des commentaires pour affiner les produits et services qui trouvent un \u00e9cho aupr\u00e8s des segments de march\u00e9.<\/p>\n<p style=\"padding-left: 40px;\">\n\n\n\n<\/p>\n<p style=\"padding-left: 40px;\"><strong>Orientation strat\u00e9gique<\/strong>:\u00a0<\/p>\n<p style=\"padding-left: 40px;\">\n\n\n\n<\/p>\n<p style=\"padding-left: 40px;\">SIS propose des conseils strat\u00e9giques pour guider les entreprises dans la phase de test et de lancement de leurs offres de voyages et de tourisme \u00e0 New York. Nous aidons \u00e0 d\u00e9velopper des strat\u00e9gies efficaces, \u00e0 optimiser les efforts marketing et \u00e0 relever tous les d\u00e9fis qui peuvent survenir pendant la phase de test.<\/p>\n<p style=\"padding-left: 40px;\">\n\n\n\n<\/p>\n<p style=\"padding-left: 40px;\"><strong>Solutions bas\u00e9es sur les donn\u00e9es<\/strong>:\u00a0<\/p>\n<p style=\"padding-left: 40px;\">\n\n\n\n<\/p>\n<p style=\"padding-left: 40px;\">Leveraging our extensive data collection and analysis capabilities, we provide <a href=\"https:\/\/www.sisinternational.com\/fr\/b2b\/\" title=\"Cost-Effective and Actionable Insights to Drive Your Next Strategic Move\" data-wpil-monitor-id=\"1478\">actionable insights that drive<\/a> business decisions. Our data-driven approach ensures businesses can refine their strategies based on real-time feedback and market performance.<\/p>\n<p style=\"padding-left: 40px;\">\n\n\n\n<\/p>\n<p style=\"padding-left: 40px;\"><strong>Rapports personnalis\u00e9s<\/strong>:\u00a0<\/p>\n<p style=\"padding-left: 40px;\">\n\n\n\n<\/p>\n<p style=\"padding-left: 40px;\">Nous fournissons des rapports personnalis\u00e9s mettant en \u00e9vidence les principales conclusions et recommandations pour le march\u00e9 de New York. Ces rapports fournissent des informations claires et exploitables qui soutiennent la planification strat\u00e9gique et la prise de d\u00e9cision.<\/p>\n<p style=\"padding-left: 40px;\">\n\n\n\n<\/p>\n<p style=\"padding-left: 40px;\"><strong>Expertise locale<\/strong>:\u00a0<\/p>\n<p style=\"padding-left: 40px;\">\n\n\n\n<\/p>\n<p style=\"padding-left: 40px;\">Gr\u00e2ce \u00e0 notre connaissance approfondie du march\u00e9 new-yorkais, nous offrons des informations et des connexions locales pr\u00e9cieuses qui peuvent am\u00e9liorer l&#039;efficacit\u00e9 de vos efforts de test sur le march\u00e9. Notre expertise r\u00e9gionale permet aux entreprises de naviguer en toute confiance dans les complexit\u00e9s du paysage du voyage et du tourisme \u00e0 New York.<\/p>\n<p style=\"padding-left: 120px;\">\n\n\n<\/p>\n\n\n<h2 class=\"wp-block-heading\">\u00c0 propos de SIS International<\/h2>\n\n\n\n<p><a href=\"https:\/\/www.sisinternational.com\/fr\/\">SIS International<\/a> propose des recherches quantitatives, qualitatives et strat\u00e9giques. Nous fournissons des donn\u00e9es, des outils, des strat\u00e9gies, des rapports et des informations pour la prise de d\u00e9cision. Nous menons \u00e9galement des entretiens, des enqu\u00eates, des groupes de discussion et d\u2019autres m\u00e9thodes et approches d\u2019\u00e9tudes de march\u00e9. <a href=\"https:\/\/www.sisinternational.com\/fr\/a-propos-de-la-recherche-internationale-sis\/contact-sis-international-market-research\/\">Contactez nous<\/a> pour votre prochain projet d&#039;\u00e9tude de march\u00e9.<\/p>","protected":false},"excerpt":{"rendered":"<p>The Strategic Advantage of Using NYC as a Test Market for Travel and Tourism NYC\u2019s vast and varied consumer base allows for comprehensive testing for travel and tourism businesses, offering valuable data on how products perform in a high-stakes, high-visibility setting. NYC offers unparalleled advantages as a test market for travel and tourism due to &#8230; <a title=\"L\u2019avantage strat\u00e9gique d\u2019utiliser New York comme march\u00e9 test pour les voyages et le tourisme\" class=\"read-more\" href=\"https:\/\/www.sisinternational.com\/fr\/competence\/tourisme-de-voyage\/avantage-new-york-comme-marche-test-pour-les-voyages\/\" aria-label=\"En savoir plus sur The Strategic Advantage of Using NYC as a Test Market for Travel and Tourism\">Lire plus<\/a><\/p>","protected":false},"author":1,"featured_media":0,"parent":14221,"menu_order":1,"comment_status":"closed","ping_status":"closed","template":"","meta":{"footnotes":""},"class_list":["post-53736","page","type-page","status-publish"],"_links":{"self":[{"href":"https:\/\/www.sisinternational.com\/fr\/wp-json\/wp\/v2\/pages\/53736","targetHints":{"allow":["GET"]}}],"collection":[{"href":"https:\/\/www.sisinternational.com\/fr\/wp-json\/wp\/v2\/pages"}],"about":[{"href":"https:\/\/www.sisinternational.com\/fr\/wp-json\/wp\/v2\/types\/page"}],"author":[{"embeddable":true,"href":"https:\/\/www.sisinternational.com\/fr\/wp-json\/wp\/v2\/users\/1"}],"replies":[{"embeddable":true,"href":"https:\/\/www.sisinternational.com\/fr\/wp-json\/wp\/v2\/comments?post=53736"}],"version-history":[{"count":5,"href":"https:\/\/www.sisinternational.com\/fr\/wp-json\/wp\/v2\/pages\/53736\/revisions"}],"predecessor-version":[{"id":80561,"href":"https:\/\/www.sisinternational.com\/fr\/wp-json\/wp\/v2\/pages\/53736\/revisions\/80561"}],"up":[{"embeddable":true,"href":"https:\/\/www.sisinternational.com\/fr\/wp-json\/wp\/v2\/pages\/14221"}],"wp:attachment":[{"href":"https:\/\/www.sisinternational.com\/fr\/wp-json\/wp\/v2\/media?parent=53736"}],"curies":[{"name":"wp","href":"https:\/\/api.w.org\/{rel}","templated":true}]}}