{"id":53735,"date":"2024-10-14T23:51:37","date_gmt":"2024-10-15T03:51:37","guid":{"rendered":"https:\/\/www.sisinternational.com\/?page_id=53735"},"modified":"2026-03-22T02:56:55","modified_gmt":"2026-03-22T06:56:55","slug":"test-de-produits-educatifs-pour-les-enfants-a-new-york","status":"publish","type":"page","link":"https:\/\/www.sisinternational.com\/fr\/education-market-research\/test-de-produits-educatifs-pour-les-enfants-a-new-york\/","title":{"rendered":"Test de produits \u00e9ducatifs pour les enfants \u00e0 New York"},"content":{"rendered":"<h1 class=\"wp-block-heading\">Test de produits \u00e9ducatifs pour les enfants \u00e0 New York<\/h1>\n\n\n\n<figure class=\"gb-block-image gb-block-image-aaedeb70\"><img loading=\"lazy\" decoding=\"async\" width=\"1456\" height=\"816\" class=\"gb-image gb-image-aaedeb70\" src=\"https:\/\/www.sisinternational.com\/wp-content\/uploads\/2025\/08\/Generation-z-2.jpg\" alt=\"\u00c9tudes de march\u00e9 et strat\u00e9gie internationales SIS\" title=\"Generation z (2)\" srcset=\"https:\/\/www.sisinternational.com\/wp-content\/uploads\/2025\/08\/Generation-z-2.jpg 1456w, https:\/\/www.sisinternational.com\/wp-content\/uploads\/2025\/08\/Generation-z-2-300x168.jpg 300w, https:\/\/www.sisinternational.com\/wp-content\/uploads\/2025\/08\/Generation-z-2-1024x574.jpg 1024w, https:\/\/www.sisinternational.com\/wp-content\/uploads\/2025\/08\/Generation-z-2-768x430.jpg 768w, https:\/\/www.sisinternational.com\/wp-content\/uploads\/2025\/08\/Generation-z-2-18x10.jpg 18w\" sizes=\"auto, (max-width: 1456px) 100vw, 1456px\"><\/figure>\n\n\n\n<p><\/p>\n\n\n\n<h3 class=\"wp-block-heading\">En se concentrant sur des sc\u00e9narios de classe r\u00e9els, les tests de produits \u00e9ducatifs pour les enfants \u00e0 New York aident les marques \u00e0 concevoir des outils qui trouvent un v\u00e9ritable \u00e9cho aupr\u00e8s des enseignants et des \u00e9tudiants.<\/h3>\n\n\n\n<p>Les tests de produits \u00e9ducatifs \u00e0 New York sont essentiels pour garantir que les outils d\u2019apprentissage innovants r\u00e9pondent aux besoins des jeunes \u00e9tudiants. Dans une ville comme New York, les tests de produits \u00e9ducatifs pour les enfants \u00e0 New York fournissent des informations essentielles sur l\u2019efficacit\u00e9 des produits et l\u2019engagement des \u00e9tudiants. Ce processus de test aide les entreprises \u00e0 affiner leurs produits, en s\u2019assurant qu\u2019ils sont conformes aux normes \u00e9ducatives modernes tout en am\u00e9liorant l\u2019exp\u00e9rience d\u2019apprentissage des \u00e9tudiants.&nbsp;<\/p>\n\n\n\n<h2 class=\"wp-block-heading\">Pourquoi les tests de produits \u00e9ducatifs sont importants \u00e0 New York<\/h2>\n\n\n\n<p>La ville de New York offre un environnement unique pour tester des produits \u00e9ducatifs en raison de son vaste \u00e9ventail d&#039;\u00e9tablissements d&#039;enseignement, des \u00e9coles publiques aux prestigieuses acad\u00e9mies priv\u00e9es. La diversit\u00e9 de la population \u00e9tudiante et les m\u00e9thodes d&#039;enseignement vari\u00e9es offrent un terrain d&#039;essai complet pour les nouveaux outils d&#039;apprentissage. C&#039;est pourquoi les tests de produits \u00e9ducatifs pour enfants \u00e0 New York permettent aux marques d&#039;\u00e9valuer les performances de leurs produits dans diff\u00e9rents contextes \u00e9ducatifs et groupes d\u00e9mographiques.<\/p>\n\n\n\n<p>Gr\u00e2ce aux tests de produits \u00e9ducatifs destin\u00e9s aux enfants de New York, les entreprises peuvent garantir que leurs outils sont adaptables et efficaces dans diff\u00e9rents contextes, ce qui permet de cr\u00e9er des produits qui favorisent mieux les r\u00e9sultats \u00e9ducatifs et l&#039;engagement des \u00e9tudiants.<\/p>\n\n\n\n<h2 class=\"wp-block-heading\">Facteurs cl\u00e9s \u00e0 l\u2019origine des tests de produits \u00e9ducatifs \u00e0 New York<\/h2>\n\n\n\n<p>Tout d&#039;abord, l&#039;adoption rapide des nouvelles technologies dans les salles de classe \u00e0 New York offre un environnement id\u00e9al pour tester des outils p\u00e9dagogiques de pointe. Les \u00e9coles de la ville int\u00e8grent fr\u00e9quemment de nouvelles technologies, ce qui permet d&#039;\u00e9valuer plus facilement l&#039;ad\u00e9quation des produits aux programmes existants et leur adaptation aux avanc\u00e9es technologiques.<\/p>\n\n\n\n<p>Deuxi\u00e8mement, les normes \u00e9lev\u00e9es de la ville en mati\u00e8re de r\u00e9sultats scolaires n\u00e9cessitent des tests rigoureux. Les tests de produits \u00e9ducatifs destin\u00e9s aux enfants de New York garantissent que les produits r\u00e9pondent \u00e0 ces normes \u00e9lev\u00e9es et peuvent contribuer efficacement \u00e0 la r\u00e9ussite scolaire des \u00e9l\u00e8ves. En s&#039;alignant sur les exigences \u00e9ducatives rigoureuses des \u00e9coles de New York, les produits ont plus de chances d&#039;\u00eatre valid\u00e9s et adopt\u00e9s sur d&#039;autres march\u00e9s.<\/p>\n\n\n\n<p>Enfin, les retours des enseignants et des \u00e9tudiants de New York offrent des informations pr\u00e9cieuses qui peuvent favoriser l\u2019innovation. Les enseignants et les \u00e9tudiants de New York sont souvent les premiers \u00e0 adopter les nouvelles technologies et leurs contributions peuvent aider \u00e0 affiner les produits pour mieux r\u00e9pondre aux besoins \u00e9ducatifs.&nbsp;<\/p>\n\n\n\n<h2 class=\"wp-block-heading\">Avantages des tests de produits \u00e9ducatifs pour les \u00e9tudiants et les \u00e9coles de New York<\/h2>\n\n\n\n<figure class=\"gb-block-image gb-block-image-e638ffca\"><img loading=\"lazy\" decoding=\"async\" width=\"1456\" height=\"816\" class=\"gb-image gb-image-e638ffca\" src=\"https:\/\/www.sisinternational.com\/wp-content\/uploads\/2025\/08\/Generation-z-1.jpg\" alt=\"\u00c9tudes de march\u00e9 et strat\u00e9gie internationales SIS\" title=\"Generation z (1)\" srcset=\"https:\/\/www.sisinternational.com\/wp-content\/uploads\/2025\/08\/Generation-z-1.jpg 1456w, https:\/\/www.sisinternational.com\/wp-content\/uploads\/2025\/08\/Generation-z-1-300x168.jpg 300w, https:\/\/www.sisinternational.com\/wp-content\/uploads\/2025\/08\/Generation-z-1-1024x574.jpg 1024w, https:\/\/www.sisinternational.com\/wp-content\/uploads\/2025\/08\/Generation-z-1-768x430.jpg 768w, https:\/\/www.sisinternational.com\/wp-content\/uploads\/2025\/08\/Generation-z-1-18x10.jpg 18w\" sizes=\"auto, (max-width: 1456px) 100vw, 1456px\"><\/figure>\n\n\n\n<p><\/p>\n\n\n\n<p>Gr\u00e2ce \u00e0 des tests de produits \u00e9ducatifs pour les enfants de New York, les \u00e9coles peuvent \u00e9valuer l\u2019efficacit\u00e9 de nouveaux outils dans des contextes de classe r\u00e9els, offrant ainsi des informations au-del\u00e0 des \u00e9valuations th\u00e9oriques.<\/p>\n\n\n\n<p><span style=\"box-sizing: border-box; margin: 0px; padding: 0px;\"><strong>Ces tests offrent aux \u00e9tudiants<\/strong> acc\u00e8s \u00e0 des outils d&#039;apprentissage innovants susceptibles d&#039;am\u00e9liorer leur exp\u00e9rience \u00e9ducative. Les produits test\u00e9s et affin\u00e9s en fonction des commentaires r\u00e9els des \u00e9l\u00e8ves sont plus susceptibles de r\u00e9pondre aux besoins et aux styles d&#039;apprentissage sp\u00e9cifiques des \u00e9l\u00e8ves.<\/span>, ce qui peut conduire \u00e0 une am\u00e9lioration de l&#039;engagement et des r\u00e9sultats scolaires. Par exemple, un produit int\u00e9grant des fonctionnalit\u00e9s interactives pourrait mieux capter l&#039;attention des \u00e9tudiants et rendre l&#039;apprentissage plus agr\u00e9able.<\/p>\n\n\n\n<p><strong>Pour les \u00e9coles,<\/strong> La participation aux tests de produits \u00e9ducatifs pour les enfants de New York peut permettre un acc\u00e8s pr\u00e9coce aux derni\u00e8res technologies \u00e9ducatives. Cette adoption pr\u00e9coce peut \u00eatre avantageuse, car elle permet aux \u00e9coles d&#039;int\u00e9grer de nouveaux outils avant qu&#039;ils ne soient largement disponibles. De plus, les retours d&#039;exp\u00e9rience issus des tests peuvent aider les \u00e9coles \u00e0 mieux adapter ces outils \u00e0 leurs environnements \u00e9ducatifs et aux exigences de leur programme.<\/p>\n\n\n\n<h2 class=\"wp-block-heading\">Les d\u00e9fis de la conduite de tests de produits \u00e9ducatifs pour les enfants \u00e0 New York<\/h2>\n\n\n\n<p>Un d\u00e9fi important est <strong>s&#039;aligner sur les r\u00e9glementations et normes \u00e9ducatives locales<\/strong>. La ville de New York a des exigences sp\u00e9cifiques en mati\u00e8re d&#039;outils p\u00e9dagogiques, et il peut \u00eatre complexe de s&#039;assurer que les produits r\u00e9pondent \u00e0 ces normes. Les entreprises doivent se familiariser avec ces r\u00e9glementations avec soin pour \u00e9viter les retards ou les probl\u00e8mes de conformit\u00e9.<\/p>\n\n\n\n<p>Un autre d\u00e9fi est <strong>avoir acc\u00e8s \u00e0 une gamme diversifi\u00e9e d&#039;\u00e9coles et de salles de classe<\/strong>Les \u00e9tablissements d&#039;enseignement de New York varient consid\u00e9rablement en termes de ressources, de m\u00e9thodes d&#039;enseignement et de d\u00e9mographie des \u00e9tudiants. Il peut \u00eatre difficile d&#039;obtenir la participation d&#039;un \u00e9chantillon repr\u00e9sentatif d&#039;\u00e9coles, mais cela est essentiel pour des tests complets. L&#039;\u00e9tablissement de partenariats avec les \u00e9coles et les enseignants peut aider \u00e0 surmonter cet obstacle, m\u00eame si cela n\u00e9cessite une communication et une cr\u00e9ation de relations efficaces.<\/p>\n\n\n\n<p>En plus, <strong>g\u00e9rer les retours d&#039;information et apporter les ajustements n\u00e9cessaires<\/strong> Cela peut \u00eatre un v\u00e9ritable d\u00e9fi. Les tests de produits \u00e9ducatifs pour les enfants \u00e0 New York g\u00e9n\u00e8rent des donn\u00e9es et des commentaires consid\u00e9rables de la part des \u00e9tudiants et des enseignants. L&#039;analyse de ces commentaires et la mise en \u0153uvre de changements bas\u00e9s sur des contributions diverses peuvent n\u00e9cessiter beaucoup de ressources et une planification minutieuse pour garantir que les am\u00e9liorations du produit sont align\u00e9es sur les objectifs \u00e9ducatifs.<\/p>\n\n\n\n<h2 class=\"wp-block-heading\">Comment les parents influencent les tests de produits \u00e9ducatifs \u00e0 New York<\/h2>\n\n\n\n<p>Les parents peuvent apporter des points de vue uniques sur la facilit\u00e9 d\u2019utilisation et l\u2019efficacit\u00e9 des produits \u00e9ducatifs. Leurs commentaires sur la mani\u00e8re dont les produits s\u2019int\u00e8grent aux environnements d\u2019apprentissage \u00e0 domicile sont essentiels. Par exemple, un produit qui encourage l\u2019implication des parents ou qui fournit des outils pour des activit\u00e9s \u00e0 domicile peut avoir un impact significatif sur son succ\u00e8s. Impliquer les parents dans le processus de test peut aider \u00e0 identifier les fonctionnalit\u00e9s les plus avantageuses et les domaines \u00e0 am\u00e9liorer.<\/p>\n\n\n\n<p>De plus, les observations des parents sur la fa\u00e7on dont leurs enfants interagissent avec les produits \u00e9ducatifs peuvent donner un aper\u00e7u des niveaux d&#039;engagement et des r\u00e9sultats d&#039;apprentissage. Leurs commentaires aident les d\u00e9veloppeurs \u00e0 comprendre quels aspects d&#039;un produit r\u00e9sonnent bien avec les enfants et lesquels ne le font pas. Par exemple, si un produit est destin\u00e9 \u00e0 soutenir les comp\u00e9tences en lecture, les parents peuvent remarquer des changements dans les habitudes de lecture ou l&#039;enthousiasme de leur enfant, ce qui peut \u00eatre tr\u00e8s utile pour affiner le produit.<\/p>\n\n\n\n<p>Enfin, impliquer les parents dans les tests de produits \u00e9ducatifs pour les enfants de New York peut favoriser un sentiment de communaut\u00e9 et de partenariat entre les \u00e9coles et les familles. Lorsque les parents voient que leur contribution est valoris\u00e9e et prise en compte, ils sont plus susceptibles de soutenir l\u2019adoption de nouveaux outils et technologies. Cette approche collaborative peut conduire \u00e0 une meilleure acceptation et \u00e0 une mise en \u0153uvre plus efficace des produits \u00e9ducatifs.<\/p>\n\n\n\n<h2 class=\"wp-block-heading\">Tendances futures en mati\u00e8re de tests de produits \u00e9ducatifs \u00e0 New York<\/h2>\n\n\n\n<p><strong>Les outils bas\u00e9s sur l&#039;IA sont de plus en plus utilis\u00e9s pour offrir des exp\u00e9riences d&#039;apprentissage personnalis\u00e9es<\/strong>, adapter le contenu aux besoins individuels des \u00e9l\u00e8ves et offrir un retour d\u2019information en temps r\u00e9el. \u00c0 New York, o\u00f9 l\u2019adoption de la technologie est \u00e9lev\u00e9e, tester ces produits bas\u00e9s sur l\u2019IA peut r\u00e9v\u00e9ler dans quelle mesure ils am\u00e9liorent les r\u00e9sultats d\u2019apprentissage et engagent les \u00e9l\u00e8ves. Les futurs tests de produits \u00e9ducatifs pour les enfants \u00e0 New York se concentreront probablement sur l\u2019\u00e9valuation de l\u2019efficacit\u00e9 de ces technologies avanc\u00e9es dans des contextes de classe r\u00e9els.<\/p>\n\n\n\n<p>Une autre tendance est<strong> en utilisant la r\u00e9alit\u00e9 virtuelle et augment\u00e9e<\/strong> (VR and AR) to create immersive learning experiences. These technologies offer innovative ways to engage students by providing interactive and experiential learning opportunities. <a href=\"https:\/\/www.sisinternational.com\/fr\/solutions\/groupes-de-discussion\/des-groupes-de-discussion-a-new-york-pour-tester-des-produits-destines-aux-seniors\/\" title=\"Tirer parti des groupes de discussion de New York pour tester des produits destin\u00e9s aux seniors \u00a0\"  data-wpil-monitor-id=\"1845\">Testing VR and AR educational products<\/a> in NYC schools can provide insights into their impact on student engagement and comprehension, as well as their practical application in diverse educational environments.<\/p>\n\n\n\n<p>De plus, il y a un <strong>accent croissant mis sur l&#039;inclusion et l&#039;accessibilit\u00e9 dans le d\u00e9veloppement de produits \u00e9ducatifs<\/strong>Les produits qui r\u00e9pondent aux besoins des \u00e9l\u00e8ves ayant des besoins divers, notamment ceux souffrant de troubles de l\u2019apprentissage, sont de plus en plus r\u00e9pandus. Les tests de produits \u00e9ducatifs destin\u00e9s aux enfants de New York se concentreront de plus en plus sur la mani\u00e8re dont ces produits r\u00e9pondent aux crit\u00e8res d\u2019inclusion et d\u2019accessibilit\u00e9, garantissant ainsi des opportunit\u00e9s d\u2019apprentissage \u00e9quitables pour tous les \u00e9l\u00e8ves.<\/p>\n\n\n\n<h2 class=\"wp-block-heading\">Comment SIS International aide les entreprises \u00e0 tester des produits \u00e9ducatifs pour les enfants \u00e0 New York<\/h2>\n\n\n\n<p>La r\u00e9alisation de tests de produits \u00e9ducatifs pour les enfants \u00e0 New York offre de nombreux avantages aux entreprises, notamment lorsqu&#039;elles tirent parti de l&#039;expertise et des ressources fournies par <a href=\"https:\/\/www.linkedin.com\/company\/sisinternationalresearch\/\" target=\"_blank\" rel=\"noopener\">SIS International<\/a>.&nbsp;<\/p>\n\n\n<p>\n\n\n<\/p>\n<p style=\"padding-left: 40px;\"><strong>Aper\u00e7u complet du march\u00e9 :<\/strong>\u00a0<\/p>\n<p style=\"padding-left: 40px;\">\n\n\n\n<\/p>\n<p style=\"padding-left: 40px;\">SIS fournit une analyse et une compr\u00e9hension approfondies du march\u00e9 \u00e9ducatif de la ville de New York. Son expertise aide les entreprises \u00e0 s&#039;y retrouver dans les complexit\u00e9s des environnements \u00e9ducatifs locaux, en veillant \u00e0 ce que les tests de produits \u00e9ducatifs pour les enfants de New York produisent des informations pertinentes et exploitables.\u00a0<\/p>\n<p style=\"padding-left: 40px;\">\n\n\n\n<\/p>\n<p style=\"padding-left: 40px;\"><strong>Acc\u00e8s \u00e0 des milieux \u00e9ducatifs diversifi\u00e9s :<\/strong>\u00a0<\/p>\n<p style=\"padding-left: 40px;\">\n\n\n\n<\/p>\n<p style=\"padding-left: 40px;\">SIS International has established connections with a wide range of schools and educational institutions across NYC. This network enables businesses to conduct <a href=\"https:\/\/www.sisinternational.com\/fr\/creer-une-entreprise-en-turquie\/\" title=\"Cr\u00e9er une entreprise en Turquie\" data-wpil-monitor-id=\"3881\">educational product testing for children in NYC<\/a> in varied settings, from public to private schools, ensuring a comprehensive evaluation of product performance across different demographics and teaching methodologies.<\/p>\n<p style=\"padding-left: 40px;\">\n\n\n\n<\/p>\n<p style=\"padding-left: 40px;\"><strong>Solutions de recherche sur mesure\u00a0:<\/strong>\u00a0<\/p>\n<p style=\"padding-left: 40px;\">\n\n\n\n<\/p>\n<p style=\"padding-left: 40px;\">Nous proposons des solutions de recherche personnalis\u00e9es pour r\u00e9pondre aux besoins sp\u00e9cifiques de chaque client. Qu&#039;une entreprise teste un nouvel outil d&#039;apprentissage num\u00e9rique ou un syst\u00e8me de gestion de classe, SIS International peut concevoir et mettre en \u0153uvre des protocoles de recherche qui correspondent aux objectifs uniques du produit.\u00a0<\/p>\n<p style=\"padding-left: 40px;\">\n\n\n\n<\/p>\n<p style=\"padding-left: 40px;\"><strong>Analyse et rapport d&#039;experts :<\/strong>\u00a0<\/p>\n<p style=\"padding-left: 40px;\">\n\n\n\n<\/p>\n<p style=\"padding-left: 40px;\">Gr\u00e2ce \u00e0 l&#039;expertise de SIS International, les entreprises b\u00e9n\u00e9ficient d&#039;une analyse approfondie et de rapports d\u00e9taill\u00e9s sur les r\u00e9sultats des tests. Leur \u00e9quipe fournit des informations exploitables bas\u00e9es sur les donn\u00e9es collect\u00e9es lors des tests de produits \u00e9ducatifs pour les enfants \u00e0 New York, aidant ainsi les entreprises \u00e0 comprendre les performances de leurs produits et comment ils peuvent \u00eatre am\u00e9lior\u00e9s.\u00a0<\/p>\n<p style=\"padding-left: 40px;\">\n\n\n\n<\/p>\n<p style=\"padding-left: 40px;\"><strong>Validation am\u00e9lior\u00e9e du produit\u00a0:<\/strong>\u00a0<\/p>\n<p style=\"padding-left: 40px;\">\n\n\n\n<\/p>\n<p style=\"padding-left: 40px;\">Les processus de test rigoureux et les \u00e9valuations d&#039;experts de SIS International contribuent \u00e0 une validation solide des produits. Notre \u00e9quipe aide les entreprises \u00e0 obtenir une plus grande cr\u00e9dibilit\u00e9 et une meilleure acceptation sur le march\u00e9.\u00a0<\/p>\n<p>\n\n\n<\/p>\n\n\n<h2 class=\"wp-block-heading\">\u00c0 propos de SIS International<\/h2>\n\n\n\n<p><a href=\"https:\/\/www.sisinternational.com\/fr\/\">SIS International<\/a> propose des recherches quantitatives, qualitatives et strat\u00e9giques. Nous fournissons des donn\u00e9es, des outils, des strat\u00e9gies, des rapports et des informations pour la prise de d\u00e9cision. Nous menons \u00e9galement des entretiens, des enqu\u00eates, des groupes de discussion et d\u2019autres m\u00e9thodes et approches d\u2019\u00e9tudes de march\u00e9.<a href=\"https:\/\/www.sisinternational.com\/fr\/a-propos-de-la-recherche-internationale-sis\/contact-sis-international-market-research\/\"> Contactez nous<\/a> pour votre prochain projet d&#039;\u00e9tude de march\u00e9.<\/p>","protected":false},"excerpt":{"rendered":"<p>Educational Product Testing for Children in NYC By focusing on real-world classroom scenarios, educational product testing for children in NYC helps brands design tools that truly resonate with educators and students. Educational product testing in NYC is key in ensuring that innovative learning tools meet the needs of young students. In a city like New &#8230; <a title=\"Test de produits \u00e9ducatifs pour les enfants \u00e0 New York\" class=\"read-more\" href=\"https:\/\/www.sisinternational.com\/fr\/education-market-research\/test-de-produits-educatifs-pour-les-enfants-a-new-york\/\" aria-label=\"En savoir plus sur Educational Product Testing for Children in NYC\">Lire plus<\/a><\/p>","protected":false},"author":1,"featured_media":65019,"parent":84844,"menu_order":56,"comment_status":"closed","ping_status":"closed","template":"","meta":{"footnotes":""},"class_list":["post-53735","page","type-page","status-publish","has-post-thumbnail"],"_links":{"self":[{"href":"https:\/\/www.sisinternational.com\/fr\/wp-json\/wp\/v2\/pages\/53735","targetHints":{"allow":["GET"]}}],"collection":[{"href":"https:\/\/www.sisinternational.com\/fr\/wp-json\/wp\/v2\/pages"}],"about":[{"href":"https:\/\/www.sisinternational.com\/fr\/wp-json\/wp\/v2\/types\/page"}],"author":[{"embeddable":true,"href":"https:\/\/www.sisinternational.com\/fr\/wp-json\/wp\/v2\/users\/1"}],"replies":[{"embeddable":true,"href":"https:\/\/www.sisinternational.com\/fr\/wp-json\/wp\/v2\/comments?post=53735"}],"version-history":[{"count":6,"href":"https:\/\/www.sisinternational.com\/fr\/wp-json\/wp\/v2\/pages\/53735\/revisions"}],"predecessor-version":[{"id":78057,"href":"https:\/\/www.sisinternational.com\/fr\/wp-json\/wp\/v2\/pages\/53735\/revisions\/78057"}],"up":[{"embeddable":true,"href":"https:\/\/www.sisinternational.com\/fr\/wp-json\/wp\/v2\/pages\/84844"}],"wp:featuredmedia":[{"embeddable":true,"href":"https:\/\/www.sisinternational.com\/fr\/wp-json\/wp\/v2\/media\/65019"}],"wp:attachment":[{"href":"https:\/\/www.sisinternational.com\/fr\/wp-json\/wp\/v2\/media?parent=53735"}],"curies":[{"name":"wp","href":"https:\/\/api.w.org\/{rel}","templated":true}]}}