{"id":53731,"date":"2024-10-19T01:37:22","date_gmt":"2024-10-19T05:37:22","guid":{"rendered":"https:\/\/www.sisinternational.com\/?page_id=53731"},"modified":"2026-01-24T17:49:52","modified_gmt":"2026-01-24T22:49:52","slug":"des-groupes-de-discussion-a-new-york-pour-tester-des-produits-destines-aux-seniors","status":"publish","type":"page","link":"https:\/\/www.sisinternational.com\/fr\/solutions\/groupes-de-discussion\/des-groupes-de-discussion-a-new-york-pour-tester-des-produits-destines-aux-seniors\/","title":{"rendered":"Tirer parti des groupes de discussion de New York pour tester des produits destin\u00e9s aux seniors \u00a0"},"content":{"rendered":"<h1 class=\"wp-block-heading\">Tirer parti des groupes de discussion de New York pour tester des produits destin\u00e9s aux seniors &nbsp;<\/h1>\n\n\n\n<figure class=\"gb-block-image gb-block-image-5f14cfdd\"><img loading=\"lazy\" decoding=\"async\" width=\"1456\" height=\"816\" class=\"gb-image gb-image-5f14cfdd\" src=\"https:\/\/www.sisinternational.com\/wp-content\/uploads\/2025\/08\/Eldersly-care-memory-care-6.jpg\" alt=\"\u00c9tudes de march\u00e9 et strat\u00e9gie internationales SIS\" title=\"Eldersly care memory care (6)\" srcset=\"https:\/\/www.sisinternational.com\/wp-content\/uploads\/2025\/08\/Eldersly-care-memory-care-6.jpg 1456w, https:\/\/www.sisinternational.com\/wp-content\/uploads\/2025\/08\/Eldersly-care-memory-care-6-300x168.jpg 300w, https:\/\/www.sisinternational.com\/wp-content\/uploads\/2025\/08\/Eldersly-care-memory-care-6-1024x574.jpg 1024w, https:\/\/www.sisinternational.com\/wp-content\/uploads\/2025\/08\/Eldersly-care-memory-care-6-768x430.jpg 768w, https:\/\/www.sisinternational.com\/wp-content\/uploads\/2025\/08\/Eldersly-care-memory-care-6-18x10.jpg 18w\" sizes=\"auto, (max-width: 1456px) 100vw, 1456px\"><\/figure>\n\n\n\n<p><\/p>\n\n\n\n<p>La ville de New York est l&#039;un des march\u00e9s les plus diversifi\u00e9s au monde, ce qui en fait un endroit id\u00e9al pour tester des produits aupr\u00e8s de diff\u00e9rents segments de consommateurs, notamment les seniors. Avec une population de seniors en croissance rapide, les entreprises ont une occasion unique de d\u00e9velopper des produits qui r\u00e9pondent aux besoins en constante \u00e9volution de cette population. C&#039;est pourquoi le recours \u00e0 des groupes de discussion \u00e0 New York pour tester des produits destin\u00e9s aux seniors permet d&#039;obtenir un aper\u00e7u direct de leurs pr\u00e9f\u00e9rences, de leurs d\u00e9fis et de leurs attentes.&nbsp;<\/p>\n\n\n\n<h2 class=\"wp-block-heading\">Comprendre le march\u00e9 des seniors \u00e0 New York<\/h2>\n\n\n\n<p>La population \u00e2g\u00e9e de la ville de New York est nombreuse et diversifi\u00e9e, ce qui en fait un groupe d\u00e9mographique essentiel que les entreprises doivent prendre en compte lors du d\u00e9veloppement de produits. <a href=\"https:\/\/www.miradorliving.com\/assisted-living\/new-york\/new-york\" target=\"_blank\" rel=\"noopener\">Les seniors \u00e0 New York<\/a> Les seniors ont souvent des pr\u00e9f\u00e9rences distinctes, notamment en mati\u00e8re de sant\u00e9, de bien-\u00eatre, de facilit\u00e9 d\u2019utilisation et de technologie adapt\u00e9e \u00e0 leur mode de vie. De plus, de nombreux seniors sont plus f\u00e9rus de technologie que jamais et utilisent activement les plateformes, les appareils et les services num\u00e9riques. Cette complexit\u00e9 fait de New York un endroit id\u00e9al pour mieux comprendre la fa\u00e7on dont les seniors interagissent avec les produits et les innovations qui peuvent le mieux r\u00e9pondre \u00e0 leurs besoins.<\/p>\n\n\n\n<h2 class=\"wp-block-heading\">Alors\u2026 Quels sont les avantages d\u2019utiliser des groupes de discussion \u00e0 New York pour tester des produits destin\u00e9s aux personnes \u00e2g\u00e9es ?<\/h2>\n\n\n\n<p>Utilizing <a class=\"wpil_keyword_link\" href=\"https:\/\/www.sisinternational.com\/fr\/solutions\/groupes-de-discussion\/installations-de-groupe-de-discussion-a-new-york\/\" title=\"Installations des groupes de discussion de la ville de New York\" data-wpil-keyword-link=\"linked\" data-wpil-monitor-id=\"199\">NYC focus groups<\/a> to test products for seniors offers several distinct advantages \u2013 and here\u2019s how focus groups can be particularly effective:<\/p>\n\n\n\n<h4 class=\"wp-block-heading\"><strong>Commentaires directs sur la convivialit\u00e9 et la conception du produit<\/strong><\/h4>\n\n\n\n<p>Les groupes de discussion permettent aux entreprises d&#039;obtenir des retours de premi\u00e8re main des seniors sur la facilit\u00e9 avec laquelle ils peuvent utiliser et naviguer dans un produit. Cette contribution directe est inestimable pour identifier les probl\u00e8mes d&#039;utilisabilit\u00e9 et apporter des am\u00e9liorations de conception.&nbsp;<\/p>\n\n\n\n<h4 class=\"wp-block-heading\"><strong>Informations sur les besoins et pr\u00e9f\u00e9rences uniques des a\u00een\u00e9s<\/strong><\/h4>\n\n\n\n<p>Les personnes \u00e2g\u00e9es ont des besoins sp\u00e9cifiques en mati\u00e8re de sant\u00e9, de confort et d\u2019accessibilit\u00e9 qui diff\u00e8rent de ceux des autres groupes d\u2019\u00e2ge. Les groupes de discussion offrent l\u2019occasion d\u2019explorer ces pr\u00e9f\u00e9rences en profondeur. Par exemple, les personnes \u00e2g\u00e9es peuvent privil\u00e9gier la facilit\u00e9 de manipulation, des tailles de texte plus grandes ou des fonctions \u00e0 commande vocale.<\/p>\n\n\n\n<h4 class=\"wp-block-heading\"><strong>Test des fonctionnalit\u00e9s li\u00e9es \u00e0 la sant\u00e9 et \u00e0 l&#039;accessibilit\u00e9<\/strong><\/h4>\n\n\n\n<p>Les produits li\u00e9s \u00e0 la sant\u00e9 et ceux con\u00e7us pour am\u00e9liorer l\u2019accessibilit\u00e9 sont essentiels pour les personnes \u00e2g\u00e9es. Les groupes de discussion peuvent \u00e9valuer dans quelle mesure ces fonctionnalit\u00e9s r\u00e9pondent aux besoins des utilisateurs \u00e2g\u00e9s. Par exemple, tester un nouvel appareil de surveillance de la sant\u00e9 ou une fonction d\u2019accessibilit\u00e9 dans un syst\u00e8me de maison intelligente peut r\u00e9v\u00e9ler l\u2019efficacit\u00e9 de ces produits pour r\u00e9pondre aux probl\u00e8mes de sant\u00e9 ou de mobilit\u00e9 courants auxquels sont confront\u00e9s les personnes \u00e2g\u00e9es.&nbsp;<\/p>\n\n\n\n<h2 class=\"wp-block-heading\">Types de produits id\u00e9aux pour les groupes de discussion de personnes \u00e2g\u00e9es<\/h2>\n\n\n\n<p>When conducting NYC <a href=\"https:\/\/www.sisinternational.com\/fr\/solutions\/groupes-de-discussion\/focus-group-on-personal-care-products\/\" title=\"Focus Group on Personal Care Products\" data-wpil-monitor-id=\"887\">focus groups to test products<\/a> for seniors, certain products are particularly well-suited for this demographic. Understanding which products are most relevant can help businesses tailor their testing strategies to obtain the most valuable insights.&nbsp;<\/p>\n\n\n\n<h4 class=\"wp-block-heading\"><strong>Produits de sant\u00e9 et de bien-\u00eatre<\/strong><\/h4>\n\n\n\n<p>Les produits li\u00e9s \u00e0 la sant\u00e9 et au bien-\u00eatre sont particuli\u00e8rement pertinents pour les personnes \u00e2g\u00e9es, qui accordent souvent la priorit\u00e9 au maintien de leur sant\u00e9 et \u00e0 la gestion de leurs probl\u00e8mes de sant\u00e9. Cette cat\u00e9gorie comprend des articles tels que :<\/p>\n\n\n\n<ul class=\"wp-block-list\">\n<li><strong>Dispositifs m\u00e9dicaux<\/strong>: Tensiom\u00e8tres, glucom\u00e8tres et proth\u00e8ses auditives.<\/li>\n\n\n\n<li><strong>\u00c9quipement de fitness<\/strong>:Appareils d&#039;exercice pour les entra\u00eenements \u00e0 faible impact, aides \u00e0 l&#039;\u00e9quilibre et trackers de fitness portables.<\/li>\n\n\n\n<li><strong>Compl\u00e9ments alimentaires<\/strong>:Vitamines, compl\u00e9ments alimentaires et aliments sant\u00e9 sp\u00e9cialis\u00e9s.<br><\/li>\n<\/ul>\n\n\n\n<p>Tester ces produits aupr\u00e8s des personnes \u00e2g\u00e9es peut r\u00e9v\u00e9ler leurs pr\u00e9f\u00e9rences en mati\u00e8re de facilit\u00e9 d\u2019utilisation, d\u2019efficacit\u00e9 et de valeur globale.<\/p>\n\n\n\n<h4 class=\"wp-block-heading\"><strong>Technologie et appareils fonctionnels<\/strong><\/h4>\n\n\n\n<p>La technologie qui facilite la vie quotidienne et am\u00e9liore la qualit\u00e9 de vie est essentielle pour de nombreuses personnes \u00e2g\u00e9es. Les groupes de discussion peuvent aider \u00e0 \u00e9valuer :<\/p>\n\n\n\n<ul class=\"wp-block-list\">\n<li><strong>Appareils pour maison intelligente<\/strong>:Assistants \u00e0 commande vocale, thermostats intelligents et syst\u00e8mes de s\u00e9curit\u00e9 domestique.<\/li>\n\n\n\n<li><strong>Technologie d&#039;assistance<\/strong>:Appareils pour les d\u00e9ficiences visuelles et auditives, aides \u00e0 la mobilit\u00e9 et gadgets adaptatifs.<\/li>\n\n\n\n<li><strong>Outils de communication<\/strong>: Des t\u00e9l\u00e9phones intelligents adapt\u00e9s aux personnes \u00e2g\u00e9es, des tablettes avec des interfaces simplifi\u00e9es et des solutions de t\u00e9l\u00e9sant\u00e9.<br><\/li>\n<\/ul>\n\n\n\n<p><a href=\"https:\/\/www.insidehook.com\/culture\/senior-citizens-are-helping-companies-make-products-theyd-actually-want-to-use\" target=\"_blank\" rel=\"noopener\">Obtenir du feedback<\/a> L\u2019utilisation de ces technologies permet de garantir qu\u2019elles sont conviviales et r\u00e9pondent aux besoins sp\u00e9cifiques des utilisateurs seniors.<\/p>\n\n\n\n<h4 class=\"wp-block-heading\"><strong>Aliments, boissons et articles m\u00e9nagers<\/strong><\/h4>\n\n\n\n<p>Les produits li\u00e9s \u00e0 l&#039;alimentation et \u00e0 la gestion du m\u00e9nage sont \u00e9galement essentiels. Les personnes \u00e2g\u00e9es peuvent avoir des besoins ou des pr\u00e9f\u00e9rences particuli\u00e8res en ce qui concerne :<\/p>\n\n\n\n<ul class=\"wp-block-list\">\n<li><strong>Plats cuisin\u00e9s<\/strong>:Des repas faciles \u00e0 pr\u00e9parer, des options adapt\u00e9es \u00e0 chaque r\u00e9gime alimentaire et des services de livraison de repas.<\/li>\n\n\n\n<li><strong>Gadgets de cuisine<\/strong>:Des outils con\u00e7us pour \u00eatre faciles \u00e0 utiliser, tels que des ustensiles ergonomiques et des appareils de cuisson simplifi\u00e9s.<\/li>\n\n\n\n<li><strong>Aides m\u00e9nag\u00e8res<\/strong>: Produits de nettoyage, dispositifs de s\u00e9curit\u00e9 et solutions d&#039;organisation.<br><\/li>\n<\/ul>\n\n\n\n<p>New York <a href=\"https:\/\/www.sisinternational.com\/fr\/solutions\/solutions-de-recherche-qualitative-et-quantitative\/tests-en-localisation-centrale-vs-groupes-de-discussion\/\" title=\"Tests de localisation centrale vs groupes de discussion\" data-wpil-monitor-id=\"1588\">focus groups to test<\/a> products for seniors can provide insights into how these products fit seniors&#8217; lifestyles and any adjustments needed to improve usability.<\/p>\n\n\n\n<h2 class=\"gb-headline gb-headline-e8692b75 gb-headline-text\">Comment la diversit\u00e9 \u00e0 New York aide \u00e0 tester des produits pour les seniors  <\/h2>\n\n\n<div class=\"wp-block-image\">\n<figure class=\"aligncenter is-resized\"><img decoding=\"async\" src=\"https:\/\/lh7-rt.googleusercontent.com\/docsz\/AD_4nXd3XfHHQnRK9pj7We-s5TA0OPtcKQAs1zs9gWnwmoNeu976Ee3tiE_jieopDISW2mKCDF-BGSqzWHPYGaMgheVaqQl5sehqVLD6D1_zzFEzFUVjVUDeqIC6qeE8g6x8AmIqwytlkjRpKScHbSjrwlBvcZWh?key=P1kglV9NJ0lJjHxrPsPqcw\" alt=\"Des groupes de discussion \u00e0 New York vont tester des produits pour les seniors \" style=\"width:392px;height:auto\"\/><\/figure>\n<\/div>\n\n\n<h4 class=\"wp-block-heading\"><strong>Diversit\u00e9 culturelle<\/strong><\/h4>\n\n\n\n<ul class=\"wp-block-list\">\n<li><strong>Comprendre les diff\u00e9rentes pr\u00e9f\u00e9rences culturelles<\/strong>:New York accueille des seniors issus de milieux culturels tr\u00e8s divers. Tester des produits dans cet environnement permet aux entreprises de comprendre les pr\u00e9f\u00e9rences et pratiques culturelles susceptibles d&#039;influencer l&#039;acceptation et l&#039;utilisation des produits.<\/li>\n\n\n\n<li><strong>Prendre en compte les sensibilit\u00e9s culturelles<\/strong>:Les commentaires d\u2019une population \u00e2g\u00e9e culturellement diversifi\u00e9e peuvent aider \u00e0 identifier et \u00e0 r\u00e9pondre aux sensibilit\u00e9s culturelles, garantissant ainsi que les produits sont respectueux et attrayants pour tous les segments de march\u00e9.<br><\/li>\n<\/ul>\n\n\n\n<h4 class=\"wp-block-heading\"><strong>Diversit\u00e9 \u00e9conomique<\/strong><\/h4>\n\n\n\n<ul class=\"wp-block-list\">\n<li><strong>\u00c9valuation de l&#039;accessibilit\u00e9 et de la valeur des produits<\/strong>:Les seniors de New York viennent de milieux \u00e9conomiques divers. Les groupes de discussion peuvent donner un aper\u00e7u de la mani\u00e8re dont diff\u00e9rentes strat\u00e9gies de tarification et propositions de valeur trouvent un \u00e9cho aupr\u00e8s des seniors dans diff\u00e9rentes situations financi\u00e8res.<\/li>\n\n\n\n<li><strong>Identifier les besoins en mati\u00e8re d\u2019accessibilit\u00e9<\/strong>:La diversit\u00e9 \u00e9conomique peut r\u00e9v\u00e9ler des diff\u00e9rences d\u2019acc\u00e8s aux ressources, influen\u00e7ant les besoins et les pr\u00e9f\u00e9rences en mati\u00e8re de produits. Ces informations aident \u00e0 concevoir des produits inclusifs qui r\u00e9pondent \u00e0 diff\u00e9rentes r\u00e9alit\u00e9s \u00e9conomiques.<br><\/li>\n<\/ul>\n\n\n\n<h4 class=\"wp-block-heading\"><strong>Des modes de vie vari\u00e9s<\/strong><\/h4>\n\n\n\n<ul class=\"wp-block-list\">\n<li><strong>Capturer une gamme de styles de vie et de pr\u00e9f\u00e9rences<\/strong>:Les seniors de New York ont des modes de vie vari\u00e9s, allant des professionnels urbains aux retrait\u00e9s aux niveaux d&#039;activit\u00e9 vari\u00e9s. Les groupes de discussion peuvent mettre en \u00e9vidence l&#039;impact des diff\u00e9rents modes de vie sur l&#039;utilisation des produits et les pr\u00e9f\u00e9rences.<\/li>\n\n\n\n<li><strong>Adaptation des produits aux diff\u00e9rents besoins<\/strong>:Les informations issues d\u2019un large \u00e9ventail de modes de vie permettent aux entreprises d\u2019adapter leurs produits pour r\u00e9pondre \u00e0 des besoins sp\u00e9cifiques, tels que des aides \u00e0 la mobilit\u00e9 pour les personnes \u00e2g\u00e9es actives ou des technologies faciles \u00e0 utiliser pour les utilisateurs moins f\u00e9rus de technologie.<br><\/li>\n<\/ul>\n\n\n\n<h2 class=\"wp-block-heading\">Concevoir des groupes de discussion efficaces \u00e0 New York pour tester des produits destin\u00e9s aux seniors<\/h2>\n\n\n\n<figure class=\"gb-block-image gb-block-image-2b6d6861\"><img loading=\"lazy\" decoding=\"async\" width=\"1456\" height=\"816\" class=\"gb-image gb-image-2b6d6861\" src=\"https:\/\/www.sisinternational.com\/wp-content\/uploads\/2025\/08\/Eldersly-care-memory-care-3.jpg\" alt=\"\u00c9tudes de march\u00e9 et strat\u00e9gie internationales SIS\" title=\"Eldersly care memory care (3)\" srcset=\"https:\/\/www.sisinternational.com\/wp-content\/uploads\/2025\/08\/Eldersly-care-memory-care-3.jpg 1456w, https:\/\/www.sisinternational.com\/wp-content\/uploads\/2025\/08\/Eldersly-care-memory-care-3-300x168.jpg 300w, https:\/\/www.sisinternational.com\/wp-content\/uploads\/2025\/08\/Eldersly-care-memory-care-3-1024x574.jpg 1024w, https:\/\/www.sisinternational.com\/wp-content\/uploads\/2025\/08\/Eldersly-care-memory-care-3-768x430.jpg 768w, https:\/\/www.sisinternational.com\/wp-content\/uploads\/2025\/08\/Eldersly-care-memory-care-3-18x10.jpg 18w\" sizes=\"auto, (max-width: 1456px) 100vw, 1456px\"><\/figure>\n\n\n\n<p><\/p>\n\n\n\n<p>To gather valuable and actionable insights from senior participants in focus groups, it&#8217;s essential to design the study with their specific needs and preferences in mind. Effective <a href=\"https:\/\/www.sisinternational.com\/fr\/solutions\/solutions-de-recherche-qualitative-et-quantitative\/test-de-produits-educatifs-pour-les-enfants-a-new-york\/\" title=\"Test de produits \u00e9ducatifs pour les enfants \u00e0 New York\" data-wpil-monitor-id=\"1789\">NYC focus groups to test products<\/a> for seniors&#8217; design ensure meaningful feedback and a positive experience for senior participants.&nbsp;<\/p>\n\n\n\n<h4 class=\"wp-block-heading\"><strong>Recrutement des participants : crit\u00e8res et consid\u00e9rations<\/strong><\/h4>\n\n\n\n<ul class=\"wp-block-list\">\n<li><strong>Crit\u00e8res de s\u00e9lection<\/strong>: \u00c9tablissez des crit\u00e8res clairs pour s\u00e9lectionner les participants, tels que la tranche d\u2019\u00e2ge, l\u2019\u00e9tat de sant\u00e9 et les int\u00e9r\u00eats sp\u00e9cifiques li\u00e9s au produit. Cela garantit que le groupe de discussion comprend des personnes \u00e2g\u00e9es qui repr\u00e9sentent le march\u00e9 cible.<\/li>\n\n\n\n<li><strong>Repr\u00e9sentation diversifi\u00e9e<\/strong>:Visez la diversit\u00e9 en termes d&#039;ethnicit\u00e9, de statut socio-\u00e9conomique et de mode de vie pour recueillir des points de vue vari\u00e9s. La population diversifi\u00e9e de New York offre l&#039;opportunit\u00e9 de saisir des points de vue vari\u00e9s.<\/li>\n\n\n\n<li><strong>Des incitations<\/strong>:Offrez des incitations appropri\u00e9es, telles que des cartes-cadeaux ou une compensation pour le temps et les d\u00e9placements, pour encourager la participation et garantir une exp\u00e9rience positive.<br><\/li>\n<\/ul>\n\n\n\n<h4 class=\"wp-block-heading\"><strong>Adapter le format \u00e0 l&#039;engagement des seniors<\/strong><\/h4>\n\n\n\n<ul class=\"wp-block-list\">\n<li><strong>Lieu accessible<\/strong>: Choisissez un lieu facilement accessible, avec des si\u00e8ges confortables et des am\u00e9nagements pour les aides \u00e0 la mobilit\u00e9. Il est essentiel de garantir l&#039;accessibilit\u00e9 physique des participants seniors.<\/li>\n\n\n\n<li><strong>Langage simplifi\u00e9<\/strong>:Utilisez un langage clair et simple dans tous vos documents et discussions. \u00c9vitez le jargon technique qui peut \u00eatre inconnu de certains seniors.<\/li>\n\n\n\n<li><strong>M\u00e9thodes interactives<\/strong>:Int\u00e9grez des \u00e9l\u00e9ments interactifs, tels que des d\u00e9monstrations pratiques de produits ou des aides visuelles, pour impliquer les participants et faciliter la r\u00e9troaction.<br><\/li>\n<\/ul>\n\n\n\n<h4 class=\"wp-block-heading\"><strong>Assurer l&#039;accessibilit\u00e9 dans les discussions et l&#039;environnement<\/strong><\/h4>\n\n\n\n<ul class=\"wp-block-list\">\n<li><strong>Assistance technique<\/strong>:Fournir une assistance technique pour tous les outils ou appareils num\u00e9riques utilis\u00e9s pendant le groupe de discussion. Veiller \u00e0 ce que les a\u00een\u00e9s soient \u00e0 l&#039;aise avec la technologie utilis\u00e9e.<\/li>\n\n\n\n<li><strong>Techniques de mod\u00e9ration<\/strong>: Faites appel \u00e0 des mod\u00e9rateurs exp\u00e9riment\u00e9s et capables de dialoguer avec les participants seniors. Le mod\u00e9rateur doit \u00eatre patient et attentif, en laissant suffisamment de temps aux seniors pour exprimer leurs pens\u00e9es.<\/li>\n\n\n\n<li><strong>Collecte de commentaires<\/strong>:Utilisez des m\u00e9thodes qui s&#039;adaptent aux diff\u00e9rents niveaux de confort avec la technologie. Par exemple, envisagez d&#039;utiliser des enqu\u00eates papier ou des entretiens individuels en plus des outils num\u00e9riques.<br><\/li>\n<\/ul>\n\n\n\n<h2 class=\"wp-block-heading\">\u00c9valuation des r\u00e9sultats<\/h2>\n\n\n\n<figure class=\"gb-block-image gb-block-image-f0b7edd4\"><img loading=\"lazy\" decoding=\"async\" width=\"1456\" height=\"816\" class=\"gb-image gb-image-f0b7edd4\" src=\"https:\/\/www.sisinternational.com\/wp-content\/uploads\/2025\/08\/Eldersly-care-memory-care-2.jpg\" alt=\"\u00c9tudes de march\u00e9 et strat\u00e9gie internationales SIS\" title=\"Eldersly care memory care (2)\" srcset=\"https:\/\/www.sisinternational.com\/wp-content\/uploads\/2025\/08\/Eldersly-care-memory-care-2.jpg 1456w, https:\/\/www.sisinternational.com\/wp-content\/uploads\/2025\/08\/Eldersly-care-memory-care-2-300x168.jpg 300w, https:\/\/www.sisinternational.com\/wp-content\/uploads\/2025\/08\/Eldersly-care-memory-care-2-1024x574.jpg 1024w, https:\/\/www.sisinternational.com\/wp-content\/uploads\/2025\/08\/Eldersly-care-memory-care-2-768x430.jpg 768w, https:\/\/www.sisinternational.com\/wp-content\/uploads\/2025\/08\/Eldersly-care-memory-care-2-18x10.jpg 18w\" sizes=\"auto, (max-width: 1456px) 100vw, 1456px\"><\/figure>\n\n\n\n<p><\/p>\n\n\n\n<p>Practical evaluation ensures that the feedback is used to enhance product development, marketing strategies, and overall consumer engagement \u2013 and here\u2019s how to approach the review of results from NYC <a href=\"https:\/\/www.sisinternational.com\/fr\/solutions\/groupes-de-discussion\/groupes-de-discussion-a-new-york-pour-tester-les-produits-de-la-generation-z\/\" title=\"Tirer parti des groupes de discussion \u00e0 New York pour tester les produits de la g\u00e9n\u00e9ration Z\" data-wpil-monitor-id=\"1874\">focus groups to test products<\/a> for seniors:<\/p>\n\n\n\n<h4 class=\"wp-block-heading\"><strong>Interpr\u00e9tation des commentaires des a\u00een\u00e9s<\/strong><\/h4>\n\n\n\n<ul class=\"wp-block-list\">\n<li><strong>Identifier les th\u00e8mes cl\u00e9s<\/strong>: Examinez les commentaires pour identifier les th\u00e8mes et les mod\u00e8les communs. Recherchez les probl\u00e8mes r\u00e9currents, les pr\u00e9f\u00e9rences et les suggestions qui peuvent guider les am\u00e9liorations du produit.<\/li>\n\n\n\n<li><strong>Segmentation des donn\u00e9es<\/strong>:Analysez les donn\u00e9es en les segmentant en fonction de diff\u00e9rents crit\u00e8res, tels que l&#039;\u00e2ge, l&#039;\u00e9tat de sant\u00e9 et le mode de vie. Cela permet de comprendre comment les diff\u00e9rents segments de la population \u00e2g\u00e9e per\u00e7oivent le produit.<\/li>\n\n\n\n<li><strong>\u00c9valuation de la convivialit\u00e9 et de l&#039;acceptation<\/strong>: \u00c9valuer les commentaires sur la convivialit\u00e9 et l&#039;acceptation du produit. D\u00e9terminer dans quelle mesure le produit r\u00e9pond aux besoins et aux pr\u00e9f\u00e9rences sp\u00e9cifiques des personnes \u00e2g\u00e9es et identifier les domaines \u00e0 am\u00e9liorer.<br><\/li>\n<\/ul>\n\n\n\n<h4 class=\"wp-block-heading\"><strong>Indicateurs cl\u00e9s \u00e0 suivre pour un d\u00e9veloppement de produits ax\u00e9 sur les seniors<\/strong><\/h4>\n\n\n\n<ul class=\"wp-block-list\">\n<li><strong>Facilit\u00e9 d&#039;utilisation<\/strong>: Mesurez la facilit\u00e9 avec laquelle les personnes \u00e2g\u00e9es peuvent utiliser le produit et s&#039;il r\u00e9pond \u00e0 leurs besoins en mati\u00e8re d&#039;accessibilit\u00e9. Suivez les difficult\u00e9s signal\u00e9es et les suggestions d&#039;am\u00e9lioration.<\/li>\n\n\n\n<li><strong>Pertinence des fonctionnalit\u00e9s<\/strong>:\u00c9valuez l&#039;importance des diff\u00e9rentes caract\u00e9ristiques du point de vue des a\u00een\u00e9s. D\u00e9terminez les caract\u00e9ristiques les plus appr\u00e9ci\u00e9es et celles qui pourraient n\u00e9cessiter des ajustements ou un soutien suppl\u00e9mentaire.<\/li>\n\n\n\n<li><strong>Satisfaction globale<\/strong>:\u00c9valuez la satisfaction globale \u00e0 l&#039;\u00e9gard du produit, notamment la satisfaction \u00e0 l&#039;\u00e9gard de la conception, de la fonctionnalit\u00e9 et de la facilit\u00e9 d&#039;utilisation. Cette mesure permet de comprendre le succ\u00e8s potentiel du produit sur le march\u00e9.<br><\/li>\n<\/ul>\n\n\n\n<h4 class=\"wp-block-heading\"><strong>Ajuster la conception et le marketing des produits en fonction des informations recueillies<\/strong><\/h4>\n\n\n\n<ul class=\"wp-block-list\">\n<li><strong>Modifications de conception<\/strong>:Utilisez les commentaires pour apporter les ajustements n\u00e9cessaires \u00e0 la conception du produit, en veillant \u00e0 ce qu&#039;il corresponde aux pr\u00e9f\u00e9rences et aux besoins des personnes \u00e2g\u00e9es. Cela peut impliquer des changements de taille, de fonctionnalit\u00e9 ou de facilit\u00e9 d&#039;utilisation.<\/li>\n\n\n\n<li><strong>Strat\u00e9gies de marketing<\/strong>:Adapter les strat\u00e9gies marketing en fonction des informations recueillies lors des groupes de discussion. Adapter les messages pour mettre en valeur les caract\u00e9ristiques les plus attrayantes pour les a\u00een\u00e9s et r\u00e9pondre aux pr\u00e9occupations ou aux obstacles identifi\u00e9s.<\/li>\n\n\n\n<li><strong>Boucle de r\u00e9troaction continue<\/strong>:\u00c9tablir une boucle de r\u00e9troaction continue avec les consommateurs seniors pour affiner le produit et rester \u00e0 l\u2019\u00e9coute de l\u2019\u00e9volution des besoins et des pr\u00e9f\u00e9rences.<br><\/li>\n<\/ul>\n\n\n\n<h2 class=\"wp-block-heading\">\u00c0 propos de SIS International<\/h2>\n\n\n\n<p><a href=\"https:\/\/www.sisinternational.com\/fr\/\">SIS International<\/a> propose des recherches quantitatives, qualitatives et strat\u00e9giques. Nous fournissons des donn\u00e9es, des outils, des strat\u00e9gies, des rapports et des informations pour la prise de d\u00e9cision. Nous menons \u00e9galement des entretiens, des enqu\u00eates, des groupes de discussion et d\u2019autres m\u00e9thodes et approches d\u2019\u00e9tudes de march\u00e9.<a href=\"https:\/\/www.sisinternational.com\/fr\/a-propos-de-la-recherche-internationale-sis\/contact-sis-international-market-research\/\"> Contactez nous<\/a> pour votre prochain projet d&#039;\u00e9tude de march\u00e9.<\/p>","protected":false},"excerpt":{"rendered":"<p>Leveraging NYC Focus Groups to Test Products for Seniors &nbsp; New York City is one of the most diverse markets in the world, making it an ideal location for testing products with various consumer segments, including seniors. With a rapidly growing senior population, businesses have a unique opportunity to develop products that cater to this &#8230; <a title=\"Tirer parti des groupes de discussion de New York pour tester des produits destin\u00e9s aux seniors \u00a0\" class=\"read-more\" href=\"https:\/\/www.sisinternational.com\/fr\/solutions\/groupes-de-discussion\/des-groupes-de-discussion-a-new-york-pour-tester-des-produits-destines-aux-seniors\/\" aria-label=\"En savoir plus sur Leveraging NYC Focus Groups to Test Products for Seniors \u00a0\">Lire plus<\/a><\/p>","protected":false},"author":1,"featured_media":63799,"parent":16287,"menu_order":7,"comment_status":"closed","ping_status":"closed","template":"","meta":{"footnotes":""},"class_list":["post-53731","page","type-page","status-publish","has-post-thumbnail"],"_links":{"self":[{"href":"https:\/\/www.sisinternational.com\/fr\/wp-json\/wp\/v2\/pages\/53731","targetHints":{"allow":["GET"]}}],"collection":[{"href":"https:\/\/www.sisinternational.com\/fr\/wp-json\/wp\/v2\/pages"}],"about":[{"href":"https:\/\/www.sisinternational.com\/fr\/wp-json\/wp\/v2\/types\/page"}],"author":[{"embeddable":true,"href":"https:\/\/www.sisinternational.com\/fr\/wp-json\/wp\/v2\/users\/1"}],"replies":[{"embeddable":true,"href":"https:\/\/www.sisinternational.com\/fr\/wp-json\/wp\/v2\/comments?post=53731"}],"version-history":[{"count":9,"href":"https:\/\/www.sisinternational.com\/fr\/wp-json\/wp\/v2\/pages\/53731\/revisions"}],"predecessor-version":[{"id":76244,"href":"https:\/\/www.sisinternational.com\/fr\/wp-json\/wp\/v2\/pages\/53731\/revisions\/76244"}],"up":[{"embeddable":true,"href":"https:\/\/www.sisinternational.com\/fr\/wp-json\/wp\/v2\/pages\/16287"}],"wp:featuredmedia":[{"embeddable":true,"href":"https:\/\/www.sisinternational.com\/fr\/wp-json\/wp\/v2\/media\/63799"}],"wp:attachment":[{"href":"https:\/\/www.sisinternational.com\/fr\/wp-json\/wp\/v2\/media?parent=53731"}],"curies":[{"name":"wp","href":"https:\/\/api.w.org\/{rel}","templated":true}]}}