{"id":53729,"date":"2024-10-11T23:29:33","date_gmt":"2024-10-12T03:29:33","guid":{"rendered":"https:\/\/www.sisinternational.com\/?page_id=53729"},"modified":"2026-03-13T01:22:37","modified_gmt":"2026-03-13T05:22:37","slug":"tests-en-localisation-centrale-vs-groupes-de-discussion","status":"publish","type":"page","link":"https:\/\/www.sisinternational.com\/fr\/central-location-tests-clt-page\/tests-en-localisation-centrale-vs-groupes-de-discussion\/","title":{"rendered":"Tests de localisation centrale vs groupes de discussion"},"content":{"rendered":"<h1 class=\"wp-block-heading\">Tests de localisation centrale vs groupes de discussion<\/h1>\n\n\n\n<figure class=\"gb-block-image gb-block-image-5142217d\"><img loading=\"lazy\" decoding=\"async\" width=\"1456\" height=\"816\" class=\"gb-image gb-image-5142217d\" src=\"https:\/\/www.sisinternational.com\/wp-content\/uploads\/2025\/08\/Food-taste-testing-3.jpg\" alt=\"\u00c9tudes de march\u00e9 et strat\u00e9gie internationales SIS\" title=\"Food taste testing (3)\" srcset=\"https:\/\/www.sisinternational.com\/wp-content\/uploads\/2025\/08\/Food-taste-testing-3.jpg 1456w, https:\/\/www.sisinternational.com\/wp-content\/uploads\/2025\/08\/Food-taste-testing-3-300x168.jpg 300w, https:\/\/www.sisinternational.com\/wp-content\/uploads\/2025\/08\/Food-taste-testing-3-1024x574.jpg 1024w, https:\/\/www.sisinternational.com\/wp-content\/uploads\/2025\/08\/Food-taste-testing-3-768x430.jpg 768w, https:\/\/www.sisinternational.com\/wp-content\/uploads\/2025\/08\/Food-taste-testing-3-18x10.jpg 18w\" sizes=\"auto, (max-width: 1456px) 100vw, 1456px\"><\/figure>\n\n\n\n<p><\/p>\n\n\n\n<h3 class=\"wp-block-heading\">Les tests en localisation centrale sont id\u00e9aux pour tester des produits de mani\u00e8re contr\u00f4l\u00e9e, tandis que les groupes de discussion sont excellents pour d\u00e9couvrir des commentaires qualitatifs approfondis gr\u00e2ce \u00e0 des discussions. Comprendre les diff\u00e9rences peut aider les entreprises \u00e0 choisir la bonne approche pour recueillir les informations les plus pertinentes sur les consommateurs.<\/h3>\n\n\n\n<p>Les \u00e9tudes de march\u00e9 sont essentielles pour comprendre les pr\u00e9f\u00e9rences des consommateurs. Les deux m\u00e9thodes les plus utilis\u00e9es dans ce domaine sont les tests en localisation centrale et les groupes de discussion. Ces deux approches offrent des avantages et des perspectives uniques, aidant les entreprises \u00e0 peaufiner leurs produits, leurs strat\u00e9gies marketing et l&#039;engagement global des consommateurs.&nbsp;<\/p>\n\n\n\n<h2 class=\"gb-headline gb-headline-1f28aba3 gb-headline-text\">Tests de localisation centrale vs groupes de discussion<\/h2>\n\n\n\n<h3 class=\"wp-block-heading\">Que sont les tests de localisation centrale\u00a0?<\/h3>\n\n\n\n<p><strong><a href=\"https:\/\/www.sisinternational.com\/fr\/solutions\/solutions-de-recherche-qualitative-et-quantitative\/tests-en-emplacements-centraux-a-new-york\/\" title=\"Tests dans les emplacements centraux de la ville de New York\u00a0: avantages pour les tests de produits\"  data-wpil-monitor-id=\"1597\">Essais en situation centrale<\/a><\/strong> Les CLT sont une m\u00e9thode de recherche contr\u00f4l\u00e9e dans laquelle les participants sont invit\u00e9s \u00e0 un endroit sp\u00e9cifique pour \u00e9valuer des produits ou des services dans des conditions standardis\u00e9es. En r\u00e8gle g\u00e9n\u00e9rale, les CLT sont men\u00e9es dans un environnement neutre tel qu&#039;une installation d&#039;essai, o\u00f9 des variables telles que l&#039;\u00e9clairage, la temp\u00e9rature et la pr\u00e9sentation du produit peuvent \u00eatre contr\u00f4l\u00e9es pour garantir des r\u00e9sultats coh\u00e9rents.&nbsp;<\/p>\n\n\n\n<p>L\u2019un des principaux avantages des tests centralis\u00e9s est leur capacit\u00e9 \u00e0 recueillir des commentaires quantitatifs de nombreux participants en peu de temps. En demandant aux participants de remplir des enqu\u00eates ou de donner des notes imm\u00e9diatement apr\u00e8s avoir test\u00e9 un produit, les entreprises peuvent recueillir des donn\u00e9es structur\u00e9es et comparables qui se pr\u00eatent bien \u00e0 l\u2019analyse statistique.&nbsp;<\/p>\n\n\n\n<h3 class=\"wp-block-heading\">Que sont les groupes de discussion\u00a0?<\/h3>\n\n\n\n<p><a href=\"https:\/\/www.sisinternational.com\/fr\/solutions\/groupes-de-discussion\/installations-de-groupe-de-discussion-a-new-york\/\"><strong>Groupes de discussion<\/strong><\/a> Les tests de localisation centrale sont une m\u00e9thode de recherche qualitative dans laquelle un petit groupe de participants s&#039;engage dans des discussions guid\u00e9es pour fournir des informations approfondies sur leurs opinions, pr\u00e9f\u00e9rences et comportements concernant un produit ou un service. Contrairement aux tests de localisation centrale, les groupes de discussion sont con\u00e7us pour favoriser des conversations ouvertes, permettant aux participants de partager librement leurs pens\u00e9es et de r\u00e9agir aux opinions des autres.&nbsp;<\/p>\n\n\n\n<p>Les groupes de discussion sont tr\u00e8s utiles lorsque les entreprises souhaitent explorer le \u00ab pourquoi \u00bb du comportement des consommateurs. Ils sont souvent utilis\u00e9s aux premi\u00e8res \u00e9tapes du d\u00e9veloppement d\u2019un produit pour comprendre les besoins, les attitudes et les r\u00e9actions \u00e9motionnelles des clients. La nature interactive des groupes de discussion permet d\u2019explorer des sujets complexes tels que la perception de la marque, la facilit\u00e9 d\u2019utilisation du produit et les processus de d\u00e9cision des consommateurs, qui peuvent ne pas \u00eatre facilement appr\u00e9hend\u00e9s dans une enqu\u00eate quantitative.&nbsp;<\/p>\n\n\n\n<h2 class=\"wp-block-heading\">Mais\u2026 Quelles sont les principales diff\u00e9rences entre les tests de localisation centrale et les groupes de discussion\u00a0?<\/h2>\n\n\n\n<figure class=\"gb-block-image gb-block-image-15e32d98\"><img decoding=\"async\" class=\"gb-image gb-image-15e32d98\" src=\"https:\/\/www.sisinternational.com\/wp-content\/uploads\/2015\/06\/focus-groups.jpg\" alt=\"groupes de discussion\" title=\"groupes de discussion\"\/><\/figure>\n\n\n\n<p><\/p>\n\n\n\n<p>Bien que les tests en localisation centrale et les groupes de discussion soient des outils essentiels pour recueillir des informations sur les consommateurs, ils diff\u00e8rent consid\u00e9rablement dans leurs m\u00e9thodologies et les types de donn\u00e9es qu&#039;ils produisent.<\/p>\n\n\n\n<ul class=\"wp-block-list\">\n<li><strong>M\u00e9thodologie<\/strong>:Les tests de localisation centralis\u00e9e se concentrent sur la collecte de donn\u00e9es quantitatives structur\u00e9es. Les participants \u00e9valuent individuellement les produits ou services dans des conditions contr\u00f4l\u00e9es au moyen d&#039;enqu\u00eates ou de notes. En revanche, les groupes de discussion s&#039;appuient sur des donn\u00e9es qualitatives, en utilisant des discussions ouvertes pour explorer les attitudes, les motivations et les r\u00e9ponses \u00e9motionnelles des consommateurs. La nature interactive des groupes de discussion permet aux participants de partager et de r\u00e9agir aux points de vue des autres, ce qui peut r\u00e9v\u00e9ler des informations plus approfondies.<\/li>\n\n\n\n<li><strong>Type de commentaires<\/strong>:Les tests de localisation centrale fournissent des informations num\u00e9riques ou statistiques, ce qui les rend id\u00e9aux pour la comparaison et l&#039;analyse \u00e0 grande \u00e9chelle. Ils sont souvent utilis\u00e9s lorsque les entreprises ont besoin de donn\u00e9es objectives pour d\u00e9cider des performances ou des pr\u00e9f\u00e9rences d&#039;un produit. Les groupes de discussion, en revanche, produisent des informations riches et narratives. L&#039;objectif est de comprendre les exp\u00e9riences, les perceptions et le raisonnement des consommateurs, ce qui est utile pour affiner les messages, l&#039;image de marque et le d\u00e9veloppement de produits.<\/li>\n\n\n\n<li><strong>Taille et format du groupe<\/strong>:Les tests de localisation centrale impliquent g\u00e9n\u00e9ralement de nombreux participants, parfois des centaines, ce qui permet une collecte de donn\u00e9es plus large. Les groupes de discussion sont plus petits, impliquant g\u00e9n\u00e9ralement 6 \u00e0 12 participants, ce qui les rend plus intimes et propices \u00e0 une discussion approfondie. Le format du groupe de discussion encourage le dialogue interactif, tandis que les tests de localisation centrale se concentrent sur les r\u00e9ponses individuelles.<\/li>\n<\/ul>\n\n\n\n<p><\/p>\n\n\n\n<h2 class=\"wp-block-heading has-text-align-center\">Tests de localisation centrale vs groupes de discussion<\/h2>\n\n\n\n<figure class=\"wp-block-table\"><table class=\"has-fixed-layout\"><tbody><tr><td><strong>Crit\u00e8res<\/strong><\/td><td><strong>Tests de localisation centrale (CLT)<\/strong><\/td><td><strong>Groupes de discussion<\/strong><\/td><\/tr><tr><td><strong>M\u00e9thodologie<\/strong><\/td><td>Collecte de donn\u00e9es structur\u00e9es et quantitatives dans des environnements contr\u00f4l\u00e9s.<\/td><td>Discussions ouvertes avec retours qualitatifs anim\u00e9s par un mod\u00e9rateur.<\/td><\/tr><tr><td><strong>Type de commentaires<\/strong><\/td><td>Principalement quantitatives (sondages, notations, etc.).<\/td><td>Qualitatif (opinions, \u00e9motions et discussions approfondies).<\/td><\/tr><tr><td><strong>Taille du groupe<\/strong><\/td><td>G\u00e9n\u00e9ralement de grande taille, avec de nombreux participants pour une collecte de donn\u00e9es plus large.<\/td><td>Petits groupes (6 \u00e0 12 participants), ax\u00e9s sur des discussions d\u00e9taill\u00e9es.<\/td><\/tr><tr><td><strong>Format<\/strong><\/td><td>\u00c9valuations de produits individuels, souvent des comparaisons c\u00f4te \u00e0 c\u00f4te.<\/td><td>Interaction de groupe avec des id\u00e9es et des r\u00e9ponses partag\u00e9es.<\/td><\/tr><tr><td><strong>Id\u00e9al pour<\/strong><\/td><td>Mesurer les performances du produit, les pr\u00e9f\u00e9rences et tester les it\u00e9rations.<\/td><td>Comprendre les motivations, les attitudes et les r\u00e9ponses \u00e9motionnelles des consommateurs.<\/td><\/tr><tr><td><strong>Sortie de donn\u00e9es<\/strong><\/td><td>Donn\u00e9es statistiques adapt\u00e9es \u00e0 une comparaison et une analyse \u00e0 grande \u00e9chelle.<\/td><td>Des \u00e9clairages narratifs, explorant le \u00ab pourquoi \u00bb derri\u00e8re les choix des consommateurs.<\/td><\/tr><tr><td><strong>Cas d&#039;utilisation<\/strong><\/td><td>Alimentation, boissons, biens de consommation ; comparaison des variations de produits.<\/td><td>Image de marque, messagerie, exp\u00e9rience produit ; exploration plus approfondie des perceptions.<\/td><\/tr><\/tbody><\/table><\/figure>\n\n\n\n<h2 class=\"wp-block-heading\">Quand utiliser les tests de localisation centrale<\/h2>\n\n\n\n<p>Les CLT sont particuli\u00e8rement efficaces lorsque les entreprises doivent recueillir des donn\u00e9es quantitatives standardis\u00e9es rapidement et efficacement. Elles sont id\u00e9ales pour les sc\u00e9narios ax\u00e9s sur les performances des produits ou les tests comparatifs de plusieurs variantes dans des conditions contr\u00f4l\u00e9es. Par exemple, les CLT sont couramment utilis\u00e9s dans l&#039;industrie agroalimentaire pour tester de nouvelles saveurs, de nouveaux emballages ou de nouvelles formulations de produits, ce qui permet aux entreprises d&#039;\u00e9valuer pr\u00e9cis\u00e9ment les pr\u00e9f\u00e9rences des consommateurs.<\/p>\n\n\n\n<p>Les CLT sont \u00e9galement avantageuses lorsque les co\u00fbts et la logistique sont des enjeux. Comme elles impliquent de nombreux participants dans un seul et m\u00eame lieu, les entreprises peuvent rationaliser la collecte de donn\u00e9es et r\u00e9duire le temps n\u00e9cessaire \u00e0 la collecte des r\u00e9sultats. Cette m\u00e9thode convient \u00e0 des secteurs tels que les biens de consommation, les soins personnels et les produits m\u00e9nagers, o\u00f9 les consommateurs doivent \u00e9valuer les produits physiques de premi\u00e8re main.<\/p>\n\n\n\n<p>En outre, les CLT sont utiles lorsque les entreprises ont besoin d\u2019une validit\u00e9 statistique dans leurs r\u00e9sultats. En contr\u00f4lant l\u2019environnement de test et en limitant les variables externes, les entreprises peuvent s\u2019assurer que les donn\u00e9es collect\u00e9es sont fiables et peuvent \u00eatre utilis\u00e9es pour prendre des d\u00e9cisions concernant les produits en toute confiance.&nbsp;<\/p>\n\n\n\n<h2 class=\"wp-block-heading\">Tests de localisation centrale vs groupes de discussion : quand utiliser les groupes de discussion<\/h2>\n\n\n\n<figure class=\"gb-block-image gb-block-image-ae1a937a\"><img loading=\"lazy\" decoding=\"async\" width=\"1456\" height=\"816\" class=\"gb-image gb-image-ae1a937a\" src=\"https:\/\/www.sisinternational.com\/wp-content\/uploads\/2025\/09\/Focus-group-4-6.jpg\" alt=\"\u00c9tudes de march\u00e9 et strat\u00e9gie internationales SIS\" title=\"Focus group 4 (6)\" srcset=\"https:\/\/www.sisinternational.com\/wp-content\/uploads\/2025\/09\/Focus-group-4-6.jpg 1456w, https:\/\/www.sisinternational.com\/wp-content\/uploads\/2025\/09\/Focus-group-4-6-300x168.jpg 300w, https:\/\/www.sisinternational.com\/wp-content\/uploads\/2025\/09\/Focus-group-4-6-1024x574.jpg 1024w, https:\/\/www.sisinternational.com\/wp-content\/uploads\/2025\/09\/Focus-group-4-6-768x430.jpg 768w, https:\/\/www.sisinternational.com\/wp-content\/uploads\/2025\/09\/Focus-group-4-6-18x10.jpg 18w\" sizes=\"auto, (max-width: 1456px) 100vw, 1456px\"><\/figure>\n\n\n\n<p><\/p>\n\n\n\n<p>Les groupes de discussion sont particuli\u00e8rement adapt\u00e9s aux entreprises qui souhaitent \u00e9tudier les aspects qualitatifs du comportement des consommateurs, tels que les attitudes, les motivations et les r\u00e9actions \u00e9motionnelles. Ils sont id\u00e9aux lorsque l&#039;objectif est d&#039;explorer les raisons qui sous-tendent les choix des consommateurs plut\u00f4t que de simplement mesurer les pr\u00e9f\u00e9rences. Cette m\u00e9thode est souvent utilis\u00e9e au cours des premi\u00e8res \u00e9tapes du d\u00e9veloppement d&#039;un produit, de la conception d&#039;une campagne marketing ou lorsque les entreprises doivent comprendre les perceptions complexes des consommateurs \u00e0 l&#039;\u00e9gard de leur marque.<\/p>\n\n\n\n<p>Les groupes de discussion sont particuli\u00e8rement efficaces dans les situations o\u00f9 l\u2019interaction entre les participants peut conduire \u00e0 des informations plus approfondies. Par exemple, les consommateurs ont souvent des pr\u00e9f\u00e9rences nuanc\u00e9es influenc\u00e9es par leur style de vie, leurs valeurs et leurs exp\u00e9riences dans les secteurs de la mode, de la sant\u00e9 ou de la technologie. La richesse des donn\u00e9es recueillies lors de discussions ouvertes fait des groupes de discussion un outil puissant pour les entreprises qui cherchent \u00e0 aligner leurs produits et leurs communications sur les d\u00e9sirs des consommateurs.<\/p>\n\n\n\n<h2 class=\"wp-block-heading\">Combiner des tests en localisation centrale et des groupes de discussion\u2026 Est-ce possible ?<\/h2>\n\n\n\n<p>Businesses can often achieve the best results by combining Central Location Tests and focus groups. This hybrid approach allows companies to leverage the strengths of both methodologies, offering a more comprehensive understanding of consumer preferences and behaviors. By conducting Central Location Tests first, businesses can gather quantitative data on product performance and then follow up with <a href=\"https:\/\/www.sisinternational.com\/fr\/solutions\/groupes-de-discussion\/des-groupes-de-discussion-a-new-york-pour-tester-des-produits-destines-aux-seniors\/\" title=\"Tirer parti des groupes de discussion de New York pour tester des produits destin\u00e9s aux seniors \u00a0\"  data-wpil-monitor-id=\"1849\">groupes de discussion<\/a> to explore the underlying reasons behind consumers&#8217; choices during the tests.<\/p>\n\n\n\n<p>Par exemple<span style=\"box-sizing: border-box; margin: 0px; padding: 0px;\">, une entreprise peut effectuer un test de localisation centrale dans l&#039;industrie agroalimentaire&nbsp;<\/span>pour identifier les nouvelles saveurs pr\u00e9f\u00e9r\u00e9es des consommateurs. Ils peuvent ensuite organiser des groupes de discussion pour discuter des raisons pour lesquelles les participants ont pr\u00e9f\u00e9r\u00e9 une saveur plut\u00f4t qu&#039;une autre, en fournissant des informations sur les pr\u00e9f\u00e9rences gustatives, les perceptions de la marque ou l&#039;attrait de l&#039;emballage. Cette combinaison permet une collecte de donn\u00e9es \u00e9tendue et une analyse approfondie, garantissant ainsi aux entreprises de prendre des d\u00e9cisions \u00e9clair\u00e9es.<\/p>\n\n\n\n<h2 class=\"wp-block-heading\">Comment SIS International aide les entreprises \u00e0 relever les d\u00e9fis des tests en localisation centrale par rapport aux groupes de discussion<\/h2>\n\n\n\n<p>SIS International propose une expertise in\u00e9gal\u00e9e dans la conduite de tests de localisation centralis\u00e9e et de groupes de discussion, aidant ainsi les entreprises de divers secteurs \u00e0 prendre des d\u00e9cisions \u00e9clair\u00e9es bas\u00e9es sur des informations compl\u00e8tes sur les consommateurs. Avec des d\u00e9cennies d&#039;exp\u00e9rience dans les \u00e9tudes de march\u00e9, SIS International s&#039;assure que chaque \u00e9tude est adapt\u00e9e aux besoins sp\u00e9cifiques du client, que l&#039;accent soit mis sur le d\u00e9veloppement de produits, la strat\u00e9gie de marque ou le comportement des consommateurs.<\/p>\n\n\n<p>\n\n\n<\/p>\n<p style=\"padding-left: 40px;\"><strong>Solutions de recherche sur mesure<br \/><br \/><\/strong><a href=\"https:\/\/www.linkedin.com\/company\/sisinternationalresearch\/\" target=\"_blank\" rel=\"noopener\">SIS International<\/a> personnalise les tests de localisation centrale et les groupes de discussion pour r\u00e9pondre aux besoins sp\u00e9cifiques de chaque entreprise, garantissant que les informations recueillies sont directement align\u00e9es sur les objectifs de l&#039;entreprise.<\/p>\n<p style=\"padding-left: 40px;\">\n\n\n\n<\/p>\n<p style=\"padding-left: 40px;\"><strong>Port\u00e9e mondiale et normalisation<\/strong><strong><br \/><\/strong><strong><br \/><\/strong>Gr\u00e2ce \u00e0 un r\u00e9seau mondial d\u2019installations de recherche, SIS International permet aux entreprises d\u2019effectuer des tests de localisation centralis\u00e9s dans plusieurs r\u00e9gions, garantissant ainsi des donn\u00e9es coh\u00e9rentes et fiables qui peuvent \u00eatre compar\u00e9es et analys\u00e9es au niveau international.<\/p>\n<p style=\"padding-left: 40px;\">\n\n\n\n<\/p>\n<p style=\"padding-left: 40px;\"><strong>Informations compl\u00e8tes sur les consommateurs<\/strong><strong><br \/><\/strong><strong><br \/><\/strong>En combinant des donn\u00e9es quantitatives issues de tests de localisation centrale avec des informations qualitatives issues de groupes de discussion, SIS International offre aux entreprises une vision holistique des pr\u00e9f\u00e9rences, des comportements et des motivations des consommateurs, permettant une prise de d\u00e9cision \u00e9clair\u00e9e.<\/p>\n<p style=\"padding-left: 40px;\">\n\n\n\n<\/p>\n<p style=\"padding-left: 40px;\"><strong>Des mod\u00e9rateurs qualifi\u00e9s et des participants diversifi\u00e9s<\/strong><strong><br \/><\/strong><strong><br \/><\/strong>Les groupes de discussion de SIS International sont anim\u00e9s par des mod\u00e9rateurs exp\u00e9riment\u00e9s qui facilitent les discussions approfondies. Leur capacit\u00e9 \u00e0 recruter des groupes de participants diversifi\u00e9s permet aux entreprises d&#039;obtenir des informations sur un large \u00e9ventail de leur march\u00e9 cible, ce qui conduit \u00e0 des retours d&#039;information plus pr\u00e9cis et plus repr\u00e9sentatifs.<\/p>\n<p style=\"padding-left: 40px;\">\n\n\n\n<\/p>\n<p style=\"padding-left: 40px;\"><strong>Des d\u00e9cisions concr\u00e8tes et bas\u00e9es sur des donn\u00e9es<\/strong><strong><br \/><\/strong><strong><br \/><\/strong>L&#039;expertise de SIS International dans ces deux m\u00e9thodologies permet aux entreprises de valider leurs strat\u00e9gies de produits, de marketing et de marque \u00e0 l&#039;aide de donn\u00e9es exploitables. La combinaison d&#039;informations quantitatives et qualitatives donne aux entreprises la confiance n\u00e9cessaire pour prendre des d\u00e9cisions \u00e9clair\u00e9es, appuy\u00e9es par de v\u00e9ritables retours d&#039;exp\u00e9rience des consommateurs.<\/p>\n<p style=\"padding-left: 40px;\">\n\n\n\n<\/p>\n<p style=\"padding-left: 40px;\"><strong>Efficacit\u00e9 et rentabilit\u00e9<br \/><br \/><\/strong>L&#039;approche rationalis\u00e9e de SIS International en mati\u00e8re de recherche aide les entreprises \u00e0 recueillir des informations essentielles de mani\u00e8re rentable et rapide. Cela r\u00e9duit le d\u00e9lai de mise sur le march\u00e9 des nouveaux produits et permet une it\u00e9ration plus rapide des strat\u00e9gies bas\u00e9es sur les commentaires des consommateurs.<\/p>\n<p>\n\n\n<\/p>\n\n\n<h2 class=\"wp-block-heading\">\u00c0 propos de SIS International<\/h2>\n\n\n\n<p><a href=\"https:\/\/www.sisinternational.com\/fr\/\">SIS International<\/a> propose des recherches quantitatives, qualitatives et strat\u00e9giques. Nous fournissons des donn\u00e9es, des outils, des strat\u00e9gies, des rapports et des informations pour la prise de d\u00e9cision. Nous menons \u00e9galement des entretiens, des enqu\u00eates, des groupes de discussion et d\u2019autres m\u00e9thodes et approches d\u2019\u00e9tudes de march\u00e9.<a href=\"https:\/\/www.sisinternational.com\/fr\/a-propos-de-la-recherche-internationale-sis\/contact-sis-international-market-research\/\"> Contactez nous<\/a> pour votre prochain projet d&#039;\u00e9tude de march\u00e9.<\/p>","protected":false},"excerpt":{"rendered":"<p>Central Location Tests vs Focus Groups Central Location Tests are ideal for controlled product testing, while focus groups excel in uncovering in-depth qualitative feedback through discussions. Understanding the differences can help businesses choose the right approach to gather the most relevant consumer insights. Market research is essential for understanding consumer preferences, and two widely used &#8230; <a title=\"Tests de localisation centrale vs groupes de discussion\" class=\"read-more\" href=\"https:\/\/www.sisinternational.com\/fr\/central-location-tests-clt-page\/tests-en-localisation-centrale-vs-groupes-de-discussion\/\" aria-label=\"En savoir plus sur Central Location Tests vs Focus Groups\">Lire plus<\/a><\/p>","protected":false},"author":1,"featured_media":64706,"parent":84538,"menu_order":54,"comment_status":"closed","ping_status":"closed","template":"","meta":{"footnotes":""},"class_list":["post-53729","page","type-page","status-publish","has-post-thumbnail"],"_links":{"self":[{"href":"https:\/\/www.sisinternational.com\/fr\/wp-json\/wp\/v2\/pages\/53729","targetHints":{"allow":["GET"]}}],"collection":[{"href":"https:\/\/www.sisinternational.com\/fr\/wp-json\/wp\/v2\/pages"}],"about":[{"href":"https:\/\/www.sisinternational.com\/fr\/wp-json\/wp\/v2\/types\/page"}],"author":[{"embeddable":true,"href":"https:\/\/www.sisinternational.com\/fr\/wp-json\/wp\/v2\/users\/1"}],"replies":[{"embeddable":true,"href":"https:\/\/www.sisinternational.com\/fr\/wp-json\/wp\/v2\/comments?post=53729"}],"version-history":[{"count":9,"href":"https:\/\/www.sisinternational.com\/fr\/wp-json\/wp\/v2\/pages\/53729\/revisions"}],"predecessor-version":[{"id":76217,"href":"https:\/\/www.sisinternational.com\/fr\/wp-json\/wp\/v2\/pages\/53729\/revisions\/76217"}],"up":[{"embeddable":true,"href":"https:\/\/www.sisinternational.com\/fr\/wp-json\/wp\/v2\/pages\/84538"}],"wp:featuredmedia":[{"embeddable":true,"href":"https:\/\/www.sisinternational.com\/fr\/wp-json\/wp\/v2\/media\/64706"}],"wp:attachment":[{"href":"https:\/\/www.sisinternational.com\/fr\/wp-json\/wp\/v2\/media?parent=53729"}],"curies":[{"name":"wp","href":"https:\/\/api.w.org\/{rel}","templated":true}]}}