{"id":53558,"date":"2024-10-10T23:22:10","date_gmt":"2024-10-11T03:22:10","guid":{"rendered":"https:\/\/www.sisinternational.com\/?page_id=53558"},"modified":"2026-03-12T20:08:05","modified_gmt":"2026-03-13T00:08:05","slug":"etude-de-marche-sur-le-modele-de-valeur-de-marque-base-sur-le-client","status":"publish","type":"page","link":"https:\/\/www.sisinternational.com\/fr\/solutions\/solutions-de-branding-et-de-recherche-client\/etude-de-marche-sur-le-modele-de-valeur-de-marque-base-sur-le-client\/","title":{"rendered":"\u00c9tude de march\u00e9 sur le mod\u00e8le de valeur de marque bas\u00e9 sur le client"},"content":{"rendered":"<h1 class=\"wp-block-heading\">\u00c9tude de march\u00e9 sur le mod\u00e8le de valeur de marque bas\u00e9 sur le client<\/h1>\n\n\n\n<figure class=\"gb-block-image gb-block-image-18432a91\"><img loading=\"lazy\" decoding=\"async\" width=\"1456\" height=\"816\" class=\"gb-image gb-image-18432a91\" src=\"https:\/\/www.sisinternational.com\/wp-content\/uploads\/2025\/08\/Retail-18.jpg\" alt=\"\u00c9tudes de march\u00e9 et strat\u00e9gie internationales SIS\" title=\"Retail (18)\" srcset=\"https:\/\/www.sisinternational.com\/wp-content\/uploads\/2025\/08\/Retail-18.jpg 1456w, https:\/\/www.sisinternational.com\/wp-content\/uploads\/2025\/08\/Retail-18-300x168.jpg 300w, https:\/\/www.sisinternational.com\/wp-content\/uploads\/2025\/08\/Retail-18-1024x574.jpg 1024w, https:\/\/www.sisinternational.com\/wp-content\/uploads\/2025\/08\/Retail-18-768x430.jpg 768w, https:\/\/www.sisinternational.com\/wp-content\/uploads\/2025\/08\/Retail-18-18x10.jpg 18w\" sizes=\"auto, (max-width: 1456px) 100vw, 1456px\"><\/figure>\n\n\n\n<p><\/p>\n\n\n\n<p>Comment les marques peuvent-elles s\u2019assurer qu\u2019elles trouvent un \u00e9cho aupr\u00e8s de leurs clients ? Le succ\u00e8s de toute marque d\u00e9pend de la mani\u00e8re dont elle trouve un \u00e9cho aupr\u00e8s de ses clients. Les \u00e9tudes de march\u00e9 bas\u00e9es sur le mod\u00e8le de capital de marque bas\u00e9 sur le client (CBBE) permettent aux entreprises de comprendre les facteurs cl\u00e9s qui fa\u00e7onnent la perception et la fid\u00e9lit\u00e9 \u00e0 la marque. En se concentrant sur les informations sur les clients, le mod\u00e8le CBBE aide les marques \u00e0 prendre des d\u00e9cisions bas\u00e9es sur les donn\u00e9es qui renforcent leur avantage concurrentiel et favorisent leur r\u00e9ussite \u00e0 long terme.<\/p>\n\n\n\n<h2 class=\"wp-block-heading\">Qu\u2019est-ce que le mod\u00e8le de valeur de marque bas\u00e9 sur le client ?<\/h2>\n\n\n\n<p>The CBBE model <a href=\"https:\/\/www.sisinternational.com\/fr\/marque-de-pneus-surveiller-nous-allemagne-bresil\/\" title=\"Recherche sur la marque des pneus aux \u00c9tats-Unis, en Allemagne et au Br\u00e9sil\"  data-wpil-monitor-id=\"6612\">market<\/a> research is a framework developed by marketing expert Kevin Keller to assess brand equity from customers&#8217; perspectives. It focuses on understanding how customers perceive a brand, their emotional connections to it, and the brand&#8217;s overall strength in their minds.&nbsp;<\/p>\n\n\n\n<p>Le mod\u00e8le CBBE s&#039;articule autour de quatre \u00e9l\u00e9ments cl\u00e9s : la notori\u00e9t\u00e9 de la marque, les associations \u00e0 la marque, la qualit\u00e9 per\u00e7ue et la fid\u00e9lit\u00e9 \u00e0 la marque. Chaque \u00e9l\u00e9ment est essentiel pour fa\u00e7onner la fa\u00e7on dont les clients per\u00e7oivent une marque et leur volont\u00e9 de s&#039;y engager. Par exemple, la notori\u00e9t\u00e9 de la marque repr\u00e9sente le degr\u00e9 de familiarit\u00e9 des consommateurs avec la marque, tandis que les associations \u00e0 la marque font r\u00e9f\u00e9rence aux attributs et aux valeurs que les consommateurs associent \u00e0 la marque. La qualit\u00e9 per\u00e7ue est la fa\u00e7on dont les clients jugent la qualit\u00e9 des produits ou des services de la marque, et la fid\u00e9lit\u00e9 \u00e0 la marque refl\u00e8te l&#039;engagement des clients envers la marque.<\/p>\n\n\n\n<h2 class=\"wp-block-heading\">Alors\u2026 Qu\u2019est-ce que l\u2019\u00e9tude de march\u00e9 sur le mod\u00e8le de valeur de marque bas\u00e9 sur le client ?<\/h2>\n\n\n\n<p>CBBE model market <a href=\"https:\/\/www.sisinternational.com\/fr\/competence\/les-industries\/etude-de-marche-de-marque\/\" title=\"\u00c9tude de march\u00e9 de marque\"  data-wpil-monitor-id=\"6746\">recherche<\/a> is a systematic approach to understanding how customers perceive and emotionally connect with a brand. It helps businesses measure their brand equity by focusing on four key elements: brand awareness, brand associations, perceived quality, and brand loyalty. Therefore, through effective market research using the CBBE model, companies can better understand what drives consumer behavior. This enables them to craft targeted strategies that resonate deeply with their audience and foster a thriving brand.<\/p>\n\n\n\n<h2 class=\"wp-block-heading\">Pourquoi les entreprises ont-elles besoin d\u2019une \u00e9tude de march\u00e9 sur le mod\u00e8le de valeur de marque bas\u00e9e sur le client\u00a0?<\/h2>\n\n\n\n<p>Companies face challenges such as increased competition, changing consumer behaviors, and the need to differentiate themselves effectively. CBBE model <a href=\"https:\/\/www.sisinternational.com\/fr\/competence\/les-industries\/etude-de-marche-sur-le-cablage-structure\/\" title=\"\u00c9tude de march\u00e9 sur le c\u00e2blage structur\u00e9\"  data-wpil-monitor-id=\"5741\">market research provides businesses with a structured<\/a> approach to understanding the emotional and rational factors influencing customer loyalty, brand awareness, and overall brand perception. By leveraging insights from CBBE market research, businesses can identify opportunities to enhance brand loyalty, build stronger customer relationships, and differentiate their brand from competitors.&nbsp;<\/p>\n\n\n\n<p>The CBBE model also helps companies understand customer expectations, allowing them to create targeted marketing strategies that resonate with their audience and foster brand growth. Finally, CBBE model <a href=\"https:\/\/www.sisinternational.com\/fr\/competence\/les-industries\/etude-de-marche-sur-les-outils-electriques\/\" title=\"\u00c9tude de march\u00e9 sur les outils \u00e9lectriques\"  data-wpil-monitor-id=\"4062\">market research is a powerful<\/a> tool for businesses to strengthen their brand equity and gain a competitive edge.<\/p>\n\n\n\n<h2 class=\"wp-block-heading\">Avantages de l&#039;utilisation du mod\u00e8le de capital de marque bas\u00e9 sur le client \u00c9tude de march\u00e9<\/h2>\n\n\n\n<p>Understanding the benefits of CBBE model market research is crucial for companies aiming to <a href=\"https:\/\/www.sisinternational.com\/fr\/creer-une-marque-mondiale-pour-la-chine\/\" title=\"Construire des marques chinoises\"  data-wpil-monitor-id=\"3649\">build a strong and competitive brand<\/a>. By leveraging the CBBE model, businesses can gain valuable insights into customer perceptions and create targeted strategies that foster brand loyalty, improve marketing efficiency, and drive growth.<\/p>\n\n\n\n<p><\/p>\n\n\n\n<figure class=\"gb-block-image gb-block-image-2b3067f8\"><img loading=\"lazy\" decoding=\"async\" width=\"1024\" height=\"579\" class=\"gb-image gb-image-2b3067f8\" src=\"https:\/\/www.sisinternational.com\/wp-content\/uploads\/2024\/11\/Customer-brand-equity-model-1024x579.png\" alt=\"\u00c9tudes de march\u00e9 et strat\u00e9gie internationales SIS\" title=\"Mod\u00e8le de valeur de marque client\" srcset=\"https:\/\/www.sisinternational.com\/wp-content\/uploads\/2024\/11\/Customer-brand-equity-model-1024x579.png 1024w, https:\/\/www.sisinternational.com\/wp-content\/uploads\/2024\/11\/Customer-brand-equity-model-300x170.png 300w, https:\/\/www.sisinternational.com\/wp-content\/uploads\/2024\/11\/Customer-brand-equity-model-768x434.png 768w, https:\/\/www.sisinternational.com\/wp-content\/uploads\/2024\/11\/Customer-brand-equity-model-1536x869.png 1536w, https:\/\/www.sisinternational.com\/wp-content\/uploads\/2024\/11\/Customer-brand-equity-model-2048x1158.png 2048w, https:\/\/www.sisinternational.com\/wp-content\/uploads\/2024\/11\/Customer-brand-equity-model-18x10.png 18w\" sizes=\"auto, (max-width: 1024px) 100vw, 1024px\"><\/figure>\n\n\n\n<p><\/p>\n\n\n\n<ul class=\"wp-block-list\">\n<li><strong>Am\u00e9lioration du positionnement de la marque<\/strong>:Il fournit des informations sur les besoins et les pr\u00e9f\u00e9rences des clients, permettant aux entreprises de d\u00e9velopper des strat\u00e9gies cibl\u00e9es qui favorisent des liens plus forts avec leur public.<\/li>\n\n\n\n<li><strong>Augmentation de la fid\u00e9lit\u00e9 \u00e0 la marque<\/strong>:Ce service aide les entreprises \u00e0 accro\u00eetre la fid\u00e9lit\u00e9 \u00e0 la marque en comprenant les perceptions des clients et en adaptant les strat\u00e9gies pour r\u00e9pondre \u00e0 leurs attentes.<\/li>\n\n\n\n<li><strong>Satisfaction client am\u00e9lior\u00e9e<\/strong>:En r\u00e9pondant plus efficacement aux besoins des clients, les entreprises peuvent am\u00e9liorer la satisfaction globale des clients, conduisant \u00e0 une fid\u00e9lit\u00e9 \u00e0 long terme.<\/li>\n\n\n\n<li><strong>Informations exploitables<\/strong>:Le mod\u00e8le CBBE fournit des informations exploitables qui aident les entreprises \u00e0 identifier les domaines d\u2019am\u00e9lioration et \u00e0 capitaliser sur les points forts de leur marque.<\/li>\n\n\n\n<li><strong>Avantage comp\u00e9titif<\/strong>:En comprenant les principaux facteurs de la valeur de la marque, les entreprises peuvent acqu\u00e9rir un avantage concurrentiel dans leur secteur et se diff\u00e9rencier de leurs concurrents.<\/li>\n\n\n\n<li><strong>Strat\u00e9gies de marketing efficaces<\/strong>:Il permet la cr\u00e9ation de campagnes marketing plus efficaces qui trouvent un \u00e9cho profond aupr\u00e8s du public cible, g\u00e9n\u00e9rant un engagement et des conversions plus \u00e9lev\u00e9s.<br><\/li>\n<\/ul>\n\n\n<div class=\"gb-container gb-container-938cdc8f\">\n\n<h2 class=\"wp-block-heading\">Qui a besoin d\u2019une \u00e9tude de march\u00e9 sur le mod\u00e8le de valeur de marque bas\u00e9 sur le client\u00a0?<\/h2>\n\n<\/div>\n\n\n<figure class=\"gb-block-image gb-block-image-1768847c\"><img loading=\"lazy\" decoding=\"async\" width=\"1456\" height=\"816\" class=\"gb-image gb-image-1768847c\" src=\"https:\/\/www.sisinternational.com\/wp-content\/uploads\/2025\/08\/Retail-26.jpg\" alt=\"\u00c9tudes de march\u00e9 et strat\u00e9gie internationales SIS\" title=\"Retail (26)\" srcset=\"https:\/\/www.sisinternational.com\/wp-content\/uploads\/2025\/08\/Retail-26.jpg 1456w, https:\/\/www.sisinternational.com\/wp-content\/uploads\/2025\/08\/Retail-26-300x168.jpg 300w, https:\/\/www.sisinternational.com\/wp-content\/uploads\/2025\/08\/Retail-26-1024x574.jpg 1024w, https:\/\/www.sisinternational.com\/wp-content\/uploads\/2025\/08\/Retail-26-768x430.jpg 768w, https:\/\/www.sisinternational.com\/wp-content\/uploads\/2025\/08\/Retail-26-18x10.jpg 18w\" sizes=\"auto, (max-width: 1456px) 100vw, 1456px\"><\/figure>\n\n\n\n<p><br>L&#039;\u00e9tude de march\u00e9 du mod\u00e8le CBBE est essentielle pour les entreprises de toutes tailles qui cherchent \u00e0 \u00e9tablir une relation solide avec leurs clients et \u00e0 se diff\u00e9rencier sur un march\u00e9 encombr\u00e9. Ce mod\u00e8le est particuli\u00e8rement utile pour les entreprises qui cherchent \u00e0 p\u00e9n\u00e9trer de nouveaux march\u00e9s, \u00e0 lancer de nouveaux produits ou \u00e0 am\u00e9liorer le positionnement de leur marque. Il aide les entreprises \u00e0 comprendre les perceptions des consommateurs, \u00e0 \u00e9valuer la fid\u00e9lit\u00e9 \u00e0 la marque et \u00e0 identifier les opportunit\u00e9s d&#039;am\u00e9lioration de la valeur de la marque. Qu&#039;une entreprise tente de s&#039;\u00e9tablir dans une nouvelle r\u00e9gion ou de renforcer sa pr\u00e9sence sur le march\u00e9, l&#039;\u00e9tude de march\u00e9 du mod\u00e8le CBBE fournit les informations essentielles n\u00e9cessaires pour cr\u00e9er des strat\u00e9gies efficaces qui m\u00e8nent \u00e0 une entr\u00e9e r\u00e9ussie sur le march\u00e9 et \u00e0 l&#039;engagement des clients.<\/p>\n\n\n\n<p>For instance, companies entering a new region can use customer-based brand equity model <a href=\"https:\/\/www.sisinternational.com\/fr\/solutions\/solutions-de-recherche-qualitative-et-quantitative\/enhancing-product-appeal-through-consumer-choice-modeling\/\" title=\"Consumer Choice Modeling\"  data-wpil-monitor-id=\"1197\">\u00e9tude de march\u00e9<\/a> to identify key factors that matter to local consumers, ensuring that their brand message aligns with local expectations. Similarly, businesses launching new products can benefit from understanding customer perceptions to effectively position their offerings in the marketplace. Yet, any company aiming to strengthen its <a href=\"https:\/\/www.sisinternational.com\/fr\/tranches-fines-en-marketing-une-revue-de-clin-doeil\/\" title=\"Thin-Slicing in Marketing\u00a0: critique du livre \u00ab\u00a0Blink\u00a0\u00bb\"  data-wpil-monitor-id=\"1619\">brand equity<\/a> and build lasting customer relationships will find significant value in CBBE model market research.&nbsp;<\/p>\n\n\n\n<h2 class=\"wp-block-heading\">Comment fonctionne l&#039;\u00e9tude de march\u00e9 sur le mod\u00e8le de valeur de marque bas\u00e9 sur le client<\/h2>\n\n\n\n<p>Les \u00e9tudes de march\u00e9 bas\u00e9es sur le mod\u00e8le CBBE impliquent g\u00e9n\u00e9ralement une combinaison de m\u00e9thodes quantitatives et qualitatives pour recueillir des informations compl\u00e8tes. Les principaux outils utilis\u00e9s dans les \u00e9tudes de march\u00e9 bas\u00e9es sur le mod\u00e8le CBBE comprennent les enqu\u00eates, les groupes de discussion et l&#039;analyse des sentiments, tous con\u00e7us pour saisir la fa\u00e7on dont les clients per\u00e7oivent la marque, leurs associations et leur fid\u00e9lit\u00e9.<\/p>\n\n\n\n<ul class=\"wp-block-list\">\n<li><strong>Enqu\u00eates<\/strong>:Les enqu\u00eates collectent des donn\u00e9es sur les clients, fournissant des informations mesurables sur la notori\u00e9t\u00e9 de la marque, la qualit\u00e9 per\u00e7ue et la fid\u00e9lit\u00e9. Les questions sont adapt\u00e9es pour \u00e9valuer diff\u00e9rents aspects du mod\u00e8le CBBE, tels que la reconnaissance de la marque par les clients et leur niveau de satisfaction \u00e0 l&#039;\u00e9gard de ses offres.<\/li>\n\n\n\n<li><strong>Groupes de discussion<\/strong>:Les groupes de discussion permettent d&#039;obtenir des informations qualitatives plus approfondies en engageant les clients dans des discussions sur leurs sentiments envers la marque. Ces sessions permettent de d\u00e9couvrir des connexions \u00e9motionnelles, des associations et des perceptions qui pourraient ne pas \u00eatre \u00e9videntes \u00e0 partir des seules donn\u00e9es d&#039;enqu\u00eate.<\/li>\n\n\n\n<li><strong>Analyse des sentiments<\/strong>:L&#039;analyse des sentiments, souvent r\u00e9alis\u00e9e par le biais de la surveillance des r\u00e9seaux sociaux et de l&#039;analyse des avis, aide les entreprises \u00e0 comprendre les \u00e9motions et les sentiments des clients \u00e0 l&#039;\u00e9gard de la marque en ligne. Cet outil fournit une vue en temps r\u00e9el des perceptions des clients et permet d&#039;identifier les associations positives et n\u00e9gatives avec la marque.<br><\/li>\n<\/ul>\n\n\n\n<h2 class=\"wp-block-heading\">Facteurs de march\u00e9<\/h2>\n\n\n\n<figure class=\"gb-block-image gb-block-image-9752bcdf\"><img loading=\"lazy\" decoding=\"async\" width=\"1456\" height=\"816\" class=\"gb-image gb-image-9752bcdf\" src=\"https:\/\/www.sisinternational.com\/wp-content\/uploads\/2025\/09\/Research-2.jpg\" alt=\"\u00c9tudes de march\u00e9 et strat\u00e9gie internationales SIS\" title=\"Research (2)\" srcset=\"https:\/\/www.sisinternational.com\/wp-content\/uploads\/2025\/09\/Research-2.jpg 1456w, https:\/\/www.sisinternational.com\/wp-content\/uploads\/2025\/09\/Research-2-300x168.jpg 300w, https:\/\/www.sisinternational.com\/wp-content\/uploads\/2025\/09\/Research-2-1024x574.jpg 1024w, https:\/\/www.sisinternational.com\/wp-content\/uploads\/2025\/09\/Research-2-768x430.jpg 768w, https:\/\/www.sisinternational.com\/wp-content\/uploads\/2025\/09\/Research-2-18x10.jpg 18w\" sizes=\"auto, (max-width: 1456px) 100vw, 1456px\"><\/figure>\n\n\n\n<p><br>One key <a href=\"https:\/\/www.sisinternational.com\/fr\/competence\/les-industries\/etude-de-marche-sur-leclairage-automobile\/quelle-est-limportance-de-ladas-pour-les-automobilistes\/\" title=\"Quelle est l&#039;importance des ADAS pour les automobilistes\"  data-wpil-monitor-id=\"1878\">driver is the growing importance<\/a> of customer-centric strategies in today&#8217;s competitive market. Companies must understand what their customers want and value to create meaningful connections. Another significant driver is the need for differentiation\u2014brands need to stand out from their competition, and CBBE model market research provides the insights required to craft unique brand messages.&nbsp;<\/p>\n\n\n\n<p>Enfin, l\u2019importance croissante accord\u00e9e aux connexions \u00e9motionnelles dans la prise de d\u00e9cision des consommateurs constitue un puissant moteur. Les marques qui exploitent avec succ\u00e8s les aspects \u00e9motionnels des relations avec leurs clients sont plus susceptibles de favoriser la fid\u00e9lit\u00e9 et de cr\u00e9er de la valeur \u00e0 long terme.&nbsp;<\/p>\n\n\n\n<h2 class=\"wp-block-heading\">Restrictions du march\u00e9<\/h2>\n\n\n\n<p>Bien que l\u2019\u00e9tude de march\u00e9 du mod\u00e8le CBBE offre de nombreux avantages, elle pr\u00e9sente \u00e9galement certains d\u00e9fis ou contraintes. L\u2019une des principales contraintes est le co\u00fbt. La r\u00e9alisation d\u2019une \u00e9tude de march\u00e9 compl\u00e8te du mod\u00e8le CBBE n\u00e9cessite un investissement financier important, ce qui peut constituer un obstacle pour les petites entreprises.&nbsp;<\/p>\n\n\n\n<p>Another major restraint is data privacy. With the increasing focus on consumer privacy and data protection regulations, companies must be careful in gathering and handling customer information for customer-based <a href=\"https:\/\/www.sisinternational.com\/fr\/quest-ce-que-les-relations-publiques\/\" title=\"Relations publiques et \u00e9tudes de march\u00e9\"  data-wpil-monitor-id=\"2246\">brand equity model market research<\/a>. Additionally, there is the need for expertise required for nuanced analysis\u2014interpreting the insights from CBBE research requires a deep understanding of both the brand and consumer behavior, which can be resource-intensive.&nbsp;<\/p>\n\n\n\n<h2 class=\"wp-block-heading\">Comment les \u00e9tudes de march\u00e9 de SIS International sur la valeur de marque ax\u00e9e sur le client aident les entreprises&nbsp;<\/h2>\n\n\n\n<p><a href=\"https:\/\/www.linkedin.com\/company\/sisinternationalresearch\/\" target=\"_blank\" rel=\"noopener\">SIS International<\/a> fournit un mod\u00e8le CBBE complet <a href=\"https:\/\/www.linkedin.com\/pulse\/how-market-research-enables-growth-ruth-stanat-phekf\/\" target=\"_blank\" rel=\"noopener\">\u00e9tude de march\u00e9<\/a> services, aidant les entreprises \u00e0 comprendre et \u00e0 am\u00e9liorer la valeur de leur marque.<\/p>\n\n\n\n<ul class=\"wp-block-list\">\n<li><strong>Planification strat\u00e9gique am\u00e9lior\u00e9e\u00a0:<\/strong> Gr\u00e2ce aux informations issues des \u00e9tudes de march\u00e9 du mod\u00e8le CBBE, les entreprises peuvent affiner leurs strat\u00e9gies pour r\u00e9pondre aux besoins et aux attentes des clients.<\/li>\n\n\n\n<li><strong>Augmentation des revenus\u00a0:<\/strong> Comprendre les perceptions des clients permet aux entreprises de d\u00e9velopper des produits et des campagnes marketing qui trouvent un \u00e9cho, conduisant \u00e0 une augmentation des ventes.<\/li>\n\n\n\n<li><strong>R\u00e9duction de risque:<\/strong> Identifier pr\u00e9cocement les faiblesses dans la perception de la marque permet d\u2019att\u00e9nuer les risques avant qu\u2019ils n\u2019aient un impact sur les r\u00e9sultats.<\/li>\n\n\n\n<li><a href=\"https:\/\/www.sisinternational.com\/fr\/competence\/les-industries\/etude-de-marche-en-quincaillerie\/\" title=\"\u00c9tude de march\u00e9 sur les quincailleries et la r\u00e9novation domiciliaire\" data-wpil-monitor-id=\"7063\">Improved Marketing Efficiency: CBBE model market research<\/a> provides targeted insights, enabling businesses to focus their marketing efforts where they will have the greatest impact and increase efficiency.<\/li>\n\n\n\n<li><strong>Croissance et innovation acc\u00e9l\u00e9r\u00e9es\u00a0:<\/strong> En comprenant les besoins des clients, les entreprises peuvent innover plus efficacement et stimuler la croissance.<\/li>\n\n\n\n<li><strong>ROI boost\u00e9\u00a0:<\/strong> Investing in CBBE model market research leads to better decision-making and higher returns on marketing investments. Work together to provide Customer-based <a href=\"https:\/\/www.sisinternational.com\/fr\/sassurer-que-les-clients-se-souviennent-de-votre-message\/\" title=\"\u00c9tude de march\u00e9 sur l\u2019activation de marque\" data-wpil-monitor-id=\"2267\">brand equity model market research<\/a>.<br><\/li>\n<\/ul>\n\n\n\n<h2 class=\"wp-block-heading\">\u00c0 propos de SIS International<\/h2>\n\n\n\n<p><a href=\"https:\/\/www.sisinternational.com\/fr\/\">SIS International<\/a> propose des recherches quantitatives, qualitatives et strat\u00e9giques. Nous fournissons des donn\u00e9es, des outils, des strat\u00e9gies, des rapports et des informations pour la prise de d\u00e9cision. Nous menons \u00e9galement des entretiens, des enqu\u00eates, des groupes de discussion et d\u2019autres m\u00e9thodes et approches d\u2019\u00e9tudes de march\u00e9. <a href=\"https:\/\/www.sisinternational.com\/fr\/a-propos-de-la-recherche-internationale-sis\/contact-sis-international-market-research\/\">Contactez nous<\/a> pour votre prochain projet d&#039;\u00e9tude de march\u00e9.<\/p>","protected":false},"excerpt":{"rendered":"<p>Customer-Based Brand Equity Model Market Research How can brands ensure they truly resonate with their customers? The success of any brand hinges on how well it resonates with its customers \u2013 customer-based brand equity (CBBE) model market research enables companies to understand the key factors that shape brand perception and loyalty. By focusing on customer &#8230; <a title=\"\u00c9tude de march\u00e9 sur le mod\u00e8le de valeur de marque bas\u00e9 sur le client\" class=\"read-more\" href=\"https:\/\/www.sisinternational.com\/fr\/solutions\/solutions-de-branding-et-de-recherche-client\/etude-de-marche-sur-le-modele-de-valeur-de-marque-base-sur-le-client\/\" aria-label=\"En savoir plus sur Customer-Based Brand Equity Model Market Research\">Lire plus<\/a><\/p>","protected":false},"author":1,"featured_media":62493,"parent":14650,"menu_order":470,"comment_status":"closed","ping_status":"closed","template":"","meta":{"footnotes":""},"class_list":["post-53558","page","type-page","status-publish","has-post-thumbnail"],"_links":{"self":[{"href":"https:\/\/www.sisinternational.com\/fr\/wp-json\/wp\/v2\/pages\/53558","targetHints":{"allow":["GET"]}}],"collection":[{"href":"https:\/\/www.sisinternational.com\/fr\/wp-json\/wp\/v2\/pages"}],"about":[{"href":"https:\/\/www.sisinternational.com\/fr\/wp-json\/wp\/v2\/types\/page"}],"author":[{"embeddable":true,"href":"https:\/\/www.sisinternational.com\/fr\/wp-json\/wp\/v2\/users\/1"}],"replies":[{"embeddable":true,"href":"https:\/\/www.sisinternational.com\/fr\/wp-json\/wp\/v2\/comments?post=53558"}],"version-history":[{"count":16,"href":"https:\/\/www.sisinternational.com\/fr\/wp-json\/wp\/v2\/pages\/53558\/revisions"}],"predecessor-version":[{"id":80627,"href":"https:\/\/www.sisinternational.com\/fr\/wp-json\/wp\/v2\/pages\/53558\/revisions\/80627"}],"up":[{"embeddable":true,"href":"https:\/\/www.sisinternational.com\/fr\/wp-json\/wp\/v2\/pages\/14650"}],"wp:featuredmedia":[{"embeddable":true,"href":"https:\/\/www.sisinternational.com\/fr\/wp-json\/wp\/v2\/media\/62493"}],"wp:attachment":[{"href":"https:\/\/www.sisinternational.com\/fr\/wp-json\/wp\/v2\/media?parent=53558"}],"curies":[{"name":"wp","href":"https:\/\/api.w.org\/{rel}","templated":true}]}}