{"id":48146,"date":"2024-05-08T15:58:54","date_gmt":"2024-05-08T19:58:54","guid":{"rendered":"https:\/\/www.sisinternational.com\/?page_id=48146"},"modified":"2026-01-24T18:33:40","modified_gmt":"2026-01-24T23:33:40","slug":"conseil-en-developpement-touristique","status":"publish","type":"page","link":"https:\/\/www.sisinternational.com\/fr\/solutions\/conseil-en-tourisme-de-voyage-et-en-hotellerie\/conseil-en-developpement-touristique\/","title":{"rendered":"Conseil en d\u00e9veloppement touristique"},"content":{"rendered":"<h1 class=\"wp-block-heading\">Conseil en d\u00e9veloppement touristique<\/h1>\n\n\n\n<figure class=\"gb-block-image gb-block-image-a05948e6\"><img loading=\"lazy\" decoding=\"async\" width=\"1456\" height=\"816\" class=\"gb-image gb-image-a05948e6\" src=\"https:\/\/www.sisinternational.com\/wp-content\/uploads\/2025\/08\/Strategy-consulting-25.jpg\" alt=\"\u00c9tudes de march\u00e9 et strat\u00e9gie internationales SIS\" title=\"Strategy consulting (25)\" srcset=\"https:\/\/www.sisinternational.com\/wp-content\/uploads\/2025\/08\/Strategy-consulting-25.jpg 1456w, https:\/\/www.sisinternational.com\/wp-content\/uploads\/2025\/08\/Strategy-consulting-25-300x168.jpg 300w, https:\/\/www.sisinternational.com\/wp-content\/uploads\/2025\/08\/Strategy-consulting-25-1024x574.jpg 1024w, https:\/\/www.sisinternational.com\/wp-content\/uploads\/2025\/08\/Strategy-consulting-25-768x430.jpg 768w, https:\/\/www.sisinternational.com\/wp-content\/uploads\/2025\/08\/Strategy-consulting-25-18x10.jpg 18w\" sizes=\"auto, (max-width: 1456px) 100vw, 1456px\"><\/figure>\n\n\n\n<p><\/p>\n\n\n\n<hr class=\"wp-block-separator has-alpha-channel-opacity is-style-dots\"\/>\n\n\n\n<p>Conseil en d\u00e9veloppement touristique, explorant comment les entreprises peuvent tirer parti de cette expertise pour prosp\u00e9rer dans le paysage touristique comp\u00e9titif et contribuer \u00e0 la croissance durable des destinations dans le monde entier.<\/p>\n\n\n\n<p>Le tourisme n&#039;est pas seulement une question de voyage ; il s&#039;agit de cr\u00e9er des exp\u00e9riences qui laissent un impact durable. Dans le march\u00e9 dynamique d&#039;aujourd&#039;hui, o\u00f9 les voyageurs recherchent des exp\u00e9riences authentiques et significatives, le conseil en d\u00e9veloppement touristique est devenu plus essentiel que jamais\u2026 Mais qu&#039;est-ce que le conseil en d\u00e9veloppement touristique exactement et pourquoi les entreprises en ont-elles besoin ?<\/p>\n\n\n\n<h2 class=\"wp-block-heading\">Qu\u2019est-ce que le conseil en d\u00e9veloppement touristique ?<\/h2>\n\n\n\n<p><a href=\"https:\/\/sisaisolutions.com\/application-of-ai-in-tourism\/\" target=\"_blank\" rel=\"noopener\">Tourism development consulting<\/a> involves the strategic planning, management, and implementation of initiatives to enhance tourism offerings and experiences. This includes destination branding, marketing, infrastructure development, and community engagement. The goal is to create sustainable tourism ecosystems that benefit visitors and local communities.<\/p>\n\n\n\n<h2 class=\"wp-block-heading\">Pourquoi les entreprises ont-elles besoin de conseils en d\u00e9veloppement touristique ?<\/h2>\n\n\n\n<p class=\"p2\">Le conseil en d\u00e9veloppement touristique aide les entreprises \u00e0 cr\u00e9er une feuille de route pour la croissance, en identifiant les march\u00e9s, les tendances et les opportunit\u00e9s cl\u00e9s. Il donne aux entreprises des informations pr\u00e9cieuses sur le comportement et les pr\u00e9f\u00e9rences des consommateurs, leur permettant d&#039;adapter leurs offres en cons\u00e9quence.<\/p>\n\n\n\n<p class=\"p2\">Consulting services also help businesses identify and mitigate risks, such as changes in consumer preferences, economic downturns, or natural disasters, that could impact their operations. By staying ahead of <a href=\"https:\/\/www.sisinternational.com\/fr\/solutions\/recherche-de-conseil-en-strategie-fintech\/conseil-en-strategie-detude-de-marche-aupres-des-consommateurs-non-bancarises\/\" title=\"Etude de march\u00e9 et conseil en strat\u00e9gie pour les consommateurs non bancaris\u00e9s\" data-wpil-monitor-id=\"10525\">market trends and consumer<\/a> demands, businesses can gain a competitive edge in the tourism industry.<\/p>\n\n\n\n<p class=\"p2\">De plus, ce conseil se concentre sur la durabilit\u00e9 \u00e0 long terme, garantissant que les entreprises se d\u00e9veloppent d&#039;une mani\u00e8re qui profite \u00e0 la fois \u00e0 l&#039;environnement et aux communaut\u00e9s locales. Cependant, il offre d\u2019autres avantages, notamment :<\/p>\n\n\n\n<ul class=\"wp-block-list\">\n<li><b>Risque r\u00e9duit<\/b>: Le conseil en d\u00e9veloppement touristique aide les entreprises \u00e0 identifier les risques potentiels et \u00e0 d\u00e9velopper des strat\u00e9gies pour les att\u00e9nuer, r\u00e9duisant ainsi la probabilit\u00e9 d&#039;erreurs co\u00fbteuses.<\/li>\n\n\n\n<li><b>Augmentation des revenus<\/b>: En comprenant les tendances du march\u00e9 et les pr\u00e9f\u00e9rences des consommateurs, les entreprises peuvent d\u00e9velopper des strat\u00e9gies cibl\u00e9es pour attirer plus de visiteurs et augmenter leurs revenus.<\/li>\n\n\n\n<li><b>\u00c9conomies de co\u00fbts<\/b>: Le conseil en d\u00e9veloppement touristique aide les entreprises \u00e0 prendre des d\u00e9cisions \u00e9clair\u00e9es, en \u00e9vitant les d\u00e9penses inutiles.<\/li>\n\n\n\n<li><b>L&#039;efficacit\u00e9 du temps<\/b>: En fournissant des informations opportunes, les services de conseil permettent aux entreprises d&#039;agir rapidement et de saisir les opportunit\u00e9s.<\/li>\n\n\n\n<li><b>Croissance et innovation acc\u00e9l\u00e9r\u00e9es<\/b>: <a href=\"https:\/\/www.sisinternational.com\/fr\/solutions\/etude-de-marche-des-produits-de-beaute\/\" title=\"Conseil en innovation dans le domaine de la beaut\u00e9 et \u00e9tude du march\u00e9 de la beaut\u00e9\" data-wpil-monitor-id=\"10526\">Consulting services help businesses develop innovative<\/a> products, services, and experiences that drive growth.<\/li>\n\n\n\n<li><b>Un retour sur investissement boost\u00e9<\/b>: Le conseil garantit que les investissements g\u00e9n\u00e8rent des rendements \u00e9lev\u00e9s, maximisant ainsi le retour sur investissement de l&#039;entreprise.<\/li>\n<\/ul>\n\n\n\n<h2 class=\"wp-block-heading\">Quand mener des consultations en d\u00e9veloppement touristique<\/h2>\n\n\n\n<p class=\"p2\">Le conseil en d\u00e9veloppement touristique est plus efficace lorsqu&#039;il est men\u00e9 aux \u00e9tapes cl\u00e9s de la croissance d&#039;une entreprise ou d&#039;une destination\u00a0:<\/p>\n\n\n\n<ul class=\"wp-block-list\">\n<li><b>Pr\u00e9-d\u00e9veloppement<\/b>: Avant de se lancer dans un nouveau projet touristique, les services de conseil peuvent aider les entreprises \u00e0 \u00e9valuer la faisabilit\u00e9 et \u00e0 \u00e9laborer un plan strat\u00e9gique.<\/li>\n\n\n\n<li><b>Pendant le d\u00e9veloppement<\/b>: Les services de conseil peuvent fournir un soutien continu pendant la phase de d\u00e9veloppement, garantissant que le projet reste sur la bonne voie et atteint ses objectifs.<\/li>\n\n\n\n<li><b>Post-d\u00e9veloppement<\/b>: M\u00eame une fois un projet termin\u00e9, les services de conseil peuvent fournir des informations pr\u00e9cieuses pour la gestion et l&#039;am\u00e9lioration continues.<\/li>\n<\/ul>\n\n\n\n<h2 class=\"wp-block-heading\">Questions \u00e0 poser avant de mener des consultations en d\u00e9veloppement touristique<\/h2>\n\n\n\n<p class=\"p2\">Avant de s\u2019engager dans des conseils en d\u00e9veloppement touristique, les entreprises doivent prendre en compte les \u00e9l\u00e9ments suivants\u00a0:<\/p>\n\n\n\n<ul class=\"wp-block-list\">\n<li><b>What are our goals and objectives for <a href=\"https:\/\/www.sisinternational.com\/fr\/solutions\/conseil-en-tourisme-de-voyage-et-en-hotellerie\/conseil-en-tourisme-culturel\/\" title=\"Conseil en tourisme culturel\" data-wpil-monitor-id=\"4670\">tourism development?<\/a> <\/b>Clarifier les objectifs permet de garantir que les services de conseil sont align\u00e9s sur les r\u00e9sultats souhait\u00e9s.<\/li>\n\n\n\n<li><b>Qui sont nos clients cibles et quelles sont leurs pr\u00e9f\u00e9rences ? <\/b>Understanding the target <a href=\"https:\/\/www.sisinternational.com\/fr\/what-to-expect-in-your-first-year-entering-a-new-market-5-essential-strategies\/\" title=\"What to Expect in Your First Year Entering a New Market: 5 Essential Strategies\" data-wpil-monitor-id=\"10522\">market is essential for developing tailored strategies<\/a>.<\/li>\n\n\n\n<li><b>Quels sont les arguments de vente uniques de notre destination ou de notre entreprise\u00a0? <\/b>Mettre en \u00e9vidence les aspects uniques permet de se diff\u00e9rencier des concurrents.<\/li>\n\n\n\n<li><b>Quels sont les risques et d\u00e9fis potentiels auxquels nous pourrions \u00eatre confront\u00e9s\u00a0? <\/b>L\u2019identification pr\u00e9coce des risques permet d\u2019\u00e9laborer des strat\u00e9gies d\u2019att\u00e9nuation proactives.<\/li>\n\n\n\n<li><b>Comment allons-nous mesurer le succ\u00e8s de nos efforts de d\u00e9veloppement touristique ? <\/b>L&#039;\u00e9tablissement de mesures permet de suivre les progr\u00e8s et d&#039;ajuster les strat\u00e9gies si n\u00e9cessaire.<\/li>\n<\/ul>\n\n\n\n<h2 class=\"wp-block-heading\">R\u00e9sultats attendus du conseil en d\u00e9veloppement touristique de SIS International<\/h2>\n\n\n\n<p class=\"p2\">Les entreprises peuvent s\u2019attendre aux r\u00e9sultats suivants en faisant appel \u00e0 SIS International pour des conseils en d\u00e9veloppement touristique\u00a0:<\/p>\n\n\n\n<ul class=\"wp-block-list\">\n<li><b>Informations compl\u00e8tes sur le march\u00e9<\/b>: SIS provides in-depth <a href=\"https:\/\/www.sisinternational.com\/fr\/solutions\/solutions-de-recherche-qualitative-et-quantitative\/etude-de-marche-danalyse-chaid\/\" title=\"CHAID Analyse \u00c9tude de march\u00e9\" data-wpil-monitor-id=\"10520\">\u00e9tudes et analyses de march\u00e9<\/a>, offering valuable insights into consumer behavior and market trends.<\/li>\n\n\n\n<li><b>Strat\u00e9gies sur mesure<\/b>: SIS <a href=\"https:\/\/www.sisinternational.com\/fr\/developper-des-bases-de-donnees-dinformation-internationales-mon-article-de-1990\/\" title=\"D\u00e9velopper des bases de donn\u00e9es d&#039;information internationales\u00a0: Ruth Stanat en 1990\" data-wpil-monitor-id=\"2209\">International develops customized strategies<\/a> based on each client&#8217;s unique needs and goals, ensuring practical and sustainable solutions.<\/li>\n\n\n\n<li><b>Att\u00e9nuation des risques<\/b>: Notre \u00e9quipe aide les entreprises \u00e0 identifier et \u00e0 att\u00e9nuer les risques, en minimisant les d\u00e9fis potentiels et en maximisant les opportunit\u00e9s de r\u00e9ussite.<\/li>\n\n\n\n<li><b>Engagement am\u00e9lior\u00e9 des parties prenantes<\/b>: SIS International facilite l&#039;engagement des parties prenantes, favorisant la collaboration et le soutien aux initiatives de d\u00e9veloppement touristique.<\/li>\n\n\n\n<li><b>Comp\u00e9titivit\u00e9 am\u00e9lior\u00e9e<\/b>: En gardant une longueur d&#039;avance sur les tendances du march\u00e9 et les pr\u00e9f\u00e9rences des consommateurs, les entreprises peuvent acqu\u00e9rir un avantage concurrentiel dans l&#039;industrie du tourisme.<\/li>\n\n\n\n<li><b>Une croissance durable<\/b>: Nos services de conseil se concentrent sur la durabilit\u00e9 \u00e0 long terme, garantissant que les entreprises se d\u00e9veloppent d&#039;une mani\u00e8re qui profite \u00e0 la fois \u00e0 l&#039;environnement et aux communaut\u00e9s locales.<\/li>\n<\/ul>\n\n\n\n<h2 class=\"wp-block-heading\">Public cible cl\u00e9<\/h2>\n\n\n\n<p class=\"p2\">Le public cible cl\u00e9 du conseil en d\u00e9veloppement touristique comprend\u00a0:<\/p>\n\n\n\n<ul class=\"wp-block-list\">\n<li><b>Entreprises touristiques<\/b>: H\u00f4tels, centres de vill\u00e9giature, voyagistes et autres entreprises li\u00e9es au tourisme cherchant \u00e0 am\u00e9liorer leur offre et \u00e0 attirer plus de visiteurs.<\/li>\n\n\n\n<li><b>Organisations de gestion de destinations<\/b>: Organisations responsables de la promotion et de la gestion des destinations touristiques, cherchant des strat\u00e9gies pour attirer les touristes et am\u00e9liorer l&#039;exp\u00e9rience des visiteurs.<\/li>\n\n\n\n<li><b>Organismes gouvernementaux<\/b>: Organismes gouvernementaux responsables du d\u00e9veloppement du tourisme, recherchant des conseils d&#039;experts sur l&#039;\u00e9laboration de politiques et la planification des infrastructures.<\/li>\n\n\n\n<li><b>Investisseurs<\/b>: Investisseurs int\u00e9ress\u00e9s par le financement de projets touristiques, \u00e0 la recherche d&#039;informations pour prendre des d\u00e9cisions d&#039;investissement \u00e9clair\u00e9es.<\/li>\n<\/ul>\n\n\n\n<h2 class=\"wp-block-heading\">Facteurs de march\u00e9<\/h2>\n\n\n\n<p class=\"p2\">Several vital drivers are fueling growth in the <a href=\"https:\/\/www.sisinternational.com\/fr\/competence\/les-industries\/tourisme-de-voyage\/\" title=\"\u00c9tudes de march\u00e9 sur les voyages et le tourisme\" data-wpil-monitor-id=\"10527\">tourism development market<\/a>:<\/p>\n\n\n\n<ul class=\"wp-block-list\">\n<li><b>Revenu disponible croissant<\/b>: \u00c0 mesure que les revenus disponibles augmentent dans le monde, davantage de personnes peuvent se permettre de voyager, ce qui stimule la demande de services touristiques.<\/li>\n\n\n\n<li><b>March\u00e9s \u00e9mergents<\/b>: Les march\u00e9s \u00e9mergents, notamment en Asie et en Am\u00e9rique latine, connaissent une croissance \u00e9conomique rapide, entra\u00eenant une augmentation du tourisme \u00e9metteur.<\/li>\n\n\n\n<li><b>\u00c9change culturel<\/b>: L\u2019int\u00e9r\u00eat croissant pour les \u00e9changes culturels et les voyages exp\u00e9rientiels stimule la demande d\u2019exp\u00e9riences touristiques authentiques et immersives.<\/li>\n<\/ul>\n\n\n\n<h2 class=\"wp-block-heading\">Restrictions du march\u00e9<\/h2>\n\n\n\n<p class=\"p2\">Malgr\u00e9 les opportunit\u00e9s de croissance, le march\u00e9 du d\u00e9veloppement touristique est confront\u00e9 \u00e0 plusieurs d\u00e9fis :<\/p>\n\n\n\n<ul class=\"wp-block-list\">\n<li><b>L&#039;instabilit\u00e9 politique<\/b>: Les troubles politiques dans certaines r\u00e9gions peuvent dissuader les touristes et avoir un impact sur les entreprises.<\/li>\n\n\n\n<li><b>Catastrophes naturelles<\/b>: Les catastrophes naturelles telles que les ouragans, les tremblements de terre ou les pand\u00e9mies peuvent perturber les activit\u00e9s et les infrastructures touristiques.<\/li>\n\n\n\n<li><b>Saisonnalit\u00e9<\/b>: De nombreuses destinations touristiques sont soumises \u00e0 des fluctuations saisonni\u00e8res, ce qui rend difficile le maintien de revenus tout au long de l&#039;ann\u00e9e.<\/li>\n<\/ul>\n\n\n\n<h2 class=\"wp-block-heading\">Attractivit\u00e9 de l&#039;industrie\u00a0: analyse des cinq forces de Porter sur le march\u00e9 du d\u00e9veloppement touristique<\/h2>\n\n\n\n<p class=\"p2\">L&#039;analyse des cinq forces de Porter est un outil pr\u00e9cieux pour \u00e9valuer l&#039;attractivit\u00e9 et la comp\u00e9titivit\u00e9 d&#039;une industrie. Dans le contexte du march\u00e9 du d\u00e9veloppement touristique, cette analyse donne un aper\u00e7u de la dynamique qui fa\u00e7onne le paysage concurrentiel de l&#039;industrie.<\/p>\n\n\n\n<ul class=\"wp-block-list\">\n<li><b>La menace de nouveaux participants<\/b>: Il est relativement facile d&#039;entrer dans l&#039;industrie du tourisme, mais les nouveaux arrivants sont confront\u00e9s \u00e0 des d\u00e9fis tels que la reconnaissance de leur marque et l&#039;\u00e9tablissement d&#039;une client\u00e8le.<\/li>\n\n\n\n<li><b>Pouvoir de n\u00e9gociation des fournisseurs<\/b>: Les fournisseurs de l\u2019industrie touristique, tels que les compagnies a\u00e9riennes et les h\u00f4tels, disposent d\u2019un pouvoir de n\u00e9gociation important, ce qui peut avoir un impact sur la rentabilit\u00e9 des entreprises touristiques.<\/li>\n\n\n\n<li><b>Le pouvoir de n\u00e9gociation des acheteurs<\/b>: Les acheteurs du secteur du tourisme, tels que les touristes et les agences de voyages, disposent \u00e9galement d&#039;un pouvoir de n\u00e9gociation important, affectant les prix et les marges b\u00e9n\u00e9ficiaires.<\/li>\n\n\n\n<li><b>Menace de produits ou services de substitution<\/b>: L&#039;industrie du tourisme est confront\u00e9e \u00e0 la concurrence de produits ou de services de substitution, tels que d&#039;autres activit\u00e9s de divertissement ou de loisirs.<\/li>\n\n\n\n<li><b>Intensit\u00e9 de la rivalit\u00e9 concurrentielle<\/b>: The tourism industry is highly competitive, with many <a href=\"https:\/\/www.sisinternational.com\/fr\/solutions\/etude-de-marche-de-consommation\/\" title=\"Consumer Market Research Services for Smarter Business Decisions\" data-wpil-monitor-id=\"10524\">businesses vying for market share and consumer<\/a> attention, leading to price wars and intense competition.<\/li>\n<\/ul>\n\n\n\n<h2 class=\"wp-block-heading\">Attractivit\u00e9 de l\u2019industrie\u00a0: analyse SWOT du march\u00e9 du d\u00e9veloppement touristique<\/h2>\n\n\n\n<figure class=\"gb-block-image gb-block-image-bd472f6a\"><img loading=\"lazy\" decoding=\"async\" width=\"1456\" height=\"816\" class=\"gb-image gb-image-bd472f6a\" src=\"https:\/\/www.sisinternational.com\/wp-content\/uploads\/2025\/08\/Strategy-consulting-18.jpg\" alt=\"\u00c9tudes de march\u00e9 et strat\u00e9gie internationales SIS\" title=\"Strategy consulting (18)\" srcset=\"https:\/\/www.sisinternational.com\/wp-content\/uploads\/2025\/08\/Strategy-consulting-18.jpg 1456w, https:\/\/www.sisinternational.com\/wp-content\/uploads\/2025\/08\/Strategy-consulting-18-300x168.jpg 300w, https:\/\/www.sisinternational.com\/wp-content\/uploads\/2025\/08\/Strategy-consulting-18-1024x574.jpg 1024w, https:\/\/www.sisinternational.com\/wp-content\/uploads\/2025\/08\/Strategy-consulting-18-768x430.jpg 768w, https:\/\/www.sisinternational.com\/wp-content\/uploads\/2025\/08\/Strategy-consulting-18-18x10.jpg 18w\" sizes=\"auto, (max-width: 1456px) 100vw, 1456px\"><\/figure>\n\n\n\n<p><\/p>\n\n\n\n<p class=\"p2\">Une analyse SWOT est un outil de planification strat\u00e9gique qui \u00e9value les forces, les faiblesses, les opportunit\u00e9s et les menaces d&#039;une entreprise ou d&#039;un secteur. Dans le contexte du march\u00e9 du d\u00e9veloppement touristique, une analyse SWOT fournit des informations pr\u00e9cieuses sur les facteurs internes et externes qui peuvent avoir un impact sur la croissance et la comp\u00e9titivit\u00e9 du secteur. D\u00e9composons chaque composant\u00a0:<\/p>\n\n\n\n<p class=\"p2\"><strong>Forces<\/strong><\/p>\n\n\n\n<ul class=\"wp-block-list\">\n<li><b>Destinations diverses\u00a0:<\/b> Le march\u00e9 du d\u00e9veloppement touristique propose diverses destinations, allant des sites du patrimoine culturel aux merveilles naturelles, attirant des touristes divers.<\/li>\n\n\n\n<li><b>Demande croissante:<\/b> L&#039;industrie du tourisme continue de conna\u00eetre une croissance, tir\u00e9e par des facteurs tels que l&#039;augmentation des revenus disponibles et l&#039;augmentation du temps de loisirs.<\/li>\n\n\n\n<li><b>Les avanc\u00e9es technologiques:<\/b> La technologie a transform\u00e9 la fa\u00e7on dont les touristes planifient et r\u00e9servent leurs voyages, offrant de nouvelles opportunit\u00e9s commerciales pour toucher un public plus large.<\/li>\n\n\n\n<li><b>Initiatives de durabilit\u00e9\u00a0:<\/b> L\u2019accent est de plus en plus mis sur les pratiques de tourisme durable, cr\u00e9ant des opportunit\u00e9s pour les entreprises qui accordent la priorit\u00e9 \u00e0 la responsabilit\u00e9 environnementale et sociale.<\/li>\n<\/ul>\n\n\n\n<p class=\"p3\"><strong>Faiblesses<\/strong><\/p>\n\n\n\n<ul class=\"wp-block-list\">\n<li><b>Saisonnalit\u00e9\u00a0:<\/b> De nombreuses destinations touristiques sont affect\u00e9es par la saisonnalit\u00e9, ce qui entra\u00eene des fluctuations du nombre de visiteurs et des revenus.<\/li>\n\n\n\n<li><b>D\u00e9fis li\u00e9s aux infrastructures\u00a0:<\/b> Des infrastructures inad\u00e9quates, telles que les transports et l\u2019h\u00e9bergement, peuvent entraver le d\u00e9veloppement du tourisme dans certaines r\u00e9gions.<\/li>\n\n\n\n<li><b>Paysage concurrentiel\u00a0:<\/b> L&#039;industrie du tourisme est tr\u00e8s comp\u00e9titive, les entreprises se disputant des parts de march\u00e9 et l&#039;attention des consommateurs.<\/li>\n<\/ul>\n\n\n\n<p class=\"p3\"><strong>Opportunit\u00e9s<\/strong><\/p>\n\n\n\n<ul class=\"wp-block-list\">\n<li><b>March\u00e9s \u00e9mergents:<\/b> Les march\u00e9s \u00e9mergents, notamment en Asie et en Am\u00e9rique latine, offrent de nouvelles opportunit\u00e9s pour le d\u00e9veloppement du tourisme.<\/li>\n\n\n\n<li><b>Innovation technologique:<\/b> Les progr\u00e8s technologiques, tels que la r\u00e9alit\u00e9 virtuelle et l\u2019intelligence artificielle, peuvent am\u00e9liorer l\u2019exp\u00e9rience touristique et attirer davantage de visiteurs.<\/li>\n\n\n\n<li><b>\u00c9change culturel:<\/b> L\u2019int\u00e9r\u00eat croissant pour les \u00e9changes culturels et les voyages exp\u00e9rientiels cr\u00e9e des opportunit\u00e9s pour les entreprises d\u2019offrir des exp\u00e9riences uniques et authentiques.<\/li>\n<\/ul>\n\n\n\n<p class=\"p3\"><strong>Des menaces<\/strong><\/p>\n\n\n\n<ul class=\"wp-block-list\">\n<li><b>L&#039;instabilit\u00e9 politique:<\/b> Les troubles politiques dans certaines r\u00e9gions peuvent dissuader les touristes et avoir un impact sur les entreprises.<\/li>\n\n\n\n<li><b>Catastrophes naturelles:<\/b> Les catastrophes naturelles telles que les ouragans, les tremblements de terre ou les pand\u00e9mies peuvent perturber les activit\u00e9s et les infrastructures touristiques.<\/li>\n\n\n\n<li><b>Surtourisme\u00a0:<\/b> Les destinations populaires pourraient n\u00e9cessiter davantage de surtourisme, ce qui entra\u00eenerait une surpopulation, des dommages environnementaux et une pression sur les ressources locales.<\/li>\n<\/ul>\n\n\n\n<h2 class=\"wp-block-heading\">Comment le conseil en d\u00e9veloppement touristique de SIS International aide les entreprises<\/h2>\n\n\n\n<p class=\"p2\">Les services de conseil de SIS International offrent aux entreprises un avantage strat\u00e9gique, les aidant \u00e0 r\u00e9duire les risques, \u00e0 augmenter leurs revenus, \u00e0 \u00e9conomiser de l&#039;argent, \u00e0 gagner du temps, \u00e0 acc\u00e9l\u00e9rer la croissance et l&#039;innovation et \u00e0 augmenter le retour sur investissement. Plus pr\u00e9cis\u00e9ment, les services de conseil de SIS International offrent les avantages suivants :<\/p>\n\n\n\n<ul class=\"wp-block-list\">\n<li><b>Risque r\u00e9duit<\/b>: SIS helps businesses identify and mitigate potential risks by providing comprehensive <a href=\"https:\/\/www.sisinternational.com\/fr\/solutions\/conseil-en-strategie\/etude-devaluation-du-marche\/\" title=\"Recherche d&#039;\u00e9valuation du march\u00e9\" data-wpil-monitor-id=\"10528\">market insights and risk assessments<\/a>.<\/li>\n\n\n\n<li><b>Revenus boost\u00e9s<\/b>: Gr\u00e2ce \u00e0 une planification strat\u00e9gique et \u00e0 des \u00e9tudes de march\u00e9, SIS International aide les entreprises \u00e0 attirer plus de visiteurs et \u00e0 augmenter leurs sources de revenus.<\/li>\n\n\n\n<li><b>\u00c9conomies de co\u00fbts<\/b>: Les services de conseil de SIS International aident les entreprises \u00e0 prendre des d\u00e9cisions \u00e9clair\u00e9es, en \u00e9vitant des erreurs co\u00fbteuses et des d\u00e9penses inutiles.<\/li>\n\n\n\n<li><b>L&#039;efficacit\u00e9 du temps<\/b>: Notre \u00e9quipe aide les entreprises \u00e0 agir rapidement et \u00e0 capitaliser sur les opportunit\u00e9s en leur fournissant des informations et un soutien opportuns.<\/li>\n\n\n\n<li><b>Croissance et innovation acc\u00e9l\u00e9r\u00e9es<\/b>: SIS International&#8217;s consulting services help businesses develop <a href=\"https:\/\/www.sisinternational.com\/fr\/sis-lance-de-nouvelles-solutions-de-recherche-numerique\/\" title=\"SIS lance de nouvelles solutions de recherche num\u00e9rique\" data-wpil-monitor-id=\"10518\">innovative<\/a> products, services, and experiences that drive growth and set them apart from competitors.<\/li>\n\n\n\n<li><b>Un retour sur investissement boost\u00e9<\/b>: SIS International veille \u00e0 ce que les investissements soient cibl\u00e9s et g\u00e9n\u00e8rent des rendements \u00e9lev\u00e9s, maximisant ainsi le retour sur investissement de l&#039;entreprise.<\/li>\n<\/ul>","protected":false},"excerpt":{"rendered":"<p>Le conseil en d\u00e9veloppement touristique implique la planification strat\u00e9gique, la gestion et la mise en \u0153uvre d&#039;initiatives visant \u00e0 am\u00e9liorer les exp\u00e9riences touristiques.<\/p>","protected":false},"author":1,"featured_media":62559,"parent":44644,"menu_order":49,"comment_status":"closed","ping_status":"closed","template":"","meta":{"footnotes":""},"class_list":["post-48146","page","type-page","status-publish","has-post-thumbnail"],"_links":{"self":[{"href":"https:\/\/www.sisinternational.com\/fr\/wp-json\/wp\/v2\/pages\/48146","targetHints":{"allow":["GET"]}}],"collection":[{"href":"https:\/\/www.sisinternational.com\/fr\/wp-json\/wp\/v2\/pages"}],"about":[{"href":"https:\/\/www.sisinternational.com\/fr\/wp-json\/wp\/v2\/types\/page"}],"author":[{"embeddable":true,"href":"https:\/\/www.sisinternational.com\/fr\/wp-json\/wp\/v2\/users\/1"}],"replies":[{"embeddable":true,"href":"https:\/\/www.sisinternational.com\/fr\/wp-json\/wp\/v2\/comments?post=48146"}],"version-history":[{"count":13,"href":"https:\/\/www.sisinternational.com\/fr\/wp-json\/wp\/v2\/pages\/48146\/revisions"}],"predecessor-version":[{"id":81729,"href":"https:\/\/www.sisinternational.com\/fr\/wp-json\/wp\/v2\/pages\/48146\/revisions\/81729"}],"up":[{"embeddable":true,"href":"https:\/\/www.sisinternational.com\/fr\/wp-json\/wp\/v2\/pages\/44644"}],"wp:featuredmedia":[{"embeddable":true,"href":"https:\/\/www.sisinternational.com\/fr\/wp-json\/wp\/v2\/media\/62559"}],"wp:attachment":[{"href":"https:\/\/www.sisinternational.com\/fr\/wp-json\/wp\/v2\/media?parent=48146"}],"curies":[{"name":"wp","href":"https:\/\/api.w.org\/{rel}","templated":true}]}}