{"id":47946,"date":"2024-05-06T14:14:31","date_gmt":"2024-05-06T18:14:31","guid":{"rendered":"https:\/\/www.sisinternational.com\/?page_id=47946"},"modified":"2026-01-26T17:06:13","modified_gmt":"2026-01-26T22:06:13","slug":"conseil-en-services-de-conciergerie","status":"publish","type":"page","link":"https:\/\/www.sisinternational.com\/fr\/solutions\/conseil-en-tourisme-de-voyage-et-en-hotellerie\/conseil-en-services-de-conciergerie\/","title":{"rendered":"Conseil en services de conciergerie"},"content":{"rendered":"<h1 class=\"wp-block-heading\">Conseil en services de conciergerie<\/h1>\n\n\n\n<figure class=\"gb-block-image gb-block-image-44f634b9\"><img loading=\"lazy\" decoding=\"async\" width=\"1456\" height=\"816\" class=\"gb-image gb-image-44f634b9\" src=\"https:\/\/www.sisinternational.com\/wp-content\/uploads\/2025\/10\/Concierge-1.jpg\" alt=\"\u00c9tudes de march\u00e9 et strat\u00e9gie internationales SIS\" title=\"Concierge (1)\" srcset=\"https:\/\/www.sisinternational.com\/wp-content\/uploads\/2025\/10\/Concierge-1.jpg 1456w, https:\/\/www.sisinternational.com\/wp-content\/uploads\/2025\/10\/Concierge-1-300x168.jpg 300w, https:\/\/www.sisinternational.com\/wp-content\/uploads\/2025\/10\/Concierge-1-1024x574.jpg 1024w, https:\/\/www.sisinternational.com\/wp-content\/uploads\/2025\/10\/Concierge-1-768x430.jpg 768w, https:\/\/www.sisinternational.com\/wp-content\/uploads\/2025\/10\/Concierge-1-18x10.jpg 18w\" sizes=\"auto, (max-width: 1456px) 100vw, 1456px\"><\/figure>\n\n\n\n<p><\/p>\n\n\n\n<hr class=\"wp-block-separator has-alpha-channel-opacity is-style-dots\"\/>\n\n\n\n<p>Vous \u00eates-vous d\u00e9j\u00e0 demand\u00e9 comment les grandes entreprises d\u00e9passent syst\u00e9matiquement les attentes de leurs clients tout en optimisant leurs op\u00e9rations\u00a0? La r\u00e9ponse r\u00e9side dans une approche strat\u00e9gique alliant service personnalis\u00e9 et efficacit\u00e9 op\u00e9rationnelle : le conseil en conciergerie. Cette solution dynamique r\u00e9volutionne la fa\u00e7on dont les entreprises interagissent avec leur client\u00e8le, \u00e9levant la barre de l&#039;excellence du service.<\/p>\n\n\n\n<h2 class=\"wp-block-heading\">Qu\u2019est-ce que le conseil en services de conciergerie\u00a0?<\/h2>\n\n\n\n<p>Le conseil en services de conciergerie implique la mise en \u0153uvre strat\u00e9gique de solutions de service client personnalis\u00e9es pour am\u00e9liorer l&#039;exp\u00e9rience client et rationaliser les processus op\u00e9rationnels. Il offre une opportunit\u00e9 unique de fournir un point de contact personnalis\u00e9 qui r\u00e9sonne profond\u00e9ment aupr\u00e8s des clients. En tirant parti de l&#039;expertise des consultants en services de conciergerie, les entreprises peuvent rationaliser leurs op\u00e9rations, am\u00e9liorer la satisfaction de leurs clients et acqu\u00e9rir un avantage concurrentiel dans leurs secteurs respectifs.<\/p>\n\n\n\n<p>De plus, le conseil en services de conciergerie offre de nombreux avantages aux entreprises qui cherchent \u00e0 am\u00e9liorer leur prestation de services et \u00e0 optimiser leur efficacit\u00e9 op\u00e9rationnelle\u00a0:<\/p>\n\n\n\n<ul class=\"wp-block-list\">\n<li><strong>Satisfaction client am\u00e9lior\u00e9e\u00a0:<\/strong> En fournissant une assistance personnalis\u00e9e et en anticipant les besoins des clients, les entreprises peuvent entretenir des relations plus solides avec leur client\u00e8le, conduisant \u00e0 des niveaux de satisfaction plus \u00e9lev\u00e9s et \u00e0 une fid\u00e9lit\u00e9 accrue.<\/li>\n\n\n\n<li><strong>Efficacit\u00e9 op\u00e9rationnelle am\u00e9lior\u00e9e\u00a0:<\/strong> Les services de conciergerie rationalisent les processus et optimisent les flux de travail, permettant aux entreprises de fonctionner plus efficacement et d&#039;allouer efficacement les ressources.<\/li>\n\n\n\n<li><strong>Diff\u00e9renciation et fid\u00e9lit\u00e9 \u00e0 la marque\u00a0:<\/strong> En offrant des exp\u00e9riences uniques et m\u00e9morables, les entreprises peuvent se diff\u00e9rencier de leurs concurrents et se constituer une client\u00e8le fid\u00e8le qui continue de revenir.<\/li>\n\n\n\n<li><strong>Augmentation des opportunit\u00e9s de revenus\u00a0:<\/strong> Les clients satisfaits ont tendance \u00e0 d\u00e9penser plus et \u00e0 recommander l\u2019entreprise \u00e0 d\u2019autres, ce qui entra\u00eene une croissance plus \u00e9lev\u00e9e des ventes et des revenus.<\/li>\n\n\n\n<li><strong>Gain de temps\u00a0:<\/strong> L&#039;externalisation des services de conciergerie permet aux entreprises de se concentrer sur leurs activit\u00e9s principales tout en laissant le service client entre de bonnes mains, \u00e9conomisant ainsi du temps et des ressources.<\/li>\n<\/ul>\n\n\n\n<h2 class=\"wp-block-heading\">Quand effectuer des conseils en services de conciergerie<\/h2>\n\n\n\n<p>Effectuer des conseils en services de conciergerie est plus b\u00e9n\u00e9fique lorsque\u00a0:<\/p>\n\n\n\n<ul class=\"wp-block-list\">\n<li><strong>Lancement d&#039;un nouveau service ou produit\u00a0:<\/strong> L\u2019introduction d\u2019un nouveau service ou produit offre l\u2019opportunit\u00e9 de cr\u00e9er une exp\u00e9rience client m\u00e9morable et de susciter l\u2019enthousiasme de la client\u00e8le.<\/li>\n\n\n\n<li><strong>Expansion sur de nouveaux march\u00e9s\u00a0:<\/strong> P\u00e9n\u00e9trer de nouveaux march\u00e9s n\u00e9cessite une compr\u00e9hension approfondie des pr\u00e9f\u00e9rences et des attentes des clients, ce qui rend le conseil en services de conciergerie inestimable pour adapter les offres aux donn\u00e9es d\u00e9mographiques locales.<\/li>\n\n\n\n<li><strong>Am\u00e9liorer la fid\u00e9lisation des clients\u00a0:<\/strong> Se concentrer sur les clients existants est essentiel pour r\u00e9ussir \u00e0 long terme, et les conseils en services de conciergerie peuvent aider les entreprises \u00e0 fid\u00e9liser une client\u00e8le fid\u00e8le en d\u00e9passant leurs attentes et en \u00e9tablissant des relations durables.<\/li>\n<\/ul>\n\n\n\n<p>Cependant, avant de se lancer dans le conseil en services de conciergerie, les entreprises doivent se poser les questions suivantes :<\/p>\n\n\n\n<ul class=\"wp-block-list\">\n<li><strong>Quelles sont les donn\u00e9es d\u00e9mographiques et pr\u00e9f\u00e9rences sp\u00e9cifiques de nos clients\u00a0?<\/strong>&nbsp;Comprendre le public cible est crucial pour adapter les services de conciergerie \u00e0 leurs besoins et attentes.<\/li>\n\n\n\n<li><strong>Quels sont les points sensibles de notre prestation de services actuelle\u00a0?<\/strong> Identifying areas for improvement allows businesses to address <a href=\"https:\/\/www.sisinternational.com\/fr\/ameliorer-la-relation-client\/\" title=\"Comment am\u00e9liorer la satisfaction client et ravir les clients insatisfaits\"  data-wpil-monitor-id=\"8344\">customer concerns and enhance overall satisfaction<\/a>.<\/li>\n\n\n\n<li><strong>Comment les services de conciergerie peuvent-ils compl\u00e9ter nos offres existantes ?<\/strong> L&#039;int\u00e9gration transparente des services de conciergerie dans les op\u00e9rations existantes garantit une exp\u00e9rience client coh\u00e9rente et holistique.<\/li>\n<\/ul>\n\n\n\n<h2 class=\"wp-block-heading\">Notre analyse actuelle du march\u00e9 et nos recommandations<\/h2>\n\n\n\n<p>At SIS International, we believe that the concierge services <a href=\"https:\/\/www.sisinternational.com\/fr\/solutions\/croissance-mondiale\/conseil-en-croissance\/\" title=\"Conseil en croissance\"  data-wpil-monitor-id=\"6404\">consulting market is experiencing significant growth<\/a> and evolution driven by several key factors. Firstly, the rising demand for personalized customer experiences across industries has fueled the adoption of concierge services as a strategic differentiator. Businesses increasingly recognize the value of going above and beyond to meet customer needs and preferences, driving the need for specialized consulting services.<\/p>\n\n\n\n<p>De plus, le paysage concurrentiel sur le march\u00e9 du conseil en services de conciergerie s\u2019\u00e9tend, avec l\u2019arriv\u00e9e de nouveaux acteurs et les entreprises existantes diversifiant leurs offres. Cet afflux de concurrence pousse les entreprises \u00e0 innover et \u00e0 se diff\u00e9rencier en proposant des solutions uniques adapt\u00e9es \u00e0 des secteurs et segments de client\u00e8le sp\u00e9cifiques.<\/p>\n\n\n\n<h2 class=\"wp-block-heading\">R\u00e9sultats attendus du conseil en services de conciergerie de SIS<\/h2>\n\n\n\n<figure class=\"gb-block-image gb-block-image-e29c7a0a\"><img loading=\"lazy\" decoding=\"async\" width=\"1456\" height=\"816\" class=\"gb-image gb-image-e29c7a0a\" src=\"https:\/\/www.sisinternational.com\/wp-content\/uploads\/2025\/10\/Concierge-2.jpg\" srcset=\"https:\/\/www.sisinternational.com\/wp-content\/uploads\/2025\/10\/Concierge-2.jpg 1456w, https:\/\/www.sisinternational.com\/wp-content\/uploads\/2025\/10\/Concierge-2-300x168.jpg 300w, https:\/\/www.sisinternational.com\/wp-content\/uploads\/2025\/10\/Concierge-2-1024x574.jpg 1024w, https:\/\/www.sisinternational.com\/wp-content\/uploads\/2025\/10\/Concierge-2-768x430.jpg 768w, https:\/\/www.sisinternational.com\/wp-content\/uploads\/2025\/10\/Concierge-2-18x10.jpg 18w\" sizes=\"auto, (max-width: 1456px) 100vw, 1456px\" alt=\"\u00c9tudes de march\u00e9 et strat\u00e9gie internationales SIS\"><\/figure>\n\n\n\n<p><\/p>\n\n\n\n<p>Chez SIS International, nous pr\u00e9voyons plusieurs r\u00e9sultats cl\u00e9s de nos missions de conseil en services de conciergerie\u00a0:<\/p>\n\n\n\n<ul class=\"wp-block-list\">\n<li><strong>Risque r\u00e9duit\u00a0:<\/strong> En tirant parti de notre expertise et de nos connaissances du secteur, les entreprises peuvent att\u00e9nuer les risques potentiels associ\u00e9s \u00e0 la mise en \u0153uvre de services de conciergerie, garantissant ainsi une int\u00e9gration fluide et r\u00e9ussie dans leurs op\u00e9rations.<\/li>\n\n\n\n<li><strong>Revenus boost\u00e9s\u00a0:<\/strong> Notre approche strat\u00e9gique du conseil en services de conciergerie aide les entreprises \u00e0 identifier les opportunit\u00e9s g\u00e9n\u00e9ratrices de revenus et \u00e0 optimiser leurs offres de services pour maximiser la rentabilit\u00e9.<\/li>\n\n\n\n<li><strong>\u00c9conomies de co\u00fbts:<\/strong> Gr\u00e2ce \u00e0 l&#039;optimisation des processus et \u00e0 l&#039;allocation des ressources, les entreprises peuvent r\u00e9aliser des \u00e9conomies de co\u00fbts et am\u00e9liorer leur efficacit\u00e9 op\u00e9rationnelle, am\u00e9liorant ainsi leurs r\u00e9sultats.<\/li>\n\n\n\n<li><strong>L&#039;efficacit\u00e9 du temps:<\/strong> Nos m\u00e9thodologies rationalis\u00e9es et nos meilleures pratiques permettent aux entreprises d&#039;\u00e9conomiser du temps et des ressources, leur permettant ainsi de se concentrer sur leurs activit\u00e9s principales et leurs initiatives strat\u00e9giques.<\/li>\n\n\n\n<li><strong>Croissance et innovation acc\u00e9l\u00e9r\u00e9es\u00a0:<\/strong> En adoptant des approches innovantes en mati\u00e8re de service et d&#039;exp\u00e9rience client, les entreprises peuvent se diff\u00e9rencier de leurs concurrents et stimuler la croissance et l&#039;innovation dans leurs secteurs respectifs.<\/li>\n\n\n\n<li><strong>Retour sur investissement am\u00e9lior\u00e9\u00a0:<\/strong> Nos informations bas\u00e9es sur les donn\u00e9es et nos recommandations concr\u00e8tes garantissent aux entreprises d&#039;obtenir un retour sur investissement positif de leurs initiatives de services de conciergerie, produisant des r\u00e9sultats tangibles et une valeur \u00e0 long terme.<\/li>\n<\/ul>\n\n\n\n<h2 class=\"wp-block-heading\">Acteurs majeurs du march\u00e9 du conseil en services de conciergerie<\/h2>\n\n\n\n<p>Dans le paysage en \u00e9volution rapide du conseil en services de conciergerie, plusieurs acteurs cl\u00e9s sont devenus des leaders du secteur. Ceux-ci inclus:<\/p>\n\n\n\n<ul class=\"wp-block-list\">\n<li><strong>Quintessence :<\/strong> R\u00e9put\u00e9e pour ses services de conciergerie de luxe destin\u00e9s aux particuliers et aux entreprises fortun\u00e9s, Quintessentially propose une large gamme de solutions personnalis\u00e9es, de l&#039;organisation de voyages \u00e0 la planification d&#039;\u00e9v\u00e9nements.<\/li>\n\n\n\n<li><strong>John Paul:<\/strong> Fort d&#039;une pr\u00e9sence mondiale et soucieux d&#039;offrir des exp\u00e9riences client exceptionnelles, John Paul fournit des services de conciergerie aux entreprises de divers secteurs, notamment l&#039;h\u00f4tellerie, la finance et la vente au d\u00e9tail de luxe.<\/li>\n\n\n\n<li><strong>Dix groupes de style de vie\u00a0:<\/strong> Sp\u00e9cialis\u00e9 dans la gestion du style de vie et les services de conciergerie, Ten Lifestyle Group propose des solutions sur mesure adapt\u00e9es aux besoins et pr\u00e9f\u00e9rences uniques de ses clients, depuis des exp\u00e9riences de voyage personnalis\u00e9es jusqu&#039;\u00e0 un acc\u00e8s exclusif \u00e0 des \u00e9v\u00e9nements.<\/li>\n\n\n\n<li><strong>Groupe Les Concierges :<\/strong> En tant que l&#039;un des pionniers du secteur des services de conciergerie, le Groupe Les Concierges propose des services de conseil complets aux entreprises qui cherchent \u00e0 am\u00e9liorer leur offre de service client et \u00e0 \u00e9lever l&#039;exp\u00e9rience client globale.<\/li>\n<\/ul>\n\n\n\n<h2 class=\"wp-block-heading\">Facteurs de march\u00e9<\/h2>\n\n\n\n<p>Plusieurs facteurs stimulent la croissance du march\u00e9 des services de conciergerie :<\/p>\n\n\n\n<ul class=\"wp-block-list\">\n<li><strong>Demande croissante des consommateurs en mati\u00e8re de personnalisation\u00a0:<\/strong> Today&#8217;s consumers expect personalized experiences tailored to their preferences and needs. Concierge services enable businesses to meet these demands by offering <a href=\"https:\/\/www.sisinternational.com\/fr\/financial-services-consulting\/financial-services-customer-satisfaction\/\" title=\"Financial Services Customer Satisfaction\"  data-wpil-monitor-id=\"8342\">customized solutions that enhance customer satisfaction<\/a> and loyalty.<\/li>\n\n\n\n<li><strong>Concurrence croissante et besoin de diff\u00e9renciation\u00a0:<\/strong> Les entreprises cherchent constamment des moyens de se d\u00e9marquer sur des march\u00e9s hautement concurrentiels. Les services de conciergerie offrent aux entreprises une opportunit\u00e9 unique de se diff\u00e9rencier en proposant des services personnalis\u00e9s et \u00e0 valeur ajout\u00e9e qui les distinguent de leurs concurrents.<\/li>\n\n\n\n<li><strong>Les avanc\u00e9es technologiques:<\/strong> Les progr\u00e8s rapides de la technologie, notamment de l\u2019IA, de l\u2019apprentissage automatique et de l\u2019analyse des donn\u00e9es, transforment le paysage des services de conciergerie. Ces innovations technologiques permettent aux entreprises de fournir des services plus efficaces et personnalis\u00e9s, stimulant ainsi la demande de services de conciergerie.<\/li>\n\n\n\n<li><strong>Croissance des particuliers fortun\u00e9s\u00a0:<\/strong> Le nombre croissant de particuliers fortun\u00e9s et de consommateurs ais\u00e9s a cr\u00e9\u00e9 une demande croissante de services de conciergerie de luxe. Les soci\u00e9t\u00e9s de services de conciergerie sont bien plac\u00e9es pour capitaliser sur cette tendance en proposant des services sp\u00e9cialis\u00e9s adapt\u00e9s aux besoins des clients fortun\u00e9s.<\/li>\n<\/ul>\n\n\n\n<h2 class=\"wp-block-heading\">Restrictions du march\u00e9<\/h2>\n\n\n\n<p>Despite the growth <a href=\"https:\/\/www.sisinternational.com\/fr\/solutions\/conseil-en-strategie\/recherche-dopportunites-de-marche\/\" title=\"Recherche d&#039;opportunit\u00e9s de march\u00e9\"  data-wpil-monitor-id=\"8345\">opportunities in the concierge services market<\/a>, several challenges and restraints must be addressed:<\/p>\n\n\n\n<ul class=\"wp-block-list\">\n<li><strong>Probl\u00e8mes de co\u00fbts\u00a0:<\/strong> La mise en \u0153uvre de services de conciergerie peut \u00eatre co\u00fbteuse, en particulier pour les petites et moyennes entreprises aux budgets limit\u00e9s. L&#039;investissement initial requis pour les services de conseil, l&#039;infrastructure technologique et le personnel peut dissuader certaines entreprises d&#039;adopter des services de conciergerie.<\/li>\n\n\n\n<li><strong>Confidentialit\u00e9 et s\u00e9curit\u00e9 des donn\u00e9es\u00a0:<\/strong> Les prestataires de services de conciergerie sont confront\u00e9s \u00e0 des d\u00e9fis importants lors du traitement des informations client sensibles et des donn\u00e9es personnelles. Assurer le respect des r\u00e9glementations sur la confidentialit\u00e9 des donn\u00e9es et mettre en \u0153uvre des mesures de s\u00e9curit\u00e9 robustes pour prot\u00e9ger les informations des clients est essentiel, mais peut n\u00e9cessiter beaucoup de ressources.<\/li>\n\n\n\n<li><strong>Connaissance limit\u00e9e du march\u00e9\u00a0:<\/strong> Malgr\u00e9 la demande croissante de services personnalis\u00e9s, certaines entreprises peuvent ne pas \u00eatre conscientes des avantages des services de conciergerie. Il est essentiel d&#039;informer les clients potentiels sur la proposition de valeur des services de conciergerie et de dissiper les id\u00e9es fausses sur le co\u00fbt et la complexit\u00e9 de ces services pour assurer la croissance du march\u00e9.<\/li>\n\n\n\n<li><strong>Concurrence et diff\u00e9renciation\u00a0:<\/strong> \u00c0 mesure que le march\u00e9 des services de conciergerie devient plus satur\u00e9, la concurrence entre les cabinets de conseil s&#039;intensifie. Se d\u00e9marquer de la concurrence et diff\u00e9rencier les services devient de plus en plus un d\u00e9fi, n\u00e9cessitant une innovation continue et une compr\u00e9hension approfondie des besoins des clients.<\/li>\n<\/ul>\n\n\n\n<h2 class=\"wp-block-heading\">Attractivit\u00e9 de l\u2019industrie\u00a0: analyse des cinq forces de Porter sur le march\u00e9 des services de conciergerie<\/h2>\n\n\n\n<p>L&#039;analyse des cinq forces de Porter fournit un cadre pour \u00e9valuer l&#039;attractivit\u00e9 d&#039;une industrie en examinant cinq facteurs cl\u00e9s\u00a0:<\/p>\n\n\n\n<ul class=\"wp-block-list\">\n<li><strong>La menace de nouveaux participants:<\/strong> La menace de nouveaux entrants sur le march\u00e9 des services de conciergerie est relativement faible, principalement en raison des barri\u00e8res \u00e0 l\u2019entr\u00e9e \u00e9lev\u00e9es. Ces obstacles comprennent le besoin d\u2019une expertise sp\u00e9cialis\u00e9e, de r\u00e9seaux et de relations \u00e9tablis et d\u2019un investissement initial important dans la technologie et l\u2019infrastructure. En cons\u00e9quence, les cabinets de conseil existants b\u00e9n\u00e9ficient d\u2019un certain degr\u00e9 d\u2019avantage concurrentiel et de domination du march\u00e9.<\/li>\n\n\n\n<li><strong>Bargaining Power of <a href=\"https:\/\/www.sisinternational.com\/fr\/solutions\/solutions-de-recherche-qualitative-et-quantitative\/etude-de-marche-sur-la-personnalite-de-lacheteur\/\" title=\"Solutions et m\u00e9thodes d\u2019\u00e9tude de march\u00e9 sur la personnalit\u00e9 de l\u2019acheteur\"  data-wpil-monitor-id=\"8343\">Acheteurs<\/a>:<\/strong> Le pouvoir de n\u00e9gociation des acheteurs sur le march\u00e9 des services de conciergerie varie en fonction de facteurs tels que la demande du secteur, la concurrence et le niveau de diff\u00e9renciation entre les cabinets de conseil. M\u00eame si les acheteurs peuvent disposer d\u2019un certain poids dans la n\u00e9gociation des prix et des conditions de service, la nature hautement personnalis\u00e9e des services de conciergerie se traduit souvent par une dynamique de pouvoir plus \u00e9quilibr\u00e9e, les cabinets de conseil \u00e9tant en mesure d\u2019exiger des prix plus \u00e9lev\u00e9s pour leur expertise et leurs services.<\/li>\n\n\n\n<li><strong>Pouvoir de n\u00e9gociation des fournisseurs:<\/strong> Le pouvoir de n\u00e9gociation des fournisseurs sur le march\u00e9 des services de conciergerie est relativement faible, car les cabinets de conseil s&#039;appuient g\u00e9n\u00e9ralement sur des ressources et une expertise internes plut\u00f4t que sur des fournisseurs externes. Toutefois, les fournisseurs de solutions technologiques et de plateformes logicielles peuvent exercer une certaine influence sur les soci\u00e9t\u00e9s de conseil, notamment en mati\u00e8re de prix et de qualit\u00e9 de service.<\/li>\n\n\n\n<li><strong>La menace des substituts:<\/strong> La menace de substituts sur le march\u00e9 des services de conciergerie est mod\u00e9r\u00e9e, dans la mesure o\u00f9 les entreprises peuvent choisir de d\u00e9velopper des capacit\u00e9s internes ou de s&#039;appuyer sur des solutions alternatives telles que des plateformes en libre-service ou des mod\u00e8les de service client traditionnels. Cependant, la proposition de valeur unique des services de conciergerie, comprenant une assistance personnalis\u00e9e, une expertise et une commodit\u00e9, att\u00e9nue dans une certaine mesure le risque de substitution.<\/li>\n\n\n\n<li><strong>Rivalit\u00e9 concurrentielle:<\/strong> La rivalit\u00e9 concurrentielle sur le march\u00e9 des services de conciergerie est \u00e9lev\u00e9e, en raison de facteurs tels que la saturation du march\u00e9, la pr\u00e9sence d&#039;acteurs \u00e9tablis et les efforts continus d&#039;innovation et de diff\u00e9renciation. Les cabinets de conseil se disputent des parts de march\u00e9 et des clients en proposant des propositions de valeur uniques, une expertise sp\u00e9cialis\u00e9e et une qualit\u00e9 de service sup\u00e9rieure.<\/li>\n<\/ul>\n\n\n\n<h2 class=\"wp-block-heading\">Comment les services de SIS International aident les entreprises<\/h2>\n\n\n\n<p>At SIS International, we believe that our consulting goes beyond traditional assistance to offer comprehensive solutions that drive tangible business outcomes. Our <a href=\"https:\/\/www.sisinternational.com\/fr\/solutions\/recherche-de-conseil-en-strategie-fintech\/gestion-du-capital-humain-services-financiers-conseil-en-etudes-de-marche\/\" title=\"Human Capital Management Financial Services Market Research and Consulting\"  data-wpil-monitor-id=\"8340\">market research and consulting services<\/a> are designed to help businesses reduce risk, boost revenue, save money, save time, accelerate growth and innovation, and maximize ROI. Here&#8217;s how our services benefit businesses:<\/p>\n\n\n\n<ul class=\"wp-block-list\">\n<li><strong>R\u00e9duire les risques\u00a0:<\/strong> Nous aidons les entreprises \u00e0 identifier les risques et les d\u00e9fis potentiels associ\u00e9s \u00e0 la mise en \u0153uvre de services de conciergerie gr\u00e2ce \u00e0 une analyse de march\u00e9 approfondie et une planification strat\u00e9gique.<\/li>\n\n\n\n<li><strong>Augmenter les revenus\u00a0:<\/strong> <a href=\"https:\/\/www.sisinternational.com\/fr\/paque-de-paques-et-linevitable-lapin-en-chocolat\/\" title=\"\u00c9tude de march\u00e9 de P\u00e2ques\"  data-wpil-monitor-id=\"8337\">SIS data-driven insights and market<\/a> intelligence empower businesses to identify new revenue opportunities and optimize their service offerings to meet customer needs and preferences.<\/li>\n\n\n\n<li><strong>\u00c9conomiser de l&#039;argent:<\/strong> Nos solutions rentables et nos m\u00e9thodologies efficaces permettent aux entreprises d\u2019atteindre leurs objectifs sans d\u00e9penser trop ni gaspiller de ressources.<\/li>\n\n\n\n<li><strong>Gagner du temps:<\/strong> Le temps est une ressource pr\u00e9cieuse dans l&#039;environnement commercial en \u00e9volution rapide d&#039;aujourd&#039;hui, et nos services de conciergerie sont con\u00e7us pour aider les entreprises \u00e0 gagner du temps et \u00e0 augmenter leur productivit\u00e9.<\/li>\n\n\n\n<li><strong>Accelerating <\/strong><a href=\"https:\/\/www.sisinternational.com\/fr\/solutions\/etude-de-marche-internationale-sur-la-croissance-des-entreprises\/\" title=\"\u00c9tude de march\u00e9 internationale sur la croissance des entreprises\"  data-wpil-monitor-id=\"8335\">Growth and Innovation: SIS International&#8217;s<\/a> strategic guidance and innovative solutions empower businesses to drive growth and innovation in their respective industries.<\/li>\n\n\n\n<li><strong>Maximiser le retour sur investissement\u00a0:<\/strong> Notre objectif est d&#039;aider les entreprises \u00e0 maximiser le retour sur investissement de leurs initiatives de services de conciergerie.<\/li>\n<\/ul>\n\n\n\n<h2 class=\"wp-block-heading\">\u00c0 propos de SIS International Conciergerie Services Consulting<\/h2>\n\n\n\n<p>SIS International\u2019s Concierge Services Consulting specializes in providing tailored strategic solutions to businesses worldwide. Our expert consultants offer comprehensive advisory services in market entry, business expansion, strategic planning, and organizational development. We partner with clients, from market analysis to implementation support, to drive <a href=\"https:\/\/www.sisinternational.com\/fr\/developper-un-avantage-concurrentiel-durable\/\" title=\"D\u00e9velopper un avantage concurrentiel durable\"  data-wpil-monitor-id=\"8341\">sustainable growth and competitive advantage<\/a>. Contact us to explore how our consulting expertise can empower your business.<\/p>\n\n\n\n<p><\/p>","protected":false},"excerpt":{"rendered":"<p>Conseil en services de conciergerie Met en \u0153uvre des solutions de service client personnalis\u00e9es pour am\u00e9liorer les exp\u00e9riences et rationaliser les processus.<\/p>","protected":false},"author":1,"featured_media":70897,"parent":44644,"menu_order":36,"comment_status":"closed","ping_status":"closed","template":"","meta":{"footnotes":""},"class_list":["post-47946","page","type-page","status-publish","has-post-thumbnail"],"_links":{"self":[{"href":"https:\/\/www.sisinternational.com\/fr\/wp-json\/wp\/v2\/pages\/47946","targetHints":{"allow":["GET"]}}],"collection":[{"href":"https:\/\/www.sisinternational.com\/fr\/wp-json\/wp\/v2\/pages"}],"about":[{"href":"https:\/\/www.sisinternational.com\/fr\/wp-json\/wp\/v2\/types\/page"}],"author":[{"embeddable":true,"href":"https:\/\/www.sisinternational.com\/fr\/wp-json\/wp\/v2\/users\/1"}],"replies":[{"embeddable":true,"href":"https:\/\/www.sisinternational.com\/fr\/wp-json\/wp\/v2\/comments?post=47946"}],"version-history":[{"count":12,"href":"https:\/\/www.sisinternational.com\/fr\/wp-json\/wp\/v2\/pages\/47946\/revisions"}],"predecessor-version":[{"id":81397,"href":"https:\/\/www.sisinternational.com\/fr\/wp-json\/wp\/v2\/pages\/47946\/revisions\/81397"}],"up":[{"embeddable":true,"href":"https:\/\/www.sisinternational.com\/fr\/wp-json\/wp\/v2\/pages\/44644"}],"wp:featuredmedia":[{"embeddable":true,"href":"https:\/\/www.sisinternational.com\/fr\/wp-json\/wp\/v2\/media\/70897"}],"wp:attachment":[{"href":"https:\/\/www.sisinternational.com\/fr\/wp-json\/wp\/v2\/media?parent=47946"}],"curies":[{"name":"wp","href":"https:\/\/api.w.org\/{rel}","templated":true}]}}