{"id":47883,"date":"2024-05-04T12:09:33","date_gmt":"2024-05-04T16:09:33","guid":{"rendered":"https:\/\/www.sisinternational.com\/?page_id=47883"},"modified":"2026-01-26T18:35:25","modified_gmt":"2026-01-26T23:35:25","slug":"etude-de-marche-de-la-mode-masculine","status":"publish","type":"page","link":"https:\/\/www.sisinternational.com\/fr\/competence\/etude-de-marche-de-la-mode-masculine\/","title":{"rendered":"\u00c9tude de march\u00e9 sur la mode masculine"},"content":{"rendered":"<h1 class=\"wp-block-heading\">\u00c9tude de march\u00e9 sur la mode masculine<\/h1>\n\n\n\n<figure class=\"gb-block-image gb-block-image-8b45574a\"><img loading=\"lazy\" decoding=\"async\" width=\"1456\" height=\"816\" class=\"gb-image gb-image-8b45574a\" src=\"https:\/\/www.sisinternational.com\/wp-content\/uploads\/2025\/08\/Menswear-apparel-fashion-9.jpg\" alt=\"\u00c9tudes de march\u00e9 et strat\u00e9gie internationales SIS\" title=\"Menswear apparel fashion (9)\" srcset=\"https:\/\/www.sisinternational.com\/wp-content\/uploads\/2025\/08\/Menswear-apparel-fashion-9.jpg 1456w, https:\/\/www.sisinternational.com\/wp-content\/uploads\/2025\/08\/Menswear-apparel-fashion-9-300x168.jpg 300w, https:\/\/www.sisinternational.com\/wp-content\/uploads\/2025\/08\/Menswear-apparel-fashion-9-1024x574.jpg 1024w, https:\/\/www.sisinternational.com\/wp-content\/uploads\/2025\/08\/Menswear-apparel-fashion-9-768x430.jpg 768w, https:\/\/www.sisinternational.com\/wp-content\/uploads\/2025\/08\/Menswear-apparel-fashion-9-18x10.jpg 18w\" sizes=\"auto, (max-width: 1456px) 100vw, 1456px\"><\/figure>\n\n\n\n<p><\/p>\n\n\n\n<hr class=\"wp-block-separator has-alpha-channel-opacity is-style-dots\"\/>\n\n\n\n<p>Qu\u2019est-ce qui d\u00e9finit l\u2019essence de la masculinit\u00e9 moderne dans la mode ? Comment les cr\u00e9ateurs d\u00e9codent-ils les d\u00e9sirs en constante \u00e9volution des hommes contemporains ? Ces questions sont au c\u0153ur des \u00e9tudes de march\u00e9 sur la mode masculine, un domaine o\u00f9 les connaissances stimulent l&#039;innovation et o\u00f9 l&#039;innovation fa\u00e7onne l&#039;avenir de la mode masculine.<\/p>\n\n\n\n<h2 class=\"wp-block-heading\">Qu\u2019est-ce que l\u2019\u00e9tude de march\u00e9 sur la mode masculine ? <\/h2>\n\n\n\n<p>Menswear <a href=\"https:\/\/www.sisinternational.com\/fr\/competence\/les-industries\/etude-de-marche-de-la-mode\/\" title=\"\u00c9tude de march\u00e9 de la mode et de l&#039;habillement\"  data-wpil-monitor-id=\"6948\">market research analyzes the men&#8217;s fashion<\/a> industry&#8217;s buying behavior, preferences, and trends. It encompasses various factors, including consumer demographics, purchasing habits, brand perception, market trends, and competitive landscape.<\/p>\n\n\n\n<p>Cette compr\u00e9hension globale permet aux marques de mode, aux d\u00e9taillants et aux acteurs du secteur de prendre des d\u00e9cisions \u00e9clair\u00e9es concernant le d\u00e9veloppement de produits, les strat\u00e9gies marketing, les prix, les canaux de distribution et la croissance globale de l&#039;entreprise.<\/p>\n\n\n\n<h2 class=\"wp-block-heading\">Pourquoi c&#039;est important?<\/h2>\n\n\n\n<p>Menswear <a href=\"https:\/\/www.sisinternational.com\/fr\/competence\/les-industries\/etude-de-marche-sur-lapprentissage-profond-2\/\" title=\"\u00c9tude de march\u00e9 sur l\u2019apprentissage profond\"  data-wpil-monitor-id=\"6110\">market research allows businesses to gain deep<\/a> insights into male consumers&#8217; preferences, lifestyles, and purchasing behaviors. By understanding what drives consumer preferences and influences purchasing decisions, businesses can tailor their product offerings and marketing strategies to resonate effectively with their target audience.<\/p>\n\n\n\n<p>De plus, les \u00e9tudes de march\u00e9 sur la mode masculine aident les entreprises \u00e0 identifier d\u00e8s le d\u00e9but les tendances \u00e9mergentes, leur permettant ainsi de capitaliser sur de nouvelles opportunit\u00e9s et d\u2019adapter leur offre de produits en cons\u00e9quence. Cependant, cette \u00e9tude de march\u00e9 offre de nombreux avantages aux entreprises op\u00e9rant dans le secteur de la mode masculine, parmi lesquels :<br>Identifier les opportunit\u00e9s de march\u00e9 : les \u00e9tudes de march\u00e9 aident les entreprises \u00e0 identifier les segments de march\u00e9 inexploit\u00e9s, les tendances de niche et les opportunit\u00e9s \u00e9mergentes au sein de l&#039;industrie de la mode masculine.<\/p>\n\n\n\n<ul class=\"wp-block-list\">\n<li><strong>Optimisation des strat\u00e9gies marketing\u00a0:<\/strong> Gr\u00e2ce aux donn\u00e9es d\u2019\u00e9tudes de march\u00e9 sur la mode masculine, les entreprises peuvent affiner efficacement leurs strat\u00e9gies marketing pour atteindre et engager leur public cible.<\/li>\n\n\n\n<li><strong>Att\u00e9nuation des risques\u00a0:<\/strong> Une \u00e9tude de march\u00e9 approfondie peut aider les entreprises \u00e0 identifier les risques et les d\u00e9fis potentiels sur le march\u00e9 de la mode masculine, leur permettant ainsi d&#039;att\u00e9nuer ces risques de mani\u00e8re proactive et de prendre des d\u00e9cisions \u00e9clair\u00e9es.<\/li>\n\n\n\n<li><strong>Stimuler l\u2019innovation et le d\u00e9veloppement de produits\u00a0:<\/strong> Market research catalyzes innovation by providing businesses with valuable insights into emerging trends, consumer needs, and technological advancements.<\/li>\n<\/ul>\n\n\n\n<h2 class=\"wp-block-heading\">Questions to Successfully Conduct Menswear Market Research <\/h2>\n\n\n\n<p>Avant de se lancer dans une initiative d\u2019\u00e9tude de march\u00e9 sur la mode masculine, il est essentiel de poser les bonnes questions pour garantir que les objectifs de la recherche sont clairement d\u00e9finis et align\u00e9s sur les objectifs commerciaux. Voici quelques questions cl\u00e9s \u00e0 consid\u00e9rer\u00a0:<\/p>\n\n\n\n<ul class=\"wp-block-list\">\n<li><strong>What are the specific <a href=\"https:\/\/www.sisinternational.com\/fr\/solutions\/ai-etudes-de-marche-et-conseil-en-strategie\/etude-de-marche-sur-la-detection-dobjets-par-ia\/\" title=\"\u00c9tude de march\u00e9 sur l\u2019IA de d\u00e9tection d\u2019objets\"  data-wpil-monitor-id=\"2417\">objectives of the market research?<\/a><\/strong> Clarifier les objectifs permet de concentrer les efforts de recherche et de garantir que les r\u00e9sultats sont exploitables.<\/li>\n\n\n\n<li><strong>Quel est le public cible de la recherche ?<\/strong> L&#039;identification du public cible est cruciale pour concevoir la m\u00e9thodologie de recherche et s\u00e9lectionner les techniques de collecte de donn\u00e9es appropri\u00e9es.<\/li>\n\n\n\n<li><strong>Quelles informations sont d\u00e9j\u00e0 disponibles ?<\/strong> Avant de mener de nouvelles recherches, il est essentiel d&#039;examiner les donn\u00e9es et les informations existantes pour \u00e9viter la duplication des efforts et exploiter efficacement toutes les ressources disponibles.<\/li>\n\n\n\n<li><strong>Quelles sont les variables ou indicateurs cl\u00e9s \u00e0 mesurer\u00a0?<\/strong> D\u00e9terminez les variables ou mesures sp\u00e9cifiques qui seront utilis\u00e9es pour \u00e9valuer la dynamique du march\u00e9 de la mode masculine, telles que les pr\u00e9f\u00e9rences des consommateurs, la taille du march\u00e9, les taux de croissance, les strat\u00e9gies de prix, les canaux de distribution et la perception de la marque.<\/li>\n\n\n\n<li><strong>Quelle m\u00e9thodologie de recherche sera la plus efficace ?<\/strong> En fonction des objectifs, du budget et du calendrier du projet, choisissez la m\u00e9thodologie de recherche la plus appropri\u00e9e.<\/li>\n\n\n\n<li><strong>Comment les donn\u00e9es seront-elles collect\u00e9es et analys\u00e9es ?<\/strong> D\u00e9finir le processus de collecte de donn\u00e9es, y compris la taille de l&#039;\u00e9chantillon, les sources de donn\u00e9es, la conception de l&#039;enqu\u00eate et les techniques d&#039;analyse des donn\u00e9es.<\/li>\n\n\n\n<li><strong>Quels sont les d\u00e9fis ou limites potentiels de la recherche ?<\/strong> Anticipez tous les obstacles ou contraintes survenant au cours du processus de recherche, tels que les biais d&#039;\u00e9chantillon, les probl\u00e8mes d&#039;exactitude des donn\u00e9es, la lassitude des r\u00e9pondants ou les facteurs externes du march\u00e9.<\/li>\n<\/ul>\n\n\n\n<h2 class=\"wp-block-heading\">R\u00e9sultats attendus<\/h2>\n\n\n\n<p>Apr\u00e8s avoir men\u00e9 une \u00e9tude approfondie du march\u00e9 de la mode masculine, les entreprises peuvent s\u2019attendre \u00e0 obtenir des informations pr\u00e9cieuses qui \u00e9claireront la prise de d\u00e9cision strat\u00e9gique et stimuleront la croissance de leur entreprise. Voici quelques r\u00e9sultats attendus d\u2019une \u00e9tude de march\u00e9 sur la mode masculine\u00a0:<\/p>\n\n\n\n<ul class=\"wp-block-list\">\n<li><strong>Compr\u00e9hension plus approfondie des pr\u00e9f\u00e9rences des consommateurs\u00a0:<\/strong> En analysant le comportement, les pr\u00e9f\u00e9rences et les tendances des consommateurs, les entreprises peuvent comprendre ce qui motive les d\u00e9cisions d&#039;achat sur le march\u00e9 de la mode masculine. Ces informations permettent aux entreprises d&#039;adapter leurs offres de produits, leur image de marque et leurs strat\u00e9gies marketing pour mieux trouver un \u00e9cho aupr\u00e8s de leur public cible.<\/li>\n\n\n\n<li><strong>Veille concurrentielle\u00a0:<\/strong> Comprendre le paysage concurrentiel est essentiel pour rester en t\u00eate sur le march\u00e9 de la mode masculine. Les \u00e9tudes de march\u00e9 permettent aux entreprises d&#039;\u00e9valuer les strat\u00e9gies, les forces, les faiblesses et le positionnement de leurs concurrents sur le march\u00e9. Ces informations aident les entreprises \u00e0 \u00e9valuer leurs performances, \u00e0 identifier les domaines \u00e0 am\u00e9liorer et \u00e0 d\u00e9velopper des strat\u00e9gies pour se diff\u00e9rencier de leurs concurrents.<\/li>\n\n\n\n<li><strong>D\u00e9veloppement de produits optimis\u00e9\u00a0:<\/strong> Les informations issues des \u00e9tudes de march\u00e9 sur les v\u00eatements pour hommes peuvent \u00e9clairer les initiatives de d\u00e9veloppement de produits, en aidant les entreprises \u00e0 cr\u00e9er des produits pour hommes qui r\u00e9pondent \u00e0 la demande des consommateurs et s\u2019alignent sur les tendances du march\u00e9. Des caract\u00e9ristiques de conception aux choix de tissus et aux strat\u00e9gies de prix, les \u00e9tudes de march\u00e9 fournissent des informations pr\u00e9cieuses qui guident les d\u00e9cisions de d\u00e9veloppement de produits.<\/li>\n\n\n\n<li><strong>Informed Marketing and <\/strong><a href=\"https:\/\/www.sisinternational.com\/fr\/quest-ce-que-les-relations-publiques\/\" title=\"Relations publiques et \u00e9tudes de march\u00e9\"  data-wpil-monitor-id=\"2254\">Branding Strategies: Market research<\/a> provides valuable insights into effective marketing channels, messaging strategies, and branding initiatives. By understanding consumer preferences, shopping behaviors, and media consumption habits, businesses can develop targeted marketing campaigns that resonate with their target audience and drive brand awareness and loyalty.<\/li>\n\n\n\n<li><strong>Att\u00e9nuation des risques:<\/strong> En identifiant les tendances du march\u00e9, les pr\u00e9f\u00e9rences des consommateurs et les menaces concurrentielles, les \u00e9tudes de march\u00e9 aident les entreprises \u00e0 att\u00e9nuer les risques et \u00e0 prendre des d\u00e9cisions \u00e9clair\u00e9es qui minimisent les pi\u00e8ges potentiels. Les \u00e9tudes de march\u00e9 sur la mode masculine fournissent des informations pr\u00e9cieuses qui r\u00e9duisent l\u2019incertitude et am\u00e9liorent la confiance dans la prise de d\u00e9cision, qu\u2019il s\u2019agisse de p\u00e9n\u00e9trer de nouveaux march\u00e9s, de lancer de nouveaux produits ou d\u2019\u00e9largir les canaux de distribution.<\/li>\n<\/ul>\n\n\n\n<h2 class=\"wp-block-heading\">Analyse SWOT<\/h2>\n\n\n\n<figure class=\"gb-block-image gb-block-image-1be29b85\"><img loading=\"lazy\" decoding=\"async\" width=\"1456\" height=\"816\" class=\"gb-image gb-image-1be29b85\" src=\"https:\/\/www.sisinternational.com\/wp-content\/uploads\/2025\/08\/Menswear-apparel-fashion-8.jpg\" alt=\"\u00c9tudes de march\u00e9 et strat\u00e9gie internationales SIS\" title=\"Menswear apparel fashion (8)\" srcset=\"https:\/\/www.sisinternational.com\/wp-content\/uploads\/2025\/08\/Menswear-apparel-fashion-8.jpg 1456w, https:\/\/www.sisinternational.com\/wp-content\/uploads\/2025\/08\/Menswear-apparel-fashion-8-300x168.jpg 300w, https:\/\/www.sisinternational.com\/wp-content\/uploads\/2025\/08\/Menswear-apparel-fashion-8-1024x574.jpg 1024w, https:\/\/www.sisinternational.com\/wp-content\/uploads\/2025\/08\/Menswear-apparel-fashion-8-768x430.jpg 768w, https:\/\/www.sisinternational.com\/wp-content\/uploads\/2025\/08\/Menswear-apparel-fashion-8-18x10.jpg 18w\" sizes=\"auto, (max-width: 1456px) 100vw, 1456px\"><\/figure>\n\n\n\n<p><\/p>\n\n\n\n<p>Une analyse SWOT examine les forces, les faiblesses, les opportunit\u00e9s et les menaces auxquelles est confront\u00e9e l&#039;industrie de la mode masculine\u00a0:<\/p>\n\n\n\n<p><strong>Forces<\/strong><\/p>\n\n\n\n<ul class=\"wp-block-list\">\n<li><strong>Demande croissante:<\/strong> Le march\u00e9 de la mode masculine continue de se d\u00e9velopper \u00e0 l\u2019\u00e9chelle mondiale, stimul\u00e9 par l\u2019\u00e9volution des tendances de la mode et des pr\u00e9f\u00e9rences changeantes des consommateurs.<\/li>\n\n\n\n<li><strong>Diversification des marques\u00a0:<\/strong> De nombreuses marques de v\u00eatements pour hommes diversifient leur offre de produits pour r\u00e9pondre \u00e0 un \u00e9ventail plus large de besoins et de pr\u00e9f\u00e9rences des consommateurs.<\/li>\n\n\n\n<li><strong>Innovation:<\/strong> Les progr\u00e8s dans les mat\u00e9riaux, la technologie et le design stimulent l\u2019innovation dans l\u2019industrie de la mode masculine, conduisant au d\u00e9veloppement de nouveaux produits et styles.<\/li>\n<\/ul>\n\n\n\n<p><strong>Faiblesses<\/strong><\/p>\n\n\n\n<ul class=\"wp-block-list\">\n<li><strong>Fluctuations saisonni\u00e8res\u00a0:<\/strong> Le march\u00e9 de la mode masculine est soumis \u00e0 des fluctuations saisonni\u00e8res, la demande variant tout au long de l&#039;ann\u00e9e en fonction des conditions m\u00e9t\u00e9orologiques et des tendances de la mode.<\/li>\n\n\n\n<li><strong>Comp\u00e9tition intense:<\/strong> Le march\u00e9 de la mode masculine est tr\u00e8s concurrentiel, avec de nombreuses marques se disputant des parts de march\u00e9. Cette concurrence peut rendre difficile l\u2019\u00e9tablissement des nouveaux entrants.<\/li>\n\n\n\n<li><strong>Pressions sur les prix\u00a0:<\/strong> Une concurrence sur les prix est attendue dans le secteur de la mode masculine, ce qui entra\u00eenera des pressions sur les marges des fabricants et des d\u00e9taillants.<\/li>\n<\/ul>\n\n\n\n<p><strong>Opportunit\u00e9s<\/strong><\/p>\n\n\n\n<ul class=\"wp-block-list\">\n<li><strong>Croissance du commerce \u00e9lectronique\u00a0:<\/strong> L\u2019essor du commerce \u00e9lectronique offre aux marques de v\u00eatements pour hommes d\u2019importantes opportunit\u00e9s d\u2019atteindre un public plus large et d\u2019\u00e9largir leur client\u00e8le.<\/li>\n\n\n\n<li><strong>March\u00e9s \u00e9mergents:<\/strong> Les march\u00e9s \u00e9mergents offrent un potentiel de croissance inexploit\u00e9 dans l\u2019industrie de la mode masculine, avec la hausse des revenus disponibles et l\u2019\u00e9volution des modes de vie des consommateurs qui stimulent la demande de v\u00eatements \u00e0 la mode.<\/li>\n\n\n\n<li><strong>Durabilit\u00e9:<\/strong> La sensibilisation croissante des consommateurs aux probl\u00e8mes environnementaux et sociaux cr\u00e9e des opportunit\u00e9s pour les marques de v\u00eatements pour hommes de se diff\u00e9rencier gr\u00e2ce \u00e0 des pratiques et des produits durables.<\/li>\n<\/ul>\n\n\n\n<p><strong>Des menaces<\/strong><\/p>\n\n\n\n<ul class=\"wp-block-list\">\n<li><strong>Incertitude \u00e9conomique\u00a0:<\/strong> Les ralentissements \u00e9conomiques et les tensions g\u00e9opolitiques peuvent avoir un impact sur les d\u00e9penses de consommation en articles discr\u00e9tionnaires comme les v\u00eatements pour hommes, ce qui constitue une menace pour la croissance du secteur.<\/li>\n\n\n\n<li><strong>Produits contrefaits:<\/strong> Les produits contrefaits menacent l\u2019industrie de la mode masculine, sapant la r\u00e9putation de la marque et \u00e9rodant la confiance des consommateurs.<\/li>\n\n\n\n<li><strong>Modification des pr\u00e9f\u00e9rences des consommateurs\u00a0:<\/strong> Les changements rapides dans les tendances de la mode et les pr\u00e9f\u00e9rences des consommateurs peuvent poser des d\u00e9fis aux marques de v\u00eatements pour hommes, les obligeant \u00e0 s&#039;adapter rapidement pour rester pertinentes.<\/li>\n<\/ul>\n\n\n\n<h2 class=\"wp-block-heading\">The SIS Advantage<\/h2>\n\n\n\n<p>SIS International propose des services d&#039;\u00e9tudes de march\u00e9 complets adapt\u00e9s aux besoins des entreprises op\u00e9rant dans le secteur de la mode masculine. Voici comment nos services peuvent profiter aux entreprises\u00a0:<\/p>\n\n\n\n<ul class=\"wp-block-list\">\n<li><strong>Approche de recherche personnalis\u00e9e\u00a0:<\/strong> SIS International takes a customized approach to <a href=\"https:\/\/www.sisinternational.com\/fr\/competence\/les-industries\/etude-de-marche-de-la-charcuterie\/\" title=\"\u00c9tude de march\u00e9 sur la charcuterie\"  data-wpil-monitor-id=\"4604\">menswear<\/a> market research, designing studies that address each client&#8217;s unique objectives and challenges.<\/li>\n\n\n\n<li><strong>Port\u00e9e mondiale:<\/strong> Avec un r\u00e9seau mondial de chercheurs et d&#039;analystes exp\u00e9riment\u00e9s, SIS International fournit des services d&#039;\u00e9tudes de march\u00e9 sur la mode masculine dans diff\u00e9rentes r\u00e9gions et march\u00e9s du monde entier.<\/li>\n\n\n\n<li><strong>Recherche multi-m\u00e9thodes\u00a0:<\/strong> SIS International utilise diverses m\u00e9thodes de recherche, notamment des enqu\u00eates, des groupes de discussion, des entretiens approfondis, des recherches ethnographiques et des analyses de donn\u00e9es, pour fournir une compr\u00e9hension globale du march\u00e9 de la mode masculine. Nous exploitons plusieurs techniques de recherche pour d\u00e9couvrir des informations nuanc\u00e9es qui \u00e9clairent la prise de d\u00e9cision strat\u00e9gique et stimulent la croissance de l\u2019entreprise.<\/li>\n\n\n\n<li><strong>Analyse et interpr\u00e9tation d&#039;experts\u00a0:<\/strong> Nos analystes exp\u00e9riment\u00e9s se sp\u00e9cialisent dans l\u2019interpr\u00e9tation des donn\u00e9es d\u2019\u00e9tudes de march\u00e9 et dans la traduction des informations en recommandations concr\u00e8tes. Forts de notre expertise en mati\u00e8re de comportement des consommateurs, de tendances du march\u00e9 et de dynamique du secteur, nous fournissons \u00e0 nos clients des informations pr\u00e9cieuses qui les aident \u00e0 naviguer en toute confiance dans les complexit\u00e9s du march\u00e9 de la mode masculine.<\/li>\n\n\n\n<li><strong>Orientation strat\u00e9gique\u00a0:<\/strong> Beyond delivering research findings, SIS International offers strategic guidance and consulting <a href=\"https:\/\/www.sisinternational.com\/fr\/solutions\/traduction-et-transcription\/services-de-traduction-et-de-transcription-en-allemand\/\" title=\"Services de traduction et de transcription en allemand\"  data-wpil-monitor-id=\"6513\">services to help clients translate<\/a> insights into actionable strategies.<\/li>\n\n\n\n<li><strong>Soutien continu:<\/strong> SIS International accompagne ses clients tout au long du processus de recherche, depuis la conception du projet et la collecte de donn\u00e9es jusqu&#039;\u00e0 l&#039;analyse et la mise en \u0153uvre. Notre \u00e9quipe d\u00e9vou\u00e9e s&#039;engage \u00e0 fournir des informations opportunes, pertinentes et exploitables qui permettent aux clients de prendre des d\u00e9cisions \u00e9clair\u00e9es et d&#039;atteindre leurs objectifs commerciaux.<\/li>\n<\/ul>\n\n\n\n<p><\/p>","protected":false},"excerpt":{"rendered":"<p>Les \u00e9tudes de march\u00e9 sur les v\u00eatements pour hommes analysent divers facteurs, notamment le comportement des consommateurs, les tendances du march\u00e9 et la concurrence.<\/p>","protected":false},"author":1,"featured_media":63952,"parent":14514,"menu_order":460,"comment_status":"closed","ping_status":"closed","template":"","meta":{"footnotes":""},"class_list":["post-47883","page","type-page","status-publish","has-post-thumbnail"],"_links":{"self":[{"href":"https:\/\/www.sisinternational.com\/fr\/wp-json\/wp\/v2\/pages\/47883","targetHints":{"allow":["GET"]}}],"collection":[{"href":"https:\/\/www.sisinternational.com\/fr\/wp-json\/wp\/v2\/pages"}],"about":[{"href":"https:\/\/www.sisinternational.com\/fr\/wp-json\/wp\/v2\/types\/page"}],"author":[{"embeddable":true,"href":"https:\/\/www.sisinternational.com\/fr\/wp-json\/wp\/v2\/users\/1"}],"replies":[{"embeddable":true,"href":"https:\/\/www.sisinternational.com\/fr\/wp-json\/wp\/v2\/comments?post=47883"}],"version-history":[{"count":13,"href":"https:\/\/www.sisinternational.com\/fr\/wp-json\/wp\/v2\/pages\/47883\/revisions"}],"predecessor-version":[{"id":80515,"href":"https:\/\/www.sisinternational.com\/fr\/wp-json\/wp\/v2\/pages\/47883\/revisions\/80515"}],"up":[{"embeddable":true,"href":"https:\/\/www.sisinternational.com\/fr\/wp-json\/wp\/v2\/pages\/14514"}],"wp:featuredmedia":[{"embeddable":true,"href":"https:\/\/www.sisinternational.com\/fr\/wp-json\/wp\/v2\/media\/63952"}],"wp:attachment":[{"href":"https:\/\/www.sisinternational.com\/fr\/wp-json\/wp\/v2\/media?parent=47883"}],"curies":[{"name":"wp","href":"https:\/\/api.w.org\/{rel}","templated":true}]}}