{"id":47839,"date":"2024-05-02T17:09:09","date_gmt":"2024-05-02T21:09:09","guid":{"rendered":"https:\/\/www.sisinternational.com\/?page_id=47839"},"modified":"2026-01-26T18:12:44","modified_gmt":"2026-01-26T23:12:44","slug":"conseil-en-marketing-pour-la-restauration-hoteliere","status":"publish","type":"page","link":"https:\/\/www.sisinternational.com\/fr\/solutions\/conseil-en-tourisme-de-voyage-et-en-hotellerie\/conseil-en-marketing-pour-la-restauration-hoteliere\/","title":{"rendered":"Conseil en marketing h\u00f4telier et restaurant"},"content":{"rendered":"<h1 class=\"wp-block-heading\">Conseil en marketing h\u00f4telier et restaurant<\/h1>\n\n\n\n<figure class=\"gb-block-image gb-block-image-5464fbab\"><img loading=\"lazy\" decoding=\"async\" width=\"1456\" height=\"816\" class=\"gb-image gb-image-5464fbab\" src=\"https:\/\/www.sisinternational.com\/wp-content\/uploads\/2025\/08\/Chinese-restaurant-4.jpg\" alt=\"\u00c9tudes de march\u00e9 et strat\u00e9gie internationales SIS\" title=\"Chinese restaurant (4)\" srcset=\"https:\/\/www.sisinternational.com\/wp-content\/uploads\/2025\/08\/Chinese-restaurant-4.jpg 1456w, https:\/\/www.sisinternational.com\/wp-content\/uploads\/2025\/08\/Chinese-restaurant-4-300x168.jpg 300w, https:\/\/www.sisinternational.com\/wp-content\/uploads\/2025\/08\/Chinese-restaurant-4-1024x574.jpg 1024w, https:\/\/www.sisinternational.com\/wp-content\/uploads\/2025\/08\/Chinese-restaurant-4-768x430.jpg 768w, https:\/\/www.sisinternational.com\/wp-content\/uploads\/2025\/08\/Chinese-restaurant-4-18x10.jpg 18w\" sizes=\"auto, (max-width: 1456px) 100vw, 1456px\"><\/figure>\n\n\n\n<p><\/p>\n\n\n\n<hr class=\"wp-block-separator has-alpha-channel-opacity is-style-dots\"\/>\n\n\n\n<p>Dans le secteur h\u00f4telier extr\u00eamement comp\u00e9titif d&#039;aujourd&#039;hui, le conseil en marketing pour les h\u00f4tels et restaurants est devenu un luxe et une n\u00e9cessit\u00e9 pour les \u00e9tablissements qui s&#039;efforcent de se d\u00e9marquer et de prosp\u00e9rer. Alors, comment ce conseil peut-il lib\u00e9rer le potentiel de r\u00e9ussite dans cet environnement dynamique ?<\/p>\n\n\n\n<h2 class=\"wp-block-heading\">Conseil en marketing h\u00f4telier et restaurant<\/h2>\n\n\n\n<p>Hotel restaurant marketing consulting involves strategic planning, implementation, and analysis of marketing initiatives tailored to hotel dining establishments. Through market research, data analysis, and creative marketing strategies, <a href=\"https:\/\/www.sisinternational.com\/fr\/solutions\/conseil-en-tourisme-de-voyage-et-en-hotellerie\/conseil-en-repositionnement-hotelier\/\" title=\"Conseil en repositionnement h\u00f4telier\"  data-wpil-monitor-id=\"2968\">hotel restaurant marketing consultants<\/a> help clients navigate the industry&#8217;s complexities and achieve their business objectives efficiently and effectively.<\/p>\n\n\n\n<h2 class=\"wp-block-heading\">Pourquoi les entreprises ont-elles besoin de conseils en marketing pour les h\u00f4tels et les restaurants ?<\/h2>\n\n\n\n<p><a href=\"https:\/\/www.sisinternational.com\/fr\/solutions\/conseil-en-tourisme-de-voyage-et-en-hotellerie\/conseil-en-hotellerie-du-futur\/\" title=\"Conseil H\u00f4tellerie du Futur\"  data-wpil-monitor-id=\"3007\">Hotel restaurant marketing consulting<\/a> brings specialized knowledge and expertise in the hospitality and food and beverage sectors. Therefore, with the help of consultants, hotel restaurants can develop comprehensive marketing plans that align with their business goals and target audience.<\/p>\n\n\n\n<p>De plus, ce conseil se concentre sur la fourniture de r\u00e9sultats mesurables. L&#039;analyse des donn\u00e9es, le suivi des indicateurs de performance cl\u00e9s et l&#039;optimisation des efforts marketing garantissent que chaque dollar marketing d\u00e9pens\u00e9 g\u00e9n\u00e8re un retour sur investissement maximal pour l&#039;entreprise.<\/p>\n\n\n\n<p>However, hotel <a href=\"https:\/\/www.sisinternational.com\/fr\/solutions\/conseil-en-tourisme-de-voyage-et-en-hotellerie\/conseil-en-marketing-pour-les-restaurants-sur-le-toit\/\" title=\"Conseil en marketing pour les restaurants sur le toit\"  data-wpil-monitor-id=\"4527\">restaurant marketing consulting<\/a> offers additional benefits to businesses looking to elevate their dining establishments, including:<\/p>\n\n\n\n<ul class=\"wp-block-list\">\n<li><strong>Positionnement strat\u00e9gique de la marque\u00a0:<\/strong> Consultants assist <a href=\"https:\/\/www.sisinternational.com\/fr\/solutions\/conseil-en-tourisme-de-voyage-et-en-hotellerie\/conseil-en-strategie-hoteliere\/\" title=\"Conseil en strat\u00e9gie h\u00f4teli\u00e8re\"  data-wpil-monitor-id=\"2911\">hotel restaurants<\/a> in developing a unique brand identity and positioning strategy that resonates with their target audience.<\/li>\n\n\n\n<li><strong>Campagnes de marketing int\u00e9gr\u00e9es\u00a0:<\/strong> Le conseil en marketing pour les restaurants d&#039;h\u00f4tels peut aider les restaurants d&#039;h\u00f4tels \u00e0 cr\u00e9er des campagnes marketing coh\u00e9rentes sur diff\u00e9rents canaux, notamment le num\u00e9rique, les m\u00e9dias sociaux, le courrier \u00e9lectronique et la publicit\u00e9 traditionnelle.<\/li>\n\n\n\n<li><strong>Exp\u00e9rience client am\u00e9lior\u00e9e\u00a0:<\/strong> Ce conseil vise \u00e0 am\u00e9liorer l\u2019exp\u00e9rience culinaire globale des clients, depuis leur entr\u00e9e dans le restaurant jusqu\u2019\u00e0 leur d\u00e9part.<\/li>\n\n\n\n<li><strong>Prise de d\u00e9cision bas\u00e9e sur les donn\u00e9es\u00a0:<\/strong> Les consultants en marketing des restaurants d&#039;h\u00f4tels utilisent des outils d&#039;analyse de donn\u00e9es pour suivre les performances des campagnes marketing, mesurer la satisfaction des clients et identifier les domaines \u00e0 am\u00e9liorer.<\/li>\n\n\n\n<li><strong>Augmentation des revenus et de la rentabilit\u00e9\u00a0:<\/strong> Le conseil vise \u00e0 stimuler la croissance des revenus et \u00e0 augmenter la rentabilit\u00e9 des entreprises. En mettant en \u0153uvre des strat\u00e9gies de marketing efficaces, en attirant davantage de convives et en maximisant les d\u00e9penses des clients, les restaurants peuvent atteindre un succ\u00e8s financier durable.<\/li>\n<\/ul>\n\n\n\n<h2 class=\"wp-block-heading\">Questions \u00e0 poser avant d\u2019effectuer des conseils en marketing dans les h\u00f4tels et restaurants<\/h2>\n\n\n\n<figure class=\"gb-block-image gb-block-image-21d82e98\"><img loading=\"lazy\" decoding=\"async\" width=\"1456\" height=\"816\" class=\"gb-image gb-image-21d82e98\" src=\"https:\/\/www.sisinternational.com\/wp-content\/uploads\/2025\/08\/Chinese-restaurant-1.jpg\" alt=\"\u00c9tudes de march\u00e9 et strat\u00e9gie internationales SIS\" title=\"Chinese restaurant (1)\" srcset=\"https:\/\/www.sisinternational.com\/wp-content\/uploads\/2025\/08\/Chinese-restaurant-1.jpg 1456w, https:\/\/www.sisinternational.com\/wp-content\/uploads\/2025\/08\/Chinese-restaurant-1-300x168.jpg 300w, https:\/\/www.sisinternational.com\/wp-content\/uploads\/2025\/08\/Chinese-restaurant-1-1024x574.jpg 1024w, https:\/\/www.sisinternational.com\/wp-content\/uploads\/2025\/08\/Chinese-restaurant-1-768x430.jpg 768w, https:\/\/www.sisinternational.com\/wp-content\/uploads\/2025\/08\/Chinese-restaurant-1-18x10.jpg 18w\" sizes=\"auto, (max-width: 1456px) 100vw, 1456px\"><\/figure>\n\n\n\n<p><\/p>\n\n\n\n<p>Avant de se lancer dans le conseil en marketing h\u00f4telier restaurant, il est essentiel de se poser les bonnes questions pour garantir un partenariat r\u00e9ussi :<\/p>\n\n\n\n<ul class=\"wp-block-list\">\n<li><strong>Quels sont nos objectifs commerciaux ? <\/strong>Il est crucial de clarifier les buts et objectifs g\u00e9n\u00e9raux du restaurant de l\u2019h\u00f4tel. Souhaitez-vous augmenter vos revenus, attirer des clients, am\u00e9liorer la satisfaction client ou am\u00e9liorer la visibilit\u00e9 de votre marque ? Comprendre ces objectifs guidera le processus de conseil et aidera \u00e0 aligner les strat\u00e9gies sur les priorit\u00e9s de l&#039;entreprise.<\/li>\n\n\n\n<li><strong>Quel est notre public cible\u00a0? <\/strong>What are the demographics, psychographics, and preferences of your ideal customers? Understanding the target audience enables <a href=\"https:\/\/www.sisinternational.com\/fr\/couverture\/les-ameriques\/etude-de-marche-en-amerique-latine\/conseil-en-entree-de-marche-au-bresil\/\" title=\"Conseil en entr\u00e9e de march\u00e9 au Br\u00e9sil\"  data-wpil-monitor-id=\"4151\">consultants to tailor marketing<\/a> strategies that resonate with potential guests and drive engagement.<\/li>\n\n\n\n<li><strong>Qu&#039;est-ce qui nous distingue des concurrents\u00a0? <\/strong>Qu\u2019est-ce qui diff\u00e9rencie votre \u00e9tablissement de restauration de ses concurrents ? Les consultants peuvent aider \u00e0 articuler ces propositions de vente uniques et \u00e0 d\u00e9velopper des strat\u00e9gies pour les exploiter efficacement dans les campagnes marketing.<\/li>\n\n\n\n<li><strong>Quels sont nos efforts de marketing actuels\u00a0? <\/strong>Quels canaux de marketing sont actuellement utilis\u00e9s (par exemple, les m\u00e9dias sociaux, le courrier \u00e9lectronique, l&#039;impression)\u00a0? Dans quelle mesure ces efforts r\u00e9ussissent-ils \u00e0 atteindre et \u00e0 impliquer le public cible\u00a0? Les consultants peuvent mener un audit complet pour identifier les domaines \u00e0 am\u00e9liorer et \u00e0 optimiser.<\/li>\n\n\n\n<li><strong>Quels sont notre budget et nos ressources ? <\/strong>Quelles ressources financi\u00e8res et humaines peuvent \u00eatre allou\u00e9es aux efforts de marketing ? Les consultants peuvent d\u00e9velopper des strat\u00e9gies qui maximisent le retour sur investissement tout en respectant les contraintes budg\u00e9taires.<\/li>\n<\/ul>\n\n\n\n<h2 class=\"wp-block-heading\">R\u00e9sultats attendus du conseil en marketing h\u00f4telier et restaurant de SIS<\/h2>\n\n\n\n<p>En s&#039;associant \u00e0 SIS International pour le conseil en marketing dans les h\u00f4tels et restaurants, les entreprises peuvent s&#039;attendre \u00e0 obtenir plusieurs r\u00e9sultats cl\u00e9s\u00a0:<\/p>\n\n\n\n<ul class=\"wp-block-list\">\n<li><strong>Notori\u00e9t\u00e9 accrue de la marque\u00a0:<\/strong> SIS aide les restaurants h\u00f4teliers \u00e0 am\u00e9liorer la visibilit\u00e9 et la reconnaissance de leur marque aupr\u00e8s des publics cibles. Gr\u00e2ce \u00e0 des initiatives de marketing strat\u00e9giques, notamment la publicit\u00e9 num\u00e9rique, les campagnes sur les r\u00e9seaux sociaux et les promotions cibl\u00e9es, les restaurants peuvent \u00e9tendre leur port\u00e9e et attirer davantage de clients.<\/li>\n\n\n\n<li><strong>Engagement client am\u00e9lior\u00e9\u00a0:<\/strong> Les consultants SIS se concentrent sur l&#039;optimisation des strat\u00e9gies d&#039;engagement client afin de favoriser des interactions significatives avec les invit\u00e9s. Les restaurants d&#039;h\u00f4tel peuvent \u00e9tablir des relations clients plus solides et am\u00e9liorer la satisfaction globale en mettant en \u0153uvre des campagnes marketing personnalis\u00e9es, des programmes de fid\u00e9lit\u00e9 et des m\u00e9canismes de commentaires des clients.<\/li>\n\n\n\n<li><strong>G\u00e9n\u00e9ration de revenus plus \u00e9lev\u00e9e\u00a0:<\/strong> L\u2019un des principaux objectifs du conseil en marketing pour les h\u00f4tels et restaurants est de stimuler la croissance des revenus. SIS International d\u00e9veloppe des strat\u00e9gies marketing bas\u00e9es sur les donn\u00e9es pour augmenter le trafic pi\u00e9tonnier, augmenter les r\u00e9servations de tables et maximiser les d\u00e9penses des clients. En cons\u00e9quence, les restaurants peuvent conna\u00eetre des am\u00e9liorations tangibles de leurs revenus et de leur rentabilit\u00e9.<\/li>\n\n\n\n<li><strong>Pr\u00e9sence en ligne am\u00e9lior\u00e9e\u00a0:<\/strong> \u00c0 l\u2019\u00e8re num\u00e9rique d\u2019aujourd\u2019hui, une solide pr\u00e9sence en ligne est essentielle au succ\u00e8s des restaurants d\u2019h\u00f4tel. SIS aide les restaurants \u00e0 \u00e9tablir et \u00e0 maintenir une pr\u00e9sence en ligne percutante gr\u00e2ce \u00e0 l&#039;optimisation de sites Web, au marketing sur les moteurs de recherche et \u00e0 la gestion des m\u00e9dias sociaux. Cela garantit que les restaurants sont facilement d\u00e9tectables et accessibles aux clients potentiels.<\/li>\n\n\n\n<li><strong>Efficacit\u00e9 op\u00e9rationnelle optimis\u00e9e\u00a0:<\/strong> SIS International \u00e9value les processus op\u00e9rationnels et l&#039;efficacit\u00e9 des restaurants h\u00f4teliers afin d&#039;identifier les domaines \u00e0 am\u00e9liorer. En rationalisant les flux de travail, en optimisant les offres de menus et en mettant en \u0153uvre des strat\u00e9gies rentables, les restaurants peuvent am\u00e9liorer l&#039;efficacit\u00e9 op\u00e9rationnelle et l&#039;utilisation des ressources.<\/li>\n<\/ul>\n\n\n\n<h2 class=\"wp-block-heading\">Opportunit\u00e9s<\/h2>\n\n\n\n<ul class=\"wp-block-list\">\n<li><strong>Sp\u00e9cialisation dans les march\u00e9s de niche\u00a0:<\/strong> Les cabinets de conseil peuvent capitaliser sur les opportunit\u00e9s en se sp\u00e9cialisant dans des march\u00e9s de niche au sein du secteur de la restauration h\u00f4teli\u00e8re. Cela pourrait inclure de se concentrer sur des types de cuisine sp\u00e9cifiques, des donn\u00e9es d\u00e9mographiques cibles ou des r\u00e9gions g\u00e9ographiques, permettant aux entreprises de d\u00e9velopper une expertise et d&#039;attirer des clients \u00e0 la recherche de services sp\u00e9cialis\u00e9s.<\/li>\n\n\n\n<li><strong>Int\u00e9gration de la technologie\u00a0:<\/strong> Avec la d\u00e9pendance croissante \u00e0 l\u2019\u00e9gard de la technologie dans le secteur h\u00f4telier, les soci\u00e9t\u00e9s de conseil ont de plus en plus d\u2019opportunit\u00e9s de proposer des solutions technologiques. Cela pourrait inclure des services tels que la mise en \u0153uvre de syst\u00e8mes de gestion de la relation client (CRM), le d\u00e9veloppement d&#039;applications mobiles pour les r\u00e9servations de restaurants ou l&#039;exploitation de l&#039;analyse de donn\u00e9es pour des campagnes marketing personnalis\u00e9es.<\/li>\n\n\n\n<li><strong>Expansion sur les march\u00e9s \u00e9mergents\u00a0:<\/strong> As the hospitality industry continues to expand globally, there are opportunities for <a href=\"https:\/\/www.sisinternational.com\/fr\/solutions\/ai-etudes-de-marche-et-conseil-en-strategie\/conseil-en-marketing-par-ia\/\" title=\"Conseil en marketing IA\"  data-wpil-monitor-id=\"5033\">consulting firms to expand into emerging markets<\/a>. This could involve offering consulting services to <a href=\"https:\/\/www.sisinternational.com\/fr\/solutions\/croissance-mondiale\/conseil-en-croissance\/\" title=\"Conseil en croissance\"  data-wpil-monitor-id=\"6402\">hotel restaurants<\/a> in developing countries or regions experiencing rapid tourism growth with a growing demand for marketing expertise.<\/li>\n\n\n\n<li><strong>Partenariats et collaborations\u00a0:<\/strong> La collaboration avec d&#039;autres entreprises de l&#039;\u00e9cosyst\u00e8me h\u00f4telier, telles que des soci\u00e9t\u00e9s de gestion h\u00f4teli\u00e8re, des fournisseurs de produits alimentaires et de boissons ou des fournisseurs de technologies, peut cr\u00e9er de nouvelles opportunit\u00e9s pour les cabinets de conseil. Les cabinets de conseil peuvent proposer des solutions compl\u00e8tes et acc\u00e9der \u00e0 de nouveaux r\u00e9seaux de clients en formant des partenariats strat\u00e9giques.<\/li>\n\n\n\n<li><strong>Focus sur les pratiques durables\u00a0:<\/strong> With increasing consumer awareness and concern for environmental sustainability, there is a growing demand for <a href=\"https:\/\/www.sisinternational.com\/fr\/solutions\/solutions-de-recherche-qualitative-et-quantitative\/demand-forecasting-best-practices\/\" title=\"Demand Forecasting Best Practices\"  data-wpil-monitor-id=\"1651\">consulting services that help hotel restaurants<\/a> adopt sustainable practices. Consulting firms can capitalize on this trend by offering expertise in sustainable sourcing, waste reduction, and green marketing strategies.<\/li>\n<\/ul>\n\n\n\n<h2 class=\"wp-block-heading\">D\u00e9fis<\/h2>\n\n\n\n<ul class=\"wp-block-list\">\n<li><strong>Fluctuations saisonni\u00e8res de la demande\u00a0:<\/strong> Les restaurants d\u2019h\u00f4tel connaissent souvent des fluctuations de la demande en fonction des habitudes de voyage saisonni\u00e8res. Les hautes saisons connaissent des taux d&#039;occupation et une demande de restauration plus \u00e9lev\u00e9s, tandis que les saisons creuses peuvent entra\u00eener une baisse du trafic pi\u00e9tonnier et des revenus.<\/li>\n\n\n\n<li><strong>Concurrence des options de restauration externes\u00a0:<\/strong> Les restaurants d\u2019h\u00f4tels sont confront\u00e9s \u00e0 la concurrence des restaurants autonomes, des caf\u00e9s, des services de livraison de nourriture et d\u2019autres options de restauration dans les environs. Cette concurrence peut avoir un impact sur la fid\u00e9lit\u00e9 des clients et la g\u00e9n\u00e9ration de revenus, surtout si le restaurant de l&#039;h\u00f4tel doit se diff\u00e9rencier efficacement.<\/li>\n\n\n\n<li><strong>Co\u00fbts d&#039;exploitation \u00e9lev\u00e9s\u00a0:<\/strong> G\u00e9rer un h\u00f4tel-restaurant entra\u00eene des co\u00fbts d\u2019exploitation importants, notamment la main-d\u2019\u0153uvre, l\u2019approvisionnement en nourriture et en boissons, les services publics et la maintenance. G\u00e9rer ces co\u00fbts tout en maintenant la rentabilit\u00e9 peut s&#039;av\u00e9rer difficile, en particulier en p\u00e9riode de faible taux d&#039;occupation ou de ralentissement \u00e9conomique.<\/li>\n\n\n\n<li><strong>S&#039;adapter aux pr\u00e9f\u00e9rences changeantes des consommateurs\u00a0:<\/strong> Les restaurants d&#039;h\u00f4tel doivent \u00e9voluer en permanence pour r\u00e9pondre aux pr\u00e9f\u00e9rences changeantes des consommateurs, notamment les tendances alimentaires, les pr\u00e9f\u00e9rences culinaires et les pr\u00e9f\u00e9rences en mati\u00e8re de restauration exp\u00e9rientielle. Ne pas s&#039;adapter \u00e0 ces pr\u00e9f\u00e9rences peut entra\u00eener une diminution de la satisfaction des clients et une perte d&#039;activit\u00e9.<\/li>\n\n\n\n<li><strong>Gestion de la r\u00e9putation en ligne\u00a0:<\/strong> Les avis en ligne et les r\u00e9seaux sociaux jouent un r\u00f4le important dans la r\u00e9putation des restaurants d\u2019h\u00f4tel. Les avis n\u00e9gatifs ou les r\u00e9actions n\u00e9gatives sur les r\u00e9seaux sociaux peuvent nuire \u00e0 la r\u00e9putation du restaurant et dissuader les clients potentiels, soulignant ainsi l&#039;importance de strat\u00e9gies proactives de gestion de la r\u00e9putation.<\/li>\n<\/ul>\n\n\n\n<h2 class=\"wp-block-heading\">Comment le conseil en marketing des restaurants d&#039;h\u00f4tels de SIS International aide les entreprises<\/h2>\n\n\n\n<p>SIS International&#8217;s hotel restaurant marketing consulting services are designed to provide comprehensive support for hospitality businesses. Through <a href=\"https:\/\/www.sisinternational.com\/fr\/competence\/les-industries\/etude-de-marche-sur-le-handicap\/\" title=\"Disability Market Consulting\"  data-wpil-monitor-id=\"6801\">market research and consulting<\/a>, our experts aid businesses in reducing risk, boosting revenue, saving money and time, accelerating growth and innovation, and ultimately increasing ROI.<\/p>\n\n\n\n<ul class=\"wp-block-list\">\n<li><strong>R\u00e9duction de risque:<\/strong> SIS International m\u00e8ne des \u00e9tudes de march\u00e9 approfondies pour identifier les risques et d\u00e9fis potentiels, permettant aux entreprises de mettre en \u0153uvre efficacement des strat\u00e9gies qui att\u00e9nuent ces risques.<\/li>\n\n\n\n<li><strong>Augmentation des revenus\u00a0:<\/strong> En analysant les tendances du march\u00e9 et les pr\u00e9f\u00e9rences des consommateurs, SIS International aide les entreprises \u00e0 d\u00e9velopper des strat\u00e9gies marketing cibl\u00e9es qui attirent davantage de clients et g\u00e9n\u00e8rent une croissance des revenus.<\/li>\n\n\n\n<li><strong>\u00c9conomies de co\u00fbts:<\/strong> Nous permettons aux entreprises de minimiser les d\u00e9penses inutiles et de maximiser la rentabilit\u00e9 gr\u00e2ce \u00e0 une allocation efficace des ressources et \u00e0 une prise de d\u00e9cision strat\u00e9gique bas\u00e9e sur la connaissance du march\u00e9.<\/li>\n\n\n\n<li><strong>Gain de temps\u00a0:<\/strong> En tirant parti de son expertise et de ses connaissances du secteur, SIS rationalise les processus et la prise de d\u00e9cision, permettant aux entreprises d&#039;atteindre leurs objectifs plus efficacement.<\/li>\n\n\n\n<li><strong>Croissance et innovation\u00a0:<\/strong> SIS International identifie les tendances et opportunit\u00e9s \u00e9mergentes sur le march\u00e9, permettant aux entreprises d&#039;innover et de garder une longueur d&#039;avance sur leurs concurrents.<\/li>\n\n\n\n<li><strong>Am\u00e9lioration du retour sur investissement\u00a0:<\/strong> En alignant les efforts marketing sur les objectifs commerciaux et les besoins des consommateurs, SIS International aide les entreprises \u00e0 optimiser leur retour sur investissement.<\/li>\n<\/ul>\n\n\n\n<h2 class=\"wp-block-heading\">\u00c0 propos de SIS International Conseil en marketing pour les restaurants d&#039;h\u00f4tels<\/h2>\n\n\n\n<p>Le conseil en marketing pour les h\u00f4tels et restaurants SIS International est sp\u00e9cialis\u00e9 dans la fourniture de solutions strat\u00e9giques sur mesure aux entreprises du monde entier. Nos consultants experts offrent des services de conseil complets en mati\u00e8re d\u2019entr\u00e9e sur le march\u00e9, d\u2019expansion commerciale, de planification strat\u00e9gique et de d\u00e9veloppement organisationnel. Nous travaillons en partenariat avec nos clients, de l&#039;analyse de march\u00e9 \u00e0 l&#039;assistance \u00e0 la mise en \u0153uvre, pour favoriser une croissance durable et un avantage concurrentiel. Contactez-nous pour d\u00e9couvrir comment notre expertise en conseil peut dynamiser votre entreprise.<\/p>\n\n\n\n<p><\/p>\n\n\n\n<p><\/p>","protected":false},"excerpt":{"rendered":"<p>Le conseil en marketing pour la restauration h\u00f4teli\u00e8re cr\u00e9e et analyse des plans marketing strat\u00e9giques adapt\u00e9s aux \u00e9tablissements de restauration h\u00f4teli\u00e8re.<\/p>","protected":false},"author":1,"featured_media":64035,"parent":44644,"menu_order":27,"comment_status":"closed","ping_status":"closed","template":"","meta":{"footnotes":""},"class_list":["post-47839","page","type-page","status-publish","has-post-thumbnail"],"_links":{"self":[{"href":"https:\/\/www.sisinternational.com\/fr\/wp-json\/wp\/v2\/pages\/47839","targetHints":{"allow":["GET"]}}],"collection":[{"href":"https:\/\/www.sisinternational.com\/fr\/wp-json\/wp\/v2\/pages"}],"about":[{"href":"https:\/\/www.sisinternational.com\/fr\/wp-json\/wp\/v2\/types\/page"}],"author":[{"embeddable":true,"href":"https:\/\/www.sisinternational.com\/fr\/wp-json\/wp\/v2\/users\/1"}],"replies":[{"embeddable":true,"href":"https:\/\/www.sisinternational.com\/fr\/wp-json\/wp\/v2\/comments?post=47839"}],"version-history":[{"count":16,"href":"https:\/\/www.sisinternational.com\/fr\/wp-json\/wp\/v2\/pages\/47839\/revisions"}],"predecessor-version":[{"id":80377,"href":"https:\/\/www.sisinternational.com\/fr\/wp-json\/wp\/v2\/pages\/47839\/revisions\/80377"}],"up":[{"embeddable":true,"href":"https:\/\/www.sisinternational.com\/fr\/wp-json\/wp\/v2\/pages\/44644"}],"wp:featuredmedia":[{"embeddable":true,"href":"https:\/\/www.sisinternational.com\/fr\/wp-json\/wp\/v2\/media\/64035"}],"wp:attachment":[{"href":"https:\/\/www.sisinternational.com\/fr\/wp-json\/wp\/v2\/media?parent=47839"}],"curies":[{"name":"wp","href":"https:\/\/api.w.org\/{rel}","templated":true}]}}