{"id":47730,"date":"2024-04-20T17:12:16","date_gmt":"2024-04-20T21:12:16","guid":{"rendered":"https:\/\/www.sisinternational.com\/?page_id=47730"},"modified":"2026-01-26T17:53:19","modified_gmt":"2026-01-26T22:53:19","slug":"sis-fintech-consulting-a-participe-a-pay-360-londres","status":"publish","type":"page","link":"https:\/\/www.sisinternational.com\/fr\/solutions\/recherche-de-conseil-en-strategie-fintech\/sis-fintech-consulting-a-participe-a-pay-360-londres\/","title":{"rendered":"SIS FinTech Consulting a particip\u00e9 \u00e0 Pay 360 Londres"},"content":{"rendered":"<h1 class=\"wp-block-heading\">SIS FinTech Consulting a particip\u00e9 \u00e0 Pay 360 Londres<\/h1>\n\n\n\n<figure class=\"gb-block-image gb-block-image-734a4cda\"><img loading=\"lazy\" decoding=\"async\" width=\"1456\" height=\"816\" class=\"gb-image gb-image-734a4cda\" src=\"https:\/\/www.sisinternational.com\/wp-content\/uploads\/2025\/09\/Quantitative-reseasrch-in-London-Qualitative-research-in-London-4.jpg\" alt=\"\u00c9tudes de march\u00e9 et strat\u00e9gie internationales SIS\" title=\"Quantitative reseasrch in London Qualitative research in London (4)\" srcset=\"https:\/\/www.sisinternational.com\/wp-content\/uploads\/2025\/09\/Quantitative-reseasrch-in-London-Qualitative-research-in-London-4.jpg 1456w, https:\/\/www.sisinternational.com\/wp-content\/uploads\/2025\/09\/Quantitative-reseasrch-in-London-Qualitative-research-in-London-4-300x168.jpg 300w, https:\/\/www.sisinternational.com\/wp-content\/uploads\/2025\/09\/Quantitative-reseasrch-in-London-Qualitative-research-in-London-4-1024x574.jpg 1024w, https:\/\/www.sisinternational.com\/wp-content\/uploads\/2025\/09\/Quantitative-reseasrch-in-London-Qualitative-research-in-London-4-768x430.jpg 768w, https:\/\/www.sisinternational.com\/wp-content\/uploads\/2025\/09\/Quantitative-reseasrch-in-London-Qualitative-research-in-London-4-18x10.jpg 18w\" sizes=\"auto, (max-width: 1456px) 100vw, 1456px\"><\/figure>\n\n\n\n<p><\/p>\n\n\n\n<hr class=\"wp-block-separator has-alpha-channel-opacity is-style-dots\"\/>\n\n\n\n<p>L&#039;\u00e9v\u00e9nement Pay 360 est un rassemblement important dans le secteur de la finance et des paiements, r\u00e9unissant des experts, des leaders d&#039;opinion et des innovateurs pour discuter des derni\u00e8res tendances, d\u00e9fis et opportunit\u00e9s.<\/p>\n\n\n\n<p>SIS International FinTech Consulting a particip\u00e9 \u00e0 l&#039;\u00e9v\u00e9nement Pay 360 \u00e0 Londres. En tant qu&#039;acteur reconnu dans le domaine, SIS a profit\u00e9 de cette opportunit\u00e9 pour dialoguer avec les parties prenantes du secteur, pr\u00e9senter leur expertise et contribuer au d\u00e9bat sur les technologies de paiement, le comportement des consommateurs et la dynamique du march\u00e9.<\/p>\n\n\n\n<h2 class=\"wp-block-heading\">Quelle est l\u2019importance de l\u2019\u00e9v\u00e9nement Pay360 ?<\/h2>\n\n\n\n<p>L&#039;\u00e9v\u00e9nement rassemble des experts, des leaders d&#039;opinion et des praticiens de divers secteurs de l&#039;\u00e9cosyst\u00e8me des paiements. Les participants obtiennent des informations pr\u00e9cieuses sur les derni\u00e8res tendances, les changements r\u00e9glementaires et les avanc\u00e9es technologiques \u2013 et ces informations \u00e9clairent les d\u00e9cisions strat\u00e9giques et aident les entreprises \u00e0 rester comp\u00e9titives.<\/p>\n\n\n\n<p>Pay 360 fournit une plate-forme de r\u00e9seautage et de collaboration. Les participants peuvent entrer en contact avec des clients potentiels, des partenaires et des pairs du secteur. L&#039;\u00e9tablissement de relations pendant l&#039;\u00e9v\u00e9nement peut conduire \u00e0 de nouvelles opportunit\u00e9s commerciales et \u00e0 de nouveaux partenariats. De plus, Pay 360 propose souvent des sessions d\u00e9di\u00e9es aux mises \u00e0 jour de conformit\u00e9, aux cadres juridiques et aux strat\u00e9gies d&#039;att\u00e9nuation des risques. Les participants gagnent en clart\u00e9 sur les exigences de conformit\u00e9 et peuvent adapter leurs op\u00e9rations en cons\u00e9quence.<\/p>\n\n\n\n<h2 class=\"wp-block-heading\">Main Topics of the Pay 360&nbsp;<\/h2>\n\n\n\n<figure class=\"gb-block-image gb-block-image-d9052085\"><img loading=\"lazy\" decoding=\"async\" width=\"1456\" height=\"816\" class=\"gb-image gb-image-d9052085\" src=\"https:\/\/www.sisinternational.com\/wp-content\/uploads\/2025\/08\/Fintech-6.jpg\" alt=\"\u00c9tudes de march\u00e9 et strat\u00e9gie internationales SIS\" title=\"Fintech (6)\" srcset=\"https:\/\/www.sisinternational.com\/wp-content\/uploads\/2025\/08\/Fintech-6.jpg 1456w, https:\/\/www.sisinternational.com\/wp-content\/uploads\/2025\/08\/Fintech-6-300x168.jpg 300w, https:\/\/www.sisinternational.com\/wp-content\/uploads\/2025\/08\/Fintech-6-1024x574.jpg 1024w, https:\/\/www.sisinternational.com\/wp-content\/uploads\/2025\/08\/Fintech-6-768x430.jpg 768w, https:\/\/www.sisinternational.com\/wp-content\/uploads\/2025\/08\/Fintech-6-18x10.jpg 18w\" sizes=\"auto, (max-width: 1456px) 100vw, 1456px\"><\/figure>\n\n\n\n<p><\/p>\n\n\n\n<p>L&#039;\u00e9v\u00e9nement Pay360 de 2024 a couvert une gamme de sujets li\u00e9s au secteur des paiements et de la fintech, notamment\u00a0:<\/p>\n\n\n\n<ol class=\"wp-block-list\">\n<li><strong>IA et apprentissage profond\u00a0:<\/strong> L&#039;\u00e9v\u00e9nement a explor\u00e9 l&#039;impact de l&#039;intelligence artificielle (IA) et du deep learning sur les processus de paiement. Les participants ont d\u00e9couvert la d\u00e9tection des fraudes bas\u00e9e sur l&#039;IA, les exp\u00e9riences client personnalis\u00e9es et l&#039;analyse pr\u00e9dictive.<\/li>\n\n\n\n<li><strong>Paiements portables\u00a0:<\/strong> Avec l\u2019essor des appareils portables, l\u2019\u00e9v\u00e9nement s\u2019est pench\u00e9 sur les solutions de paiement portables. Cela comprenait des discussions sur l\u2019int\u00e9gration des paiements dans les montres intelligentes, les trackers de fitness et autres appareils portables.<\/li>\n\n\n\n<li><strong>Authentification biom\u00e9trique\u00a0:<\/strong> L&#039;\u00e9v\u00e9nement a \u00e9galement port\u00e9 sur les m\u00e9thodes d&#039;authentification biom\u00e9trique telles que les capteurs d&#039;empreintes digitales, la reconnaissance faciale et la reconnaissance vocale pour les paiements s\u00e9curis\u00e9s.<\/li>\n\n\n\n<li><strong>Cartes virtuelles\u00a0:<\/strong> Les cartes virtuelles gagnent en popularit\u00e9 en raison de leur flexibilit\u00e9 et de leurs fonctionnalit\u00e9s de s\u00e9curit\u00e9. Les participants ont explor\u00e9 l&#039;\u00e9mission, l&#039;utilisation et la gestion des cartes virtuelles.<\/li>\n\n\n\n<li><strong>Services technologiques bas\u00e9s sur le cloud\u00a0:<\/strong> L&#039;\u00e9v\u00e9nement a port\u00e9 sur les solutions de paiement bas\u00e9es sur le cloud, l&#039;\u00e9volutivit\u00e9 et la s\u00e9curit\u00e9 des donn\u00e9es dans le cloud.<\/li>\n\n\n\n<li><strong>Technologie antifraude\u00a0:<\/strong> Les participants ont d\u00e9couvert les derni\u00e8res technologies antifraude, les strat\u00e9gies d&#039;att\u00e9nuation des risques et la surveillance en temps r\u00e9el\u00b2.<\/li>\n\n\n\n<li><strong>Outils de reporting\u00a0:<\/strong> Des rapports et des analyses efficaces sont essentiels pour les prestataires de paiement. L&#039;\u00e9v\u00e9nement couvrait les outils de reporting, la visualisation des donn\u00e9es et des informations exploitables pour les d\u00e9cideurs.<\/li>\n<\/ol>\n\n\n\n<h3 class=\"wp-block-heading\">Points saillants<\/h3>\n\n\n\n<p>Groupes d&#039;experts et ateliers\u00a0: SIS a particip\u00e9 \u00e0 plusieurs groupes d&#039;experts et ateliers pendant l&#039;\u00e9v\u00e9nement. Ces sessions ont couvert des sujets tels que les paiements num\u00e9riques, la cybers\u00e9curit\u00e9, la conformit\u00e9 r\u00e9glementaire et l&#039;impact des technologies \u00e9mergentes (telles que la blockchain et l&#039;IA) sur l&#039;\u00e9cosyst\u00e8me des paiements.<\/p>\n\n\n\n<ul class=\"wp-block-list\">\n<li><strong>Aper\u00e7us du march\u00e9\u00a0:<\/strong> SIS shared valuable <a href=\"https:\/\/www.sisinternational.com\/fr\/couverture\/les-ameriques\/etude-de-marche-dans-les-caraibes\/etude-de-marche-guadeloupe\/\" title=\"Etude de march\u00e9 en Guadeloupe\"  data-wpil-monitor-id=\"6093\">market insights based on their extensive research<\/a> and data analytics. Attendees gained a deeper understanding of consumer preferences, market segmentation, and the evolving landscape of payment methods.<\/li>\n\n\n\n<li><strong>Solutions innovantes: <\/strong><a href=\"https:\/\/www.linkedin.com\/company\/sisinternationalresearch\/posts\/?feedView=all\" target=\"_blank\" rel=\"noopener\">SIS<\/a> showcased innovative solutions designed to address industry challenges. From user experience testing to competitive intelligence, we empowered businesses to make informed decisions.<\/li>\n\n\n\n<li><strong>Opportunit\u00e9s de r\u00e9seautage\u00a0:<\/strong> Les repr\u00e9sentants de SIS sont en contact avec des pairs du secteur, des clients potentiels et des collaborateurs. Ces interactions ont favoris\u00e9 les partenariats et facilit\u00e9 l\u2019\u00e9change de connaissances.<\/li>\n<\/ul>\n\n\n\n<h2 class=\"wp-block-heading\">How SIS International is implementing these Topics and Insights in its Services?<\/h2>\n\n\n\n<figure class=\"gb-block-image gb-block-image-28b1af36\"><img loading=\"lazy\" decoding=\"async\" width=\"1456\" height=\"816\" class=\"gb-image gb-image-28b1af36\" src=\"https:\/\/www.sisinternational.com\/wp-content\/uploads\/2025\/09\/Focus-group-4-18.jpg\" alt=\"\u00c9tudes de march\u00e9 et strat\u00e9gie internationales SIS\" title=\"Focus group 4 (18)\" srcset=\"https:\/\/www.sisinternational.com\/wp-content\/uploads\/2025\/09\/Focus-group-4-18.jpg 1456w, https:\/\/www.sisinternational.com\/wp-content\/uploads\/2025\/09\/Focus-group-4-18-300x168.jpg 300w, https:\/\/www.sisinternational.com\/wp-content\/uploads\/2025\/09\/Focus-group-4-18-1024x574.jpg 1024w, https:\/\/www.sisinternational.com\/wp-content\/uploads\/2025\/09\/Focus-group-4-18-768x430.jpg 768w, https:\/\/www.sisinternational.com\/wp-content\/uploads\/2025\/09\/Focus-group-4-18-18x10.jpg 18w\" sizes=\"auto, (max-width: 1456px) 100vw, 1456px\"><\/figure>\n\n\n\n<p><\/p>\n\n\n\n<p>As a recognized global leader in strategy consulting and market intelligence, SIS International <a href=\"https:\/\/sisaisolutions.com\/application-of-ai-in-fintech\/\" target=\"_blank\" rel=\"noopener\">Conseil en strat\u00e9gie FinTech<\/a> is well-positioned to offer consulting services based on the topics discussed at the Pay360 event. Here&#8217;s how we can leverage these insights for their clients:<\/p>\n\n\n\n<p><strong><a class=\"wpil_keyword_link\" href=\"https:\/\/www.sisinternational.com\/fr\/solutions\/recherche-de-conseil-en-strategie-fintech\/\" title=\"Conseil en strat\u00e9gie FinTech et \u00e9tudes de march\u00e9\" data-wpil-keyword-link=\"linked\" data-wpil-monitor-id=\"264\">Conseil en strat\u00e9gie FinTech<\/a>:<\/strong> SIS peut aider les entreprises \u00e0 naviguer dans le paysage en \u00e9volution rapide de la technologie financi\u00e8re (FinTech). Nos experts r\u00e9pondent \u00e0 des questions critiques telles que\u00a0:<\/p>\n\n\n\n<ul class=\"wp-block-list\">\n<li>Quelles sont les derni\u00e8res tendances en mati\u00e8re de FinTech ?<\/li>\n\n\n\n<li>Quelles innovations FinTech correspondent aux besoins sp\u00e9cifiques des banques ?<\/li>\n\n\n\n<li>Comment les organisations peuvent-elles exploiter efficacement les FinTech et l\u2019IA\u00a0?<\/li>\n\n\n\n<li>Quelles strat\u00e9gies d\u2019investissement adopter ?<\/li>\n\n\n\n<li>Quelle position concurrentielle occupent leurs concurrents dans la FinTech ?<\/li>\n<\/ul>\n\n\n\n<p><strong>Conseil en blockchain\u00a0:<\/strong> Compte tenu de l\u2019int\u00e9r\u00eat croissant port\u00e9 \u00e0 la technologie blockchain, SIS peut fournir des solutions strat\u00e9giques et de conseil en mati\u00e8re de blockchain de premier plan. Nous guidons nos clients sur la mise en \u0153uvre de la blockchain, les cas d&#039;utilisation et les avantages potentiels.<\/p>\n\n\n\n<p>De plus, SIS guide les entreprises dans la transition vers des syst\u00e8mes bas\u00e9s sur la blockchain tout en optimisant les processus op\u00e9rationnels. Nous aidons les entreprises \u00e0 identifier les domaines de leurs op\u00e9rations dans lesquels la technologie blockchain peut apporter des gains d&#039;efficacit\u00e9 ou des \u00e9conomies.<\/p>\n\n\n\n<p><strong>Faire progresser l\u2019innovation avec les solutions d\u2019IA\u00a0:<\/strong> SIS collabore avec des entreprises technologiques pour d\u00e9velopper et mettre en \u0153uvre des produits et services bas\u00e9s sur l&#039;IA. Notre objectif est de comprendre l\u2019\u00e9l\u00e9ment humain derri\u00e8re l\u2019adoption et la transformation de l\u2019IA. En combinant recherche qualitative et quantitative, SIS aide les entreprises \u00e0 exploiter efficacement l\u2019IA.<\/p>\n\n\n\n<p>Nous identifions des cas d&#039;utilisation sp\u00e9cifiques et des opportunit\u00e9s dans lesquels l&#039;IA peut cr\u00e9er de la valeur pour l&#039;entreprise. Cela peut impliquer d&#039;am\u00e9liorer l&#039;efficacit\u00e9 op\u00e9rationnelle, d&#039;am\u00e9liorer l&#039;exp\u00e9rience client, de d\u00e9velopper de nouveaux produits ou services ou d&#039;optimiser les processus de prise de d\u00e9cision.<\/p>\n\n\n\n<p><strong>Analyse des donn\u00e9es:<\/strong> SIS reports are clear and easy to digest, providing actionable insights. We analyze data more quickly than internal teams, making us an ideal partner for data science and analytics projects. Our consultants advise on the selection of appropriate AI technologies and platforms based on the organization&#8217;s needs, budget, and technical requirements. This may include machine learning frameworks, natural language processing tools, or robotic process automation software.<\/p>\n\n\n\n<p>En outre, SIS cr\u00e9e une feuille de route pour la mise en \u0153uvre progressive des initiatives d&#039;IA, en tenant compte de facteurs tels que l&#039;allocation des ressources, le calendrier, la gestion des risques et l&#039;engagement des parties prenantes. Cette feuille de route d\u00e9crit g\u00e9n\u00e9ralement les \u00e9tapes critiques, les livrables et les crit\u00e8res de r\u00e9ussite pour chaque \u00e9tape du parcours d&#039;adoption de l&#039;IA.<\/p>\n\n\n\n<p><strong>Services technologiques bas\u00e9s sur le cloud\u00a0:<\/strong> L&#039;implication de SIS International dans les services technologiques bas\u00e9s sur le cloud pour le secteur des paiements consiste \u00e0 tirer parti des avantages du cloud computing pour am\u00e9liorer l&#039;efficacit\u00e9, la s\u00e9curit\u00e9 et l&#039;\u00e9volutivit\u00e9 du traitement des paiements et des services associ\u00e9s.<\/p>\n\n\n\n<p>Nous aidons les acteurs du secteur des paiements \u00e0 d\u00e9velopper et ex\u00e9cuter des strat\u00e9gies de migration vers le cloud. Cela comprend l&#039;\u00e9valuation de l&#039;infrastructure existante, l&#039;identification des charges de travail adapt\u00e9es \u00e0 la migration et la s\u00e9lection des fournisseurs de services cloud appropri\u00e9s (par exemple, AWS, Azure, Google Cloud).<\/p>\n\n\n\n<p><strong>Technologie antifraude\u00a0:<\/strong> SIS conducts thorough assessments to identify vulnerabilities and evaluate the fraud risk faced by payment organizations. This involves analyzing transaction data, detecting patterns indicative of fraudulent activity, and evaluating existing fraud prevention measures. Moreover, we provide implementation support to ensure seamless integration with existing systems and processes.<\/p>\n\n\n\n<p><strong>Outils de reporting\u00a0:<\/strong> SIS d\u00e9veloppe des tableaux de bord de suivi des transactions qui offrent une visibilit\u00e9 en temps r\u00e9el sur les op\u00e9rations de paiement. Ces tableaux de bord permettent aux clients de suivre les volumes de transactions, d&#039;identifier les anomalies et de d\u00e9tecter rapidement les activit\u00e9s potentiellement frauduleuses.<\/p>\n\n\n\n<p>Reconnaissant que chaque client a des exigences uniques en mati\u00e8re de reporting, nous proposons des solutions de reporting personnalis\u00e9es adapt\u00e9es aux objectifs commerciaux sp\u00e9cifiques et aux pr\u00e9f\u00e9rences des parties prenantes. Ces solutions peuvent \u00eatre adapt\u00e9es pour s&#039;adapter \u00e0 diff\u00e9rents formats de donn\u00e9es, techniques de visualisation et fr\u00e9quences de reporting.<\/p>\n\n\n\n<h2 class=\"wp-block-heading\">Approche globale SIS dans le secteur des paiements<\/h2>\n\n\n\n<p>SIS International conducts market research and <a href=\"https:\/\/www.sisinternational.com\/fr\/fintech-trends-2025\/\" title=\"FinTech Trends\" data-wpil-monitor-id=\"6647\">strategy consulting to understand current trends<\/a>, dynamics, and emerging opportunities. We analyze the market size, growth projections, and critical industry landscape drivers with a customer-centric focus.<\/p>\n\n\n\n<p>Moreover, rapid technological advancements are shaping the payments landscape. That&#8217;s why SIS International informs clients about the latest developments in blockchain, artificial intelligence, and biometrics. Our experts assess the potential impact of these innovations, identify opportunities for implementation, and guide clients in leveraging technology to enhance their offerings.<\/p>\n\n\n\n<p>Likewise, given the complex regulatory environment in the payments industry, SIS International offers regulatory compliance services to help clients navigate legal requirements and mitigate compliance risks. We help businesses stay abreast of regulatory changes, conduct compliance assessments, and guide them in adapting to regulatory shifts.<\/p>\n\n\n\n<h2 class=\"wp-block-heading\">Notre emplacement \u00e0 New York<\/h2>\n\n\n\n<p>\n\n\n\n<iframe loading=\"lazy\" src=\"https:\/\/www.google.com\/maps\/embed?pb=!1m18!1m12!1m3!1d3022.976188376966!2d-73.99130312499956!3d40.740549471389315!2m3!1f0!2f0!3f0!3m2!1i1024!2i768!4f13.1!3m3!1m2!1s0x89c259a15798c731%3A0xd695d09bdd495f25!2s11%20E%2022nd%20St%20FL%202%2C%20New%20York%2C%20NY%2010010%2C%20USA!5e0!3m2!1sen!2spe!4v1726171763526!5m2!1sen!2spe\" width=\"600\" height=\"450\" allowfullscreen=\"allowfullscreen\" data-mce-fragment=\"1\"><\/iframe>\n\n\n\n<\/p>\n\n\n\n<h3 class=\"wp-block-heading\">11 E 22nd Street, \u00e9tage 2, New York, NY 10010 T\u00e9l. : +1(212) 505-6805<\/h3>\n\n\n\n<hr class=\"wp-block-separator has-alpha-channel-opacity\"\/>\n\n\n\n<h2 class=\"wp-block-heading\"><span style=\"font-weight: 400;\">\u00c0 propos de SIS International<\/span><\/h2>\n\n\n\n<p><a href=\"https:\/\/www.sisinternational.com\/fr\/\"><span style=\"font-weight: 400;\">SIS International<\/span><\/a><span style=\"font-weight: 400;\"> propose des recherches quantitatives, qualitatives et strat\u00e9giques. Nous fournissons des donn\u00e9es, des outils, des strat\u00e9gies, des rapports et des informations pour la prise de d\u00e9cision. Nous menons \u00e9galement des entretiens, des enqu\u00eates, des groupes de discussion et d\u2019autres m\u00e9thodes et approches d\u2019\u00e9tudes de march\u00e9.<\/span><a href=\"https:\/\/www.sisinternational.com\/fr\/a-propos-de-la-recherche-internationale-sis\/contact-sis-international-market-research\/\"><span style=\"font-weight: 400;\"> Contactez nous<\/span><\/a><span style=\"font-weight: 400;\"> pour votre prochain projet d&#039;\u00e9tude de march\u00e9.<\/span><\/p>\n\n\n\n<p><\/p>","protected":false},"excerpt":{"rendered":"<p>Pay 360 London rassemble des experts en paiement, des leaders d&#039;opinion et des praticiens pour partager des informations sur les tendances, les r\u00e9glementations et la technologie.<\/p>","protected":false},"author":1,"featured_media":65964,"parent":27462,"menu_order":90,"comment_status":"closed","ping_status":"closed","template":"","meta":{"footnotes":""},"class_list":["post-47730","page","type-page","status-publish","has-post-thumbnail"],"_links":{"self":[{"href":"https:\/\/www.sisinternational.com\/fr\/wp-json\/wp\/v2\/pages\/47730","targetHints":{"allow":["GET"]}}],"collection":[{"href":"https:\/\/www.sisinternational.com\/fr\/wp-json\/wp\/v2\/pages"}],"about":[{"href":"https:\/\/www.sisinternational.com\/fr\/wp-json\/wp\/v2\/types\/page"}],"author":[{"embeddable":true,"href":"https:\/\/www.sisinternational.com\/fr\/wp-json\/wp\/v2\/users\/1"}],"replies":[{"embeddable":true,"href":"https:\/\/www.sisinternational.com\/fr\/wp-json\/wp\/v2\/comments?post=47730"}],"version-history":[{"count":11,"href":"https:\/\/www.sisinternational.com\/fr\/wp-json\/wp\/v2\/pages\/47730\/revisions"}],"predecessor-version":[{"id":80226,"href":"https:\/\/www.sisinternational.com\/fr\/wp-json\/wp\/v2\/pages\/47730\/revisions\/80226"}],"up":[{"embeddable":true,"href":"https:\/\/www.sisinternational.com\/fr\/wp-json\/wp\/v2\/pages\/27462"}],"wp:featuredmedia":[{"embeddable":true,"href":"https:\/\/www.sisinternational.com\/fr\/wp-json\/wp\/v2\/media\/65964"}],"wp:attachment":[{"href":"https:\/\/www.sisinternational.com\/fr\/wp-json\/wp\/v2\/media?parent=47730"}],"curies":[{"name":"wp","href":"https:\/\/api.w.org\/{rel}","templated":true}]}}