{"id":47728,"date":"2024-04-20T17:17:44","date_gmt":"2024-04-20T21:17:44","guid":{"rendered":"https:\/\/www.sisinternational.com\/?page_id=47728"},"modified":"2026-01-24T18:55:08","modified_gmt":"2026-01-24T23:55:08","slug":"etude-de-marche-sur-les-vetements-de-pluie","status":"publish","type":"page","link":"https:\/\/www.sisinternational.com\/fr\/competence\/etude-de-marche-sur-les-vetements-de-pluie\/","title":{"rendered":"\u00c9tude de march\u00e9 sur les v\u00eatements de pluie"},"content":{"rendered":"<h1 class=\"wp-block-heading\">\u00c9tude de march\u00e9 sur les v\u00eatements de pluie<\/h1>\n\n\n\n<figure class=\"gb-block-image gb-block-image-53a2688e\"><img loading=\"lazy\" decoding=\"async\" width=\"1456\" height=\"816\" class=\"gb-image gb-image-53a2688e\" src=\"https:\/\/www.sisinternational.com\/wp-content\/uploads\/2025\/08\/Rainwear-2.jpg\" alt=\"\u00c9tudes de march\u00e9 et strat\u00e9gie internationales SIS\" title=\"Rainwear (2)\" srcset=\"https:\/\/www.sisinternational.com\/wp-content\/uploads\/2025\/08\/Rainwear-2.jpg 1456w, https:\/\/www.sisinternational.com\/wp-content\/uploads\/2025\/08\/Rainwear-2-300x168.jpg 300w, https:\/\/www.sisinternational.com\/wp-content\/uploads\/2025\/08\/Rainwear-2-1024x574.jpg 1024w, https:\/\/www.sisinternational.com\/wp-content\/uploads\/2025\/08\/Rainwear-2-768x430.jpg 768w, https:\/\/www.sisinternational.com\/wp-content\/uploads\/2025\/08\/Rainwear-2-18x10.jpg 18w\" sizes=\"auto, (max-width: 1456px) 100vw, 1456px\"><\/figure>\n\n\n\n<p><\/p>\n\n\n\n<hr class=\"wp-block-separator has-alpha-channel-opacity is-style-dots\"\/>\n\n\n\n<p>Rainwear market research is a valuable tool for apparel industry stakeholders to understand market dynamics, identify growth opportunities, and develop strategies for competing effectively in the rainwear market.<\/p>\n\n\n\n<h2 class=\"wp-block-heading\">Qu\u2019est-ce que l\u2019\u00e9tude de march\u00e9 sur les v\u00eatements de pluie ?<\/h2>\n\n\n\n<p>Alors que le changement climatique entra\u00eene des conditions m\u00e9t\u00e9orologiques plus impr\u00e9visibles, la demande de v\u00eatements de pluie de haute qualit\u00e9 augmente. Les \u00e9tudes de march\u00e9 sur les v\u00eatements de pluie fournissent des informations sur les technologies de tissus, les pr\u00e9f\u00e9rences de conception et les paysages concurrentiels, permettant aux entreprises de d\u00e9velopper des solutions de v\u00eatements de pluie innovantes et \u00e9l\u00e9gantes qui r\u00e9pondent aux besoins changeants des consommateurs.<\/p>\n\n\n\n<p>Rainwear <a href=\"https:\/\/www.sisinternational.com\/fr\/competence\/les-industries\/etude-de-marche-de-la-mode\/\" title=\"\u00c9tude de march\u00e9 de la mode et de l&#039;habillement\"  data-wpil-monitor-id=\"6938\">apparel market research<\/a> studies the global rainwear industry, focusing on market trends, consumer preferences, competitive landscape, and technological advancements. This research is essential for manufacturers, retailers, and other stakeholders in the apparel industry looking to understand market dynamics and develop strategies to meet consumer needs.<\/p>\n\n\n\n<h2 class=\"wp-block-heading\">Pourquoi c&#039;est important?<\/h2>\n\n\n\n<p>Rainwear apparel market research provides valuable insights that can help companies develop innovative products, optimize pricing strategies, and create targeted marketing campaigns that effectively reach their target audience. <\/p>\n\n\n\n<p>De plus, cette \u00e9tude de march\u00e9 aide les entreprises \u00e0 comprendre le paysage concurrentiel. Les entreprises peuvent identifier leurs arguments de vente uniques et se diff\u00e9rencier sur le march\u00e9, ce qui est crucial pour d\u00e9velopper des strat\u00e9gies marketing efficaces qui mettent en valeur les atouts de leurs produits et attirent les clients.<\/p>\n\n\n\n<h2 class=\"wp-block-heading\">Critical factors<\/h2>\n\n\n\n<p>Une \u00e9tude de march\u00e9 efficace sur les v\u00eatements de pluie n\u00e9cessite de pr\u00eater attention \u00e0 plusieurs facteurs de succ\u00e8s critiques contribuant \u00e0 une analyse perspicace et \u00e0 des recommandations exploitables. Ces facteurs comprennent\u00a0:<\/p>\n\n\n\n<ul class=\"wp-block-list\">\n<li><strong>La connaissance des consommateurs:<\/strong> Comprendre les pr\u00e9f\u00e9rences, les comportements et les facteurs d\u2019achat des consommateurs est essentiel pour r\u00e9ussir une \u00e9tude de march\u00e9 sur les v\u00eatements de pluie. Les marques doivent recueillir des informations compl\u00e8tes sur les consommateurs via des enqu\u00eates, des groupes de discussion et des \u00e9tudes observationnelles pour d\u00e9couvrir les pr\u00e9f\u00e9rences en mati\u00e8re de design, de fonctionnalit\u00e9, de pr\u00e9f\u00e9rences mat\u00e9rielles et de sensibilit\u00e9 aux prix.<\/li>\n\n\n\n<li><strong>Analyse comp\u00e9titive:<\/strong> Effectuer une analyse approfondie des concurrents sur le march\u00e9 des v\u00eatements de pluie fournit des informations pr\u00e9cieuses sur les offres de produits, les strat\u00e9gies de prix, les canaux de distribution et les tactiques de marketing. En se comparant \u00e0 leurs concurrents, les marques peuvent identifier les lacunes du march\u00e9, diff\u00e9rencier leurs offres et d\u00e9velopper des propositions de valeur convaincantes pour attirer les clients.<\/li>\n\n\n\n<li><strong>Identification des tendances\u00a0:<\/strong> Staying attuned to fashion trends, technological advancements, and sustainability initiatives is critical for successful <a href=\"https:\/\/www.sisinternational.com\/fr\/agriculture-durable-2\/\" title=\"\u00c9tude de march\u00e9 sur l\u2019agriculture durable\"  data-wpil-monitor-id=\"2433\">\u00e9tude de march\u00e9 sur les v\u00eatements de pluie<\/a>. Brands must monitor trends in color palettes, fabric innovations, eco-friendly materials, and design aesthetics to align their product offerings with evolving consumer preferences and market demands.<\/li>\n\n\n\n<li><strong>Optimisation de la cha\u00eene d&#039;approvisionnement\u00a0:<\/strong> L\u2019optimisation de la cha\u00eene d\u2019approvisionnement est essentielle pour garantir la livraison en temps opportun des v\u00eatements de pluie aux consommateurs. Les marques doivent collaborer \u00e9troitement avec les fournisseurs, les fabricants et les partenaires logistiques pour rationaliser les processus de production, minimiser les d\u00e9lais de livraison et am\u00e9liorer la qualit\u00e9 et la coh\u00e9rence des produits.<\/li>\n\n\n\n<li><strong>Gestion de la r\u00e9putation de la marque\u00a0:<\/strong> Maintenir une r\u00e9putation de marque positive est primordial sur le march\u00e9 concurrentiel des v\u00eatements de pluie. Les marques doivent donner la priorit\u00e9 \u00e0 la qualit\u00e9 des produits, \u00e0 l\u2019excellence du service client et aux pratiques commerciales \u00e9thiques pour renforcer la confiance et la fid\u00e9lit\u00e9 des consommateurs. Le traitement proactif des commentaires des clients, la r\u00e9solution rapide des probl\u00e8mes et la communication transparente contribuent \u00e0 favoriser une solide r\u00e9putation de marque.<\/li>\n<\/ul>\n\n\n\n<h2 class=\"wp-block-heading\">The Results You Can Expect from SIS International<\/h2>\n\n\n\n<p>Engager SIS International pour une \u00e9tude de march\u00e9 sur les v\u00eatements de pluie produit plusieurs r\u00e9sultats attendus, permettant aux marques de prendre des d\u00e9cisions \u00e9clair\u00e9es et de stimuler la croissance de leur entreprise.<\/p>\n\n\n\n<figure class=\"gb-block-image gb-block-image-142614f7\"><img loading=\"lazy\" decoding=\"async\" width=\"1456\" height=\"816\" class=\"gb-image gb-image-142614f7\" src=\"https:\/\/www.sisinternational.com\/wp-content\/uploads\/2025\/08\/Rainwear-6.jpg\" alt=\"\u00c9tudes de march\u00e9 et strat\u00e9gie internationales SIS\" title=\"Rainwear 6\" srcset=\"https:\/\/www.sisinternational.com\/wp-content\/uploads\/2025\/08\/Rainwear-6.jpg 1456w, https:\/\/www.sisinternational.com\/wp-content\/uploads\/2025\/08\/Rainwear-6-300x168.jpg 300w, https:\/\/www.sisinternational.com\/wp-content\/uploads\/2025\/08\/Rainwear-6-1024x574.jpg 1024w, https:\/\/www.sisinternational.com\/wp-content\/uploads\/2025\/08\/Rainwear-6-768x430.jpg 768w, https:\/\/www.sisinternational.com\/wp-content\/uploads\/2025\/08\/Rainwear-6-18x10.jpg 18w\" sizes=\"auto, (max-width: 1456px) 100vw, 1456px\"><\/figure>\n\n\n\n<ul class=\"wp-block-list\">\n<li><strong>Informations compl\u00e8tes sur le march\u00e9\u00a0:<\/strong> SIS fournit des informations compl\u00e8tes sur le march\u00e9 des pr\u00e9f\u00e9rences des consommateurs, des tendances du march\u00e9, du paysage concurrentiel et des opportunit\u00e9s \u00e9mergentes sur le march\u00e9 des v\u00eatements de pluie. Gr\u00e2ce \u00e0 une collecte et \u00e0 une analyse rigoureuses de donn\u00e9es, nous fournissons \u00e0 nos clients une compr\u00e9hension approfondie de la dynamique du march\u00e9 et des recommandations concr\u00e8tes pour la planification strat\u00e9gique.<\/li>\n\n\n\n<li><strong>Identification des segments de niche\u00a0:<\/strong> SIS International identifie des segments de niche sur le march\u00e9 des v\u00eatements de pluie, permettant aux marques de cibler des donn\u00e9es d\u00e9mographiques, des pr\u00e9f\u00e9rences et des besoins non satisfaits sp\u00e9cifiques des consommateurs. En d\u00e9couvrant des opportunit\u00e9s de niche, les marques peuvent adapter leurs offres de produits, leurs messages marketing et leurs canaux de distribution pour atteindre et interagir efficacement avec des segments de consommateurs de niche.<\/li>\n\n\n\n<li><strong>Conseils de d\u00e9veloppement de produits\u00a0:<\/strong> Tirant parti des connaissances des consommateurs et des tendances du march\u00e9, les experts de SIS proposent des conseils en mati\u00e8re de d\u00e9veloppement de produits pour aider les marques \u00e0 conceptualiser, concevoir et lancer des v\u00eatements de pluie innovants. De la s\u00e9lection des mat\u00e9riaux \u00e0 l\u2019esth\u00e9tique du design, nous fournissons des recommandations qui trouvent un \u00e9cho aupr\u00e8s des consommateurs cibles et diff\u00e9rencient les marques sur le march\u00e9.<\/li>\n\n\n\n<li><strong>Analyse comparative concurrentielle\u00a0:<\/strong> SIS effectue des analyses comparatives de la concurrence pour \u00e9valuer les performances des marques par rapport \u00e0 leurs concurrents sur le march\u00e9 des v\u00eatements de pluie. En \u00e9valuant les offres de produits, les strat\u00e9gies de prix, les initiatives marketing et les exp\u00e9riences client, SIS aide les marques \u00e0 identifier les domaines \u00e0 am\u00e9liorer, \u00e0 capitaliser sur leurs atouts et \u00e0 acqu\u00e9rir un avantage concurrentiel.<\/li>\n\n\n\n<li><strong>Strat\u00e9gies d&#039;entr\u00e9e sur le march\u00e9\u00a0:<\/strong> Pour les marques cherchant \u00e0 entrer ou \u00e0 \u00e9tendre leur pr\u00e9sence sur le march\u00e9 des v\u00eatements de pluie, SIS International propose des conseils strat\u00e9giques sur les strat\u00e9gies d&#039;entr\u00e9e sur le march\u00e9, y compris le positionnement sur le march\u00e9, la s\u00e9lection des canaux de distribution et les tactiques promotionnelles.<\/li>\n<\/ul>\n\n\n\n<h2 class=\"wp-block-heading\">Joueurs cl\u00e9s<\/h2>\n\n\n\n<p>Dans le paysage concurrentiel du march\u00e9 des v\u00eatements de pluie, plusieurs acteurs cl\u00e9s dominent gr\u00e2ce \u00e0 leurs produits innovants, leur forte pr\u00e9sence de marque et leurs vastes r\u00e9seaux de distribution.<\/p>\n\n\n\n<ul class=\"wp-block-list\">\n<li><strong>La face nord:<\/strong> R\u00e9put\u00e9e pour ses v\u00eatements et \u00e9quipements de plein air, The North Face propose une gamme diversifi\u00e9e de v\u00eatements de pluie con\u00e7us pour les amateurs de plein air et les aventuriers urbains. En mettant l&#039;accent sur la performance, la durabilit\u00e9 et le style,<\/li>\n\n\n\n<li><strong>V\u00eatements de sport Columbia\u00a0:<\/strong> Columbia Sportswear est une marque mondiale leader sp\u00e9cialis\u00e9e dans les v\u00eatements d&#039;ext\u00e9rieur, notamment les vestes de pluie, les pantalons de pluie et les bottes de pluie. Avec un engagement envers la qualit\u00e9, la fonctionnalit\u00e9 et la durabilit\u00e9, Columbia Sportswear s&#039;adapte \u00e0 diverses activit\u00e9s de plein air et conditions m\u00e9t\u00e9orologiques, gagnant la confiance des amateurs de plein air du monde entier.<\/li>\n\n\n\n<li><strong>Patagonie :<\/strong> Patagonia est r\u00e9put\u00e9e pour son approche respectueuse de l&#039;environnement en mati\u00e8re de v\u00eatements et d&#039;\u00e9quipements de plein air. La marque propose une s\u00e9lection de v\u00eatements de pluie fabriqu\u00e9s \u00e0 partir de mat\u00e9riaux recycl\u00e9s et produits selon des pratiques de fabrication durables. En mettant l&#039;accent sur la durabilit\u00e9, la performance et l&#039;approvisionnement \u00e9thique, Patagonia s\u00e9duit les consommateurs soucieux de l&#039;environnement \u00e0 la recherche de solutions de v\u00eatements de pluie de haute qualit\u00e9.<\/li>\n<\/ul>\n\n\n\n<h2 class=\"wp-block-heading\">Opportunit\u00e9s<\/h2>\n\n\n\n<p>Malgr\u00e9 les d\u00e9fis pos\u00e9s par l\u2019\u00e9volution des pr\u00e9f\u00e9rences des consommateurs et la dynamique du march\u00e9, plusieurs opportunit\u00e9s existent pour les entreprises op\u00e9rant sur le march\u00e9 des v\u00eatements de pluie. Ces opportunit\u00e9s comprennent\u00a0:<\/p>\n\n\n\n<ul class=\"wp-block-list\">\n<li><strong>Expansion dans des segments de niche\u00a0:<\/strong> Businesses can capitalize on niche segments within the rainwear apparel market by targeting specific demographics, geographic regions, or consumer preferences. <\/li>\n\n\n\n<li><strong>Innovation en mati\u00e8re de conception et de technologie\u00a0:<\/strong> Les opportunit\u00e9s abondent pour les entreprises d\u2019innover en mati\u00e8re de conception et de technologie afin de cr\u00e9er des v\u00eatements de pluie diff\u00e9renci\u00e9s qui r\u00e9pondent aux besoins et pr\u00e9f\u00e9rences changeants des consommateurs. Investir dans la recherche et le d\u00e9veloppement pour d\u00e9velopper des technologies exclusives, des mat\u00e9riaux durables et des conceptions fonctionnelles peut positionner les entreprises en tant que leaders du march\u00e9 et attirer des consommateurs exigeants \u00e0 la recherche de solutions innovantes.<\/li>\n\n\n\n<li><strong>Personnalisation et personnalisation\u00a0:<\/strong> Les entreprises peuvent tirer parti de strat\u00e9gies de personnalisation pour am\u00e9liorer l\u2019engagement et la fid\u00e9lit\u00e9 des clients sur le march\u00e9 des v\u00eatements de pluie. Offrir des options personnalisables, telles que des choix de couleurs, des ajustements de taille ou des broderies personnalis\u00e9es, permet aux consommateurs de cr\u00e9er des v\u00eatements de pluie uniques et sur mesure qui refl\u00e8tent leurs styles et pr\u00e9f\u00e9rences individuels.<\/li>\n\n\n\n<li><strong>Collaborations et partenariats\u00a0:<\/strong> La collaboration avec d&#039;autres marques, designers ou influenceurs offre aux entreprises des opportunit\u00e9s d&#039;am\u00e9liorer la visibilit\u00e9 de leur marque, d&#039;atteindre de nouveaux segments de client\u00e8le et de stimuler la demande de v\u00eatements de pluie. Des partenariats strat\u00e9giques avec des passionn\u00e9s de plein air, des athl\u00e8tes ou des d\u00e9fenseurs du d\u00e9veloppement durable peuvent g\u00e9n\u00e9rer du buzz, de la cr\u00e9dibilit\u00e9 et une affinit\u00e9 avec la marque aupr\u00e8s des publics cibles.<\/li>\n<\/ul>\n\n\n\n<h2 class=\"wp-block-heading\">The SIS Advantage<\/h2>\n\n\n\n<p>SIS International m\u00e8ne des \u00e9tudes et des analyses de march\u00e9 approfondies pour fournir aux entreprises des informations exploitables sur les pr\u00e9f\u00e9rences des consommateurs, les tendances du march\u00e9, le paysage concurrentiel et les opportunit\u00e9s \u00e9mergentes sur le march\u00e9 des v\u00eatements de pluie. En tirant parti d&#039;une combinaison de m\u00e9thodologies de recherche qualitatives et quantitatives, nous fournissons des informations solides bas\u00e9es sur des donn\u00e9es qui \u00e9clairent la prise de d\u00e9cision strat\u00e9gique et stimulent la croissance de l&#039;entreprise.<\/p>\n\n\n\n<ul class=\"wp-block-list\">\n<li><strong>Planification strat\u00e9gique et conseil\u00a0:<\/strong> SIS offers strategic planning and consulting services to assist businesses in developing and executing effective <a href=\"https:\/\/www.sisinternational.com\/fr\/marketing-de-guerilla\/\" title=\"Qu\u2019est-ce que le gu\u00e9rilla marketing ?\"  data-wpil-monitor-id=\"1831\">strategies for success in the rainwear apparel<\/a> market. From market entry strategies to product development roadmaps, our experts provide strategic guidance tailored to each client&#8217;s unique goals, challenges, and market dynamics.<\/li>\n\n\n\n<li><strong>Veille concurrentielle\u00a0:<\/strong> SIS International conducts competitive intelligence assessments to help businesses gain a deep understanding of their competitors&#8217; strengths, weaknesses, strategies, and market positioning. <\/li>\n\n\n\n<li><strong>Prise en charge de l&#039;expansion internationale\u00a0:<\/strong> Pour les entreprises cherchant \u00e0 \u00e9tendre leur pr\u00e9sence sur les march\u00e9s internationaux, SIS International fournit un soutien complet, comprenant des \u00e9valuations d&#039;entr\u00e9e sur le march\u00e9, des strat\u00e9gies de localisation, des conseils de conformit\u00e9 r\u00e9glementaire et l&#039;identification de partenaires. Gr\u00e2ce \u00e0 notre r\u00e9seau mondial d\u2019experts et \u00e0 notre connaissance du march\u00e9 local, nous facilitons une expansion internationale transparente.<\/li>\n<\/ul>\n\n\n\n<p><\/p>","protected":false},"excerpt":{"rendered":"<p>Les \u00e9tudes de march\u00e9 sur les v\u00eatements de pluie \u00e9tudient l\u2019industrie mondiale des v\u00eatements de pluie, en se concentrant sur les tendances, les pr\u00e9f\u00e9rences et les progr\u00e8s technologiques.<\/p>","protected":false},"author":1,"featured_media":64847,"parent":14514,"menu_order":455,"comment_status":"closed","ping_status":"closed","template":"","meta":{"footnotes":""},"class_list":["post-47728","page","type-page","status-publish","has-post-thumbnail"],"_links":{"self":[{"href":"https:\/\/www.sisinternational.com\/fr\/wp-json\/wp\/v2\/pages\/47728","targetHints":{"allow":["GET"]}}],"collection":[{"href":"https:\/\/www.sisinternational.com\/fr\/wp-json\/wp\/v2\/pages"}],"about":[{"href":"https:\/\/www.sisinternational.com\/fr\/wp-json\/wp\/v2\/types\/page"}],"author":[{"embeddable":true,"href":"https:\/\/www.sisinternational.com\/fr\/wp-json\/wp\/v2\/users\/1"}],"replies":[{"embeddable":true,"href":"https:\/\/www.sisinternational.com\/fr\/wp-json\/wp\/v2\/comments?post=47728"}],"version-history":[{"count":10,"href":"https:\/\/www.sisinternational.com\/fr\/wp-json\/wp\/v2\/pages\/47728\/revisions"}],"predecessor-version":[{"id":80504,"href":"https:\/\/www.sisinternational.com\/fr\/wp-json\/wp\/v2\/pages\/47728\/revisions\/80504"}],"up":[{"embeddable":true,"href":"https:\/\/www.sisinternational.com\/fr\/wp-json\/wp\/v2\/pages\/14514"}],"wp:featuredmedia":[{"embeddable":true,"href":"https:\/\/www.sisinternational.com\/fr\/wp-json\/wp\/v2\/media\/64847"}],"wp:attachment":[{"href":"https:\/\/www.sisinternational.com\/fr\/wp-json\/wp\/v2\/media?parent=47728"}],"curies":[{"name":"wp","href":"https:\/\/api.w.org\/{rel}","templated":true}]}}