{"id":47725,"date":"2024-04-20T17:22:10","date_gmt":"2024-04-20T21:22:10","guid":{"rendered":"https:\/\/www.sisinternational.com\/?page_id=47725"},"modified":"2026-03-12T12:42:30","modified_gmt":"2026-03-12T16:42:30","slug":"etude-de-marche-sur-les-maladies-rares","status":"publish","type":"page","link":"https:\/\/www.sisinternational.com\/fr\/solutions\/etudes-de-marche-sur-les-biotechnologies-et-les-produits-pharmaceutiques-en-matiere-de-soins-de-sante-medicaux\/etude-de-marche-sur-les-maladies-rares\/","title":{"rendered":"\u00c9tude de march\u00e9 sur les maladies rares"},"content":{"rendered":"<h1 class=\"wp-block-heading\">\u00c9tude de march\u00e9 sur les maladies rares<\/h1>\n\n\n\n<figure class=\"gb-block-image gb-block-image-6f485e55\"><img loading=\"lazy\" decoding=\"async\" width=\"1456\" height=\"816\" class=\"gb-image gb-image-6f485e55\" src=\"https:\/\/www.sisinternational.com\/wp-content\/uploads\/2025\/08\/Rare-disease-1.jpg\" alt=\"\u00c9tudes de march\u00e9 et strat\u00e9gie internationales SIS\" title=\"Rare disease (1)\" srcset=\"https:\/\/www.sisinternational.com\/wp-content\/uploads\/2025\/08\/Rare-disease-1.jpg 1456w, https:\/\/www.sisinternational.com\/wp-content\/uploads\/2025\/08\/Rare-disease-1-300x168.jpg 300w, https:\/\/www.sisinternational.com\/wp-content\/uploads\/2025\/08\/Rare-disease-1-1024x574.jpg 1024w, https:\/\/www.sisinternational.com\/wp-content\/uploads\/2025\/08\/Rare-disease-1-768x430.jpg 768w, https:\/\/www.sisinternational.com\/wp-content\/uploads\/2025\/08\/Rare-disease-1-18x10.jpg 18w\" sizes=\"auto, (max-width: 1456px) 100vw, 1456px\"><\/figure>\n\n\n\n<p><\/p>\n\n\n\n<hr class=\"wp-block-separator has-alpha-channel-opacity is-style-dots\"\/>\n\n\n\n<p>Les \u00e9tudes de march\u00e9 sur les maladies rares aident les parties prenantes \u00e0 identifier les lacunes dans les soins, \u00e0 am\u00e9liorer l\u2019acc\u00e8s des patients aux traitements et \u00e0 am\u00e9liorer l\u2019exp\u00e9rience globale des patients.<\/p>\n\n\n\n<h2 class=\"wp-block-heading\">What Is Rare disease Market research?<\/h2>\n\n\n\n<p>Les \u00e9tudes de march\u00e9 sur les maladies rares offrent une analyse approfondie des complexit\u00e9s des maladies rares, notamment la dynamique du march\u00e9, les paysages de traitement et le parcours des patients. En comprenant les nuances des maladies rares, les parties prenantes peuvent \u00e9laborer des strat\u00e9gies cibl\u00e9es pour acc\u00e9l\u00e9rer le d\u00e9veloppement de m\u00e9dicaments, am\u00e9liorer les capacit\u00e9s de diagnostic et am\u00e9liorer l&#039;acc\u00e8s des patients \u00e0 des th\u00e9rapies qui changent la vie.<\/p>\n\n\n\n<p>Cette \u00e9tude de march\u00e9 se concentre sur la compr\u00e9hension des d\u00e9fis, des besoins et des opportunit\u00e9s uniques associ\u00e9s aux maladies rares, qui touchent un petit pourcentage de la population. Il est essentiel pour les soci\u00e9t\u00e9s pharmaceutiques, les prestataires de soins de sant\u00e9, les d\u00e9cideurs politiques et les groupes de d\u00e9fense des patients qui cherchent \u00e0 d\u00e9velopper des traitements, \u00e0 am\u00e9liorer les r\u00e9sultats pour les patients et \u00e0 sensibiliser aux maladies rares. Ces informations aident les parties prenantes \u00e0 prioriser les efforts de recherche et d\u00e9veloppement et \u00e0 allouer efficacement les ressources.<\/p>\n\n\n\n<h2 class=\"wp-block-heading\">Pourquoi c&#039;est important?<\/h2>\n\n\n\n<p><a href=\"https:\/\/www.sisinternational.com\/fr\/competence\/les-industries\/etude-de-marche-des-metaux-des-terres-rares\/\" title=\"\u00c9tude de march\u00e9 sur les m\u00e9taux des terres rares\"  data-wpil-monitor-id=\"5165\">Rare disease market research<\/a> is crucial for businesses and organizations focusing on rare diseases, which often have unique challenges and require specialized approaches. This research provides valuable insights into the prevalence of rare diseases, patient demographics, treatment options, and unmet needs, enabling companies to develop targeted therapies and support programs for rare disease patients.<\/p>\n\n\n\n<p>En \u00e9tudiant les exp\u00e9riences des patients atteints de maladies rares, des prestataires de soins de sant\u00e9 et des soignants, les entreprises peuvent identifier les lacunes dans les soins et d\u00e9velopper des solutions pour am\u00e9liorer les r\u00e9sultats pour les patients. Cela pourrait inclure le d\u00e9veloppement de nouveaux traitements, l\u2019acc\u00e8s \u00e0 des soins sp\u00e9cialis\u00e9s ou l\u2019offre de services de soutien pour aider les patients \u00e0 g\u00e9rer efficacement leur maladie.<\/p>\n\n\n\n<p>En outre, les \u00e9tudes de march\u00e9 sur les maladies rares sont essentielles pour sensibiliser aux maladies rares et d\u00e9fendre les besoins des patients. En partageant les r\u00e9sultats de leurs recherches avec les prestataires de soins de sant\u00e9, les d\u00e9cideurs politiques et le public, les entreprises peuvent contribuer \u00e0 sensibiliser l\u2019opinion aux maladies rares et aux d\u00e9fis auxquels sont confront\u00e9s les patients.<\/p>\n\n\n\n<h2 class=\"wp-block-heading\">Qui utilise les \u00e9tudes de march\u00e9 sur les maladies rares<\/h2>\n\n\n\n<figure class=\"gb-block-image gb-block-image-592766ce\"><img loading=\"lazy\" decoding=\"async\" width=\"1456\" height=\"816\" class=\"gb-image gb-image-592766ce\" src=\"https:\/\/www.sisinternational.com\/wp-content\/uploads\/2025\/08\/Rare-disease-3.jpg\" alt=\"\u00c9tudes de march\u00e9 et strat\u00e9gie internationales SIS\" title=\"Rare disease (3)\" srcset=\"https:\/\/www.sisinternational.com\/wp-content\/uploads\/2025\/08\/Rare-disease-3.jpg 1456w, https:\/\/www.sisinternational.com\/wp-content\/uploads\/2025\/08\/Rare-disease-3-300x168.jpg 300w, https:\/\/www.sisinternational.com\/wp-content\/uploads\/2025\/08\/Rare-disease-3-1024x574.jpg 1024w, https:\/\/www.sisinternational.com\/wp-content\/uploads\/2025\/08\/Rare-disease-3-768x430.jpg 768w, https:\/\/www.sisinternational.com\/wp-content\/uploads\/2025\/08\/Rare-disease-3-18x10.jpg 18w\" sizes=\"auto, (max-width: 1456px) 100vw, 1456px\"><\/figure>\n\n\n\n<p><\/p>\n\n\n\n<p>Pharmaceutical companies rely on <a href=\"https:\/\/www.sisinternational.com\/fr\/competence\/les-industries\/etude-de-marche-pharmaceutique-2\/\" title=\"\u00c9tude de march\u00e9 sur les produits pharmaceutiques\"  data-wpil-monitor-id=\"3467\">\u00e9tude de march\u00e9 sur les maladies rares<\/a> to identify unmet medical needs, assess market potential, and develop new therapies. Pharmaceutical companies can make strategic decisions about drug development, clinical trials, and commercialization strategies for rare disease treatments.<\/p>\n\n\n\n<p><a href=\"https:\/\/www.sisinternational.com\/fr\/creation-dorgue-par-imprimantes-3d\/\" title=\"\u00c9tude de march\u00e9 sur la cr\u00e9ation d\u2019organes et les imprimantes 3D\"  data-wpil-monitor-id=\"6890\">Healthcare providers use market research<\/a> to stay informed about the latest rare disease treatment and management advancements. Healthcare providers can improve their ability to diagnose and treat rare diseases, ultimately improving patient outcomes.<\/p>\n\n\n\n<p>Patient advocacy groups utilize <a href=\"https:\/\/www.sisinternational.com\/fr\/competence\/les-industries\/etude-de-marche-sur-le-parcours-du-patient\/\" title=\"\u00c9tude de march\u00e9 sur le parcours du patient\"  data-wpil-monitor-id=\"5384\">\u00e9tude de march\u00e9 sur les maladies rares<\/a> to raise awareness about rare diseases, advocate for policy changes, and provide support and resources to patients and their families. By analyzing market data, advocacy groups can identify gaps in care and develop programs to address these challenges.<\/p>\n\n\n\n<p>Regulatory agencies leverage <a href=\"https:\/\/www.sisinternational.com\/fr\/competence\/les-industries\/etude-de-marche-sur-la-securite-routiere\/\" title=\"\u00c9tude de march\u00e9 sur la s\u00e9curit\u00e9 routi\u00e8re\"  data-wpil-monitor-id=\"4734\">market research to assess the safety<\/a> and efficacy of rare disease treatments and ensure that patients have access to safe and effective therapies. Analyzing market data enables regulatory agencies to make informed decisions about drug approvals and monitoring.<\/p>\n\n\n\n<h2 class=\"wp-block-heading\">\u00c9valuation de la dynamique du march\u00e9\u00a0:<\/h2>\n\n\n\n<p>SIS International \u00e9value la dynamique et les tendances du march\u00e9 dans le domaine des maladies rares, y compris la pr\u00e9valence des maladies, les donn\u00e9es d\u00e9mographiques des patients et les options de traitement. Nous fournissons aux parties prenantes un aper\u00e7u des opportunit\u00e9s, des d\u00e9fis et des barri\u00e8res \u00e0 l\u2019entr\u00e9e du march\u00e9. Ces informations permettent aux parties prenantes de prendre des d\u00e9cisions \u00e9clair\u00e9es concernant les strat\u00e9gies d&#039;investissement, les priorit\u00e9s de d\u00e9veloppement de m\u00e9dicaments et les initiatives d&#039;acc\u00e8s au march\u00e9 sur le march\u00e9 des maladies rares.<\/p>\n\n\n\n<ul class=\"wp-block-list\">\n<li><strong>Identification des principales parties prenantes\u00a0:<\/strong> SIS identifie les principales parties prenantes de l&#039;\u00e9cosyst\u00e8me des maladies rares, notamment les patients, les soignants, les groupes de d\u00e9fense, les prestataires de soins de sant\u00e9 et les agences de r\u00e9glementation. En dialoguant avec ces parties prenantes par le biais d&#039;enqu\u00eates, d&#039;entretiens et de groupes de discussion, les experts du SIS \u00e9tablissent des relations et recueillent des informations sur leurs points de vue, leurs pr\u00e9f\u00e9rences et leurs priorit\u00e9s.<\/li>\n\n\n\n<li><strong>Conseils sur les strat\u00e9gies de r\u00e9glementation et de remboursement\u00a0: <\/strong>SIS International guide les strat\u00e9gies de r\u00e9glementation et de remboursement des traitements contre les maladies rares. En analysant les exigences r\u00e9glementaires, les politiques de remboursement et les voies d&#039;acc\u00e8s au march\u00e9, nous aidons les soci\u00e9t\u00e9s pharmaceutiques \u00e0 naviguer dans le paysage r\u00e9glementaire complexe et \u00e0 obtenir les approbations et le remboursement de leurs produits.<\/li>\n<\/ul>\n\n\n\n<p>Le march\u00e9 des maladies rares offre aux soci\u00e9t\u00e9s pharmaceutiques la possibilit\u00e9 de d\u00e9velopper des m\u00e9dicaments et des th\u00e9rapies orphelines ciblant les besoins m\u00e9dicaux non satisfaits des populations atteintes de maladies rares. En investissant dans la recherche sur les maladies rares, les entreprises peuvent identifier de nouvelles cibles m\u00e9dicamenteuses, r\u00e9utiliser les th\u00e9rapies existantes et tirer parti des incitations r\u00e9glementaires, telles que la d\u00e9signation de m\u00e9dicament orphelin et l&#039;exclusivit\u00e9 commerciale, pour acc\u00e9l\u00e9rer le d\u00e9veloppement et la commercialisation de m\u00e9dicaments.<\/p>\n\n\n\n<ul class=\"wp-block-list\">\n<li><strong>Expansion des approches de m\u00e9decine de pr\u00e9cision\u00a0:<\/strong> La recherche contribue \u00e0 l\u2019avancement des approches de m\u00e9decine de pr\u00e9cision adapt\u00e9es aux profils individuels des patients, aux ant\u00e9c\u00e9dents g\u00e9n\u00e9tiques et aux caract\u00e9ristiques de la maladie. Les entreprises peuvent tirer parti du s\u00e9quen\u00e7age g\u00e9nomique, de la d\u00e9couverte de biomarqueurs et des diagnostics personnalis\u00e9s pour d\u00e9velopper des th\u00e9rapies cibl\u00e9es et des diagnostics compagnons pour les maladies rares.<\/li>\n\n\n\n<li><strong>Partenariats avec des groupes de d\u00e9fense des patients\u00a0:<\/strong> La collaboration avec des groupes de d\u00e9fense des patients offre aux entreprises des opportunit\u00e9s de s&#039;engager aupr\u00e8s des communaut\u00e9s de maladies rares, de sensibiliser et de r\u00e9pondre aux besoins non satisfaits. En s&#039;associant \u00e0 des organisations de d\u00e9fense des patients, les entreprises peuvent obtenir des informations sur les exp\u00e9riences, les priorit\u00e9s et les pr\u00e9f\u00e9rences des patients, \u00e9clairant ainsi les efforts de recherche et de d\u00e9veloppement, la conception des essais cliniques et les programmes de soutien aux patients.<\/li>\n\n\n\n<li><strong>Avancement des solutions de sant\u00e9 num\u00e9rique\u00a0:<\/strong> L&#039;int\u00e9gration de solutions de sant\u00e9 num\u00e9riques telles que la t\u00e9l\u00e9m\u00e9decine, la surveillance \u00e0 distance et les applications mobiles de sant\u00e9 offrent des opportunit\u00e9s pour am\u00e9liorer le diagnostic, la gestion et l&#039;engagement des patients des maladies rares. Les entreprises peuvent d\u00e9velopper des outils et des plateformes num\u00e9riques innovants qui facilitent les consultations \u00e0 distance, la surveillance des donn\u00e9es en temps r\u00e9el et les interventions de sant\u00e9 personnalis\u00e9es pour les patients atteints de maladies rares.<\/li>\n<\/ul>\n\n\n\n<h2 class=\"wp-block-heading\">Opportunit\u00e9s<\/h2>\n\n\n\n<p>Despite the opportunities, businesses face challenges in conducting effective rare disease <a href=\"https:\/\/www.sisinternational.com\/fr\/telephone-intelligent\/\" title=\"\u00c9tude de march\u00e9 sur les smartphones\"  data-wpil-monitor-id=\"2890\">market research and developing innovative solutions<\/a> for rare disease populations.<\/p>\n\n\n\n<ul class=\"wp-block-list\">\n<li><strong>Petites populations de patients et h\u00e9t\u00e9rog\u00e9n\u00e9it\u00e9\u00a0:<\/strong> Les maladies rares se caract\u00e9risent par de petites populations de patients et une h\u00e9t\u00e9rog\u00e9n\u00e9it\u00e9, ce qui rend difficile le recrutement d\u2019un nombre suffisant de participants pour les \u00e9tudes de recherche et la r\u00e9alisation d\u2019analyses statistiquement significatives.<\/li>\n\n\n\n<li><strong>Disponibilit\u00e9 et accessibilit\u00e9 limit\u00e9es des donn\u00e9es\u00a0:<\/strong> Ces maladies manquent souvent d&#039;une infrastructure de donn\u00e9es compl\u00e8te, de registres et d&#039;outils de collecte de donn\u00e9es standardis\u00e9s, ce qui entrave la capacit\u00e9 des chercheurs \u00e0 acc\u00e9der, analyser et partager efficacement les donn\u00e9es. La disponibilit\u00e9 et l\u2019accessibilit\u00e9 limit\u00e9es des donn\u00e9es posent des d\u00e9fis pour les \u00e9tudes \u00e9pid\u00e9miologiques, la recherche sur l\u2019histoire naturelle et la surveillance post-commercialisation des th\u00e9rapies contre les maladies rares.<\/li>\n\n\n\n<li><strong>Obstacles r\u00e9glementaires et de remboursement\u00a0:<\/strong> Les voies r\u00e9glementaires pour l&#039;approbation des m\u00e9dicaments orphelins sont complexes et peuvent n\u00e9cessiter des preuves cliniques suppl\u00e9mentaires, des \u00e9tudes post-commercialisation et des strat\u00e9gies d&#039;att\u00e9nuation des risques pour d\u00e9montrer l&#039;innocuit\u00e9 et l&#039;efficacit\u00e9. De plus, les politiques de remboursement des traitements contre les maladies rares varient selon les r\u00e9gions, les payeurs et les syst\u00e8mes de sant\u00e9, cr\u00e9ant des incertitudes quant \u00e0 l\u2019acc\u00e8s au march\u00e9, aux prix et aux n\u00e9gociations de remboursement des traitements contre les maladies rares.<\/li>\n\n\n\n<li><strong>Co\u00fbts de d\u00e9veloppement \u00e9lev\u00e9s et risques financiers\u00a0:<\/strong> Le d\u00e9veloppement de m\u00e9dicaments contre les maladies rares entra\u00eene des co\u00fbts \u00e9lev\u00e9s, de longs d\u00e9lais de d\u00e9veloppement et des risques financiers pour les entreprises. Les petites populations de patients, le potentiel commercial limit\u00e9 et les incertitudes r\u00e9glementaires associ\u00e9es aux maladies rares augmentent les co\u00fbts de d\u00e9veloppement et diminuent le potentiel de revenus des th\u00e9rapies contre les maladies rares.<\/li>\n<\/ul>\n\n\n\n<h2 class=\"wp-block-heading\">The SIS Advantage<\/h2>\n\n\n\n<p>SIS International offers specialized services and expertise to help businesses overcome the challenges and capitalize on the opportunities in the rare disease market research.<\/p>\n\n\n\n<ul class=\"wp-block-list\">\n<li><strong>Conception de recherche strat\u00e9gique\u00a0:<\/strong> SIS International collabore avec ses clients pour concevoir des \u00e9tudes de recherche strat\u00e9giques adapt\u00e9es aux besoins et objectifs uniques de la recherche sur les maladies rares. Nous veillons \u00e0 ce que les conceptions de recherche soient compl\u00e8tes, rigoureuses et align\u00e9es sur les normes r\u00e9glementaires et industrielles. Cette approche strat\u00e9gique permet aux clients de g\u00e9n\u00e9rer des preuves solides, d&#039;identifier les besoins non satisfaits et d&#039;optimiser les strat\u00e9gies de d\u00e9veloppement de th\u00e9rapies contre les maladies rares.<\/li>\n\n\n\n<li><strong>Engagement et d\u00e9fense des droits des patients\u00a0:<\/strong> SIS engages with rare disease patient communities, advocacy groups, and key stakeholders to ensure that patient perspectives are integrated into the research process. <\/li>\n\n\n\n<li><strong>Acc\u00e8s au march\u00e9 et soutien \u00e0 la commercialisation\u00a0:<\/strong> Our specialists provide market access and commercialization support to help clients navigate regulatory and reimbursement challenges in the rare disease market. <\/li>\n\n\n\n<li><strong>Cartographie et engagement des parties prenantes\u00a0:<\/strong> We conduct stakeholder mapping and engagement activities to identify key opinion leaders, opinion influencers, and decision-makers in the rare disease ecosystem. <\/li>\n<\/ul>\n\n\n\n<p><\/p>","protected":false},"excerpt":{"rendered":"<p>L\u2019\u00e9tude de march\u00e9 sur les maladies rares fournit une analyse approfondie des maladies rares, de la dynamique du march\u00e9, des options de traitement et des exp\u00e9riences des patients.<\/p>","protected":false},"author":1,"featured_media":64849,"parent":11294,"menu_order":456,"comment_status":"closed","ping_status":"closed","template":"","meta":{"footnotes":""},"class_list":["post-47725","page","type-page","status-publish","has-post-thumbnail"],"_links":{"self":[{"href":"https:\/\/www.sisinternational.com\/fr\/wp-json\/wp\/v2\/pages\/47725","targetHints":{"allow":["GET"]}}],"collection":[{"href":"https:\/\/www.sisinternational.com\/fr\/wp-json\/wp\/v2\/pages"}],"about":[{"href":"https:\/\/www.sisinternational.com\/fr\/wp-json\/wp\/v2\/types\/page"}],"author":[{"embeddable":true,"href":"https:\/\/www.sisinternational.com\/fr\/wp-json\/wp\/v2\/users\/1"}],"replies":[{"embeddable":true,"href":"https:\/\/www.sisinternational.com\/fr\/wp-json\/wp\/v2\/comments?post=47725"}],"version-history":[{"count":13,"href":"https:\/\/www.sisinternational.com\/fr\/wp-json\/wp\/v2\/pages\/47725\/revisions"}],"predecessor-version":[{"id":80460,"href":"https:\/\/www.sisinternational.com\/fr\/wp-json\/wp\/v2\/pages\/47725\/revisions\/80460"}],"up":[{"embeddable":true,"href":"https:\/\/www.sisinternational.com\/fr\/wp-json\/wp\/v2\/pages\/11294"}],"wp:featuredmedia":[{"embeddable":true,"href":"https:\/\/www.sisinternational.com\/fr\/wp-json\/wp\/v2\/media\/64849"}],"wp:attachment":[{"href":"https:\/\/www.sisinternational.com\/fr\/wp-json\/wp\/v2\/media?parent=47725"}],"curies":[{"name":"wp","href":"https:\/\/api.w.org\/{rel}","templated":true}]}}