{"id":47723,"date":"2024-04-20T17:19:48","date_gmt":"2024-04-20T21:19:48","guid":{"rendered":"https:\/\/www.sisinternational.com\/?page_id=47723"},"modified":"2026-01-24T17:23:45","modified_gmt":"2026-01-24T22:23:45","slug":"etude-de-marche-internationale-sur-la-croissance-des-entreprises","status":"publish","type":"page","link":"https:\/\/www.sisinternational.com\/fr\/solutions\/etude-de-marche-internationale-sur-la-croissance-des-entreprises\/","title":{"rendered":"\u00c9tude de march\u00e9 internationale sur la croissance des entreprises"},"content":{"rendered":"<h1 class=\"wp-block-heading\">\u00c9tude de march\u00e9 internationale sur la croissance des entreprises<\/h1>\n\n\n\n<figure class=\"gb-block-image gb-block-image-471f9c14\"><img loading=\"lazy\" decoding=\"async\" width=\"1024\" height=\"574\" class=\"gb-image gb-image-471f9c14\" src=\"https:\/\/www.sisinternational.com\/wp-content\/uploads\/2025\/08\/Global-1-1024x574.jpg\" alt=\"\u00c9tudes de march\u00e9 et strat\u00e9gie internationales SIS\" title=\"Global (1)\" srcset=\"https:\/\/www.sisinternational.com\/wp-content\/uploads\/2025\/08\/Global-1-1024x574.jpg 1024w, https:\/\/www.sisinternational.com\/wp-content\/uploads\/2025\/08\/Global-1-300x168.jpg 300w, https:\/\/www.sisinternational.com\/wp-content\/uploads\/2025\/08\/Global-1-768x430.jpg 768w, https:\/\/www.sisinternational.com\/wp-content\/uploads\/2025\/08\/Global-1-18x10.jpg 18w, https:\/\/www.sisinternational.com\/wp-content\/uploads\/2025\/08\/Global-1.jpg 1456w\" sizes=\"auto, (max-width: 1024px) 100vw, 1024px\"><\/figure>\n\n\n\n<p><\/p>\n\n\n\n<hr class=\"wp-block-separator has-alpha-channel-opacity is-style-dots\"\/>\n\n\n\n<p>Les \u00e9tudes de march\u00e9 internationales sur la croissance des entreprises comprennent l\u2019analyse du comportement et des pr\u00e9f\u00e9rences des consommateurs sur les march\u00e9s cibles. Cela implique de collecter des donn\u00e9es sur les donn\u00e9es d\u00e9mographiques des consommateurs, leurs habitudes d&#039;achat et leurs pr\u00e9f\u00e9rences en mati\u00e8re de produits et de services afin d&#039;adapter les offres aux besoins locaux.<\/p>\n\n\n\n<p>La croissance internationale des entreprises est une entreprise \u00e0 la fois difficile et gratifiante pour les entreprises qui cherchent \u00e0 conqu\u00e9rir de nouveaux march\u00e9s. Pour cette raison, les \u00e9tudes de march\u00e9 internationales sur la croissance des entreprises proposent une analyse compl\u00e8te des tendances du march\u00e9 mondial, des paysages concurrentiels et des nuances culturelles, fournissant aux entreprises les informations strat\u00e9giques n\u00e9cessaires pour r\u00e9ussir sur divers march\u00e9s internationaux.<\/p>\n\n\n\n<h2 class=\"wp-block-heading\">Qu\u2019est-ce que l\u2019\u00e9tude de march\u00e9 internationale sur la croissance des entreprises ?<\/h2>\n\n\n\n<p>Les \u00e9tudes de march\u00e9 internationales sur la croissance des entreprises aident les entreprises \u00e0 comprendre et \u00e0 \u00e9valuer les opportunit\u00e9s d\u2019expansion et de croissance sur les march\u00e9s internationaux. Il commence par analyser les tendances du march\u00e9, les paysages concurrentiels, les environnements r\u00e9glementaires et les pr\u00e9f\u00e9rences des consommateurs dans diff\u00e9rents pays pour identifier des strat\u00e9gies de croissance viables. Ces informations aident les entreprises \u00e0 prioriser les march\u00e9s qui offrent le potentiel de croissance et de rentabilit\u00e9 le plus important.<\/p>\n\n\n\n<h2 class=\"wp-block-heading\">Pourquoi les entreprises ont-elles besoin d\u2019une \u00e9tude de march\u00e9 internationale sur la croissance des entreprises ?<\/h2>\n\n\n\n<p>Les \u00e9tudes de march\u00e9 internationales sur la croissance des entreprises sont essentielles pour les entreprises qui \u00e9tendent leurs activit\u00e9s au-del\u00e0 des fronti\u00e8res nationales. En analysant les tendances du march\u00e9 mondial et en identifiant de nouvelles opportunit\u00e9s, les entreprises peuvent \u00e9laborer des plans de croissance strat\u00e9giques qui capitalisent sur le potentiel des march\u00e9s internationaux.<\/p>\n\n\n\n<p>De plus, cette \u00e9tude de march\u00e9 aide les entreprises \u00e0 comprendre les diff\u00e9rences culturelles, \u00e9conomiques et r\u00e9glementaires qui existent sur les march\u00e9s internationaux. Ces connaissances sont cruciales pour d\u00e9velopper des strat\u00e9gies sur mesure qui att\u00e9nuent les risques et garantissent une entr\u00e9e et une expansion r\u00e9ussies sur le march\u00e9.<\/p>\n\n\n\n<p>Additionally, as businesses expand internationally, they need to stay ahead of competitors and adapt to changing market dynamics. International corporate growth <a href=\"https:\/\/www.sisinternational.com\/fr\/strategies-de-developpement-durable-dentreprise-une-etude-de-cas-siemens\/\" title=\"Strat\u00e9gies de d\u00e9veloppement durable des entreprises\u00a0: une \u00e9tude de cas Siemens\"  data-wpil-monitor-id=\"1737\">market research provides insights into competitor strategies<\/a>, market trends, and customer preferences, helping businesses stay agile and responsive in global markets.<\/p>\n\n\n\n<h2 class=\"wp-block-heading\">Qui utilise les \u00e9tudes de march\u00e9 internationales sur la croissance des entreprises<\/h2>\n\n\n\n<figure class=\"gb-block-image gb-block-image-86f32a7a\"><img loading=\"lazy\" decoding=\"async\" width=\"1456\" height=\"816\" class=\"gb-image gb-image-86f32a7a\" src=\"https:\/\/www.sisinternational.com\/wp-content\/uploads\/2025\/08\/Global-8.jpg\" alt=\"\u00c9tudes de march\u00e9 et strat\u00e9gie internationales SIS\" title=\"Global (8)\" srcset=\"https:\/\/www.sisinternational.com\/wp-content\/uploads\/2025\/08\/Global-8.jpg 1456w, https:\/\/www.sisinternational.com\/wp-content\/uploads\/2025\/08\/Global-8-300x168.jpg 300w, https:\/\/www.sisinternational.com\/wp-content\/uploads\/2025\/08\/Global-8-1024x574.jpg 1024w, https:\/\/www.sisinternational.com\/wp-content\/uploads\/2025\/08\/Global-8-768x430.jpg 768w, https:\/\/www.sisinternational.com\/wp-content\/uploads\/2025\/08\/Global-8-18x10.jpg 18w\" sizes=\"auto, (max-width: 1456px) 100vw, 1456px\"><\/figure>\n\n\n\n<p><\/p>\n\n\n\n<p>Les dirigeants d&#039;entreprise et les d\u00e9cideurs s&#039;appuient sur les \u00e9tudes de march\u00e9 pour identifier de nouveaux march\u00e9s, \u00e9valuer le potentiel du march\u00e9 et prendre des d\u00e9cisions \u00e9clair\u00e9es concernant l&#039;expansion internationale. Gr\u00e2ce \u00e0 l\u2019analyse des donn\u00e9es de march\u00e9, les dirigeants peuvent identifier les opportunit\u00e9s de croissance et \u00e9laborer des strat\u00e9gies pour p\u00e9n\u00e9trer avec succ\u00e8s de nouveaux march\u00e9s.<\/p>\n\n\n\n<p>Business development teams use <a href=\"https:\/\/www.sisinternational.com\/fr\/resilience-des-entreprises-coronavirus\/\" title=\"\u00c9tude de march\u00e9 sur la r\u00e9silience des entreprises dans le Covid\"  data-wpil-monitor-id=\"7283\">\u00e9tude de march\u00e9 internationale sur la croissance des entreprises<\/a> to identify potential partners, assess competitive landscapes, and develop market entry strategies. By understanding market dynamics, they can identify the best opportunities for growth and create partnerships that support their international expansion efforts.<\/p>\n\n\n\n<p>Les investisseurs et les institutions financi\u00e8res utilisent les \u00e9tudes de march\u00e9 internationales sur la croissance des entreprises pour \u00e9valuer le retour sur investissement (ROI) potentiel des opportunit\u00e9s d\u2019expansion internationale. Les investisseurs peuvent \u00e9valuer les risques et les opportunit\u00e9s associ\u00e9s \u00e0 la croissance internationale et prendre des d\u00e9cisions \u00e9clair\u00e9es sur l\u2019allocation du capital.<\/p>\n\n\n\n<h2 class=\"wp-block-heading\">Opportunit\u00e9s sur le march\u00e9 international de la croissance des entreprises<\/h2>\n\n\n\n<p>Le march\u00e9 international de la croissance des entreprises offre aux entreprises de nombreuses opportunit\u00e9s d\u2019\u00e9tendre leur pr\u00e9sence mondiale, d\u2019exploiter de nouveaux march\u00e9s et de stimuler une croissance durable.<\/p>\n\n\n\n<ul class=\"wp-block-list\">\n<li><strong>Acc\u00e8s aux march\u00e9s \u00e9mergents\u00a0:<\/strong> L\u2019expansion internationale permet aux entreprises d\u2019acc\u00e9der \u00e0 des march\u00e9s \u00e9mergents dot\u00e9s d\u2019un potentiel de croissance et de rentabilit\u00e9 inexploit\u00e9. Les march\u00e9s d\u2019Asie, d\u2019Am\u00e9rique latine et d\u2019Afrique offrent de vastes populations de consommateurs et des segments de classe moyenne en hausse, offrant aux entreprises des opportunit\u00e9s lucratives pour pr\u00e9senter leurs produits et services.<\/li>\n\n\n\n<li><strong>Diversification des sources de revenus\u00a0:<\/strong> L\u2019expansion internationale permet aux entreprises de diversifier leurs sources de revenus et de r\u00e9duire leur d\u00e9pendance \u00e0 l\u2019\u00e9gard d\u2019un seul march\u00e9 ou d\u2019une seule r\u00e9gion g\u00e9ographique. En op\u00e9rant sur plusieurs march\u00e9s, les entreprises peuvent att\u00e9nuer les risques associ\u00e9s aux fluctuations \u00e9conomiques, aux changements r\u00e9glementaires et aux pressions concurrentielles tout en tirant parti des diverses pr\u00e9f\u00e9rences des consommateurs et des tendances de la demande.<\/li>\n\n\n\n<li><strong>Partenariats et collaborations strat\u00e9giques\u00a0:<\/strong> L\u2019expansion internationale ouvre la porte \u00e0 des partenariats strat\u00e9giques et \u00e0 des collaborations avec des entreprises, des distributeurs et des fournisseurs locaux. Les entreprises collaboratives facilitent l&#039;entr\u00e9e sur le march\u00e9, am\u00e9liorent la p\u00e9n\u00e9tration du march\u00e9 et tirent parti de l&#039;expertise et des r\u00e9seaux locaux, permettant aux entreprises d&#039;acc\u00e9l\u00e9rer leur croissance et d&#039;acqu\u00e9rir un avantage concurrentiel sur de nouveaux march\u00e9s.<\/li>\n\n\n\n<li><strong>Acc\u00e8s aux p\u00f4les de talents et d&#039;innovation\u00a0:<\/strong> L&#039;expansion internationale permet aux entreprises d&#039;exploiter des r\u00e9servoirs de talents et des p\u00f4les d&#039;innovation mondiaux, favorisant ainsi la cr\u00e9ativit\u00e9, la diversit\u00e9 et la collaboration interculturelle. En \u00e9tablissant une pr\u00e9sence dans des p\u00f4les technologiques cl\u00e9s et des r\u00e9gions riches en talents, les entreprises peuvent stimuler l&#039;innovation, attirer les meilleurs talents et garder une longueur d&#039;avance sur leurs concurrents dans des secteurs en \u00e9volution rapide.<\/li>\n<\/ul>\n\n\n\n<h2 class=\"wp-block-heading\">Challenges of the International Corporate Growth Market<\/h2>\n\n\n\n<p>Malgr\u00e9 les opportunit\u00e9s prometteuses, les entreprises sont confront\u00e9es \u00e0 plusieurs d\u00e9fis lors de leur expansion internationale, qui n\u00e9cessitent une planification minutieuse, une prospective strat\u00e9gique et une agilit\u00e9 op\u00e9rationnelle pour les surmonter.<\/p>\n\n\n\n<ul class=\"wp-block-list\">\n<li><strong>Barri\u00e8res culturelles et linguistiques\u00a0:<\/strong> Les diff\u00e9rences culturelles et les barri\u00e8res linguistiques posent des d\u00e9fis aux entreprises op\u00e9rant sur divers march\u00e9s internationaux. Comprendre les coutumes, traditions et normes de communication locales est essentiel pour instaurer la confiance, favoriser des relations significatives et trouver un \u00e9cho efficace aupr\u00e8s des publics cibles.<\/li>\n\n\n\n<li><strong>Conformit\u00e9 r\u00e9glementaire et risques juridiques\u00a0:<\/strong> Pour g\u00e9rer la conformit\u00e9 r\u00e9glementaire et les risques juridiques sur les march\u00e9s internationaux, les entreprises doivent se tenir au courant des lois, r\u00e9glementations et pratiques commerciales locales. Le respect des r\u00e9glementations commerciales, des lois fiscales et des droits de propri\u00e9t\u00e9 intellectuelle est primordial pour \u00e9viter les litiges juridiques, les amendes et les atteintes \u00e0 la r\u00e9putation dans les juridictions \u00e9trang\u00e8res.<\/li>\n\n\n\n<li><strong>Complexit\u00e9 de la logistique et de la cha\u00eene d&#039;approvisionnement\u00a0:<\/strong> La gestion d&#039;op\u00e9rations logistiques et de cha\u00eene d&#039;approvisionnement complexes au-del\u00e0 des fronti\u00e8res pr\u00e9sente des d\u00e9fis logistiques, notamment en mati\u00e8re de transport, de d\u00e9douanement et de gestion des stocks. Les entreprises doivent optimiser les processus de la cha\u00eene d&#039;approvisionnement, att\u00e9nuer les perturbations et assurer la livraison en temps opportun des biens et services pour r\u00e9pondre aux demandes des clients et conserver un avantage concurrentiel.<\/li>\n\n\n\n<li><strong>Co\u00fbts d\u2019entr\u00e9e et d\u2019expansion sur le march\u00e9\u00a0:<\/strong> L&#039;expansion internationale implique un investissement initial important et des co\u00fbts op\u00e9rationnels continus, notamment des \u00e9tudes de march\u00e9, des strat\u00e9gies d&#039;entr\u00e9e sur le march\u00e9, le d\u00e9veloppement des infrastructures et l&#039;acquisition de talents. Pour g\u00e9rer efficacement les co\u00fbts tout en maximisant le retour sur investissement, les entreprises doivent d\u00e9velopper des mod\u00e8les financiers robustes, des strat\u00e9gies d&#039;att\u00e9nuation des risques et des plans d&#039;urgence.<\/li>\n<\/ul>\n\n\n\n<h2 class=\"wp-block-heading\">Comment les services de SIS International aident les entreprises<\/h2>\n\n\n\n<figure class=\"gb-block-image gb-block-image-e12d54c5\"><img loading=\"lazy\" decoding=\"async\" width=\"1456\" height=\"816\" class=\"gb-image gb-image-e12d54c5\" src=\"https:\/\/www.sisinternational.com\/wp-content\/uploads\/2025\/09\/Quantitative-research-1d4-3.jpg\" alt=\"\u00c9tudes de march\u00e9 et strat\u00e9gie internationales SIS\" title=\"Quantitative research (1d4) (3)\" srcset=\"https:\/\/www.sisinternational.com\/wp-content\/uploads\/2025\/09\/Quantitative-research-1d4-3.jpg 1456w, https:\/\/www.sisinternational.com\/wp-content\/uploads\/2025\/09\/Quantitative-research-1d4-3-300x168.jpg 300w, https:\/\/www.sisinternational.com\/wp-content\/uploads\/2025\/09\/Quantitative-research-1d4-3-1024x574.jpg 1024w, https:\/\/www.sisinternational.com\/wp-content\/uploads\/2025\/09\/Quantitative-research-1d4-3-768x430.jpg 768w, https:\/\/www.sisinternational.com\/wp-content\/uploads\/2025\/09\/Quantitative-research-1d4-3-18x10.jpg 18w\" sizes=\"auto, (max-width: 1456px) 100vw, 1456px\"><\/figure>\n\n\n\n<p><\/p>\n\n\n\n<p>Dans le paysage complexe de la croissance des entreprises internationales, SIS International propose une suite compl\u00e8te de services con\u00e7us pour aider les entreprises \u00e0 atteindre leurs objectifs d&#039;expansion et \u00e0 stimuler une croissance durable sur les march\u00e9s mondiaux.<\/p>\n\n\n\n<ul class=\"wp-block-list\">\n<li><strong>\u00c9tudes et analyses de march\u00e9 strat\u00e9giques\u00a0:<\/strong> SIS conducts international corporate growth market research to provide businesses with actionable insights into international markets, including market trends, competitive landscapes, and consumer preferences. By leveraging robust data analytics and research methodologies, we enable clients to make informed decisions and develop targeted <a href=\"https:\/\/www.sisinternational.com\/fr\/developper-des-bases-de-donnees-dinformation-internationales-mon-article-de-1990\/\" title=\"D\u00e9velopper des bases de donn\u00e9es d&#039;information internationales\u00a0: Ruth Stanat en 1990\"  data-wpil-monitor-id=\"2202\">strategies<\/a> that resonate with diverse international audiences.<\/li>\n\n\n\n<li><strong>Strat\u00e9gies personnalis\u00e9es d\u2019entr\u00e9e sur le march\u00e9\u00a0:<\/strong> SIS International propose des strat\u00e9gies d&#039;entr\u00e9e sur le march\u00e9 personnalis\u00e9es, adapt\u00e9es aux besoins et objectifs uniques des clients en qu\u00eate d&#039;expansion internationale. Qu&#039;il s&#039;agisse d&#039;identifier des march\u00e9s cibles, d&#039;\u00e9valuer le potentiel du march\u00e9 ou d&#039;\u00e9valuer les barri\u00e8res \u00e0 l&#039;entr\u00e9e, SIS collabore \u00e9troitement avec ses clients pour d\u00e9velopper des approches sur mesure qui optimisent les processus d&#039;entr\u00e9e sur le march\u00e9 et maximisent le succ\u00e8s.<\/li>\n\n\n\n<li><strong>R\u00e9seau mondial et expertise\u00a0:<\/strong> Avec un r\u00e9seau mondial de professionnels et d&#039;experts du secteur, SIS offre \u00e0 ses clients un acc\u00e8s \u00e0 une expertise in\u00e9gal\u00e9e et \u00e0 une connaissance du march\u00e9 local sur divers march\u00e9s internationaux. Gr\u00e2ce \u00e0 des partenariats strat\u00e9giques et \u00e0 des engagements collaboratifs, nous aidons nos clients \u00e0 naviguer dans les nuances culturelles, les paysages r\u00e9glementaires et les pratiques commerciales pour favoriser le succ\u00e8s des initiatives de croissance d&#039;entreprise internationale.<\/li>\n\n\n\n<li><strong>Att\u00e9nuation des risques et soutien \u00e0 la conformit\u00e9\u00a0:<\/strong> SIS aide ses clients \u00e0 g\u00e9rer la conformit\u00e9 r\u00e9glementaire, les risques juridiques et les d\u00e9fis g\u00e9opolitiques associ\u00e9s \u00e0 l\u2019expansion internationale. En effectuant une diligence raisonnable et des \u00e9valuations des risques approfondies, nous att\u00e9nuons les risques potentiels et garantissons le respect des lois et r\u00e9glementations locales, prot\u00e9geant ainsi les int\u00e9r\u00eats et la r\u00e9putation des clients dans les juridictions \u00e9trang\u00e8res.<\/li>\n\n\n\n<li><strong>Support continu et surveillance des performances\u00a0:<\/strong> SIS International fournit un soutien constant et un suivi des performances tout au long du cycle de vie des engagements clients, garantissant ainsi que les entreprises re\u00e7oivent des conseils, des commentaires et des opportunit\u00e9s d&#039;optimisation en continu.<\/li>\n<\/ul>\n\n\n\n<h2 class=\"wp-block-heading\">Notre emplacement \u00e0 New York<\/h2>\n\n\n\n<p>\n\n\n\n<iframe loading=\"lazy\" src=\"https:\/\/www.google.com\/maps\/embed?pb=!1m18!1m12!1m3!1d3022.976188376966!2d-73.99130312499956!3d40.740549471389315!2m3!1f0!2f0!3f0!3m2!1i1024!2i768!4f13.1!3m3!1m2!1s0x89c259a15798c731%3A0xd695d09bdd495f25!2s11%20E%2022nd%20St%20FL%202%2C%20New%20York%2C%20NY%2010010%2C%20USA!5e0!3m2!1sen!2spe!4v1726171763526!5m2!1sen!2spe\" width=\"600\" height=\"450\" allowfullscreen=\"allowfullscreen\" data-mce-fragment=\"1\"><\/iframe>\n\n\n\n<\/p>\n\n\n\n<h3 class=\"wp-block-heading\">11 E 22nd Street, \u00e9tage 2, New York, NY 10010 T\u00e9l. : +1(212) 505-6805<\/h3>\n\n\n\n<hr class=\"wp-block-separator has-alpha-channel-opacity\"\/>\n\n\n\n<h2 class=\"wp-block-heading\"><span style=\"font-weight: 400;\">\u00c0 propos de SIS International<\/span><\/h2>\n\n\n\n<p><a href=\"https:\/\/www.sisinternational.com\/fr\/\"><span style=\"font-weight: 400;\">SIS International<\/span><\/a><span style=\"font-weight: 400;\"> propose des recherches quantitatives, qualitatives et strat\u00e9giques. Nous fournissons des donn\u00e9es, des outils, des strat\u00e9gies, des rapports et des informations pour la prise de d\u00e9cision. Nous menons \u00e9galement des entretiens, des enqu\u00eates, des groupes de discussion et d\u2019autres m\u00e9thodes et approches d\u2019\u00e9tudes de march\u00e9.<\/span><a href=\"https:\/\/www.sisinternational.com\/fr\/a-propos-de-la-recherche-internationale-sis\/contact-sis-international-market-research\/\"><span style=\"font-weight: 400;\"> Contactez nous<\/span><\/a><span style=\"font-weight: 400;\"> pour votre prochain projet d&#039;\u00e9tude de march\u00e9.<\/span><\/p>\n\n\n\n<p><\/p>","protected":false},"excerpt":{"rendered":"<p>Les \u00e9tudes de march\u00e9 sur la croissance internationale des entreprises aident les entreprises \u00e0 comprendre et \u00e0 \u00e9valuer les possibilit\u00e9s d'expansion et de croissance dans le monde entier.<\/p>","protected":false},"author":1,"featured_media":62409,"parent":14457,"menu_order":42,"comment_status":"closed","ping_status":"closed","template":"","meta":{"footnotes":""},"class_list":["post-47723","page","type-page","status-publish","has-post-thumbnail"],"_links":{"self":[{"href":"https:\/\/www.sisinternational.com\/fr\/wp-json\/wp\/v2\/pages\/47723","targetHints":{"allow":["GET"]}}],"collection":[{"href":"https:\/\/www.sisinternational.com\/fr\/wp-json\/wp\/v2\/pages"}],"about":[{"href":"https:\/\/www.sisinternational.com\/fr\/wp-json\/wp\/v2\/types\/page"}],"author":[{"embeddable":true,"href":"https:\/\/www.sisinternational.com\/fr\/wp-json\/wp\/v2\/users\/1"}],"replies":[{"embeddable":true,"href":"https:\/\/www.sisinternational.com\/fr\/wp-json\/wp\/v2\/comments?post=47723"}],"version-history":[{"count":10,"href":"https:\/\/www.sisinternational.com\/fr\/wp-json\/wp\/v2\/pages\/47723\/revisions"}],"predecessor-version":[{"id":80933,"href":"https:\/\/www.sisinternational.com\/fr\/wp-json\/wp\/v2\/pages\/47723\/revisions\/80933"}],"up":[{"embeddable":true,"href":"https:\/\/www.sisinternational.com\/fr\/wp-json\/wp\/v2\/pages\/14457"}],"wp:featuredmedia":[{"embeddable":true,"href":"https:\/\/www.sisinternational.com\/fr\/wp-json\/wp\/v2\/media\/62409"}],"wp:attachment":[{"href":"https:\/\/www.sisinternational.com\/fr\/wp-json\/wp\/v2\/media?parent=47723"}],"curies":[{"name":"wp","href":"https:\/\/api.w.org\/{rel}","templated":true}]}}