{"id":47693,"date":"2024-04-20T14:38:30","date_gmt":"2024-04-20T18:38:30","guid":{"rendered":"https:\/\/www.sisinternational.com\/?page_id=47693"},"modified":"2026-03-12T12:41:50","modified_gmt":"2026-03-12T16:41:50","slug":"etude-de-marche-sur-les-soins-de-sante-pour-les-soignants","status":"publish","type":"page","link":"https:\/\/www.sisinternational.com\/fr\/solutions\/etudes-de-marche-sur-les-biotechnologies-et-les-produits-pharmaceutiques-en-matiere-de-soins-de-sante-medicaux\/etude-de-marche-sur-les-soins-de-sante-pour-les-soignants\/","title":{"rendered":"\u00c9tude de march\u00e9 sur les soins de sant\u00e9 pour les soignants"},"content":{"rendered":"<h1 class=\"wp-block-heading\">\u00c9tude de march\u00e9 sur les soins de sant\u00e9 pour les soignants<\/h1>\n\n\n\n<figure class=\"gb-block-image gb-block-image-00bd9dfc\"><img loading=\"lazy\" decoding=\"async\" width=\"1456\" height=\"816\" class=\"gb-image gb-image-00bd9dfc\" src=\"https:\/\/www.sisinternational.com\/wp-content\/uploads\/2025\/08\/Eldersly-care-memory-care-4.jpg\" alt=\"\u00c9tudes de march\u00e9 et strat\u00e9gie internationales SIS\" title=\"Eldersly care memory care (4)\" srcset=\"https:\/\/www.sisinternational.com\/wp-content\/uploads\/2025\/08\/Eldersly-care-memory-care-4.jpg 1456w, https:\/\/www.sisinternational.com\/wp-content\/uploads\/2025\/08\/Eldersly-care-memory-care-4-300x168.jpg 300w, https:\/\/www.sisinternational.com\/wp-content\/uploads\/2025\/08\/Eldersly-care-memory-care-4-1024x574.jpg 1024w, https:\/\/www.sisinternational.com\/wp-content\/uploads\/2025\/08\/Eldersly-care-memory-care-4-768x430.jpg 768w, https:\/\/www.sisinternational.com\/wp-content\/uploads\/2025\/08\/Eldersly-care-memory-care-4-18x10.jpg 18w\" sizes=\"auto, (max-width: 1456px) 100vw, 1456px\"><\/figure>\n\n\n\n<p><\/p>\n\n\n\n<hr class=\"wp-block-separator has-alpha-channel-opacity is-style-dots\"\/>\n\n\n\n<p>Les \u00e9tudes de march\u00e9 sur les soins de sant\u00e9 visent \u00e0 comprendre les caract\u00e9ristiques et les donn\u00e9es d\u00e9mographiques des soignants, y compris les donn\u00e9es sur l\u2019\u00e2ge, le sexe, la relation avec les b\u00e9n\u00e9ficiaires de soins et d\u2019autres facteurs pertinents pour d\u00e9velopper des profils de diff\u00e9rents segments de soignants.<\/p>\n\n\n\n<h2 class=\"wp-block-heading\">What is Healthcare market research?<\/h2>\n\n\n\n<p>Le march\u00e9 des soins de sant\u00e9 pour les soignants se d\u00e9veloppe rapidement avec une population vieillissante et des besoins croissants en mati\u00e8re de soins de sant\u00e9. C&#039;est pourquoi les \u00e9tudes de march\u00e9 sur les soins de sant\u00e9 pour les soignants fournissent des informations essentielles sur la dynamique du march\u00e9, les strat\u00e9gies des concurrents et les avanc\u00e9es technologiques, aidant ainsi les parties prenantes \u00e0 garder une longueur d&#039;avance dans ce paysage en \u00e9volution.<\/p>\n\n\n\n<p>Caregiver <a class=\"wpil_keyword_link\" href=\"https:\/\/www.sisinternational.com\/fr\/solutions\/etudes-de-marche-sur-les-biotechnologies-et-les-produits-pharmaceutiques-en-matiere-de-soins-de-sante-medicaux\/\"   title=\"\u00c9tudes de march\u00e9 dans le domaine de la sant\u00e9\" data-wpil-keyword-link=\"linked\"  data-wpil-monitor-id=\"265\">\u00e9tude de march\u00e9 sur la sant\u00e9<\/a> focuses on understanding the needs, challenges, and preferences of caregivers who provide care for individuals with health conditions or disabilities. This <a href=\"https:\/\/www.sisinternational.com\/fr\/etude-de-marche-sur-la-sante-emea\/\" title=\"Etude de march\u00e9 des soins de sant\u00e9 en Europe\"  data-wpil-monitor-id=\"6689\">research is crucial for healthcare<\/a> providers, policymakers, and other stakeholders seeking to support caregivers and enhance the quality of care for care recipients.<\/p>\n\n\n\n<p>Caregiver <a class=\"wpil_keyword_link\" href=\"https:\/\/www.sisinternational.com\/fr\/comment-mener-une-etude-de-marche-sur-la-sante\/\"   title=\"Comment mener une \u00e9tude de march\u00e9 sur les soins de sant\u00e9\" data-wpil-keyword-link=\"linked\"  data-wpil-monitor-id=\"514\">\u00e9tude de march\u00e9 sur la sant\u00e9<\/a> is invaluable for businesses operating in the healthcare sector, particularly those providing products or services for caregivers. Businesses can develop tailored solutions that address specific challenges and enhance the caregiving experience by analyzing market trends and understanding the needs of caregivers.<\/p>\n\n\n\n<h2 class=\"wp-block-heading\">Who Uses Healthcare Market Research<\/h2>\n\n\n\n<p>Healthcare providers rely on caregiver <a href=\"https:\/\/www.sisinternational.com\/fr\/tendances-du-marche-du-bien-etre-et-de-la-sante-en-europe\/\" title=\"\u00c9tude de march\u00e9 sur la sant\u00e9 et le bien-\u00eatre en Europe\"  data-wpil-monitor-id=\"1714\">\u00e9tude de march\u00e9 sur la sant\u00e9<\/a> to understand the challenges faced by caregivers, identify gaps in support services, and develop programs to better support caregivers.<\/p>\n\n\n\n<p>Government agencies and policymakers use <a href=\"https:\/\/www.sisinternational.com\/fr\/competence\/les-industries\/etude-de-marche-de-lelite-politique\/\" title=\"\u00c9tude de march\u00e9 sur l\u2019\u00e9lite politique\u00a0\"  data-wpil-monitor-id=\"6226\">market research to develop policies<\/a> and programs that support caregivers. By understanding market trends and caregiver needs, policymakers can design initiatives that provide caregivers with financial assistance, respite care, and other support services.<\/p>\n\n\n\n<p>Non-profit organizations and advocacy groups utilize caregiver <a href=\"https:\/\/www.sisinternational.com\/fr\/journee-mondiale-de-lautisme\/\" title=\"\u00c9tudes de recherche sur le march\u00e9 de l\u2019autisme\"  data-wpil-monitor-id=\"2090\">\u00e9tude de march\u00e9 sur la sant\u00e9<\/a> to raise awareness about caregiver issues, advocate for policy changes, and provide resources and support to caregivers. With market data, these organizations can better understand caregivers&#8217; needs and develop targeted programs to address those needs.<\/p>\n\n\n\n<p>Sant\u00e9 <a href=\"https:\/\/www.sisinternational.com\/fr\/competence\/les-industries\/etude-de-marche-sur-lassurance-de-dommages-aux-biens\/\" title=\"\u00c9tude de march\u00e9 sur l\u2019assurance de biens et de responsabilit\u00e9s\"  data-wpil-monitor-id=\"5215\">insurance companies leverage market research<\/a> to develop insurance products that meet the needs of caregivers. By understanding market trends and caregiver preferences, insurance companies can design policies that provide coverage for caregiver support services, such as home health aides and respite care.<\/p>\n\n\n\n<h2 class=\"wp-block-heading\">Expected Outcomes<\/h2>\n\n\n\n<p>Naviguer dans le paysage du march\u00e9 des soins de sant\u00e9 pour les soignants avec SIS International pr\u00e9sente de nombreux r\u00e9sultats favorables, chacun visant \u00e0 donner aux entreprises des informations exploitables et une orientation strat\u00e9gique.<\/p>\n\n\n\n<ul class=\"wp-block-list\">\n<li><strong>Analyse compl\u00e8te du march\u00e9\u00a0:<\/strong> SIS International delivers comprehensive <a href=\"https:\/\/www.sisinternational.com\/fr\/solutions\/solutions-de-recherche-qualitative-et-quantitative\/k-nearest-neighbors-in-market-research\/\" title=\"K-Nearest Neighbors in Market Research\"  data-wpil-monitor-id=\"1572\">market analyses through meticulous research<\/a> methodologies, providing businesses with a nuanced understanding of caregiver demographics, trends, and emerging market opportunities.<\/li>\n\n\n\n<li><strong>Identification des segments de march\u00e9 inexploit\u00e9s\u00a0:<\/strong> L&#039;expertise de SIS s&#039;\u00e9tend \u00e0 l&#039;identification de segments de march\u00e9 de niche dans le domaine des soins de sant\u00e9 pour les soignants, d\u00e9couvrant ainsi des opportunit\u00e9s cach\u00e9es permettant aux entreprises d&#039;adapter efficacement leurs offres et services.<\/li>\n\n\n\n<li><strong>Recommandations strat\u00e9giques pour le d\u00e9veloppement de produits\u00a0:<\/strong> S&#039;appuyant sur de riches informations sur les donn\u00e9es, SIS International propose des recommandations strat\u00e9giques pour les initiatives de d\u00e9veloppement de produits, guidant les entreprises vers la cr\u00e9ation de solutions innovantes qui r\u00e9pondent aux besoins sp\u00e9cifiques et aux probl\u00e8mes sp\u00e9cifiques des soignants.<\/li>\n\n\n\n<li><strong>Veille concurrentielle et benchmarking\u00a0:<\/strong> En mettant l&#039;accent sur la veille concurrentielle, SIS fournit aux entreprises des informations pr\u00e9cieuses sur les strat\u00e9gies de leurs concurrents, leur permettant de comparer leurs offres et de se diff\u00e9rencier sur le march\u00e9.<\/li>\n\n\n\n<li><strong>Capacit\u00e9s de prise de d\u00e9cision am\u00e9lior\u00e9es\u00a0:<\/strong> Gr\u00e2ce aux informations exploitables issues des recherches de SIS, les entreprises b\u00e9n\u00e9ficient de capacit\u00e9s d\u00e9cisionnelles am\u00e9lior\u00e9es, leur permettant de faire des choix strat\u00e9giques \u00e9clair\u00e9s qui stimulent la croissance et la rentabilit\u00e9 dans le secteur des soins de sant\u00e9 pour les soignants.<\/li>\n<\/ul>\n\n\n\n<h2 class=\"wp-block-heading\">Opportunit\u00e9s<\/h2>\n\n\n\n<figure class=\"gb-block-image gb-block-image-aa7eddad\"><img loading=\"lazy\" decoding=\"async\" width=\"1456\" height=\"816\" class=\"gb-image gb-image-aa7eddad\" src=\"https:\/\/www.sisinternational.com\/wp-content\/uploads\/2025\/08\/Eldersly-care-memory-care-6.jpg\" alt=\"\u00c9tudes de march\u00e9 et strat\u00e9gie internationales SIS\" title=\"Eldersly care memory care (6)\" srcset=\"https:\/\/www.sisinternational.com\/wp-content\/uploads\/2025\/08\/Eldersly-care-memory-care-6.jpg 1456w, https:\/\/www.sisinternational.com\/wp-content\/uploads\/2025\/08\/Eldersly-care-memory-care-6-300x168.jpg 300w, https:\/\/www.sisinternational.com\/wp-content\/uploads\/2025\/08\/Eldersly-care-memory-care-6-1024x574.jpg 1024w, https:\/\/www.sisinternational.com\/wp-content\/uploads\/2025\/08\/Eldersly-care-memory-care-6-768x430.jpg 768w, https:\/\/www.sisinternational.com\/wp-content\/uploads\/2025\/08\/Eldersly-care-memory-care-6-18x10.jpg 18w\" sizes=\"auto, (max-width: 1456px) 100vw, 1456px\"><\/figure>\n\n\n\n<p><\/p>\n\n\n\n<p>Le march\u00e9 des soins de sant\u00e9 pour les soignants offre aux entreprises de nombreuses opportunit\u00e9s d\u2019innover, d\u2019\u00e9largir leur offre et d\u2019avoir un impact significatif sur la vie des soignants et de leurs b\u00e9n\u00e9ficiaires.<\/p>\n\n\n\n<ul class=\"wp-block-list\">\n<li><strong>Demande croissante de services de soins \u00e0 domicile\u00a0:<\/strong> En mettant de plus en plus l\u2019accent sur le vieillissement chez soi et les soins \u00e0 domicile, les entreprises peuvent d\u00e9velopper des solutions et des services innovants adapt\u00e9s aux besoins uniques des soignants et de leurs patients.<\/li>\n\n\n\n<li><strong>Les progr\u00e8s technologiques stimulent l\u2019innovation\u00a0:<\/strong> L&#039;int\u00e9gration de technologies avanc\u00e9es telles que l&#039;intelligence artificielle, la t\u00e9l\u00e9sant\u00e9 et les appareils portables ouvre la porte aux entreprises pour d\u00e9velopper des solutions de pointe qui am\u00e9liorent l&#039;efficacit\u00e9 des soignants, am\u00e9liorent les r\u00e9sultats pour les patients et rationalisent les processus de prestation de soins.<\/li>\n\n\n\n<li><strong>Expansion de la t\u00e9l\u00e9m\u00e9decine et de la surveillance \u00e0 distance\u00a0:<\/strong> L&#039;adoption croissante de solutions de t\u00e9l\u00e9m\u00e9decine et de surveillance \u00e0 distance offre aux entreprises la possibilit\u00e9 de d\u00e9velopper des plates-formes, des appareils et des applications logicielles conviviaux qui permettent aux soignants de fournir des soins de haute qualit\u00e9 \u00e0 distance, en supprimant les barri\u00e8res g\u00e9ographiques et en am\u00e9liorant l&#039;acc\u00e8s aux services de sant\u00e9.<\/li>\n\n\n\n<li><strong>Collaboration et partenariats\u00a0:<\/strong> Les entreprises peuvent tirer parti de la nature collaborative du march\u00e9 des soins de sant\u00e9 pour les soignants en forgeant des partenariats strat\u00e9giques avec des prestataires de soins de sant\u00e9, des entreprises technologiques et des organismes communautaires.<\/li>\n\n\n\n<li><strong>Focus sur les soins personnalis\u00e9s et holistiques\u00a0:<\/strong> Il existe une demande croissante de solutions de soins personnalis\u00e9es et holistiques qui r\u00e9pondent aux divers besoins et pr\u00e9f\u00e9rences des soignants et de leurs patients. Les entreprises ont la possibilit\u00e9 de d\u00e9velopper des plans de soins, des services et des syst\u00e8mes de soutien personnalis\u00e9s qui donnent la priorit\u00e9 aux exp\u00e9riences de soins individualis\u00e9es et favorisent le bien-\u00eatre g\u00e9n\u00e9ral.<\/li>\n<\/ul>\n\n\n\n<h2 class=\"wp-block-heading\">D\u00e9fis<\/h2>\n\n\n\n<p>Si le march\u00e9 des soins de sant\u00e9 pour les soignants offre des opportunit\u00e9s commerciales prometteuses, il pr\u00e9sente \u00e9galement plusieurs d\u00e9fis qui doivent \u00eatre surmont\u00e9s efficacement pour garantir le succ\u00e8s dans ce paysage en \u00e9volution rapide.<\/p>\n\n\n\n<ul class=\"wp-block-list\">\n<li><strong>Conformit\u00e9 r\u00e9glementaire et politiques de sant\u00e9\u00a0:<\/strong> Les entreprises op\u00e9rant sur le march\u00e9 des soins de sant\u00e9 pour les soignants doivent composer avec des cadres r\u00e9glementaires complexes, des exigences de conformit\u00e9 et des politiques de sant\u00e9 qui r\u00e9gissent la prestation des soins, la confidentialit\u00e9 des patients et les m\u00e9canismes de remboursement.<\/li>\n\n\n\n<li><strong>\u00c9puisement des soignants et p\u00e9nurie de main-d\u2019\u0153uvre\u00a0:<\/strong> L&#039;\u00e9puisement professionnel des soignants et la p\u00e9nurie de main-d&#039;\u0153uvre sont des d\u00e9fis omnipr\u00e9sents sur le march\u00e9 des soins de sant\u00e9 pour soignants, dus \u00e0 une charge de travail \u00e9lev\u00e9e, au stress \u00e9motionnel et aux ressources limit\u00e9es. Les entreprises doivent donner la priorit\u00e9 au bien-\u00eatre, \u00e0 la r\u00e9tention et au d\u00e9veloppement professionnel des soignants pour att\u00e9nuer le risque d\u2019\u00e9puisement professionnel et garantir une main-d\u2019\u0153uvre durable.<\/li>\n\n\n\n<li><strong>Int\u00e9gration et adoption technologiques\u00a0:<\/strong> Alors que les progr\u00e8s technologiques offrent des opportunit\u00e9s d&#039;innovation et d&#039;efficacit\u00e9 dans les soins de sant\u00e9 des soignants, les entreprises peuvent rencontrer des d\u00e9fis li\u00e9s \u00e0 l&#039;int\u00e9gration, \u00e0 l&#039;interop\u00e9rabilit\u00e9 et \u00e0 l&#039;adoption de nouvelles technologies.<\/li>\n\n\n\n<li><strong>\u00c9cosyst\u00e8me fragment\u00e9 et d\u00e9fis de coordination\u00a0:<\/strong> L\u2019\u00e9cosyst\u00e8me des soins de sant\u00e9 pour les soignants est fragment\u00e9, avec de multiples parties prenantes impliqu\u00e9es dans la prestation des soins, notamment les soignants, les prestataires de soins de sant\u00e9, les assureurs et les fournisseurs de technologies.<\/li>\n\n\n\n<li><strong>Viabilit\u00e9 financi\u00e8re et soins bas\u00e9s sur la valeur\u00a0:<\/strong> La viabilit\u00e9 financi\u00e8re sur le march\u00e9 des soins de sant\u00e9 pour les aidants naturels exige que les entreprises d\u00e9montrent une valeur et des r\u00e9sultats qui correspondent aux principes de soins fond\u00e9s sur la valeur. \u00c9quilibrer la rentabilit\u00e9 avec la qualit\u00e9 des soins, la satisfaction des patients et les r\u00e9sultats de sant\u00e9 pose des d\u00e9fis aux entreprises qui cherchent \u00e0 prosp\u00e9rer dans un paysage de soins de sant\u00e9 de plus en plus ax\u00e9 sur la valeur.<\/li>\n<\/ul>\n\n\n\n<h2 class=\"wp-block-heading\">The SIS Advantage<\/h2>\n\n\n\n<p>La gamme compl\u00e8te de services de SIS International offre aux entreprises un soutien inestimable et des conseils strat\u00e9giques pour naviguer dans les complexit\u00e9s du march\u00e9 des soins de sant\u00e9 pour les soignants.<\/p>\n\n\n\n<ul class=\"wp-block-list\">\n<li><strong>\u00c9tude et analyse approfondies du march\u00e9\u00a0:<\/strong> SIS International conducts in-depth <a href=\"https:\/\/www.sisinternational.com\/fr\/etudes-de-marche-sur-les-biotechnologies-et-les-produits-pharmaceutiques-en-matiere-de-soins-de-sante-medicaux\/\" title=\"\u00c9tudes de march\u00e9 pharmaceutique et de sant\u00e9\"  data-wpil-monitor-id=\"6623\">caregiver healthcare<\/a> market research, providing businesses with actionable insights into caregiver demographics, preferences, and market trends. By leveraging robust data analytics and research methodologies, we empower enterprises to make informed decisions and develop targeted strategies that resonate with caregivers and their recipients.<\/li>\n\n\n\n<li><strong>Solutions personnalis\u00e9es et recommandations strat\u00e9giques\u00a0:<\/strong> SIS propose des solutions personnalis\u00e9es et des recommandations strat\u00e9giques adapt\u00e9es aux besoins et objectifs uniques des entreprises op\u00e9rant sur le march\u00e9 des soins de sant\u00e9 pour les aidants. Qu&#039;il s&#039;agisse d&#039;identifier des opportunit\u00e9s de march\u00e9 inexploit\u00e9es, d&#039;optimiser les offres de produits ou d&#039;am\u00e9liorer les strat\u00e9gies d&#039;engagement client, nous collaborons en \u00e9troite collaboration avec nos clients pour d\u00e9velopper des plans d&#039;action qui stimulent la croissance et l&#039;avantage concurrentiel.<\/li>\n\n\n\n<li><strong>Industry Expertise and <a href=\"https:\/\/www.sisinternational.com\/fr\/cybersecurite-soins-de-sante\/\" title=\"\u00c9tude de march\u00e9 sur la cybers\u00e9curit\u00e9 dans le secteur de la sant\u00e9\"  data-wpil-monitor-id=\"1913\">leadership \u00e9clair\u00e9<\/a>:<\/strong> Avec des d\u00e9cennies d&#039;exp\u00e9rience dans le secteur de la sant\u00e9, SIS offre \u00e0 ses clients une expertise in\u00e9gal\u00e9e et un leadership \u00e9clair\u00e9 pour naviguer dans les complexit\u00e9s du march\u00e9 des soins de sant\u00e9 pour les soignants. Gr\u00e2ce \u00e0 des connaissances du secteur, \u00e0 l\u2019analyse des tendances et aux meilleures pratiques, notre \u00e9quipe fournit aux entreprises les connaissances et la pr\u00e9voyance n\u00e9cessaires pour garder une longueur d\u2019avance et capitaliser sur les opportunit\u00e9s \u00e9mergentes.<\/li>\n\n\n\n<li><strong>Partenariats strat\u00e9giques et approche collaborative\u00a0:<\/strong> SIS favorise les partenariats strat\u00e9giques et une approche collaborative de l&#039;engagement des clients, en travaillant en \u00e9troite collaboration avec les entreprises pour comprendre leurs d\u00e9fis, objectifs et priorit\u00e9s uniques. En s&#039;appuyant sur un r\u00e9seau d&#039;experts du secteur, de parties prenantes et de leaders d&#039;opinion, SIS facilite la r\u00e9solution collaborative de probl\u00e8mes et l&#039;innovation, favorisant ainsi la croissance et le succ\u00e8s durables des entreprises du march\u00e9 des soins de sant\u00e9 pour les soignants.<\/li>\n<\/ul>\n\n\n\n<p><\/p>","protected":false},"excerpt":{"rendered":"<p>Les \u00e9tudes de march\u00e9 sur les soins de sant\u00e9 pour les soignants se concentrent sur la compr\u00e9hension des besoins, des d\u00e9fis et des pr\u00e9f\u00e9rences des soignants.<\/p>","protected":false},"author":1,"featured_media":63797,"parent":11294,"menu_order":452,"comment_status":"closed","ping_status":"closed","template":"","meta":{"footnotes":""},"class_list":["post-47693","page","type-page","status-publish","has-post-thumbnail"],"_links":{"self":[{"href":"https:\/\/www.sisinternational.com\/fr\/wp-json\/wp\/v2\/pages\/47693","targetHints":{"allow":["GET"]}}],"collection":[{"href":"https:\/\/www.sisinternational.com\/fr\/wp-json\/wp\/v2\/pages"}],"about":[{"href":"https:\/\/www.sisinternational.com\/fr\/wp-json\/wp\/v2\/types\/page"}],"author":[{"embeddable":true,"href":"https:\/\/www.sisinternational.com\/fr\/wp-json\/wp\/v2\/users\/1"}],"replies":[{"embeddable":true,"href":"https:\/\/www.sisinternational.com\/fr\/wp-json\/wp\/v2\/comments?post=47693"}],"version-history":[{"count":19,"href":"https:\/\/www.sisinternational.com\/fr\/wp-json\/wp\/v2\/pages\/47693\/revisions"}],"predecessor-version":[{"id":80269,"href":"https:\/\/www.sisinternational.com\/fr\/wp-json\/wp\/v2\/pages\/47693\/revisions\/80269"}],"up":[{"embeddable":true,"href":"https:\/\/www.sisinternational.com\/fr\/wp-json\/wp\/v2\/pages\/11294"}],"wp:featuredmedia":[{"embeddable":true,"href":"https:\/\/www.sisinternational.com\/fr\/wp-json\/wp\/v2\/media\/63797"}],"wp:attachment":[{"href":"https:\/\/www.sisinternational.com\/fr\/wp-json\/wp\/v2\/media?parent=47693"}],"curies":[{"name":"wp","href":"https:\/\/api.w.org\/{rel}","templated":true}]}}