{"id":47686,"date":"2024-04-20T14:55:10","date_gmt":"2024-04-20T18:55:10","guid":{"rendered":"https:\/\/www.sisinternational.com\/?page_id=47686"},"modified":"2026-01-27T15:22:27","modified_gmt":"2026-01-27T20:22:27","slug":"etude-de-marche-sur-les-equipements-de-comptoir","status":"publish","type":"page","link":"https:\/\/www.sisinternational.com\/fr\/competence\/etude-de-marche-sur-les-equipements-de-comptoir\/","title":{"rendered":"\u00c9tude de march\u00e9 sur les \u00e9quipements de comptoir"},"content":{"rendered":"<h1 class=\"wp-block-heading\">\u00c9tude de march\u00e9 sur les \u00e9quipements de comptoir<\/h1>\n\n\n\n<figure class=\"gb-block-image gb-block-image-958b621e\"><img loading=\"lazy\" decoding=\"async\" width=\"1456\" height=\"816\" class=\"gb-image gb-image-958b621e\" src=\"https:\/\/www.sisinternational.com\/wp-content\/uploads\/2025\/10\/Countertop-2.jpg\" alt=\"\u00c9tudes de march\u00e9 et strat\u00e9gie internationales SIS\" title=\"Countertop (2)\" srcset=\"https:\/\/www.sisinternational.com\/wp-content\/uploads\/2025\/10\/Countertop-2.jpg 1456w, https:\/\/www.sisinternational.com\/wp-content\/uploads\/2025\/10\/Countertop-2-300x168.jpg 300w, https:\/\/www.sisinternational.com\/wp-content\/uploads\/2025\/10\/Countertop-2-1024x574.jpg 1024w, https:\/\/www.sisinternational.com\/wp-content\/uploads\/2025\/10\/Countertop-2-768x430.jpg 768w, https:\/\/www.sisinternational.com\/wp-content\/uploads\/2025\/10\/Countertop-2-18x10.jpg 18w\" sizes=\"auto, (max-width: 1456px) 100vw, 1456px\"><\/figure>\n\n\n\n<hr class=\"wp-block-separator has-alpha-channel-opacity is-style-dots\"\/>\n\n\n\n<p><\/p>\n\n\n\n<p>Les \u00e9tudes de march\u00e9 sur les \u00e9quipements de comptoir aident les entreprises \u00e0 comprendre la dynamique du march\u00e9, \u00e0 identifier les opportunit\u00e9s de croissance et \u00e0 d\u00e9velopper des strat\u00e9gies pour \u00eatre comp\u00e9titives efficacement sur le march\u00e9.<\/p>\n\n\n\n<p>Cherchez-vous \u00e0 capitaliser sur la demande croissante d\u2019\u00e9quipements de comptoir dans le secteur de la restauration ? Les \u00e9tudes de march\u00e9 sur les \u00e9quipements de comptoir fournissent des informations cruciales sur les tendances du march\u00e9, les pr\u00e9f\u00e9rences des consommateurs et les strat\u00e9gies concurrentielles, offrant ainsi une feuille de route aux entreprises pour naviguer dans ce paysage dynamique.<\/p>\n\n\n\n<h2 class=\"wp-block-heading\">Qu\u2019est-ce que l\u2019\u00e9tude de march\u00e9 sur les \u00e9quipements de comptoir ?<\/h2>\n\n\n\n<p>Countertop <a href=\"https:\/\/www.sisinternational.com\/fr\/competence\/les-industries\/quest-ce-que-lequipement-de-forage-et-dextraction\/\" title=\"\u00c9tude de march\u00e9 sur les \u00e9quipements de forage et d\u2019extraction\"  data-wpil-monitor-id=\"3157\">equipment market research<\/a> helps businesses understand the market landscape, trends, and opportunities for countertop equipment used in commercial kitchens, food service establishments, and other settings. This research is essential for manufacturers, distributors, and other stakeholders in the foodservice industry looking to develop or expand their countertop equipment offerings.<\/p>\n\n\n\n<p>Il rassemble des donn\u00e9es sur la taille du march\u00e9, les taux de croissance et les principaux moteurs de croissance tels que l\u2019\u00e9volution des pr\u00e9f\u00e9rences des consommateurs et l\u2019\u00e9volution de la r\u00e9glementation \u2013 et ces informations aident les parties prenantes \u00e0 comprendre l\u2019\u00e9tat actuel du march\u00e9 et \u00e0 anticiper les tendances futures.<\/p>\n\n\n\n<h2 class=\"wp-block-heading\">Pourquoi les entreprises ont-elles besoin d\u2019une \u00e9tude de march\u00e9 sur les \u00e9quipements de comptoir ?<\/h2>\n\n\n\n<p>Les \u00e9tudes de march\u00e9 sur les \u00e9quipements de comptoir aident les entreprises \u00e0 comprendre les tendances du march\u00e9, les pr\u00e9f\u00e9rences des clients et les offres des concurrents. Il peut fournir des informations pr\u00e9cieuses sur la demande du march\u00e9, les strat\u00e9gies de tarification et les technologies \u00e9mergentes, permettant aux entreprises de d\u00e9velopper des strat\u00e9gies comp\u00e9titives et de maximiser leur rentabilit\u00e9.<\/p>\n\n\n\n<p>De plus, les \u00e9tudes de march\u00e9 sur les \u00e9quipements de comptoir donnent aux entreprises un aper\u00e7u des exigences r\u00e9glementaires et des normes de l\u2019industrie. Il aide \u00e9galement les entreprises \u00e0 identifier les tendances et technologies \u00e9mergentes, leur permettant de d\u00e9velopper des produits et services innovants qui r\u00e9pondent aux besoins des clients.<\/p>\n\n\n\n<h2 class=\"wp-block-heading\">Qui utilise les \u00e9tudes de march\u00e9 sur les \u00e9quipements de comptoir<\/h2>\n\n\n\n<p>Les fabricants d\u2019\u00e9quipements de comptoir s\u2019appuient sur des \u00e9tudes de march\u00e9 pour identifier les besoins du march\u00e9, d\u00e9velopper de nouveaux produits et am\u00e9liorer ceux existants. En analysant les tendances du march\u00e9 et les pr\u00e9f\u00e9rences des clients, les fabricants peuvent prendre des d\u00e9cisions strat\u00e9giques concernant la conception, les fonctionnalit\u00e9s et les prix des produits.<\/p>\n\n\n\n<p>Retailers and distributors use <a href=\"https:\/\/www.sisinternational.com\/fr\/marche-de-detail-asiatique\/\" title=\"\u00c9tude du march\u00e9 de d\u00e9tail asiatique\"  data-wpil-monitor-id=\"2676\">\u00e9tude de march\u00e9 sur les \u00e9quipements de comptoir<\/a> to assess demand for countertop equipment, identify popular brands and models, and optimize their inventory management strategies. By understanding market dynamics, retailers and distributors can make informed decisions about product selection, pricing, and promotion.<\/p>\n\n\n\n<p>Les op\u00e9rateurs de services alimentaires utilisent des \u00e9tudes de march\u00e9 pour \u00e9valuer diff\u00e9rentes options d&#039;\u00e9quipement de comptoir, comprendre les tendances du secteur et prendre des d\u00e9cisions d&#039;achat qui correspondent \u00e0 leurs besoins commerciaux. Gr\u00e2ce aux donn\u00e9es du march\u00e9, ils peuvent choisir des \u00e9quipements qui am\u00e9liorent l\u2019efficacit\u00e9, r\u00e9duisent les co\u00fbts et am\u00e9liorent l\u2019exp\u00e9rience client.<\/p>\n\n\n\n<p>Industry associations and trade organizations rely on <a href=\"https:\/\/www.sisinternational.com\/fr\/comprendre-le-systeme-europeen-dechange-de-quotas-demission-et-un-rapport-sis\/\" title=\"\u00c9tude de march\u00e9 sur l\u2019\u00e9change de droits d\u2019\u00e9mission\"  data-wpil-monitor-id=\"1729\">\u00e9tude de march\u00e9 sur les \u00e9quipements de comptoir<\/a> to provide valuable insights to their members and stakeholders. Through <a href=\"https:\/\/www.sisinternational.com\/fr\/universite-taylor\/\" title=\"\u00c9tude de march\u00e9 sur les programmes universitaires\"  data-wpil-monitor-id=\"7256\">market research studies<\/a>, these organizations can identify industry trends, highlight best practices, and advocate for policies that support the growth of the countertop equipment market.<\/p>\n\n\n\n<h2 class=\"wp-block-heading\">Quand effectuer une \u00e9tude de march\u00e9 sur les \u00e9quipements de comptoir<\/h2>\n\n\n\n<figure class=\"gb-block-image gb-block-image-dc035c6d\"><img loading=\"lazy\" decoding=\"async\" width=\"1456\" height=\"816\" class=\"gb-image gb-image-dc035c6d\" src=\"https:\/\/www.sisinternational.com\/wp-content\/uploads\/2025\/10\/Countertop-4.jpg\" alt=\"\u00c9tudes de march\u00e9 et strat\u00e9gie internationales SIS\" title=\"Countertop (4)\" srcset=\"https:\/\/www.sisinternational.com\/wp-content\/uploads\/2025\/10\/Countertop-4.jpg 1456w, https:\/\/www.sisinternational.com\/wp-content\/uploads\/2025\/10\/Countertop-4-300x168.jpg 300w, https:\/\/www.sisinternational.com\/wp-content\/uploads\/2025\/10\/Countertop-4-1024x574.jpg 1024w, https:\/\/www.sisinternational.com\/wp-content\/uploads\/2025\/10\/Countertop-4-768x430.jpg 768w, https:\/\/www.sisinternational.com\/wp-content\/uploads\/2025\/10\/Countertop-4-18x10.jpg 18w\" sizes=\"auto, (max-width: 1456px) 100vw, 1456px\"><\/figure>\n\n\n\n<p><\/p>\n\n\n\n<p>Les \u00e9tudes de march\u00e9 sur les \u00e9quipements de comptoir doivent \u00eatre men\u00e9es de mani\u00e8re strat\u00e9gique pour \u00e9clairer la prise de d\u00e9cision et stimuler la croissance de l\u2019entreprise. Voici quelques sc\u00e9narios critiques dans lesquels les entreprises devraient envisager de r\u00e9aliser des \u00e9tudes de march\u00e9\u00a0:<\/p>\n\n\n\n<ul class=\"wp-block-list\">\n<li><strong>Entr\u00e9e ou expansion sur le march\u00e9\u00a0:<\/strong> Avant de p\u00e9n\u00e9trer un nouveau march\u00e9 ou de s&#039;\u00e9tendre dans de nouvelles r\u00e9gions g\u00e9ographiques, les entreprises doivent mener des \u00e9tudes de march\u00e9 approfondies pour \u00e9valuer la demande du march\u00e9, la concurrence, les exigences r\u00e9glementaires et les pr\u00e9f\u00e9rences des consommateurs. Comprendre les besoins et les pr\u00e9f\u00e9rences du march\u00e9 cible est essentiel pour d\u00e9velopper des strat\u00e9gies efficaces d&#039;entr\u00e9e sur le march\u00e9 et positionner les produits\/services de mani\u00e8re comp\u00e9titive.<\/li>\n\n\n\n<li><strong>D\u00e9veloppement de produits\u00a0:<\/strong> Lors du d\u00e9veloppement de nouveaux produits d&#039;\u00e9quipement de comptoir ou du lancement d&#039;extensions de produits, les entreprises doivent mener des \u00e9tudes de march\u00e9 pour valider les concepts, \u00e9valuer la demande du march\u00e9, identifier les caract\u00e9ristiques des produits qui plaisent aux clients cibles et \u00e9valuer les strat\u00e9gies de tarification potentielles.<\/li>\n\n\n\n<li><strong>Analyse comp\u00e9titive:<\/strong> Les entreprises doivent effectuer r\u00e9guli\u00e8rement des analyses concurrentielles pour surveiller les activit\u00e9s des concurrents, suivre les tendances du march\u00e9 et identifier les menaces et opportunit\u00e9s \u00e9mergentes. En se comparant \u00e0 leurs concurrents, les entreprises peuvent \u00e9valuer leur positionnement sur le march\u00e9, leurs strat\u00e9gies de prix, leurs offres de produits et leurs tactiques promotionnelles, ce qui leur permet d&#039;affiner leur approche et de conserver un avantage concurrentiel.<\/li>\n\n\n\n<li><strong>Planification strat\u00e9gique\u00a0:<\/strong> Les \u00e9tudes de march\u00e9 sont cruciales pour \u00e9clairer les processus de planification strat\u00e9gique et de prise de d\u00e9cision des organisations. En analysant les tendances du march\u00e9, le comportement des consommateurs et la dynamique du secteur, les entreprises peuvent identifier les opportunit\u00e9s de croissance, \u00e9valuer les risques du march\u00e9 et d\u00e9velopper des initiatives strat\u00e9giques pour capitaliser sur les tendances \u00e9mergentes ou att\u00e9nuer les menaces potentielles.<\/li>\n<\/ul>\n\n\n\n<h2 class=\"wp-block-heading\">R\u00e9sultats attendus de l\u2019\u00e9tude de march\u00e9 sur les \u00e9quipements de comptoir de SIS International<\/h2>\n\n\n\n<p>When businesses engage SIS International for <a href=\"https:\/\/www.sisinternational.com\/fr\/resilience-des-entreprises-coronavirus\/\" title=\"\u00c9tude de march\u00e9 sur la r\u00e9silience des entreprises dans le Covid\"  data-wpil-monitor-id=\"7291\">\u00e9tude de march\u00e9 sur les \u00e9quipements de comptoir<\/a> services, they can expect to achieve the following outcomes:<\/p>\n\n\n\n<ul class=\"wp-block-list\">\n<li><strong>Informations compl\u00e8tes sur le march\u00e9\u00a0:<\/strong> SIS m\u00e8ne des \u00e9tudes de march\u00e9 approfondies sur les \u00e9quipements de comptoir pour donner aux entreprises un aper\u00e7u complet du march\u00e9 des \u00e9quipements de comptoir. Nous fournissons des rapports d\u00e9taill\u00e9s sur la taille du march\u00e9, les tendances de croissance, les principaux moteurs, les d\u00e9fis et les opportunit\u00e9s \u00e9mergentes.<\/li>\n\n\n\n<li><strong>Veille concurrentielle\u00a0:<\/strong> Nous effectuons une analyse concurrentielle pour \u00e9valuer le paysage concurrentiel au sein de l\u2019industrie des \u00e9quipements de comptoir. Les clients obtiennent des informations sur les strat\u00e9gies des concurrents, les offres de produits, les tactiques de tarification, les canaux de distribution et le positionnement sur le march\u00e9.<\/li>\n\n\n\n<li><strong>Compr\u00e9hension du client\u00a0:<\/strong> Les consultants de SIS International utilisent des m\u00e9thodes de recherche qualitatives et quantitatives pour aider les entreprises \u00e0 mieux comprendre les pr\u00e9f\u00e9rences, les besoins et le comportement d&#039;achat des clients. Les clients re\u00e7oivent des informations sur les donn\u00e9es d\u00e9mographiques des clients, les crit\u00e8res d&#039;achat, les perceptions de la marque et les niveaux de satisfaction.<\/li>\n\n\n\n<li><strong>Conseils de d\u00e9veloppement de produits\u00a0:<\/strong> SIS aide les entreprises \u00e0 identifier les opportunit\u00e9s de d\u00e9veloppement ou d&#039;am\u00e9lioration de produits en fonction des besoins du march\u00e9 et des pr\u00e9f\u00e9rences des clients. Nos clients re\u00e7oivent des recommandations sur les caract\u00e9ristiques des produits, les am\u00e9liorations de conception et les strat\u00e9gies de tarification pour r\u00e9pondre \u00e0 l&#039;\u00e9volution des demandes du march\u00e9.<\/li>\n\n\n\n<li><strong>Strat\u00e9gies d&#039;entr\u00e9e sur le march\u00e9\u00a0:<\/strong> SIS International provides market entry <a href=\"https:\/\/www.sisinternational.com\/fr\/developpement-de-la-ville-de-hartford-connecticut\/\" title=\"\u00c9tude de march\u00e9 \u00e0 Hartford, Connecticut\"  data-wpil-monitor-id=\"7317\">strategies based on thorough market research<\/a> and analysis for businesses looking to enter new markets or expand their geographic footprint.<\/li>\n\n\n\n<li><strong>Att\u00e9nuation des risques:<\/strong> SIS International aide les entreprises \u00e0 identifier et \u00e0 att\u00e9nuer les risques associ\u00e9s \u00e0 l&#039;entr\u00e9e sur le march\u00e9, au d\u00e9veloppement de produits et aux d\u00e9fis concurrentiels. Les clients re\u00e7oivent des informations sur les barri\u00e8res potentielles du march\u00e9, les obstacles r\u00e9glementaires et les menaces des concurrents, permettant une gestion proactive des risques.<\/li>\n\n\n\n<li><strong>Partenariats \u00e0 long terme\u00a0:<\/strong> SIS International s&#039;efforce d&#039;\u00e9tablir des partenariats clients \u00e0 long terme en fournissant des services de recherche de haute qualit\u00e9, des informations exploitables et un service client exceptionnel. Nous fournissons un soutien, une collaboration et une expertise continus pour favoriser une croissance et un succ\u00e8s soutenus sur le march\u00e9 des \u00e9quipements de comptoir.<\/li>\n<\/ul>\n\n\n\n<h2 class=\"wp-block-heading\">Technologies et outils exploit\u00e9s dans les \u00e9tudes de march\u00e9 sur les \u00e9quipements de comptoir<\/h2>\n\n\n\n<p>En menant une \u00e9tude de march\u00e9 compl\u00e8te sur les \u00e9quipements de comptoir, SIS International utilise diverses technologies et outils avanc\u00e9s pour collecter, analyser et interpr\u00e9ter efficacement les donn\u00e9es. Ces technologies et outils comprennent\u00a0:<\/p>\n\n\n\n<ul class=\"wp-block-list\">\n<li><strong>Plateformes d&#039;analyse de donn\u00e9es\u00a0:<\/strong> SIS International utilise des plateformes d&#039;analyse de donn\u00e9es sophistiqu\u00e9es pour analyser de grands volumes de donn\u00e9es de march\u00e9, notamment les chiffres de ventes, les donn\u00e9es d\u00e9mographiques des consommateurs et la veille concurrentielle. Ces plates-formes utilisent des algorithmes avanc\u00e9s et des techniques d&#039;apprentissage automatique pour d\u00e9couvrir des informations et des tendances significatives sur le march\u00e9 des \u00e9quipements de comptoir.<\/li>\n\n\n\n<li><strong>Enqu\u00eates en ligne\u00a0:<\/strong> Les enqu\u00eates en ligne sont un outil pr\u00e9cieux pour recueillir des donn\u00e9es quantitatives aupr\u00e8s d&#039;un public large et diversifi\u00e9 d&#039;exploitants de services alimentaires, de chefs et de professionnels de l&#039;industrie. SIS International utilise des plateformes d&#039;enqu\u00eate en ligne telles que Qualtrics pour concevoir, distribuer et analyser des enqu\u00eates adapt\u00e9es \u00e0 des objectifs de recherche sp\u00e9cifiques, collectant des informations sur les pr\u00e9f\u00e9rences du march\u00e9, le comportement d&#039;achat et la perception de la marque.<\/li>\n\n\n\n<li><strong>Groupes de discussion:<\/strong> Les groupes de discussion permettent d\u2019approfondir les attitudes, les pr\u00e9f\u00e9rences et les perceptions des consommateurs concernant les \u00e9quipements de comptoir. SIS International organise des s\u00e9ances de groupe avec les principales parties prenantes, notamment des restaurateurs, des chefs et des chefs de cuisine, pour recueillir des commentaires qualitatifs sur les caract\u00e9ristiques, la fonctionnalit\u00e9 et la convivialit\u00e9 des produits.<\/li>\n\n\n\n<li><strong>Entretiens approfondis\u00a0:<\/strong> Des entretiens approfondis permettent \u00e0 SIS International d&#039;obtenir des informations plus approfondies aupr\u00e8s d&#039;experts du secteur, de leaders d&#039;opinion et de d\u00e9cideurs cl\u00e9s du march\u00e9 des \u00e9quipements de comptoir. Gr\u00e2ce \u00e0 des entretiens structur\u00e9s, SIS International explore les tendances \u00e9mergentes, les d\u00e9fis du march\u00e9 et les opportunit\u00e9s d&#039;innovation, \u00e9clairant ainsi la prise de d\u00e9cision strat\u00e9gique des clients.<\/li>\n\n\n\n<li><strong>Outils d&#039;analyse des concurrents\u00a0:<\/strong> SIS International utilise des outils d&#039;analyse de la concurrence pour \u00e9valuer les forces, les faiblesses et les strat\u00e9gies des principaux acteurs du march\u00e9 des \u00e9quipements de comptoir. Ces outils collectent des donn\u00e9es sur les offres de produits des concurrents, les prix, les canaux de distribution et les initiatives marketing, permettant aux clients d&#039;\u00e9valuer leurs performances et d&#039;identifier les domaines de diff\u00e9renciation.<\/li>\n<\/ul>\n\n\n\n<h2 class=\"wp-block-heading\">Opportunit\u00e9s<\/h2>\n\n\n\n<p>Dans le paysage dynamique du march\u00e9 des \u00e9quipements de comptoir, il existe plusieurs opportunit\u00e9s pour les entreprises de capitaliser sur les tendances \u00e9mergentes, les pr\u00e9f\u00e9rences des consommateurs et les d\u00e9veloppements du secteur. Ces opportunit\u00e9s comprennent\u00a0:<\/p>\n\n\n\n<ul class=\"wp-block-list\">\n<li><strong>Demande d\u2019\u00e9quipements \u00e9conomes en \u00e9nergie\u00a0:<\/strong> Avec l&#039;accent croissant mis sur la durabilit\u00e9 et l&#039;efficacit\u00e9 \u00e9nerg\u00e9tique dans les op\u00e9rations de restauration, il existe une demande croissante d&#039;\u00e9quipements de comptoir offrant des fonctionnalit\u00e9s d&#039;\u00e9conomie d&#039;\u00e9nergie et une conception respectueuse de l&#039;environnement. Les entreprises qui d\u00e9veloppent et commercialisent des \u00e9quipements \u00e9conomes en \u00e9nergie b\u00e9n\u00e9ficieront d\u2019un avantage concurrentiel et attireront les consommateurs et les entreprises soucieux de l\u2019environnement.<\/li>\n\n\n\n<li><strong>Caract\u00e9ristiques du produit innovant :<\/strong> Les entreprises ont une opportunit\u00e9 significative de se diff\u00e9rencier en introduisant des caract\u00e9ristiques et des fonctionnalit\u00e9s de produits innovants. Cela inclut les progr\u00e8s des technologies de cuisson, telles que la cuisson par induction, le contr\u00f4le pr\u00e9cis de la temp\u00e9rature et les capacit\u00e9s multifonctionnelles, qui am\u00e9liorent l\u2019efficacit\u00e9, la polyvalence et la qualit\u00e9 des aliments.<\/li>\n\n\n\n<li><strong>Focus sur la sant\u00e9 et le bien-\u00eatre\u00a0:<\/strong> Alors que les consommateurs accordent de plus en plus la priorit\u00e9 \u00e0 la sant\u00e9 et au bien-\u00eatre dans leurs choix alimentaires, la demande croissante d\u2019\u00e9quipements de comptoir permet des m\u00e9thodes de cuisson et des options de menu plus saines. Les entreprises qui d\u00e9veloppent des \u00e9quipements dot\u00e9s de fonctionnalit\u00e9s telles que la cuisson \u00e0 faible teneur en mati\u00e8res grasses, la friture sans huile et le contr\u00f4le des portions peuvent capitaliser sur cette tendance et attirer les consommateurs soucieux de leur sant\u00e9, y compris ceux qui suivent des r\u00e9gimes sp\u00e9ciaux ou des restrictions alimentaires.<\/li>\n\n\n\n<li><strong>Expansion sur de nouveaux march\u00e9s\u00a0:<\/strong> Le march\u00e9 des \u00e9quipements de comptoir offre aux entreprises des opportunit\u00e9s de se d\u00e9velopper sur de nouveaux march\u00e9s g\u00e9ographiques et segments industriels. Cela inclut le ciblage des march\u00e9s \u00e9mergents avec des secteurs de restauration en croissance, tels que l&#039;Asie-Pacifique et l&#039;Am\u00e9rique latine, et des segments de niche tels que les food trucks, les d\u00e9panneurs et les micro-cuisines.<\/li>\n\n\n\n<li><strong>Int\u00e9gration de la technologie intelligente\u00a0:<\/strong> Integrating smart technology, IoT (<a href=\"https:\/\/www.sisinternational.com\/fr\/solutions\/conseil-en-blockchain-sis\/internet-des-objets-blockchain\/\" title=\"Blockchain et Internet des objets\"  data-wpil-monitor-id=\"6339\">Internet des objets<\/a>), and connectivity features into countertop equipment presents opportunities for businesses to enhance functionality, efficiency, and user experience. Smart equipment can enable remote monitoring and control, predictive maintenance, and data-driven insights, empowering businesses to optimize operations, minimize downtime, and maximize productivity.<\/li>\n<\/ul>\n\n\n\n<p>Comment les services de SIS International aident les entreprisesSIS International propose des services d&#039;\u00e9tudes de march\u00e9 et de conseil en strat\u00e9gie adapt\u00e9s aux besoins des entreprises op\u00e9rant sur le march\u00e9 des \u00e9quipements de comptoir. Ces services fournissent des informations pr\u00e9cieuses, des conseils strat\u00e9giques et des recommandations concr\u00e8tes pour aider les entreprises \u00e0 surmonter les d\u00e9fis et \u00e0 tirer parti des opportunit\u00e9s.<\/p>\n\n\n\n<ul class=\"wp-block-list\">\n<li><strong>\u00c9tudes et analyses de march\u00e9\u00a0:<\/strong> SIS m\u00e8ne des \u00e9tudes et des analyses compl\u00e8tes du march\u00e9 pour aider les entreprises \u00e0 comprendre en profondeur la dynamique, les tendances et le paysage concurrentiel du march\u00e9. SIS International fournit des informations sur les pr\u00e9f\u00e9rences des clients, les tendances du secteur et les opportunit\u00e9s \u00e9mergentes gr\u00e2ce \u00e0 des m\u00e9thodologies de recherche qualitatives et quantitatives, notamment des enqu\u00eates, des entretiens, des groupes de discussion et des analyses de donn\u00e9es.<\/li>\n\n\n\n<li><strong>Conseil en conformit\u00e9 r\u00e9glementaire\u00a0:<\/strong> SIS International fournit des services de conseil en conformit\u00e9 r\u00e9glementaire pour aider les entreprises \u00e0 s&#039;adapter aux exigences et normes r\u00e9glementaires complexes sur le march\u00e9 des \u00e9quipements de comptoir. Nous aidons les entreprises \u00e0 comprendre et \u00e0 se conformer aux r\u00e9glementations, certifications et normes pertinentes, att\u00e9nuant ainsi les risques r\u00e9glementaires et garantissant l&#039;acc\u00e8s au march\u00e9.<\/li>\n\n\n\n<li><strong>Optimisation de la cha\u00eene d&#039;approvisionnement\u00a0:<\/strong> SIS propose des services d&#039;optimisation de la cha\u00eene d&#039;approvisionnement pour aider les entreprises \u00e0 am\u00e9liorer l&#039;efficacit\u00e9, la r\u00e9silience et l&#039;agilit\u00e9 de leurs cha\u00eenes d&#039;approvisionnement. Gr\u00e2ce \u00e0 la cartographie de la cha\u00eene d&#039;approvisionnement, \u00e0 l&#039;\u00e9valuation des risques, \u00e0 l&#039;\u00e9valuation des fournisseurs et aux strat\u00e9gies d&#039;optimisation, nous aidons les entreprises \u00e0 identifier les opportunit\u00e9s de rationaliser leurs op\u00e9rations, de r\u00e9duire les co\u00fbts et d&#039;att\u00e9nuer les risques de la cha\u00eene d&#039;approvisionnement.<\/li>\n\n\n\n<li><strong>D\u00e9veloppement de produits et innovation\u00a0:<\/strong> SIS International soutient les entreprises dans le d\u00e9veloppement de produits et l&#039;innovation en fournissant des informations sur les besoins des clients, les tendances du march\u00e9 et les avanc\u00e9es technologiques. Gr\u00e2ce \u00e0 des tests de concepts, des tests de produits et des ateliers d&#039;innovation, nous aidons les entreprises \u00e0 imaginer, d\u00e9velopper et lancer des solutions d&#039;\u00e9quipement de comptoir innovantes qui r\u00e9pondent aux demandes du march\u00e9 et se diff\u00e9rencient de leurs concurrents.<\/li>\n\n\n\n<li><strong>Strat\u00e9gie d&#039;entr\u00e9e sur le march\u00e9\u00a0:<\/strong> SIS aide les entreprises \u00e0 d\u00e9velopper des strat\u00e9gies d&#039;entr\u00e9e sur le march\u00e9 pour de nouveaux march\u00e9s g\u00e9ographiques, segments industriels et segments de client\u00e8le. Gr\u00e2ce \u00e0 des \u00e9tudes de faisabilit\u00e9 du march\u00e9, au dimensionnement du march\u00e9, \u00e0 l&#039;analyse de la concurrence et \u00e0 la planification de l&#039;entr\u00e9e sur le march\u00e9, nos sp\u00e9cialistes aident les entreprises \u00e0 identifier les march\u00e9s cibles, \u00e0 \u00e9valuer le potentiel du march\u00e9 et \u00e0 d\u00e9velopper des strat\u00e9gies pour p\u00e9n\u00e9trer et \u00e9tendre leur pr\u00e9sence sur le march\u00e9 des \u00e9quipements de comptoir.<\/li>\n<\/ul>","protected":false},"excerpt":{"rendered":"<p>L\u2019\u00e9tude de march\u00e9 sur les \u00e9quipements de comptoir analyse les march\u00e9s des \u00e9quipements de comptoir utilis\u00e9s dans les cuisines commerciales et les \u00e9tablissements de restauration.<\/p>","protected":false},"author":1,"featured_media":70877,"parent":14514,"menu_order":454,"comment_status":"closed","ping_status":"closed","template":"","meta":{"footnotes":""},"class_list":["post-47686","page","type-page","status-publish","has-post-thumbnail"],"_links":{"self":[{"href":"https:\/\/www.sisinternational.com\/fr\/wp-json\/wp\/v2\/pages\/47686","targetHints":{"allow":["GET"]}}],"collection":[{"href":"https:\/\/www.sisinternational.com\/fr\/wp-json\/wp\/v2\/pages"}],"about":[{"href":"https:\/\/www.sisinternational.com\/fr\/wp-json\/wp\/v2\/types\/page"}],"author":[{"embeddable":true,"href":"https:\/\/www.sisinternational.com\/fr\/wp-json\/wp\/v2\/users\/1"}],"replies":[{"embeddable":true,"href":"https:\/\/www.sisinternational.com\/fr\/wp-json\/wp\/v2\/comments?post=47686"}],"version-history":[{"count":14,"href":"https:\/\/www.sisinternational.com\/fr\/wp-json\/wp\/v2\/pages\/47686\/revisions"}],"predecessor-version":[{"id":80964,"href":"https:\/\/www.sisinternational.com\/fr\/wp-json\/wp\/v2\/pages\/47686\/revisions\/80964"}],"up":[{"embeddable":true,"href":"https:\/\/www.sisinternational.com\/fr\/wp-json\/wp\/v2\/pages\/14514"}],"wp:featuredmedia":[{"embeddable":true,"href":"https:\/\/www.sisinternational.com\/fr\/wp-json\/wp\/v2\/media\/70877"}],"wp:attachment":[{"href":"https:\/\/www.sisinternational.com\/fr\/wp-json\/wp\/v2\/media?parent=47686"}],"curies":[{"name":"wp","href":"https:\/\/api.w.org\/{rel}","templated":true}]}}