{"id":47681,"date":"2024-04-19T00:04:53","date_gmt":"2024-04-19T04:04:53","guid":{"rendered":"https:\/\/www.sisinternational.com\/?page_id=47681"},"modified":"2026-01-26T18:57:30","modified_gmt":"2026-01-26T23:57:30","slug":"etude-de-marche-sur-les-helicopteres","status":"publish","type":"page","link":"https:\/\/www.sisinternational.com\/fr\/competence\/etude-de-marche-sur-les-helicopteres\/","title":{"rendered":"\u00c9tude de march\u00e9 sur les h\u00e9licopt\u00e8res"},"content":{"rendered":"<h1 class=\"wp-block-heading\">\u00c9tude de march\u00e9 sur les h\u00e9licopt\u00e8res<\/h1>\n\n\n\n<figure class=\"gb-block-image gb-block-image-016b2cfc\"><img loading=\"lazy\" decoding=\"async\" width=\"1456\" height=\"816\" class=\"gb-image gb-image-016b2cfc\" src=\"https:\/\/www.sisinternational.com\/wp-content\/uploads\/2025\/08\/Helicopter-4.jpg\" alt=\"\u00c9tudes de march\u00e9 et strat\u00e9gie internationales SIS\" title=\"Helicopter (4)\" srcset=\"https:\/\/www.sisinternational.com\/wp-content\/uploads\/2025\/08\/Helicopter-4.jpg 1456w, https:\/\/www.sisinternational.com\/wp-content\/uploads\/2025\/08\/Helicopter-4-300x168.jpg 300w, https:\/\/www.sisinternational.com\/wp-content\/uploads\/2025\/08\/Helicopter-4-1024x574.jpg 1024w, https:\/\/www.sisinternational.com\/wp-content\/uploads\/2025\/08\/Helicopter-4-768x430.jpg 768w, https:\/\/www.sisinternational.com\/wp-content\/uploads\/2025\/08\/Helicopter-4-18x10.jpg 18w\" sizes=\"auto, (max-width: 1456px) 100vw, 1456px\"><\/figure>\n\n\n\n<p><\/p>\n\n\n\n<hr class=\"wp-block-separator has-alpha-channel-opacity is-style-dots\"\/>\n\n\n\n<p>Les \u00e9tudes de march\u00e9 sur les h\u00e9licopt\u00e8res sont une source d\u2019informations b\u00e9n\u00e9fique pour les acteurs de l\u2019industrie. Il les aide \u00e0 comprendre la dynamique du march\u00e9, \u00e0 identifier les opportunit\u00e9s et les menaces, et \u00e0 prendre des d\u00e9cisions \u00e9clair\u00e9es qui stimulent la croissance et l&#039;innovation de l&#039;entreprise.<\/p>\n\n\n\n<h2 class=\"wp-block-heading\">What Is Helicopter Market Research? Why Is It Important?<\/h2>\n\n\n\n<p>Les \u00e9tudes de march\u00e9 sur les h\u00e9licopt\u00e8res \u00e9tudient l\u2019industrie mondiale des h\u00e9licopt\u00e8res, y compris les tendances du march\u00e9, le paysage concurrentiel, l\u2019environnement r\u00e9glementaire et les progr\u00e8s technologiques. Cette recherche est essentielle pour les constructeurs d\u2019h\u00e9licopt\u00e8res, les exploitants et les autres acteurs de l\u2019industrie qui cherchent \u00e0 comprendre la dynamique du march\u00e9 et \u00e0 prendre des d\u00e9cisions \u00e9clair\u00e9es.<\/p>\n\n\n\n<p>It is essential for businesses operating in or entering the aviation industry. With helicopter market research, businesses can gain valuable insights into market demand, pricing strategies, and emerging technologies, enabling them to develop competitive strategies and maximize profitability.<\/p>\n\n\n\n<p>Furthermore, this market <a href=\"https:\/\/www.sisinternational.com\/fr\/competence\/les-industries\/etude-de-marche-sur-la-securite-routiere\/\" title=\"\u00c9tude de march\u00e9 sur la s\u00e9curit\u00e9 routi\u00e8re\"  data-wpil-monitor-id=\"4748\">recherche<\/a> gives businesses insights into regulatory requirements and safety standards. This proactive approach to regulatory compliance minimizes risks and enhances businesses&#8217; reputation as responsible and reliable helicopter providers. Moreover, helicopter market research helps businesses identify emerging trends and technologies, enabling them to develop innovative products and services that meet customer needs.<\/p>\n\n\n\n<h2 class=\"wp-block-heading\">Qui utilise les \u00e9tudes de march\u00e9 sur les h\u00e9licopt\u00e8res<\/h2>\n\n\n\n<p>Les fabricants d&#039;h\u00e9licopt\u00e8res s&#039;appuient sur des \u00e9tudes de march\u00e9 pour identifier les opportunit\u00e9s, d\u00e9velopper de nouveaux produits et affiner les mod\u00e8les existants afin de r\u00e9pondre aux besoins des clients. Les fabricants peuvent d\u00e9cider strat\u00e9giquement de leurs portefeuilles de produits et de leurs processus de production en analysant les tendances du march\u00e9 et les pr\u00e9f\u00e9rences des clients.<\/p>\n\n\n\n<p>Airlines and <a href=\"https:\/\/www.sisinternational.com\/fr\/les-biocarburants-dans-lindustrie-aerienne\/\" title=\"\u00c9tude de march\u00e9 sur la durabilit\u00e9 des compagnies a\u00e9riennes\"  data-wpil-monitor-id=\"6846\">helicopter operators use this market research<\/a> to assess demand for helicopter services, identify routes or services with growth potential, and optimize their fleet management strategies. By understanding market dynamics, operators can make informed decisions about fleet expansion, route planning, and service offerings.<\/p>\n\n\n\n<p>Government agencies and military organizations utilize <a href=\"https:\/\/www.sisinternational.com\/fr\/competence\/les-industries\/etude-de-marche-du-gouvernement-federal\/\" title=\"\u00c9tude de march\u00e9 du gouvernement f\u00e9d\u00e9ral\"  data-wpil-monitor-id=\"5766\">\u00e9tude de march\u00e9 sur les h\u00e9licopt\u00e8res<\/a> to assess the capabilities of different helicopter models, evaluate potential suppliers, and make procurement decisions. It helps these organizations acquire helicopters that meet their operational requirements and budget constraints.<\/p>\n\n\n\n<p>Les institutions financi\u00e8res et les investisseurs utilisent les \u00e9tudes de march\u00e9 sur les h\u00e9licopt\u00e8res pour \u00e9valuer la sant\u00e9 financi\u00e8re des constructeurs et des exploitants d&#039;h\u00e9licopt\u00e8res, identifier les opportunit\u00e9s d&#039;investissement et \u00e9valuer les risques associ\u00e9s \u00e0 l&#039;investissement dans l&#039;industrie des h\u00e9licopt\u00e8res. Les \u00e9tudes de march\u00e9 aident ces parties prenantes \u00e0 prendre des d\u00e9cisions \u00e9clair\u00e9es concernant le financement, les acquisitions et les cessions.<\/p>\n\n\n\n<p>Les fournisseurs de maintenance, de r\u00e9paration et de r\u00e9vision (MRO) s&#039;appuient sur des \u00e9tudes de march\u00e9 pour comprendre la demande du march\u00e9 pour leurs services, identifier les clients potentiels et d\u00e9velopper des strat\u00e9gies de tarification comp\u00e9titives. Les fournisseurs MRO peuvent optimiser leurs offres de services et \u00e9largir leur client\u00e8le en analysant les tendances du march\u00e9.<\/p>\n\n\n\n<h2 class=\"wp-block-heading\">Joueurs cl\u00e9s<\/h2>\n\n\n\n<p>Le march\u00e9 des h\u00e9licopt\u00e8res se caract\u00e9rise par plusieurs acteurs cl\u00e9s qui contribuent de mani\u00e8re significative \u00e0 fa\u00e7onner la dynamique du secteur. Voici quelques-uns des principaux acteurs\u00a0:<\/p>\n\n\n\n<ul class=\"wp-block-list\">\n<li><strong>Airbus H\u00e9licopt\u00e8res\u00a0:<\/strong> Airbus Helicopters, une division du groupe Airbus, est l&#039;un des principaux constructeurs d&#039;h\u00e9licopt\u00e8res au monde. Connu pour sa gamme diversifi\u00e9e d&#039;h\u00e9licopt\u00e8res destin\u00e9s \u00e0 divers segments, notamment civils et militaires,<\/li>\n\n\n\n<li><strong>H\u00e9licopt\u00e8re Bell\u00a0:<\/strong> Bell Helicopter est un acteur de premier plan sur le march\u00e9 des h\u00e9licopt\u00e8res, connu pour ses solutions innovantes de giravions.<\/li>\n\n\n\n<li><strong>Soci\u00e9t\u00e9 a\u00e9ronautique Sikorsky\u00a0:<\/strong> Sikorsky Aircraft Corporation, filiale de Lockheed Martin Corporation, est un acteur majeur sur le march\u00e9 mondial des h\u00e9licopt\u00e8res, reconnu pour son h\u00e9ritage d&#039;innovation et d&#039;excellence en ing\u00e9nierie.<\/li>\n<\/ul>\n\n\n\n<h2 class=\"wp-block-heading\">Benefits of Hiring SIS for Helicopter Market Research<\/h2>\n\n\n\n<figure class=\"gb-block-image gb-block-image-2cb42030\"><img loading=\"lazy\" decoding=\"async\" width=\"1456\" height=\"816\" class=\"gb-image gb-image-2cb42030\" src=\"https:\/\/www.sisinternational.com\/wp-content\/uploads\/2025\/08\/Helicopter-6.jpg\" alt=\"\u00c9tudes de march\u00e9 et strat\u00e9gie internationales SIS\" title=\"Helicopter (6)\" srcset=\"https:\/\/www.sisinternational.com\/wp-content\/uploads\/2025\/08\/Helicopter-6.jpg 1456w, https:\/\/www.sisinternational.com\/wp-content\/uploads\/2025\/08\/Helicopter-6-300x168.jpg 300w, https:\/\/www.sisinternational.com\/wp-content\/uploads\/2025\/08\/Helicopter-6-1024x574.jpg 1024w, https:\/\/www.sisinternational.com\/wp-content\/uploads\/2025\/08\/Helicopter-6-768x430.jpg 768w, https:\/\/www.sisinternational.com\/wp-content\/uploads\/2025\/08\/Helicopter-6-18x10.jpg 18w\" sizes=\"auto, (max-width: 1456px) 100vw, 1456px\"><\/figure>\n\n\n\n<p><\/p>\n\n\n\n<p>Les services d&#039;\u00e9tudes de march\u00e9 sur les h\u00e9licopt\u00e8res de SIS International fournissent des informations exploitables et des recommandations strat\u00e9giques adapt\u00e9es pour r\u00e9pondre aux besoins sp\u00e9cifiques des entreprises op\u00e9rant dans l&#039;industrie a\u00e9ronautique. Voici les r\u00e9sultats attendus :<\/p>\n\n\n\n<ul class=\"wp-block-list\">\n<li><strong>Analyse approfondie du march\u00e9\u00a0:<\/strong> SIS International provides comprehensive market analysis reports that offer insights into key market trends, growth drivers, challenges, and opportunities shaping the helicopter industry. Our <a href=\"https:\/\/www.sisinternational.com\/fr\/lindustrie-aeronautique-mondiale\/\" title=\"\u00c9tude de march\u00e9 a\u00e9ronautique\"  data-wpil-monitor-id=\"1769\">research encompasses market<\/a> size and segmentation, competitive landscapes, regulatory environments, and emerging technologies, enabling businesses to make informed strategic decisions and capitalize on market opportunities.<\/li>\n\n\n\n<li><strong>Connaissance du client:<\/strong> Our research uncovers valuable customer insights by analyzing <a href=\"https:\/\/www.sisinternational.com\/fr\/competence\/les-industries\/etude-de-marche-sur-lintention-de-lacheteur\/\" title=\"\u00c9tude de march\u00e9 sur l\u2019intention de l\u2019acheteur\"  data-wpil-monitor-id=\"7170\">helicopter<\/a> buyers&#8217; and operators&#8217; purchasing behaviors, preferences, and pain points. <\/li>\n\n\n\n<li><strong>Veille concurrentielle\u00a0:<\/strong> SIS International effectue une analyse approfondie de la concurrence pour identifier les strat\u00e9gies, les forces, les faiblesses et le positionnement des concurrents sur le march\u00e9 au sein de l&#039;industrie des h\u00e9licopt\u00e8res. Nos recherches fournissent aux entreprises des informations exploitables sur les strat\u00e9gies de tarification des concurrents, les innovations de produits, les canaux de distribution et les tactiques de marketing, leur permettant de se diff\u00e9rencier, d&#039;anticiper les menaces concurrentielles et d&#039;acqu\u00e9rir un avantage concurrentiel sur le march\u00e9.<\/li>\n\n\n\n<li><strong>Strat\u00e9gies d&#039;entr\u00e9e sur le march\u00e9\u00a0:<\/strong> SIS International offers customized market entry strategies backed by data-driven insights and analysis for businesses seeking to enter new markets or expand existing operations. Our <a href=\"https:\/\/www.sisinternational.com\/fr\/la-publicite-televisee-et-imprimee-cede-la-place-aux-videos-virales-et-aux-medias-sociaux-emergents\/\" title=\"\u00c9tude de march\u00e9 sur la vid\u00e9o virale\"  data-wpil-monitor-id=\"1815\">researchers help companies identify market<\/a> entry barriers, assess market demand, evaluate regulatory requirements, and develop tailored market entry strategies to minimize risks and maximize opportunities for success in new markets.<\/li>\n\n\n\n<li><strong>Perspectives en mati\u00e8re de technologie et d&#039;innovation\u00a0:<\/strong> SIS suit les avanc\u00e9es technologiques et les innovations qui fa\u00e7onnent l&#039;industrie des h\u00e9licopt\u00e8res, fournissant aux entreprises un aper\u00e7u des technologies \u00e9mergentes, telles que les syst\u00e8mes de propulsion \u00e9lectrique, les capacit\u00e9s de vol autonomes et l&#039;avionique avanc\u00e9e.<\/li>\n<\/ul>\n\n\n\n<h2 class=\"wp-block-heading\">Opportunit\u00e9s<\/h2>\n\n\n\n<p>Dans le paysage dynamique du march\u00e9 des h\u00e9licopt\u00e8res, il existe plusieurs opportunit\u00e9s pour les entreprises de capitaliser sur les tendances \u00e9mergentes, les avanc\u00e9es technologiques et l\u2019\u00e9volution des besoins des clients. Voici quelques opportunit\u00e9s cl\u00e9s\u00a0:<\/p>\n\n\n\n<ul class=\"wp-block-list\">\n<li><strong>Mobilit\u00e9 a\u00e9rienne urbaine (UAM)\u00a0:<\/strong> L\u2019essor de la mobilit\u00e9 a\u00e9rienne urbaine pr\u00e9sente d\u2019importantes opportunit\u00e9s commerciales sur le march\u00e9 des h\u00e9licopt\u00e8res. Alors que les villes sont aux prises avec les probl\u00e8mes de congestion et de transport, les h\u00e9licopt\u00e8res et les avions \u00e0 d\u00e9collage et atterrissage verticaux (VTOL) offrent une solution viable pour le transport urbain, reliant les centres-villes aux banlieues, aux a\u00e9roports et \u00e0 d&#039;autres destinations.<\/li>\n\n\n\n<li><strong>Services a\u00e9roport\u00e9s de logistique et d\u2019urgence\u00a0:<\/strong> Les h\u00e9licopt\u00e8res jouent un r\u00f4le crucial dans la logistique a\u00e9roport\u00e9e, les services m\u00e9dicaux d\u2019urgence (EMS), les op\u00e9rations de recherche et de sauvetage (SAR) et de lutte contre les incendies. Les entreprises peuvent capitaliser sur la demande de services d&#039;h\u00e9licopt\u00e8res dans ces secteurs en proposant des solutions sp\u00e9cialis\u00e9es adapt\u00e9es aux exigences sp\u00e9cifiques des missions.<\/li>\n\n\n\n<li><strong>Tourisme et Transport VIP :<\/strong> Les h\u00e9licopt\u00e8res offrent une flexibilit\u00e9 et une commodit\u00e9 in\u00e9gal\u00e9es pour le tourisme et le transport VIP, proposant des vols panoramiques, des services d&#039;affr\u00e8tement de luxe et des exp\u00e9riences de voyage exclusives \u00e0 des clients exigeants. Les entreprises peuvent r\u00e9pondre \u00e0 la demande croissante de vols en h\u00e9licopt\u00e8re, de visites a\u00e9riennes et de services de transport VIP dans les destinations touristiques populaires, les centres urbains et les complexes h\u00f4teliers de luxe.<\/li>\n\n\n\n<li><strong>Int\u00e9gration des syst\u00e8mes a\u00e9riens sans pilote (UAS)\u00a0:<\/strong> Integrating unmanned aerial systems (UAS) or drones into helicopter operations presents new business opportunities in the aviation industry. Businesses can explore the development of hybrid manned-unmanned platforms, autonomous aerial vehicles, and <a href=\"https:\/\/www.sisinternational.com\/fr\/competence\/les-industries\/etude-de-marche-des-drones\/\" title=\"\u00c9tude de march\u00e9 sur les drones\"  data-wpil-monitor-id=\"5978\">drone delivery solutions to address diverse market<\/a> needs, including surveillance, reconnaissance, cargo transport, and aerial photography.<\/li>\n<\/ul>\n\n\n\n<h2 class=\"wp-block-heading\">The SIS Advantage<\/h2>\n\n\n\n<p>SIS offers comprehensive helicopter <a href=\"https:\/\/www.sisinternational.com\/fr\/solutions\/innovation\/la-pensee-de-conception\/\" title=\"\u00c9tude de march\u00e9 sur le design thinking\"  data-wpil-monitor-id=\"6699\">market research services designed<\/a> to assist businesses in navigating the complexities of the rotorcraft industry and achieving their strategic objectives. Here&#8217;s how our tailored research solutions can benefit businesses:<\/p>\n\n\n\n<ul class=\"wp-block-list\">\n<li><strong>Analyse approfondie du march\u00e9\u00a0:<\/strong> Notre \u00e9tude de march\u00e9 sur les h\u00e9licopt\u00e8res donne aux entreprises des informations approfondies sur les tendances, la dynamique et le paysage concurrentiel du march\u00e9. Nous aidons les entreprises \u00e0 identifier les opportunit\u00e9s de croissance, \u00e0 \u00e9valuer les menaces concurrentielles et \u00e0 prendre des d\u00e9cisions strat\u00e9giques \u00e9clair\u00e9es en fonction de la taille du march\u00e9, des moteurs de croissance, des acteurs cl\u00e9s et des tendances \u00e9mergentes.<\/li>\n\n\n\n<li><strong>Soutien \u00e0 la planification strat\u00e9gique\u00a0:<\/strong> Nos services d\u2019\u00e9tudes de march\u00e9 accompagnent les entreprises dans leurs processus de planification strat\u00e9gique et de prise de d\u00e9cision. En fournissant des informations de march\u00e9 pr\u00e9cises et opportunes, nous permettons aux entreprises d&#039;identifier les lacunes du march\u00e9, d&#039;\u00e9valuer les strat\u00e9gies d&#039;entr\u00e9e sur le march\u00e9 et d&#039;\u00e9laborer des plans d&#039;affaires solides pour capitaliser sur les opportunit\u00e9s et att\u00e9nuer efficacement les risques.<\/li>\n\n\n\n<li><strong>\u00c9valuation de la technologie et de l\u2019innovation\u00a0:<\/strong> Nous effectuons des \u00e9valuations de technologie et d&#039;innovation pour aider les entreprises \u00e0 se tenir au courant des derni\u00e8res avanc\u00e9es technologiques en mati\u00e8re de giravions. Nous aidons les entreprises \u00e0 \u00e9valuer les technologies \u00e9mergentes, telles que les syst\u00e8mes de propulsion \u00e9lectrique, les capacit\u00e9s de vol autonomes et les mat\u00e9riaux avanc\u00e9s, \u00e0 identifier les opportunit\u00e9s d&#039;innovation, \u00e0 \u00e9valuer les risques technologiques et \u00e0 mener des initiatives d&#039;innovation pour maintenir un avantage concurrentiel sur le march\u00e9.<\/li>\n\n\n\n<li><strong>Analyse r\u00e9glementaire et de conformit\u00e9\u00a0:<\/strong> Nos \u00e9tudes de march\u00e9 sur les h\u00e9licopt\u00e8res comprennent une analyse de la r\u00e9glementation et de la conformit\u00e9 pour aider les entreprises \u00e0 naviguer dans le paysage r\u00e9glementaire complexe r\u00e9gissant les op\u00e9rations des giravions. En surveillant les changements r\u00e9glementaires, en \u00e9valuant les exigences de conformit\u00e9 et en fournissant des conseils r\u00e9glementaires, nous aidons les entreprises \u00e0 garantir la conformit\u00e9 r\u00e9glementaire, \u00e0 att\u00e9nuer les risques juridiques et \u00e0 maintenir l&#039;int\u00e9grit\u00e9 op\u00e9rationnelle.<\/li>\n\n\n\n<li><strong>\u00c9valuation et gestion des risques\u00a0:<\/strong> Nous menons des \u00e9tudes d&#039;\u00e9valuation et de gestion des risques pour aider les entreprises \u00e0 identifier et \u00e0 att\u00e9nuer les risques associ\u00e9s aux op\u00e9rations d&#039;h\u00e9licopt\u00e8res. En \u00e9valuant les risques op\u00e9rationnels, les incertitudes du march\u00e9 et les menaces externes, nous permettons aux entreprises d&#039;\u00e9laborer des strat\u00e9gies d&#039;att\u00e9nuation des risques, des plans d&#039;urgence et des cadres de r\u00e9silience pour prot\u00e9ger leurs op\u00e9rations et leurs investissements sur le march\u00e9 des h\u00e9licopt\u00e8res.<\/li>\n<\/ul>\n\n\n\n<p><\/p>","protected":false},"excerpt":{"rendered":"<p>Les \u00e9tudes de march\u00e9 sur les h\u00e9licopt\u00e8res \u00e9tudient l\u2019industrie mondiale des h\u00e9licopt\u00e8res, analysant les tendances, la concurrence, les r\u00e9glementations et les progr\u00e8s technologiques.<\/p>","protected":false},"author":1,"featured_media":63565,"parent":14514,"menu_order":451,"comment_status":"closed","ping_status":"closed","template":"","meta":{"footnotes":""},"class_list":["post-47681","page","type-page","status-publish","has-post-thumbnail"],"_links":{"self":[{"href":"https:\/\/www.sisinternational.com\/fr\/wp-json\/wp\/v2\/pages\/47681","targetHints":{"allow":["GET"]}}],"collection":[{"href":"https:\/\/www.sisinternational.com\/fr\/wp-json\/wp\/v2\/pages"}],"about":[{"href":"https:\/\/www.sisinternational.com\/fr\/wp-json\/wp\/v2\/types\/page"}],"author":[{"embeddable":true,"href":"https:\/\/www.sisinternational.com\/fr\/wp-json\/wp\/v2\/users\/1"}],"replies":[{"embeddable":true,"href":"https:\/\/www.sisinternational.com\/fr\/wp-json\/wp\/v2\/comments?post=47681"}],"version-history":[{"count":14,"href":"https:\/\/www.sisinternational.com\/fr\/wp-json\/wp\/v2\/pages\/47681\/revisions"}],"predecessor-version":[{"id":80734,"href":"https:\/\/www.sisinternational.com\/fr\/wp-json\/wp\/v2\/pages\/47681\/revisions\/80734"}],"up":[{"embeddable":true,"href":"https:\/\/www.sisinternational.com\/fr\/wp-json\/wp\/v2\/pages\/14514"}],"wp:featuredmedia":[{"embeddable":true,"href":"https:\/\/www.sisinternational.com\/fr\/wp-json\/wp\/v2\/media\/63565"}],"wp:attachment":[{"href":"https:\/\/www.sisinternational.com\/fr\/wp-json\/wp\/v2\/media?parent=47681"}],"curies":[{"name":"wp","href":"https:\/\/api.w.org\/{rel}","templated":true}]}}