{"id":47679,"date":"2024-04-20T14:42:17","date_gmt":"2024-04-20T18:42:17","guid":{"rendered":"https:\/\/www.sisinternational.com\/?page_id=47679"},"modified":"2026-01-27T15:20:15","modified_gmt":"2026-01-27T20:20:15","slug":"etude-de-marche-sur-les-cheques-en-magasin","status":"publish","type":"page","link":"https:\/\/www.sisinternational.com\/fr\/solutions\/etude-de-marche-sur-les-cheques-en-magasin\/","title":{"rendered":"\u00c9tude de march\u00e9 sur le contr\u00f4le des magasins"},"content":{"rendered":"<h1 class=\"wp-block-heading\">\u00c9tude de march\u00e9 sur le contr\u00f4le des magasins<\/h1>\n\n\n\n<figure class=\"gb-block-image gb-block-image-d8e024d7\"><img loading=\"lazy\" decoding=\"async\" width=\"1456\" height=\"816\" class=\"gb-image gb-image-d8e024d7\" src=\"https:\/\/www.sisinternational.com\/wp-content\/uploads\/2025\/08\/Retail-7.jpg\" alt=\"\u00c9tudes de march\u00e9 et strat\u00e9gie internationales SIS\" title=\"Retail (7)\" srcset=\"https:\/\/www.sisinternational.com\/wp-content\/uploads\/2025\/08\/Retail-7.jpg 1456w, https:\/\/www.sisinternational.com\/wp-content\/uploads\/2025\/08\/Retail-7-300x168.jpg 300w, https:\/\/www.sisinternational.com\/wp-content\/uploads\/2025\/08\/Retail-7-1024x574.jpg 1024w, https:\/\/www.sisinternational.com\/wp-content\/uploads\/2025\/08\/Retail-7-768x430.jpg 768w, https:\/\/www.sisinternational.com\/wp-content\/uploads\/2025\/08\/Retail-7-18x10.jpg 18w\" sizes=\"auto, (max-width: 1456px) 100vw, 1456px\"><\/figure>\n\n\n\n<p><\/p>\n\n\n\n<hr class=\"wp-block-separator has-alpha-channel-opacity is-style-dots\"\/>\n\n\n\n<p>L\u2019un des principaux objectifs des \u00e9tudes de march\u00e9 sur les ch\u00e8ques en magasin est de surveiller la disponibilit\u00e9 et la visibilit\u00e9 des produits dans les magasins. Les chercheurs visitent les points de vente pour v\u00e9rifier si les produits de l&#039;entreprise sont en stock, correctement pr\u00e9sent\u00e9s et tarif\u00e9s correctement. Ces informations aident les entreprises \u00e0 identifier les lacunes de leurs canaux de distribution et \u00e0 r\u00e9soudre les probl\u00e8mes susceptibles d&#039;affecter les ventes.<\/p>\n\n\n\n<p>In the fiercely competitive retail landscape, the key to success lies not just in what&#8217;s on the shelves, but in how it&#8217;s positioned and perceived by consumers. Store check <a href=\"https:\/\/www.sisinternational.com\/fr\/quest-ce-que-les-relations-publiques\/\" title=\"Relations publiques et \u00e9tudes de march\u00e9\"  data-wpil-monitor-id=\"2258\">market research offers retailers and brands<\/a> an in-depth understanding of their products&#8217; visibility, availability, and presentation in stores. This strategic approach goes beyond traditional market research, providing actionable insights that drive sales, enhance brand perception, and secure a competitive edge in the market.<\/p>\n\n\n\n<h2 class=\"wp-block-heading\">Qu\u2019est-ce que l\u2019\u00e9tude de march\u00e9 sur les ch\u00e8ques de magasin ?<\/h2>\n\n\n\n<p><a href=\"https:\/\/www.sisinternational.com\/fr\/solutions\/solutions-de-branding-et-de-recherche-client\/recherche-dagencement-de-magasin\/\" title=\"Recherche d&#039;am\u00e9nagement de magasin\"  data-wpil-monitor-id=\"6483\">Store check market research<\/a> is a systematic process businesses use to gather data on product availability, placement, pricing, and promotional activity in retail stores. This type of research is essential for companies looking to understand how their products perform in the retail environment and how they compare to competitors.<\/p>\n\n\n\n<h2 class=\"wp-block-heading\">Pourquoi les entreprises ont-elles besoin d\u2019une \u00e9tude de march\u00e9 sur les ch\u00e8ques en magasin ?<\/h2>\n\n\n\n<p>Les entreprises peuvent recueillir des donn\u00e9es en temps r\u00e9el sur la disponibilit\u00e9 des produits, le placement en rayon et le positionnement des concurrents en effectuant des v\u00e9rifications en magasin. Ces informations sont inestimables pour optimiser le placement de produits et garantir que les produits sont visibles pour les consommateurs, stimulant ainsi les ventes.<\/p>\n\n\n\n<p>De plus, les \u00e9tudes de march\u00e9 donnent aux entreprises un aper\u00e7u du comportement et des pr\u00e9f\u00e9rences des consommateurs. En observant la mani\u00e8re dont les consommateurs interagissent avec les produits en magasin, les entreprises peuvent identifier les tendances et les mod\u00e8les qui \u00e9clairent le d\u00e9veloppement de produits et les strat\u00e9gies marketing. Cette compr\u00e9hension aide les entreprises \u00e0 adapter leurs offres pour r\u00e9pondre aux besoins et aux pr\u00e9f\u00e9rences des consommateurs, augmentant ainsi la satisfaction et la fid\u00e9lit\u00e9 des clients.<\/p>\n\n\n\n<p>De plus, cette \u00e9tude de march\u00e9 permet aux entreprises de recueillir des informations sur les produits et les prix des concurrents, leur permettant ainsi de prendre des d\u00e9cisions \u00e9clair\u00e9es concernant les prix et les promotions. Cette veille concurrentielle est essentielle pour maintenir un avantage concurrentiel et maximiser les opportunit\u00e9s de vente dans les environnements de vente au d\u00e9tail.<\/p>\n\n\n\n<h2 class=\"wp-block-heading\">Qui utilise les \u00e9tudes de march\u00e9 sur les ch\u00e8ques de magasin<\/h2>\n\n\n\n<figure class=\"gb-block-image gb-block-image-01897285\"><img loading=\"lazy\" decoding=\"async\" width=\"1456\" height=\"816\" class=\"gb-image gb-image-01897285\" src=\"https:\/\/www.sisinternational.com\/wp-content\/uploads\/2025\/08\/Retail-5.jpg\" alt=\"\u00c9tudes de march\u00e9 et strat\u00e9gie internationales SIS\" title=\"Retail (5)\" srcset=\"https:\/\/www.sisinternational.com\/wp-content\/uploads\/2025\/08\/Retail-5.jpg 1456w, https:\/\/www.sisinternational.com\/wp-content\/uploads\/2025\/08\/Retail-5-300x168.jpg 300w, https:\/\/www.sisinternational.com\/wp-content\/uploads\/2025\/08\/Retail-5-1024x574.jpg 1024w, https:\/\/www.sisinternational.com\/wp-content\/uploads\/2025\/08\/Retail-5-768x430.jpg 768w, https:\/\/www.sisinternational.com\/wp-content\/uploads\/2025\/08\/Retail-5-18x10.jpg 18w\" sizes=\"auto, (max-width: 1456px) 100vw, 1456px\"><\/figure>\n\n\n\n<p><\/p>\n\n\n\n<p><a href=\"https:\/\/www.sisinternational.com\/fr\/etude-de-marche-sur-la-pop-coreenne-k-pop\/\" title=\"\u00c9tude de march\u00e9 sur la pop cor\u00e9enne | K-pop\"  data-wpil-monitor-id=\"2629\">Consumer goods companies utilize store check market<\/a> research to ensure that their products are adequately stocked and displayed in retail stores. By conducting regular store checks, these companies can identify issues such as out-of-stock situations, poor product placement, or competitor interference, allowing them to take corrective action and improve their products&#8217; visibility and availability.<\/p>\n\n\n\n<p>Les d\u00e9taillants utilisent des \u00e9tudes de march\u00e9 pour surveiller les performances de leurs magasins et les comparer \u00e0 celles de leurs concurrents. Ces informations aident les d\u00e9taillants \u00e0 optimiser l&#039;agencement de leurs magasins, leurs strat\u00e9gies de prix et leurs assortiments de produits pour mieux r\u00e9pondre \u00e0 la demande des clients et am\u00e9liorer les performances globales du magasin.<\/p>\n\n\n\n<p>Marketing and sales teams within consumer goods companies rely on <a href=\"https:\/\/www.sisinternational.com\/fr\/etude-de-marche-du-vin\/\" title=\"\u00c9tude de march\u00e9 du vin\u00a0: additionner les b\u00e9n\u00e9fices des ventes nationales de vin\"  data-wpil-monitor-id=\"2513\">\u00e9tude de march\u00e9 sur les ch\u00e8ques en magasin<\/a> to gather insights into consumer behavior and preferences. By observing how consumers interact with products in-store, these teams can identify opportunities to improve product packaging, messaging, and promotions to drive sales.<\/p>\n\n\n\n<p>Les \u00e9quipes de marchandisage utilisent cette analyse de march\u00e9 pour garantir que les produits sont pr\u00e9sent\u00e9s conform\u00e9ment aux planogrammes et aux directives promotionnelles. En effectuant des contr\u00f4les r\u00e9guliers, les \u00e9quipes merchandising peuvent identifier et corriger les \u00e9carts par rapport \u00e0 ces directives, garantissant ainsi que les produits sont pr\u00e9sent\u00e9s de mani\u00e8re \u00e0 maximiser leur attrait pour les clients.<\/p>\n\n\n\n<p>Les \u00e9quipes de veille concurrentielle exploitent les \u00e9tudes de march\u00e9 des ch\u00e8ques en magasin pour surveiller les activit\u00e9s et les strat\u00e9gies des concurrents. En visitant les magasins concurrents et en observant leurs pr\u00e9sentations de produits, leurs strat\u00e9gies de prix et leurs promotions, ces \u00e9quipes peuvent recueillir des informations pr\u00e9cieuses qui \u00e9clairent leur strat\u00e9gie et les aident \u00e0 rester comp\u00e9titives.<\/p>\n\n\n\n<h2 class=\"wp-block-heading\">Quand effectuer une \u00e9tude de march\u00e9 sur les v\u00e9rifications en magasin<\/h2>\n\n\n\n<p>Determining the timing for conducting store check market research is crucial for maximizing its effectiveness. Here are some critical instances when businesses should consider conducting <a href=\"https:\/\/www.sisinternational.com\/fr\/resilience-des-entreprises-coronavirus\/\" title=\"\u00c9tude de march\u00e9 sur la r\u00e9silience des entreprises dans le Covid\"  data-wpil-monitor-id=\"7296\">\u00e9tude de march\u00e9 sur les ch\u00e8ques en magasin<\/a>:<\/p>\n\n\n\n<ul class=\"wp-block-list\">\n<li><strong>Campagnes saisonni\u00e8res\u00a0:<\/strong> Pendant les p\u00e9riodes de pointe des achats ou les promotions sp\u00e9ciales, telles que les vacances ou les soldes de rentr\u00e9e scolaire, les entreprises peuvent mener des \u00e9tudes de march\u00e9 pour suivre l&#039;ex\u00e9cution de leurs strat\u00e9gies promotionnelles dans les magasins de d\u00e9tail. Cela permet aux entreprises de garantir que le mat\u00e9riel promotionnel est affich\u00e9 bien en vue et que les produits sont facilement disponibles pour r\u00e9pondre \u00e0 la demande croissante.<\/li>\n\n\n\n<li><strong>Analyse de la concurrence:<\/strong> Les entreprises peuvent mener des \u00e9tudes de march\u00e9 pour recueillir des renseignements sur les produits, les strat\u00e9gies de prix et les activit\u00e9s promotionnelles des concurrents dans les magasins de d\u00e9tail. En surveillant r\u00e9guli\u00e8rement la pr\u00e9sence des concurrents et les performances des magasins, les entreprises peuvent identifier les opportunit\u00e9s de se diff\u00e9rencier et d&#039;acqu\u00e9rir un avantage concurrentiel.<\/li>\n\n\n\n<li><strong>Modifications du marchandisage\u00a0:<\/strong> Chaque fois que des changements surviennent dans les strat\u00e9gies de marchandisage, tels que de nouvelles dispositions d&#039;\u00e9tag\u00e8res, des assortiments de produits ou des affichages de signalisation, les entreprises peuvent effectuer des \u00e9tudes de march\u00e9 en magasin pour \u00e9valuer l&#039;impact de ces changements sur la visibilit\u00e9 et les ventes des produits. Cela aide les entreprises \u00e0 \u00e9valuer l&#039;efficacit\u00e9 de leurs initiatives de marchandisage et \u00e0 proc\u00e9der aux ajustements n\u00e9cessaires.<\/li>\n\n\n\n<li><strong>Surveillance r\u00e9guli\u00e8re des performances\u00a0:<\/strong> Les entreprises peuvent surveiller les performances de leurs produits dans les magasins de d\u00e9tail au fil du temps. En suivant des indicateurs cl\u00e9s tels que la part de march\u00e9, les niveaux de stock et l&#039;activit\u00e9 promotionnelle, les entreprises peuvent identifier les tendances, les mod\u00e8les et les opportunit\u00e9s d&#039;am\u00e9lioration de leurs strat\u00e9gies d&#039;ex\u00e9cution de vente au d\u00e9tail.<\/li>\n<\/ul>\n\n\n\n<h2 class=\"wp-block-heading\">R\u00e9sultats attendus des solutions d&#039;\u00e9tudes de march\u00e9 Store Check de SIS International<\/h2>\n\n\n\n<p>Engaging SIS International for store check market research delivers several valuable business outcomes \u2013 and here are the expected results from SIS International&#8217;s <a href=\"https:\/\/www.sisinternational.com\/fr\/etude-de-marche-sur-la-mobilite-intelligente\/\" title=\"\u00c9tude de march\u00e9 sur la mobilit\u00e9 intelligente\"  data-wpil-monitor-id=\"6860\">market research solutions<\/a>:<\/p>\n\n\n\n<ul class=\"wp-block-list\">\n<li><strong>Informations compl\u00e8tes sur les donn\u00e9es\u00a0:<\/strong> SIS International fournit des informations compl\u00e8tes sur les donn\u00e9es, offrant aux entreprises une compr\u00e9hension d\u00e9taill\u00e9e du placement, de la disponibilit\u00e9 et de la visibilit\u00e9 des produits dans les environnements de vente au d\u00e9tail. SIS International permet aux entreprises d&#039;obtenir des informations exploitables sur leurs performances de vente au d\u00e9tail et leur positionnement concurrentiel en capturant les donn\u00e9es sur les parts de march\u00e9, les niveaux de stock et les activit\u00e9s promotionnelles.<\/li>\n\n\n\n<li><strong>Recommandations concr\u00e8tes\u00a0:<\/strong> SIS fournit des recommandations concr\u00e8tes bas\u00e9es sur les r\u00e9sultats d&#039;\u00e9tudes de march\u00e9, guidant les entreprises sur des strat\u00e9gies visant \u00e0 optimiser leur ex\u00e9cution au d\u00e9tail et \u00e0 stimuler leur croissance. Qu&#039;il s&#039;agisse d&#039;ajuster les assortiments de produits, d&#039;affiner les strat\u00e9gies de marchandisage ou d&#039;am\u00e9liorer les activit\u00e9s promotionnelles, SIS International propose des recommandations sur mesure qui aident les entreprises \u00e0 am\u00e9liorer leurs performances de vente au d\u00e9tail et \u00e0 maximiser les opportunit\u00e9s de vente.<\/li>\n\n\n\n<li><strong>Veille concurrentielle\u00a0:<\/strong> SIS International permet aux entreprises de comparer leurs performances \u00e0 celles de leurs concurrents et d&#039;identifier les domaines d&#039;opportunit\u00e9 ou de vuln\u00e9rabilit\u00e9. En analysant les placements de produits, les strat\u00e9gies de prix et les tactiques promotionnelles des concurrents, nous fournissons aux entreprises des informations pr\u00e9cieuses pour affiner leur positionnement concurrentiel et se diff\u00e9rencier sur le march\u00e9.<\/li>\n\n\n\n<li><strong>Analyse des tendances du march\u00e9\u00a0:<\/strong> SIS International conducts market trends analysis as part of <a href=\"https:\/\/www.sisinternational.com\/fr\/competence\/les-industries\/etude-de-marche-de-suivi-des-tendances\/\" title=\"\u00c9tude de march\u00e9 sur le suivi des tendances\"  data-wpil-monitor-id=\"5460\">\u00e9tude de march\u00e9 sur les ch\u00e8ques en magasin<\/a>, enabling businesses to stay abreast of evolving consumer preferences, retail trends, and competitive dynamics. By monitoring changes in product demand, emerging retail formats, and shifting consumer behaviors, SIS International helps businesses anticipate market trends, capitalize on opportunities, and mitigate risks in the dynamic retail landscape.<\/li>\n<\/ul>\n\n\n\n<h2 class=\"wp-block-heading\">Technologies et outils exploit\u00e9s dans cette \u00e9tude de march\u00e9<\/h2>\n\n\n\n<p>Dans les \u00e9tudes de march\u00e9 sur les ch\u00e8ques en magasin, diverses technologies et outils sont utilis\u00e9s pour collecter des donn\u00e9es et analyser efficacement les environnements de vente au d\u00e9tail. Voici quelques-unes des technologies et outils cl\u00e9s couramment utilis\u00e9s\u00a0:<\/p>\n\n\n\n<ul class=\"wp-block-list\">\n<li><strong>Technologie de reconnaissance d&#039;images\u00a0:<\/strong> La technologie de reconnaissance d&#039;images permet une analyse automatis\u00e9e des donn\u00e9es visuelles captur\u00e9es lors des contr\u00f4les en magasin, telles que les pr\u00e9sentations de produits, la signalisation et la disposition des \u00e9tag\u00e8res. En tirant parti des algorithmes d&#039;apprentissage automatique, les outils de reconnaissance d&#039;images peuvent identifier et cat\u00e9goriser les produits, mesurer la part de march\u00e9 et \u00e9valuer l&#039;efficacit\u00e9 promotionnelle avec une grande pr\u00e9cision et rapidit\u00e9.<\/li>\n\n\n\n<li><strong>Intelligence artificielle (IA) et apprentissage automatique\u00a0:<\/strong> AI and machine learning technologies are increasingly being applied in store check <a href=\"https:\/\/www.sisinternational.com\/fr\/automatisation-dans-les-etudes-de-marche\/\" title=\"Automatisation dans les \u00e9tudes de march\u00e9\"  data-wpil-monitor-id=\"2533\">market research to automate<\/a> data analysis, uncover actionable insights, and predict future retail trends. These technologies can analyze large volumes of data, detect patterns, and generate predictive models to inform strategic decision-making and drive business growth.<\/li>\n\n\n\n<li><strong>Outils de tableau de bord et de reporting\u00a0:<\/strong> Les outils de tableau de bord et de reporting fournissent des interfaces intuitives pour visualiser et interpr\u00e9ter les donn\u00e9es des ch\u00e8ques en magasin, notamment des tableaux, des graphiques et des cartes thermiques. Ces outils permettent aux entreprises de suivre les indicateurs de performance cl\u00e9s, de surveiller les tendances au fil du temps et de partager des informations avec les parties prenantes de mani\u00e8re claire et concise.<\/li>\n\n\n\n<li><strong>R\u00e9alit\u00e9 augment\u00e9e (AR) et r\u00e9alit\u00e9 virtuelle (VR)\u00a0:<\/strong> Les technologies AR et VR apparaissent comme des outils innovants pour effectuer des contr\u00f4les et des simulations de magasins virtuels. En immergeant les utilisateurs dans des environnements de vente au d\u00e9tail virtuels, les solutions AR et VR permettent aux entreprises d&#039;explorer les placements de produits, l&#039;agencement des magasins et les interactions avec les clients dans un environnement simul\u00e9, facilitant ainsi la prise de d\u00e9cision strat\u00e9gique et l&#039;exp\u00e9rimentation sans pr\u00e9sence physique.<\/li>\n<\/ul>\n\n\n\n<h2 class=\"wp-block-heading\">Opportunit\u00e9s<\/h2>\n\n\n\n<p><a href=\"https:\/\/www.sisinternational.com\/fr\/competence\/les-industries\/etude-de-marche-en-quincaillerie\/\" title=\"\u00c9tude de march\u00e9 sur les quincailleries et la r\u00e9novation domiciliaire\"  data-wpil-monitor-id=\"5916\">Store check market research<\/a> presents several opportunities for businesses to gain valuable insights and improve their retail performance. Here are some of the key opportunities:<\/p>\n\n\n\n<ul class=\"wp-block-list\">\n<li><strong>Surveillance des activit\u00e9s des concurrents\u00a0:<\/strong> Cette \u00e9tude de march\u00e9 permet aux entreprises de surveiller les activit\u00e9s des concurrents dans les magasins de d\u00e9tail, y compris les lancements de produits, les strat\u00e9gies de prix et les campagnes promotionnelles. En collectant des informations sur les performances des concurrents et l&#039;ex\u00e9cution du commerce de d\u00e9tail, les entreprises peuvent identifier les menaces concurrentielles et les opportunit\u00e9s de diff\u00e9renciation.<\/li>\n\n\n\n<li><strong>Identifier les tendances du march\u00e9\u00a0:<\/strong> Store check market <a href=\"https:\/\/www.sisinternational.com\/fr\/marche-des-produits-de-grande-consommation-au-vietnam\/\" title=\"March\u00e9 des produits de grande consommation au Vietnam\"  data-wpil-monitor-id=\"2452\">recherche<\/a> provides businesses with insights into emerging market trends, consumer preferences, and purchasing behaviors. By analyzing data collected from retail stores, companies can identify shifts in product demand, seasonal patterns, and regional variations, allowing them to adapt their product offerings and marketing strategies accordingly.<\/li>\n\n\n\n<li><strong>Informer le d\u00e9veloppement de produits\u00a0:<\/strong> En observant les interactions des consommateurs avec les produits dans les magasins de d\u00e9tail, les entreprises peuvent recueillir des commentaires et des informations qui \u00e9clairent les d\u00e9cisions de d\u00e9veloppement de produits. Les \u00e9tudes de march\u00e9 aident les entreprises \u00e0 comprendre les pr\u00e9f\u00e9rences des consommateurs, les performances des produits et les besoins non satisfaits, leur permettant ainsi de d\u00e9velopper des produits innovants.<\/li>\n\n\n\n<li><strong>Am\u00e9liorer la gestion des stocks\u00a0:<\/strong> Les \u00e9tudes de march\u00e9 sur les contr\u00f4les en magasin aident les entreprises \u00e0 optimiser la gestion des stocks en offrant une visibilit\u00e9 sur les niveaux de stock, les situations de rupture de stock et les taux de rotation des stocks dans les magasins de d\u00e9tail. En identifiant les lacunes et les inefficacit\u00e9s des stocks, les entreprises peuvent mettre en \u0153uvre des strat\u00e9gies de r\u00e9approvisionnement des stocks, minimiser les ruptures de stock et maximiser les opportunit\u00e9s de vente.<\/li>\n\n\n\n<li><strong>Am\u00e9liorer l&#039;exp\u00e9rience client\u00a0:<\/strong> Les \u00e9tudes de march\u00e9 permettent aux entreprises d&#039;\u00e9valuer l&#039;exp\u00e9rience client dans les magasins de d\u00e9tail, y compris l&#039;agencement du magasin, la signalisation et les interactions avec le personnel. Les entreprises peuvent am\u00e9liorer la satisfaction, la fid\u00e9lit\u00e9 et la r\u00e9tention de leurs clients en identifiant les probl\u00e8mes et les opportunit\u00e9s pour am\u00e9liorer le parcours client.<\/li>\n\n\n\n<li><strong>Piloter les performances commerciales\u00a0:<\/strong> Il aide les entreprises \u00e0 am\u00e9liorer leurs performances commerciales et \u00e0 atteindre leurs objectifs commerciaux dans l&#039;environnement de vente au d\u00e9tail. En optimisant le placement de produits, l&#039;ex\u00e9cution au d\u00e9tail et l&#039;exp\u00e9rience client, les entreprises peuvent augmenter leurs volumes de ventes, leur part de march\u00e9 et leur rentabilit\u00e9.<\/li>\n<\/ul>\n\n\n\n<h2 class=\"wp-block-heading\">Comment les solutions d&#039;\u00e9tudes de march\u00e9 Store Check de SIS International aident les entreprises<\/h2>\n\n\n\n<p><a href=\"https:\/\/www.sisinternational.com\/fr\/au-secours\/\" title=\"\u00c9tude de march\u00e9 du 1er mai\"  data-wpil-monitor-id=\"2582\">SIS International offers tailored store check market<\/a> research solutions designed to address businesses&#8217; challenges and unlock opportunities in the retail landscape. Here&#8217;s how SIS International&#8217;s solutions help companies overcome these challenges:<\/p>\n\n\n\n<ul class=\"wp-block-list\">\n<li><strong>Expertise et exp\u00e9rience\u00a0:<\/strong> Avec des d\u00e9cennies d&#039;exp\u00e9rience dans les \u00e9tudes de march\u00e9 et une \u00e9quipe de professionnels qualifi\u00e9s, SIS International fournit aux entreprises des conseils et un soutien d&#039;experts tout au long du processus de v\u00e9rification en magasin. De la conception de m\u00e9thodologies de recherche \u00e0 l&#039;interpr\u00e9tation des r\u00e9sultats et \u00e0 la mise en \u0153uvre des recommandations, SIS International exploite son expertise pour fournir des informations exploitables qui favorisent le succ\u00e8s des entreprises.<\/li>\n\n\n\n<li><strong>Approche personnalis\u00e9e\u00a0:<\/strong> SIS International comprend que chaque entreprise a des besoins et des objectifs uniques. C&#039;est pourquoi l&#039;entreprise propose des solutions d&#039;\u00e9tudes de march\u00e9 personnalis\u00e9es, adapt\u00e9es aux exigences de chaque client. Qu&#039;il s&#039;agisse de mener des audits de magasins, de surveiller les activit\u00e9s des concurrents ou d&#039;\u00e9valuer l&#039;ex\u00e9cution des ventes au d\u00e9tail, SIS International d\u00e9veloppe des plans de recherche qui s&#039;alignent sur les objectifs des clients et fournissent des r\u00e9sultats significatifs.<\/li>\n\n\n\n<li><strong>Technologie avanc\u00e9e:<\/strong> SIS exploite une technologie avanc\u00e9e et des outils num\u00e9riques pour rationaliser les processus de collecte, d&#039;analyse et de reporting des donn\u00e9es dans les \u00e9tudes de march\u00e9 sur les ch\u00e8ques en magasin. Des applications mobiles de collecte de donn\u00e9es aux logiciels de reconnaissance d&#039;images, SIS International utilise des technologies de pointe pour am\u00e9liorer l&#039;efficacit\u00e9, la pr\u00e9cision et l&#039;\u00e9volutivit\u00e9 des efforts de collecte de donn\u00e9es.<\/li>\n\n\n\n<li><strong>Port\u00e9e mondiale:<\/strong> Avec un r\u00e9seau mondial de repr\u00e9sentants sur le terrain et de partenaires de recherche, SIS International offre une couverture et une port\u00e9e \u00e9tendues pour les projets d&#039;\u00e9tudes de march\u00e9. Que les entreprises op\u00e8rent sur les march\u00e9s locaux, r\u00e9gionaux ou internationaux, SIS peut mener des recherches dans divers environnements de vente au d\u00e9tail et fournir des informations qui d\u00e9passent les fronti\u00e8res g\u00e9ographiques.<\/li>\n\n\n\n<li><strong>Informations exploitables\u00a0:<\/strong> Au-del\u00e0 de la collecte de donn\u00e9es, SIS fournit des informations et des recommandations exploitables qui permettent aux entreprises de prendre des d\u00e9cisions \u00e9clair\u00e9es et d&#039;obtenir des r\u00e9sultats tangibles. En traduisant les r\u00e9sultats de la recherche en recommandations strat\u00e9giques, SIS International aide les entreprises \u00e0 optimiser leurs strat\u00e9gies de vente au d\u00e9tail, \u00e0 am\u00e9liorer leurs performances et \u00e0 atteindre leurs objectifs commerciaux.<\/li>\n<\/ul>\n\n\n\n<p><\/p>","protected":false},"excerpt":{"rendered":"<p>L'\u00e9tude de march\u00e9 sur le contr\u00f4le des magasins est un processus de collecte de donn\u00e9es sur la disponibilit\u00e9, la tarification, le placement et la promotion des produits dans les magasins.<\/p>","protected":false},"author":1,"featured_media":62510,"parent":14457,"menu_order":40,"comment_status":"closed","ping_status":"closed","template":"","meta":{"footnotes":""},"class_list":["post-47679","page","type-page","status-publish","has-post-thumbnail"],"_links":{"self":[{"href":"https:\/\/www.sisinternational.com\/fr\/wp-json\/wp\/v2\/pages\/47679","targetHints":{"allow":["GET"]}}],"collection":[{"href":"https:\/\/www.sisinternational.com\/fr\/wp-json\/wp\/v2\/pages"}],"about":[{"href":"https:\/\/www.sisinternational.com\/fr\/wp-json\/wp\/v2\/types\/page"}],"author":[{"embeddable":true,"href":"https:\/\/www.sisinternational.com\/fr\/wp-json\/wp\/v2\/users\/1"}],"replies":[{"embeddable":true,"href":"https:\/\/www.sisinternational.com\/fr\/wp-json\/wp\/v2\/comments?post=47679"}],"version-history":[{"count":16,"href":"https:\/\/www.sisinternational.com\/fr\/wp-json\/wp\/v2\/pages\/47679\/revisions"}],"predecessor-version":[{"id":80943,"href":"https:\/\/www.sisinternational.com\/fr\/wp-json\/wp\/v2\/pages\/47679\/revisions\/80943"}],"up":[{"embeddable":true,"href":"https:\/\/www.sisinternational.com\/fr\/wp-json\/wp\/v2\/pages\/14457"}],"wp:featuredmedia":[{"embeddable":true,"href":"https:\/\/www.sisinternational.com\/fr\/wp-json\/wp\/v2\/media\/62510"}],"wp:attachment":[{"href":"https:\/\/www.sisinternational.com\/fr\/wp-json\/wp\/v2\/media?parent=47679"}],"curies":[{"name":"wp","href":"https:\/\/api.w.org\/{rel}","templated":true}]}}